{"id":28706,"date":"2024-11-25T08:55:15","date_gmt":"2024-11-25T08:55:15","guid":{"rendered":"https:\/\/kasinobonus.ai\/advertising-disclosure\/"},"modified":"2025-07-26T08:55:25","modified_gmt":"2025-07-26T08:55:25","slug":"advertising-disclosure","status":"publish","type":"page","link":"https:\/\/www.kasinobonus.ai\/no\/advertising-disclosure\/","title":{"rendered":"Reklamereglement"},"content":{"rendered":"\n<h1 class=\"wp-block-heading\"><strong>Reklamereglement<\/strong><\/h1>\n\n\n\n<p>KasinoBonus er en uavhengig institusjon som er forpliktet til \u00e5 opprettholde journalistisk etikk og integritet ved \u00e5 presentere objektive og velutforskede perspektiver.<\/p>\n\n\n\n<p>Redaksjonsteamet og de ansatte f\u00f8lger de samme kriteriene for research og skriving, og sikrer at kun den mest ekte informasjonen leveres til leseren, uten noen form for p\u00e5virkning utenfra, selv n\u00e5r vi skriver om noen som har betalt oss for \u00e5 gj\u00f8re det..<\/p>\n\n\n\n<h2 class=\"wp-block-heading\"><strong>Betalte anmeldelser<\/strong><\/h2>\n\n\n\n<p>I tilfeller der et kasinomerke har bestemt seg for \u00e5 betale oss for arbeidet vi gj\u00f8r med \u00e5 anmelde merkevaren, vil vi gjerne gj\u00f8re det og akseptere kompensasjon for v\u00e5r innsats, men v\u00e5r forskning og v\u00e5re funn vil forbli som de er, og den oppfatningen anmelderne v\u00e5re danner seg vil ikke bli p\u00e5virket av \u00f8konomiske hensyn. Med andre ord, et kasino kan betale oss for \u00e5 skrive om dem; likevel kan de ikke betale oss for \u00e5 skrive fantastiske ting.<\/p>\n\n\n\n<h2 class=\"wp-block-heading\"><strong>Betalte partnerskap<\/strong><\/h2>\n\n\n\n<p>I tilfeller der et kasinomerke gir oss \u00f8konomiske insentiver gjennom et samarbeid med KasinoBonusIO, diskuteres detaljene i kontrakten med hvert kasino individuelt. Vi kan motta \u00f8konomisk godtgj\u00f8relse for ulike aspekter av partnerskapet.<\/p>\n\n\n\n<p>Det som imidlertid er avgj\u00f8rende her, er at situasjonen for leseren, dvs. deg, den finske spilleren, forblir uendret uavhengig av hvilke kasinoer vi har samarbeidet med. Du vil alltid motta den samme n\u00f8yaktige informasjonen om hvert kasino, anmeldelsen vil alltid v\u00e6re sannferdig og basert p\u00e5 fakta, og vilk\u00e5rene i avtalen vil ikke ha noen innvirkning p\u00e5 bonusene eller noe annet du mottar fra kasinoet. V\u00e5rt partnerskap med kasinoet vil ikke koste deg noe.<\/p>\n\n\n\n<h2 class=\"wp-block-heading\"><strong>Konklusjon<\/strong><\/h2>\n\n\n\n<p>Selv om vi f\u00e5r \u00f8konomisk kompensasjon for avtalene v\u00e5re med kasinoer, setter vi grenser og lar ikke avtalene v\u00e5re p\u00e5virke finske spillere, verken positivt eller negativt.<\/p>\n\n\n\n<p>Dette er en langt strengere posisjon enn noen annen finsk nettside for kasinoanmeldelser.<\/p>\n\n\n\n<p>KasinoBonus er uvanlig ved at de ikke lar penger p\u00e5virke hvilke kasinoer som blir promotert eller skrevet om mer effektivt. Vi tar pengene, men vi lar ikke kasinoer ta fra oss ytringsfriheten v\u00e5r.<\/p>\n\n\n\n<p>Vi har hatt tilfeller f\u00f8r der et kasino betalte oss for \u00e5 gj\u00f8re en anmeldelse, og det viste seg \u00e5 v\u00e6re en forferdelig anmeldelse som advarte finske folk mot \u00e5 spille der. Det er Matti og hans integritet for deg. Finske spillere er mye viktigere for ham enn penger som kasinoet kan gi ham.<\/p>\n","protected":false},"excerpt":{"rendered":"<p>Reklamereglement KasinoBonus er en uavhengig institusjon som er forpliktet til \u00e5 opprettholde journalistisk etikk og integritet ved \u00e5 presentere objektive og velutforskede perspektiver. Redaksjonsteamet og de ansatte f\u00f8lger de samme kriteriene for research og skriving, og sikrer at kun den mest ekte informasjonen leveres til leseren, uten noen form for p\u00e5virkning utenfra, selv n\u00e5r vi [&hellip;]<\/p>\n","protected":false},"author":1,"featured_media":0,"parent":0,"menu_order":0,"comment_status":"closed","ping_status":"closed","template":"","meta":{"inline_featured_image":false,"footnotes":""},"class_list":["post-28706","page","type-page","status-publish","hentry"],"yoast_head":"<!-- This site is optimized with the Yoast SEO plugin v24.5 - https:\/\/yoast.com\/wordpress\/plugins\/seo\/ -->\n<title>Reklamereglement - www.kasinobonus.ai<\/title>\n<meta name=\"description\" content=\"KasinoBonus er en uavhengig institusjon som er forpliktet til \u00e5 opprettholde journalistisk etikk og integritet ved \u00e5 presentere objektive og velutforskede perspektiver.\" \/>\n<meta name=\"robots\" content=\"index, follow, max-snippet:-1, max-image-preview:large, max-video-preview:-1\" \/>\n<link rel=\"canonical\" href=\"https:\/\/www.kasinobonus.ai\/no\/advertising-disclosure\/\" \/>\n<script type=\"application\/ld+json\" class=\"yoast-schema-graph\">{\"@context\":\"https:\/\/schema.org\",\"@graph\":[{\"@type\":\"WebPage\",\"@id\":\"https:\/\/www.kasinobonus.ai\/no\/advertising-disclosure\/\",\"url\":\"https:\/\/www.kasinobonus.ai\/no\/advertising-disclosure\/\",\"name\":\"Reklamereglement - www.kasinobonus.ai\",\"isPartOf\":{\"@id\":\"https:\/\/www.kasinobonus.ai\/no\/#website\"},\"datePublished\":\"2024-11-25T08:55:15+00:00\",\"dateModified\":\"2025-07-26T08:55:25+00:00\",\"description\":\"KasinoBonus er en uavhengig institusjon som er forpliktet til \u00e5 opprettholde journalistisk etikk og integritet ved \u00e5 presentere objektive og velutforskede perspektiver.\",\"breadcrumb\":{\"@id\":\"https:\/\/www.kasinobonus.ai\/no\/advertising-disclosure\/#breadcrumb\"},\"inLanguage\":\"no-NO\",\"potentialAction\":[{\"@type\":\"ReadAction\",\"target\":[\"https:\/\/www.kasinobonus.ai\/no\/advertising-disclosure\/\"]}]},{\"@type\":\"BreadcrumbList\",\"@id\":\"https:\/\/www.kasinobonus.ai\/no\/advertising-disclosure\/#breadcrumb\",\"itemListElement\":[{\"@type\":\"ListItem\",\"position\":1,\"name\":\"Home\",\"item\":\"https:\/\/kasinobonus.ai\/no\/\"},{\"@type\":\"ListItem\",\"position\":2,\"name\":\"Reklamereglement\"}]},{\"@type\":\"WebSite\",\"@id\":\"https:\/\/www.kasinobonus.ai\/no\/#website\",\"url\":\"https:\/\/www.kasinobonus.ai\/no\/\",\"name\":\"www.kasinobonus.ai\",\"description\":\"\",\"publisher\":{\"@id\":\"https:\/\/www.kasinobonus.ai\/no\/#organization\"},\"potentialAction\":[{\"@type\":\"SearchAction\",\"target\":{\"@type\":\"EntryPoint\",\"urlTemplate\":\"https:\/\/www.kasinobonus.ai\/no\/?s={search_term_string}\"},\"query-input\":{\"@type\":\"PropertyValueSpecification\",\"valueRequired\":true,\"valueName\":\"search_term_string\"}}],\"inLanguage\":\"no-NO\"},{\"@type\":\"Organization\",\"@id\":\"https:\/\/www.kasinobonus.ai\/no\/#organization\",\"name\":\"KasinoBonus\",\"alternateName\":\"KasinoBonusAI\",\"url\":\"https:\/\/www.kasinobonus.ai\/no\/\",\"logo\":{\"@type\":\"ImageObject\",\"inLanguage\":\"no-NO\",\"@id\":\"https:\/\/www.kasinobonus.ai\/no\/#\/schema\/logo\/image\/\",\"url\":\"https:\/\/www.kasinobonus.ai\/wp-content\/uploads\/2023\/09\/kasinobonus-logo-light.png\",\"contentUrl\":\"https:\/\/www.kasinobonus.ai\/wp-content\/uploads\/2023\/09\/kasinobonus-logo-light.png\",\"width\":3200,\"height\":596,\"caption\":\"KasinoBonus\"},\"image\":{\"@id\":\"https:\/\/www.kasinobonus.ai\/no\/#\/schema\/logo\/image\/\"},\"sameAs\":[\"https:\/\/www.facebook.com\/kasinobonusio\/\",\"https:\/\/x.com\/Kasinobonus_io\",\"https:\/\/www.linkedin.com\/in\/matti-slotte-26612033b\",\"http:\/\/kasinobonus.wikidot.com\/system:welcome\",\"https:\/\/www.trustpilot.com\/review\/www.kasinobonus.ai\",\"https:\/\/orcid.org\/0009-0007-2889-1713\",\"https:\/\/en.everybodywiki.com\/Matti_Slotte\",\"https:\/\/www.immuniweb.com\/ssl\/kasinobonus.ai\/M4lqCqYY\/\"]}]}<\/script>\n<!-- \/ Yoast SEO plugin. -->","yoast_head_json":{"title":"Reklamereglement - www.kasinobonus.ai","description":"KasinoBonus er en uavhengig institusjon som er forpliktet til \u00e5 opprettholde journalistisk etikk og integritet ved \u00e5 presentere objektive og velutforskede perspektiver.","robots":{"index":"index","follow":"follow","max-snippet":"max-snippet:-1","max-image-preview":"max-image-preview:large","max-video-preview":"max-video-preview:-1"},"canonical":"https:\/\/www.kasinobonus.ai\/no\/advertising-disclosure\/","schema":{"@context":"https:\/\/schema.org","@graph":[{"@type":"WebPage","@id":"https:\/\/www.kasinobonus.ai\/no\/advertising-disclosure\/","url":"https:\/\/www.kasinobonus.ai\/no\/advertising-disclosure\/","name":"Reklamereglement - www.kasinobonus.ai","isPartOf":{"@id":"https:\/\/www.kasinobonus.ai\/no\/#website"},"datePublished":"2024-11-25T08:55:15+00:00","dateModified":"2025-07-26T08:55:25+00:00","description":"KasinoBonus er en uavhengig institusjon som er forpliktet til \u00e5 opprettholde journalistisk etikk og integritet ved \u00e5 presentere objektive og velutforskede perspektiver.","breadcrumb":{"@id":"https:\/\/www.kasinobonus.ai\/no\/advertising-disclosure\/#breadcrumb"},"inLanguage":"no-NO","potentialAction":[{"@type":"ReadAction","target":["https:\/\/www.kasinobonus.ai\/no\/advertising-disclosure\/"]}]},{"@type":"BreadcrumbList","@id":"https:\/\/www.kasinobonus.ai\/no\/advertising-disclosure\/#breadcrumb","itemListElement":[{"@type":"ListItem","position":1,"name":"Home","item":"https:\/\/kasinobonus.ai\/no\/"},{"@type":"ListItem","position":2,"name":"Reklamereglement"}]},{"@type":"WebSite","@id":"https:\/\/www.kasinobonus.ai\/no\/#website","url":"https:\/\/www.kasinobonus.ai\/no\/","name":"www.kasinobonus.ai","description":"","publisher":{"@id":"https:\/\/www.kasinobonus.ai\/no\/#organization"},"potentialAction":[{"@type":"SearchAction","target":{"@type":"EntryPoint","urlTemplate":"https:\/\/www.kasinobonus.ai\/no\/?s={search_term_string}"},"query-input":{"@type":"PropertyValueSpecification","valueRequired":true,"valueName":"search_term_string"}}],"inLanguage":"no-NO"},{"@type":"Organization","@id":"https:\/\/www.kasinobonus.ai\/no\/#organization","name":"KasinoBonus","alternateName":"KasinoBonusAI","url":"https:\/\/www.kasinobonus.ai\/no\/","logo":{"@type":"ImageObject","inLanguage":"no-NO","@id":"https:\/\/www.kasinobonus.ai\/no\/#\/schema\/logo\/image\/","url":"https:\/\/www.kasinobonus.ai\/wp-content\/uploads\/2023\/09\/kasinobonus-logo-light.png","contentUrl":"https:\/\/www.kasinobonus.ai\/wp-content\/uploads\/2023\/09\/kasinobonus-logo-light.png","width":3200,"height":596,"caption":"KasinoBonus"},"image":{"@id":"https:\/\/www.kasinobonus.ai\/no\/#\/schema\/logo\/image\/"},"sameAs":["https:\/\/www.facebook.com\/kasinobonusio\/","https:\/\/x.com\/Kasinobonus_io","https:\/\/www.linkedin.com\/in\/matti-slotte-26612033b","http:\/\/kasinobonus.wikidot.com\/system:welcome","https:\/\/www.trustpilot.com\/review\/www.kasinobonus.ai","https:\/\/orcid.org\/0009-0007-2889-1713","https:\/\/en.everybodywiki.com\/Matti_Slotte","https:\/\/www.immuniweb.com\/ssl\/kasinobonus.ai\/M4lqCqYY\/"]}]}},"_links":{"self":[{"href":"https:\/\/www.kasinobonus.ai\/no\/wp-json\/wp\/v2\/pages\/28706","targetHints":{"allow":["GET"]}}],"collection":[{"href":"https:\/\/www.kasinobonus.ai\/no\/wp-json\/wp\/v2\/pages"}],"about":[{"href":"https:\/\/www.kasinobonus.ai\/no\/wp-json\/wp\/v2\/types\/page"}],"author":[{"embeddable":true,"href":"https:\/\/www.kasinobonus.ai\/no\/wp-json\/wp\/v2\/users\/1"}],"replies":[{"embeddable":true,"href":"https:\/\/www.kasinobonus.ai\/no\/wp-json\/wp\/v2\/comments?post=28706"}],"version-history":[{"count":5,"href":"https:\/\/www.kasinobonus.ai\/no\/wp-json\/wp\/v2\/pages\/28706\/revisions"}],"predecessor-version":[{"id":34437,"href":"https:\/\/www.kasinobonus.ai\/no\/wp-json\/wp\/v2\/pages\/28706\/revisions\/34437"}],"wp:attachment":[{"href":"https:\/\/www.kasinobonus.ai\/no\/wp-json\/wp\/v2\/media?parent=28706"}],"curies":[{"name":"wp","href":"https:\/\/api.w.org\/{rel}","templated":true}]}}