{"id":17757,"date":"2024-06-06T04:32:20","date_gmt":"2024-06-06T04:32:20","guid":{"rendered":"https:\/\/kasinobonus.ai\/25-ilmaiskierrosta-ilman-talletusta\/"},"modified":"2025-07-13T20:40:55","modified_gmt":"2025-07-13T20:40:55","slug":"25-gratisspinn-uten-innskudd","status":"publish","type":"page","link":"https:\/\/www.kasinobonus.ai\/no\/25-gratisspinn-uten-innskudd\/","title":{"rendered":"25 Gratisspinn Uten Innskudd"},"content":{"rendered":"\n<h1 class=\"wp-block-heading\">25 Gratisspinn Uten Innskudd i Norge<\/h1>\n\n\n\n<p>Dagen jeg oppdaget et tilbud p\u00e5 25 gratisspinn uten innskudd var en stor dag for meg.&nbsp; Jada, jeg hadde spilt noen nettkasinoer f\u00f8r, men det \u00e5 kunne snurre hjulene gratis \u2013 ingen risiko, ingen bekymringer \u2013 var en stor ting!<\/p>\n\n\n\n<p>Jeg minnes ekstasen jeg f\u00f8lte da jeg f\u00f8rst gjorde krav p\u00e5 det tilbudet, siden det ikke bare lot meg teste en rekke spilleautomater gratis, men det ga meg ogs\u00e5 en legitim sjanse til \u00e5 tjene penger uten \u00e5 risikere noen av mine egne! I dag skal jeg vise deg de 25 beste <a href=\"https:\/\/www.kasinobonus.ai\/no\/gratisspinn\/\">gratisspinnene<\/a> uten innskuddsbonuser tilgjengelig i Storbritannia, samt hvordan du kan \u00f8ke vinnersjansene dine.<\/p>\n\n\n\n<h2 class=\"wp-block-heading\">Kasinoer som tilbyr 25 gratisspinnbonuser uten innskudd 2025<\/h2>\n\n\n\n<p>Jeg elsker denne typen tilbud fordi de er den ultimate m\u00e5ten \u00e5 f\u00e5 en f\u00f8lelse av et nytt casino p\u00e5. Du kan dykke rett inn i handlingen, sjekke spillutvalget deres og se om siden passer deg. Selvf\u00f8lgelig, hvis du klarer \u00e5 vinne \u2013 det er prikken over i-en!<\/p>\n\n\n<p>[brand_table template=&#8221;table_style_1.php&#8221; country=&#8221;NO&#8221; bonus_type=&#8221;no_deposit&#8221;]<\/p>\n\n\n\n<p>For \u00e5 kreve spinnene dine, velger du et av casinoene ovenfor, oppretter en konto, og bonusen din skal vises p\u00e5 den nye kontoen din raskere enn du kan si \u201cKia ora!\u201d<\/p>\n\n\n\n<figure class=\"wp-block-image size-full\"><img decoding=\"async\" width=\"1000\" height=\"666\" src=\"https:\/\/www.kasinobonus.ai\/wp-content\/uploads\/2025\/07\/25-Gratisspinn-Uten-Innskudd.jpg\" alt=\"Gratisspinn Uten Innskudd\" class=\"wp-image-33361\" srcset=\"https:\/\/www.kasinobonus.ai\/wp-content\/uploads\/2025\/07\/25-Gratisspinn-Uten-Innskudd.jpg 1000w, https:\/\/www.kasinobonus.ai\/wp-content\/uploads\/2025\/07\/25-Gratisspinn-Uten-Innskudd-300x200.jpg 300w, https:\/\/www.kasinobonus.ai\/wp-content\/uploads\/2025\/07\/25-Gratisspinn-Uten-Innskudd-768x511.jpg 768w, https:\/\/www.kasinobonus.ai\/wp-content\/uploads\/2025\/07\/25-Gratisspinn-Uten-Innskudd-110x73.jpg 110w, https:\/\/www.kasinobonus.ai\/wp-content\/uploads\/2025\/07\/25-Gratisspinn-Uten-Innskudd-575x383.jpg 575w\" sizes=\"(max-width: 1000px) 100vw, 1000px\" \/><\/figure>\n\n\n\n<h2 class=\"wp-block-heading\">Hvordan vi vurderer og velger kasinoer<\/h2>\n\n\n\n<p>KasinoBonus tuller ikke n\u00e5r det kommer til anmeldelser. Vi unders\u00f8ker alt fra lisensinformasjon \u2013 for \u00e5 sikre at et nettsted er helt legitimt \u2013 til antall tilgjengelige spill og programvareleverand\u00f8rene.<\/p>\n\n\n\n<p>Vi utf\u00f8rer alltid v\u00e5re egne innskudd med ekte penger &#8211; og oppgir alltid \u00e6rlig informasjon om utbetalingstider, kundest\u00f8ttefasiliteter og eventuelle utfordringer vi m\u00f8ter.<\/p>\n\n\n\n<h2 class=\"wp-block-heading\"><strong>Fordeler og Ulemper<\/strong><\/h2>\n\n\n\n<figure class=\"wp-block-image size-full\"><img decoding=\"async\" width=\"1000\" height=\"666\" src=\"https:\/\/www.kasinobonus.ai\/wp-content\/uploads\/2025\/06\/KB-Gratisspinn.jpg\" alt=\"Gratisspinn\" class=\"wp-image-29887\" srcset=\"https:\/\/www.kasinobonus.ai\/wp-content\/uploads\/2025\/06\/KB-Gratisspinn.jpg 1000w, https:\/\/www.kasinobonus.ai\/wp-content\/uploads\/2025\/06\/KB-Gratisspinn-300x200.jpg 300w, https:\/\/www.kasinobonus.ai\/wp-content\/uploads\/2025\/06\/KB-Gratisspinn-768x511.jpg 768w, https:\/\/www.kasinobonus.ai\/wp-content\/uploads\/2025\/06\/KB-Gratisspinn-110x73.jpg 110w, https:\/\/www.kasinobonus.ai\/wp-content\/uploads\/2025\/06\/KB-Gratisspinn-575x383.jpg 575w\" sizes=\"(max-width: 1000px) 100vw, 1000px\" \/><\/figure>\n\n\n\n<div class=\"wp-block-columns is-layout-flex wp-container-core-columns-is-layout-28f84493 wp-block-columns-is-layout-flex\">\n<div class=\"wp-block-column is-layout-flow wp-block-column-is-layout-flow\">\n<h3 class=\"wp-block-heading\">\u2705 Fordeler<\/h3>\n\n\n\n<ul class=\"wp-block-list\">\n<li>\u2705 Pr\u00f8v spilleautomater uten \u00e5 risikere dine egne penger<\/li>\n\n\n\n<li>\u2705 Tilbud uten innskudd tilgjengelig hos mange kasinoer<\/li>\n\n\n\n<li>\u2705 Sjanse til \u00e5 vinne ekte penger uten investering<\/li>\n\n\n\n<li>\u2705 God m\u00e5te \u00e5 utforske nye spill og leverand\u00f8rer<\/li>\n\n\n\n<li>\u2705 Nyttig for \u00e5 l\u00e6re hvordan spilleautomater fungerer<\/li>\n<\/ul>\n<\/div>\n\n\n\n<div class=\"wp-block-column is-layout-flow wp-block-column-is-layout-flow\">\n<h3 class=\"wp-block-heading\">\u274c Ulemper<\/h3>\n\n\n\n<ul class=\"wp-block-list\">\n<li>\u274c Omsetningskrav f\u00f8r uttak<\/li>\n\n\n\n<li>\u274c Ofte begrenset til bestemte spilleautomater<\/li>\n\n\n\n<li>\u274c Maksimale gevinst- eller uttaksgrenser gjelder<\/li>\n\n\n\n<li>\u274c Gratisspinn utl\u00f8per vanligvis innen 24\u201372 timer<\/li>\n\n\n\n<li>\u274c Bonusvilk\u00e5rene kan v\u00e6re strenge eller forvirrende<\/li>\n<\/ul>\n<\/div>\n<\/div>\n\n\n\n<h2 class=\"wp-block-heading\">Popul\u00e6re spilleautomater med gratisspinn-bonus<\/h2>\n\n\n\n<figure class=\"wp-block-table\"><table class=\"has-fixed-layout\"><thead><tr><th>Popul\u00e6r spilleautomat<\/th><th>Spilleverand\u00f8r<\/th><th>Gratisspinn (Bonus)<\/th><th>RTP<\/th><th>Casino<\/th><\/tr><\/thead><tbody><tr><td>Sweet\u202fBonanza<\/td><td>Pragmatic\u202fPlay<\/td><td>20 gratisspinn<\/td><td>96,51\u202f%<\/td><td>Rollino<\/td><\/tr><tr><td>Book\u202fof\u202fMuseum<\/td><td>GameArt<\/td><td>25 gratisspinn<\/td><td>96,10\u202f%<\/td><td>Horus Casino<\/td><\/tr><tr><td>Angry\u202fDogs<\/td><td>GameArt<\/td><td>25 gratisspinn<\/td><td>96,36\u202f%<\/td><td>Kryptosino<\/td><\/tr><tr><td>Hollywoof<\/td><td>GameArt<\/td><td>25 gratisspinn<\/td><td>96,10\u202f%<\/td><td>Vegaz Casino<\/td><\/tr><tr><td>Sweet\u202fBonanza<\/td><td>Pragmatic\u202fPlay<\/td><td>30 gratisspinn<\/td><td>96,51\u202f%<\/td><td>Megapari<\/td><\/tr><tr><td>Book\u202fof\u202fDead<\/td><td>Play\u2019n\u202fGO<\/td><td>25 gratisspinn<\/td><td>96,21\u202f%<\/td><td>BetMaximus<\/td><\/tr><tr><td>Ruby Win \u2013 Hold the Spin<\/td><td>Gamzix<\/td><td>25 gratisspinn<\/td><td>96,00\u202f%<\/td><td>LevelUp Casino<\/td><\/tr><tr><td>Joker Stoker<\/td><td>Endorphina<\/td><td>100 gratisspinn<\/td><td>96,00\u202f%<\/td><td>BetFury<\/td><\/tr><tr><td>Bastet and Cats<\/td><td>Betfury<\/td><td>100 gratisspinn<\/td><td>96,20\u202f%<\/td><td>BetFury<\/td><\/tr><tr><td>Doors Of Fresh<\/td><td>BGaming<\/td><td>50 gratisspinn<\/td><td>96,85\u202f%<\/td><td>Fresh Casino<\/td><\/tr><tr><td>Gates of Olympus<\/td><td>Pragmatic\u202fPlay<\/td><td>50 gratisspinn<\/td><td>96,50\u202f%<\/td><td>Campeonbet<\/td><\/tr><tr><td>Alien Fruits<\/td><td>BGaming<\/td><td>50 gratisspinn<\/td><td>97,00\u202f%<\/td><td>Drip Casino<\/td><\/tr><\/tbody><\/table><\/figure>\n","protected":false},"excerpt":{"rendered":"<p>25 Gratisspinn Uten Innskudd i Norge Dagen jeg oppdaget et tilbud p\u00e5 25 gratisspinn uten innskudd var en stor dag for meg.&nbsp; Jada, jeg hadde spilt noen nettkasinoer f\u00f8r, men det \u00e5 kunne snurre hjulene gratis \u2013 ingen risiko, ingen bekymringer \u2013 var en stor ting! Jeg minnes ekstasen jeg f\u00f8lte da jeg f\u00f8rst gjorde [&hellip;]<\/p>\n","protected":false},"author":1,"featured_media":17801,"parent":0,"menu_order":0,"comment_status":"open","ping_status":"closed","template":"","meta":{"inline_featured_image":false,"footnotes":""},"class_list":["post-17757","page","type-page","status-publish","has-post-thumbnail","hentry"],"yoast_head":"<!-- This site is optimized with the Yoast SEO plugin v24.5 - https:\/\/yoast.com\/wordpress\/plugins\/seo\/ -->\n<title>25 Gratisspinn Uten Innskudd (2025) - www.kasinobonus.ai<\/title>\n<meta name=\"description\" content=\"Utnytt 25 gratisspinn uten innskudd - nyt en risikofri spillopplevelse og muligheten til \u00e5 vinne ekte penger!\" \/>\n<meta name=\"robots\" content=\"index, follow, max-snippet:-1, max-image-preview:large, max-video-preview:-1\" \/>\n<link rel=\"canonical\" href=\"https:\/\/www.kasinobonus.ai\/no\/25-gratisspinn-uten-innskudd\/\" \/>\n<script type=\"application\/ld+json\" class=\"yoast-schema-graph\">{\"@context\":\"https:\/\/schema.org\",\"@graph\":[{\"@type\":\"WebPage\",\"@id\":\"https:\/\/www.kasinobonus.ai\/no\/25-gratisspinn-uten-innskudd\/\",\"url\":\"https:\/\/www.kasinobonus.ai\/no\/25-gratisspinn-uten-innskudd\/\",\"name\":\"25 Gratisspinn Uten Innskudd (2025) - www.kasinobonus.ai\",\"isPartOf\":{\"@id\":\"https:\/\/www.kasinobonus.ai\/no\/#website\"},\"primaryImageOfPage\":{\"@id\":\"https:\/\/www.kasinobonus.ai\/no\/25-gratisspinn-uten-innskudd\/#primaryimage\"},\"image\":{\"@id\":\"https:\/\/www.kasinobonus.ai\/no\/25-gratisspinn-uten-innskudd\/#primaryimage\"},\"thumbnailUrl\":\"https:\/\/www.kasinobonus.ai\/wp-content\/uploads\/2024\/06\/25_gratisspinn_uten_innskudd.jpg\",\"datePublished\":\"2024-06-06T04:32:20+00:00\",\"dateModified\":\"2025-07-13T20:40:55+00:00\",\"description\":\"Utnytt 25 gratisspinn uten innskudd - nyt en risikofri spillopplevelse og muligheten til \u00e5 vinne ekte penger!\",\"breadcrumb\":{\"@id\":\"https:\/\/www.kasinobonus.ai\/no\/25-gratisspinn-uten-innskudd\/#breadcrumb\"},\"inLanguage\":\"no-NO\",\"potentialAction\":[{\"@type\":\"ReadAction\",\"target\":[\"https:\/\/www.kasinobonus.ai\/no\/25-gratisspinn-uten-innskudd\/\"]}]},{\"@type\":\"ImageObject\",\"inLanguage\":\"no-NO\",\"@id\":\"https:\/\/www.kasinobonus.ai\/no\/25-gratisspinn-uten-innskudd\/#primaryimage\",\"url\":\"https:\/\/www.kasinobonus.ai\/wp-content\/uploads\/2024\/06\/25_gratisspinn_uten_innskudd.jpg\",\"contentUrl\":\"https:\/\/www.kasinobonus.ai\/wp-content\/uploads\/2024\/06\/25_gratisspinn_uten_innskudd.jpg\",\"width\":1200,\"height\":628,\"caption\":\"25 gratisspinn uten innskudd\"},{\"@type\":\"BreadcrumbList\",\"@id\":\"https:\/\/www.kasinobonus.ai\/no\/25-gratisspinn-uten-innskudd\/#breadcrumb\",\"itemListElement\":[{\"@type\":\"ListItem\",\"position\":1,\"name\":\"Home\",\"item\":\"https:\/\/kasinobonus.ai\/no\/\"},{\"@type\":\"ListItem\",\"position\":2,\"name\":\"25 Gratisspinn Uten Innskudd\"}]},{\"@type\":\"WebSite\",\"@id\":\"https:\/\/www.kasinobonus.ai\/no\/#website\",\"url\":\"https:\/\/www.kasinobonus.ai\/no\/\",\"name\":\"www.kasinobonus.ai\",\"description\":\"\",\"publisher\":{\"@id\":\"https:\/\/www.kasinobonus.ai\/no\/#organization\"},\"potentialAction\":[{\"@type\":\"SearchAction\",\"target\":{\"@type\":\"EntryPoint\",\"urlTemplate\":\"https:\/\/www.kasinobonus.ai\/no\/?s={search_term_string}\"},\"query-input\":{\"@type\":\"PropertyValueSpecification\",\"valueRequired\":true,\"valueName\":\"search_term_string\"}}],\"inLanguage\":\"no-NO\"},{\"@type\":\"Organization\",\"@id\":\"https:\/\/www.kasinobonus.ai\/no\/#organization\",\"name\":\"KasinoBonus\",\"alternateName\":\"KasinoBonusAI\",\"url\":\"https:\/\/www.kasinobonus.ai\/no\/\",\"logo\":{\"@type\":\"ImageObject\",\"inLanguage\":\"no-NO\",\"@id\":\"https:\/\/www.kasinobonus.ai\/no\/#\/schema\/logo\/image\/\",\"url\":\"https:\/\/www.kasinobonus.ai\/wp-content\/uploads\/2023\/09\/kasinobonus-logo-light.png\",\"contentUrl\":\"https:\/\/www.kasinobonus.ai\/wp-content\/uploads\/2023\/09\/kasinobonus-logo-light.png\",\"width\":3200,\"height\":596,\"caption\":\"KasinoBonus\"},\"image\":{\"@id\":\"https:\/\/www.kasinobonus.ai\/no\/#\/schema\/logo\/image\/\"},\"sameAs\":[\"https:\/\/www.facebook.com\/kasinobonusio\/\",\"https:\/\/x.com\/Kasinobonus_io\",\"https:\/\/www.linkedin.com\/in\/matti-slotte-26612033b\",\"http:\/\/kasinobonus.wikidot.com\/system:welcome\",\"https:\/\/www.trustpilot.com\/review\/www.kasinobonus.ai\",\"https:\/\/orcid.org\/0009-0007-2889-1713\",\"https:\/\/en.everybodywiki.com\/Matti_Slotte\",\"https:\/\/www.immuniweb.com\/ssl\/kasinobonus.ai\/M4lqCqYY\/\"]}]}<\/script>\n<!-- \/ Yoast SEO plugin. -->","yoast_head_json":{"title":"25 Gratisspinn Uten Innskudd (2025) - www.kasinobonus.ai","description":"Utnytt 25 gratisspinn uten innskudd - nyt en risikofri spillopplevelse og muligheten til \u00e5 vinne ekte penger!","robots":{"index":"index","follow":"follow","max-snippet":"max-snippet:-1","max-image-preview":"max-image-preview:large","max-video-preview":"max-video-preview:-1"},"canonical":"https:\/\/www.kasinobonus.ai\/no\/25-gratisspinn-uten-innskudd\/","schema":{"@context":"https:\/\/schema.org","@graph":[{"@type":"WebPage","@id":"https:\/\/www.kasinobonus.ai\/no\/25-gratisspinn-uten-innskudd\/","url":"https:\/\/www.kasinobonus.ai\/no\/25-gratisspinn-uten-innskudd\/","name":"25 Gratisspinn Uten Innskudd (2025) - www.kasinobonus.ai","isPartOf":{"@id":"https:\/\/www.kasinobonus.ai\/no\/#website"},"primaryImageOfPage":{"@id":"https:\/\/www.kasinobonus.ai\/no\/25-gratisspinn-uten-innskudd\/#primaryimage"},"image":{"@id":"https:\/\/www.kasinobonus.ai\/no\/25-gratisspinn-uten-innskudd\/#primaryimage"},"thumbnailUrl":"https:\/\/www.kasinobonus.ai\/wp-content\/uploads\/2024\/06\/25_gratisspinn_uten_innskudd.jpg","datePublished":"2024-06-06T04:32:20+00:00","dateModified":"2025-07-13T20:40:55+00:00","description":"Utnytt 25 gratisspinn uten innskudd - nyt en risikofri spillopplevelse og muligheten til \u00e5 vinne ekte penger!","breadcrumb":{"@id":"https:\/\/www.kasinobonus.ai\/no\/25-gratisspinn-uten-innskudd\/#breadcrumb"},"inLanguage":"no-NO","potentialAction":[{"@type":"ReadAction","target":["https:\/\/www.kasinobonus.ai\/no\/25-gratisspinn-uten-innskudd\/"]}]},{"@type":"ImageObject","inLanguage":"no-NO","@id":"https:\/\/www.kasinobonus.ai\/no\/25-gratisspinn-uten-innskudd\/#primaryimage","url":"https:\/\/www.kasinobonus.ai\/wp-content\/uploads\/2024\/06\/25_gratisspinn_uten_innskudd.jpg","contentUrl":"https:\/\/www.kasinobonus.ai\/wp-content\/uploads\/2024\/06\/25_gratisspinn_uten_innskudd.jpg","width":1200,"height":628,"caption":"25 gratisspinn uten innskudd"},{"@type":"BreadcrumbList","@id":"https:\/\/www.kasinobonus.ai\/no\/25-gratisspinn-uten-innskudd\/#breadcrumb","itemListElement":[{"@type":"ListItem","position":1,"name":"Home","item":"https:\/\/kasinobonus.ai\/no\/"},{"@type":"ListItem","position":2,"name":"25 Gratisspinn Uten Innskudd"}]},{"@type":"WebSite","@id":"https:\/\/www.kasinobonus.ai\/no\/#website","url":"https:\/\/www.kasinobonus.ai\/no\/","name":"www.kasinobonus.ai","description":"","publisher":{"@id":"https:\/\/www.kasinobonus.ai\/no\/#organization"},"potentialAction":[{"@type":"SearchAction","target":{"@type":"EntryPoint","urlTemplate":"https:\/\/www.kasinobonus.ai\/no\/?s={search_term_string}"},"query-input":{"@type":"PropertyValueSpecification","valueRequired":true,"valueName":"search_term_string"}}],"inLanguage":"no-NO"},{"@type":"Organization","@id":"https:\/\/www.kasinobonus.ai\/no\/#organization","name":"KasinoBonus","alternateName":"KasinoBonusAI","url":"https:\/\/www.kasinobonus.ai\/no\/","logo":{"@type":"ImageObject","inLanguage":"no-NO","@id":"https:\/\/www.kasinobonus.ai\/no\/#\/schema\/logo\/image\/","url":"https:\/\/www.kasinobonus.ai\/wp-content\/uploads\/2023\/09\/kasinobonus-logo-light.png","contentUrl":"https:\/\/www.kasinobonus.ai\/wp-content\/uploads\/2023\/09\/kasinobonus-logo-light.png","width":3200,"height":596,"caption":"KasinoBonus"},"image":{"@id":"https:\/\/www.kasinobonus.ai\/no\/#\/schema\/logo\/image\/"},"sameAs":["https:\/\/www.facebook.com\/kasinobonusio\/","https:\/\/x.com\/Kasinobonus_io","https:\/\/www.linkedin.com\/in\/matti-slotte-26612033b","http:\/\/kasinobonus.wikidot.com\/system:welcome","https:\/\/www.trustpilot.com\/review\/www.kasinobonus.ai","https:\/\/orcid.org\/0009-0007-2889-1713","https:\/\/en.everybodywiki.com\/Matti_Slotte","https:\/\/www.immuniweb.com\/ssl\/kasinobonus.ai\/M4lqCqYY\/"]}]}},"_links":{"self":[{"href":"https:\/\/www.kasinobonus.ai\/no\/wp-json\/wp\/v2\/pages\/17757","targetHints":{"allow":["GET"]}}],"collection":[{"href":"https:\/\/www.kasinobonus.ai\/no\/wp-json\/wp\/v2\/pages"}],"about":[{"href":"https:\/\/www.kasinobonus.ai\/no\/wp-json\/wp\/v2\/types\/page"}],"author":[{"embeddable":true,"href":"https:\/\/www.kasinobonus.ai\/no\/wp-json\/wp\/v2\/users\/1"}],"replies":[{"embeddable":true,"href":"https:\/\/www.kasinobonus.ai\/no\/wp-json\/wp\/v2\/comments?post=17757"}],"version-history":[{"count":4,"href":"https:\/\/www.kasinobonus.ai\/no\/wp-json\/wp\/v2\/pages\/17757\/revisions"}],"predecessor-version":[{"id":33535,"href":"https:\/\/www.kasinobonus.ai\/no\/wp-json\/wp\/v2\/pages\/17757\/revisions\/33535"}],"wp:featuredmedia":[{"embeddable":true,"href":"https:\/\/www.kasinobonus.ai\/no\/wp-json\/wp\/v2\/media\/17801"}],"wp:attachment":[{"href":"https:\/\/www.kasinobonus.ai\/no\/wp-json\/wp\/v2\/media?parent=17757"}],"curies":[{"name":"wp","href":"https:\/\/api.w.org\/{rel}","templated":true}]}}