{"id":9106,"date":"2023-08-29T13:54:22","date_gmt":"2023-08-29T13:54:22","guid":{"rendered":"http:\/\/kasinobonus.ai.dedivirt842.your-server.de\/100-talletusbonus\/"},"modified":"2025-07-13T20:06:18","modified_gmt":"2025-07-13T20:06:18","slug":"100-stortingsbonus","status":"publish","type":"page","link":"https:\/\/www.kasinobonus.ai\/nl\/100-stortingsbonus\/","title":{"rendered":"100% Stortingsbonus"},"content":{"rendered":"\n<h1 class=\"wp-block-heading\">100% Stortingsbonus &#8211; Verdubbel Je Speelgeld<\/h1>\n\n\n\n<p>Een 100% stortingsbonus is \u00e9\u00e9n van de meest voorkomende \u00e9n aantrekkelijkste aanbiedingen bij online casino\u2019s. Of je nu voor het eerst speelt of al terugkerende speler bent: met deze bonus verdubbel je je eerste storting. Vaak wordt dit ook wel een \u201c100% bonus op je storting\u201d genoemd.<\/p>\n\n\n\n<p>Vandaag neem ik je mee langs de beste 100% stortingsbonussen van dit moment. Je ontdekt hoe ze precies werken \u00e9n waar je op moet letten in de voorwaarden.<\/p>\n\n\n\n<h2 class=\"wp-block-heading\">Casino\u2019s met een 100% Bonus 2025<\/h2>\n\n\n\n<p>Tegenwoordig bieden bijna alle online casino\u2019s een <a href=\"https:\/\/www.kasinobonus.ai\/nl\/stortingsbonussen\/\">stortingsbonus<\/a> aan, waarbij 100% de meest gangbare vorm is. Hieronder vind je een lijst met de beste casino\u2019s die op dit moment een 100% stortingsbonus aanbieden \u2013 allemaal legaal, veilig en met eerlijke bonusvoorwaarden.<\/p>\n\n\n<p>[brand_table template=&#8221;table_style_1.php&#8221; country=&#8221;NL&#8221; bonus=&#8221;&#8221;]<\/p>\n\n\n\n<p>Zie je een bonus (of casino) die je aanspreekt? Klik dan gewoon op \u201cNu Spelen\u201d, meld je aan en doe je eerste storting om meteen van start te gaan!<\/p>\n\n\n\n<figure class=\"wp-block-image size-full\"><img decoding=\"async\" width=\"1000\" height=\"666\" src=\"https:\/\/www.kasinobonus.ai\/wp-content\/uploads\/2025\/07\/100-Stortingsbonus.jpg\" alt=\"% Stortingsbonus\" class=\"wp-image-32964\" srcset=\"https:\/\/www.kasinobonus.ai\/wp-content\/uploads\/2025\/07\/100-Stortingsbonus.jpg 1000w, https:\/\/www.kasinobonus.ai\/wp-content\/uploads\/2025\/07\/100-Stortingsbonus-300x200.jpg 300w, https:\/\/www.kasinobonus.ai\/wp-content\/uploads\/2025\/07\/100-Stortingsbonus-768x511.jpg 768w, https:\/\/www.kasinobonus.ai\/wp-content\/uploads\/2025\/07\/100-Stortingsbonus-110x73.jpg 110w, https:\/\/www.kasinobonus.ai\/wp-content\/uploads\/2025\/07\/100-Stortingsbonus-575x383.jpg 575w\" sizes=\"(max-width: 1000px) 100vw, 1000px\" \/><\/figure>\n\n\n\n<h2 class=\"wp-block-heading\">Hoe Wij Casino\u2019s Beoordelen<\/h2>\n\n\n\n<p>Bij KasinoBonus zijn we kritisch op wat we aanraden. We raden alleen casino\u2019s aan die we z\u00e9lf uitgebreid hebben getest. Dat betekent: echt geld storten, de spellen uitproberen, contact opnemen met de klantenservice \u00e9n \u2013 als dat kan \u2013 ook een uitbetaling doen.<\/p>\n\n\n\n<p>Zo kunnen we je vanuit eigen ervaring vertellen wat je kunt verwachten. Eerlijk, duidelijk en zonder onzin \u2013 zodat jij weet waar je aan toe bent.<\/p>\n\n\n\n<h2 class=\"wp-block-heading\">Hoe Werkt een 100% Bonus op je Storting?<\/h2>\n\n\n\n<p>Een 100% bonus op je storting betekent dat het casino je storting euro voor euro verdubbelt. Stort je bijvoorbeeld \u20ac50, dan krijg je daar \u20ac50 bonusgeld bovenop \u2013 je hebt dan in totaal \u20ac100 om mee te spelen!<br>Sommige online casino\u2019s doen er zelfs nog een aantal gratis spins bovenop als extraatje.<\/p>\n\n\n\n<h2 class=\"wp-block-heading\"><strong>De voor- en nadelen<\/strong><\/h2>\n\n\n\n<figure class=\"wp-block-image size-full is-resized\"><img decoding=\"async\" width=\"1000\" height=\"666\" src=\"https:\/\/www.kasinobonus.ai\/wp-content\/uploads\/2025\/06\/KB-Stortingsbonussen.jpg\" alt=\"Stortingsbonussen\" class=\"wp-image-29991\" style=\"width:1180px;height:auto\" srcset=\"https:\/\/www.kasinobonus.ai\/wp-content\/uploads\/2025\/06\/KB-Stortingsbonussen.jpg 1000w, https:\/\/www.kasinobonus.ai\/wp-content\/uploads\/2025\/06\/KB-Stortingsbonussen-300x200.jpg 300w, https:\/\/www.kasinobonus.ai\/wp-content\/uploads\/2025\/06\/KB-Stortingsbonussen-768x511.jpg 768w, https:\/\/www.kasinobonus.ai\/wp-content\/uploads\/2025\/06\/KB-Stortingsbonussen-110x73.jpg 110w, https:\/\/www.kasinobonus.ai\/wp-content\/uploads\/2025\/06\/KB-Stortingsbonussen-575x383.jpg 575w\" sizes=\"(max-width: 1000px) 100vw, 1000px\" \/><\/figure>\n\n\n\n<div class=\"wp-block-columns is-layout-flex wp-container-core-columns-is-layout-28f84493 wp-block-columns-is-layout-flex\">\n<div class=\"wp-block-column is-layout-flow wp-block-column-is-layout-flow\">\n<h3 class=\"wp-block-heading\"><strong>\u2705<\/strong> Voordelen<\/h3>\n\n\n\n<ul class=\"wp-block-list\">\n<li>\u2705 Hogere bonusbedragen in vergelijking met aanbiedingen zonder storting<\/li>\n\n\n\n<li>\u2705 Geeft toegang tot welkomstpakketten en VIP-voordelen<\/li>\n\n\n\n<li>\u2705 Bevat vaak zowel bonusgeld als gratis spins<\/li>\n\n\n\n<li>\u2705 Zeer voordelig voor spelers die al van plan zijn om een storting te doen<\/li>\n\n\n\n<li>\u2705 Wordt door de meeste online casino\u2019s geaccepteerd<\/li>\n<\/ul>\n<\/div>\n\n\n\n<div class=\"wp-block-column is-layout-flow wp-block-column-is-layout-flow\">\n<h3 class=\"wp-block-heading\">\u274c Nadelen<\/h3>\n\n\n\n<ul class=\"wp-block-list\">\n<li>\u274c Er zijn inzetvereisten (soms wel 30x\u201350x de bonus)<\/li>\n\n\n\n<li>\u274c Het bonusgeld kan worden geblokkeerd totdat aan de voorwaarden is voldaan<\/li>\n\n\n\n<li>\u274c Sommige spellen zijn van het bonusspel uitgesloten<\/li>\n\n\n\n<li>\u274c Er kunnen tijdens het gebruik van de bonus maximale inzetlimieten gelden<\/li>\n\n\n\n<li>\u274c Opnames zijn vaak beperkt totdat de bonus is vrijgespeeld<\/li>\n<\/ul>\n<\/div>\n<\/div>\n\n\n\n<h2 class=\"wp-block-heading\">Beste stortingsbonussen in Nederland<\/h2>\n\n\n\n<figure class=\"wp-block-table\"><table class=\"has-fixed-layout\"><thead><tr><th>Merk<\/th><th>Bonus<\/th><th>Voorwaarden<\/th><th>Bonuscode<\/th><th>Casino Link<\/th><\/tr><\/thead><tbody><tr><td>FatPirate<\/td><td>100% tot \u20ac500 + 200 gratis spins<\/td><td>Stortingsbonus<\/td><td>\u2013<\/td><td><a href=\"https:\/\/www.kasinobonus.ai\/go\/fatpirate\">Nu spelen<\/a><\/td><\/tr><tr><td>Casinolab<\/td><td>100% tot \u20ac500 + 200 gratis spins + 1 Bonus Krab<\/td><td>Stortingsbonus<\/td><td>\u2013<\/td><td><a href=\"https:\/\/www.kasinobonus.ai\/go\/Casinolab\">Nu spelen<\/a><\/td><\/tr><tr><td>Wbetz<\/td><td>50 Freespins \u2013 geen storting + 225% tot \u20ac450 + 250 FS<\/td><td>Geen storting + stortingsbonus<\/td><td>BLITZ3<\/td><td><a href=\"https:\/\/www.kasinobonus.ai\/go\/wbetz\">Nu spelen<\/a><\/td><\/tr><tr><td>BetMaximus<\/td><td>25 Freespins \u2013 geen storting + 300% tot \u20ac300<\/td><td>Geen storting + stortingsbonus (35x inzet)<\/td><td>BOOK25 \/ KB300<\/td><td><a href=\"https:\/\/www.kasinobonus.ai\/go\/betmaximus\">Nu spelen<\/a><\/td><\/tr><tr><td>BetFury<\/td><td>100 gratis spins zonder storting + 200% tot $500<\/td><td>Geen storting + stortingsbonus<\/td><td>KASINOBONUS<\/td><td><a href=\"https:\/\/www.kasinobonus.ai\/go\/betfury\">Nu spelen<\/a><\/td><\/tr><\/tbody><\/table><\/figure>\n","protected":false},"excerpt":{"rendered":"<p>100% Stortingsbonus &#8211; Verdubbel Je Speelgeld Een 100% stortingsbonus is \u00e9\u00e9n van de meest voorkomende \u00e9n aantrekkelijkste aanbiedingen bij online casino\u2019s. Of je nu voor het eerst speelt of al terugkerende speler bent: met deze bonus verdubbel je je eerste storting. Vaak wordt dit ook wel een \u201c100% bonus op je storting\u201d genoemd. Vandaag neem [&hellip;]<\/p>\n","protected":false},"author":1,"featured_media":11732,"parent":0,"menu_order":0,"comment_status":"open","ping_status":"closed","template":"","meta":{"inline_featured_image":false,"footnotes":""},"class_list":["post-9106","page","type-page","status-publish","has-post-thumbnail","hentry"],"yoast_head":"<!-- This site is optimized with the Yoast SEO plugin v24.5 - https:\/\/yoast.com\/wordpress\/plugins\/seo\/ -->\n<title>100% Stortingsbonus (2025) - www.kasinobonus.ai<\/title>\n<meta name=\"description\" content=\"Profiteer van de 100% stortingsbonus en verdubbel je speelgeld. Ontdek de beste casino&#039;s van 2025 die deze bonus aanbieden.\" \/>\n<meta name=\"robots\" content=\"index, follow, max-snippet:-1, max-image-preview:large, max-video-preview:-1\" \/>\n<link rel=\"canonical\" href=\"https:\/\/www.kasinobonus.ai\/nl\/100-stortingsbonus\/\" \/>\n<script type=\"application\/ld+json\" class=\"yoast-schema-graph\">{\"@context\":\"https:\/\/schema.org\",\"@graph\":[{\"@type\":\"WebPage\",\"@id\":\"https:\/\/www.kasinobonus.ai\/nl\/100-stortingsbonus\/\",\"url\":\"https:\/\/www.kasinobonus.ai\/nl\/100-stortingsbonus\/\",\"name\":\"100% Stortingsbonus (2025) - www.kasinobonus.ai\",\"isPartOf\":{\"@id\":\"https:\/\/www.kasinobonus.ai\/nl\/#website\"},\"primaryImageOfPage\":{\"@id\":\"https:\/\/www.kasinobonus.ai\/nl\/100-stortingsbonus\/#primaryimage\"},\"image\":{\"@id\":\"https:\/\/www.kasinobonus.ai\/nl\/100-stortingsbonus\/#primaryimage\"},\"thumbnailUrl\":\"https:\/\/www.kasinobonus.ai\/wp-content\/uploads\/2023\/12\/100_stortingsbonus.jpg\",\"datePublished\":\"2023-08-29T13:54:22+00:00\",\"dateModified\":\"2025-07-13T20:06:18+00:00\",\"description\":\"Profiteer van de 100% stortingsbonus en verdubbel je speelgeld. Ontdek de beste casino's van 2025 die deze bonus aanbieden.\",\"breadcrumb\":{\"@id\":\"https:\/\/www.kasinobonus.ai\/nl\/100-stortingsbonus\/#breadcrumb\"},\"inLanguage\":\"nl-NL\",\"potentialAction\":[{\"@type\":\"ReadAction\",\"target\":[\"https:\/\/www.kasinobonus.ai\/nl\/100-stortingsbonus\/\"]}]},{\"@type\":\"ImageObject\",\"inLanguage\":\"nl-NL\",\"@id\":\"https:\/\/www.kasinobonus.ai\/nl\/100-stortingsbonus\/#primaryimage\",\"url\":\"https:\/\/www.kasinobonus.ai\/wp-content\/uploads\/2023\/12\/100_stortingsbonus.jpg\",\"contentUrl\":\"https:\/\/www.kasinobonus.ai\/wp-content\/uploads\/2023\/12\/100_stortingsbonus.jpg\",\"width\":1200,\"height\":628,\"caption\":\"100 stortingsbonus\"},{\"@type\":\"BreadcrumbList\",\"@id\":\"https:\/\/www.kasinobonus.ai\/nl\/100-stortingsbonus\/#breadcrumb\",\"itemListElement\":[{\"@type\":\"ListItem\",\"position\":1,\"name\":\"Home\",\"item\":\"https:\/\/kasinobonus.ai\/nl\/\"},{\"@type\":\"ListItem\",\"position\":2,\"name\":\"100% Stortingsbonus\"}]},{\"@type\":\"WebSite\",\"@id\":\"https:\/\/www.kasinobonus.ai\/nl\/#website\",\"url\":\"https:\/\/www.kasinobonus.ai\/nl\/\",\"name\":\"www.kasinobonus.ai\",\"description\":\"\",\"publisher\":{\"@id\":\"https:\/\/www.kasinobonus.ai\/nl\/#organization\"},\"potentialAction\":[{\"@type\":\"SearchAction\",\"target\":{\"@type\":\"EntryPoint\",\"urlTemplate\":\"https:\/\/www.kasinobonus.ai\/nl\/?s={search_term_string}\"},\"query-input\":{\"@type\":\"PropertyValueSpecification\",\"valueRequired\":true,\"valueName\":\"search_term_string\"}}],\"inLanguage\":\"nl-NL\"},{\"@type\":\"Organization\",\"@id\":\"https:\/\/www.kasinobonus.ai\/nl\/#organization\",\"name\":\"KasinoBonus\",\"alternateName\":\"KasinoBonusAI\",\"url\":\"https:\/\/www.kasinobonus.ai\/nl\/\",\"logo\":{\"@type\":\"ImageObject\",\"inLanguage\":\"nl-NL\",\"@id\":\"https:\/\/www.kasinobonus.ai\/nl\/#\/schema\/logo\/image\/\",\"url\":\"https:\/\/www.kasinobonus.ai\/wp-content\/uploads\/2023\/09\/kasinobonus-logo-light.png\",\"contentUrl\":\"https:\/\/www.kasinobonus.ai\/wp-content\/uploads\/2023\/09\/kasinobonus-logo-light.png\",\"width\":3200,\"height\":596,\"caption\":\"KasinoBonus\"},\"image\":{\"@id\":\"https:\/\/www.kasinobonus.ai\/nl\/#\/schema\/logo\/image\/\"},\"sameAs\":[\"https:\/\/www.facebook.com\/kasinobonusio\/\",\"https:\/\/x.com\/Kasinobonus_io\",\"https:\/\/www.linkedin.com\/in\/matti-slotte-26612033b\",\"http:\/\/kasinobonus.wikidot.com\/system:welcome\",\"https:\/\/www.trustpilot.com\/review\/www.kasinobonus.ai\",\"https:\/\/orcid.org\/0009-0007-2889-1713\",\"https:\/\/en.everybodywiki.com\/Matti_Slotte\",\"https:\/\/www.immuniweb.com\/ssl\/kasinobonus.ai\/M4lqCqYY\/\"]}]}<\/script>\n<!-- \/ Yoast SEO plugin. -->","yoast_head_json":{"title":"100% Stortingsbonus (2025) - www.kasinobonus.ai","description":"Profiteer van de 100% stortingsbonus en verdubbel je speelgeld. Ontdek de beste casino's van 2025 die deze bonus aanbieden.","robots":{"index":"index","follow":"follow","max-snippet":"max-snippet:-1","max-image-preview":"max-image-preview:large","max-video-preview":"max-video-preview:-1"},"canonical":"https:\/\/www.kasinobonus.ai\/nl\/100-stortingsbonus\/","schema":{"@context":"https:\/\/schema.org","@graph":[{"@type":"WebPage","@id":"https:\/\/www.kasinobonus.ai\/nl\/100-stortingsbonus\/","url":"https:\/\/www.kasinobonus.ai\/nl\/100-stortingsbonus\/","name":"100% Stortingsbonus (2025) - www.kasinobonus.ai","isPartOf":{"@id":"https:\/\/www.kasinobonus.ai\/nl\/#website"},"primaryImageOfPage":{"@id":"https:\/\/www.kasinobonus.ai\/nl\/100-stortingsbonus\/#primaryimage"},"image":{"@id":"https:\/\/www.kasinobonus.ai\/nl\/100-stortingsbonus\/#primaryimage"},"thumbnailUrl":"https:\/\/www.kasinobonus.ai\/wp-content\/uploads\/2023\/12\/100_stortingsbonus.jpg","datePublished":"2023-08-29T13:54:22+00:00","dateModified":"2025-07-13T20:06:18+00:00","description":"Profiteer van de 100% stortingsbonus en verdubbel je speelgeld. Ontdek de beste casino's van 2025 die deze bonus aanbieden.","breadcrumb":{"@id":"https:\/\/www.kasinobonus.ai\/nl\/100-stortingsbonus\/#breadcrumb"},"inLanguage":"nl-NL","potentialAction":[{"@type":"ReadAction","target":["https:\/\/www.kasinobonus.ai\/nl\/100-stortingsbonus\/"]}]},{"@type":"ImageObject","inLanguage":"nl-NL","@id":"https:\/\/www.kasinobonus.ai\/nl\/100-stortingsbonus\/#primaryimage","url":"https:\/\/www.kasinobonus.ai\/wp-content\/uploads\/2023\/12\/100_stortingsbonus.jpg","contentUrl":"https:\/\/www.kasinobonus.ai\/wp-content\/uploads\/2023\/12\/100_stortingsbonus.jpg","width":1200,"height":628,"caption":"100 stortingsbonus"},{"@type":"BreadcrumbList","@id":"https:\/\/www.kasinobonus.ai\/nl\/100-stortingsbonus\/#breadcrumb","itemListElement":[{"@type":"ListItem","position":1,"name":"Home","item":"https:\/\/kasinobonus.ai\/nl\/"},{"@type":"ListItem","position":2,"name":"100% Stortingsbonus"}]},{"@type":"WebSite","@id":"https:\/\/www.kasinobonus.ai\/nl\/#website","url":"https:\/\/www.kasinobonus.ai\/nl\/","name":"www.kasinobonus.ai","description":"","publisher":{"@id":"https:\/\/www.kasinobonus.ai\/nl\/#organization"},"potentialAction":[{"@type":"SearchAction","target":{"@type":"EntryPoint","urlTemplate":"https:\/\/www.kasinobonus.ai\/nl\/?s={search_term_string}"},"query-input":{"@type":"PropertyValueSpecification","valueRequired":true,"valueName":"search_term_string"}}],"inLanguage":"nl-NL"},{"@type":"Organization","@id":"https:\/\/www.kasinobonus.ai\/nl\/#organization","name":"KasinoBonus","alternateName":"KasinoBonusAI","url":"https:\/\/www.kasinobonus.ai\/nl\/","logo":{"@type":"ImageObject","inLanguage":"nl-NL","@id":"https:\/\/www.kasinobonus.ai\/nl\/#\/schema\/logo\/image\/","url":"https:\/\/www.kasinobonus.ai\/wp-content\/uploads\/2023\/09\/kasinobonus-logo-light.png","contentUrl":"https:\/\/www.kasinobonus.ai\/wp-content\/uploads\/2023\/09\/kasinobonus-logo-light.png","width":3200,"height":596,"caption":"KasinoBonus"},"image":{"@id":"https:\/\/www.kasinobonus.ai\/nl\/#\/schema\/logo\/image\/"},"sameAs":["https:\/\/www.facebook.com\/kasinobonusio\/","https:\/\/x.com\/Kasinobonus_io","https:\/\/www.linkedin.com\/in\/matti-slotte-26612033b","http:\/\/kasinobonus.wikidot.com\/system:welcome","https:\/\/www.trustpilot.com\/review\/www.kasinobonus.ai","https:\/\/orcid.org\/0009-0007-2889-1713","https:\/\/en.everybodywiki.com\/Matti_Slotte","https:\/\/www.immuniweb.com\/ssl\/kasinobonus.ai\/M4lqCqYY\/"]}]}},"_links":{"self":[{"href":"https:\/\/www.kasinobonus.ai\/nl\/wp-json\/wp\/v2\/pages\/9106","targetHints":{"allow":["GET"]}}],"collection":[{"href":"https:\/\/www.kasinobonus.ai\/nl\/wp-json\/wp\/v2\/pages"}],"about":[{"href":"https:\/\/www.kasinobonus.ai\/nl\/wp-json\/wp\/v2\/types\/page"}],"author":[{"embeddable":true,"href":"https:\/\/www.kasinobonus.ai\/nl\/wp-json\/wp\/v2\/users\/1"}],"replies":[{"embeddable":true,"href":"https:\/\/www.kasinobonus.ai\/nl\/wp-json\/wp\/v2\/comments?post=9106"}],"version-history":[{"count":5,"href":"https:\/\/www.kasinobonus.ai\/nl\/wp-json\/wp\/v2\/pages\/9106\/revisions"}],"predecessor-version":[{"id":33227,"href":"https:\/\/www.kasinobonus.ai\/nl\/wp-json\/wp\/v2\/pages\/9106\/revisions\/33227"}],"wp:featuredmedia":[{"embeddable":true,"href":"https:\/\/www.kasinobonus.ai\/nl\/wp-json\/wp\/v2\/media\/11732"}],"wp:attachment":[{"href":"https:\/\/www.kasinobonus.ai\/nl\/wp-json\/wp\/v2\/media?parent=9106"}],"curies":[{"name":"wp","href":"https:\/\/api.w.org\/{rel}","templated":true}]}}