{"id":21885,"date":"2024-11-25T07:35:04","date_gmt":"2024-11-25T07:35:04","guid":{"rendered":"https:\/\/kasinobonus.ai\/?page_id=21885"},"modified":"2025-07-26T08:44:47","modified_gmt":"2025-07-26T08:44:47","slug":"matti-slotte","status":"publish","type":"page","link":"https:\/\/www.kasinobonus.ai\/nl\/matti-slotte\/","title":{"rendered":"Matti Slotte: stichter Kasinobonus"},"content":{"rendered":"\n<h1 class=\"wp-block-heading\">Matti Slotte: stichter Kasinobonus<\/h1>\n\n\n\n<div class=\"wp-block-media-text is-stacked-on-mobile\" style=\"grid-template-columns:24% auto\"><figure class=\"wp-block-media-text__media\"><img decoding=\"async\" width=\"512\" height=\"512\" src=\"https:\/\/www.kasinobonus.ai\/wp-content\/uploads\/2024\/11\/matti-1.webp\" alt=\"\" class=\"wp-image-21318 size-full\" srcset=\"https:\/\/www.kasinobonus.ai\/wp-content\/uploads\/2024\/11\/matti-1.webp 512w, https:\/\/www.kasinobonus.ai\/wp-content\/uploads\/2024\/11\/matti-1-300x300.webp 300w, https:\/\/www.kasinobonus.ai\/wp-content\/uploads\/2024\/11\/matti-1-150x150.webp 150w, https:\/\/www.kasinobonus.ai\/wp-content\/uploads\/2024\/11\/matti-1-110x110.webp 110w\" sizes=\"(max-width: 512px) 100vw, 512px\" \/><\/figure><div class=\"wp-block-media-text__content\">\n<p>Matti Slotte is een in Kuopio, Finland, geboren expert in online gokken en de oprichter &amp; hoofdredacteur van Kasinobonus. Met een B.Sc. in informatietechnologie van de Universiteit van Turku (2007) is hij een belangrijke vertegenwoordiger geworden van de Finse gokindustrie en staat hij bekend om zijn onbevooroordeelde casinoreviews, deskundige tips en gedetailleerde handleidingen.<\/p>\n\n\n\n<p>Op deze pagina gaan we Matti&#8217;s reis met je delen en kijken we naar de weg die hij heeft afgelegd tot waar hij nu is.<\/p>\n<\/div><\/div>\n\n\n\n<p><strong>Eerste levensjaren en opleiding<\/strong><\/p>\n\n\n\n<p>Matti Slotte is geboren en getogen in de prachtige Finse merenstad Kuopio. Hij groeide op in een hechte community omringd door meren en bossen. Al op jonge leeftijd was Matti gefascineerd door technologie en hoe deze het alledaagse leven kon veranderen.<\/p>\n\n\n\n<p>Deze passie resulteerde in een bachelor in informatietechnologie aan de <a href=\"https:\/\/www.utu.fi\/en\">Universiteit van Turku<\/a>, waar hij in 2007 afstudeerde. Zijn studietijd in Turku is de periode waarin hij grote interesse kreeg in softwareontwikkeling en online platforms &#8211; zaken die beide de basis vormden voor zijn toekomst in de iGaming-industrie.<\/p>\n\n\n\n<h2 class=\"wp-block-heading\"><strong>Kennismaking met online gokken<\/strong><\/h2>\n\n\n\n<p>Na zijn afstuderen keerde Matti terug naar Kuopio, waar hij hunkerde naar meer spanning dan zijn geboortestad te bieden had. Rond die tijd nam de populariteit van online gokken explosief toe, met games als Mega Moolah en online poker, die bij spelers over de hele wereld tot de verbeelding spraken. Matti werd aangetrokken door de snelle wereld van digitaal gokken en besloot deze nieuwe industrie te omarmen &#8211; eerst als nieuwsgierige speler, daarna als ontwikkelaar.<\/p>\n\n\n\n<h2 class=\"wp-block-heading\"><strong>Begin van de carri\u00e8re: van ontwikkelaar tot industrie-expert<\/strong><\/h2>\n\n\n\n<p>In 2008 ging Matti als junior ontwikkelaar aan de slag bij een vooraanstaand online casino, waar hij al snel met zijn technische vaardigheden en innovatieve denkwijze indruk op zijn collega&#8217;s maakte. Hij verdiepte zich in backend systemen, betalingsintegraties en affiliate marketingstrategie\u00ebn &#8211; allemaal uiterst belangrijke onderdelen van het snel evoluerende iGaming-ecosysteem. Binnen een paar jaar klom Matti op tot senior ontwikkelaar en werd hij al snel \u00e9\u00e9n van de belangrijkste figuren voor de groei en modernisering van het Finse online goklandschap.<\/p>\n\n\n\n<p>Tegelijkertijd werd Matti een belangrijke stem in de Finse online gokcommunity. Hij nam deel aan forums, deelde strategie\u00ebn om bonussen te behalen en begeleidde nieuwe spelers bij het navigeren door de soms complexe wereld van online casino&#8217;s. Het was dit dubbele perspectief &#8211; als ontwikkelaar \u00e9n als speler &#8211; dat hem een uniek inzicht gaf in wat Finse gokkers wilden: transparantie, eerlijkheid en spanning!<\/p>\n\n\n\n<h2 class=\"wp-block-heading\"><strong>Oprichting van Kasinobonus<\/strong><\/h2>\n\n\n\n<p>In 2018, na bijna tien jaar in de branche, was Matti klaar om zijn visie tot leven te brengen. Hij richtte Kasinobonus op &#8211; een platform dat Finse spelers accurate, onbevooroordeelde recensies van online casino&#8217;s geeft, plus deskundige tips en strategie\u00ebn om hen te helpen slimmer te spelen. Onder zijn leiding werd de site al snel \u00e9\u00e9n van de betrouwbaarste bronnen voor Finse gokkers die op zoek zijn naar betrouwbare informatie, exclusieve bonussen en begeleiding om hun spelervaring te maximaliseren.<\/p>\n\n\n\n<p>Matti&#8217;s missie is helder: spelers voorzien van de kennis die ze nodig hebben om verantwoord en vol vertrouwen te kunnen gokken. Hij houdt persoonlijk toezicht op elke recensie die gepubliceerd wordt op Kasinobonus en zorgt ervoor dat de content accuraat, up-to-date en onbevooroordeeld blijft. Hij werkt ook nauw samen met een team van getalenteerde schrijvers en industrie-experts om de reputatie van de site als toonaangevende autoriteit op het gebied van Finse iGaming te waarborgen.<\/p>\n\n\n\n<h2 class=\"wp-block-heading\"><strong>Matti&#8217;s carri\u00e8repad<\/strong><\/h2>\n\n\n\n<figure class=\"wp-block-table\"><table class=\"has-fixed-layout\"><tbody><tr><td>Jaar<\/td><td>Mijlpaal<\/td><\/tr><tr><td>2007<\/td><td>Bachelor of Science (IT) behaald aan de Universiteit van Turku.<\/td><\/tr><tr><td>2008-2017<\/td><td>Junior \u2192 senior ontwikkelaar bij zeer bekend online casino&nbsp;<\/td><\/tr><tr><td>2010<\/td><td>Mede het Finse Pokerforum opgericht<\/td><\/tr><tr><td>2013<\/td><td>Gecertificeerd in iGaming Compliance, Contauga Institute (informeel)<\/td><\/tr><tr><td>2015<\/td><td>Cursus SEO &amp; Affiliate Marketing, Kuopio Online Academy<\/td><\/tr><tr><td>2018<\/td><td>Oprichting KasinoBonus.oi<\/td><\/tr><tr><td>2020<\/td><td>Nam als gastspreker deel aan de Finnish Gambling Summit<\/td><\/tr><tr><td>2022<\/td><td>Uitgelicht in Pelit.fi voor deskundig commentaar<\/td><\/tr><tr><td>2024<\/td><td>Gastheer van webinar \u2018Smart Casino Bonussen\u2019 voor Scandinavische iGaming<\/td><\/tr><\/tbody><\/table><\/figure>\n\n\n\n<h2 class=\"wp-block-heading\"><\/h2>\n\n\n\n<h2 class=\"wp-block-heading\"><strong>Credentials &amp; certificeringen<\/strong><\/h2>\n\n\n\n<p>Matti Slotte is een expert op het gebied van online gokken, online casino&#8217;s en poker.<\/p>\n\n\n\n<ul class=\"wp-block-list\">\n<li><strong>iGaming Compliance (informeel)<\/strong> \u2013 Contauga Institute, 2013 (Certificaat)<\/li>\n\n\n\n<li><strong>SEO &amp; Affiliate Marketing<\/strong> \u2013 Kuopio Online Academy, 2015<\/li>\n\n\n\n<li>Regelmatige informele seminars op het gebied van beveiliging van betalingsverwerkers, GDPR en verantwoord gokken<\/li>\n<\/ul>\n\n\n\n<h2 class=\"wp-block-heading\"><strong>Contact opnemen &amp; Matti vinden<\/strong><\/h2>\n\n\n\n<p>LinkedIn: <a href=\"https:\/\/www.linkedin.com\/in\/matti%E2%80%91slotte\">Matti Slotte<\/a><\/p>\n\n\n\n<p>Twitter: <a href=\"https:\/\/x.com\/mattislotte\">https:\/\/x.com\/mattislotte<\/a><\/p>\n\n\n\n<h2 class=\"wp-block-heading\"><strong>Mijn Interviews in populaire media<\/strong><\/h2>\n\n\n\n<p>Interview in the <a href=\"https:\/\/theedinburghreporter.co.uk\/2025\/04\/an-exclusive-interview-with-matti-slottethe-future-of-online-gambling-through-an-experts-eyes\/\">Edinburgh Reporter<\/a>: De toekomst van online gokken door de ogen van een expert<\/p>\n\n\n\n<p>Interview op <a href=\"https:\/\/europeangaming.eu\/portal\/latest-news\/2024\/12\/10\/172658\/interview-with-finnish-gambling-expert-matti-slotte-talks-about-upcoming-2026-gambling-regulation\/\">European Gaming<\/a>: Finse gokexpert Matti Slotte praat over de aanstaande kansspelverordening voor 2026<\/p>\n\n\n\n<p>Interview in <a href=\"https:\/\/www.thehendonmob.com\/gambling-writer-matti-slotte-interview-how-a-finnish-it-expert-transformed-the-online-casino-market\/\">HendonMOB<\/a>: Hoe een Finse IT-expert de online casinomarkt transformeerde<\/p>\n\n\n\n<p>Interview in <a href=\"https:\/\/guardian.ng\/news\/finnish-writer-matti-slotte-interview\/\">The Guardian<\/a><\/p>\n\n\n\n<p>Interview op <a href=\"https:\/\/www.roger.com\/articles\/bonuses\/matti-slotte-kasino-bonus-review\/\">Roger.com<\/a> over eerlijkheid en transparantie in de gokindustrie<\/p>\n\n\n\n<p>Interview in <a href=\"https:\/\/www.psu.com\/news\/casino-writer-matti-slotte-exclusive-interview-the-future-of-gambling-in-finland\/\">PlayStation Universe<\/a>: de toekomst van gokken in Finland<\/p>\n\n\n\n<script type=\"application\/ld+json\">\n{\n\n\t\"@context\": \"http:\/\/schema.org\",\n\n\t\"@type\": \"Person\",\n\n\t\"familyName\": \"Slotte\",\n\n\t\"givenName\": \"Matti\",\n\n\t\"worksFor\": \"https:\/\/www.kasinobonus.ai\/\",\n\n\t\"jobTitle\": \"Gambling expert, Owner of KasinobonusIO\",\n\n\t\"alumniOf\": \"University of Turku\",\n\n\t\"image\": \"https:\/\/www.kasinobonus.ai\/wp-content\/uploads\/2024\/11\/matti-1.webp\",\n\n\t\"gender\": \"Male\",\n\n\t\"sameAs\": [\"https:\/\/x.com\/mattislotte\",\"https:\/\/www.linkedin.com\/in\/matti-slotte-26612033b\/\",\"https:\/\/en.everybodywiki.com\/Matti_Slotte\",\"https:\/\/muckrack.com\/matti-slotte\",\"https:\/\/mattislotte.com\" ]\n\n}\n<\/script>\n","protected":false},"excerpt":{"rendered":"<p>Matti Slotte: stichter Kasinobonus Matti Slotte is een in Kuopio, Finland, geboren expert in online gokken en de oprichter &amp; hoofdredacteur van Kasinobonus. Met een B.Sc. in informatietechnologie van de Universiteit van Turku (2007) is hij een belangrijke vertegenwoordiger geworden van de Finse gokindustrie en staat hij bekend om zijn onbevooroordeelde casinoreviews, deskundige tips en [&hellip;]<\/p>\n","protected":false},"author":1,"featured_media":0,"parent":0,"menu_order":0,"comment_status":"closed","ping_status":"closed","template":"","meta":{"inline_featured_image":false,"footnotes":""},"class_list":["post-21885","page","type-page","status-publish","hentry"],"yoast_head":"<!-- This site is optimized with the Yoast SEO plugin v24.5 - https:\/\/yoast.com\/wordpress\/plugins\/seo\/ -->\n<title>Matti Slotte: stichter Kasinobonus - www.kasinobonus.ai<\/title>\n<meta name=\"description\" content=\"Maak kennis met Matti Slotte \u2013 onze casino-expert die eerlijke recensies, tips en persoonlijke ervaringen deelt met Nederlandse spelers.\" \/>\n<meta name=\"robots\" content=\"index, follow, max-snippet:-1, max-image-preview:large, max-video-preview:-1\" \/>\n<link rel=\"canonical\" href=\"https:\/\/www.kasinobonus.ai\/nl\/matti-slotte\/\" \/>\n<script type=\"application\/ld+json\" class=\"yoast-schema-graph\">{\"@context\":\"https:\/\/schema.org\",\"@graph\":[{\"@type\":\"WebPage\",\"@id\":\"https:\/\/www.kasinobonus.ai\/nl\/matti-slotte\/\",\"url\":\"https:\/\/www.kasinobonus.ai\/nl\/matti-slotte\/\",\"name\":\"Matti Slotte: stichter Kasinobonus - www.kasinobonus.ai\",\"isPartOf\":{\"@id\":\"https:\/\/www.kasinobonus.ai\/nl\/#website\"},\"primaryImageOfPage\":{\"@id\":\"https:\/\/www.kasinobonus.ai\/nl\/matti-slotte\/#primaryimage\"},\"image\":{\"@id\":\"https:\/\/www.kasinobonus.ai\/nl\/matti-slotte\/#primaryimage\"},\"thumbnailUrl\":\"https:\/\/www.kasinobonus.ai\/wp-content\/uploads\/2024\/11\/matti-1.webp\",\"datePublished\":\"2024-11-25T07:35:04+00:00\",\"dateModified\":\"2025-07-26T08:44:47+00:00\",\"description\":\"Maak kennis met Matti Slotte \u2013 onze casino-expert die eerlijke recensies, tips en persoonlijke ervaringen deelt met Nederlandse spelers.\",\"breadcrumb\":{\"@id\":\"https:\/\/www.kasinobonus.ai\/nl\/matti-slotte\/#breadcrumb\"},\"inLanguage\":\"nl-NL\",\"potentialAction\":[{\"@type\":\"ReadAction\",\"target\":[\"https:\/\/www.kasinobonus.ai\/nl\/matti-slotte\/\"]}]},{\"@type\":\"ImageObject\",\"inLanguage\":\"nl-NL\",\"@id\":\"https:\/\/www.kasinobonus.ai\/nl\/matti-slotte\/#primaryimage\",\"url\":\"https:\/\/www.kasinobonus.ai\/wp-content\/uploads\/2024\/11\/matti-1.webp\",\"contentUrl\":\"https:\/\/www.kasinobonus.ai\/wp-content\/uploads\/2024\/11\/matti-1.webp\"},{\"@type\":\"BreadcrumbList\",\"@id\":\"https:\/\/www.kasinobonus.ai\/nl\/matti-slotte\/#breadcrumb\",\"itemListElement\":[{\"@type\":\"ListItem\",\"position\":1,\"name\":\"Home\",\"item\":\"https:\/\/kasinobonus.ai\/nl\/\"},{\"@type\":\"ListItem\",\"position\":2,\"name\":\"Matti Slotte: stichter Kasinobonus\"}]},{\"@type\":\"WebSite\",\"@id\":\"https:\/\/www.kasinobonus.ai\/nl\/#website\",\"url\":\"https:\/\/www.kasinobonus.ai\/nl\/\",\"name\":\"www.kasinobonus.ai\",\"description\":\"\",\"publisher\":{\"@id\":\"https:\/\/www.kasinobonus.ai\/nl\/#organization\"},\"potentialAction\":[{\"@type\":\"SearchAction\",\"target\":{\"@type\":\"EntryPoint\",\"urlTemplate\":\"https:\/\/www.kasinobonus.ai\/nl\/?s={search_term_string}\"},\"query-input\":{\"@type\":\"PropertyValueSpecification\",\"valueRequired\":true,\"valueName\":\"search_term_string\"}}],\"inLanguage\":\"nl-NL\"},{\"@type\":\"Organization\",\"@id\":\"https:\/\/www.kasinobonus.ai\/nl\/#organization\",\"name\":\"KasinoBonus\",\"alternateName\":\"KasinoBonusAI\",\"url\":\"https:\/\/www.kasinobonus.ai\/nl\/\",\"logo\":{\"@type\":\"ImageObject\",\"inLanguage\":\"nl-NL\",\"@id\":\"https:\/\/www.kasinobonus.ai\/nl\/#\/schema\/logo\/image\/\",\"url\":\"https:\/\/www.kasinobonus.ai\/wp-content\/uploads\/2023\/09\/kasinobonus-logo-light.png\",\"contentUrl\":\"https:\/\/www.kasinobonus.ai\/wp-content\/uploads\/2023\/09\/kasinobonus-logo-light.png\",\"width\":3200,\"height\":596,\"caption\":\"KasinoBonus\"},\"image\":{\"@id\":\"https:\/\/www.kasinobonus.ai\/nl\/#\/schema\/logo\/image\/\"},\"sameAs\":[\"https:\/\/www.facebook.com\/kasinobonusio\/\",\"https:\/\/x.com\/Kasinobonus_io\",\"https:\/\/www.linkedin.com\/in\/matti-slotte-26612033b\",\"http:\/\/kasinobonus.wikidot.com\/system:welcome\",\"https:\/\/www.trustpilot.com\/review\/www.kasinobonus.ai\",\"https:\/\/orcid.org\/0009-0007-2889-1713\",\"https:\/\/en.everybodywiki.com\/Matti_Slotte\",\"https:\/\/www.immuniweb.com\/ssl\/kasinobonus.ai\/M4lqCqYY\/\"]}]}<\/script>\n<!-- \/ Yoast SEO plugin. -->","yoast_head_json":{"title":"Matti Slotte: stichter Kasinobonus - www.kasinobonus.ai","description":"Maak kennis met Matti Slotte \u2013 onze casino-expert die eerlijke recensies, tips en persoonlijke ervaringen deelt met Nederlandse spelers.","robots":{"index":"index","follow":"follow","max-snippet":"max-snippet:-1","max-image-preview":"max-image-preview:large","max-video-preview":"max-video-preview:-1"},"canonical":"https:\/\/www.kasinobonus.ai\/nl\/matti-slotte\/","schema":{"@context":"https:\/\/schema.org","@graph":[{"@type":"WebPage","@id":"https:\/\/www.kasinobonus.ai\/nl\/matti-slotte\/","url":"https:\/\/www.kasinobonus.ai\/nl\/matti-slotte\/","name":"Matti Slotte: stichter Kasinobonus - www.kasinobonus.ai","isPartOf":{"@id":"https:\/\/www.kasinobonus.ai\/nl\/#website"},"primaryImageOfPage":{"@id":"https:\/\/www.kasinobonus.ai\/nl\/matti-slotte\/#primaryimage"},"image":{"@id":"https:\/\/www.kasinobonus.ai\/nl\/matti-slotte\/#primaryimage"},"thumbnailUrl":"https:\/\/www.kasinobonus.ai\/wp-content\/uploads\/2024\/11\/matti-1.webp","datePublished":"2024-11-25T07:35:04+00:00","dateModified":"2025-07-26T08:44:47+00:00","description":"Maak kennis met Matti Slotte \u2013 onze casino-expert die eerlijke recensies, tips en persoonlijke ervaringen deelt met Nederlandse spelers.","breadcrumb":{"@id":"https:\/\/www.kasinobonus.ai\/nl\/matti-slotte\/#breadcrumb"},"inLanguage":"nl-NL","potentialAction":[{"@type":"ReadAction","target":["https:\/\/www.kasinobonus.ai\/nl\/matti-slotte\/"]}]},{"@type":"ImageObject","inLanguage":"nl-NL","@id":"https:\/\/www.kasinobonus.ai\/nl\/matti-slotte\/#primaryimage","url":"https:\/\/www.kasinobonus.ai\/wp-content\/uploads\/2024\/11\/matti-1.webp","contentUrl":"https:\/\/www.kasinobonus.ai\/wp-content\/uploads\/2024\/11\/matti-1.webp"},{"@type":"BreadcrumbList","@id":"https:\/\/www.kasinobonus.ai\/nl\/matti-slotte\/#breadcrumb","itemListElement":[{"@type":"ListItem","position":1,"name":"Home","item":"https:\/\/kasinobonus.ai\/nl\/"},{"@type":"ListItem","position":2,"name":"Matti Slotte: stichter Kasinobonus"}]},{"@type":"WebSite","@id":"https:\/\/www.kasinobonus.ai\/nl\/#website","url":"https:\/\/www.kasinobonus.ai\/nl\/","name":"www.kasinobonus.ai","description":"","publisher":{"@id":"https:\/\/www.kasinobonus.ai\/nl\/#organization"},"potentialAction":[{"@type":"SearchAction","target":{"@type":"EntryPoint","urlTemplate":"https:\/\/www.kasinobonus.ai\/nl\/?s={search_term_string}"},"query-input":{"@type":"PropertyValueSpecification","valueRequired":true,"valueName":"search_term_string"}}],"inLanguage":"nl-NL"},{"@type":"Organization","@id":"https:\/\/www.kasinobonus.ai\/nl\/#organization","name":"KasinoBonus","alternateName":"KasinoBonusAI","url":"https:\/\/www.kasinobonus.ai\/nl\/","logo":{"@type":"ImageObject","inLanguage":"nl-NL","@id":"https:\/\/www.kasinobonus.ai\/nl\/#\/schema\/logo\/image\/","url":"https:\/\/www.kasinobonus.ai\/wp-content\/uploads\/2023\/09\/kasinobonus-logo-light.png","contentUrl":"https:\/\/www.kasinobonus.ai\/wp-content\/uploads\/2023\/09\/kasinobonus-logo-light.png","width":3200,"height":596,"caption":"KasinoBonus"},"image":{"@id":"https:\/\/www.kasinobonus.ai\/nl\/#\/schema\/logo\/image\/"},"sameAs":["https:\/\/www.facebook.com\/kasinobonusio\/","https:\/\/x.com\/Kasinobonus_io","https:\/\/www.linkedin.com\/in\/matti-slotte-26612033b","http:\/\/kasinobonus.wikidot.com\/system:welcome","https:\/\/www.trustpilot.com\/review\/www.kasinobonus.ai","https:\/\/orcid.org\/0009-0007-2889-1713","https:\/\/en.everybodywiki.com\/Matti_Slotte","https:\/\/www.immuniweb.com\/ssl\/kasinobonus.ai\/M4lqCqYY\/"]}]}},"_links":{"self":[{"href":"https:\/\/www.kasinobonus.ai\/nl\/wp-json\/wp\/v2\/pages\/21885","targetHints":{"allow":["GET"]}}],"collection":[{"href":"https:\/\/www.kasinobonus.ai\/nl\/wp-json\/wp\/v2\/pages"}],"about":[{"href":"https:\/\/www.kasinobonus.ai\/nl\/wp-json\/wp\/v2\/types\/page"}],"author":[{"embeddable":true,"href":"https:\/\/www.kasinobonus.ai\/nl\/wp-json\/wp\/v2\/users\/1"}],"replies":[{"embeddable":true,"href":"https:\/\/www.kasinobonus.ai\/nl\/wp-json\/wp\/v2\/comments?post=21885"}],"version-history":[{"count":5,"href":"https:\/\/www.kasinobonus.ai\/nl\/wp-json\/wp\/v2\/pages\/21885\/revisions"}],"predecessor-version":[{"id":34426,"href":"https:\/\/www.kasinobonus.ai\/nl\/wp-json\/wp\/v2\/pages\/21885\/revisions\/34426"}],"wp:attachment":[{"href":"https:\/\/www.kasinobonus.ai\/nl\/wp-json\/wp\/v2\/media?parent=21885"}],"curies":[{"name":"wp","href":"https:\/\/api.w.org\/{rel}","templated":true}]}}