{"id":34493,"date":"2025-07-25T11:49:05","date_gmt":"2025-07-25T11:49:05","guid":{"rendered":"https:\/\/www.kasinobonus.ai\/acerca-de-jean-pierre-lemoine-inspector-de-casinos\/"},"modified":"2025-07-28T15:13:52","modified_gmt":"2025-07-28T15:13:52","slug":"acerca-de-jean-pierre-lemoine-inspector-de-casinos","status":"publish","type":"page","link":"https:\/\/www.kasinobonus.ai\/es\/acerca-de-jean-pierre-lemoine-inspector-de-casinos\/","title":{"rendered":"Acerca de Jean-Pierre Lemoine &#8211; Inspector de casinos"},"content":{"rendered":"\n<h1 class=\"wp-block-heading\">Acerca de Jean-Pierre Lemoine &#8211; Inspector de casinos<\/h1>\n\n<div class=\"wp-block-media-text is-stacked-on-mobile\"><figure class=\"wp-block-media-text__media\"><img decoding=\"async\" width=\"1024\" height=\"576\" src=\"https:\/\/www.kasinobonus.ai\/wp-content\/uploads\/2025\/07\/Jean-Pierre-Lemoine-1024x576.png\" alt=\"Jean Pierre Lemoine\" class=\"wp-image-34320 size-full\" srcset=\"https:\/\/www.kasinobonus.ai\/wp-content\/uploads\/2025\/07\/Jean-Pierre-Lemoine-1024x576.png 1024w, https:\/\/www.kasinobonus.ai\/wp-content\/uploads\/2025\/07\/Jean-Pierre-Lemoine-300x169.png 300w, https:\/\/www.kasinobonus.ai\/wp-content\/uploads\/2025\/07\/Jean-Pierre-Lemoine-768x432.png 768w, https:\/\/www.kasinobonus.ai\/wp-content\/uploads\/2025\/07\/Jean-Pierre-Lemoine-1536x864.png 1536w, https:\/\/www.kasinobonus.ai\/wp-content\/uploads\/2025\/07\/Jean-Pierre-Lemoine-110x62.png 110w, https:\/\/www.kasinobonus.ai\/wp-content\/uploads\/2025\/07\/Jean-Pierre-Lemoine-1180x664.png 1180w, https:\/\/www.kasinobonus.ai\/wp-content\/uploads\/2025\/07\/Jean-Pierre-Lemoine-575x324.png 575w, https:\/\/www.kasinobonus.ai\/wp-content\/uploads\/2025\/07\/Jean-Pierre-Lemoine.png 1820w\" sizes=\"(max-width: 1024px) 100vw, 1024px\" \/><\/figure><div class=\"wp-block-media-text__content\">\n<p>Jean-Pierre Lemoine, nacido el 5 de diciembre de 1985 en Montreal, es un experto canadiense en casinos que estudi\u00f3 Inform\u00e1tica <a href=\"https:\/\/www.mcgill.ca\/\">en la Universidad McGill.<\/a> Comenz\u00f3 su carrera en Espacejeux en 2018, donde adquiri\u00f3 experiencia pr\u00e1ctica en plataformas de juego reguladas y desarroll\u00f3 un profundo conocimiento de los algoritmos de equidad y las pr\u00e1cticas de juego responsable.  <br\/><br\/><\/p>\n<\/div><\/div>\n\n<p>En la actualidad, Jean-Pierre se centra en la verificaci\u00f3n de casinos online y la comprobaci\u00f3n de hechos, garantizando transparencia y precisi\u00f3n a los jugadores de todo el mundo. A menudo colabora con el analista finland\u00e9s de juegos de azar Matti Slotte, combinando sus conocimientos t\u00e9cnicos con una perspectiva centrada en el jugador para elaborar informes fiables sobre bonificaciones, seguridad de los sitios y equidad del RNG.   <br\/><\/p>\n\n<h2 class=\"wp-block-heading\">Trayectoria profesional de Jean-Pierre<\/h2>\n\n<figure class=\"wp-block-table\"><table class=\"has-fixed-layout\"><thead><tr><th class=\"has-text-align-left\" data-align=\"left\">A\u00f1o<\/th><th class=\"has-text-align-left\" data-align=\"left\">Etapa profesional<\/th><\/tr><\/thead><tbody><tr><td class=\"has-text-align-left\" data-align=\"left\">2007<\/td><td class=\"has-text-align-left\" data-align=\"left\">Licenciado en Inform\u00e1tica por la Universidad McGill<\/td><\/tr><tr><td class=\"has-text-align-left\" data-align=\"left\">2007-2009<\/td><td class=\"has-text-align-left\" data-align=\"left\">Trabaj\u00f3 en startups desarrollando software para casinos online<\/td><\/tr><tr><td class=\"has-text-align-left\" data-align=\"left\">2010<\/td><td class=\"has-text-align-left\" data-align=\"left\">Pon en marcha peque\u00f1os proyectos para mejorar el acceso de los jugadores a las ofertas de bonificaci\u00f3n<\/td><\/tr><tr><td class=\"has-text-align-left\" data-align=\"left\">2018<\/td><td class=\"has-text-align-left\" data-align=\"left\">Incorporaci\u00f3n a Espacejeux &#8211; el servicio oficial de casino en l\u00ednea de Loto-Qu\u00e9bec<\/td><\/tr><tr><td class=\"has-text-align-left\" data-align=\"left\">2022<\/td><td class=\"has-text-align-left\" data-align=\"left\">Inicio de la cooperaci\u00f3n con el experto finland\u00e9s en juegos de azar Matti Slotte<\/td><\/tr><tr><td class=\"has-text-align-left\" data-align=\"left\">2023<\/td><td class=\"has-text-align-left\" data-align=\"left\">Contribuci\u00f3n al desarrollo de herramientas de verificaci\u00f3n de primas<\/td><\/tr><tr><td class=\"has-text-align-left\" data-align=\"left\">2024<\/td><td class=\"has-text-align-left\" data-align=\"left\">Fund\u00f3 ToursGratuits, una plataforma centrada en giros gratis sin dep\u00f3sito canadienses<\/td><\/tr><tr><td class=\"has-text-align-left\" data-align=\"left\">2024<\/td><td class=\"has-text-align-left\" data-align=\"left\">Se uni\u00f3 al equipo de KasinoBonus como auditor de casinos y verificador de hechos<\/td><\/tr><\/tbody><\/table><\/figure>\n","protected":false},"excerpt":{"rendered":"<p>Acerca de Jean-Pierre Lemoine &#8211; Inspector de casinos Jean-Pierre Lemoine, nacido el 5 de diciembre de 1985 en Montreal, es un experto canadiense en casinos que estudi\u00f3 Inform\u00e1tica en la Universidad McGill. Comenz\u00f3 su carrera en Espacejeux en 2018, donde adquiri\u00f3 experiencia pr\u00e1ctica en plataformas de juego reguladas y desarroll\u00f3 un profundo conocimiento de los [&hellip;]<\/p>\n","protected":false},"author":1,"featured_media":0,"parent":0,"menu_order":0,"comment_status":"closed","ping_status":"closed","template":"page-clean.php","meta":{"inline_featured_image":false,"footnotes":""},"class_list":["post-34493","page","type-page","status-publish","hentry"],"yoast_head":"<!-- This site is optimized with the Yoast SEO plugin v24.5 - https:\/\/yoast.com\/wordpress\/plugins\/seo\/ -->\n<title>Acerca de Jean-Pierre Lemoine - Inspector de casinos - www.kasinobonus.ai<\/title>\n<meta name=\"robots\" content=\"index, follow, max-snippet:-1, max-image-preview:large, max-video-preview:-1\" \/>\n<link rel=\"canonical\" href=\"https:\/\/www.kasinobonus.ai\/es\/acerca-de-jean-pierre-lemoine-inspector-de-casinos\/\" \/>\n<script type=\"application\/ld+json\" class=\"yoast-schema-graph\">{\"@context\":\"https:\/\/schema.org\",\"@graph\":[{\"@type\":\"WebPage\",\"@id\":\"https:\/\/www.kasinobonus.ai\/es\/acerca-de-jean-pierre-lemoine-inspector-de-casinos\/\",\"url\":\"https:\/\/www.kasinobonus.ai\/es\/acerca-de-jean-pierre-lemoine-inspector-de-casinos\/\",\"name\":\"Acerca de Jean-Pierre Lemoine - Inspector de casinos - www.kasinobonus.ai\",\"isPartOf\":{\"@id\":\"https:\/\/www.kasinobonus.ai\/es\/#website\"},\"primaryImageOfPage\":{\"@id\":\"https:\/\/www.kasinobonus.ai\/es\/acerca-de-jean-pierre-lemoine-inspector-de-casinos\/#primaryimage\"},\"image\":{\"@id\":\"https:\/\/www.kasinobonus.ai\/es\/acerca-de-jean-pierre-lemoine-inspector-de-casinos\/#primaryimage\"},\"thumbnailUrl\":\"https:\/\/www.kasinobonus.ai\/wp-content\/uploads\/2025\/07\/Jean-Pierre-Lemoine-1024x576.png\",\"datePublished\":\"2025-07-25T11:49:05+00:00\",\"dateModified\":\"2025-07-28T15:13:52+00:00\",\"breadcrumb\":{\"@id\":\"https:\/\/www.kasinobonus.ai\/es\/acerca-de-jean-pierre-lemoine-inspector-de-casinos\/#breadcrumb\"},\"inLanguage\":\"es\",\"potentialAction\":[{\"@type\":\"ReadAction\",\"target\":[\"https:\/\/www.kasinobonus.ai\/es\/acerca-de-jean-pierre-lemoine-inspector-de-casinos\/\"]}]},{\"@type\":\"ImageObject\",\"inLanguage\":\"es\",\"@id\":\"https:\/\/www.kasinobonus.ai\/es\/acerca-de-jean-pierre-lemoine-inspector-de-casinos\/#primaryimage\",\"url\":\"https:\/\/www.kasinobonus.ai\/wp-content\/uploads\/2025\/07\/Jean-Pierre-Lemoine-1024x576.png\",\"contentUrl\":\"https:\/\/www.kasinobonus.ai\/wp-content\/uploads\/2025\/07\/Jean-Pierre-Lemoine-1024x576.png\"},{\"@type\":\"BreadcrumbList\",\"@id\":\"https:\/\/www.kasinobonus.ai\/es\/acerca-de-jean-pierre-lemoine-inspector-de-casinos\/#breadcrumb\",\"itemListElement\":[{\"@type\":\"ListItem\",\"position\":1,\"name\":\"Home\",\"item\":\"https:\/\/kasinobonus.ai\/es\/\"},{\"@type\":\"ListItem\",\"position\":2,\"name\":\"Acerca de Jean-Pierre Lemoine &#8211; Inspector de casinos\"}]},{\"@type\":\"WebSite\",\"@id\":\"https:\/\/www.kasinobonus.ai\/es\/#website\",\"url\":\"https:\/\/www.kasinobonus.ai\/es\/\",\"name\":\"www.kasinobonus.ai\",\"description\":\"\",\"publisher\":{\"@id\":\"https:\/\/www.kasinobonus.ai\/es\/#organization\"},\"potentialAction\":[{\"@type\":\"SearchAction\",\"target\":{\"@type\":\"EntryPoint\",\"urlTemplate\":\"https:\/\/www.kasinobonus.ai\/es\/?s={search_term_string}\"},\"query-input\":{\"@type\":\"PropertyValueSpecification\",\"valueRequired\":true,\"valueName\":\"search_term_string\"}}],\"inLanguage\":\"es\"},{\"@type\":\"Organization\",\"@id\":\"https:\/\/www.kasinobonus.ai\/es\/#organization\",\"name\":\"KasinoBonus\",\"alternateName\":\"KasinoBonusAI\",\"url\":\"https:\/\/www.kasinobonus.ai\/es\/\",\"logo\":{\"@type\":\"ImageObject\",\"inLanguage\":\"es\",\"@id\":\"https:\/\/www.kasinobonus.ai\/es\/#\/schema\/logo\/image\/\",\"url\":\"https:\/\/www.kasinobonus.ai\/wp-content\/uploads\/2023\/09\/kasinobonus-logo-light.png\",\"contentUrl\":\"https:\/\/www.kasinobonus.ai\/wp-content\/uploads\/2023\/09\/kasinobonus-logo-light.png\",\"width\":3200,\"height\":596,\"caption\":\"KasinoBonus\"},\"image\":{\"@id\":\"https:\/\/www.kasinobonus.ai\/es\/#\/schema\/logo\/image\/\"},\"sameAs\":[\"https:\/\/www.facebook.com\/kasinobonusio\/\",\"https:\/\/x.com\/Kasinobonus_io\",\"https:\/\/www.linkedin.com\/in\/matti-slotte-26612033b\",\"http:\/\/kasinobonus.wikidot.com\/system:welcome\",\"https:\/\/www.trustpilot.com\/review\/www.kasinobonus.ai\",\"https:\/\/orcid.org\/0009-0007-2889-1713\",\"https:\/\/en.everybodywiki.com\/Matti_Slotte\",\"https:\/\/www.immuniweb.com\/ssl\/kasinobonus.ai\/M4lqCqYY\/\"]}]}<\/script>\n<!-- \/ Yoast SEO plugin. -->","yoast_head_json":{"title":"Acerca de Jean-Pierre Lemoine - Inspector de casinos - www.kasinobonus.ai","robots":{"index":"index","follow":"follow","max-snippet":"max-snippet:-1","max-image-preview":"max-image-preview:large","max-video-preview":"max-video-preview:-1"},"canonical":"https:\/\/www.kasinobonus.ai\/es\/acerca-de-jean-pierre-lemoine-inspector-de-casinos\/","schema":{"@context":"https:\/\/schema.org","@graph":[{"@type":"WebPage","@id":"https:\/\/www.kasinobonus.ai\/es\/acerca-de-jean-pierre-lemoine-inspector-de-casinos\/","url":"https:\/\/www.kasinobonus.ai\/es\/acerca-de-jean-pierre-lemoine-inspector-de-casinos\/","name":"Acerca de Jean-Pierre Lemoine - Inspector de casinos - www.kasinobonus.ai","isPartOf":{"@id":"https:\/\/www.kasinobonus.ai\/es\/#website"},"primaryImageOfPage":{"@id":"https:\/\/www.kasinobonus.ai\/es\/acerca-de-jean-pierre-lemoine-inspector-de-casinos\/#primaryimage"},"image":{"@id":"https:\/\/www.kasinobonus.ai\/es\/acerca-de-jean-pierre-lemoine-inspector-de-casinos\/#primaryimage"},"thumbnailUrl":"https:\/\/www.kasinobonus.ai\/wp-content\/uploads\/2025\/07\/Jean-Pierre-Lemoine-1024x576.png","datePublished":"2025-07-25T11:49:05+00:00","dateModified":"2025-07-28T15:13:52+00:00","breadcrumb":{"@id":"https:\/\/www.kasinobonus.ai\/es\/acerca-de-jean-pierre-lemoine-inspector-de-casinos\/#breadcrumb"},"inLanguage":"es","potentialAction":[{"@type":"ReadAction","target":["https:\/\/www.kasinobonus.ai\/es\/acerca-de-jean-pierre-lemoine-inspector-de-casinos\/"]}]},{"@type":"ImageObject","inLanguage":"es","@id":"https:\/\/www.kasinobonus.ai\/es\/acerca-de-jean-pierre-lemoine-inspector-de-casinos\/#primaryimage","url":"https:\/\/www.kasinobonus.ai\/wp-content\/uploads\/2025\/07\/Jean-Pierre-Lemoine-1024x576.png","contentUrl":"https:\/\/www.kasinobonus.ai\/wp-content\/uploads\/2025\/07\/Jean-Pierre-Lemoine-1024x576.png"},{"@type":"BreadcrumbList","@id":"https:\/\/www.kasinobonus.ai\/es\/acerca-de-jean-pierre-lemoine-inspector-de-casinos\/#breadcrumb","itemListElement":[{"@type":"ListItem","position":1,"name":"Home","item":"https:\/\/kasinobonus.ai\/es\/"},{"@type":"ListItem","position":2,"name":"Acerca de Jean-Pierre Lemoine &#8211; Inspector de casinos"}]},{"@type":"WebSite","@id":"https:\/\/www.kasinobonus.ai\/es\/#website","url":"https:\/\/www.kasinobonus.ai\/es\/","name":"www.kasinobonus.ai","description":"","publisher":{"@id":"https:\/\/www.kasinobonus.ai\/es\/#organization"},"potentialAction":[{"@type":"SearchAction","target":{"@type":"EntryPoint","urlTemplate":"https:\/\/www.kasinobonus.ai\/es\/?s={search_term_string}"},"query-input":{"@type":"PropertyValueSpecification","valueRequired":true,"valueName":"search_term_string"}}],"inLanguage":"es"},{"@type":"Organization","@id":"https:\/\/www.kasinobonus.ai\/es\/#organization","name":"KasinoBonus","alternateName":"KasinoBonusAI","url":"https:\/\/www.kasinobonus.ai\/es\/","logo":{"@type":"ImageObject","inLanguage":"es","@id":"https:\/\/www.kasinobonus.ai\/es\/#\/schema\/logo\/image\/","url":"https:\/\/www.kasinobonus.ai\/wp-content\/uploads\/2023\/09\/kasinobonus-logo-light.png","contentUrl":"https:\/\/www.kasinobonus.ai\/wp-content\/uploads\/2023\/09\/kasinobonus-logo-light.png","width":3200,"height":596,"caption":"KasinoBonus"},"image":{"@id":"https:\/\/www.kasinobonus.ai\/es\/#\/schema\/logo\/image\/"},"sameAs":["https:\/\/www.facebook.com\/kasinobonusio\/","https:\/\/x.com\/Kasinobonus_io","https:\/\/www.linkedin.com\/in\/matti-slotte-26612033b","http:\/\/kasinobonus.wikidot.com\/system:welcome","https:\/\/www.trustpilot.com\/review\/www.kasinobonus.ai","https:\/\/orcid.org\/0009-0007-2889-1713","https:\/\/en.everybodywiki.com\/Matti_Slotte","https:\/\/www.immuniweb.com\/ssl\/kasinobonus.ai\/M4lqCqYY\/"]}]}},"_links":{"self":[{"href":"https:\/\/www.kasinobonus.ai\/es\/wp-json\/wp\/v2\/pages\/34493","targetHints":{"allow":["GET"]}}],"collection":[{"href":"https:\/\/www.kasinobonus.ai\/es\/wp-json\/wp\/v2\/pages"}],"about":[{"href":"https:\/\/www.kasinobonus.ai\/es\/wp-json\/wp\/v2\/types\/page"}],"author":[{"embeddable":true,"href":"https:\/\/www.kasinobonus.ai\/es\/wp-json\/wp\/v2\/users\/1"}],"replies":[{"embeddable":true,"href":"https:\/\/www.kasinobonus.ai\/es\/wp-json\/wp\/v2\/comments?post=34493"}],"version-history":[{"count":2,"href":"https:\/\/www.kasinobonus.ai\/es\/wp-json\/wp\/v2\/pages\/34493\/revisions"}],"predecessor-version":[{"id":35066,"href":"https:\/\/www.kasinobonus.ai\/es\/wp-json\/wp\/v2\/pages\/34493\/revisions\/35066"}],"wp:attachment":[{"href":"https:\/\/www.kasinobonus.ai\/es\/wp-json\/wp\/v2\/media?parent=34493"}],"curies":[{"name":"wp","href":"https:\/\/api.w.org\/{rel}","templated":true}]}}