{"id":21468,"date":"2024-11-25T08:53:00","date_gmt":"2024-11-25T08:53:00","guid":{"rendered":"https:\/\/kasinobonus.ai\/gambling-law\/"},"modified":"2025-06-15T09:56:12","modified_gmt":"2025-06-15T09:56:12","slug":"gambling-law","status":"publish","type":"page","link":"https:\/\/www.kasinobonus.ai\/es\/gambling-law\/","title":{"rendered":"Ley del juego"},"content":{"rendered":"\n<h1 class=\"wp-block-heading\"><strong>Ley de Juego en Espa\u00f1a<\/strong><\/h1>\n\n\n\n<p>Espa\u00f1a cuenta con un mercado de juego basado en licencias, donde el organismo regulador (Direcci\u00f3n General de Ordenaci\u00f3n del Juego, DGOJ) otorga licencias a los operadores que deben ofrecer sus servicios a los ciudadanos espa\u00f1oles. La Ley 13\/2011 establece que el estado tiene el monopolio sobre la loter\u00eda y que el juego en l\u00ednea requiere que se emita una licencia al operador. El juego en el sitio est\u00e1 fuera del alcance de la Ley 13\/2011 y es regulado por cada comunidad aut\u00f3noma de manera individual.<\/p>\n\n\n\n<h3 class=\"wp-block-heading\">Regulaciones sobre Publicidad y Juego Responsable<\/h3>\n\n\n\n<p>Desde 2011, el regulador ha ido endureciendo progresivamente las regulaciones sobre publicidad y promoviendo medidas de juego responsable. El sistema regulador espa\u00f1ol puede considerarse restrictivo, pero alcanzable para la mayor\u00eda de los operadores.<\/p>\n\n\n\n<h3 class=\"wp-block-heading\">Multas a Operadores No Licenciados<\/h3>\n\n\n\n<p>Espa\u00f1a es conocida por imponer multas a los operadores no licenciados. En la primera mitad de 2023, el Ministerio de Consumo emiti\u00f3 multas a 30 operadores en l\u00ednea que sumaron un total de 71 millones de euros, con una multa m\u00e1xima de 5 millones de euros impuesta a 14 operadores que pose\u00edan una licencia de Curazao. Los otros 16 casos fueron multas a operadores con licencia espa\u00f1ola, que variaron entre 25,000 y 105,000 euros por diversas infracciones regulatorias.<\/p>\n\n\n\n<h3 class=\"wp-block-heading\">El Mercado Negro del Juego<\/h3>\n\n\n\n<p>Espa\u00f1a enfrenta un mercado negro considerable, ya que, a pesar de ofrecer la oportunidad de obtener una licencia para ofrecer servicios de juego de manera legal, un gran n\u00famero de operadores opta por eludir el r\u00e9gimen regulador, consider\u00e1ndolo demasiado estricto.<\/p>\n","protected":false},"excerpt":{"rendered":"<p>Ley de Juego en Espa\u00f1a Espa\u00f1a cuenta con un mercado de juego basado en licencias, donde el organismo regulador (Direcci\u00f3n General de Ordenaci\u00f3n del Juego, DGOJ) otorga licencias a los operadores que deben ofrecer sus servicios a los ciudadanos espa\u00f1oles. La Ley 13\/2011 establece que el estado tiene el monopolio sobre la loter\u00eda y que [&hellip;]<\/p>\n","protected":false},"author":1,"featured_media":0,"parent":0,"menu_order":0,"comment_status":"closed","ping_status":"closed","template":"","meta":{"inline_featured_image":false,"footnotes":""},"class_list":["post-21468","page","type-page","status-publish","hentry"],"yoast_head":"<!-- This site is optimized with the Yoast SEO plugin v24.5 - https:\/\/yoast.com\/wordpress\/plugins\/seo\/ -->\n<title>Ley del juego - www.kasinobonus.ai<\/title>\n<meta name=\"description\" content=\"Inf\u00f3rmate sobre las leyes y regulaciones del juego online en Espa\u00f1a. Conoce tus derechos, restricciones y c\u00f3mo jugar de forma legal y segura.\" \/>\n<meta name=\"robots\" content=\"index, follow, max-snippet:-1, max-image-preview:large, max-video-preview:-1\" \/>\n<link rel=\"canonical\" href=\"https:\/\/www.kasinobonus.ai\/es\/gambling-law\/\" \/>\n<script type=\"application\/ld+json\" class=\"yoast-schema-graph\">{\"@context\":\"https:\/\/schema.org\",\"@graph\":[{\"@type\":\"WebPage\",\"@id\":\"https:\/\/www.kasinobonus.ai\/es\/gambling-law\/\",\"url\":\"https:\/\/www.kasinobonus.ai\/es\/gambling-law\/\",\"name\":\"Ley del juego - www.kasinobonus.ai\",\"isPartOf\":{\"@id\":\"https:\/\/www.kasinobonus.ai\/es\/#website\"},\"datePublished\":\"2024-11-25T08:53:00+00:00\",\"dateModified\":\"2025-06-15T09:56:12+00:00\",\"description\":\"Inf\u00f3rmate sobre las leyes y regulaciones del juego online en Espa\u00f1a. Conoce tus derechos, restricciones y c\u00f3mo jugar de forma legal y segura.\",\"breadcrumb\":{\"@id\":\"https:\/\/www.kasinobonus.ai\/es\/gambling-law\/#breadcrumb\"},\"inLanguage\":\"es\",\"potentialAction\":[{\"@type\":\"ReadAction\",\"target\":[\"https:\/\/www.kasinobonus.ai\/es\/gambling-law\/\"]}]},{\"@type\":\"BreadcrumbList\",\"@id\":\"https:\/\/www.kasinobonus.ai\/es\/gambling-law\/#breadcrumb\",\"itemListElement\":[{\"@type\":\"ListItem\",\"position\":1,\"name\":\"Home\",\"item\":\"https:\/\/kasinobonus.ai\/es\/\"},{\"@type\":\"ListItem\",\"position\":2,\"name\":\"Ley del juego\"}]},{\"@type\":\"WebSite\",\"@id\":\"https:\/\/www.kasinobonus.ai\/es\/#website\",\"url\":\"https:\/\/www.kasinobonus.ai\/es\/\",\"name\":\"www.kasinobonus.ai\",\"description\":\"\",\"publisher\":{\"@id\":\"https:\/\/www.kasinobonus.ai\/es\/#organization\"},\"potentialAction\":[{\"@type\":\"SearchAction\",\"target\":{\"@type\":\"EntryPoint\",\"urlTemplate\":\"https:\/\/www.kasinobonus.ai\/es\/?s={search_term_string}\"},\"query-input\":{\"@type\":\"PropertyValueSpecification\",\"valueRequired\":true,\"valueName\":\"search_term_string\"}}],\"inLanguage\":\"es\"},{\"@type\":\"Organization\",\"@id\":\"https:\/\/www.kasinobonus.ai\/es\/#organization\",\"name\":\"KasinoBonus\",\"alternateName\":\"KasinoBonusAI\",\"url\":\"https:\/\/www.kasinobonus.ai\/es\/\",\"logo\":{\"@type\":\"ImageObject\",\"inLanguage\":\"es\",\"@id\":\"https:\/\/www.kasinobonus.ai\/es\/#\/schema\/logo\/image\/\",\"url\":\"https:\/\/www.kasinobonus.ai\/wp-content\/uploads\/2023\/09\/kasinobonus-logo-light.png\",\"contentUrl\":\"https:\/\/www.kasinobonus.ai\/wp-content\/uploads\/2023\/09\/kasinobonus-logo-light.png\",\"width\":3200,\"height\":596,\"caption\":\"KasinoBonus\"},\"image\":{\"@id\":\"https:\/\/www.kasinobonus.ai\/es\/#\/schema\/logo\/image\/\"},\"sameAs\":[\"https:\/\/www.facebook.com\/kasinobonusio\/\",\"https:\/\/x.com\/Kasinobonus_io\",\"https:\/\/www.linkedin.com\/in\/matti-slotte-26612033b\",\"http:\/\/kasinobonus.wikidot.com\/system:welcome\",\"https:\/\/www.trustpilot.com\/review\/www.kasinobonus.ai\",\"https:\/\/orcid.org\/0009-0007-2889-1713\",\"https:\/\/en.everybodywiki.com\/Matti_Slotte\",\"https:\/\/www.immuniweb.com\/ssl\/kasinobonus.ai\/M4lqCqYY\/\"]}]}<\/script>\n<!-- \/ Yoast SEO plugin. -->","yoast_head_json":{"title":"Ley del juego - www.kasinobonus.ai","description":"Inf\u00f3rmate sobre las leyes y regulaciones del juego online en Espa\u00f1a. Conoce tus derechos, restricciones y c\u00f3mo jugar de forma legal y segura.","robots":{"index":"index","follow":"follow","max-snippet":"max-snippet:-1","max-image-preview":"max-image-preview:large","max-video-preview":"max-video-preview:-1"},"canonical":"https:\/\/www.kasinobonus.ai\/es\/gambling-law\/","schema":{"@context":"https:\/\/schema.org","@graph":[{"@type":"WebPage","@id":"https:\/\/www.kasinobonus.ai\/es\/gambling-law\/","url":"https:\/\/www.kasinobonus.ai\/es\/gambling-law\/","name":"Ley del juego - www.kasinobonus.ai","isPartOf":{"@id":"https:\/\/www.kasinobonus.ai\/es\/#website"},"datePublished":"2024-11-25T08:53:00+00:00","dateModified":"2025-06-15T09:56:12+00:00","description":"Inf\u00f3rmate sobre las leyes y regulaciones del juego online en Espa\u00f1a. Conoce tus derechos, restricciones y c\u00f3mo jugar de forma legal y segura.","breadcrumb":{"@id":"https:\/\/www.kasinobonus.ai\/es\/gambling-law\/#breadcrumb"},"inLanguage":"es","potentialAction":[{"@type":"ReadAction","target":["https:\/\/www.kasinobonus.ai\/es\/gambling-law\/"]}]},{"@type":"BreadcrumbList","@id":"https:\/\/www.kasinobonus.ai\/es\/gambling-law\/#breadcrumb","itemListElement":[{"@type":"ListItem","position":1,"name":"Home","item":"https:\/\/kasinobonus.ai\/es\/"},{"@type":"ListItem","position":2,"name":"Ley del juego"}]},{"@type":"WebSite","@id":"https:\/\/www.kasinobonus.ai\/es\/#website","url":"https:\/\/www.kasinobonus.ai\/es\/","name":"www.kasinobonus.ai","description":"","publisher":{"@id":"https:\/\/www.kasinobonus.ai\/es\/#organization"},"potentialAction":[{"@type":"SearchAction","target":{"@type":"EntryPoint","urlTemplate":"https:\/\/www.kasinobonus.ai\/es\/?s={search_term_string}"},"query-input":{"@type":"PropertyValueSpecification","valueRequired":true,"valueName":"search_term_string"}}],"inLanguage":"es"},{"@type":"Organization","@id":"https:\/\/www.kasinobonus.ai\/es\/#organization","name":"KasinoBonus","alternateName":"KasinoBonusAI","url":"https:\/\/www.kasinobonus.ai\/es\/","logo":{"@type":"ImageObject","inLanguage":"es","@id":"https:\/\/www.kasinobonus.ai\/es\/#\/schema\/logo\/image\/","url":"https:\/\/www.kasinobonus.ai\/wp-content\/uploads\/2023\/09\/kasinobonus-logo-light.png","contentUrl":"https:\/\/www.kasinobonus.ai\/wp-content\/uploads\/2023\/09\/kasinobonus-logo-light.png","width":3200,"height":596,"caption":"KasinoBonus"},"image":{"@id":"https:\/\/www.kasinobonus.ai\/es\/#\/schema\/logo\/image\/"},"sameAs":["https:\/\/www.facebook.com\/kasinobonusio\/","https:\/\/x.com\/Kasinobonus_io","https:\/\/www.linkedin.com\/in\/matti-slotte-26612033b","http:\/\/kasinobonus.wikidot.com\/system:welcome","https:\/\/www.trustpilot.com\/review\/www.kasinobonus.ai","https:\/\/orcid.org\/0009-0007-2889-1713","https:\/\/en.everybodywiki.com\/Matti_Slotte","https:\/\/www.immuniweb.com\/ssl\/kasinobonus.ai\/M4lqCqYY\/"]}]}},"_links":{"self":[{"href":"https:\/\/www.kasinobonus.ai\/es\/wp-json\/wp\/v2\/pages\/21468","targetHints":{"allow":["GET"]}}],"collection":[{"href":"https:\/\/www.kasinobonus.ai\/es\/wp-json\/wp\/v2\/pages"}],"about":[{"href":"https:\/\/www.kasinobonus.ai\/es\/wp-json\/wp\/v2\/types\/page"}],"author":[{"embeddable":true,"href":"https:\/\/www.kasinobonus.ai\/es\/wp-json\/wp\/v2\/users\/1"}],"replies":[{"embeddable":true,"href":"https:\/\/www.kasinobonus.ai\/es\/wp-json\/wp\/v2\/comments?post=21468"}],"version-history":[{"count":1,"href":"https:\/\/www.kasinobonus.ai\/es\/wp-json\/wp\/v2\/pages\/21468\/revisions"}],"predecessor-version":[{"id":30501,"href":"https:\/\/www.kasinobonus.ai\/es\/wp-json\/wp\/v2\/pages\/21468\/revisions\/30501"}],"wp:attachment":[{"href":"https:\/\/www.kasinobonus.ai\/es\/wp-json\/wp\/v2\/media?parent=21468"}],"curies":[{"name":"wp","href":"https:\/\/api.w.org\/{rel}","templated":true}]}}