{"id":21432,"date":"2024-11-25T08:55:15","date_gmt":"2024-11-25T08:55:15","guid":{"rendered":"https:\/\/kasinobonus.ai\/advertising-disclosure\/"},"modified":"2025-07-26T09:16:59","modified_gmt":"2025-07-26T09:16:59","slug":"advertising-disclosure","status":"publish","type":"page","link":"https:\/\/www.kasinobonus.ai\/es\/advertising-disclosure\/","title":{"rendered":"Divulgaci\u00f3n de publicidad"},"content":{"rendered":"\n<h1 class=\"wp-block-heading\"><strong>Divulgaci\u00f3n Publicitaria<\/strong><\/h1>\n\n\n\n<p>KasinoBonus es una entidad independiente que se dedica a seguir est\u00e1ndares period\u00edsticos y de integridad al ofrecer opiniones independientes y bien investigadas.<\/p>\n\n\n\n<p>Nuestro equipo editorial y el personal siguen las mismas pautas de investigaci\u00f3n y redacci\u00f3n para garantizar que solo la informaci\u00f3n m\u00e1s veraz sea presentada al lector, sin ninguna influencia externa, incluso cuando estamos escribiendo sobre alguien que nos ha pagado para hacerlo.<\/p>\n\n\n\n<h2 class=\"wp-block-heading\">Rese\u00f1as pagadas<\/h2>\n\n\n\n<p>En casos donde una marca de casino decide pagarnos por el trabajo que realizamos al revisar su marca, lo aceptamos gustosamente y recibimos compensaci\u00f3n por nuestro arduo trabajo. Sin embargo, nuestra investigaci\u00f3n y nuestros hallazgos ser\u00e1n lo que son, y la opini\u00f3n que nuestros revisores formen no ser\u00e1 influenciada por el aspecto financiero. En otras palabras, un casino puede pagarnos para escribir sobre ellos, pero no pueden pagarnos para escribir cosas positivas.<\/p>\n\n\n\n<h2 class=\"wp-block-heading\">Alianzas pagadas<\/h2>\n\n\n\n<p>En situaciones donde una marca de casino nos est\u00e9 incentivando financieramente de alguna manera a trav\u00e9s de un acuerdo de asociaci\u00f3n con KasinoBonusIO, los detalles del acuerdo se discuten con cada casino por separado. Podemos recibir compensaci\u00f3n econ\u00f3mica por varios aspectos de la asociaci\u00f3n.<\/p>\n\n\n\n<p>Lo importante aqu\u00ed es que la situaci\u00f3n para el lector, que eres t\u00fa, el jugador finland\u00e9s, no cambia en ning\u00fan aspecto basado en los casinos con los que hemos establecido una asociaci\u00f3n. Siempre recibir\u00e1s la misma informaci\u00f3n correcta sobre cada casino, la rese\u00f1a ser\u00e1 siempre veraz y basada en hechos, y los detalles del acuerdo no afectar\u00e1n los bonos ni nada m\u00e1s que recibas del casino. Nuestro trato con el casino no tendr\u00e1 ning\u00fan costo para ti.<\/p>\n\n\n\n<h2 class=\"wp-block-heading\">Conclusi\u00f3n<\/h2>\n\n\n\n<p>Aunque recibimos compensaci\u00f3n econ\u00f3mica por las asociaciones que establecemos con los casinos, trazamos una l\u00ednea clara y no permitimos que el jugador finland\u00e9s se vea afectado de manera positiva o negativa por nuestros acuerdos.<\/p>\n\n\n\n<p>Esta postura es mucho m\u00e1s estricta que la de cualquier otro sitio web de rese\u00f1as de casinos en Finlandia.<\/p>\n\n\n\n<p>KasinoBonusIO, de manera \u00fanica, no deja que el dinero dicte qu\u00e9 casino se promueve m\u00e1s o cu\u00e1l se rese\u00f1a de manera m\u00e1s favorable. Aceptamos el dinero, pero no dejamos que los casinos nos quiten nuestra libertad de expresi\u00f3n.<\/p>\n\n\n\n<p>Hemos tenido casos donde un casino nos pag\u00f3 para realizar una rese\u00f1a, y result\u00f3 ser una rese\u00f1a terrible que advert\u00eda a los finlandeses de no jugar all\u00ed. Eso es Matti y su integridad. Los jugadores finlandeses son mucho m\u00e1s importantes para \u00e9l que el dinero que el casino le pueda dar.<\/p>\n","protected":false},"excerpt":{"rendered":"<p>Divulgaci\u00f3n Publicitaria KasinoBonus es una entidad independiente que se dedica a seguir est\u00e1ndares period\u00edsticos y de integridad al ofrecer opiniones independientes y bien investigadas. Nuestro equipo editorial y el personal siguen las mismas pautas de investigaci\u00f3n y redacci\u00f3n para garantizar que solo la informaci\u00f3n m\u00e1s veraz sea presentada al lector, sin ninguna influencia externa, incluso [&hellip;]<\/p>\n","protected":false},"author":1,"featured_media":0,"parent":0,"menu_order":0,"comment_status":"closed","ping_status":"closed","template":"","meta":{"inline_featured_image":false,"footnotes":""},"class_list":["post-21432","page","type-page","status-publish","hentry"],"yoast_head":"<!-- This site is optimized with the Yoast SEO plugin v24.5 - https:\/\/yoast.com\/wordpress\/plugins\/seo\/ -->\n<title>Divulgaci\u00f3n de publicidad - www.kasinobonus.ai<\/title>\n<meta name=\"description\" content=\"KasinoBonus es una entidad independiente que se dedica a seguir est\u00e1ndares period\u00edsticos y de integridad al ofrecer opiniones independientes y bien investigadas.\" \/>\n<meta name=\"robots\" content=\"index, follow, max-snippet:-1, max-image-preview:large, max-video-preview:-1\" \/>\n<link rel=\"canonical\" href=\"https:\/\/www.kasinobonus.ai\/es\/advertising-disclosure\/\" \/>\n<script type=\"application\/ld+json\" class=\"yoast-schema-graph\">{\"@context\":\"https:\/\/schema.org\",\"@graph\":[{\"@type\":\"WebPage\",\"@id\":\"https:\/\/www.kasinobonus.ai\/es\/advertising-disclosure\/\",\"url\":\"https:\/\/www.kasinobonus.ai\/es\/advertising-disclosure\/\",\"name\":\"Divulgaci\u00f3n de publicidad - www.kasinobonus.ai\",\"isPartOf\":{\"@id\":\"https:\/\/www.kasinobonus.ai\/es\/#website\"},\"datePublished\":\"2024-11-25T08:55:15+00:00\",\"dateModified\":\"2025-07-26T09:16:59+00:00\",\"description\":\"KasinoBonus es una entidad independiente que se dedica a seguir est\u00e1ndares period\u00edsticos y de integridad al ofrecer opiniones independientes y bien investigadas.\",\"breadcrumb\":{\"@id\":\"https:\/\/www.kasinobonus.ai\/es\/advertising-disclosure\/#breadcrumb\"},\"inLanguage\":\"es\",\"potentialAction\":[{\"@type\":\"ReadAction\",\"target\":[\"https:\/\/www.kasinobonus.ai\/es\/advertising-disclosure\/\"]}]},{\"@type\":\"BreadcrumbList\",\"@id\":\"https:\/\/www.kasinobonus.ai\/es\/advertising-disclosure\/#breadcrumb\",\"itemListElement\":[{\"@type\":\"ListItem\",\"position\":1,\"name\":\"Home\",\"item\":\"https:\/\/kasinobonus.ai\/es\/\"},{\"@type\":\"ListItem\",\"position\":2,\"name\":\"Divulgaci\u00f3n de publicidad\"}]},{\"@type\":\"WebSite\",\"@id\":\"https:\/\/www.kasinobonus.ai\/es\/#website\",\"url\":\"https:\/\/www.kasinobonus.ai\/es\/\",\"name\":\"www.kasinobonus.ai\",\"description\":\"\",\"publisher\":{\"@id\":\"https:\/\/www.kasinobonus.ai\/es\/#organization\"},\"potentialAction\":[{\"@type\":\"SearchAction\",\"target\":{\"@type\":\"EntryPoint\",\"urlTemplate\":\"https:\/\/www.kasinobonus.ai\/es\/?s={search_term_string}\"},\"query-input\":{\"@type\":\"PropertyValueSpecification\",\"valueRequired\":true,\"valueName\":\"search_term_string\"}}],\"inLanguage\":\"es\"},{\"@type\":\"Organization\",\"@id\":\"https:\/\/www.kasinobonus.ai\/es\/#organization\",\"name\":\"KasinoBonus\",\"alternateName\":\"KasinoBonusAI\",\"url\":\"https:\/\/www.kasinobonus.ai\/es\/\",\"logo\":{\"@type\":\"ImageObject\",\"inLanguage\":\"es\",\"@id\":\"https:\/\/www.kasinobonus.ai\/es\/#\/schema\/logo\/image\/\",\"url\":\"https:\/\/www.kasinobonus.ai\/wp-content\/uploads\/2023\/09\/kasinobonus-logo-light.png\",\"contentUrl\":\"https:\/\/www.kasinobonus.ai\/wp-content\/uploads\/2023\/09\/kasinobonus-logo-light.png\",\"width\":3200,\"height\":596,\"caption\":\"KasinoBonus\"},\"image\":{\"@id\":\"https:\/\/www.kasinobonus.ai\/es\/#\/schema\/logo\/image\/\"},\"sameAs\":[\"https:\/\/www.facebook.com\/kasinobonusio\/\",\"https:\/\/x.com\/Kasinobonus_io\",\"https:\/\/www.linkedin.com\/in\/matti-slotte-26612033b\",\"http:\/\/kasinobonus.wikidot.com\/system:welcome\",\"https:\/\/www.trustpilot.com\/review\/www.kasinobonus.ai\",\"https:\/\/orcid.org\/0009-0007-2889-1713\",\"https:\/\/en.everybodywiki.com\/Matti_Slotte\",\"https:\/\/www.immuniweb.com\/ssl\/kasinobonus.ai\/M4lqCqYY\/\"]}]}<\/script>\n<!-- \/ Yoast SEO plugin. -->","yoast_head_json":{"title":"Divulgaci\u00f3n de publicidad - www.kasinobonus.ai","description":"KasinoBonus es una entidad independiente que se dedica a seguir est\u00e1ndares period\u00edsticos y de integridad al ofrecer opiniones independientes y bien investigadas.","robots":{"index":"index","follow":"follow","max-snippet":"max-snippet:-1","max-image-preview":"max-image-preview:large","max-video-preview":"max-video-preview:-1"},"canonical":"https:\/\/www.kasinobonus.ai\/es\/advertising-disclosure\/","schema":{"@context":"https:\/\/schema.org","@graph":[{"@type":"WebPage","@id":"https:\/\/www.kasinobonus.ai\/es\/advertising-disclosure\/","url":"https:\/\/www.kasinobonus.ai\/es\/advertising-disclosure\/","name":"Divulgaci\u00f3n de publicidad - www.kasinobonus.ai","isPartOf":{"@id":"https:\/\/www.kasinobonus.ai\/es\/#website"},"datePublished":"2024-11-25T08:55:15+00:00","dateModified":"2025-07-26T09:16:59+00:00","description":"KasinoBonus es una entidad independiente que se dedica a seguir est\u00e1ndares period\u00edsticos y de integridad al ofrecer opiniones independientes y bien investigadas.","breadcrumb":{"@id":"https:\/\/www.kasinobonus.ai\/es\/advertising-disclosure\/#breadcrumb"},"inLanguage":"es","potentialAction":[{"@type":"ReadAction","target":["https:\/\/www.kasinobonus.ai\/es\/advertising-disclosure\/"]}]},{"@type":"BreadcrumbList","@id":"https:\/\/www.kasinobonus.ai\/es\/advertising-disclosure\/#breadcrumb","itemListElement":[{"@type":"ListItem","position":1,"name":"Home","item":"https:\/\/kasinobonus.ai\/es\/"},{"@type":"ListItem","position":2,"name":"Divulgaci\u00f3n de publicidad"}]},{"@type":"WebSite","@id":"https:\/\/www.kasinobonus.ai\/es\/#website","url":"https:\/\/www.kasinobonus.ai\/es\/","name":"www.kasinobonus.ai","description":"","publisher":{"@id":"https:\/\/www.kasinobonus.ai\/es\/#organization"},"potentialAction":[{"@type":"SearchAction","target":{"@type":"EntryPoint","urlTemplate":"https:\/\/www.kasinobonus.ai\/es\/?s={search_term_string}"},"query-input":{"@type":"PropertyValueSpecification","valueRequired":true,"valueName":"search_term_string"}}],"inLanguage":"es"},{"@type":"Organization","@id":"https:\/\/www.kasinobonus.ai\/es\/#organization","name":"KasinoBonus","alternateName":"KasinoBonusAI","url":"https:\/\/www.kasinobonus.ai\/es\/","logo":{"@type":"ImageObject","inLanguage":"es","@id":"https:\/\/www.kasinobonus.ai\/es\/#\/schema\/logo\/image\/","url":"https:\/\/www.kasinobonus.ai\/wp-content\/uploads\/2023\/09\/kasinobonus-logo-light.png","contentUrl":"https:\/\/www.kasinobonus.ai\/wp-content\/uploads\/2023\/09\/kasinobonus-logo-light.png","width":3200,"height":596,"caption":"KasinoBonus"},"image":{"@id":"https:\/\/www.kasinobonus.ai\/es\/#\/schema\/logo\/image\/"},"sameAs":["https:\/\/www.facebook.com\/kasinobonusio\/","https:\/\/x.com\/Kasinobonus_io","https:\/\/www.linkedin.com\/in\/matti-slotte-26612033b","http:\/\/kasinobonus.wikidot.com\/system:welcome","https:\/\/www.trustpilot.com\/review\/www.kasinobonus.ai","https:\/\/orcid.org\/0009-0007-2889-1713","https:\/\/en.everybodywiki.com\/Matti_Slotte","https:\/\/www.immuniweb.com\/ssl\/kasinobonus.ai\/M4lqCqYY\/"]}]}},"_links":{"self":[{"href":"https:\/\/www.kasinobonus.ai\/es\/wp-json\/wp\/v2\/pages\/21432","targetHints":{"allow":["GET"]}}],"collection":[{"href":"https:\/\/www.kasinobonus.ai\/es\/wp-json\/wp\/v2\/pages"}],"about":[{"href":"https:\/\/www.kasinobonus.ai\/es\/wp-json\/wp\/v2\/types\/page"}],"author":[{"embeddable":true,"href":"https:\/\/www.kasinobonus.ai\/es\/wp-json\/wp\/v2\/users\/1"}],"replies":[{"embeddable":true,"href":"https:\/\/www.kasinobonus.ai\/es\/wp-json\/wp\/v2\/comments?post=21432"}],"version-history":[{"count":2,"href":"https:\/\/www.kasinobonus.ai\/es\/wp-json\/wp\/v2\/pages\/21432\/revisions"}],"predecessor-version":[{"id":34474,"href":"https:\/\/www.kasinobonus.ai\/es\/wp-json\/wp\/v2\/pages\/21432\/revisions\/34474"}],"wp:attachment":[{"href":"https:\/\/www.kasinobonus.ai\/es\/wp-json\/wp\/v2\/media?parent=21432"}],"curies":[{"name":"wp","href":"https:\/\/api.w.org\/{rel}","templated":true}]}}