{"id":21429,"date":"2024-11-25T08:54:24","date_gmt":"2024-11-25T08:54:24","guid":{"rendered":"https:\/\/kasinobonus.ai\/backlisted-casinos\/"},"modified":"2025-06-07T14:15:31","modified_gmt":"2025-06-07T14:15:31","slug":"backlisted-casinos","status":"publish","type":"page","link":"https:\/\/www.kasinobonus.ai\/es\/backlisted-casinos\/","title":{"rendered":"Casinos en lista negra"},"content":{"rendered":"\n<h1 class=\"wp-block-heading\"><strong>Lista Negra de Casinos para Espa\u00f1a<\/strong><\/h1>\n\n\n\n<p>En KasinoBonusIO realizamos rigurosas pruebas a numerosos casinos. Probablemente vemos m\u00e1s casinos de los que t\u00fa podr\u00edas analizar como individuo, y nos aseguramos de probarlos a fondo. Adem\u00e1s, hablamos con muchos jugadores finlandeses y tenemos conexiones con profesionales de la industria, por lo que conocemos bien el trasfondo de cada empresa y estamos al tanto de muchas cosas.<\/p>\n\n\n\n<h2 class=\"wp-block-heading\">Casinos de calidad que recomendamos<\/h2>\n\n\n\n<p>La mayor\u00eda de los casinos que probamos son de alta calidad y merecen ser incluidos en KasinoBonusIO. Podemos recomendar estos casinos a los jugadores finlandeses con total confianza. Es vital que hagamos esto, ya que queremos promover los casinos que son buenos y as\u00ed evitar que juegues en aquellos que no lo son.<\/p>\n\n\n\n<h2 class=\"wp-block-heading\">Casinos que no recomendamos<\/h2>\n\n\n\n<p>Sin embargo, hay algunos casinos que no merecen tal elogio de nuestra parte. En esos casos, o no los incluimos en el sitio, o si los incluimos, dejamos claro que no son casinos recomendables. Para algunos, ser\u00e1 el jugador quien decida si el casino satisface sus necesidades particulares, y estamos bien con eso.<\/p>\n\n\n\n<h2 class=\"wp-block-heading\">Casinos fuera de discusi\u00f3n<\/h2>\n\n\n\n<p>En algunos casos, no hay lugar a dudas. Algunos casinos simplemente son fraudulentos. Existen solo para robar el dinero de los jugadores.<\/p>\n\n\n\n<h3 class=\"wp-block-heading\">Casinos en la lista negra<\/h3>\n\n\n\n<ol class=\"wp-block-list\">\n<li><strong>1xBet<\/strong><\/li>\n\n\n\n<li><strong>BetWinner<\/strong><\/li>\n<\/ol>\n\n\n\n<p>Si tienes dep\u00f3sitos en cualquiera de estas marcas mencionadas anteriormente, te recomendamos retirar tus fondos lo antes posible y dejar de jugar all\u00ed. La seguridad de tu dinero y la integridad del juego son lo m\u00e1s importante.<\/p>\n","protected":false},"excerpt":{"rendered":"<p>Lista Negra de Casinos para Espa\u00f1a En KasinoBonusIO realizamos rigurosas pruebas a numerosos casinos. Probablemente vemos m\u00e1s casinos de los que t\u00fa podr\u00edas analizar como individuo, y nos aseguramos de probarlos a fondo. Adem\u00e1s, hablamos con muchos jugadores finlandeses y tenemos conexiones con profesionales de la industria, por lo que conocemos bien el trasfondo de [&hellip;]<\/p>\n","protected":false},"author":1,"featured_media":0,"parent":0,"menu_order":0,"comment_status":"closed","ping_status":"closed","template":"","meta":{"inline_featured_image":false,"footnotes":""},"class_list":["post-21429","page","type-page","status-publish","hentry"],"yoast_head":"<!-- This site is optimized with the Yoast SEO plugin v24.5 - https:\/\/yoast.com\/wordpress\/plugins\/seo\/ -->\n<title>Casinos en lista negra - www.kasinobonus.ai<\/title>\n<meta name=\"description\" content=\"Lista Negra de Casinos para Espa\u00f1a\" \/>\n<meta name=\"robots\" content=\"index, follow, max-snippet:-1, max-image-preview:large, max-video-preview:-1\" \/>\n<link rel=\"canonical\" href=\"https:\/\/www.kasinobonus.ai\/es\/backlisted-casinos\/\" \/>\n<script type=\"application\/ld+json\" class=\"yoast-schema-graph\">{\"@context\":\"https:\/\/schema.org\",\"@graph\":[{\"@type\":\"WebPage\",\"@id\":\"https:\/\/www.kasinobonus.ai\/es\/backlisted-casinos\/\",\"url\":\"https:\/\/www.kasinobonus.ai\/es\/backlisted-casinos\/\",\"name\":\"Casinos en lista negra - www.kasinobonus.ai\",\"isPartOf\":{\"@id\":\"https:\/\/www.kasinobonus.ai\/es\/#website\"},\"datePublished\":\"2024-11-25T08:54:24+00:00\",\"dateModified\":\"2025-06-07T14:15:31+00:00\",\"description\":\"Lista Negra de Casinos para Espa\u00f1a\",\"breadcrumb\":{\"@id\":\"https:\/\/www.kasinobonus.ai\/es\/backlisted-casinos\/#breadcrumb\"},\"inLanguage\":\"es\",\"potentialAction\":[{\"@type\":\"ReadAction\",\"target\":[\"https:\/\/www.kasinobonus.ai\/es\/backlisted-casinos\/\"]}]},{\"@type\":\"BreadcrumbList\",\"@id\":\"https:\/\/www.kasinobonus.ai\/es\/backlisted-casinos\/#breadcrumb\",\"itemListElement\":[{\"@type\":\"ListItem\",\"position\":1,\"name\":\"Home\",\"item\":\"https:\/\/kasinobonus.ai\/es\/\"},{\"@type\":\"ListItem\",\"position\":2,\"name\":\"Casinos en lista negra\"}]},{\"@type\":\"WebSite\",\"@id\":\"https:\/\/www.kasinobonus.ai\/es\/#website\",\"url\":\"https:\/\/www.kasinobonus.ai\/es\/\",\"name\":\"www.kasinobonus.ai\",\"description\":\"\",\"publisher\":{\"@id\":\"https:\/\/www.kasinobonus.ai\/es\/#organization\"},\"potentialAction\":[{\"@type\":\"SearchAction\",\"target\":{\"@type\":\"EntryPoint\",\"urlTemplate\":\"https:\/\/www.kasinobonus.ai\/es\/?s={search_term_string}\"},\"query-input\":{\"@type\":\"PropertyValueSpecification\",\"valueRequired\":true,\"valueName\":\"search_term_string\"}}],\"inLanguage\":\"es\"},{\"@type\":\"Organization\",\"@id\":\"https:\/\/www.kasinobonus.ai\/es\/#organization\",\"name\":\"KasinoBonus\",\"alternateName\":\"KasinoBonusAI\",\"url\":\"https:\/\/www.kasinobonus.ai\/es\/\",\"logo\":{\"@type\":\"ImageObject\",\"inLanguage\":\"es\",\"@id\":\"https:\/\/www.kasinobonus.ai\/es\/#\/schema\/logo\/image\/\",\"url\":\"https:\/\/www.kasinobonus.ai\/wp-content\/uploads\/2023\/09\/kasinobonus-logo-light.png\",\"contentUrl\":\"https:\/\/www.kasinobonus.ai\/wp-content\/uploads\/2023\/09\/kasinobonus-logo-light.png\",\"width\":3200,\"height\":596,\"caption\":\"KasinoBonus\"},\"image\":{\"@id\":\"https:\/\/www.kasinobonus.ai\/es\/#\/schema\/logo\/image\/\"},\"sameAs\":[\"https:\/\/www.facebook.com\/kasinobonusio\/\",\"https:\/\/x.com\/Kasinobonus_io\",\"https:\/\/www.linkedin.com\/in\/matti-slotte-26612033b\",\"http:\/\/kasinobonus.wikidot.com\/system:welcome\",\"https:\/\/www.trustpilot.com\/review\/www.kasinobonus.ai\",\"https:\/\/orcid.org\/0009-0007-2889-1713\",\"https:\/\/en.everybodywiki.com\/Matti_Slotte\",\"https:\/\/www.immuniweb.com\/ssl\/kasinobonus.ai\/M4lqCqYY\/\"]}]}<\/script>\n<!-- \/ Yoast SEO plugin. -->","yoast_head_json":{"title":"Casinos en lista negra - www.kasinobonus.ai","description":"Lista Negra de Casinos para Espa\u00f1a","robots":{"index":"index","follow":"follow","max-snippet":"max-snippet:-1","max-image-preview":"max-image-preview:large","max-video-preview":"max-video-preview:-1"},"canonical":"https:\/\/www.kasinobonus.ai\/es\/backlisted-casinos\/","schema":{"@context":"https:\/\/schema.org","@graph":[{"@type":"WebPage","@id":"https:\/\/www.kasinobonus.ai\/es\/backlisted-casinos\/","url":"https:\/\/www.kasinobonus.ai\/es\/backlisted-casinos\/","name":"Casinos en lista negra - www.kasinobonus.ai","isPartOf":{"@id":"https:\/\/www.kasinobonus.ai\/es\/#website"},"datePublished":"2024-11-25T08:54:24+00:00","dateModified":"2025-06-07T14:15:31+00:00","description":"Lista Negra de Casinos para Espa\u00f1a","breadcrumb":{"@id":"https:\/\/www.kasinobonus.ai\/es\/backlisted-casinos\/#breadcrumb"},"inLanguage":"es","potentialAction":[{"@type":"ReadAction","target":["https:\/\/www.kasinobonus.ai\/es\/backlisted-casinos\/"]}]},{"@type":"BreadcrumbList","@id":"https:\/\/www.kasinobonus.ai\/es\/backlisted-casinos\/#breadcrumb","itemListElement":[{"@type":"ListItem","position":1,"name":"Home","item":"https:\/\/kasinobonus.ai\/es\/"},{"@type":"ListItem","position":2,"name":"Casinos en lista negra"}]},{"@type":"WebSite","@id":"https:\/\/www.kasinobonus.ai\/es\/#website","url":"https:\/\/www.kasinobonus.ai\/es\/","name":"www.kasinobonus.ai","description":"","publisher":{"@id":"https:\/\/www.kasinobonus.ai\/es\/#organization"},"potentialAction":[{"@type":"SearchAction","target":{"@type":"EntryPoint","urlTemplate":"https:\/\/www.kasinobonus.ai\/es\/?s={search_term_string}"},"query-input":{"@type":"PropertyValueSpecification","valueRequired":true,"valueName":"search_term_string"}}],"inLanguage":"es"},{"@type":"Organization","@id":"https:\/\/www.kasinobonus.ai\/es\/#organization","name":"KasinoBonus","alternateName":"KasinoBonusAI","url":"https:\/\/www.kasinobonus.ai\/es\/","logo":{"@type":"ImageObject","inLanguage":"es","@id":"https:\/\/www.kasinobonus.ai\/es\/#\/schema\/logo\/image\/","url":"https:\/\/www.kasinobonus.ai\/wp-content\/uploads\/2023\/09\/kasinobonus-logo-light.png","contentUrl":"https:\/\/www.kasinobonus.ai\/wp-content\/uploads\/2023\/09\/kasinobonus-logo-light.png","width":3200,"height":596,"caption":"KasinoBonus"},"image":{"@id":"https:\/\/www.kasinobonus.ai\/es\/#\/schema\/logo\/image\/"},"sameAs":["https:\/\/www.facebook.com\/kasinobonusio\/","https:\/\/x.com\/Kasinobonus_io","https:\/\/www.linkedin.com\/in\/matti-slotte-26612033b","http:\/\/kasinobonus.wikidot.com\/system:welcome","https:\/\/www.trustpilot.com\/review\/www.kasinobonus.ai","https:\/\/orcid.org\/0009-0007-2889-1713","https:\/\/en.everybodywiki.com\/Matti_Slotte","https:\/\/www.immuniweb.com\/ssl\/kasinobonus.ai\/M4lqCqYY\/"]}]}},"_links":{"self":[{"href":"https:\/\/www.kasinobonus.ai\/es\/wp-json\/wp\/v2\/pages\/21429","targetHints":{"allow":["GET"]}}],"collection":[{"href":"https:\/\/www.kasinobonus.ai\/es\/wp-json\/wp\/v2\/pages"}],"about":[{"href":"https:\/\/www.kasinobonus.ai\/es\/wp-json\/wp\/v2\/types\/page"}],"author":[{"embeddable":true,"href":"https:\/\/www.kasinobonus.ai\/es\/wp-json\/wp\/v2\/users\/1"}],"replies":[{"embeddable":true,"href":"https:\/\/www.kasinobonus.ai\/es\/wp-json\/wp\/v2\/comments?post=21429"}],"version-history":[{"count":1,"href":"https:\/\/www.kasinobonus.ai\/es\/wp-json\/wp\/v2\/pages\/21429\/revisions"}],"predecessor-version":[{"id":29239,"href":"https:\/\/www.kasinobonus.ai\/es\/wp-json\/wp\/v2\/pages\/21429\/revisions\/29239"}],"wp:attachment":[{"href":"https:\/\/www.kasinobonus.ai\/es\/wp-json\/wp\/v2\/media?parent=21429"}],"curies":[{"name":"wp","href":"https:\/\/api.w.org\/{rel}","templated":true}]}}