{"id":21421,"date":"2024-11-25T08:50:17","date_gmt":"2024-11-25T08:50:17","guid":{"rendered":"https:\/\/kasinobonus.ai\/gambling-addiction\/"},"modified":"2025-07-30T13:15:42","modified_gmt":"2025-07-30T13:15:42","slug":"gambling-addiction","status":"publish","type":"page","link":"https:\/\/www.kasinobonus.ai\/es\/gambling-addiction\/","title":{"rendered":"Adicci\u00f3n al juego"},"content":{"rendered":"\n<h1 class=\"wp-block-heading\">C\u00f3mo dejar la adicci\u00f3n al juego en Espa\u00f1a<\/h1>\n\n<p>Si vives en Espa\u00f1a y est\u00e1s luchando contra la adicci\u00f3n al juego, est\u00e1s viendo los primeros signos de ella, o alguien a quien conoces y quieres est\u00e1 luchando, esta p\u00e1gina es tu primer paso para curar tu enfermedad o ayudar a alguien que la tenga.<\/p>\n\n<p>Aqu\u00ed te ayudaremos a identificar correctamente la afecci\u00f3n, a encontrar el motivo que te lleva a jugar y a eliminar el motivo y poner fin a la adicci\u00f3n al juego.<\/p>\n\n<h2 class=\"wp-block-heading\">\u00bfQu\u00e9 es la adicci\u00f3n al juego?<\/h2>\n\n<p>El problema del juego, o adicci\u00f3n al juego, es una afecci\u00f3n en la que sientes una necesidad compulsiva de jugar.<\/p>\n\n<p>Como norma general, si crees que puedes tener un problema, lo m\u00e1s probable es que tengas raz\u00f3n: tienes un problema. \u00c9sta es una lista de signos conocidos de un lud\u00f3pata problem\u00e1tico. Si algo de esto es cierto, ya eres un jugador problem\u00e1tico:<\/p>\n\n<ul class=\"wp-block-list\">\n<li>el juego ya no te divierte<\/li>\n\n\n\n<li>mentiste sobre el juego a un amigo o a un familiar<\/li>\n\n\n\n<li>pediste dinero prestado para jugar<\/li>\n\n\n\n<li>utilizaste dinero que necesitabas para algo importante, como las facturas de los servicios p\u00fablicos, para jugar<\/li>\n\n\n\n<li>vendiste cosas para poder jugar un poco m\u00e1s<\/li>\n\n\n\n<li>persigues p\u00e9rdidas<\/li>\n\n\n\n<li>haces dep\u00f3sitos progresivamente mayores para recuperar las p\u00e9rdidas anteriores<\/li>\n\n\n\n<li>apuestas con la firme intenci\u00f3n de ganar dinero<\/li>\n\n\n\n<li>crees que tienes derecho a ganar  <\/li>\n\n\n\n<li>sabes que deber\u00edas parar, pero no puedes<\/li>\n\n\n\n<li>intentaste dejar de jugar antes, pero fracasaste<\/li>\n\n\n\n<li>no puedes pensar en otra cosa que no sea el juego<\/li>\n<\/ul>\n\n<h2 class=\"wp-block-heading\">Etapas de un jugador problem\u00e1tico<\/h2>\n\n<p>El comportamiento de juego problem\u00e1tico tiene etapas, que van desde alguien que est\u00e1 en peligro latente de convertirse en un jugador problem\u00e1tico hasta una persona que se ha arruinado por su adicci\u00f3n al juego.<\/p>\n\n<h3 class=\"wp-block-heading\">Estadio 0 &#8211; Jugador inculto<\/h3>\n\n<p>Esta persona todav\u00eda no es un jugador problem\u00e1tico y puede que nunca llegue a serlo, pero en general no tiene educaci\u00f3n sobre el juego. En una situaci\u00f3n equivocada, esta persona puede empezar a perseguir las p\u00e9rdidas, sin saber que se trata de una estrategia que la conduce a la siguiente etapa.<\/p>\n\n<h3 class=\"wp-block-heading\">Fase 1 &#8211; Desarrollo del problema<\/h3>\n\n<p>Esta persona est\u00e1, sin saberlo, persiguiendo p\u00e9rdidas para intentar recuperar el dinero que perdi\u00f3. El juego ya no es divertido. Esta persona puede entrar y salir de esta etapa: cuando gana, vuelve a ser una persona en peligro de tener un problema.<\/p>\n\n<h3 class=\"wp-block-heading\">Fase 2 &#8211; Jugador Problema<\/h3>\n\n<p>Esta persona invierte cada vez m\u00e1s dinero en el juego, y se encuentra en una fase en la que su fortuna econ\u00f3mica depende de si ha ganado o perdido en el juego ese d\u00eda. Esta persona est\u00e1 persiguiendo p\u00e9rdidas, y es probable que pida dinero prestado y utilice el dinero que necesita para otras cosas.<\/p>\n\n<h3 class=\"wp-block-heading\">Fase 3 &#8211; El punto de no retorno<\/h3>\n\n<p>Tras invertir cada vez m\u00e1s dinero en el juego, esta persona perdi\u00f3 las apuestas clave y probablemente haya perdido uno o todos los siguientes: coche, relaci\u00f3n, casa, hijos, familia. Esta persona ha quebrado y ha arruinado las relaciones con todos los que le rodean. Muchas personas que se encuentran en esta situaci\u00f3n intentan suicidarse.<\/p>\n\n<h2 class=\"wp-block-heading\">Consejos para dejar de jugar<\/h2>\n\n<p>Todas las personas que han conseguido dejar de jugar informan de que han encontrado la causa subyacente del juego y, cuando han eliminado la causa, la necesidad de jugar ha desaparecido.<\/p>\n\n<p>Para la mayor\u00eda de los jugadores problem\u00e1ticos que ya han perdido dinero, la necesidad de seguir jugando proviene del deseo de recuperar el dinero. Aqu\u00ed tienes algunos consejos y trucos que puedes utilizar para dejar de jugar.<\/p>\n\n<h3 class=\"wp-block-heading\">No puedes recuperar el dinero<\/h3>\n\n<p>La verdad es que no puedes recuperar el dinero que has perdido. Ha desaparecido.<\/p>\n\n<p>El juego es una actividad dise\u00f1ada para perder el dinero de la gente, y si ya has perdido mucho dinero, es evidente que se te da especialmente mal. De lo contrario, no estar\u00edas en esta misma situaci\u00f3n. El juego, para ti, es una mala elecci\u00f3n econ\u00f3mica. Acepta que has perdido dinero y que no puedes recuperarlo.<\/p>\n\n<h3 class=\"wp-block-heading\">Si nunca vuelves a jugar, nunca volver\u00e1s a perder<\/h3>\n\n<p>Hay una forma sencilla de no volver a perder dinero en el juego y, por tanto, de no volver a experimentar esas horribles emociones. No vuelvas a apostar nunca m\u00e1s. De este modo, tus ingresos netos del juego ser\u00e1n +0 para siempre. No perder\u00e1s ni un c\u00e9ntimo m\u00e1s. Es superf\u00e1cil: simplemente no lo hagas m\u00e1s.<\/p>\n\n<h3 class=\"wp-block-heading\">C\u00e9ntrate en cosas que den dinero<\/h3>\n\n<p>Si el juego te ha resultado infructuoso, entonces ser\u00eda prudente que recurrieras a cualquier otra actividad en la que ciertamente puedas ganar dinero. Por ejemplo, conseguir un trabajo paralelo o hacer cualquier tipo de trabajo por cuenta propia. O conseguir un trabajo en primer lugar. Cualquier cosa que pueda afectar positivamente a tu extracto bancario es mejor que algo que te haya causado p\u00e9rdidas.<\/p>\n\n<p>Imag\u00ednate: puedes pasarte el d\u00eda apostando y perder 500 euros, o puedes pas\u00e1rtelo trabajando en algo que sin duda te har\u00e1 ganar 100 euros, sin azar de por medio. \u00bfQu\u00e9 es mejor?<\/p>\n\n<h3 class=\"wp-block-heading\">C\u00e9ntrate en algo que no sea el dinero<\/h3>\n\n<p>Para muchas personas que son jugadores problem\u00e1ticos, su mundo gira en torno al dinero. Hazme caso: ah\u00ed fuera hay naturaleza, con bonitas rutas de senderismo, e incluso puede que veas un ciervo. As\u00ed es la vida en este planeta. No tiene por qu\u00e9 girar en torno al dinero. Est\u00e1n las personas, las relaciones, las esperanzas y los sue\u00f1os, la educaci\u00f3n, los hijos, re\u00edrte con tus amigos, hacer ejercicio, perfeccionarte. Estas cosas pueden ser muy constructivas: puedes conseguir un doctorado o ganar algo en los deportes, no todo es dinero. Aprende a vivir sin pagar por las cosas.<\/p>\n\n<h3 class=\"wp-block-heading\">Admite tu problema a las personas que te quieren<\/h3>\n\n<p>Te quitar\u00e1s un gran peso de encima si le dices a la gente que quieres y que te quiere que tienes un problema con el juego, que has perdido xxxx euros y que necesitas ayuda. Sin duda te ayudar\u00e1n al 100% y no te juzgar\u00e1n. Su apoyo puede ser llevarte a alguna actividad placentera siempre que tengas ganas de jugar. Necesitas poder llamar a alguien cuando te sientas mal.<\/p>\n\n<h2 class=\"wp-block-heading\">Conclusi\u00f3n<\/h2>\n\n<p>La adicci\u00f3n al juego es una espiral psicol\u00f3gica descendente de la que muchas personas no encuentran salida, porque est\u00e1n obsesionadas con recuperar el dinero. Se convierte en una batalla por la supervivencia, en la que eres t\u00fa contra el casino o la casa de apuestas deportivas, y est\u00e1s invirtiendo en el juego el dinero que necesitas para otras cosas.<\/p>\n\n<p>Si sientes que tienes un problema, tienes un problema. Si se acaba la diversi\u00f3n, para.<\/p>\n\n<h2 class=\"wp-block-heading\">Organizaciones ben\u00e9ficas y organizaciones que pueden ayudar<\/h2>\n\n<figure class=\"wp-block-table\"><table class=\"has-fixed-layout\"><tbody><tr><td><strong>Organizaci\u00f3n<\/strong><\/td><td><strong>Acerca de<\/strong><\/td><\/tr><tr><td><a href=\"https:\/\/www.ordenacionjuego.es\/en\">Direcci\u00f3n General de Ordenaci\u00f3n del Juego<\/a><\/td><td>Un servicio finland\u00e9s especializado que ofrece apoyo por chat, tel\u00e9fono y herramientas en l\u00ednea para los lud\u00f3patas y sus familias. Gestionado por la Asociaci\u00f3n Finlandesa para la Prevenci\u00f3n del Abuso de Sustancias. <\/td><\/tr><tr><td><a href=\"https:\/\/sede.ordenacionjuego.gob.es\/en\/registro-solicitudes\">DGOJ Office<\/a><\/td><td>Proporciona asesoramiento respaldado por la investigaci\u00f3n y programas nacionales sobre la adicci\u00f3n, incluidos los da\u00f1os relacionados con el juego. Ofrece recursos para particulares y profesionales. <\/td><\/tr><tr><td><a href=\"https:\/\/gamblersanonymous.org\/\">Jugadores An\u00f3nimos<\/a><\/td><td>Un grupo de apoyo global basado en el modelo de los 12 pasos. Ofrece reuniones locales, foros en l\u00ednea y un sistema de recuperaci\u00f3n basado en patrocinadores. <\/td><\/tr><tr><td><a href=\"https:\/\/www.gambleaware.org\/\">BeGambleAware<\/a><\/td><td>Organizaci\u00f3n ben\u00e9fica con sede en el Reino Unido que ofrece asesoramiento confidencial, recursos y apoyo a cualquier persona afectada por problemas de juego.<\/td><\/tr><tr><td><a href=\"https:\/\/gamblingtherapy.org\/\">Terapia de juego<\/a><\/td><td>Un servicio internacional gratuito de apoyo multiling\u00fce a los lud\u00f3patas, que incluye chat en directo, foros y herramientas de autoayuda.<\/td><\/tr><\/tbody><\/table><\/figure>\n","protected":false},"excerpt":{"rendered":"<p>C\u00f3mo dejar la adicci\u00f3n al juego en Espa\u00f1a Si vives en Espa\u00f1a y est\u00e1s luchando contra la adicci\u00f3n al juego, est\u00e1s viendo los primeros signos de ella, o alguien a quien conoces y quieres est\u00e1 luchando, esta p\u00e1gina es tu primer paso para curar tu enfermedad o ayudar a alguien que la tenga. Aqu\u00ed te [&hellip;]<\/p>\n","protected":false},"author":1,"featured_media":0,"parent":0,"menu_order":0,"comment_status":"closed","ping_status":"closed","template":"","meta":{"inline_featured_image":false,"footnotes":""},"class_list":["post-21421","page","type-page","status-publish","hentry"],"yoast_head":"<!-- This site is optimized with the Yoast SEO plugin v24.5 - https:\/\/yoast.com\/wordpress\/plugins\/seo\/ -->\n<title>Adicci\u00f3n al juego - www.kasinobonus.ai<\/title>\n<meta name=\"description\" content=\"Aprende a reconocer y combatir la adicci\u00f3n al juego. Accede a consejos de expertos, recursos de apoyo y sugerencias para mantener el control de tus h\u00e1bitos de juego.\" \/>\n<meta name=\"robots\" content=\"index, follow, max-snippet:-1, max-image-preview:large, max-video-preview:-1\" \/>\n<link rel=\"canonical\" href=\"https:\/\/www.kasinobonus.ai\/es\/gambling-addiction\/\" \/>\n<script type=\"application\/ld+json\" class=\"yoast-schema-graph\">{\"@context\":\"https:\/\/schema.org\",\"@graph\":[{\"@type\":\"WebPage\",\"@id\":\"https:\/\/www.kasinobonus.ai\/es\/gambling-addiction\/\",\"url\":\"https:\/\/www.kasinobonus.ai\/es\/gambling-addiction\/\",\"name\":\"Adicci\u00f3n al juego - www.kasinobonus.ai\",\"isPartOf\":{\"@id\":\"https:\/\/www.kasinobonus.ai\/es\/#website\"},\"datePublished\":\"2024-11-25T08:50:17+00:00\",\"dateModified\":\"2025-07-30T13:15:42+00:00\",\"description\":\"Aprende a reconocer y combatir la adicci\u00f3n al juego. Accede a consejos de expertos, recursos de apoyo y sugerencias para mantener el control de tus h\u00e1bitos de juego.\",\"breadcrumb\":{\"@id\":\"https:\/\/www.kasinobonus.ai\/es\/gambling-addiction\/#breadcrumb\"},\"inLanguage\":\"es\",\"potentialAction\":[{\"@type\":\"ReadAction\",\"target\":[\"https:\/\/www.kasinobonus.ai\/es\/gambling-addiction\/\"]}]},{\"@type\":\"BreadcrumbList\",\"@id\":\"https:\/\/www.kasinobonus.ai\/es\/gambling-addiction\/#breadcrumb\",\"itemListElement\":[{\"@type\":\"ListItem\",\"position\":1,\"name\":\"Home\",\"item\":\"https:\/\/kasinobonus.ai\/es\/\"},{\"@type\":\"ListItem\",\"position\":2,\"name\":\"Adicci\u00f3n al juego\"}]},{\"@type\":\"WebSite\",\"@id\":\"https:\/\/www.kasinobonus.ai\/es\/#website\",\"url\":\"https:\/\/www.kasinobonus.ai\/es\/\",\"name\":\"www.kasinobonus.ai\",\"description\":\"\",\"publisher\":{\"@id\":\"https:\/\/www.kasinobonus.ai\/es\/#organization\"},\"potentialAction\":[{\"@type\":\"SearchAction\",\"target\":{\"@type\":\"EntryPoint\",\"urlTemplate\":\"https:\/\/www.kasinobonus.ai\/es\/?s={search_term_string}\"},\"query-input\":{\"@type\":\"PropertyValueSpecification\",\"valueRequired\":true,\"valueName\":\"search_term_string\"}}],\"inLanguage\":\"es\"},{\"@type\":\"Organization\",\"@id\":\"https:\/\/www.kasinobonus.ai\/es\/#organization\",\"name\":\"KasinoBonus\",\"alternateName\":\"KasinoBonusAI\",\"url\":\"https:\/\/www.kasinobonus.ai\/es\/\",\"logo\":{\"@type\":\"ImageObject\",\"inLanguage\":\"es\",\"@id\":\"https:\/\/www.kasinobonus.ai\/es\/#\/schema\/logo\/image\/\",\"url\":\"https:\/\/www.kasinobonus.ai\/wp-content\/uploads\/2023\/09\/kasinobonus-logo-light.png\",\"contentUrl\":\"https:\/\/www.kasinobonus.ai\/wp-content\/uploads\/2023\/09\/kasinobonus-logo-light.png\",\"width\":3200,\"height\":596,\"caption\":\"KasinoBonus\"},\"image\":{\"@id\":\"https:\/\/www.kasinobonus.ai\/es\/#\/schema\/logo\/image\/\"},\"sameAs\":[\"https:\/\/www.facebook.com\/kasinobonusio\/\",\"https:\/\/x.com\/Kasinobonus_io\",\"https:\/\/www.linkedin.com\/in\/matti-slotte-26612033b\",\"http:\/\/kasinobonus.wikidot.com\/system:welcome\",\"https:\/\/www.trustpilot.com\/review\/www.kasinobonus.ai\",\"https:\/\/orcid.org\/0009-0007-2889-1713\",\"https:\/\/en.everybodywiki.com\/Matti_Slotte\",\"https:\/\/www.immuniweb.com\/ssl\/kasinobonus.ai\/M4lqCqYY\/\"]}]}<\/script>\n<!-- \/ Yoast SEO plugin. -->","yoast_head_json":{"title":"Adicci\u00f3n al juego - www.kasinobonus.ai","description":"Aprende a reconocer y combatir la adicci\u00f3n al juego. Accede a consejos de expertos, recursos de apoyo y sugerencias para mantener el control de tus h\u00e1bitos de juego.","robots":{"index":"index","follow":"follow","max-snippet":"max-snippet:-1","max-image-preview":"max-image-preview:large","max-video-preview":"max-video-preview:-1"},"canonical":"https:\/\/www.kasinobonus.ai\/es\/gambling-addiction\/","schema":{"@context":"https:\/\/schema.org","@graph":[{"@type":"WebPage","@id":"https:\/\/www.kasinobonus.ai\/es\/gambling-addiction\/","url":"https:\/\/www.kasinobonus.ai\/es\/gambling-addiction\/","name":"Adicci\u00f3n al juego - www.kasinobonus.ai","isPartOf":{"@id":"https:\/\/www.kasinobonus.ai\/es\/#website"},"datePublished":"2024-11-25T08:50:17+00:00","dateModified":"2025-07-30T13:15:42+00:00","description":"Aprende a reconocer y combatir la adicci\u00f3n al juego. Accede a consejos de expertos, recursos de apoyo y sugerencias para mantener el control de tus h\u00e1bitos de juego.","breadcrumb":{"@id":"https:\/\/www.kasinobonus.ai\/es\/gambling-addiction\/#breadcrumb"},"inLanguage":"es","potentialAction":[{"@type":"ReadAction","target":["https:\/\/www.kasinobonus.ai\/es\/gambling-addiction\/"]}]},{"@type":"BreadcrumbList","@id":"https:\/\/www.kasinobonus.ai\/es\/gambling-addiction\/#breadcrumb","itemListElement":[{"@type":"ListItem","position":1,"name":"Home","item":"https:\/\/kasinobonus.ai\/es\/"},{"@type":"ListItem","position":2,"name":"Adicci\u00f3n al juego"}]},{"@type":"WebSite","@id":"https:\/\/www.kasinobonus.ai\/es\/#website","url":"https:\/\/www.kasinobonus.ai\/es\/","name":"www.kasinobonus.ai","description":"","publisher":{"@id":"https:\/\/www.kasinobonus.ai\/es\/#organization"},"potentialAction":[{"@type":"SearchAction","target":{"@type":"EntryPoint","urlTemplate":"https:\/\/www.kasinobonus.ai\/es\/?s={search_term_string}"},"query-input":{"@type":"PropertyValueSpecification","valueRequired":true,"valueName":"search_term_string"}}],"inLanguage":"es"},{"@type":"Organization","@id":"https:\/\/www.kasinobonus.ai\/es\/#organization","name":"KasinoBonus","alternateName":"KasinoBonusAI","url":"https:\/\/www.kasinobonus.ai\/es\/","logo":{"@type":"ImageObject","inLanguage":"es","@id":"https:\/\/www.kasinobonus.ai\/es\/#\/schema\/logo\/image\/","url":"https:\/\/www.kasinobonus.ai\/wp-content\/uploads\/2023\/09\/kasinobonus-logo-light.png","contentUrl":"https:\/\/www.kasinobonus.ai\/wp-content\/uploads\/2023\/09\/kasinobonus-logo-light.png","width":3200,"height":596,"caption":"KasinoBonus"},"image":{"@id":"https:\/\/www.kasinobonus.ai\/es\/#\/schema\/logo\/image\/"},"sameAs":["https:\/\/www.facebook.com\/kasinobonusio\/","https:\/\/x.com\/Kasinobonus_io","https:\/\/www.linkedin.com\/in\/matti-slotte-26612033b","http:\/\/kasinobonus.wikidot.com\/system:welcome","https:\/\/www.trustpilot.com\/review\/www.kasinobonus.ai","https:\/\/orcid.org\/0009-0007-2889-1713","https:\/\/en.everybodywiki.com\/Matti_Slotte","https:\/\/www.immuniweb.com\/ssl\/kasinobonus.ai\/M4lqCqYY\/"]}]}},"_links":{"self":[{"href":"https:\/\/www.kasinobonus.ai\/es\/wp-json\/wp\/v2\/pages\/21421","targetHints":{"allow":["GET"]}}],"collection":[{"href":"https:\/\/www.kasinobonus.ai\/es\/wp-json\/wp\/v2\/pages"}],"about":[{"href":"https:\/\/www.kasinobonus.ai\/es\/wp-json\/wp\/v2\/types\/page"}],"author":[{"embeddable":true,"href":"https:\/\/www.kasinobonus.ai\/es\/wp-json\/wp\/v2\/users\/1"}],"replies":[{"embeddable":true,"href":"https:\/\/www.kasinobonus.ai\/es\/wp-json\/wp\/v2\/comments?post=21421"}],"version-history":[{"count":4,"href":"https:\/\/www.kasinobonus.ai\/es\/wp-json\/wp\/v2\/pages\/21421\/revisions"}],"predecessor-version":[{"id":35087,"href":"https:\/\/www.kasinobonus.ai\/es\/wp-json\/wp\/v2\/pages\/21421\/revisions\/35087"}],"wp:attachment":[{"href":"https:\/\/www.kasinobonus.ai\/es\/wp-json\/wp\/v2\/media?parent=21421"}],"curies":[{"name":"wp","href":"https:\/\/api.w.org\/{rel}","templated":true}]}}