{"id":21417,"date":"2024-11-25T08:47:35","date_gmt":"2024-11-25T08:47:35","guid":{"rendered":"https:\/\/kasinobonus.ai\/terms-of-use\/"},"modified":"2025-07-26T09:16:57","modified_gmt":"2025-07-26T09:16:57","slug":"terms-of-use","status":"publish","type":"page","link":"https:\/\/www.kasinobonus.ai\/es\/terms-of-use\/","title":{"rendered":"T\u00e9rminos de Uso"},"content":{"rendered":"\n<h1 class=\"wp-block-heading\"><strong>T\u00e9rminos de Uso<\/strong><\/h1>\n\n\n\n<h3 class=\"wp-block-heading\"><strong>Responsabilidad de los Receivers<\/strong><\/h3>\n\n\n\n<p>KasinoBonusIO LLC fue puesta en administraci\u00f3n el 31 de agosto de 2020. Al utilizar el sitio web, usted acepta que los administradores de esta empresa y las empresas relacionadas (incluyendo su firma, personal y asesores) no tienen responsabilidad personal ante usted ni ninguna otra persona (ya sea en contrato, agravio, estatuto, equidad o de otro modo) en relaci\u00f3n con el uso o funcionamiento del sitio web, incluyendo la compra o intento de compra de cualquier entrada a trav\u00e9s del sitio web o de otro modo.<\/p>\n\n\n\n<h3 class=\"wp-block-heading\">1. T\u00e9rminos de Uso<\/h3>\n\n\n\n<p><strong>1.1<\/strong> Estos t\u00e9rminos de uso tienen como objetivo establecer las pautas bajo las cuales opera este sitio web y permitirle confiar en la plataforma segura que nos esforzamos por proporcionar.<\/p>\n\n\n\n<p><strong>1.2<\/strong> Estos t\u00e9rminos de uso son las condiciones bajo las cuales le ofrecemos acceso al sitio web. Si accede y utiliza el sitio web (ya sea navegando por el sitio, realizando una compra, convirti\u00e9ndose en miembro de KasinoBonusIO o de otro modo), se considera que ha aceptado estos t\u00e9rminos de uso y ha acordado estar sujeto a ellos.<\/p>\n\n\n\n<p><strong>1.3<\/strong> Estos t\u00e9rminos de uso est\u00e1n sujetos a cambios en cualquier momento. Cualquier modificaci\u00f3n ser\u00e1 efectiva inmediatamente despu\u00e9s de la publicaci\u00f3n de los t\u00e9rminos de uso modificados en el sitio web. Es su responsabilidad asegurarse de que est\u00e1 familiarizado con los \u00faltimos t\u00e9rminos de uso. Al continuar accediendo y utilizando el sitio web, acepta estar sujeto a los t\u00e9rminos de uso modificados. Estos t\u00e9rminos de uso fueron actualizados por \u00faltima vez el 24 de noviembre de 2024.<\/p>\n\n\n\n<h3 class=\"wp-block-heading\">2. Uso del Sitio Web<\/h3>\n\n\n\n<p><strong>2.1<\/strong> El sitio web pone la informaci\u00f3n a su disposici\u00f3n como un servicio. El sitio web y la informaci\u00f3n se proporcionan \u201ctal cual\u201d y \u201cseg\u00fan disponibilidad\u201d. Su uso del sitio web y la informaci\u00f3n lo realiza bajo su propio riesgo.<\/p>\n\n\n\n<p><strong>2.2<\/strong> No ofrecemos ninguna garant\u00eda ni realizamos ninguna representaci\u00f3n en cuanto al sitio web y la informaci\u00f3n. En particular, no garantizamos ni aseguramos:<\/p>\n\n\n\n<p>(a) la exactitud de la informaci\u00f3n, ni su idoneidad para cualquier prop\u00f3sito;<br>(b) que el sitio web est\u00e9 libre de virus o propiedades da\u00f1inas;<br>(c) que el sitio web est\u00e9 disponible en todo momento;<br>(d) que el funcionamiento del sitio web ser\u00e1 sin errores ni que los errores ser\u00e1n corregidos; o<br>(e) que cualquier archivo descargado desde el sitio web o enviado por el sitio web estar\u00e1 libre de virus o contaminaci\u00f3n.<\/p>\n\n\n\n<p><strong>2.3<\/strong> No somos responsables de ninguna consecuencia adversa derivada del uso de la informaci\u00f3n contenida en el sitio web. En la medida permitida por la ley, excluimos toda responsabilidad en cuanto a dicha informaci\u00f3n.<\/p>\n\n\n\n<p><strong>2.4<\/strong> Nos reservamos el derecho de cesar la operaci\u00f3n o cambiar la forma de operaci\u00f3n de todo o parte del sitio web en cualquier momento.<\/p>\n\n\n\n<p><strong>2.5<\/strong> El sitio web contiene enlaces a sitios web de terceros, lo que lo redirige fuera del sitio web. No tenemos control sobre los sitios web de terceros y no somos responsables de su contenido. No nos hacemos responsables de ninguna p\u00e9rdida o da\u00f1o sufrido por usted al acceder, usar y\/o confiar en el contenido de cualquier sitio web de terceros. Al usar cualquiera de estos enlaces, reconoce que lo hace bajo su propio riesgo. La inclusi\u00f3n de cualquier enlace no implica nuestra aprobaci\u00f3n, recomendaci\u00f3n o preferencia por el sitio web vinculado ni nuestra asociaci\u00f3n con la persona que lo administra.<\/p>\n\n\n\n<p><strong>2.6<\/strong> Cualquier trato con cualquier anunciante en el sitio web es exclusivamente entre usted y el anunciante o tercero. No somos responsables ni estamos obligados por ninguna parte de dicho trato o promoci\u00f3n, ni por los actos u omisiones del anunciante o tercero.<\/p>\n\n\n\n<h3 class=\"wp-block-heading\">3. Uso No Autorizado del Sitio Web<\/h3>\n\n\n\n<p><strong>3.1<\/strong> Al utilizar el sitio web, usted acepta que no lo usar\u00e1 para ning\u00fan prop\u00f3sito que sea ilegal o est\u00e9 prohibido por estos t\u00e9rminos de uso. Sin limitar lo anterior, acepta que no:<\/p>\n\n\n\n<p>(a) usar\u00e1 el sitio web para enviar spam, cartas en cadena, esquemas piramidales o cualquier otra comunicaci\u00f3n no solicitada;<br>(b) usar\u00e1 el sitio web para abusar, difamar, amenazar, acosar, violar la confianza de, o de otro modo violar los derechos legales de otros;<br>(c) introducir\u00e1 virus, gusanos, caballos de Troya o cualquier otro elemento da\u00f1ino en el sitio web;<br>(d) interferir\u00e1 o interrumpir\u00e1 las redes conectadas al sitio web;<br>(e) intentar\u00e1 modificar, desensamblar o invertir el funcionamiento de cualquier parte del sitio web;<br>(f) se comportar\u00e1 de una manera que afecte negativamente al sitio web o a otros usuarios del sitio web; o<br>(g) violar\u00e1 cualquier ley o regulaci\u00f3n aplicable.<\/p>\n\n\n\n<p><strong>3.2<\/strong> Cualquier uso no autorizado del sitio web (incluido, pero no limitado a, hackeo, uso de robots, ara\u00f1as o cualquier otro dispositivo o proceso automatizado) constituir\u00e1 una violaci\u00f3n de estos t\u00e9rminos de uso. Tambi\u00e9n ser\u00e1 una violaci\u00f3n de estos t\u00e9rminos de uso para cualquier individuo (o grupo de individuos actuando en conjunto) que solicite m\u00e1s de 1,000 p\u00e1ginas del sitio web en cualquier per\u00edodo de 24 horas.<\/p>\n\n\n\n<h3 class=\"wp-block-heading\">4. Propiedad Intelectual<\/h3>\n\n\n\n<p><strong>4.1<\/strong> El sitio web contiene propiedad intelectual que es propiedad de o est\u00e1 licenciada a nosotros, y usted acepta que no reclamar\u00e1 ning\u00fan derecho o inter\u00e9s sobre dicha propiedad intelectual. La propiedad intelectual incluye, pero no se limita a, el dise\u00f1o, disposici\u00f3n, apariencia, contenido, software y gr\u00e1ficos. Se proh\u00edbe reproducir cualquier propiedad intelectual sin nuestro consentimiento expreso, excepto como se establece en la cl\u00e1usula 4.2.<\/p>\n\n\n\n<p><strong>4.2<\/strong> Puede conservar una copia de cualquier informaci\u00f3n o material incidental a su visualizaci\u00f3n del sitio web para su referencia personal, pero no con fines comerciales. La informaci\u00f3n o material, o cualquier parte de los mismos, no podr\u00e1 ser utilizado, copiado, reproducido, publicado, distribuido, almacenado en un sistema de recuperaci\u00f3n, incorporado en cualquier otro trabajo o publicaci\u00f3n, alterado ni transmitido de ninguna forma ni por ning\u00fan medio sin nuestro consentimiento previo por escrito.<\/p>\n\n\n\n<h3 class=\"wp-block-heading\">5. Privacidad<\/h3>\n\n\n\n<p><strong>5.1<\/strong> Podemos recopilar y usar informaci\u00f3n sobre usted de acuerdo con nuestra Pol\u00edtica de Privacidad. La Pol\u00edtica de Privacidad forma parte de los T\u00e9rminos de Uso generales del sitio web.<\/p>\n\n\n\n<h3 class=\"wp-block-heading\">6. Limitaci\u00f3n de Responsabilidad<\/h3>\n\n\n\n<p><strong>6.1<\/strong> En la medida m\u00e1xima permitida por la ley, excluimos toda responsabilidad en relaci\u00f3n con el sitio web y no seremos responsables de ninguna p\u00e9rdida, lesi\u00f3n o da\u00f1o causado de cualquier manera (incluyendo a cualquier persona o propiedad), ya sea bajo contrato, agravio, estatuto, responsabilidad por productos o de otro modo, ya sean directos o indirectos, especiales, incidentales o consecuentes, derivados de su uso del sitio web, la aplicaci\u00f3n de la informaci\u00f3n encontrada en el sitio web, en relaci\u00f3n con estos t\u00e9rminos de uso, en relaci\u00f3n con cualquier relaci\u00f3n establecida o compras realizadas como resultado de su uso del sitio web o por cualquier otro motivo.<\/p>\n\n\n\n<p><strong>6.2<\/strong> Sin limitar la cl\u00e1usula 6.1, no seremos responsables de las p\u00e9rdidas que surjan directa o indirectamente de cualquier falla, error, interrupci\u00f3n, cambios, suspensi\u00f3n, descontinuaci\u00f3n o uso del sitio web.<\/p>\n\n\n\n<h3 class=\"wp-block-heading\">7. Incumplimiento de los T\u00e9rminos de Uso<\/h3>\n\n\n\n<p><strong>7.1<\/strong> Sin limitar cualquier otro derecho disponible para nosotros por ley o de otro modo, si incumple cualquiera de estos t\u00e9rminos de uso, podemos cancelar su acceso al sitio web, cancelar su membres\u00eda en KasinoBonusIO, cancelar cualquier compra realizada a trav\u00e9s del sitio web sin reembolso ni aviso, o tomar cualquier otra acci\u00f3n que consideremos apropiada.<\/p>\n\n\n\n<p><strong>7.2<\/strong> Usted acepta indemnizarnos y mantenernos a salvo de cualquier costo, gasto, p\u00e9rdida, procedimiento o responsabilidad presentada en nuestra contra o incurrida por nosotros en relaci\u00f3n con su incumplimiento de estos t\u00e9rminos de uso de cualquier manera.<\/p>\n\n\n\n<h3 class=\"wp-block-heading\">8. Membres\u00eda<\/h3>\n\n\n\n<p><strong>8.1<\/strong> La membres\u00eda es gratuita y solo est\u00e1 disponible para personas o partes con capacidad contractual. Al convertirse en miembro de KasinoBonusIO, garantiza que tiene capacidad contractual y que puede formar un contrato vinculante que sea exigible contra usted. En Finlandia, esto requiere que tenga al menos 18 a\u00f1os.<\/p>\n\n\n\n<p><strong>8.2<\/strong> Al convertirse en miembro de KasinoBonusIO, proporcionar\u00e1 cierta informaci\u00f3n. Acepta proporcionarnos informaci\u00f3n actual, completa y precisa, y actualizar cualquier informaci\u00f3n que haya cambiado.<\/p>\n\n\n\n<p><strong>8.3<\/strong> Podemos usar la informaci\u00f3n proporcionada por usted para verificar la exactitud de esa informaci\u00f3n (incluido el uso de la informaci\u00f3n para contactarlo).<\/p>\n\n\n\n<p><strong>8.4<\/strong> Nos reservamos el derecho exclusivo de decidir qui\u00e9n puede ser miembro de KasinoBonusIO y mantenemos el derecho de terminar cualquier membres\u00eda sin previo aviso ni explicaci\u00f3n.<\/p>\n\n\n\n<p><strong>8.5<\/strong> Acepta mantener sus datos de inicio de sesi\u00f3n seguros y confidenciales en todo momento, y no divulgar sus datos de inicio de sesi\u00f3n a ninguna otra persona. Acepta no permitir que nadie m\u00e1s acceda a su cuenta de membres\u00eda. Tambi\u00e9n acepta que es el \u00fanico responsable de todas las acciones realizadas utilizando sus datos de inicio de sesi\u00f3n o cuenta de membres\u00eda.<\/p>\n\n\n\n<p><strong>8.6<\/strong> Acepta notificarnos de inmediato cualquier uso no autorizado de sus datos de inicio de sesi\u00f3n o cuenta de membres\u00eda, o cualquier otra violaci\u00f3n de seguridad. Al notificarnos, dejaremos de confiar en esos detalles y\/o terminaremos esa cuenta.<\/p>\n\n\n\n<p><strong>8.7<\/strong> Renuncia a cualquier reclamaci\u00f3n contra nosotros con respecto a cualquier uso de sus datos de inicio de sesi\u00f3n y cuenta de membres\u00eda.<\/p>\n\n\n\n<h3 class=\"wp-block-heading\"><strong>9. Ley Aplicable<\/strong><\/h3>\n\n\n\n<p><strong>9.1<\/strong> Estos t\u00e9rminos de uso ser\u00e1n interpretados y tendr\u00e1n efecto como un contrato celebrado en Finlandia y se regir\u00e1n por la ley finlandesa. Usted se somete a la jurisdicci\u00f3n exclusiva de los tribunales de Finlandia.<\/p>\n\n\n\n<h3 class=\"wp-block-heading\"><strong>10. Definiciones<\/strong><\/h3>\n\n\n\n<p><strong>10.1<\/strong> \u201cNosotros\/nos\u201d se refiere a KasinoBonusIO LLC, con n\u00famero de identificaci\u00f3n de empresa 89888331225.<\/p>\n\n\n\n<p><strong>10.2<\/strong> \u201cSitio web\u201d significa e incluye www.www.kasinobonus.ai y cualquier p\u00e1gina derivada de este sitio web, as\u00ed como cualquier p\u00e1gina propiedad de KasinoBonusIO LLC, con n\u00famero de identificaci\u00f3n de empresa 89888331225.<\/p>\n\n\n\n<p><strong>10.3<\/strong> \u201cUsted\/su\u201d se refiere a usted, como usuario del sitio web.<\/p>\n","protected":false},"excerpt":{"rendered":"<p>T\u00e9rminos de Uso Responsabilidad de los Receivers KasinoBonusIO LLC fue puesta en administraci\u00f3n el 31 de agosto de 2020. Al utilizar el sitio web, usted acepta que los administradores de esta empresa y las empresas relacionadas (incluyendo su firma, personal y asesores) no tienen responsabilidad personal ante usted ni ninguna otra persona (ya sea en [&hellip;]<\/p>\n","protected":false},"author":1,"featured_media":0,"parent":0,"menu_order":0,"comment_status":"closed","ping_status":"closed","template":"","meta":{"inline_featured_image":false,"footnotes":""},"class_list":["post-21417","page","type-page","status-publish","hentry"],"yoast_head":"<!-- This site is optimized with the Yoast SEO plugin v24.5 - https:\/\/yoast.com\/wordpress\/plugins\/seo\/ -->\n<title>T\u00e9rminos de Uso - www.kasinobonus.ai<\/title>\n<meta name=\"description\" content=\"Lee nuestros t\u00e9rminos de uso para entender las reglas y condiciones al acceder y utilizar nuestro sitio web y servicios.\" \/>\n<meta name=\"robots\" content=\"index, follow, max-snippet:-1, max-image-preview:large, max-video-preview:-1\" \/>\n<link rel=\"canonical\" href=\"https:\/\/www.kasinobonus.ai\/es\/terms-of-use\/\" \/>\n<script type=\"application\/ld+json\" class=\"yoast-schema-graph\">{\"@context\":\"https:\/\/schema.org\",\"@graph\":[{\"@type\":\"WebPage\",\"@id\":\"https:\/\/www.kasinobonus.ai\/es\/terms-of-use\/\",\"url\":\"https:\/\/www.kasinobonus.ai\/es\/terms-of-use\/\",\"name\":\"T\u00e9rminos de Uso - www.kasinobonus.ai\",\"isPartOf\":{\"@id\":\"https:\/\/www.kasinobonus.ai\/es\/#website\"},\"datePublished\":\"2024-11-25T08:47:35+00:00\",\"dateModified\":\"2025-07-26T09:16:57+00:00\",\"description\":\"Lee nuestros t\u00e9rminos de uso para entender las reglas y condiciones al acceder y utilizar nuestro sitio web y servicios.\",\"breadcrumb\":{\"@id\":\"https:\/\/www.kasinobonus.ai\/es\/terms-of-use\/#breadcrumb\"},\"inLanguage\":\"es\",\"potentialAction\":[{\"@type\":\"ReadAction\",\"target\":[\"https:\/\/www.kasinobonus.ai\/es\/terms-of-use\/\"]}]},{\"@type\":\"BreadcrumbList\",\"@id\":\"https:\/\/www.kasinobonus.ai\/es\/terms-of-use\/#breadcrumb\",\"itemListElement\":[{\"@type\":\"ListItem\",\"position\":1,\"name\":\"Home\",\"item\":\"https:\/\/kasinobonus.ai\/es\/\"},{\"@type\":\"ListItem\",\"position\":2,\"name\":\"T\u00e9rminos de Uso\"}]},{\"@type\":\"WebSite\",\"@id\":\"https:\/\/www.kasinobonus.ai\/es\/#website\",\"url\":\"https:\/\/www.kasinobonus.ai\/es\/\",\"name\":\"www.kasinobonus.ai\",\"description\":\"\",\"publisher\":{\"@id\":\"https:\/\/www.kasinobonus.ai\/es\/#organization\"},\"potentialAction\":[{\"@type\":\"SearchAction\",\"target\":{\"@type\":\"EntryPoint\",\"urlTemplate\":\"https:\/\/www.kasinobonus.ai\/es\/?s={search_term_string}\"},\"query-input\":{\"@type\":\"PropertyValueSpecification\",\"valueRequired\":true,\"valueName\":\"search_term_string\"}}],\"inLanguage\":\"es\"},{\"@type\":\"Organization\",\"@id\":\"https:\/\/www.kasinobonus.ai\/es\/#organization\",\"name\":\"KasinoBonus\",\"alternateName\":\"KasinoBonusAI\",\"url\":\"https:\/\/www.kasinobonus.ai\/es\/\",\"logo\":{\"@type\":\"ImageObject\",\"inLanguage\":\"es\",\"@id\":\"https:\/\/www.kasinobonus.ai\/es\/#\/schema\/logo\/image\/\",\"url\":\"https:\/\/www.kasinobonus.ai\/wp-content\/uploads\/2023\/09\/kasinobonus-logo-light.png\",\"contentUrl\":\"https:\/\/www.kasinobonus.ai\/wp-content\/uploads\/2023\/09\/kasinobonus-logo-light.png\",\"width\":3200,\"height\":596,\"caption\":\"KasinoBonus\"},\"image\":{\"@id\":\"https:\/\/www.kasinobonus.ai\/es\/#\/schema\/logo\/image\/\"},\"sameAs\":[\"https:\/\/www.facebook.com\/kasinobonusio\/\",\"https:\/\/x.com\/Kasinobonus_io\",\"https:\/\/www.linkedin.com\/in\/matti-slotte-26612033b\",\"http:\/\/kasinobonus.wikidot.com\/system:welcome\",\"https:\/\/www.trustpilot.com\/review\/www.kasinobonus.ai\",\"https:\/\/orcid.org\/0009-0007-2889-1713\",\"https:\/\/en.everybodywiki.com\/Matti_Slotte\",\"https:\/\/www.immuniweb.com\/ssl\/kasinobonus.ai\/M4lqCqYY\/\"]}]}<\/script>\n<!-- \/ Yoast SEO plugin. -->","yoast_head_json":{"title":"T\u00e9rminos de Uso - www.kasinobonus.ai","description":"Lee nuestros t\u00e9rminos de uso para entender las reglas y condiciones al acceder y utilizar nuestro sitio web y servicios.","robots":{"index":"index","follow":"follow","max-snippet":"max-snippet:-1","max-image-preview":"max-image-preview:large","max-video-preview":"max-video-preview:-1"},"canonical":"https:\/\/www.kasinobonus.ai\/es\/terms-of-use\/","schema":{"@context":"https:\/\/schema.org","@graph":[{"@type":"WebPage","@id":"https:\/\/www.kasinobonus.ai\/es\/terms-of-use\/","url":"https:\/\/www.kasinobonus.ai\/es\/terms-of-use\/","name":"T\u00e9rminos de Uso - www.kasinobonus.ai","isPartOf":{"@id":"https:\/\/www.kasinobonus.ai\/es\/#website"},"datePublished":"2024-11-25T08:47:35+00:00","dateModified":"2025-07-26T09:16:57+00:00","description":"Lee nuestros t\u00e9rminos de uso para entender las reglas y condiciones al acceder y utilizar nuestro sitio web y servicios.","breadcrumb":{"@id":"https:\/\/www.kasinobonus.ai\/es\/terms-of-use\/#breadcrumb"},"inLanguage":"es","potentialAction":[{"@type":"ReadAction","target":["https:\/\/www.kasinobonus.ai\/es\/terms-of-use\/"]}]},{"@type":"BreadcrumbList","@id":"https:\/\/www.kasinobonus.ai\/es\/terms-of-use\/#breadcrumb","itemListElement":[{"@type":"ListItem","position":1,"name":"Home","item":"https:\/\/kasinobonus.ai\/es\/"},{"@type":"ListItem","position":2,"name":"T\u00e9rminos de Uso"}]},{"@type":"WebSite","@id":"https:\/\/www.kasinobonus.ai\/es\/#website","url":"https:\/\/www.kasinobonus.ai\/es\/","name":"www.kasinobonus.ai","description":"","publisher":{"@id":"https:\/\/www.kasinobonus.ai\/es\/#organization"},"potentialAction":[{"@type":"SearchAction","target":{"@type":"EntryPoint","urlTemplate":"https:\/\/www.kasinobonus.ai\/es\/?s={search_term_string}"},"query-input":{"@type":"PropertyValueSpecification","valueRequired":true,"valueName":"search_term_string"}}],"inLanguage":"es"},{"@type":"Organization","@id":"https:\/\/www.kasinobonus.ai\/es\/#organization","name":"KasinoBonus","alternateName":"KasinoBonusAI","url":"https:\/\/www.kasinobonus.ai\/es\/","logo":{"@type":"ImageObject","inLanguage":"es","@id":"https:\/\/www.kasinobonus.ai\/es\/#\/schema\/logo\/image\/","url":"https:\/\/www.kasinobonus.ai\/wp-content\/uploads\/2023\/09\/kasinobonus-logo-light.png","contentUrl":"https:\/\/www.kasinobonus.ai\/wp-content\/uploads\/2023\/09\/kasinobonus-logo-light.png","width":3200,"height":596,"caption":"KasinoBonus"},"image":{"@id":"https:\/\/www.kasinobonus.ai\/es\/#\/schema\/logo\/image\/"},"sameAs":["https:\/\/www.facebook.com\/kasinobonusio\/","https:\/\/x.com\/Kasinobonus_io","https:\/\/www.linkedin.com\/in\/matti-slotte-26612033b","http:\/\/kasinobonus.wikidot.com\/system:welcome","https:\/\/www.trustpilot.com\/review\/www.kasinobonus.ai","https:\/\/orcid.org\/0009-0007-2889-1713","https:\/\/en.everybodywiki.com\/Matti_Slotte","https:\/\/www.immuniweb.com\/ssl\/kasinobonus.ai\/M4lqCqYY\/"]}]}},"_links":{"self":[{"href":"https:\/\/www.kasinobonus.ai\/es\/wp-json\/wp\/v2\/pages\/21417","targetHints":{"allow":["GET"]}}],"collection":[{"href":"https:\/\/www.kasinobonus.ai\/es\/wp-json\/wp\/v2\/pages"}],"about":[{"href":"https:\/\/www.kasinobonus.ai\/es\/wp-json\/wp\/v2\/types\/page"}],"author":[{"embeddable":true,"href":"https:\/\/www.kasinobonus.ai\/es\/wp-json\/wp\/v2\/users\/1"}],"replies":[{"embeddable":true,"href":"https:\/\/www.kasinobonus.ai\/es\/wp-json\/wp\/v2\/comments?post=21417"}],"version-history":[{"count":2,"href":"https:\/\/www.kasinobonus.ai\/es\/wp-json\/wp\/v2\/pages\/21417\/revisions"}],"predecessor-version":[{"id":34473,"href":"https:\/\/www.kasinobonus.ai\/es\/wp-json\/wp\/v2\/pages\/21417\/revisions\/34473"}],"wp:attachment":[{"href":"https:\/\/www.kasinobonus.ai\/es\/wp-json\/wp\/v2\/media?parent=21417"}],"curies":[{"name":"wp","href":"https:\/\/api.w.org\/{rel}","templated":true}]}}