{"id":21414,"date":"2024-11-25T08:46:00","date_gmt":"2024-11-25T08:46:00","guid":{"rendered":"https:\/\/kasinobonus.ai\/terms-of-sale\/"},"modified":"2025-07-26T09:16:36","modified_gmt":"2025-07-26T09:16:36","slug":"terms-of-sale","status":"publish","type":"page","link":"https:\/\/www.kasinobonus.ai\/es\/terms-of-sale\/","title":{"rendered":"Condiciones de venta"},"content":{"rendered":"\n<h1 class=\"wp-block-heading\"><strong>T\u00e9rminos de Venta<\/strong><\/h1>\n\n\n\n<h2 class=\"wp-block-heading\"><strong>1. T\u00e9rminos de Venta<\/strong><\/h2>\n\n\n\n<p>1.1 Estos t\u00e9rminos de venta establecen los t\u00e9rminos y condiciones que se aplican a todas las compras realizadas en el sitio web. Si compras algo en el sitio web, se considerar\u00e1 que has aceptado estos t\u00e9rminos de venta y que est\u00e1s de acuerdo en cumplir con ellos.<\/p>\n\n\n\n<p>1.2 Nos reservamos el derecho de modificar estos t\u00e9rminos de venta en cualquier momento. Cualquier variaci\u00f3n ser\u00e1 efectiva inmediatamente despu\u00e9s de que se publique la versi\u00f3n modificada de los t\u00e9rminos de venta en el sitio web. Estos t\u00e9rminos de venta se actualizaron por \u00faltima vez el 22 de noviembre de 2024. Al realizar compras en el sitio web despu\u00e9s de esta fecha, aceptas estar sujeto a los t\u00e9rminos de venta modificados.<\/p>\n\n\n\n<h2 class=\"wp-block-heading\"><strong>2. KasinoBonusIO como Agente<\/strong><\/h2>\n\n\n\n<p>2.1 Somos un agente en nombre del operador con el que realizas tus compras. Cualquier representaci\u00f3n realizada por el operador con respecto al evento y cualquier reclamo o queja asociada ser\u00e1 responsabilidad del operador y no nuestra.<\/p>\n\n\n\n<p>2.2 Todas las compras est\u00e1n sujetas a los t\u00e9rminos y condiciones de venta del operador. Es tu responsabilidad asegurarte de que est\u00e1s familiarizado con los t\u00e9rminos y condiciones del operador. Podemos proporcionarte una copia de los t\u00e9rminos y condiciones del operador si lo solicitas.<\/p>\n\n\n\n<p>2.3 Si existe alguna inconsistencia entre estos t\u00e9rminos de venta y los t\u00e9rminos y condiciones del operador, o si estos t\u00e9rminos de venta no abordan alg\u00fan asunto, prevalecer\u00e1n los t\u00e9rminos y condiciones del operador en caso de tal inconsistencia \/ silencio.<\/p>\n\n\n\n<h2 class=\"wp-block-heading\"><strong>3. Confirmaci\u00f3n de Pedido<\/strong><\/h2>\n\n\n\n<p>3.1 Cuando completes una compra en l\u00ednea, recibir\u00e1s un correo electr\u00f3nico de confirmaci\u00f3n. Esto te permitir\u00e1 acceder a tus entradas para imprimirlas. Si no recibes este correo electr\u00f3nico, es tu responsabilidad contactarnos para informarnos. Si no nos informas que no has recibido la confirmaci\u00f3n, no podremos garantizar que tu compra haya sido exitosa. Esto podr\u00eda resultar en la imposibilidad de comprar entradas si el evento est\u00e1 agotado.<\/p>\n\n\n\n<h2 class=\"wp-block-heading\"><strong>4. Reembolsos y Cambios<\/strong><\/h2>\n\n\n\n<p>4.1 A menos que lo autorice el operador o sea requerido por ley, no proporcionamos reembolsos ni cambios en ninguna entrada comprada. Por lo tanto, aseg\u00farate de revisar cuidadosamente la selecci\u00f3n de tu evento y asiento antes de procesar la compra.<\/p>\n\n\n\n<h2 class=\"wp-block-heading\"><strong>5. Limitaci\u00f3n de Responsabilidad<\/strong><\/h2>\n\n\n\n<p>5.1 No asumimos ninguna responsabilidad por p\u00e9rdidas de ning\u00fan tipo derivadas de tu asistencia a un evento. Cualquier responsabilidad que surja es un asunto entre t\u00fa y el operador u otra parte.<\/p>\n\n\n\n<p>5.2 Al comprar entradas en nombre de otras personas, incluidos menores, reconoces que esas personas est\u00e1n al tanto de todos los t\u00e9rminos y condiciones relacionados con sus entradas y su entrada y asistencia al evento.<\/p>\n\n\n\n<p>5.3 En la medida m\u00e1xima permitida por la ley, excluimos toda responsabilidad relacionada con el evento y no seremos responsables de ninguna p\u00e9rdida, lesi\u00f3n o da\u00f1o causado de cualquier manera (incluyendo a cualquier persona o propiedad), incluyendo bajo contrato, agravio, estatuto, responsabilidad del producto o de otra manera, ya sea directa o indirecta, especial, incidental o consecuente, resultante del uso de este sitio web, el uso o la imposibilidad de usar las entradas, la cancelaci\u00f3n o el aplazamiento del evento, o por cualquier otro motivo.<\/p>\n\n\n\n<h2 class=\"wp-block-heading\"><strong>6. T\u00e9rminos y Condiciones<\/strong><\/h2>\n\n\n\n<p>6.1 \u00abOperador\u00bb se refiere a la parte que presenta el evento. Esto puede incluir, pero no se limita a, un promotor, productor, equipo, banda o lugar.<\/p>\n\n\n\n<p>6.2 \u00abNosotros\/nos\u00bb hace referencia a KasinoBonusIO LLC, ID de empresa 89888331225.<\/p>\n\n\n\n<p>6.3 \u00abSitio web\u00bb significa e incluye www.www.kasinobonus.ai y cualquier p\u00e1gina derivada de este sitio web, as\u00ed como cualquier p\u00e1gina propiedad de KasinoBonusIO LLC, ID de empresa 89888331225.<\/p>\n\n\n\n<p>6.4 \u00abT\u00fa\/tu\u00bb, \u00abusuario\/usuarios\u00bb hace referencia a los usuarios del sitio web.<\/p>\n","protected":false},"excerpt":{"rendered":"<p>T\u00e9rminos de Venta 1. T\u00e9rminos de Venta 1.1 Estos t\u00e9rminos de venta establecen los t\u00e9rminos y condiciones que se aplican a todas las compras realizadas en el sitio web. Si compras algo en el sitio web, se considerar\u00e1 que has aceptado estos t\u00e9rminos de venta y que est\u00e1s de acuerdo en cumplir con ellos. 1.2 [&hellip;]<\/p>\n","protected":false},"author":1,"featured_media":0,"parent":0,"menu_order":0,"comment_status":"closed","ping_status":"closed","template":"","meta":{"inline_featured_image":false,"footnotes":""},"class_list":["post-21414","page","type-page","status-publish","hentry"],"yoast_head":"<!-- This site is optimized with the Yoast SEO plugin v24.5 - https:\/\/yoast.com\/wordpress\/plugins\/seo\/ -->\n<title>Condiciones de venta - www.kasinobonus.ai<\/title>\n<meta name=\"description\" content=\"Consulta nuestros t\u00e9rminos de venta para comprender tus derechos y responsabilidades al utilizar nuestros servicios de forma clara y transparente.\" \/>\n<meta name=\"robots\" content=\"index, follow, max-snippet:-1, max-image-preview:large, max-video-preview:-1\" \/>\n<link rel=\"canonical\" href=\"https:\/\/www.kasinobonus.ai\/es\/terms-of-sale\/\" \/>\n<script type=\"application\/ld+json\" class=\"yoast-schema-graph\">{\"@context\":\"https:\/\/schema.org\",\"@graph\":[{\"@type\":\"WebPage\",\"@id\":\"https:\/\/www.kasinobonus.ai\/es\/terms-of-sale\/\",\"url\":\"https:\/\/www.kasinobonus.ai\/es\/terms-of-sale\/\",\"name\":\"Condiciones de venta - www.kasinobonus.ai\",\"isPartOf\":{\"@id\":\"https:\/\/www.kasinobonus.ai\/es\/#website\"},\"datePublished\":\"2024-11-25T08:46:00+00:00\",\"dateModified\":\"2025-07-26T09:16:36+00:00\",\"description\":\"Consulta nuestros t\u00e9rminos de venta para comprender tus derechos y responsabilidades al utilizar nuestros servicios de forma clara y transparente.\",\"breadcrumb\":{\"@id\":\"https:\/\/www.kasinobonus.ai\/es\/terms-of-sale\/#breadcrumb\"},\"inLanguage\":\"es\",\"potentialAction\":[{\"@type\":\"ReadAction\",\"target\":[\"https:\/\/www.kasinobonus.ai\/es\/terms-of-sale\/\"]}]},{\"@type\":\"BreadcrumbList\",\"@id\":\"https:\/\/www.kasinobonus.ai\/es\/terms-of-sale\/#breadcrumb\",\"itemListElement\":[{\"@type\":\"ListItem\",\"position\":1,\"name\":\"Home\",\"item\":\"https:\/\/kasinobonus.ai\/es\/\"},{\"@type\":\"ListItem\",\"position\":2,\"name\":\"Condiciones de venta\"}]},{\"@type\":\"WebSite\",\"@id\":\"https:\/\/www.kasinobonus.ai\/es\/#website\",\"url\":\"https:\/\/www.kasinobonus.ai\/es\/\",\"name\":\"www.kasinobonus.ai\",\"description\":\"\",\"publisher\":{\"@id\":\"https:\/\/www.kasinobonus.ai\/es\/#organization\"},\"potentialAction\":[{\"@type\":\"SearchAction\",\"target\":{\"@type\":\"EntryPoint\",\"urlTemplate\":\"https:\/\/www.kasinobonus.ai\/es\/?s={search_term_string}\"},\"query-input\":{\"@type\":\"PropertyValueSpecification\",\"valueRequired\":true,\"valueName\":\"search_term_string\"}}],\"inLanguage\":\"es\"},{\"@type\":\"Organization\",\"@id\":\"https:\/\/www.kasinobonus.ai\/es\/#organization\",\"name\":\"KasinoBonus\",\"alternateName\":\"KasinoBonusAI\",\"url\":\"https:\/\/www.kasinobonus.ai\/es\/\",\"logo\":{\"@type\":\"ImageObject\",\"inLanguage\":\"es\",\"@id\":\"https:\/\/www.kasinobonus.ai\/es\/#\/schema\/logo\/image\/\",\"url\":\"https:\/\/www.kasinobonus.ai\/wp-content\/uploads\/2023\/09\/kasinobonus-logo-light.png\",\"contentUrl\":\"https:\/\/www.kasinobonus.ai\/wp-content\/uploads\/2023\/09\/kasinobonus-logo-light.png\",\"width\":3200,\"height\":596,\"caption\":\"KasinoBonus\"},\"image\":{\"@id\":\"https:\/\/www.kasinobonus.ai\/es\/#\/schema\/logo\/image\/\"},\"sameAs\":[\"https:\/\/www.facebook.com\/kasinobonusio\/\",\"https:\/\/x.com\/Kasinobonus_io\",\"https:\/\/www.linkedin.com\/in\/matti-slotte-26612033b\",\"http:\/\/kasinobonus.wikidot.com\/system:welcome\",\"https:\/\/www.trustpilot.com\/review\/www.kasinobonus.ai\",\"https:\/\/orcid.org\/0009-0007-2889-1713\",\"https:\/\/en.everybodywiki.com\/Matti_Slotte\",\"https:\/\/www.immuniweb.com\/ssl\/kasinobonus.ai\/M4lqCqYY\/\"]}]}<\/script>\n<!-- \/ Yoast SEO plugin. -->","yoast_head_json":{"title":"Condiciones de venta - www.kasinobonus.ai","description":"Consulta nuestros t\u00e9rminos de venta para comprender tus derechos y responsabilidades al utilizar nuestros servicios de forma clara y transparente.","robots":{"index":"index","follow":"follow","max-snippet":"max-snippet:-1","max-image-preview":"max-image-preview:large","max-video-preview":"max-video-preview:-1"},"canonical":"https:\/\/www.kasinobonus.ai\/es\/terms-of-sale\/","schema":{"@context":"https:\/\/schema.org","@graph":[{"@type":"WebPage","@id":"https:\/\/www.kasinobonus.ai\/es\/terms-of-sale\/","url":"https:\/\/www.kasinobonus.ai\/es\/terms-of-sale\/","name":"Condiciones de venta - www.kasinobonus.ai","isPartOf":{"@id":"https:\/\/www.kasinobonus.ai\/es\/#website"},"datePublished":"2024-11-25T08:46:00+00:00","dateModified":"2025-07-26T09:16:36+00:00","description":"Consulta nuestros t\u00e9rminos de venta para comprender tus derechos y responsabilidades al utilizar nuestros servicios de forma clara y transparente.","breadcrumb":{"@id":"https:\/\/www.kasinobonus.ai\/es\/terms-of-sale\/#breadcrumb"},"inLanguage":"es","potentialAction":[{"@type":"ReadAction","target":["https:\/\/www.kasinobonus.ai\/es\/terms-of-sale\/"]}]},{"@type":"BreadcrumbList","@id":"https:\/\/www.kasinobonus.ai\/es\/terms-of-sale\/#breadcrumb","itemListElement":[{"@type":"ListItem","position":1,"name":"Home","item":"https:\/\/kasinobonus.ai\/es\/"},{"@type":"ListItem","position":2,"name":"Condiciones de venta"}]},{"@type":"WebSite","@id":"https:\/\/www.kasinobonus.ai\/es\/#website","url":"https:\/\/www.kasinobonus.ai\/es\/","name":"www.kasinobonus.ai","description":"","publisher":{"@id":"https:\/\/www.kasinobonus.ai\/es\/#organization"},"potentialAction":[{"@type":"SearchAction","target":{"@type":"EntryPoint","urlTemplate":"https:\/\/www.kasinobonus.ai\/es\/?s={search_term_string}"},"query-input":{"@type":"PropertyValueSpecification","valueRequired":true,"valueName":"search_term_string"}}],"inLanguage":"es"},{"@type":"Organization","@id":"https:\/\/www.kasinobonus.ai\/es\/#organization","name":"KasinoBonus","alternateName":"KasinoBonusAI","url":"https:\/\/www.kasinobonus.ai\/es\/","logo":{"@type":"ImageObject","inLanguage":"es","@id":"https:\/\/www.kasinobonus.ai\/es\/#\/schema\/logo\/image\/","url":"https:\/\/www.kasinobonus.ai\/wp-content\/uploads\/2023\/09\/kasinobonus-logo-light.png","contentUrl":"https:\/\/www.kasinobonus.ai\/wp-content\/uploads\/2023\/09\/kasinobonus-logo-light.png","width":3200,"height":596,"caption":"KasinoBonus"},"image":{"@id":"https:\/\/www.kasinobonus.ai\/es\/#\/schema\/logo\/image\/"},"sameAs":["https:\/\/www.facebook.com\/kasinobonusio\/","https:\/\/x.com\/Kasinobonus_io","https:\/\/www.linkedin.com\/in\/matti-slotte-26612033b","http:\/\/kasinobonus.wikidot.com\/system:welcome","https:\/\/www.trustpilot.com\/review\/www.kasinobonus.ai","https:\/\/orcid.org\/0009-0007-2889-1713","https:\/\/en.everybodywiki.com\/Matti_Slotte","https:\/\/www.immuniweb.com\/ssl\/kasinobonus.ai\/M4lqCqYY\/"]}]}},"_links":{"self":[{"href":"https:\/\/www.kasinobonus.ai\/es\/wp-json\/wp\/v2\/pages\/21414","targetHints":{"allow":["GET"]}}],"collection":[{"href":"https:\/\/www.kasinobonus.ai\/es\/wp-json\/wp\/v2\/pages"}],"about":[{"href":"https:\/\/www.kasinobonus.ai\/es\/wp-json\/wp\/v2\/types\/page"}],"author":[{"embeddable":true,"href":"https:\/\/www.kasinobonus.ai\/es\/wp-json\/wp\/v2\/users\/1"}],"replies":[{"embeddable":true,"href":"https:\/\/www.kasinobonus.ai\/es\/wp-json\/wp\/v2\/comments?post=21414"}],"version-history":[{"count":2,"href":"https:\/\/www.kasinobonus.ai\/es\/wp-json\/wp\/v2\/pages\/21414\/revisions"}],"predecessor-version":[{"id":34472,"href":"https:\/\/www.kasinobonus.ai\/es\/wp-json\/wp\/v2\/pages\/21414\/revisions\/34472"}],"wp:attachment":[{"href":"https:\/\/www.kasinobonus.ai\/es\/wp-json\/wp\/v2\/media?parent=21414"}],"curies":[{"name":"wp","href":"https:\/\/api.w.org\/{rel}","templated":true}]}}