{"id":21410,"date":"2024-11-25T08:44:42","date_gmt":"2024-11-25T08:44:42","guid":{"rendered":"https:\/\/kasinobonus.ai\/privacy-policy\/"},"modified":"2025-07-27T07:32:17","modified_gmt":"2025-07-27T07:32:17","slug":"privacy-policy","status":"publish","type":"page","link":"https:\/\/www.kasinobonus.ai\/es\/privacy-policy\/","title":{"rendered":"Pol\u00edtica de privacidad"},"content":{"rendered":"\n<h1 class=\"wp-block-heading\"><strong>Pol\u00edtica de Privacidad<\/strong><\/h1>\n\n\n\n<h2 class=\"wp-block-heading\"><strong>1. Nuestra Pol\u00edtica de Privacidad<\/strong><\/h2>\n\n\n\n<p>1.1 Respetamos la privacidad de todos nuestros clientes que utilizan el sitio web Kasinobonus. Nos comprometemos a proteger la informaci\u00f3n personal que los usuarios proporcionan durante el proceso de registro en l\u00ednea y las transacciones.<\/p>\n\n\n\n<p>1.2 Al acceder y utilizar el sitio web, se considerar\u00e1 que acepta esta Pol\u00edtica de Privacidad.<\/p>\n\n\n\n<p>1.3 Esta Pol\u00edtica de Privacidad est\u00e1 basada en los Principios de Privacidad de la Informaci\u00f3n de la Ley de Privacidad de 1993.<\/p>\n\n\n\n<h2 class=\"wp-block-heading\"><strong>2. Modificaciones<\/strong><\/h2>\n\n\n\n<p>2.1 Nos reservamos el derecho de modificar esta Pol\u00edtica de Privacidad en cualquier momento. Cualquier modificaci\u00f3n ser\u00e1 efectiva inmediatamente despu\u00e9s de la publicaci\u00f3n de la Pol\u00edtica de Privacidad modificada en el sitio web. Esta Pol\u00edtica de Privacidad se actualiz\u00f3 por \u00faltima vez el 22 de noviembre de 2024. Al continuar accediendo y utilizando el sitio web, usted acepta estar vinculado por la Pol\u00edtica de Privacidad modificada.<\/p>\n\n\n\n<h2 class=\"wp-block-heading\"><strong>3. C\u00f3mo recopilamos la informaci\u00f3n<\/strong><\/h2>\n\n\n\n<p>3.1 Recopilamos informaci\u00f3n personal de las siguientes maneras:<\/p>\n\n\n\n<p>(a) Cuando se registra como miembro de KasinoBonusIO para crear una cuenta y proporciona informaci\u00f3n personal para completar el proceso de registro;<\/p>\n\n\n\n<p>(b) Cuando compra boletos a trav\u00e9s del sitio web y proporciona informaci\u00f3n personal para completar la transacci\u00f3n en l\u00ednea (incluyendo compras realizadas sin una cuenta de KasinoBonusIO);<\/p>\n\n\n\n<p>(c) Cuando compra boletos a trav\u00e9s de un punto de venta, como una asociaci\u00f3n universitaria o una tienda de discos, y proporciona informaci\u00f3n personal para completar la transacci\u00f3n; y<\/p>\n\n\n\n<p>(d) Cuando visita el sitio web, recopilamos informaci\u00f3n sobre el uso del sitio web, como su direcci\u00f3n IP y el tipo de navegador. Tambi\u00e9n recopilamos y retenemos dicha informaci\u00f3n utilizando cookies (consulte la cl\u00e1usula 8 a continuaci\u00f3n).<\/p>\n\n\n\n<h2 class=\"wp-block-heading\"><strong>4. Uso de la informaci\u00f3n recopilada<\/strong><\/h2>\n\n\n\n<p>4.1 Recopilamos informaci\u00f3n personal (como su nombre, direcci\u00f3n, n\u00famero de tel\u00e9fono y correo electr\u00f3nico):<\/p>\n\n\n\n<p>(a) Para asegurarnos de que los boletos que compra le sean entregados;<\/p>\n\n\n\n<p>(b) Para contactarlo cuando consideremos necesario en relaci\u00f3n con su compra, incluyendo para informarle sobre cualquier cambio o cancelaci\u00f3n que pueda ocurrir;<\/p>\n\n\n\n<p>(c) Para proporcionarle m\u00e1s informaci\u00f3n sobre el sitio web y otros sitios o servicios ofrecidos por nosotros o por terceros, que consideremos puedan ser de su inter\u00e9s.<\/p>\n\n\n\n<p>La informaci\u00f3n financiera personal, como los detalles de la tarjeta de cr\u00e9dito, se recopila para las transacciones de tarjetas de cr\u00e9dito con fines de verificaci\u00f3n de identidad y facturaci\u00f3n.<\/p>\n\n\n\n<p>4.2 La informaci\u00f3n sobre el uso del sitio web y la informaci\u00f3n personal pueden ser utilizadas para mejorar nuestros procesos comerciales, como la seguridad, velocidad y sistemas de informaci\u00f3n. Tambi\u00e9n podemos utilizar esta informaci\u00f3n para hacer investigaciones internas sobre su demograf\u00eda, intereses y comportamiento para servirle mejor a usted y a otros usuarios.<\/p>\n\n\n\n<p>4.3 Sujeto a la cl\u00e1usula 4.4, no divulgaremos su informaci\u00f3n personal a los presentadores de eventos a menos que se registre como miembro de Dash.<\/p>\n\n\n\n<p>4.4 Podemos compartir su informaci\u00f3n personal con:<\/p>\n\n\n\n<p>(a) Los presentadores de eventos a los que haya comprado boletos para mantenerlo informado sobre futuros eventos proporcionados por esos presentadores. (b) Un tercero para proporcionar ofertas especiales con nuestros beneficios (por ejemplo, puntos de recompensa Dash). Las ofertas especiales ser\u00e1n enviadas por nosotros y pueden estar co-marcadas con el tercero. Puede optar por no recibir nuestras ofertas especiales en cualquier momento iniciando sesi\u00f3n en su cuenta Dash y actualizando sus detalles personales.<\/p>\n\n\n\n<p>4.5 En cualquier momento, podemos usar la informaci\u00f3n recopilada del sitio web para generar informes y resumir datos de investigaci\u00f3n que podr\u00edan ser compartidos con un tercero. Estos datos no identificar\u00e1n a ninguna persona en particular.<\/p>\n\n\n\n<p>4.6 En cualquier momento, podemos divulgar toda la informaci\u00f3n que recopilemos de usted cuando creamos que la divulgaci\u00f3n es apropiada para cumplir con la ley, para proteger los derechos, la propiedad o la seguridad de nosotros, nuestros usuarios o de otros, o para satisfacer procesos legales o solicitudes gubernamentales.<\/p>\n\n\n\n<p>4.7 No utilizaremos ni divulgaremos su informaci\u00f3n personal de ninguna manera, excepto de acuerdo con esta Pol\u00edtica de Privacidad o la Ley de Privacidad de 1993.<\/p>\n\n\n\n<h2 class=\"wp-block-heading\"><strong>5. Seguridad de la informaci\u00f3n recopilada<\/strong><\/h2>\n\n\n\n<p>5.1 Nos esforzaremos por proteger toda la informaci\u00f3n que recopilamos sobre usted. Almacenamos su informaci\u00f3n personal en una base de datos segura y cifrada, en un formato de datos propietario que solo puede ser le\u00eddo con el uso de herramientas propietarias. El sitio web est\u00e1 cifrado con un cifrado de alta calidad de 256 bits autenticado por Equifax Secure Inc.<\/p>\n\n\n\n<p>5.2 Todo nuestro personal que tenga acceso a informaci\u00f3n personal mantendr\u00e1 estricta confidencialidad sobre dicha informaci\u00f3n en todo momento.<\/p>\n\n\n\n<h2 class=\"wp-block-heading\"><strong>6. Contenido publicado en tableros de mensajes o eventos<\/strong><\/h2>\n\n\n\n<p>6.1 El sitio web puede ofrecer servicios como foros y tableros de mensajes para comentar y calificar eventos. Toda la informaci\u00f3n divulgada por usted utilizando estas caracter\u00edsticas es informaci\u00f3n p\u00fablica, por lo que debe tener precauci\u00f3n si elige divulgar informaci\u00f3n personal a trav\u00e9s de estas caracter\u00edsticas.<\/p>\n\n\n\n<h2 class=\"wp-block-heading\"><strong>7. Su direcci\u00f3n IP<\/strong><\/h2>\n\n\n\n<p>7.1 Utilizamos su direcci\u00f3n IP para ayudar a diagnosticar problemas con nuestro servidor y para administrar nuestro sitio web. Su direcci\u00f3n IP tambi\u00e9n se usa para ayudar a identificarlo y recopilar informaci\u00f3n demogr\u00e1fica.<\/p>\n\n\n\n<h2 class=\"wp-block-heading\"><strong>8. Uso de tecnolog\u00edas espec\u00edficas<\/strong><\/h2>\n\n\n\n<p>8.1 Las cookies son fragmentos de informaci\u00f3n que un sitio web transfiere al disco duro de su computadora para fines de registro. La mayor\u00eda de los navegadores web est\u00e1n configurados para aceptar cookies. Usamos cookies para ofrecer contenido espec\u00edfico seg\u00fan sus intereses, para guardar su contrase\u00f1a para que no tenga que ingresarla nuevamente cada vez que visite el sitio web, y para otros fines relacionados con sus transacciones en el sitio. Tambi\u00e9n usamos cookies para rastrear las estad\u00edsticas del sitio web para permitirnos comprender mejor a nuestros usuarios y mejorar la funcionalidad y el dise\u00f1o del sitio. Si no desea recibir cookies, puede configurar su navegador para que le pida confirmaci\u00f3n o rechace las cookies. Tenga en cuenta que rechazar las cookies deshabilitar\u00e1 su navegador para comprar boletos en el sitio web.<\/p>\n\n\n\n<h2 class=\"wp-block-heading\"><strong>9. Acceso y correcci\u00f3n<\/strong><\/h2>\n\n\n\n<p>9.1 Seg\u00fan la Ley de Privacidad de 1993, tiene derecho a acceder a la informaci\u00f3n que tenemos sobre usted y corregirla si est\u00e1 incorrecta. Los miembros de KasinoBonusIO pueden acceder y editar su informaci\u00f3n en l\u00ednea a trav\u00e9s de su cuenta de KasinoBonusIO. De lo contrario, puede acceder o cambiar la informaci\u00f3n que hemos recopilado sobre usted enviando una solicitud por escrito a:<\/p>\n\n\n\n<p>(a) Correo electr\u00f3nico a privacy(@)www.kasinobonus.ai<\/p>\n\n\n\n<p>(b) Carta a Norra Larsmov\u00e4gen 78, 70400 Kuopio, Finlandia.<\/p>\n\n\n\n<h2 class=\"wp-block-heading\"><strong>10. Publicidad de terceros<\/strong><\/h2>\n\n\n\n<p>10.1 Para ofrecer ofertas que le interesen, tenemos relaciones con terceros a los que les permitimos colocar anuncios en el sitio web. Al visitar el sitio web, las empresas de servidores de anuncios pueden recopilar informaci\u00f3n sobre usted, como su tipo de dominio, direcci\u00f3n IP e informaci\u00f3n de Clickstream.<\/p>\n\n\n\n<h2 class=\"wp-block-heading\"><strong>11. Enlaces a otros sitios web<\/strong><\/h2>\n\n\n\n<p>11.1 Proporcionamos enlaces a sitios web de terceros para su conveniencia e informaci\u00f3n. Estos sitios vinculados no est\u00e1n bajo nuestro control y no somos responsables de las pr\u00e1cticas de privacidad o el contenido de esos sitios. Antes de divulgar su informaci\u00f3n personal en cualquier otro sitio web, le sugerimos que revise la pol\u00edtica de privacidad en esos sitios.<\/p>\n\n\n\n<h2 class=\"wp-block-heading\"><strong>12. Transacciones seguras en l\u00ednea<\/strong><\/h2>\n\n\n\n<p>12.1 Para compras a trav\u00e9s del sitio web, procesamos los detalles de su tarjeta de cr\u00e9dito de manera segura a trav\u00e9s de internet utilizando un sistema de seguridad de pagos en l\u00ednea acreditado por PCI. Adem\u00e1s de nuestro cifrado SSL en el sitio web y un navegador seguro en su extremo, nos esforzamos por tomar todas las medidas para garantizar que su tarjeta de cr\u00e9dito y anonimato est\u00e9n protegidos cuando realice compras en l\u00ednea con nosotros.<\/p>\n\n\n\n<h2 class=\"wp-block-heading\"><strong>13. T\u00e9rminos y Condiciones<\/strong><\/h2>\n\n\n\n<p>13.1 \u201cPresentador\u201d se refiere a la parte que presenta el evento, que puede incluir, pero no se limita a, un promotor, productor, equipo, banda o lugar.<\/p>\n\n\n\n<p>13.2 \u201cUsuarios\u201d se refiere a los usuarios del sitio web.<\/p>\n\n\n\n<p>13.3 \u201cSitio web\u201d significa e incluye www.www.kasinobonus.ai y cualquier p\u00e1gina derivada de este sitio web y cualquier p\u00e1gina propiedad de KasinoBonusIO LLC, ID de la empresa 89888331225.<\/p>\n","protected":false},"excerpt":{"rendered":"<p>Pol\u00edtica de Privacidad 1. Nuestra Pol\u00edtica de Privacidad 1.1 Respetamos la privacidad de todos nuestros clientes que utilizan el sitio web Kasinobonus. Nos comprometemos a proteger la informaci\u00f3n personal que los usuarios proporcionan durante el proceso de registro en l\u00ednea y las transacciones. 1.2 Al acceder y utilizar el sitio web, se considerar\u00e1 que acepta [&hellip;]<\/p>\n","protected":false},"author":1,"featured_media":0,"parent":0,"menu_order":0,"comment_status":"closed","ping_status":"closed","template":"","meta":{"inline_featured_image":false,"footnotes":""},"class_list":["post-21410","page","type-page","status-publish","hentry"],"yoast_head":"<!-- This site is optimized with the Yoast SEO plugin v24.5 - https:\/\/yoast.com\/wordpress\/plugins\/seo\/ -->\n<title>Pol\u00edtica de privacidad - www.kasinobonus.ai<\/title>\n<meta name=\"description\" content=\"Consulta nuestra pol\u00edtica de privacidad para saber c\u00f3mo recopilamos, usamos y protegemos tus datos personales conforme al RGPD.\" \/>\n<meta name=\"robots\" content=\"index, follow, max-snippet:-1, max-image-preview:large, max-video-preview:-1\" \/>\n<link rel=\"canonical\" href=\"https:\/\/www.kasinobonus.ai\/es\/privacy-policy\/\" \/>\n<script type=\"application\/ld+json\" class=\"yoast-schema-graph\">{\"@context\":\"https:\/\/schema.org\",\"@graph\":[{\"@type\":\"WebPage\",\"@id\":\"https:\/\/www.kasinobonus.ai\/es\/privacy-policy\/\",\"url\":\"https:\/\/www.kasinobonus.ai\/es\/privacy-policy\/\",\"name\":\"Pol\u00edtica de privacidad - www.kasinobonus.ai\",\"isPartOf\":{\"@id\":\"https:\/\/www.kasinobonus.ai\/es\/#website\"},\"datePublished\":\"2024-11-25T08:44:42+00:00\",\"dateModified\":\"2025-07-27T07:32:17+00:00\",\"description\":\"Consulta nuestra pol\u00edtica de privacidad para saber c\u00f3mo recopilamos, usamos y protegemos tus datos personales conforme al RGPD.\",\"breadcrumb\":{\"@id\":\"https:\/\/www.kasinobonus.ai\/es\/privacy-policy\/#breadcrumb\"},\"inLanguage\":\"es\",\"potentialAction\":[{\"@type\":\"ReadAction\",\"target\":[\"https:\/\/www.kasinobonus.ai\/es\/privacy-policy\/\"]}]},{\"@type\":\"BreadcrumbList\",\"@id\":\"https:\/\/www.kasinobonus.ai\/es\/privacy-policy\/#breadcrumb\",\"itemListElement\":[{\"@type\":\"ListItem\",\"position\":1,\"name\":\"Home\",\"item\":\"https:\/\/kasinobonus.ai\/es\/\"},{\"@type\":\"ListItem\",\"position\":2,\"name\":\"Pol\u00edtica de privacidad\"}]},{\"@type\":\"WebSite\",\"@id\":\"https:\/\/www.kasinobonus.ai\/es\/#website\",\"url\":\"https:\/\/www.kasinobonus.ai\/es\/\",\"name\":\"www.kasinobonus.ai\",\"description\":\"\",\"publisher\":{\"@id\":\"https:\/\/www.kasinobonus.ai\/es\/#organization\"},\"potentialAction\":[{\"@type\":\"SearchAction\",\"target\":{\"@type\":\"EntryPoint\",\"urlTemplate\":\"https:\/\/www.kasinobonus.ai\/es\/?s={search_term_string}\"},\"query-input\":{\"@type\":\"PropertyValueSpecification\",\"valueRequired\":true,\"valueName\":\"search_term_string\"}}],\"inLanguage\":\"es\"},{\"@type\":\"Organization\",\"@id\":\"https:\/\/www.kasinobonus.ai\/es\/#organization\",\"name\":\"KasinoBonus\",\"alternateName\":\"KasinoBonusAI\",\"url\":\"https:\/\/www.kasinobonus.ai\/es\/\",\"logo\":{\"@type\":\"ImageObject\",\"inLanguage\":\"es\",\"@id\":\"https:\/\/www.kasinobonus.ai\/es\/#\/schema\/logo\/image\/\",\"url\":\"https:\/\/www.kasinobonus.ai\/wp-content\/uploads\/2023\/09\/kasinobonus-logo-light.png\",\"contentUrl\":\"https:\/\/www.kasinobonus.ai\/wp-content\/uploads\/2023\/09\/kasinobonus-logo-light.png\",\"width\":3200,\"height\":596,\"caption\":\"KasinoBonus\"},\"image\":{\"@id\":\"https:\/\/www.kasinobonus.ai\/es\/#\/schema\/logo\/image\/\"},\"sameAs\":[\"https:\/\/www.facebook.com\/kasinobonusio\/\",\"https:\/\/x.com\/Kasinobonus_io\",\"https:\/\/www.linkedin.com\/in\/matti-slotte-26612033b\",\"http:\/\/kasinobonus.wikidot.com\/system:welcome\",\"https:\/\/www.trustpilot.com\/review\/www.kasinobonus.ai\",\"https:\/\/orcid.org\/0009-0007-2889-1713\",\"https:\/\/en.everybodywiki.com\/Matti_Slotte\",\"https:\/\/www.immuniweb.com\/ssl\/kasinobonus.ai\/M4lqCqYY\/\"]}]}<\/script>\n<!-- \/ Yoast SEO plugin. -->","yoast_head_json":{"title":"Pol\u00edtica de privacidad - www.kasinobonus.ai","description":"Consulta nuestra pol\u00edtica de privacidad para saber c\u00f3mo recopilamos, usamos y protegemos tus datos personales conforme al RGPD.","robots":{"index":"index","follow":"follow","max-snippet":"max-snippet:-1","max-image-preview":"max-image-preview:large","max-video-preview":"max-video-preview:-1"},"canonical":"https:\/\/www.kasinobonus.ai\/es\/privacy-policy\/","schema":{"@context":"https:\/\/schema.org","@graph":[{"@type":"WebPage","@id":"https:\/\/www.kasinobonus.ai\/es\/privacy-policy\/","url":"https:\/\/www.kasinobonus.ai\/es\/privacy-policy\/","name":"Pol\u00edtica de privacidad - www.kasinobonus.ai","isPartOf":{"@id":"https:\/\/www.kasinobonus.ai\/es\/#website"},"datePublished":"2024-11-25T08:44:42+00:00","dateModified":"2025-07-27T07:32:17+00:00","description":"Consulta nuestra pol\u00edtica de privacidad para saber c\u00f3mo recopilamos, usamos y protegemos tus datos personales conforme al RGPD.","breadcrumb":{"@id":"https:\/\/www.kasinobonus.ai\/es\/privacy-policy\/#breadcrumb"},"inLanguage":"es","potentialAction":[{"@type":"ReadAction","target":["https:\/\/www.kasinobonus.ai\/es\/privacy-policy\/"]}]},{"@type":"BreadcrumbList","@id":"https:\/\/www.kasinobonus.ai\/es\/privacy-policy\/#breadcrumb","itemListElement":[{"@type":"ListItem","position":1,"name":"Home","item":"https:\/\/kasinobonus.ai\/es\/"},{"@type":"ListItem","position":2,"name":"Pol\u00edtica de privacidad"}]},{"@type":"WebSite","@id":"https:\/\/www.kasinobonus.ai\/es\/#website","url":"https:\/\/www.kasinobonus.ai\/es\/","name":"www.kasinobonus.ai","description":"","publisher":{"@id":"https:\/\/www.kasinobonus.ai\/es\/#organization"},"potentialAction":[{"@type":"SearchAction","target":{"@type":"EntryPoint","urlTemplate":"https:\/\/www.kasinobonus.ai\/es\/?s={search_term_string}"},"query-input":{"@type":"PropertyValueSpecification","valueRequired":true,"valueName":"search_term_string"}}],"inLanguage":"es"},{"@type":"Organization","@id":"https:\/\/www.kasinobonus.ai\/es\/#organization","name":"KasinoBonus","alternateName":"KasinoBonusAI","url":"https:\/\/www.kasinobonus.ai\/es\/","logo":{"@type":"ImageObject","inLanguage":"es","@id":"https:\/\/www.kasinobonus.ai\/es\/#\/schema\/logo\/image\/","url":"https:\/\/www.kasinobonus.ai\/wp-content\/uploads\/2023\/09\/kasinobonus-logo-light.png","contentUrl":"https:\/\/www.kasinobonus.ai\/wp-content\/uploads\/2023\/09\/kasinobonus-logo-light.png","width":3200,"height":596,"caption":"KasinoBonus"},"image":{"@id":"https:\/\/www.kasinobonus.ai\/es\/#\/schema\/logo\/image\/"},"sameAs":["https:\/\/www.facebook.com\/kasinobonusio\/","https:\/\/x.com\/Kasinobonus_io","https:\/\/www.linkedin.com\/in\/matti-slotte-26612033b","http:\/\/kasinobonus.wikidot.com\/system:welcome","https:\/\/www.trustpilot.com\/review\/www.kasinobonus.ai","https:\/\/orcid.org\/0009-0007-2889-1713","https:\/\/en.everybodywiki.com\/Matti_Slotte","https:\/\/www.immuniweb.com\/ssl\/kasinobonus.ai\/M4lqCqYY\/"]}]}},"_links":{"self":[{"href":"https:\/\/www.kasinobonus.ai\/es\/wp-json\/wp\/v2\/pages\/21410","targetHints":{"allow":["GET"]}}],"collection":[{"href":"https:\/\/www.kasinobonus.ai\/es\/wp-json\/wp\/v2\/pages"}],"about":[{"href":"https:\/\/www.kasinobonus.ai\/es\/wp-json\/wp\/v2\/types\/page"}],"author":[{"embeddable":true,"href":"https:\/\/www.kasinobonus.ai\/es\/wp-json\/wp\/v2\/users\/1"}],"replies":[{"embeddable":true,"href":"https:\/\/www.kasinobonus.ai\/es\/wp-json\/wp\/v2\/comments?post=21410"}],"version-history":[{"count":3,"href":"https:\/\/www.kasinobonus.ai\/es\/wp-json\/wp\/v2\/pages\/21410\/revisions"}],"predecessor-version":[{"id":34519,"href":"https:\/\/www.kasinobonus.ai\/es\/wp-json\/wp\/v2\/pages\/21410\/revisions\/34519"}],"wp:attachment":[{"href":"https:\/\/www.kasinobonus.ai\/es\/wp-json\/wp\/v2\/media?parent=21410"}],"curies":[{"name":"wp","href":"https:\/\/api.w.org\/{rel}","templated":true}]}}