{"id":21407,"date":"2024-11-25T08:41:09","date_gmt":"2024-11-25T08:41:09","guid":{"rendered":"https:\/\/kasinobonus.ai\/how-we-review\/"},"modified":"2025-07-26T09:15:28","modified_gmt":"2025-07-26T09:15:28","slug":"how-we-review","status":"publish","type":"page","link":"https:\/\/www.kasinobonus.ai\/es\/how-we-review\/","title":{"rendered":"C\u00f3mo revisamos"},"content":{"rendered":"\n<h1 class=\"wp-block-heading\"><strong>C\u00f3mo Revisamos Casinos Online en Espa\u00f1a<\/strong><\/h1>\n\n\n\n<p>En Kasinobonus, nuestro equipo editorial, liderado por el propietario y editor en jefe, Matti Slotte, una figura destacada en la comunidad finlandesa de apuestas, se dedica a ofrecer rese\u00f1as honestas y detalladas de casinos en l\u00ednea. Aqu\u00ed te contamos c\u00f3mo lo hacemos.<\/p>\n\n\n\n<h2 class=\"wp-block-heading\">Rese\u00f1as Imparciales<\/h2>\n\n\n\n<p>En nuestra opini\u00f3n, la integridad period\u00edstica es esencial, especialmente cuando se trata de evaluar productos como los casinos en l\u00ednea. Es f\u00e1cil encontrarse con rese\u00f1as sesgadas en internet, pero en Kasinobonus, nuestro objetivo es diferente: ofrecerte opiniones sinceras y sin influencias monetarias. Aunque algunos casinos puedan pagar por una rese\u00f1a, eso no afecta la objetividad de nuestro an\u00e1lisis.<\/p>\n\n\n\n<h2 class=\"wp-block-heading\">El Equipo Editorial<\/h2>\n\n\n\n<p>Nuestro equipo est\u00e1 encabezado por Matti Slotte, quien tiene m\u00e1s de una d\u00e9cada de experiencia en el sector. Con un compromiso f\u00e9rreo de transparencia, Matti garantiza que cada rese\u00f1a sea precisa, actualizada y \u00fatil para los jugadores finlandeses.<\/p>\n\n\n\n<h2 class=\"wp-block-heading\">Tres Preguntas Clave<\/h2>\n\n\n\n<p>Al revisar un casino, Matti y su equipo se centran en responder tres preguntas esenciales:<\/p>\n\n\n\n<ol class=\"wp-block-list\">\n<li><strong>\u00bfPaga el casino a los ganadores?<\/strong><br>Este es, sin duda, el criterio m\u00e1s importante. Si ganas, el casino debe pagarte sin trabas ni excusas.<\/li>\n\n\n\n<li><strong>\u00bfSon justos los juegos?<\/strong><br>Verificamos la configuraci\u00f3n del RTP (retorno al jugador) y las reglas de los bonos para asegurar que no haya trampas escondidas.<\/li>\n\n\n\n<li><strong>\u00bfEl casino realiza pagos r\u00e1pidos?<\/strong><br>Un casino que paga r\u00e1pidamente suele ser m\u00e1s confiable en otros aspectos, como la atenci\u00f3n al cliente y los t\u00e9rminos de bonos.<\/li>\n<\/ol>\n\n\n\n<h2 class=\"wp-block-heading\">Proceso de Revisi\u00f3n<\/h2>\n\n\n\n<p>A continuaci\u00f3n, te explicamos paso a paso c\u00f3mo evaluamos un casino:<\/p>\n\n\n\n<ol class=\"wp-block-list\">\n<li><strong>Registro de Cuenta<\/strong><br>Creamos una cuenta y verificamos el proceso de registro.<\/li>\n\n\n\n<li><strong>Evaluaci\u00f3n de Bonos<\/strong><br>Probamos los bonos ofrecidos y analizamos los t\u00e9rminos asociados.<\/li>\n\n\n\n<li><strong>Atenci\u00f3n al Cliente<\/strong><br>Contactamos al soporte para evaluar su rapidez y eficiencia.<\/li>\n\n\n\n<li><strong>Dep\u00f3sito y Retiro<\/strong><br>Probamos m\u00e9todos de pago locales y verificamos la velocidad de los retiros.<\/li>\n\n\n\n<li><strong>Pruebas de Juegos<\/strong><br>Jugamos varios t\u00edtulos para evaluar su rendimiento y verificar su RTP.<\/li>\n\n\n\n<li><strong>Consulta a Jugadores<\/strong><br>Recopilamos opiniones de otros jugadores finlandeses para conocer sus experiencias.<\/li>\n<\/ol>\n\n\n\n<h3 class=\"wp-block-heading\">C\u00f3mo Usar Nuestras Rese\u00f1as<\/h3>\n\n\n\n<p>Te recomendamos leer nuestras rese\u00f1as con detenimiento y considerar la experiencia de otros jugadores. Presta especial atenci\u00f3n a los t\u00e9rminos legales, los m\u00e9todos de pago y las opciones de juego que m\u00e1s se adapten a tus preferencias.<\/p>\n\n\n\n<p>Al final, nuestro objetivo es ayudarte a tomar decisiones informadas para que disfrutes al m\u00e1ximo de tu experiencia en casinos en l\u00ednea.<\/p>\n","protected":false},"excerpt":{"rendered":"<p>C\u00f3mo Revisamos Casinos Online en Espa\u00f1a En Kasinobonus, nuestro equipo editorial, liderado por el propietario y editor en jefe, Matti Slotte, una figura destacada en la comunidad finlandesa de apuestas, se dedica a ofrecer rese\u00f1as honestas y detalladas de casinos en l\u00ednea. Aqu\u00ed te contamos c\u00f3mo lo hacemos. Rese\u00f1as Imparciales En nuestra opini\u00f3n, la integridad [&hellip;]<\/p>\n","protected":false},"author":1,"featured_media":0,"parent":0,"menu_order":0,"comment_status":"closed","ping_status":"closed","template":"","meta":{"inline_featured_image":false,"footnotes":""},"class_list":["post-21407","page","type-page","status-publish","hentry"],"yoast_head":"<!-- This site is optimized with the Yoast SEO plugin v24.5 - https:\/\/yoast.com\/wordpress\/plugins\/seo\/ -->\n<title>C\u00f3mo revisamos - www.kasinobonus.ai<\/title>\n<meta name=\"description\" content=\"Descubre c\u00f3mo evaluamos los casinos online: nuestros criterios, el proceso de revisi\u00f3n y por qu\u00e9 puedes confiar en nuestras valoraciones imparciales.\" \/>\n<meta name=\"robots\" content=\"index, follow, max-snippet:-1, max-image-preview:large, max-video-preview:-1\" \/>\n<link rel=\"canonical\" href=\"https:\/\/www.kasinobonus.ai\/es\/how-we-review\/\" \/>\n<script type=\"application\/ld+json\" class=\"yoast-schema-graph\">{\"@context\":\"https:\/\/schema.org\",\"@graph\":[{\"@type\":\"WebPage\",\"@id\":\"https:\/\/www.kasinobonus.ai\/es\/how-we-review\/\",\"url\":\"https:\/\/www.kasinobonus.ai\/es\/how-we-review\/\",\"name\":\"C\u00f3mo revisamos - www.kasinobonus.ai\",\"isPartOf\":{\"@id\":\"https:\/\/www.kasinobonus.ai\/es\/#website\"},\"datePublished\":\"2024-11-25T08:41:09+00:00\",\"dateModified\":\"2025-07-26T09:15:28+00:00\",\"description\":\"Descubre c\u00f3mo evaluamos los casinos online: nuestros criterios, el proceso de revisi\u00f3n y por qu\u00e9 puedes confiar en nuestras valoraciones imparciales.\",\"breadcrumb\":{\"@id\":\"https:\/\/www.kasinobonus.ai\/es\/how-we-review\/#breadcrumb\"},\"inLanguage\":\"es\",\"potentialAction\":[{\"@type\":\"ReadAction\",\"target\":[\"https:\/\/www.kasinobonus.ai\/es\/how-we-review\/\"]}]},{\"@type\":\"BreadcrumbList\",\"@id\":\"https:\/\/www.kasinobonus.ai\/es\/how-we-review\/#breadcrumb\",\"itemListElement\":[{\"@type\":\"ListItem\",\"position\":1,\"name\":\"Home\",\"item\":\"https:\/\/kasinobonus.ai\/es\/\"},{\"@type\":\"ListItem\",\"position\":2,\"name\":\"C\u00f3mo revisamos\"}]},{\"@type\":\"WebSite\",\"@id\":\"https:\/\/www.kasinobonus.ai\/es\/#website\",\"url\":\"https:\/\/www.kasinobonus.ai\/es\/\",\"name\":\"www.kasinobonus.ai\",\"description\":\"\",\"publisher\":{\"@id\":\"https:\/\/www.kasinobonus.ai\/es\/#organization\"},\"potentialAction\":[{\"@type\":\"SearchAction\",\"target\":{\"@type\":\"EntryPoint\",\"urlTemplate\":\"https:\/\/www.kasinobonus.ai\/es\/?s={search_term_string}\"},\"query-input\":{\"@type\":\"PropertyValueSpecification\",\"valueRequired\":true,\"valueName\":\"search_term_string\"}}],\"inLanguage\":\"es\"},{\"@type\":\"Organization\",\"@id\":\"https:\/\/www.kasinobonus.ai\/es\/#organization\",\"name\":\"KasinoBonus\",\"alternateName\":\"KasinoBonusAI\",\"url\":\"https:\/\/www.kasinobonus.ai\/es\/\",\"logo\":{\"@type\":\"ImageObject\",\"inLanguage\":\"es\",\"@id\":\"https:\/\/www.kasinobonus.ai\/es\/#\/schema\/logo\/image\/\",\"url\":\"https:\/\/www.kasinobonus.ai\/wp-content\/uploads\/2023\/09\/kasinobonus-logo-light.png\",\"contentUrl\":\"https:\/\/www.kasinobonus.ai\/wp-content\/uploads\/2023\/09\/kasinobonus-logo-light.png\",\"width\":3200,\"height\":596,\"caption\":\"KasinoBonus\"},\"image\":{\"@id\":\"https:\/\/www.kasinobonus.ai\/es\/#\/schema\/logo\/image\/\"},\"sameAs\":[\"https:\/\/www.facebook.com\/kasinobonusio\/\",\"https:\/\/x.com\/Kasinobonus_io\",\"https:\/\/www.linkedin.com\/in\/matti-slotte-26612033b\",\"http:\/\/kasinobonus.wikidot.com\/system:welcome\",\"https:\/\/www.trustpilot.com\/review\/www.kasinobonus.ai\",\"https:\/\/orcid.org\/0009-0007-2889-1713\",\"https:\/\/en.everybodywiki.com\/Matti_Slotte\",\"https:\/\/www.immuniweb.com\/ssl\/kasinobonus.ai\/M4lqCqYY\/\"]}]}<\/script>\n<!-- \/ Yoast SEO plugin. -->","yoast_head_json":{"title":"C\u00f3mo revisamos - www.kasinobonus.ai","description":"Descubre c\u00f3mo evaluamos los casinos online: nuestros criterios, el proceso de revisi\u00f3n y por qu\u00e9 puedes confiar en nuestras valoraciones imparciales.","robots":{"index":"index","follow":"follow","max-snippet":"max-snippet:-1","max-image-preview":"max-image-preview:large","max-video-preview":"max-video-preview:-1"},"canonical":"https:\/\/www.kasinobonus.ai\/es\/how-we-review\/","schema":{"@context":"https:\/\/schema.org","@graph":[{"@type":"WebPage","@id":"https:\/\/www.kasinobonus.ai\/es\/how-we-review\/","url":"https:\/\/www.kasinobonus.ai\/es\/how-we-review\/","name":"C\u00f3mo revisamos - www.kasinobonus.ai","isPartOf":{"@id":"https:\/\/www.kasinobonus.ai\/es\/#website"},"datePublished":"2024-11-25T08:41:09+00:00","dateModified":"2025-07-26T09:15:28+00:00","description":"Descubre c\u00f3mo evaluamos los casinos online: nuestros criterios, el proceso de revisi\u00f3n y por qu\u00e9 puedes confiar en nuestras valoraciones imparciales.","breadcrumb":{"@id":"https:\/\/www.kasinobonus.ai\/es\/how-we-review\/#breadcrumb"},"inLanguage":"es","potentialAction":[{"@type":"ReadAction","target":["https:\/\/www.kasinobonus.ai\/es\/how-we-review\/"]}]},{"@type":"BreadcrumbList","@id":"https:\/\/www.kasinobonus.ai\/es\/how-we-review\/#breadcrumb","itemListElement":[{"@type":"ListItem","position":1,"name":"Home","item":"https:\/\/kasinobonus.ai\/es\/"},{"@type":"ListItem","position":2,"name":"C\u00f3mo revisamos"}]},{"@type":"WebSite","@id":"https:\/\/www.kasinobonus.ai\/es\/#website","url":"https:\/\/www.kasinobonus.ai\/es\/","name":"www.kasinobonus.ai","description":"","publisher":{"@id":"https:\/\/www.kasinobonus.ai\/es\/#organization"},"potentialAction":[{"@type":"SearchAction","target":{"@type":"EntryPoint","urlTemplate":"https:\/\/www.kasinobonus.ai\/es\/?s={search_term_string}"},"query-input":{"@type":"PropertyValueSpecification","valueRequired":true,"valueName":"search_term_string"}}],"inLanguage":"es"},{"@type":"Organization","@id":"https:\/\/www.kasinobonus.ai\/es\/#organization","name":"KasinoBonus","alternateName":"KasinoBonusAI","url":"https:\/\/www.kasinobonus.ai\/es\/","logo":{"@type":"ImageObject","inLanguage":"es","@id":"https:\/\/www.kasinobonus.ai\/es\/#\/schema\/logo\/image\/","url":"https:\/\/www.kasinobonus.ai\/wp-content\/uploads\/2023\/09\/kasinobonus-logo-light.png","contentUrl":"https:\/\/www.kasinobonus.ai\/wp-content\/uploads\/2023\/09\/kasinobonus-logo-light.png","width":3200,"height":596,"caption":"KasinoBonus"},"image":{"@id":"https:\/\/www.kasinobonus.ai\/es\/#\/schema\/logo\/image\/"},"sameAs":["https:\/\/www.facebook.com\/kasinobonusio\/","https:\/\/x.com\/Kasinobonus_io","https:\/\/www.linkedin.com\/in\/matti-slotte-26612033b","http:\/\/kasinobonus.wikidot.com\/system:welcome","https:\/\/www.trustpilot.com\/review\/www.kasinobonus.ai","https:\/\/orcid.org\/0009-0007-2889-1713","https:\/\/en.everybodywiki.com\/Matti_Slotte","https:\/\/www.immuniweb.com\/ssl\/kasinobonus.ai\/M4lqCqYY\/"]}]}},"_links":{"self":[{"href":"https:\/\/www.kasinobonus.ai\/es\/wp-json\/wp\/v2\/pages\/21407","targetHints":{"allow":["GET"]}}],"collection":[{"href":"https:\/\/www.kasinobonus.ai\/es\/wp-json\/wp\/v2\/pages"}],"about":[{"href":"https:\/\/www.kasinobonus.ai\/es\/wp-json\/wp\/v2\/types\/page"}],"author":[{"embeddable":true,"href":"https:\/\/www.kasinobonus.ai\/es\/wp-json\/wp\/v2\/users\/1"}],"replies":[{"embeddable":true,"href":"https:\/\/www.kasinobonus.ai\/es\/wp-json\/wp\/v2\/comments?post=21407"}],"version-history":[{"count":2,"href":"https:\/\/www.kasinobonus.ai\/es\/wp-json\/wp\/v2\/pages\/21407\/revisions"}],"predecessor-version":[{"id":34470,"href":"https:\/\/www.kasinobonus.ai\/es\/wp-json\/wp\/v2\/pages\/21407\/revisions\/34470"}],"wp:attachment":[{"href":"https:\/\/www.kasinobonus.ai\/es\/wp-json\/wp\/v2\/media?parent=21407"}],"curies":[{"name":"wp","href":"https:\/\/api.w.org\/{rel}","templated":true}]}}