{"id":17758,"date":"2024-06-06T04:32:20","date_gmt":"2024-06-06T04:32:20","guid":{"rendered":"https:\/\/kasinobonus.ai\/25-ilmaiskierrosta-ilman-talletusta\/"},"modified":"2025-07-30T15:23:31","modified_gmt":"2025-07-30T15:23:31","slug":"25-giros-gratis-sin-deposito","status":"publish","type":"page","link":"https:\/\/www.kasinobonus.ai\/es\/25-giros-gratis-sin-deposito\/","title":{"rendered":"25 Giros Gratis"},"content":{"rendered":"\n<h1 class=\"wp-block-heading\">25 Giros Gratis Sin Dep\u00f3sito en Espa\u00f1a<\/h1>\n\n\n\n<p>El d\u00eda que descubr\u00ed un bono de 25 giros gratuitas sin dep\u00f3sito fue un cambio bastante significativo para m\u00ed. Claro, ya hab\u00eda probado algunos casinos online, pero poder hacer girar los rodillos gratis -sin riesgos, sin preocupaciones- \u00a1fue algo grande! A\u00fan recuerdo la primera vez que pude reclamar esa oferta, y en <em>esta p\u00e1gina<\/em> te voy a mostrar los mejores casinos que ofrecen estos bonos, \u00a1y te contar\u00e9 todo lo que necesitas saber antes de reclamarlos!<\/p>\n\n\n\n<h2 class=\"wp-block-heading\">Casinos que ofrecen 25 giros gratuitas en el registro 2025<\/h2>\n\n\n\n<p>Me encantan este tipo de ofertas porque son la mejor forma de conocer un nuevo casino. Puedes sumergirte directamente en la acci\u00f3n, echar un vistazo a su selecci\u00f3n de juegos y ver si el sitio es adecuado para ti. Por supuesto, si consigues ganar, \u00a1es la guinda del pastel! He aqu\u00ed un r\u00e1pido vistazo a algunos de los <a href=\"https:\/\/www.kasinobonus.ai\/es\/giros-gratis\/\">mejores bonos de giros gratis sin dep\u00f3sito<\/a> que he probado personalmente:<\/p>\n\n\n<p>[brand_table template=\u00bbtable_style_1.php\u00bb country=\u00bbEN\u00bb]<\/p>\n\n\n\n<p>Para reclamar tu bonificaci\u00f3n, encontr\u00e9 unas cuantas marcas que proporcionaban m\u00e1s de 25 giros al registrarse sin dep\u00f3sito, selecciona uno de los casinos anteriores, crea una cuenta y tu bonificaci\u00f3n deber\u00eda aparecer en tu nueva cuenta m\u00e1s r\u00e1pido de lo que puedes decir \u00ab\u00a1Kia ora!\u00bb.<\/p>\n\n\n\n<p><strong>Consejo:<\/strong> aseg\u00farate de leer las condiciones de los bonos y promociones que solicites en los casinos online. Aunque todos los casinos recomendados aqu\u00ed en <a href=\"https:\/\/www.kasinobonus.ai\/en\/\">KasinoBonus<\/a> son leg\u00edtimos y ofrecen bonos con <span style=\"text-decoration: underline;\">condiciones justas<\/span>, merece la pena leerlos para saber qu\u00e9 puedes y qu\u00e9 <em>no puedes<\/em> hacer mientras juegas con los fondos de los bonos. <\/p>\n\n\n\n<h2 class=\"wp-block-heading\">C\u00f3mo revisamos y elegimos los casinos  <\/h2>\n\n\n\n<p>En KasinoBonus, no nos andamos con chiquitas con nuestras rese\u00f1as. Lo comprobamos todo, desde la informaci\u00f3n sobre licencias -para asegurarnos de que un sitio es totalmente legal- hasta cu\u00e1ntos juegos ofrecen y de qu\u00e9 proveedores de software. <\/p>\n\n\n\n<p>Tambi\u00e9n hacemos siempre nuestros propios dep\u00f3sitos con dinero real. Te damos informaci\u00f3n detallada y honesta sobre los plazos de pago, los servicios de atenci\u00f3n al cliente y cualquier problema que nos encontremos. Nuestro equipo de especialistas en juego online tiene un riguroso proceso de revisi\u00f3n, y nos fijamos en estos pilares clave:  <\/p>\n\n\n\n<ul class=\"wp-block-list\">\n<li><strong>Licencia y seguridad:<\/strong> Confirmar que el casino tiene una licencia de juego activa de autoridades acreditadas, como la Autoridad del Juego de Malta o la Comisi\u00f3n del Juego del Reino Unido (UKGC).<\/li>\n<\/ul>\n\n\n\n<ul class=\"wp-block-list\">\n<li><strong>Proceso de registro:<\/strong> Evaluar lo r\u00e1pido y sencillo que es crear y verificar una cuenta.<\/li>\n<\/ul>\n\n\n\n<ul class=\"wp-block-list\">\n<li><strong>M\u00e9todos bancarios:<\/strong> Comprueba la gama de m\u00e9todos de dep\u00f3sito y retirada disponibles, que incluyen desde EWallets y tarjetas de cr\u00e9dito y d\u00e9bito hasta criptomonedas.<\/li>\n<\/ul>\n\n\n\n<ul class=\"wp-block-list\">\n<li><strong>Tiempos de retirada:<\/strong> Comprueba cu\u00e1nto tarda el casino en procesar las retiradas de los jugadores, y si exigen largas comprobaciones de identificaci\u00f3n antes de pagarlas.<\/li>\n<\/ul>\n\n\n\n<ul class=\"wp-block-list\">\n<li><strong>Paquetes de bonificaciones:<\/strong> Revisar las ofertas de inscripci\u00f3n, incluidos los importes de las bonificaciones, las condiciones de las apuestas y los l\u00edmites de pago.<\/li>\n<\/ul>\n\n\n\n<ul class=\"wp-block-list\">\n<li><strong>Promociones en curso:<\/strong> Busca ofertas para los jugadores actuales, como devoluciones en efectivo, sorteos de premios y giros gratis.<\/li>\n<\/ul>\n\n\n\n<ul class=\"wp-block-list\">\n<li><strong>Programas VIP y de fidelizaci\u00f3n:<\/strong> Juzgar el valor y la generosidad de los programas de fidelizaci\u00f3n y las ventajas VIP.<\/li>\n<\/ul>\n\n\n\n<ul class=\"wp-block-list\">\n<li><strong>Selecci\u00f3n de juegos: <\/strong>Explorar la diversidad de juegos ofrecidos, desde tragaperras a mesas con crupier en vivo.<\/li>\n<\/ul>\n\n\n\n<ul class=\"wp-block-list\">\n<li><strong>Usabilidad de la plataforma:<\/strong> Probar la experiencia del usuario tanto en plataformas de escritorio como m\u00f3viles para garantizar una navegaci\u00f3n y un acceso f\u00e1ciles.<\/li>\n<\/ul>\n\n\n\n<h3 class=\"wp-block-heading\">Tipos de Bonos de 25 Giros Gratis Sin Dep\u00f3sito<\/h3>\n\n\n\n<p>Cuando solicites bonificaciones de tiradas gratuitas sin dep\u00f3sito en l\u00ednea, pronto te dar\u00e1s cuenta de que <em>no<\/em> existe un enfoque \u00fanico para la forma en que se entregan. Algunas de las formas m\u00e1s comunes en que los casinos distribuyen estas tiradas son:   <\/p>\n\n\n\n<ul class=\"wp-block-list\">\n<li><strong>Giros Gratis de un solo juego:<\/strong> Las 25 giros suelen estar bloqueadas en una popular tragaperras. Esto simplifica las cosas y ayuda al casino a promocionar un juego espec\u00edfico.<\/li>\n\n\n\n<li><strong><strong>Giros<\/strong> Gratis Multijuego:<\/strong> Tus giros pueden repartirse entre dos o tres tragaperras diferentes, lo que ofrece m\u00e1s variedad y la oportunidad de probar nuevos t\u00edtulos.<\/li>\n\n\n\n<li><strong><strong>Giros<\/strong> Gratis Instant\u00e1neas:<\/strong> Se conceden en el momento en que te registras, sin pasos ni retrasos adicionales. Ideal para jugadores que quieren empezar a jugar inmediatamente.<\/li>\n\n\n\n<li><strong><strong>Giros<\/strong> sin apuesta:<\/strong> Las ganancias de las 25 giros se pagan en dinero real sin ning\u00fan requisito de apuesta, aunque esto es menos habitual.<\/li>\n\n\n\n<li><strong><strong>Giros<\/strong> de bonificaci\u00f3n con apuesta:<\/strong> El tipo m\u00e1s t\u00edpico. Las ganancias deben apostarse un determinado n\u00famero de veces antes de poder retirarlas.<\/li>\n\n\n\n<li><strong>Giros escalonados o cronometrados:<\/strong> En ocasiones, las 25 giros pueden dividirse en un par de d\u00edas para animarte a conectarte y jugar repetidamente.<\/li>\n<\/ul>\n\n\n\n<h3 class=\"wp-block-heading\">C\u00f3mo solicitar 25 giros gratuitas sin dep\u00f3sito<\/h3>\n\n\n\n<ul class=\"wp-block-list\">\n<li>Elige un casino online de confianza que ofrezca 25 giros gratuitas sin dep\u00f3sito a los nuevos jugadores (lo ideal ser\u00eda uno de los recomendados aqu\u00ed en KasinoBonus).<\/li>\n\n\n\n<li>Registra una nueva cuenta proporcionando datos personales precisos.<\/li>\n\n\n\n<li>Verifica tu correo electr\u00f3nico o n\u00famero de tel\u00e9fono si el casino lo requiere para activar el bono.<\/li>\n\n\n\n<li>Introduce cualquier c\u00f3digo promocional o de bonificaci\u00f3n requerido durante el registro o en la secci\u00f3n de bonificaciones.<\/li>\n\n\n\n<li>Inicia sesi\u00f3n e inicia el juego o juegos elegibles en los que se pueden utilizar las giros gratuitas.<\/li>\n\n\n\n<li>\u00a1Empieza a jugar y disfruta de tus 25 giros sin hacer ning\u00fan dep\u00f3sito!<\/li>\n<\/ul>\n\n\n\n<h3 class=\"wp-block-heading\">Condiciones que debes conocer<\/h3>\n\n\n\n<p>Las ofertas de tiradas gratuitas sin dep\u00f3sito <em>siempre<\/em> vienen acompa\u00f1adas de importantes t\u00e9rminos y condiciones que debes leer detenidamente, y te recomendamos encarecidamente que los leas <em>antes de<\/em> empezar a jugar, ya que incumplir cualquiera de ellos, aunque sea accidentalmente, podr\u00eda hacer que perdieras la totalidad de la bonificaci\u00f3n. Los requisitos de apuesta son los m\u00e1s <em>comunes<\/em>, lo que significa que las ganancias de tus 25 tiradas deben apostarse varias veces antes de poder cobrarse.   <\/p>\n\n\n\n<p>Tambi\u00e9n pueden aplicarse restricciones de juego: normalmente, las giros se limitan a una o unas pocas tragaperras espec\u00edficas seleccionadas por el casino. Tambi\u00e9n puede haber l\u00edmites de retirada que limiten la cantidad de dinero real que puedes retirar de las ganancias de tus bonificaciones, y la probabilidad de que haya un l\u00edmite m\u00e1ximo de retirada aumenta <em>mucho<\/em> si solicitas una promoci\u00f3n de giros gratuitas sin dep\u00f3sito.<\/p>\n\n\n\n<p>Tambi\u00e9n debes tener en cuenta que, a pesar de que algunos bonos de giros gratuitas no requieren un dep\u00f3sito para solicitarlos, es <em>posible que<\/em> tengas que registrar un m\u00e9todo de pago v\u00e1lido, o incluso hacer un dep\u00f3sito, antes de poder retirar las ganancias del bono. Esto se hace para confirmar\/verificar tu identidad y garantizar que no se abusa de los bonos.<\/p>\n\n\n\n<h2 class=\"wp-block-heading\">Tragaperras online con 25 giros gratis sin dep\u00f3sito<\/h2>\n\n\n\n<figure class=\"wp-block-table\"><table class=\"has-fixed-layout\"><thead><tr><th>Marca<\/th><th>Cantidad de tiradas gratuitas<\/th><th>Juegos aplicables<\/th><th>Requisitos de apuesta<\/th><th>Cobro m\u00e1ximo<\/th><th>Caducidad<\/th><th>Notas<\/th><\/tr><\/thead><tbody><tr><td><strong>Jackbit<\/strong><\/td><td>100 (con un dep\u00f3sito de 50 $)<\/td><td>Almirante Nelson<\/td><td>Sin apuestas<\/td><td>Ninguno<\/td><td>No especificado<\/td><td>Las ganancias se pagan como dinero real; debes apostar el dep\u00f3sito + las ganancias una vez.<\/td><\/tr><tr><td><strong>Chipz<\/strong><\/td><td>100 (con 20 euros de fianza)<\/td><td>Varios (10 giros\/d\u00eda durante 10 d\u00edas)<\/td><td>1x<\/td><td>Ninguno<\/td><td>24 horas\/d\u00eda<\/td><td>Las tiradas son de dinero real; las 10 giros de cada d\u00eda caducan a las 24 horas.<\/td><\/tr><tr><td><strong>Wheelz<\/strong><\/td><td>20 (sin dep\u00f3sito)<\/td><td>John Hunter y el Libro de Tut<\/td><td>35x<\/td><td>No especificado<\/td><td>24 horas<\/td><td>Las ganancias de las tiradas gratuitas se consideran dinero de bonificaci\u00f3n.<\/td><\/tr><tr><td><strong>BetFury<\/strong><\/td><td>100 (sin dep\u00f3sito)<\/td><td>Betfury Bonanza, Joker Stoker, Bastet, Gatos<\/td><td>No especificado<\/td><td>No especificado<\/td><td>24 horas<\/td><td>Debe activarse en las 24 horas siguientes al registro.<\/td><\/tr><tr><td><strong>Jackpot Raider<\/strong><\/td><td>50 (sin dep\u00f3sito)<\/td><td>Dulce Bonanza<\/td><td>35x<\/td><td>\u20ac50<\/td><td>No especificado<\/td><td>Utiliza el c\u00f3digo BLITZ3 para reclamar la oferta.<\/td><\/tr><\/tbody><\/table><\/figure>\n\n\n\n<h2 class=\"wp-block-heading\">Ventajas &amp; Inconvenientes<\/h2>\n\n\n\n<figure class=\"wp-block-image size-full\"><img decoding=\"async\" width=\"1000\" height=\"666\" src=\"https:\/\/www.kasinobonus.ai\/wp-content\/uploads\/2025\/06\/KB-Giros-Gratis.jpg\" alt=\"Giros Gratis\" class=\"wp-image-29771\" srcset=\"https:\/\/www.kasinobonus.ai\/wp-content\/uploads\/2025\/06\/KB-Giros-Gratis.jpg 1000w, https:\/\/www.kasinobonus.ai\/wp-content\/uploads\/2025\/06\/KB-Giros-Gratis-300x200.jpg 300w, https:\/\/www.kasinobonus.ai\/wp-content\/uploads\/2025\/06\/KB-Giros-Gratis-768x511.jpg 768w, https:\/\/www.kasinobonus.ai\/wp-content\/uploads\/2025\/06\/KB-Giros-Gratis-110x73.jpg 110w, https:\/\/www.kasinobonus.ai\/wp-content\/uploads\/2025\/06\/KB-Giros-Gratis-575x383.jpg 575w\" sizes=\"(max-width: 1000px) 100vw, 1000px\" \/><\/figure>\n\n\n\n<div class=\"wp-block-columns is-layout-flex wp-container-core-columns-is-layout-28f84493 wp-block-columns-is-layout-flex\">\n<div class=\"wp-block-column is-layout-flow wp-block-column-is-layout-flow\">\n<h3 class=\"wp-block-heading\">\u2705 Ventajas<\/h3>\n\n\n\n<ul class=\"wp-block-list\">\n<li>\u2705 Pruebe las tragamonedas sin arriesgar su propio dinero<\/li>\n\n\n\n<li>\u2705 Ofertas sin dep\u00f3sito disponibles en muchos casinos<\/li>\n\n\n\n<li>\u2705 Oportunidad de ganar dinero real sin inversi\u00f3n<\/li>\n\n\n\n<li>\u2705 Buena manera de explorar nuevos juegos y proveedores<\/li>\n\n\n\n<li>\u2705 \u00datil para aprender c\u00f3mo funciona la mec\u00e1nica de las tragamonedas<\/li>\n<\/ul>\n<\/div>\n\n\n\n<div class=\"wp-block-column is-layout-flow wp-block-column-is-layout-flow\">\n<h3 class=\"wp-block-heading\">\u274c Desventajas<\/h3>\n\n\n\n<ul class=\"wp-block-list\">\n<li>\u274c Requisitos de apuesta antes del retiro<\/li>\n\n\n\n<li>\u274c A menudo limitado solo a franjas horarias espec\u00edficas<\/li>\n\n\n\n<li>\u274c Se aplican l\u00edmites m\u00e1ximos de ganancias o retiros<\/li>\n\n\n\n<li>\u274c Los giros gratuitos suelen caducar entre 24 y 72 horas<\/li>\n\n\n\n<li>\u274c Los t\u00e9rminos de bonificaci\u00f3n pueden ser estrictos o confusos<\/li>\n<\/ul>\n<\/div>\n<\/div>\n\n\n\n<div class=\"wp-block-group trustsection is-layout-constrained wp-block-group-is-layout-constrained\"><div class=\"wp-block-group__inner-container\">\n<h2 class=\"wp-block-heading\">\u00bfPor qu\u00e9 confiar en KasinoBonus?<\/h2>\n\n\n\n<p>En KasinoBonus, la confianza es la base de todo lo que hacemos. He aqu\u00ed por qu\u00e9 miles de lectores conf\u00edan en nosotros: <\/p>\n\n\n\n<ul class=\"wp-block-list\">\n<li><strong>50.000<\/strong> lectores al mes<\/li>\n\n\n\n<li>Se prueban <strong>150<\/strong> casinos en l\u00ednea<\/li>\n\n\n\n<li><strong>M\u00e1s de 400<\/strong> horas al mes dedicadas a la investigaci\u00f3n de casinos y a la creaci\u00f3n de contenidos<\/li>\n\n\n\n<li><strong>Nuestro equipo prueba personalmente<\/strong> todos los casinos de nuestra lista (capturas de pantalla de cuentas, dep\u00f3sitos y ganancias).<\/li>\n\n\n\n<li>Nuestras rese\u00f1as est\u00e1n escritas y revisadas por <strong>el profesional del iGaming Matti Slotte<\/strong>, con 18 a\u00f1os de experiencia en p\u00f3quer, operaciones de casino y regulaci\u00f3n europea del juego.<\/li>\n\n\n\n<li>Hablamos abiertamente de nuestras asociaciones de afiliados y <strong>nunca aceptamos pagos por opiniones positivas<\/strong>.<\/li>\n\n\n\n<li>Actualizamos nuestras clasificaciones y los detalles de las bonificaciones cada mes para mostrar la <strong>informaci\u00f3n m\u00e1s precisa y actualizada disponible<\/strong>.<\/li>\n\n\n\n<li>S\u00f3lo recomendamos casinos online <strong>autorizados<\/strong>, <strong>seguros<\/strong> y <strong>responsables<\/strong>.<\/li>\n<\/ul>\n<\/div><\/div>\n","protected":false},"excerpt":{"rendered":"<p>25 Giros Gratis Sin Dep\u00f3sito en Espa\u00f1a El d\u00eda que descubr\u00ed un bono de 25 giros gratuitas sin dep\u00f3sito fue un cambio bastante significativo para m\u00ed. Claro, ya hab\u00eda probado algunos casinos online, pero poder hacer girar los rodillos gratis -sin riesgos, sin preocupaciones- \u00a1fue algo grande! A\u00fan recuerdo la primera vez que pude reclamar [&hellip;]<\/p>\n","protected":false},"author":1,"featured_media":17840,"parent":0,"menu_order":0,"comment_status":"open","ping_status":"closed","template":"","meta":{"inline_featured_image":false,"footnotes":""},"class_list":["post-17758","page","type-page","status-publish","has-post-thumbnail","hentry"],"yoast_head":"<!-- This site is optimized with the Yoast SEO plugin v24.5 - https:\/\/yoast.com\/wordpress\/plugins\/seo\/ -->\n<title>25 Giros Gratis Sin Dep\u00f3sito (Calificaci\u00f3n de casinos en Espa\u00f1a 2025) - www.kasinobonus.ai<\/title>\n<meta name=\"description\" content=\"Aprovecha las 25 tiradas gratuitas sin dep\u00f3sito: \u00a1disfruta de una experiencia de juego sin riesgos y de la oportunidad de ganar dinero real!\" \/>\n<meta name=\"robots\" content=\"index, follow, max-snippet:-1, max-image-preview:large, max-video-preview:-1\" \/>\n<link rel=\"canonical\" href=\"https:\/\/www.kasinobonus.ai\/es\/25-giros-gratis-sin-deposito\/\" \/>\n<script type=\"application\/ld+json\" class=\"yoast-schema-graph\">{\"@context\":\"https:\/\/schema.org\",\"@graph\":[{\"@type\":\"WebPage\",\"@id\":\"https:\/\/www.kasinobonus.ai\/es\/25-giros-gratis-sin-deposito\/\",\"url\":\"https:\/\/www.kasinobonus.ai\/es\/25-giros-gratis-sin-deposito\/\",\"name\":\"25 Giros Gratis Sin Dep\u00f3sito (Calificaci\u00f3n de casinos en Espa\u00f1a 2025) - www.kasinobonus.ai\",\"isPartOf\":{\"@id\":\"https:\/\/www.kasinobonus.ai\/es\/#website\"},\"primaryImageOfPage\":{\"@id\":\"https:\/\/www.kasinobonus.ai\/es\/25-giros-gratis-sin-deposito\/#primaryimage\"},\"image\":{\"@id\":\"https:\/\/www.kasinobonus.ai\/es\/25-giros-gratis-sin-deposito\/#primaryimage\"},\"thumbnailUrl\":\"https:\/\/www.kasinobonus.ai\/wp-content\/uploads\/2024\/06\/25_giros_gratis_sin_deposito.jpg\",\"datePublished\":\"2024-06-06T04:32:20+00:00\",\"dateModified\":\"2025-07-30T15:23:31+00:00\",\"description\":\"Aprovecha las 25 tiradas gratuitas sin dep\u00f3sito: \u00a1disfruta de una experiencia de juego sin riesgos y de la oportunidad de ganar dinero real!\",\"breadcrumb\":{\"@id\":\"https:\/\/www.kasinobonus.ai\/es\/25-giros-gratis-sin-deposito\/#breadcrumb\"},\"inLanguage\":\"es\",\"potentialAction\":[{\"@type\":\"ReadAction\",\"target\":[\"https:\/\/www.kasinobonus.ai\/es\/25-giros-gratis-sin-deposito\/\"]}]},{\"@type\":\"ImageObject\",\"inLanguage\":\"es\",\"@id\":\"https:\/\/www.kasinobonus.ai\/es\/25-giros-gratis-sin-deposito\/#primaryimage\",\"url\":\"https:\/\/www.kasinobonus.ai\/wp-content\/uploads\/2024\/06\/25_giros_gratis_sin_deposito.jpg\",\"contentUrl\":\"https:\/\/www.kasinobonus.ai\/wp-content\/uploads\/2024\/06\/25_giros_gratis_sin_deposito.jpg\",\"width\":1200,\"height\":628,\"caption\":\"25 giros gratis sin deposito\"},{\"@type\":\"BreadcrumbList\",\"@id\":\"https:\/\/www.kasinobonus.ai\/es\/25-giros-gratis-sin-deposito\/#breadcrumb\",\"itemListElement\":[{\"@type\":\"ListItem\",\"position\":1,\"name\":\"Home\",\"item\":\"https:\/\/kasinobonus.ai\/es\/\"},{\"@type\":\"ListItem\",\"position\":2,\"name\":\"25 Giros Gratis\"}]},{\"@type\":\"WebSite\",\"@id\":\"https:\/\/www.kasinobonus.ai\/es\/#website\",\"url\":\"https:\/\/www.kasinobonus.ai\/es\/\",\"name\":\"www.kasinobonus.ai\",\"description\":\"\",\"publisher\":{\"@id\":\"https:\/\/www.kasinobonus.ai\/es\/#organization\"},\"potentialAction\":[{\"@type\":\"SearchAction\",\"target\":{\"@type\":\"EntryPoint\",\"urlTemplate\":\"https:\/\/www.kasinobonus.ai\/es\/?s={search_term_string}\"},\"query-input\":{\"@type\":\"PropertyValueSpecification\",\"valueRequired\":true,\"valueName\":\"search_term_string\"}}],\"inLanguage\":\"es\"},{\"@type\":\"Organization\",\"@id\":\"https:\/\/www.kasinobonus.ai\/es\/#organization\",\"name\":\"KasinoBonus\",\"alternateName\":\"KasinoBonusAI\",\"url\":\"https:\/\/www.kasinobonus.ai\/es\/\",\"logo\":{\"@type\":\"ImageObject\",\"inLanguage\":\"es\",\"@id\":\"https:\/\/www.kasinobonus.ai\/es\/#\/schema\/logo\/image\/\",\"url\":\"https:\/\/www.kasinobonus.ai\/wp-content\/uploads\/2023\/09\/kasinobonus-logo-light.png\",\"contentUrl\":\"https:\/\/www.kasinobonus.ai\/wp-content\/uploads\/2023\/09\/kasinobonus-logo-light.png\",\"width\":3200,\"height\":596,\"caption\":\"KasinoBonus\"},\"image\":{\"@id\":\"https:\/\/www.kasinobonus.ai\/es\/#\/schema\/logo\/image\/\"},\"sameAs\":[\"https:\/\/www.facebook.com\/kasinobonusio\/\",\"https:\/\/x.com\/Kasinobonus_io\",\"https:\/\/www.linkedin.com\/in\/matti-slotte-26612033b\",\"http:\/\/kasinobonus.wikidot.com\/system:welcome\",\"https:\/\/www.trustpilot.com\/review\/www.kasinobonus.ai\",\"https:\/\/orcid.org\/0009-0007-2889-1713\",\"https:\/\/en.everybodywiki.com\/Matti_Slotte\",\"https:\/\/www.immuniweb.com\/ssl\/kasinobonus.ai\/M4lqCqYY\/\"]}]}<\/script>\n<!-- \/ Yoast SEO plugin. -->","yoast_head_json":{"title":"25 Giros Gratis Sin Dep\u00f3sito (Calificaci\u00f3n de casinos en Espa\u00f1a 2025) - www.kasinobonus.ai","description":"Aprovecha las 25 tiradas gratuitas sin dep\u00f3sito: \u00a1disfruta de una experiencia de juego sin riesgos y de la oportunidad de ganar dinero real!","robots":{"index":"index","follow":"follow","max-snippet":"max-snippet:-1","max-image-preview":"max-image-preview:large","max-video-preview":"max-video-preview:-1"},"canonical":"https:\/\/www.kasinobonus.ai\/es\/25-giros-gratis-sin-deposito\/","schema":{"@context":"https:\/\/schema.org","@graph":[{"@type":"WebPage","@id":"https:\/\/www.kasinobonus.ai\/es\/25-giros-gratis-sin-deposito\/","url":"https:\/\/www.kasinobonus.ai\/es\/25-giros-gratis-sin-deposito\/","name":"25 Giros Gratis Sin Dep\u00f3sito (Calificaci\u00f3n de casinos en Espa\u00f1a 2025) - www.kasinobonus.ai","isPartOf":{"@id":"https:\/\/www.kasinobonus.ai\/es\/#website"},"primaryImageOfPage":{"@id":"https:\/\/www.kasinobonus.ai\/es\/25-giros-gratis-sin-deposito\/#primaryimage"},"image":{"@id":"https:\/\/www.kasinobonus.ai\/es\/25-giros-gratis-sin-deposito\/#primaryimage"},"thumbnailUrl":"https:\/\/www.kasinobonus.ai\/wp-content\/uploads\/2024\/06\/25_giros_gratis_sin_deposito.jpg","datePublished":"2024-06-06T04:32:20+00:00","dateModified":"2025-07-30T15:23:31+00:00","description":"Aprovecha las 25 tiradas gratuitas sin dep\u00f3sito: \u00a1disfruta de una experiencia de juego sin riesgos y de la oportunidad de ganar dinero real!","breadcrumb":{"@id":"https:\/\/www.kasinobonus.ai\/es\/25-giros-gratis-sin-deposito\/#breadcrumb"},"inLanguage":"es","potentialAction":[{"@type":"ReadAction","target":["https:\/\/www.kasinobonus.ai\/es\/25-giros-gratis-sin-deposito\/"]}]},{"@type":"ImageObject","inLanguage":"es","@id":"https:\/\/www.kasinobonus.ai\/es\/25-giros-gratis-sin-deposito\/#primaryimage","url":"https:\/\/www.kasinobonus.ai\/wp-content\/uploads\/2024\/06\/25_giros_gratis_sin_deposito.jpg","contentUrl":"https:\/\/www.kasinobonus.ai\/wp-content\/uploads\/2024\/06\/25_giros_gratis_sin_deposito.jpg","width":1200,"height":628,"caption":"25 giros gratis sin deposito"},{"@type":"BreadcrumbList","@id":"https:\/\/www.kasinobonus.ai\/es\/25-giros-gratis-sin-deposito\/#breadcrumb","itemListElement":[{"@type":"ListItem","position":1,"name":"Home","item":"https:\/\/kasinobonus.ai\/es\/"},{"@type":"ListItem","position":2,"name":"25 Giros Gratis"}]},{"@type":"WebSite","@id":"https:\/\/www.kasinobonus.ai\/es\/#website","url":"https:\/\/www.kasinobonus.ai\/es\/","name":"www.kasinobonus.ai","description":"","publisher":{"@id":"https:\/\/www.kasinobonus.ai\/es\/#organization"},"potentialAction":[{"@type":"SearchAction","target":{"@type":"EntryPoint","urlTemplate":"https:\/\/www.kasinobonus.ai\/es\/?s={search_term_string}"},"query-input":{"@type":"PropertyValueSpecification","valueRequired":true,"valueName":"search_term_string"}}],"inLanguage":"es"},{"@type":"Organization","@id":"https:\/\/www.kasinobonus.ai\/es\/#organization","name":"KasinoBonus","alternateName":"KasinoBonusAI","url":"https:\/\/www.kasinobonus.ai\/es\/","logo":{"@type":"ImageObject","inLanguage":"es","@id":"https:\/\/www.kasinobonus.ai\/es\/#\/schema\/logo\/image\/","url":"https:\/\/www.kasinobonus.ai\/wp-content\/uploads\/2023\/09\/kasinobonus-logo-light.png","contentUrl":"https:\/\/www.kasinobonus.ai\/wp-content\/uploads\/2023\/09\/kasinobonus-logo-light.png","width":3200,"height":596,"caption":"KasinoBonus"},"image":{"@id":"https:\/\/www.kasinobonus.ai\/es\/#\/schema\/logo\/image\/"},"sameAs":["https:\/\/www.facebook.com\/kasinobonusio\/","https:\/\/x.com\/Kasinobonus_io","https:\/\/www.linkedin.com\/in\/matti-slotte-26612033b","http:\/\/kasinobonus.wikidot.com\/system:welcome","https:\/\/www.trustpilot.com\/review\/www.kasinobonus.ai","https:\/\/orcid.org\/0009-0007-2889-1713","https:\/\/en.everybodywiki.com\/Matti_Slotte","https:\/\/www.immuniweb.com\/ssl\/kasinobonus.ai\/M4lqCqYY\/"]}]}},"_links":{"self":[{"href":"https:\/\/www.kasinobonus.ai\/es\/wp-json\/wp\/v2\/pages\/17758","targetHints":{"allow":["GET"]}}],"collection":[{"href":"https:\/\/www.kasinobonus.ai\/es\/wp-json\/wp\/v2\/pages"}],"about":[{"href":"https:\/\/www.kasinobonus.ai\/es\/wp-json\/wp\/v2\/types\/page"}],"author":[{"embeddable":true,"href":"https:\/\/www.kasinobonus.ai\/es\/wp-json\/wp\/v2\/users\/1"}],"replies":[{"embeddable":true,"href":"https:\/\/www.kasinobonus.ai\/es\/wp-json\/wp\/v2\/comments?post=17758"}],"version-history":[{"count":9,"href":"https:\/\/www.kasinobonus.ai\/es\/wp-json\/wp\/v2\/pages\/17758\/revisions"}],"predecessor-version":[{"id":35117,"href":"https:\/\/www.kasinobonus.ai\/es\/wp-json\/wp\/v2\/pages\/17758\/revisions\/35117"}],"wp:featuredmedia":[{"embeddable":true,"href":"https:\/\/www.kasinobonus.ai\/es\/wp-json\/wp\/v2\/media\/17840"}],"wp:attachment":[{"href":"https:\/\/www.kasinobonus.ai\/es\/wp-json\/wp\/v2\/media?parent=17758"}],"curies":[{"name":"wp","href":"https:\/\/api.w.org\/{rel}","templated":true}]}}