{"id":13992,"date":"2023-09-01T06:51:17","date_gmt":"2023-09-01T06:51:17","guid":{"rendered":"http:\/\/kasinobonus.ai.dedivirt842.your-server.de\/vastuunvapauslauseke\/"},"modified":"2025-07-28T15:24:11","modified_gmt":"2025-07-28T15:24:11","slug":"descargo-de-responsabilidad","status":"publish","type":"page","link":"https:\/\/www.kasinobonus.ai\/es\/descargo-de-responsabilidad\/","title":{"rendered":"Descargo de responsabilidad"},"content":{"rendered":"\n<h1 class=\"wp-block-heading\">Descargo de responsabilidad<\/h1>\n\n<p>Toda la informaci\u00f3n que se encuentra en nuestro sitio es conocimiento general sobre casinos, juegos de casino y asuntos relacionados. <a href=\"https:\/\/www.kasinobonus.ai\/en\/\">www.kasinobonus.ai<\/a> no se hace responsable de las decisiones que tomen los clientes bas\u00e1ndose en la informaci\u00f3n de otros sitios web enlazados.<\/p>\n\n<h2 class=\"wp-block-heading\"><strong>Informaci\u00f3n actualizada<\/strong><\/h2>\n\n<p>Nos esforzamos continuamente por actualizar la informaci\u00f3n de nuestro sitio web para reflejar los \u00faltimos avances en el mundo del iGaming. Sin embargo, debido a la naturaleza r\u00e1pidamente cambiante de las promociones, condiciones y licencias de los casinos online, no podemos garantizar una precisi\u00f3n del 100% en todo momento. <\/p>\n\n<p>Siempre es responsabilidad del cliente verificar la moneda y la exactitud de la informaci\u00f3n antes de actuar en consecuencia, <em>especialmente<\/em> cuando se trata de registrarse, depositar o aceptar bonificaciones de operadores de casino externos. En KasinoBonus <em>no<\/em> ofrecemos juegos de casino ni procesamos pagos directamente, incluidos los que utilizan criptomonedas.   <\/p>\n\n<p>No nos hacemos responsables de las p\u00e9rdidas, errores o consecuencias derivadas de las acciones emprendidas bas\u00e1ndose en el contenido de nuestro sitio.<\/p>\n\n<h2 class=\"wp-block-heading\"><strong>Legislaci\u00f3n y Normativa<\/strong><\/h2>\n\n<p>Es responsabilidad exclusiva del cliente asegurarse de que cumple todos los requisitos legales que le son aplicables, incluida la legalidad del juego online en su regi\u00f3n. Las leyes jurisdiccionales pueden variar significativamente, y jugar en casinos online que no sean legales o no tengan licencia en tu zona puede acarrear consecuencias. <\/p>\n\n<p>Te recomendamos encarecidamente que leas los t\u00e9rminos y condiciones completos de cada casino antes de registrarte, depositar o jugar. Tambi\u00e9n debes asegurarte de que tienes la edad legal para jugar en tu pa\u00eds. www.kasinobonus.ai no asume ninguna responsabilidad por los jugadores que infrinjan la ley o las pol\u00edticas del casino por falta de la diligencia debida.  <\/p>\n\n<h2 class=\"wp-block-heading\"><strong>Divulgaci\u00f3n de afiliaci\u00f3n<\/strong><\/h2>\n\n<p>Kasinobonus es una plataforma de comparaci\u00f3n y revisi\u00f3n que obtiene ingresos a trav\u00e9s de asociaciones de afiliados. Esto significa que cuando te registras en un casino utilizando nuestros enlaces, podemos recibir una comisi\u00f3n, que, por <em>supuesto<\/em>, no tiene ning\u00fan coste adicional para ti. <\/p>\n\n<p>A pesar de estas asociaciones, nuestro <a href=\"https:\/\/www.kasinobonus.ai\/es\/how-we-review\/\">contenido sigue siendo editorialmente independiente.<\/a> Las rese\u00f1as se basan en informaci\u00f3n objetiva, experiencias de los jugadores y pruebas directas, no en pagos de los operadores de casinos. Nunca promocionaremos un casino que no recomendar\u00edamos a nuestros propios amigos o familiares. <\/p>\n\n<h2 class=\"wp-block-heading\"><strong>Tus responsabilidades como jugador<\/strong><\/h2>\n\n<p>Para garantizar una experiencia de juego segura e informada, animamos a todos los jugadores a seguir los siguientes pasos:<\/p>\n\n<ul class=\"wp-block-list\">\n<li><strong>Comprueba las leyes locales:<\/strong> El juego online no es legal en todas partes. Comprueba siempre la situaci\u00f3n legal del iGaming en tu pa\u00eds antes de registrarte en cualquier casino online. <\/li>\n\n\n\n<li><strong>Confirma la licencia del casino:<\/strong> Aunque lo hayamos revisado, comprueba t\u00fa mismo el estado de la licencia del casino, sobre todo si la normativa de tu pa\u00eds es estricta.<\/li>\n\n\n\n<li><strong>Lee atentamente las condiciones de las bonificaciones:<\/strong> No reclames bonos a ciegas. Lee siempre los requisitos de apuesta, los l\u00edmites de retirada de dinero y cualquier posible restricci\u00f3n antes de realizar el dep\u00f3sito. <\/li>\n\n\n\n<li><strong>Utiliza herramientas de juego responsable:<\/strong> Establece l\u00edmites de dep\u00f3sitos y p\u00e9rdidas, t\u00f3mate descansos cuando sea necesario y nunca apuestes dinero que no puedas permitirte perder.<\/li>\n\n\n\n<li><strong>Verifica las opciones de pago y los tiempos de procesamiento:<\/strong> Aseg\u00farate de que se acepta tu m\u00e9todo preferido y comprueba si hay comisiones ocultas o retiradas lentas antes de depositar.<\/li>\n<\/ul>\n","protected":false},"excerpt":{"rendered":"<p>Descargo de responsabilidad Toda la informaci\u00f3n que se encuentra en nuestro sitio es conocimiento general sobre casinos, juegos de casino y asuntos relacionados. www.kasinobonus.ai no se hace responsable de las decisiones que tomen los clientes bas\u00e1ndose en la informaci\u00f3n de otros sitios web enlazados. Informaci\u00f3n actualizada Nos esforzamos continuamente por actualizar la informaci\u00f3n de nuestro [&hellip;]<\/p>\n","protected":false},"author":1,"featured_media":0,"parent":0,"menu_order":0,"comment_status":"open","ping_status":"closed","template":"","meta":{"inline_featured_image":false,"footnotes":""},"class_list":["post-13992","page","type-page","status-publish","hentry"],"yoast_head":"<!-- This site is optimized with the Yoast SEO plugin v24.5 - https:\/\/yoast.com\/wordpress\/plugins\/seo\/ -->\n<title>Descargo de responsabilidad y condiciones de uso - KasinoBonus<\/title>\n<meta name=\"description\" content=\"Descargo de responsabilidad de KasinoBonus. Lee la informaci\u00f3n importante y las recomendaciones antes de empezar a comparar casinos y jugar.\" \/>\n<meta name=\"robots\" content=\"index, follow, max-snippet:-1, max-image-preview:large, max-video-preview:-1\" \/>\n<link rel=\"canonical\" href=\"https:\/\/www.kasinobonus.ai\/es\/descargo-de-responsabilidad\/\" \/>\n<script type=\"application\/ld+json\" class=\"yoast-schema-graph\">{\"@context\":\"https:\/\/schema.org\",\"@graph\":[{\"@type\":\"WebPage\",\"@id\":\"https:\/\/www.kasinobonus.ai\/es\/descargo-de-responsabilidad\/\",\"url\":\"https:\/\/www.kasinobonus.ai\/es\/descargo-de-responsabilidad\/\",\"name\":\"Descargo de responsabilidad y condiciones de uso - KasinoBonus\",\"isPartOf\":{\"@id\":\"https:\/\/www.kasinobonus.ai\/es\/#website\"},\"datePublished\":\"2023-09-01T06:51:17+00:00\",\"dateModified\":\"2025-07-28T15:24:11+00:00\",\"description\":\"Descargo de responsabilidad de KasinoBonus. Lee la informaci\u00f3n importante y las recomendaciones antes de empezar a comparar casinos y jugar.\",\"breadcrumb\":{\"@id\":\"https:\/\/www.kasinobonus.ai\/es\/descargo-de-responsabilidad\/#breadcrumb\"},\"inLanguage\":\"es\",\"potentialAction\":[{\"@type\":\"ReadAction\",\"target\":[\"https:\/\/www.kasinobonus.ai\/es\/descargo-de-responsabilidad\/\"]}]},{\"@type\":\"BreadcrumbList\",\"@id\":\"https:\/\/www.kasinobonus.ai\/es\/descargo-de-responsabilidad\/#breadcrumb\",\"itemListElement\":[{\"@type\":\"ListItem\",\"position\":1,\"name\":\"Home\",\"item\":\"https:\/\/kasinobonus.ai\/es\/\"},{\"@type\":\"ListItem\",\"position\":2,\"name\":\"Descargo de responsabilidad\"}]},{\"@type\":\"WebSite\",\"@id\":\"https:\/\/www.kasinobonus.ai\/es\/#website\",\"url\":\"https:\/\/www.kasinobonus.ai\/es\/\",\"name\":\"www.kasinobonus.ai\",\"description\":\"\",\"publisher\":{\"@id\":\"https:\/\/www.kasinobonus.ai\/es\/#organization\"},\"potentialAction\":[{\"@type\":\"SearchAction\",\"target\":{\"@type\":\"EntryPoint\",\"urlTemplate\":\"https:\/\/www.kasinobonus.ai\/es\/?s={search_term_string}\"},\"query-input\":{\"@type\":\"PropertyValueSpecification\",\"valueRequired\":true,\"valueName\":\"search_term_string\"}}],\"inLanguage\":\"es\"},{\"@type\":\"Organization\",\"@id\":\"https:\/\/www.kasinobonus.ai\/es\/#organization\",\"name\":\"KasinoBonus\",\"alternateName\":\"KasinoBonusAI\",\"url\":\"https:\/\/www.kasinobonus.ai\/es\/\",\"logo\":{\"@type\":\"ImageObject\",\"inLanguage\":\"es\",\"@id\":\"https:\/\/www.kasinobonus.ai\/es\/#\/schema\/logo\/image\/\",\"url\":\"https:\/\/www.kasinobonus.ai\/wp-content\/uploads\/2023\/09\/kasinobonus-logo-light.png\",\"contentUrl\":\"https:\/\/www.kasinobonus.ai\/wp-content\/uploads\/2023\/09\/kasinobonus-logo-light.png\",\"width\":3200,\"height\":596,\"caption\":\"KasinoBonus\"},\"image\":{\"@id\":\"https:\/\/www.kasinobonus.ai\/es\/#\/schema\/logo\/image\/\"},\"sameAs\":[\"https:\/\/www.facebook.com\/kasinobonusio\/\",\"https:\/\/x.com\/Kasinobonus_io\",\"https:\/\/www.linkedin.com\/in\/matti-slotte-26612033b\",\"http:\/\/kasinobonus.wikidot.com\/system:welcome\",\"https:\/\/www.trustpilot.com\/review\/www.kasinobonus.ai\",\"https:\/\/orcid.org\/0009-0007-2889-1713\",\"https:\/\/en.everybodywiki.com\/Matti_Slotte\",\"https:\/\/www.immuniweb.com\/ssl\/kasinobonus.ai\/M4lqCqYY\/\"]}]}<\/script>\n<!-- \/ Yoast SEO plugin. -->","yoast_head_json":{"title":"Descargo de responsabilidad y condiciones de uso - KasinoBonus","description":"Descargo de responsabilidad de KasinoBonus. Lee la informaci\u00f3n importante y las recomendaciones antes de empezar a comparar casinos y jugar.","robots":{"index":"index","follow":"follow","max-snippet":"max-snippet:-1","max-image-preview":"max-image-preview:large","max-video-preview":"max-video-preview:-1"},"canonical":"https:\/\/www.kasinobonus.ai\/es\/descargo-de-responsabilidad\/","schema":{"@context":"https:\/\/schema.org","@graph":[{"@type":"WebPage","@id":"https:\/\/www.kasinobonus.ai\/es\/descargo-de-responsabilidad\/","url":"https:\/\/www.kasinobonus.ai\/es\/descargo-de-responsabilidad\/","name":"Descargo de responsabilidad y condiciones de uso - KasinoBonus","isPartOf":{"@id":"https:\/\/www.kasinobonus.ai\/es\/#website"},"datePublished":"2023-09-01T06:51:17+00:00","dateModified":"2025-07-28T15:24:11+00:00","description":"Descargo de responsabilidad de KasinoBonus. Lee la informaci\u00f3n importante y las recomendaciones antes de empezar a comparar casinos y jugar.","breadcrumb":{"@id":"https:\/\/www.kasinobonus.ai\/es\/descargo-de-responsabilidad\/#breadcrumb"},"inLanguage":"es","potentialAction":[{"@type":"ReadAction","target":["https:\/\/www.kasinobonus.ai\/es\/descargo-de-responsabilidad\/"]}]},{"@type":"BreadcrumbList","@id":"https:\/\/www.kasinobonus.ai\/es\/descargo-de-responsabilidad\/#breadcrumb","itemListElement":[{"@type":"ListItem","position":1,"name":"Home","item":"https:\/\/kasinobonus.ai\/es\/"},{"@type":"ListItem","position":2,"name":"Descargo de responsabilidad"}]},{"@type":"WebSite","@id":"https:\/\/www.kasinobonus.ai\/es\/#website","url":"https:\/\/www.kasinobonus.ai\/es\/","name":"www.kasinobonus.ai","description":"","publisher":{"@id":"https:\/\/www.kasinobonus.ai\/es\/#organization"},"potentialAction":[{"@type":"SearchAction","target":{"@type":"EntryPoint","urlTemplate":"https:\/\/www.kasinobonus.ai\/es\/?s={search_term_string}"},"query-input":{"@type":"PropertyValueSpecification","valueRequired":true,"valueName":"search_term_string"}}],"inLanguage":"es"},{"@type":"Organization","@id":"https:\/\/www.kasinobonus.ai\/es\/#organization","name":"KasinoBonus","alternateName":"KasinoBonusAI","url":"https:\/\/www.kasinobonus.ai\/es\/","logo":{"@type":"ImageObject","inLanguage":"es","@id":"https:\/\/www.kasinobonus.ai\/es\/#\/schema\/logo\/image\/","url":"https:\/\/www.kasinobonus.ai\/wp-content\/uploads\/2023\/09\/kasinobonus-logo-light.png","contentUrl":"https:\/\/www.kasinobonus.ai\/wp-content\/uploads\/2023\/09\/kasinobonus-logo-light.png","width":3200,"height":596,"caption":"KasinoBonus"},"image":{"@id":"https:\/\/www.kasinobonus.ai\/es\/#\/schema\/logo\/image\/"},"sameAs":["https:\/\/www.facebook.com\/kasinobonusio\/","https:\/\/x.com\/Kasinobonus_io","https:\/\/www.linkedin.com\/in\/matti-slotte-26612033b","http:\/\/kasinobonus.wikidot.com\/system:welcome","https:\/\/www.trustpilot.com\/review\/www.kasinobonus.ai","https:\/\/orcid.org\/0009-0007-2889-1713","https:\/\/en.everybodywiki.com\/Matti_Slotte","https:\/\/www.immuniweb.com\/ssl\/kasinobonus.ai\/M4lqCqYY\/"]}]}},"_links":{"self":[{"href":"https:\/\/www.kasinobonus.ai\/es\/wp-json\/wp\/v2\/pages\/13992","targetHints":{"allow":["GET"]}}],"collection":[{"href":"https:\/\/www.kasinobonus.ai\/es\/wp-json\/wp\/v2\/pages"}],"about":[{"href":"https:\/\/www.kasinobonus.ai\/es\/wp-json\/wp\/v2\/types\/page"}],"author":[{"embeddable":true,"href":"https:\/\/www.kasinobonus.ai\/es\/wp-json\/wp\/v2\/users\/1"}],"replies":[{"embeddable":true,"href":"https:\/\/www.kasinobonus.ai\/es\/wp-json\/wp\/v2\/comments?post=13992"}],"version-history":[{"count":3,"href":"https:\/\/www.kasinobonus.ai\/es\/wp-json\/wp\/v2\/pages\/13992\/revisions"}],"predecessor-version":[{"id":35077,"href":"https:\/\/www.kasinobonus.ai\/es\/wp-json\/wp\/v2\/pages\/13992\/revisions\/35077"}],"wp:attachment":[{"href":"https:\/\/www.kasinobonus.ai\/es\/wp-json\/wp\/v2\/media?parent=13992"}],"curies":[{"name":"wp","href":"https:\/\/api.w.org\/{rel}","templated":true}]}}