{"id":13991,"date":"2023-09-01T06:34:45","date_gmt":"2023-09-01T06:34:45","guid":{"rendered":"http:\/\/kasinobonus.ai.dedivirt842.your-server.de\/vastuullinen-pelaaminen\/"},"modified":"2025-07-28T15:27:18","modified_gmt":"2025-07-28T15:27:18","slug":"juego-responsable","status":"publish","type":"page","link":"https:\/\/www.kasinobonus.ai\/es\/juego-responsable\/","title":{"rendered":"Juego responsable"},"content":{"rendered":"\n<h1 class=\"wp-block-heading\">Gu\u00eda de Juego Responsable de KasinoBonus<\/h1>\n\n<p>A nuestro equipo le apasiona el mundo de los casinos online, y nos esforzamos por ofrecer a nuestros lectores los mejores casinos desde la perspectiva imparcial de un jugador. Como nuestro equipo est\u00e1 formado por jugadores, nos encontramos con los mismos retos y ventajas que t\u00fa en la industria del iGaming. \u00daltimamente, el juego problem\u00e1tico se ha convertido en una preocupaci\u00f3n importante.  <\/p>\n\n<h3 class=\"wp-block-heading\">\u00bfQu\u00e9 es el juego problem\u00e1tico?<\/h3>\n\n<p>Hemos observado que cada vez hay m\u00e1s jugadores que se enfrentan a este problema. Por eso hemos elaborado una gu\u00eda completa sobre el juego responsable. Queremos proporcionarte una mejor comprensi\u00f3n del problema y formas de prevenirlo.  <\/p>\n\n<p>El problema del juego no tiene en cuenta el lugar ni el momento, tanto si se trata de un gran casino de Las Vegas como de una peque\u00f1a m\u00e1quina tragaperras en tu ciudad natal. El problema surge cuando juegas por encima de tus posibilidades, y afecta a otras \u00e1reas de tu vida. <\/p>\n\n<p>Aunque <a href=\"https:\/\/www.kasinobonus.ai\/es\/nosotros\/\">nuestro equipo<\/a> anima a los jugadores a descubrir nuevos sitios de casino con mejores ofertas, nuestro objetivo es recomendar s\u00f3lo sitios que proporcionen herramientas para la prevenci\u00f3n del juego problem\u00e1tico.<\/p>\n\n<h3 class=\"wp-block-heading\">Signos de ludopat\u00eda Para ayudar a reconocer los s\u00edntomas de la ludopat\u00eda, hemos enumerado los signos m\u00e1s comunes:<\/h3>\n\n<ul class=\"wp-block-list\">\n<li>Apostar m\u00e1s all\u00e1 del l\u00edmite acordado<\/li>\n\n\n\n<li>Persiguiendo p\u00e9rdidas<\/li>\n\n\n\n<li>Jugar con m\u00e1s dinero del que puedes permitirte perder<\/li>\n\n\n\n<li>Evitar los sitios que utilizan herramientas de prevenci\u00f3n de problemas de juego<\/li>\n\n\n\n<li>Culpar de las p\u00e9rdidas a la mala suerte en lugar de examinar la propia estrategia de juego<\/li>\n<\/ul>\n\n<p>Razones comunes de los problemas de juego A menudo, los problemas de juego se derivan de un apego excesivo a los juegos de casino. Aunque muchos disfrutan probando nuevos juegos, es importante reconocer cu\u00e1ndo la actividad va demasiado lejos. Jugar con el prop\u00f3sito de ganar dinero nunca debe considerarse una buena idea.  <\/p>\n\n<p>Recursos para la ludopat\u00eda Proporcionamos a nuestros lectores informaci\u00f3n sobre recursos y organizaciones \u00fatiles a los que puedes acudir si reconoces en ti mismo signos de ludopat\u00eda.<\/p>\n\n<p>Kasinobonus y el juego responsable Por \u00faltimo, nos gustar\u00eda destacar c\u00f3mo el equipo de Kasinobonus aborda la amenaza del juego problem\u00e1tico:<\/p>\n\n<ul class=\"wp-block-list\">\n<li>S\u00f3lo recomendamos sitios que hayamos probado nosotros mismos.<\/li>\n\n\n\n<li>S\u00f3lo sugerimos sitios que ofrecen herramientas de juego responsable.<\/li>\n\n\n\n<li>Insistimos continuamente en la importancia del juego responsable.<\/li>\n<\/ul>\n\n<h3 class=\"wp-block-heading\">Ayuda con los problemas de juego<\/h3>\n\n<p>Si reconoces signos de problemas con el juego en ti mismo o en alguien cercano, es crucial que te pongas en contacto con un especialista o una organizaci\u00f3n que pueda ofrecerte ayuda y apoyo. En Finlandia hay varias organizaciones y servicios centrados en ayudar a quienes tienen problemas con el juego: <\/p>\n\n<ol class=\"wp-block-list\">\n<li><a href=\"https:\/\/gamban.com\/\"><strong>Gamban<\/strong><\/a> &#8211; Gamban es un software que ayuda a bloquear el acceso a miles de casinos y sitios de juego online. Est\u00e1 dise\u00f1ado para ayudar a quienes desean poner l\u00edmites o detener el juego online. Una vez que instales Gamban, no podr\u00e1s acceder a sitios de juego en tus dispositivos, lo que te permitir\u00e1 centrarte en otros aspectos de la vida sin la tentaci\u00f3n del juego.  <\/li>\n<\/ol>\n\n<p>Si sospechas que tienes un problema de juego, es importante que te pongas en contacto lo antes posible. Recuerda que hay ayuda disponible y que no tienes que afrontarlo solo. <\/p>\n\n<h2 class=\"wp-block-heading\">Pasos pr\u00e1cticos para mantener el control<\/h2>\n\n<p>Mantener el control de tus h\u00e1bitos de juego requiere algo m\u00e1s que buenas intenciones. He aqu\u00ed algunos pasos pr\u00e1cticos y factibles que puedes dar hoy mismo para que tu experiencia de juego siga siendo divertida y segura: <\/p>\n\n<ul class=\"wp-block-list\">\n<li><strong>Establece L\u00edmites de Dep\u00f3sitos y P\u00e9rdidas:<\/strong> La mayor\u00eda de los <a href=\"https:\/\/www.kasinobonus.ai\/en\/\">mejores casinos online<\/a> te permiten establecer l\u00edmites diarios, semanales o mensuales sobre cu\u00e1nto puedes depositar o perder. Utiliza estas herramientas para evitar gastar m\u00e1s de lo que puedas permitirte. <\/li>\n\n\n\n<li><strong>Utiliza los tiempos muertos y la autoexclusi\u00f3n:<\/strong> Si crees que tu juego se te est\u00e1 yendo de las manos, la mayor\u00eda de los casinos de confianza te permiten tomarte un descanso temporal (tiempo muerto) o incluso autoexcluirte durante un periodo m\u00e1s largo. Esta funci\u00f3n te bloquea la cuenta durante un tiempo determinado, d\u00e1ndote espacio para reevaluarte. <\/li>\n\n\n\n<li><strong>Registra tu actividad de juego:<\/strong> Lleva un registro personal de tus sesiones de juego, incluyendo ganancias, p\u00e9rdidas, tiempo empleado y emociones sentidas. Esto puede ayudarte a detectar patrones y a identificar los momentos en los que corres m\u00e1s riesgo de perseguir las p\u00e9rdidas. <\/li>\n\n\n\n<li><strong>Evita jugar cuando est\u00e9s emocionado: <\/strong>Nunca juegues cuando te sientas alterado, estresado o enfadado. El juego emocional a menudo conduce a decisiones impulsivas y a mayores p\u00e9rdidas. Da un paso atr\u00e1s y vuelve s\u00f3lo cuando est\u00e9s tranquilo y l\u00facido.  <\/li>\n\n\n\n<li><strong>No temas pedir ayuda: <\/strong>Si notas alg\u00fan signo preocupante en tu conducta de juego, no esperes. Acude inmediatamente a amigos, familiares o a una <a href=\"https:\/\/www.kasinobonus.ai\/es\/gambling-addiction\/\">organizaci\u00f3n especializada<\/a>. Conseguir ayuda <em>pronto<\/em> es vital.  <\/li>\n<\/ul>\n\n<p><\/p>\n","protected":false},"excerpt":{"rendered":"<p>Gu\u00eda de Juego Responsable de KasinoBonus A nuestro equipo le apasiona el mundo de los casinos online, y nos esforzamos por ofrecer a nuestros lectores los mejores casinos desde la perspectiva imparcial de un jugador. Como nuestro equipo est\u00e1 formado por jugadores, nos encontramos con los mismos retos y ventajas que t\u00fa en la industria [&hellip;]<\/p>\n","protected":false},"author":1,"featured_media":0,"parent":0,"menu_order":0,"comment_status":"open","ping_status":"closed","template":"","meta":{"inline_featured_image":false,"footnotes":""},"class_list":["post-13991","page","type-page","status-publish","hentry"],"yoast_head":"<!-- This site is optimized with the Yoast SEO plugin v24.5 - https:\/\/yoast.com\/wordpress\/plugins\/seo\/ -->\n<title>Juego Responsable: Gu\u00eda completa de Kasinobonus<\/title>\n<meta name=\"description\" content=\"Aprende los principios del juego responsable y sus marcadores. Te ayudamos a jugar con seguridad y a identificar las se\u00f1ales de advertencia de problemas de juego.\" \/>\n<meta name=\"robots\" content=\"index, follow, max-snippet:-1, max-image-preview:large, max-video-preview:-1\" \/>\n<link rel=\"canonical\" href=\"https:\/\/www.kasinobonus.ai\/es\/juego-responsable\/\" \/>\n<script type=\"application\/ld+json\" class=\"yoast-schema-graph\">{\"@context\":\"https:\/\/schema.org\",\"@graph\":[{\"@type\":\"WebPage\",\"@id\":\"https:\/\/www.kasinobonus.ai\/es\/juego-responsable\/\",\"url\":\"https:\/\/www.kasinobonus.ai\/es\/juego-responsable\/\",\"name\":\"Juego Responsable: Gu\u00eda completa de Kasinobonus\",\"isPartOf\":{\"@id\":\"https:\/\/www.kasinobonus.ai\/es\/#website\"},\"datePublished\":\"2023-09-01T06:34:45+00:00\",\"dateModified\":\"2025-07-28T15:27:18+00:00\",\"description\":\"Aprende los principios del juego responsable y sus marcadores. Te ayudamos a jugar con seguridad y a identificar las se\u00f1ales de advertencia de problemas de juego.\",\"breadcrumb\":{\"@id\":\"https:\/\/www.kasinobonus.ai\/es\/juego-responsable\/#breadcrumb\"},\"inLanguage\":\"es\",\"potentialAction\":[{\"@type\":\"ReadAction\",\"target\":[\"https:\/\/www.kasinobonus.ai\/es\/juego-responsable\/\"]}]},{\"@type\":\"BreadcrumbList\",\"@id\":\"https:\/\/www.kasinobonus.ai\/es\/juego-responsable\/#breadcrumb\",\"itemListElement\":[{\"@type\":\"ListItem\",\"position\":1,\"name\":\"Home\",\"item\":\"https:\/\/kasinobonus.ai\/es\/\"},{\"@type\":\"ListItem\",\"position\":2,\"name\":\"Juego responsable\"}]},{\"@type\":\"WebSite\",\"@id\":\"https:\/\/www.kasinobonus.ai\/es\/#website\",\"url\":\"https:\/\/www.kasinobonus.ai\/es\/\",\"name\":\"www.kasinobonus.ai\",\"description\":\"\",\"publisher\":{\"@id\":\"https:\/\/www.kasinobonus.ai\/es\/#organization\"},\"potentialAction\":[{\"@type\":\"SearchAction\",\"target\":{\"@type\":\"EntryPoint\",\"urlTemplate\":\"https:\/\/www.kasinobonus.ai\/es\/?s={search_term_string}\"},\"query-input\":{\"@type\":\"PropertyValueSpecification\",\"valueRequired\":true,\"valueName\":\"search_term_string\"}}],\"inLanguage\":\"es\"},{\"@type\":\"Organization\",\"@id\":\"https:\/\/www.kasinobonus.ai\/es\/#organization\",\"name\":\"KasinoBonus\",\"alternateName\":\"KasinoBonusAI\",\"url\":\"https:\/\/www.kasinobonus.ai\/es\/\",\"logo\":{\"@type\":\"ImageObject\",\"inLanguage\":\"es\",\"@id\":\"https:\/\/www.kasinobonus.ai\/es\/#\/schema\/logo\/image\/\",\"url\":\"https:\/\/www.kasinobonus.ai\/wp-content\/uploads\/2023\/09\/kasinobonus-logo-light.png\",\"contentUrl\":\"https:\/\/www.kasinobonus.ai\/wp-content\/uploads\/2023\/09\/kasinobonus-logo-light.png\",\"width\":3200,\"height\":596,\"caption\":\"KasinoBonus\"},\"image\":{\"@id\":\"https:\/\/www.kasinobonus.ai\/es\/#\/schema\/logo\/image\/\"},\"sameAs\":[\"https:\/\/www.facebook.com\/kasinobonusio\/\",\"https:\/\/x.com\/Kasinobonus_io\",\"https:\/\/www.linkedin.com\/in\/matti-slotte-26612033b\",\"http:\/\/kasinobonus.wikidot.com\/system:welcome\",\"https:\/\/www.trustpilot.com\/review\/www.kasinobonus.ai\",\"https:\/\/orcid.org\/0009-0007-2889-1713\",\"https:\/\/en.everybodywiki.com\/Matti_Slotte\",\"https:\/\/www.immuniweb.com\/ssl\/kasinobonus.ai\/M4lqCqYY\/\"]}]}<\/script>\n<!-- \/ Yoast SEO plugin. -->","yoast_head_json":{"title":"Juego Responsable: Gu\u00eda completa de Kasinobonus","description":"Aprende los principios del juego responsable y sus marcadores. Te ayudamos a jugar con seguridad y a identificar las se\u00f1ales de advertencia de problemas de juego.","robots":{"index":"index","follow":"follow","max-snippet":"max-snippet:-1","max-image-preview":"max-image-preview:large","max-video-preview":"max-video-preview:-1"},"canonical":"https:\/\/www.kasinobonus.ai\/es\/juego-responsable\/","schema":{"@context":"https:\/\/schema.org","@graph":[{"@type":"WebPage","@id":"https:\/\/www.kasinobonus.ai\/es\/juego-responsable\/","url":"https:\/\/www.kasinobonus.ai\/es\/juego-responsable\/","name":"Juego Responsable: Gu\u00eda completa de Kasinobonus","isPartOf":{"@id":"https:\/\/www.kasinobonus.ai\/es\/#website"},"datePublished":"2023-09-01T06:34:45+00:00","dateModified":"2025-07-28T15:27:18+00:00","description":"Aprende los principios del juego responsable y sus marcadores. Te ayudamos a jugar con seguridad y a identificar las se\u00f1ales de advertencia de problemas de juego.","breadcrumb":{"@id":"https:\/\/www.kasinobonus.ai\/es\/juego-responsable\/#breadcrumb"},"inLanguage":"es","potentialAction":[{"@type":"ReadAction","target":["https:\/\/www.kasinobonus.ai\/es\/juego-responsable\/"]}]},{"@type":"BreadcrumbList","@id":"https:\/\/www.kasinobonus.ai\/es\/juego-responsable\/#breadcrumb","itemListElement":[{"@type":"ListItem","position":1,"name":"Home","item":"https:\/\/kasinobonus.ai\/es\/"},{"@type":"ListItem","position":2,"name":"Juego responsable"}]},{"@type":"WebSite","@id":"https:\/\/www.kasinobonus.ai\/es\/#website","url":"https:\/\/www.kasinobonus.ai\/es\/","name":"www.kasinobonus.ai","description":"","publisher":{"@id":"https:\/\/www.kasinobonus.ai\/es\/#organization"},"potentialAction":[{"@type":"SearchAction","target":{"@type":"EntryPoint","urlTemplate":"https:\/\/www.kasinobonus.ai\/es\/?s={search_term_string}"},"query-input":{"@type":"PropertyValueSpecification","valueRequired":true,"valueName":"search_term_string"}}],"inLanguage":"es"},{"@type":"Organization","@id":"https:\/\/www.kasinobonus.ai\/es\/#organization","name":"KasinoBonus","alternateName":"KasinoBonusAI","url":"https:\/\/www.kasinobonus.ai\/es\/","logo":{"@type":"ImageObject","inLanguage":"es","@id":"https:\/\/www.kasinobonus.ai\/es\/#\/schema\/logo\/image\/","url":"https:\/\/www.kasinobonus.ai\/wp-content\/uploads\/2023\/09\/kasinobonus-logo-light.png","contentUrl":"https:\/\/www.kasinobonus.ai\/wp-content\/uploads\/2023\/09\/kasinobonus-logo-light.png","width":3200,"height":596,"caption":"KasinoBonus"},"image":{"@id":"https:\/\/www.kasinobonus.ai\/es\/#\/schema\/logo\/image\/"},"sameAs":["https:\/\/www.facebook.com\/kasinobonusio\/","https:\/\/x.com\/Kasinobonus_io","https:\/\/www.linkedin.com\/in\/matti-slotte-26612033b","http:\/\/kasinobonus.wikidot.com\/system:welcome","https:\/\/www.trustpilot.com\/review\/www.kasinobonus.ai","https:\/\/orcid.org\/0009-0007-2889-1713","https:\/\/en.everybodywiki.com\/Matti_Slotte","https:\/\/www.immuniweb.com\/ssl\/kasinobonus.ai\/M4lqCqYY\/"]}]}},"_links":{"self":[{"href":"https:\/\/www.kasinobonus.ai\/es\/wp-json\/wp\/v2\/pages\/13991","targetHints":{"allow":["GET"]}}],"collection":[{"href":"https:\/\/www.kasinobonus.ai\/es\/wp-json\/wp\/v2\/pages"}],"about":[{"href":"https:\/\/www.kasinobonus.ai\/es\/wp-json\/wp\/v2\/types\/page"}],"author":[{"embeddable":true,"href":"https:\/\/www.kasinobonus.ai\/es\/wp-json\/wp\/v2\/users\/1"}],"replies":[{"embeddable":true,"href":"https:\/\/www.kasinobonus.ai\/es\/wp-json\/wp\/v2\/comments?post=13991"}],"version-history":[{"count":3,"href":"https:\/\/www.kasinobonus.ai\/es\/wp-json\/wp\/v2\/pages\/13991\/revisions"}],"predecessor-version":[{"id":35083,"href":"https:\/\/www.kasinobonus.ai\/es\/wp-json\/wp\/v2\/pages\/13991\/revisions\/35083"}],"wp:attachment":[{"href":"https:\/\/www.kasinobonus.ai\/es\/wp-json\/wp\/v2\/media?parent=13991"}],"curies":[{"name":"wp","href":"https:\/\/api.w.org\/{rel}","templated":true}]}}