{"id":13990,"date":"2023-09-01T06:32:04","date_gmt":"2023-09-01T06:32:04","guid":{"rendered":"http:\/\/kasinobonus.ai.dedivirt842.your-server.de\/yhteydenotto\/"},"modified":"2025-07-28T15:26:46","modified_gmt":"2025-07-28T15:26:46","slug":"contacto","status":"publish","type":"page","link":"https:\/\/www.kasinobonus.ai\/es\/contacto\/","title":{"rendered":"Ponte en contacto con"},"content":{"rendered":"\n<h1 class=\"wp-block-heading\">Contacta con nosotros y te ayudaremos en el mundo del casino<\/h1>\n\n<p>\u00bfTienes alguna pregunta? \u00bfQuieres ponerte en contacto sobre algo que has visto o le\u00eddo aqu\u00ed en KasinoBonus? \u00bfQuieres saber m\u00e1s sobre c\u00f3mo anunciarte con nosotros? En <a href=\"https:\/\/www.kasinobonus.ai\/en\/\">www.kasinobonus.ai<\/a> estamos aqu\u00ed para ayudarte, y en esta p\u00e1gina encontrar\u00e1s todo lo que necesitas saber para ponerte en contacto con nosotros.   <br\/><\/p>\n\n<h2 class=\"wp-block-heading\">\u00bfC\u00f3mo podemos ayudar?<\/h2>\n\n<ul class=\"wp-block-list\">\n<li><strong>Consultas sobre bonificaciones:<\/strong> \u00bfTienes dudas sobre una oferta de bonificaci\u00f3n? Env\u00edanos los detalles, \u00a1y estaremos encantados de ayudarte! <\/li>\n\n\n\n<li><strong>Requisitos de apuesta:<\/strong> \u00bfNecesitas aclaraciones sobre los requisitos de apuesta? Pueden ser complejos, pero nosotros te los explicamos. <\/li>\n\n\n\n<li><strong>Resoluci\u00f3n de problemas:<\/strong> Si tienes alg\u00fan problema en un casino, ya sea un fallo t\u00e9cnico, un problema de juego o cualquier otra cosa, estamos aqu\u00ed para ayudarte.<\/li>\n\n\n\n<li><strong>Bonificaciones Highroller:<\/strong> Para los jugadores de grandes apuestas, tenemos ofertas exclusivas. Ponte en contacto y te contaremos m\u00e1s. <\/li>\n\n\n\n<li><strong>Asistencia en Conflictos con Casinos:<\/strong> Si te encuentras en un conflicto con un casino, podemos ayudarte en las negociaciones y ofrecerte asesoramiento experto.<\/li>\n\n\n\n<li><strong>Y mucho m\u00e1s:<\/strong> Sean cuales sean tus necesidades, estamos aqu\u00ed para ayudarte a navegar por el mundo de los casinos.<\/li>\n<\/ul>\n\n<h2 class=\"wp-block-heading\"><strong>\u00bfPor qu\u00e9 confiar en nuestro apoyo?<\/strong><\/h2>\n\n<p>En www.kasinobonus.ai, hemos integrado el apoyo en todo nuestro ecosistema de iGaming. Toda nuestra <em>misi\u00f3n<\/em> es ayudar a jugadores como t\u00fa, y eso significa apoyarte a lo largo de tu viaje por el juego online. Tanto si est\u00e1s aqu\u00ed buscando los mejores casinos en l\u00ednea de dinero real como si quieres utilizar nuestro <a href=\"https:\/\/www.kasinobonus.ai\/es\/casino-disputes\/\">Servicio de Resoluci\u00f3n Alternativa de Disputas (RAC) del Casino de Finlandia<\/a>, estamos aqu\u00ed para ti.  <\/p>\n\n<p>Nuestro equipo de atenci\u00f3n al cliente no \u00absubcontrata\u00bb tu solicitud de asistencia, ni te env\u00eda respuestas enlatadas. Cuando te pones en contacto con nosotros, recibes consejos reales de verdaderos expertos con a\u00f1os de experiencia en el sector de los casinos. Ya sea el propio Matti o uno de los miembros de confianza de nuestro equipo, tus preguntas se tratar\u00e1n con cuidado, confidencialidad y un profundo conocimiento del panorama del juego en Finlandia y m\u00e1s all\u00e1.  <\/p>\n\n<p>Hemos ayudado a jugadores a recuperar fondos, a entender las condiciones de los bonos e incluso a encontrar los <a href=\"http:\/\/kasninobonus.ai\/en\">mejores casinos online de dinero real<\/a>. Ponte en contacto con nosotros hoy mismo y haremos todo lo posible para ayudarte a ti <em>tambi\u00e9n<\/em>. <\/p>\n\n<h2 class=\"wp-block-heading\"><strong>Antes de ponerte en contacto con nosotros<\/strong><\/h2>\n\n<p>Para ayudarnos a responder con rapidez y precisi\u00f3n, esto es lo que debes intentar incluir cuando te pongas en contacto:<\/p>\n\n<ul class=\"wp-block-list\">\n<li><strong>Tu pregunta o preocupaci\u00f3n, explicada claramente:<\/strong> Cuanto m\u00e1s espec\u00edfico seas, m\u00e1s r\u00e1pido podremos ayudarte. Incluye detalles como el nombre del casino, la promoci\u00f3n implicada y cualquier fecha o captura de pantalla. Si tienes una pregunta o duda sobre una de las p\u00e1ginas de nuestro sitio web, incluye una URL.  <\/li>\n\n\n\n<li><strong>Capturas de pantalla o documentaci\u00f3n relevante:<\/strong> Si tu problema es t\u00e9cnico o est\u00e1 relacionado con una disputa, adjunta capturas de pantalla de cualquier conversaci\u00f3n, error o problema de pago relevante. Esto ahorra tiempo y evita idas y venidas. <\/li>\n\n\n\n<li><strong>Resultado preferido o tipo de pregunta:<\/strong> Dinos si buscas consejo, si quieres que tu sitio aparezca en KasinoBonus o si simplemente quieres dar las gracias.<\/li>\n<\/ul>\n\n<h2 class=\"wp-block-heading\">Ponte en contacto<\/h2>\n<div class=\"wpforms-container wpforms-container-full wpforms-render-modern\" id=\"wpforms-34372\"><form id=\"wpforms-form-34372\" class=\"wpforms-validate wpforms-form wpforms-ajax-form\" data-formid=\"34372\" method=\"post\" enctype=\"multipart\/form-data\" action=\"\/es\/wp-json\/wp\/v2\/pages\/13990\" data-token=\"e2f1b3bac72f7958c1d6a31c8df0ca04\" data-token-time=\"1775414068\"><noscript class=\"wpforms-error-noscript\">Por favor, activa JavaScript en tu navegador para completar este formulario.<\/noscript><div id=\"wpforms-error-noscript\" style=\"display: none;\">Por favor, activa JavaScript en tu navegador para completar este formulario.<\/div><div class=\"wpforms-field-container\">\t\t<div id=\"wpforms-34372-field_4-container\"\n\t\t\tclass=\"wpforms-field wpforms-field-text\"\n\t\t\tdata-field-type=\"text\"\n\t\t\tdata-field-id=\"4\"\n\t\t\t>\n\t\t\t<label class=\"wpforms-field-label\" for=\"wpforms-34372-field_4\" >Email Name Comment<\/label>\n\t\t\t<input type=\"text\" id=\"wpforms-34372-field_4\" class=\"wpforms-field-medium\" name=\"wpforms[fields][4]\" >\n\t\t<\/div>\n\t\t<div id=\"wpforms-34372-field_1-container\" class=\"wpforms-field wpforms-field-name\" data-field-id=\"1\"><label class=\"wpforms-field-label\" for=\"wpforms-34372-field_1\">Name <span class=\"wpforms-required-label\" aria-hidden=\"true\">*<\/span><\/label><input type=\"text\" id=\"wpforms-34372-field_1\" class=\"wpforms-field-medium wpforms-field-required\" name=\"wpforms[fields][1]\" aria-errormessage=\"wpforms-34372-field_1-error\" required><\/div><div id=\"wpforms-34372-field_2-container\" class=\"wpforms-field wpforms-field-email\" data-field-id=\"2\"><label class=\"wpforms-field-label\" for=\"wpforms-34372-field_2\">Email <span class=\"wpforms-required-label\" aria-hidden=\"true\">*<\/span><\/label><input type=\"email\" id=\"wpforms-34372-field_2\" class=\"wpforms-field-medium wpforms-field-required\" name=\"wpforms[fields][2]\" spellcheck=\"false\" aria-errormessage=\"wpforms-34372-field_2-error\" required><\/div><div id=\"wpforms-34372-field_3-container\" class=\"wpforms-field wpforms-field-textarea\" data-field-id=\"3\"><label class=\"wpforms-field-label\" for=\"wpforms-34372-field_3\">Comment or Message <span class=\"wpforms-required-label\" aria-hidden=\"true\">*<\/span><\/label><textarea id=\"wpforms-34372-field_3\" class=\"wpforms-field-medium wpforms-field-required\" name=\"wpforms[fields][3]\" aria-errormessage=\"wpforms-34372-field_3-error\" required><\/textarea><\/div><script>\n\t\t\t\t( function() {\n\t\t\t\t\tconst style = document.createElement( 'style' );\n\t\t\t\t\tstyle.appendChild( document.createTextNode( '#wpforms-34372-field_4-container { position: absolute !important; overflow: hidden !important; display: inline !important; height: 1px !important; width: 1px !important; z-index: -1000 !important; padding: 0 !important; } #wpforms-34372-field_4-container input { visibility: hidden; } #wpforms-conversational-form-page #wpforms-34372-field_4-container label { counter-increment: none; }' ) );\n\t\t\t\t\tdocument.head.appendChild( style );\n\t\t\t\t\tdocument.currentScript?.remove();\n\t\t\t\t} )();\n\t\t\t<\/script><\/div><!-- .wpforms-field-container --><div class=\"wpforms-submit-container\" ><input type=\"hidden\" name=\"wpforms[id]\" value=\"34372\"><input type=\"hidden\" name=\"page_title\" value=\"\"><input type=\"hidden\" name=\"page_url\" value=\"https:\/\/www.kasinobonus.ai\/es\/wp-json\/wp\/v2\/pages\/13990\"><input type=\"hidden\" name=\"url_referer\" value=\"\"><button type=\"submit\" name=\"wpforms[submit]\" id=\"wpforms-submit-34372\" class=\"wpforms-submit\" data-alt-text=\"Sending...\" data-submit-text=\"Submit\" aria-live=\"assertive\" value=\"wpforms-submit\">Submit<\/button><img decoding=\"async\" src=\"https:\/\/www.kasinobonus.ai\/wp-content\/plugins\/wpforms-lite\/assets\/images\/submit-spin.svg\" class=\"wpforms-submit-spinner\" style=\"display: none;\" width=\"26\" height=\"26\" alt=\"Cargando\"><\/div><\/form><\/div>  <!-- .wpforms-container -->\n\n<p><strong>Facebook:<\/strong> <a href=\"https:\/\/www.facebook.com\/kasinobonusio\">https:\/\/www.facebook.com\/kasinobonusio<\/a><\/p>\n\n<p><strong>X (Twitter):<\/strong> <a href=\"https:\/\/twitter.com\/Kasinobonus_io\">https:\/\/twitter.com\/Kasinobonus_io<\/a><\/p>\n","protected":false},"excerpt":{"rendered":"<p>Contacta con nosotros y te ayudaremos en el mundo del casino \u00bfTienes alguna pregunta? \u00bfQuieres ponerte en contacto sobre algo que has visto o le\u00eddo aqu\u00ed en KasinoBonus? \u00bfQuieres saber m\u00e1s sobre c\u00f3mo anunciarte con nosotros? En www.kasinobonus.ai estamos aqu\u00ed para ayudarte, y en esta p\u00e1gina encontrar\u00e1s todo lo que necesitas saber para ponerte en [&hellip;]<\/p>\n","protected":false},"author":1,"featured_media":0,"parent":0,"menu_order":0,"comment_status":"open","ping_status":"closed","template":"","meta":{"inline_featured_image":false,"footnotes":""},"class_list":["post-13990","page","type-page","status-publish","hentry"],"yoast_head":"<!-- This site is optimized with the Yoast SEO plugin v24.5 - https:\/\/yoast.com\/wordpress\/plugins\/seo\/ -->\n<title>Ponte en contacto con www.kasinobonus.ai - Asistencia en asuntos de casino<\/title>\n<meta name=\"description\" content=\"www.kasinobonus.ai te ayuda con tus consultas relacionadas con el casino. Ayuda experta desde las bonificaciones hasta la resoluci\u00f3n de problemas.\" \/>\n<meta name=\"robots\" content=\"index, follow, max-snippet:-1, max-image-preview:large, max-video-preview:-1\" \/>\n<link rel=\"canonical\" href=\"https:\/\/www.kasinobonus.ai\/es\/contacto\/\" \/>\n<script type=\"application\/ld+json\" class=\"yoast-schema-graph\">{\"@context\":\"https:\/\/schema.org\",\"@graph\":[{\"@type\":\"WebPage\",\"@id\":\"https:\/\/www.kasinobonus.ai\/es\/contacto\/\",\"url\":\"https:\/\/www.kasinobonus.ai\/es\/contacto\/\",\"name\":\"Ponte en contacto con www.kasinobonus.ai - Asistencia en asuntos de casino\",\"isPartOf\":{\"@id\":\"https:\/\/www.kasinobonus.ai\/es\/#website\"},\"datePublished\":\"2023-09-01T06:32:04+00:00\",\"dateModified\":\"2025-07-28T15:26:46+00:00\",\"description\":\"www.kasinobonus.ai te ayuda con tus consultas relacionadas con el casino. Ayuda experta desde las bonificaciones hasta la resoluci\u00f3n de problemas.\",\"breadcrumb\":{\"@id\":\"https:\/\/www.kasinobonus.ai\/es\/contacto\/#breadcrumb\"},\"inLanguage\":\"es\",\"potentialAction\":[{\"@type\":\"ReadAction\",\"target\":[\"https:\/\/www.kasinobonus.ai\/es\/contacto\/\"]}]},{\"@type\":\"BreadcrumbList\",\"@id\":\"https:\/\/www.kasinobonus.ai\/es\/contacto\/#breadcrumb\",\"itemListElement\":[{\"@type\":\"ListItem\",\"position\":1,\"name\":\"Home\",\"item\":\"https:\/\/kasinobonus.ai\/es\/\"},{\"@type\":\"ListItem\",\"position\":2,\"name\":\"Ponte en contacto con\"}]},{\"@type\":\"WebSite\",\"@id\":\"https:\/\/www.kasinobonus.ai\/es\/#website\",\"url\":\"https:\/\/www.kasinobonus.ai\/es\/\",\"name\":\"www.kasinobonus.ai\",\"description\":\"\",\"publisher\":{\"@id\":\"https:\/\/www.kasinobonus.ai\/es\/#organization\"},\"potentialAction\":[{\"@type\":\"SearchAction\",\"target\":{\"@type\":\"EntryPoint\",\"urlTemplate\":\"https:\/\/www.kasinobonus.ai\/es\/?s={search_term_string}\"},\"query-input\":{\"@type\":\"PropertyValueSpecification\",\"valueRequired\":true,\"valueName\":\"search_term_string\"}}],\"inLanguage\":\"es\"},{\"@type\":\"Organization\",\"@id\":\"https:\/\/www.kasinobonus.ai\/es\/#organization\",\"name\":\"KasinoBonus\",\"alternateName\":\"KasinoBonusAI\",\"url\":\"https:\/\/www.kasinobonus.ai\/es\/\",\"logo\":{\"@type\":\"ImageObject\",\"inLanguage\":\"es\",\"@id\":\"https:\/\/www.kasinobonus.ai\/es\/#\/schema\/logo\/image\/\",\"url\":\"https:\/\/www.kasinobonus.ai\/wp-content\/uploads\/2023\/09\/kasinobonus-logo-light.png\",\"contentUrl\":\"https:\/\/www.kasinobonus.ai\/wp-content\/uploads\/2023\/09\/kasinobonus-logo-light.png\",\"width\":3200,\"height\":596,\"caption\":\"KasinoBonus\"},\"image\":{\"@id\":\"https:\/\/www.kasinobonus.ai\/es\/#\/schema\/logo\/image\/\"},\"sameAs\":[\"https:\/\/www.facebook.com\/kasinobonusio\/\",\"https:\/\/x.com\/Kasinobonus_io\",\"https:\/\/www.linkedin.com\/in\/matti-slotte-26612033b\",\"http:\/\/kasinobonus.wikidot.com\/system:welcome\",\"https:\/\/www.trustpilot.com\/review\/www.kasinobonus.ai\",\"https:\/\/orcid.org\/0009-0007-2889-1713\",\"https:\/\/en.everybodywiki.com\/Matti_Slotte\",\"https:\/\/www.immuniweb.com\/ssl\/kasinobonus.ai\/M4lqCqYY\/\"]}]}<\/script>\n<!-- \/ Yoast SEO plugin. -->","yoast_head_json":{"title":"Ponte en contacto con www.kasinobonus.ai - Asistencia en asuntos de casino","description":"www.kasinobonus.ai te ayuda con tus consultas relacionadas con el casino. Ayuda experta desde las bonificaciones hasta la resoluci\u00f3n de problemas.","robots":{"index":"index","follow":"follow","max-snippet":"max-snippet:-1","max-image-preview":"max-image-preview:large","max-video-preview":"max-video-preview:-1"},"canonical":"https:\/\/www.kasinobonus.ai\/es\/contacto\/","schema":{"@context":"https:\/\/schema.org","@graph":[{"@type":"WebPage","@id":"https:\/\/www.kasinobonus.ai\/es\/contacto\/","url":"https:\/\/www.kasinobonus.ai\/es\/contacto\/","name":"Ponte en contacto con www.kasinobonus.ai - Asistencia en asuntos de casino","isPartOf":{"@id":"https:\/\/www.kasinobonus.ai\/es\/#website"},"datePublished":"2023-09-01T06:32:04+00:00","dateModified":"2025-07-28T15:26:46+00:00","description":"www.kasinobonus.ai te ayuda con tus consultas relacionadas con el casino. Ayuda experta desde las bonificaciones hasta la resoluci\u00f3n de problemas.","breadcrumb":{"@id":"https:\/\/www.kasinobonus.ai\/es\/contacto\/#breadcrumb"},"inLanguage":"es","potentialAction":[{"@type":"ReadAction","target":["https:\/\/www.kasinobonus.ai\/es\/contacto\/"]}]},{"@type":"BreadcrumbList","@id":"https:\/\/www.kasinobonus.ai\/es\/contacto\/#breadcrumb","itemListElement":[{"@type":"ListItem","position":1,"name":"Home","item":"https:\/\/kasinobonus.ai\/es\/"},{"@type":"ListItem","position":2,"name":"Ponte en contacto con"}]},{"@type":"WebSite","@id":"https:\/\/www.kasinobonus.ai\/es\/#website","url":"https:\/\/www.kasinobonus.ai\/es\/","name":"www.kasinobonus.ai","description":"","publisher":{"@id":"https:\/\/www.kasinobonus.ai\/es\/#organization"},"potentialAction":[{"@type":"SearchAction","target":{"@type":"EntryPoint","urlTemplate":"https:\/\/www.kasinobonus.ai\/es\/?s={search_term_string}"},"query-input":{"@type":"PropertyValueSpecification","valueRequired":true,"valueName":"search_term_string"}}],"inLanguage":"es"},{"@type":"Organization","@id":"https:\/\/www.kasinobonus.ai\/es\/#organization","name":"KasinoBonus","alternateName":"KasinoBonusAI","url":"https:\/\/www.kasinobonus.ai\/es\/","logo":{"@type":"ImageObject","inLanguage":"es","@id":"https:\/\/www.kasinobonus.ai\/es\/#\/schema\/logo\/image\/","url":"https:\/\/www.kasinobonus.ai\/wp-content\/uploads\/2023\/09\/kasinobonus-logo-light.png","contentUrl":"https:\/\/www.kasinobonus.ai\/wp-content\/uploads\/2023\/09\/kasinobonus-logo-light.png","width":3200,"height":596,"caption":"KasinoBonus"},"image":{"@id":"https:\/\/www.kasinobonus.ai\/es\/#\/schema\/logo\/image\/"},"sameAs":["https:\/\/www.facebook.com\/kasinobonusio\/","https:\/\/x.com\/Kasinobonus_io","https:\/\/www.linkedin.com\/in\/matti-slotte-26612033b","http:\/\/kasinobonus.wikidot.com\/system:welcome","https:\/\/www.trustpilot.com\/review\/www.kasinobonus.ai","https:\/\/orcid.org\/0009-0007-2889-1713","https:\/\/en.everybodywiki.com\/Matti_Slotte","https:\/\/www.immuniweb.com\/ssl\/kasinobonus.ai\/M4lqCqYY\/"]}]}},"_links":{"self":[{"href":"https:\/\/www.kasinobonus.ai\/es\/wp-json\/wp\/v2\/pages\/13990","targetHints":{"allow":["GET"]}}],"collection":[{"href":"https:\/\/www.kasinobonus.ai\/es\/wp-json\/wp\/v2\/pages"}],"about":[{"href":"https:\/\/www.kasinobonus.ai\/es\/wp-json\/wp\/v2\/types\/page"}],"author":[{"embeddable":true,"href":"https:\/\/www.kasinobonus.ai\/es\/wp-json\/wp\/v2\/users\/1"}],"replies":[{"embeddable":true,"href":"https:\/\/www.kasinobonus.ai\/es\/wp-json\/wp\/v2\/comments?post=13990"}],"version-history":[{"count":4,"href":"https:\/\/www.kasinobonus.ai\/es\/wp-json\/wp\/v2\/pages\/13990\/revisions"}],"predecessor-version":[{"id":35081,"href":"https:\/\/www.kasinobonus.ai\/es\/wp-json\/wp\/v2\/pages\/13990\/revisions\/35081"}],"wp:attachment":[{"href":"https:\/\/www.kasinobonus.ai\/es\/wp-json\/wp\/v2\/media?parent=13990"}],"curies":[{"name":"wp","href":"https:\/\/api.w.org\/{rel}","templated":true}]}}