{"id":13989,"date":"2023-09-01T06:25:29","date_gmt":"2023-09-01T06:25:29","guid":{"rendered":"http:\/\/kasinobonus.ai.dedivirt842.your-server.de\/meista\/"},"modified":"2025-07-26T09:18:50","modified_gmt":"2025-07-26T09:18:50","slug":"nosotros","status":"publish","type":"page","link":"https:\/\/www.kasinobonus.ai\/es\/nosotros\/","title":{"rendered":"Informaci\u00f3n sobre Kasinobonus"},"content":{"rendered":"\n<h1 class=\"wp-block-heading\">Informaci\u00f3n sobre Kasinobonus<\/h1>\n\n\n\n<p>La historia de Kasinobonus comenz\u00f3 ya durante el auge del juego online a principios de los a\u00f1os 2000, aunque la plataforma KasinoBonus no se fund\u00f3 oficialmente hasta 2020. Est\u00e1s visitando un sitio dise\u00f1ado por <a href=\"https:\/\/www.kasinobonus.ai\/es\/matti-slotte\/\">Matti Slotte<\/a>, una figura muy conocida dentro de la comunidad finlandesa del p\u00f3ker, quien hasta el d\u00eda de hoy sigue siendo una piedra angular de la escena del juego en Finlandia.<\/p>\n\n\n\n<h2 class=\"wp-block-heading\"><strong>Novedades en 2025<\/strong><\/h2>\n\n\n\n<p>El a\u00f1o 2025 marca el inicio de una nueva etapa para Kasinobonus. Este a\u00f1o hemos lanzado herramientas m\u00e1s inteligentes para la evaluaci\u00f3n de bonos, impulsadas por inteligencia artificial. Hemos ampliado nuestro equipo de pruebas y an\u00e1lisis, y hemos incorporado nuevos contenidos enfocados en casinos con criptomonedas, juego en dispositivos m\u00f3viles y juego responsable.<\/p>\n\n\n\n<p>Tambi\u00e9n hemos empezado a publicar <em>insights<\/em> exclusivos basados en la opini\u00f3n de los jugadores y en estad\u00edsticas de velocidad de pago. Matti sigue al mando, pero ahora cuenta con m\u00e1s herramientas y mayor alcance que nunca. Por eso puedes tener la certeza de que cada casino que recomendamos ha sido examinado m\u00e1s a fondo, supervisado con mayor frecuencia y seleccionado con una atenci\u00f3n m\u00e1s centrada en el jugador que nunca antes.<\/p>\n\n\n\n<p>A primera vista, esto puede parecer lo de siempre: rese\u00f1as de casinos, algunos banners, bonificaciones, logotipos, llamadas a la acci\u00f3n&#8230; lo t\u00edpico. Cosas que ves en todas partes.<\/p>\n\n\n\n<p>Pero este sitio es realmente distinto. La gran experiencia de Matti garantiza que solo los casinos seleccionados con rigor lleguen a la lista, mientras que aquellos que no cumplen con los est\u00e1ndares simplemente se excluyen. Puedes confiar en que Matti es el pilar que mantiene unida esta escena del juego y que es \u00e9l quien vela por ti, para que no acabes apostando en sitios fraudulentos.<\/p>\n\n\n\n<p>Por ejemplo, Matti se asegura de que la bonificaci\u00f3n del casino tenga un valor esperado positivo y de que no existan cl\u00e1usulas ocultas que permitan al casino anular tu bono. \u00bfLo hab\u00edas pensado? \u00bfNo? Pues Matti s\u00ed. Cada d\u00eda.<\/p>\n\n\n\n<p>Otro ejemplo: los casinos est\u00e1n gestionados por personas. Matti habla con quienes est\u00e1n detr\u00e1s de cada marca de casino. T\u00fa no tienes esa oportunidad, pero \u00e9l s\u00ed, y la aprovecha para investigar qui\u00e9n est\u00e1 detr\u00e1s del nombre y si sus intenciones son buenas o malas.<\/p>\n\n\n\n<h2 class=\"wp-block-heading\"><strong>Por qu\u00e9 somos diferentes al resto<\/strong><\/h2>\n\n\n\n<p>KasinoBonus es conocido por recomendar <a href=\"https:\/\/www.kasinobonus.ai\/es\/\">los mejores casinos online con dinero real<\/a> a los jugadores, pero \u00bfqu\u00e9 nos hace realmente \u00fanicos y cu\u00e1l es nuestra ventaja frente a la competencia? A continuaci\u00f3n, te mostramos algunas razones por las que KasinoBonus se destaca:<\/p>\n\n\n\n<ol style=\"list-style-type:upper-roman\" class=\"wp-block-list\">\n<li><strong>Integridad en los bonos: <\/strong>Matti revisa personalmente la letra peque\u00f1a de los t\u00e9rminos y condiciones de todos los bonos que evaluamos. Si detecta cl\u00e1usulas enga\u00f1osas \u2014pensadas para invalidar tus ganancias o dificultar los retiros\u2014, ese bono no aparece en nuestra lista.<\/li>\n\n\n\n<li><strong>Acceso privilegiado: <\/strong>La mayor\u00eda de los jugadores nunca tiene la oportunidad de hablar con las personas que est\u00e1n detr\u00e1s de los casinos. Matti s\u00ed. Utiliza estas conexiones para investigar qui\u00e9n est\u00e1 realmente al mando y si sus intenciones son honestas o no.<\/li>\n\n\n\n<li><strong>Pruebas en el mundo real: <\/strong>A diferencia de casi todos los sitios de rese\u00f1as de casinos, nosotros hacemos dep\u00f3sitos con dinero real \u2014tal como t\u00fa lo har\u00edas\u2014 para comprobar c\u00f3mo funcionan realmente estos casinos. No nos dejamos impresionar solo por una p\u00e1gina de inicio vistosa; probamos los procesos de retiro, evaluamos el servicio de atenci\u00f3n al cliente y todo lo que hay entre medio.<\/li>\n<\/ol>\n\n\n\n<h2 class=\"wp-block-heading\"><strong>\u00bfPor qu\u00e9 elegir Kasinobonus?<\/strong><\/h2>\n\n\n\n<p>Preferir\u00e1s Kasinobonus frente a otros sitios similares porque aqu\u00ed encontrar\u00e1s rese\u00f1as honestas escritas por una leyenda del sector que realmente se preocupa por ti. Evaluar casinos no es ninguna broma. Es un trabajo riguroso, que con los a\u00f1os se ha perfeccionado y ampliado con los siguientes elementos:<\/p>\n\n\n\n<ul class=\"wp-block-list\">\n<li>Rese\u00f1as profesionales e imparciales de casinos.<\/li>\n\n\n\n<li>Pruebas con dep\u00f3sitos reales.<\/li>\n\n\n\n<li>Investigaci\u00f3n y an\u00e1lisis de los casinos y las empresas que los operan.<\/li>\n\n\n\n<li>Conversaciones con otros jugadores finlandeses que tambi\u00e9n han jugado en esos casinos.<\/li>\n\n\n\n<li>Revisi\u00f3n legal de los t\u00e9rminos y condiciones.<\/li>\n\n\n\n<li>Opini\u00f3n de Matti sobre cada casino.<\/li>\n<\/ul>\n\n\n\n<h2 class=\"wp-block-heading\">Nuestra misi\u00f3n<\/h2>\n\n\n\n<p>La misi\u00f3n de Kasinobonus es proporcionar a los jugadores finlandeses informaci\u00f3n precisa, para que est\u00e9n mejor informados y conectados con marcas de casino que realmente los valoran. El bienestar del jugador es la prioridad en todo lo que Matti hace aqu\u00ed.<\/p>\n\n\n\n<p>Sin Kasinobonus, muchos jugadores no sabr\u00edan en qu\u00e9 casinos pueden confiar ni estar\u00edan tan bien informados sobre el mundo del juego en general.<\/p>\n\n\n\n<h2 class=\"wp-block-heading\">Pol\u00edtica de publicidad y redacci\u00f3n<\/h2>\n\n\n\n<p>Nos financiamos vendiendo espacio publicitario. Sin embargo, es importante destacar que los pagos por anuncios nunca influyen en nuestra opini\u00f3n sobre la marca anunciada. En alguna ocasi\u00f3n, Matti ha aceptado dinero para una rese\u00f1a y, tras evaluarla, result\u00f3 que la rese\u00f1a fue negativa porque la marca no cumpl\u00eda los est\u00e1ndares. La empresa puede pagar, pero no puede dictar el contenido de la rese\u00f1a.<\/p>\n\n\n\n<p>Esta es la integridad editorial que Matti ha mantenido desde el lanzamiento de casinobonus.ai, y nunca ha sido comprometida. Adem\u00e1s, Matti no se lo puede permitir econ\u00f3micamente: su reputaci\u00f3n es su activo m\u00e1s valioso.<\/p>\n","protected":false},"excerpt":{"rendered":"<p>Informaci\u00f3n sobre Kasinobonus La historia de Kasinobonus comenz\u00f3 ya durante el auge del juego online a principios de los a\u00f1os 2000, aunque la plataforma KasinoBonus no se fund\u00f3 oficialmente hasta 2020. Est\u00e1s visitando un sitio dise\u00f1ado por Matti Slotte, una figura muy conocida dentro de la comunidad finlandesa del p\u00f3ker, quien hasta el d\u00eda de [&hellip;]<\/p>\n","protected":false},"author":1,"featured_media":0,"parent":0,"menu_order":0,"comment_status":"open","ping_status":"closed","template":"","meta":{"inline_featured_image":false,"footnotes":""},"class_list":["post-13989","page","type-page","status-publish","hentry"],"yoast_head":"<!-- This site is optimized with the Yoast SEO plugin v24.5 - https:\/\/yoast.com\/wordpress\/plugins\/seo\/ -->\n<title>Kasinobonus: \u00bfQui\u00e9nes Somos y Qu\u00e9 Hacemos?<\/title>\n<meta name=\"description\" content=\"El equipo de Kasinobonus se presenta. \u00a1Con\u00f3cenos y descubre c\u00f3mo seleccionamos los mejores bonos de casino! \u00a1Lee m\u00e1s!\" \/>\n<meta name=\"robots\" content=\"index, follow, max-snippet:-1, max-image-preview:large, max-video-preview:-1\" \/>\n<link rel=\"canonical\" href=\"https:\/\/www.kasinobonus.ai\/es\/nosotros\/\" \/>\n<script type=\"application\/ld+json\" class=\"yoast-schema-graph\">{\"@context\":\"https:\/\/schema.org\",\"@graph\":[{\"@type\":\"WebPage\",\"@id\":\"https:\/\/www.kasinobonus.ai\/es\/nosotros\/\",\"url\":\"https:\/\/www.kasinobonus.ai\/es\/nosotros\/\",\"name\":\"Kasinobonus: \u00bfQui\u00e9nes Somos y Qu\u00e9 Hacemos?\",\"isPartOf\":{\"@id\":\"https:\/\/www.kasinobonus.ai\/es\/#website\"},\"datePublished\":\"2023-09-01T06:25:29+00:00\",\"dateModified\":\"2025-07-26T09:18:50+00:00\",\"description\":\"El equipo de Kasinobonus se presenta. \u00a1Con\u00f3cenos y descubre c\u00f3mo seleccionamos los mejores bonos de casino! \u00a1Lee m\u00e1s!\",\"breadcrumb\":{\"@id\":\"https:\/\/www.kasinobonus.ai\/es\/nosotros\/#breadcrumb\"},\"inLanguage\":\"es\",\"potentialAction\":[{\"@type\":\"ReadAction\",\"target\":[\"https:\/\/www.kasinobonus.ai\/es\/nosotros\/\"]}]},{\"@type\":\"BreadcrumbList\",\"@id\":\"https:\/\/www.kasinobonus.ai\/es\/nosotros\/#breadcrumb\",\"itemListElement\":[{\"@type\":\"ListItem\",\"position\":1,\"name\":\"Home\",\"item\":\"https:\/\/kasinobonus.ai\/es\/\"},{\"@type\":\"ListItem\",\"position\":2,\"name\":\"Informaci\u00f3n sobre Kasinobonus\"}]},{\"@type\":\"WebSite\",\"@id\":\"https:\/\/www.kasinobonus.ai\/es\/#website\",\"url\":\"https:\/\/www.kasinobonus.ai\/es\/\",\"name\":\"www.kasinobonus.ai\",\"description\":\"\",\"publisher\":{\"@id\":\"https:\/\/www.kasinobonus.ai\/es\/#organization\"},\"potentialAction\":[{\"@type\":\"SearchAction\",\"target\":{\"@type\":\"EntryPoint\",\"urlTemplate\":\"https:\/\/www.kasinobonus.ai\/es\/?s={search_term_string}\"},\"query-input\":{\"@type\":\"PropertyValueSpecification\",\"valueRequired\":true,\"valueName\":\"search_term_string\"}}],\"inLanguage\":\"es\"},{\"@type\":\"Organization\",\"@id\":\"https:\/\/www.kasinobonus.ai\/es\/#organization\",\"name\":\"KasinoBonus\",\"alternateName\":\"KasinoBonusAI\",\"url\":\"https:\/\/www.kasinobonus.ai\/es\/\",\"logo\":{\"@type\":\"ImageObject\",\"inLanguage\":\"es\",\"@id\":\"https:\/\/www.kasinobonus.ai\/es\/#\/schema\/logo\/image\/\",\"url\":\"https:\/\/www.kasinobonus.ai\/wp-content\/uploads\/2023\/09\/kasinobonus-logo-light.png\",\"contentUrl\":\"https:\/\/www.kasinobonus.ai\/wp-content\/uploads\/2023\/09\/kasinobonus-logo-light.png\",\"width\":3200,\"height\":596,\"caption\":\"KasinoBonus\"},\"image\":{\"@id\":\"https:\/\/www.kasinobonus.ai\/es\/#\/schema\/logo\/image\/\"},\"sameAs\":[\"https:\/\/www.facebook.com\/kasinobonusio\/\",\"https:\/\/x.com\/Kasinobonus_io\",\"https:\/\/www.linkedin.com\/in\/matti-slotte-26612033b\",\"http:\/\/kasinobonus.wikidot.com\/system:welcome\",\"https:\/\/www.trustpilot.com\/review\/www.kasinobonus.ai\",\"https:\/\/orcid.org\/0009-0007-2889-1713\",\"https:\/\/en.everybodywiki.com\/Matti_Slotte\",\"https:\/\/www.immuniweb.com\/ssl\/kasinobonus.ai\/M4lqCqYY\/\"]}]}<\/script>\n<!-- \/ Yoast SEO plugin. -->","yoast_head_json":{"title":"Kasinobonus: \u00bfQui\u00e9nes Somos y Qu\u00e9 Hacemos?","description":"El equipo de Kasinobonus se presenta. \u00a1Con\u00f3cenos y descubre c\u00f3mo seleccionamos los mejores bonos de casino! \u00a1Lee m\u00e1s!","robots":{"index":"index","follow":"follow","max-snippet":"max-snippet:-1","max-image-preview":"max-image-preview:large","max-video-preview":"max-video-preview:-1"},"canonical":"https:\/\/www.kasinobonus.ai\/es\/nosotros\/","schema":{"@context":"https:\/\/schema.org","@graph":[{"@type":"WebPage","@id":"https:\/\/www.kasinobonus.ai\/es\/nosotros\/","url":"https:\/\/www.kasinobonus.ai\/es\/nosotros\/","name":"Kasinobonus: \u00bfQui\u00e9nes Somos y Qu\u00e9 Hacemos?","isPartOf":{"@id":"https:\/\/www.kasinobonus.ai\/es\/#website"},"datePublished":"2023-09-01T06:25:29+00:00","dateModified":"2025-07-26T09:18:50+00:00","description":"El equipo de Kasinobonus se presenta. \u00a1Con\u00f3cenos y descubre c\u00f3mo seleccionamos los mejores bonos de casino! \u00a1Lee m\u00e1s!","breadcrumb":{"@id":"https:\/\/www.kasinobonus.ai\/es\/nosotros\/#breadcrumb"},"inLanguage":"es","potentialAction":[{"@type":"ReadAction","target":["https:\/\/www.kasinobonus.ai\/es\/nosotros\/"]}]},{"@type":"BreadcrumbList","@id":"https:\/\/www.kasinobonus.ai\/es\/nosotros\/#breadcrumb","itemListElement":[{"@type":"ListItem","position":1,"name":"Home","item":"https:\/\/kasinobonus.ai\/es\/"},{"@type":"ListItem","position":2,"name":"Informaci\u00f3n sobre Kasinobonus"}]},{"@type":"WebSite","@id":"https:\/\/www.kasinobonus.ai\/es\/#website","url":"https:\/\/www.kasinobonus.ai\/es\/","name":"www.kasinobonus.ai","description":"","publisher":{"@id":"https:\/\/www.kasinobonus.ai\/es\/#organization"},"potentialAction":[{"@type":"SearchAction","target":{"@type":"EntryPoint","urlTemplate":"https:\/\/www.kasinobonus.ai\/es\/?s={search_term_string}"},"query-input":{"@type":"PropertyValueSpecification","valueRequired":true,"valueName":"search_term_string"}}],"inLanguage":"es"},{"@type":"Organization","@id":"https:\/\/www.kasinobonus.ai\/es\/#organization","name":"KasinoBonus","alternateName":"KasinoBonusAI","url":"https:\/\/www.kasinobonus.ai\/es\/","logo":{"@type":"ImageObject","inLanguage":"es","@id":"https:\/\/www.kasinobonus.ai\/es\/#\/schema\/logo\/image\/","url":"https:\/\/www.kasinobonus.ai\/wp-content\/uploads\/2023\/09\/kasinobonus-logo-light.png","contentUrl":"https:\/\/www.kasinobonus.ai\/wp-content\/uploads\/2023\/09\/kasinobonus-logo-light.png","width":3200,"height":596,"caption":"KasinoBonus"},"image":{"@id":"https:\/\/www.kasinobonus.ai\/es\/#\/schema\/logo\/image\/"},"sameAs":["https:\/\/www.facebook.com\/kasinobonusio\/","https:\/\/x.com\/Kasinobonus_io","https:\/\/www.linkedin.com\/in\/matti-slotte-26612033b","http:\/\/kasinobonus.wikidot.com\/system:welcome","https:\/\/www.trustpilot.com\/review\/www.kasinobonus.ai","https:\/\/orcid.org\/0009-0007-2889-1713","https:\/\/en.everybodywiki.com\/Matti_Slotte","https:\/\/www.immuniweb.com\/ssl\/kasinobonus.ai\/M4lqCqYY\/"]}]}},"_links":{"self":[{"href":"https:\/\/www.kasinobonus.ai\/es\/wp-json\/wp\/v2\/pages\/13989","targetHints":{"allow":["GET"]}}],"collection":[{"href":"https:\/\/www.kasinobonus.ai\/es\/wp-json\/wp\/v2\/pages"}],"about":[{"href":"https:\/\/www.kasinobonus.ai\/es\/wp-json\/wp\/v2\/types\/page"}],"author":[{"embeddable":true,"href":"https:\/\/www.kasinobonus.ai\/es\/wp-json\/wp\/v2\/users\/1"}],"replies":[{"embeddable":true,"href":"https:\/\/www.kasinobonus.ai\/es\/wp-json\/wp\/v2\/comments?post=13989"}],"version-history":[{"count":2,"href":"https:\/\/www.kasinobonus.ai\/es\/wp-json\/wp\/v2\/pages\/13989\/revisions"}],"predecessor-version":[{"id":34477,"href":"https:\/\/www.kasinobonus.ai\/es\/wp-json\/wp\/v2\/pages\/13989\/revisions\/34477"}],"wp:attachment":[{"href":"https:\/\/www.kasinobonus.ai\/es\/wp-json\/wp\/v2\/media?parent=13989"}],"curies":[{"name":"wp","href":"https:\/\/api.w.org\/{rel}","templated":true}]}}