{"id":13977,"date":"2023-08-29T14:02:34","date_gmt":"2023-08-29T14:02:34","guid":{"rendered":"http:\/\/kasinobonus.ai.dedivirt842.your-server.de\/20e-ilmaista-pelirahaa-ilman-talletusta\/"},"modified":"2025-07-30T13:57:10","modified_gmt":"2025-07-30T13:57:10","slug":"20e-de-dinero-gratis-para-jugar-sin-deposito","status":"publish","type":"page","link":"https:\/\/www.kasinobonus.ai\/es\/20e-de-dinero-gratis-para-jugar-sin-deposito\/","title":{"rendered":"Bono de 20 euro gratis sin dep\u00f3sito"},"content":{"rendered":"\n<h1 class=\"wp-block-heading\">Bono de 20 \u20ac gratis sin dep\u00f3sito en Espa\u00f1a<\/h1>\n\n\n\n<p>Un bono gratuito sin dep\u00f3sito de 20 \u20ac es una de las ofertas sin dep\u00f3sito m\u00e1s generosas que encontrar\u00e1s en los casinos online. Con 20 \u20ac en fondos de bonificaci\u00f3n, tienes mucha m\u00e1s flexibilidad que con las bonificaciones est\u00e1ndar de 5 \u20ac o 10 \u20ac, lo que te permite probar una gama m\u00e1s amplia de juegos, experimentar con diferentes tama\u00f1os de apuesta e incluso aumentar tus posibilidades de cumplir los requisitos de apuesta. <\/p>\n\n\n\n<p>Estos bonos son perfectos para los nuevos jugadores que quieren probar un casino sin riesgos o para los jugadores experimentados que desean explorar un nuevo sitio antes de comprometer dinero real. En esta gu\u00eda, te mostrar\u00e9 d\u00f3nde encontrar los mejores <a href=\"https:\/\/www.kasinobonus.ai\/es\/dinero-gratis-para-jugar-sin-deposito\/\">bonos sin dep\u00f3sito<\/a>, c\u00f3mo reclamarlos y las formas m\u00e1s inteligentes de utilizarlos. Hoy vamos a ver el mejor bono gratuito sin dep\u00f3sito de 20 \u20ac del Espa\u00f1a.  <\/p>\n\n\n\n<h2 class=\"wp-block-heading\">Top Casinos Gratis Sin Dep\u00f3sito 2025<\/h2>\n\n\n\n<p>Encontrar un bono de casino de 20 euro gratis sin dep\u00f3sito es raro, ya que la mayor\u00eda de los casinos tienden a ofrecer bonos m\u00e1s peque\u00f1os hoy en d\u00eda, \u00a1pero eso no significa que no pueda ocurrir!<\/p>\n\n\n\n<p>Sin embargo, encontrar estos bonos <em>por ti mismo<\/em> puede ser dif\u00edcil, y por eso hemos recopilado una lista de los mejores casinos en l\u00ednea que actualmente ofrecen bonos de 20 euro gratis sin dep\u00f3sito al registrarse. Cada sitio tiene licencia completa, ofrece condiciones de bonificaci\u00f3n justas y una gran selecci\u00f3n de juegos para probar. <\/p>\n\n\n<p>[brand_table template=\u00bbtable_style_1.php\u00bb country=\u00bbEN\u00bb bonus_type=\u00bbno_deposit\u00bb]<\/p>\n\n\n\n<p>Una vez que hayas elegido un casino, registrarte es r\u00e1pido y f\u00e1cil. Reg\u00edstrate, reclama tu bonificaci\u00f3n de 20 \u00a4 y \u00a1empieza a jugar sin gastar ni un c\u00e9ntimo! <\/p>\n\n\n\n<h2 class=\"wp-block-heading\">\u00bfQu\u00e9 es un bono sin dep\u00f3sito de 20 euro?<\/h2>\n\n\n\n<p>Como su nombre indica, un bono sin dep\u00f3sito de \u20ac20 es una promoci\u00f3n ofrecida por algunos casinos online que te permite reclamar 20 euro, \u00a1sin necesidad de ingresar dinero en tu cuenta de casino! Es una de las bonificaciones y promociones m\u00e1s generosas que encontrar\u00e1s en el mundo del juego online, pero, debido al elevado <em>importe<\/em> de la bonificaci\u00f3n, suele haber t\u00e9rminos y condiciones bastante estrictos, cuyos detalles veremos m\u00e1s adelante en esta p\u00e1gina. <\/p>\n\n\n\n<div class=\"wp-block-group trustsection is-layout-constrained wp-block-group-is-layout-constrained\"><div class=\"wp-block-group__inner-container\">\n<h2 class=\"wp-block-heading\">\u00bfPor qu\u00e9 confiar en KasinoBonus?<\/h2>\n\n\n\n<p>En KasinoBonus, la confianza es la base de todo lo que hacemos. He aqu\u00ed por qu\u00e9 miles de lectores conf\u00edan en nosotros: <\/p>\n\n\n\n<ul class=\"wp-block-list\">\n<li><strong>50.000<\/strong> lectores al mes<\/li>\n\n\n\n<li>Se prueban <strong>150<\/strong> casinos en l\u00ednea<\/li>\n\n\n\n<li><strong>M\u00e1s de 400<\/strong> horas al mes dedicadas a la investigaci\u00f3n de casinos y a la creaci\u00f3n de contenidos<\/li>\n\n\n\n<li><strong>Nuestro equipo prueba personalmente<\/strong> todos los casinos de nuestra lista (capturas de pantalla de cuentas, dep\u00f3sitos y ganancias).<\/li>\n\n\n\n<li>Nuestras rese\u00f1as est\u00e1n escritas y revisadas por <strong>el profesional del iGaming Matti Slotte<\/strong>, con 18 a\u00f1os de experiencia en p\u00f3quer, operaciones de casino y regulaci\u00f3n europea del juego.<\/li>\n\n\n\n<li>Hablamos abiertamente de nuestras asociaciones de afiliados y <strong>nunca aceptamos pagos por opiniones positivas<\/strong>.<\/li>\n\n\n\n<li>Actualizamos nuestras clasificaciones y los detalles de las bonificaciones cada mes para mostrar la <strong>informaci\u00f3n m\u00e1s precisa y actualizada disponible<\/strong>.<\/li>\n\n\n\n<li>S\u00f3lo recomendamos casinos online <strong>autorizados<\/strong>, <strong>seguros<\/strong> y <strong>responsables<\/strong>.<\/li>\n<\/ul>\n<\/div><\/div>\n\n\n\n<h2 class=\"wp-block-heading\">C\u00f3mo revisamos y elegimos los casinos  <\/h2>\n\n\n\n<p>En <a href=\"https:\/\/www.kasinobonus.ai\/en\/\">KasinoBonus<\/a> <em>,<\/em> mi equipo y yo s\u00f3lo recomendamos casinos que cumplen estrictos criterios de seguridad, imparcialidad y experiencia del jugador. Esto es en lo que nos centramos cuando revisamos sitios: <\/p>\n\n\n\n<ol class=\"wp-block-list\">\n<li><strong>Regulaci\u00f3n y seguridad <\/strong>&#8211; Todos los casinos deben estar autorizados por una autoridad acreditada, como la Comisi\u00f3n del Juego del Reino Unido o la Autoridad del Juego de Malta (MGA).<\/li>\n\n\n\n<li><strong>Imparcialidad de las bonificaciones <\/strong>&#8211; Siempre comprobamos que los requisitos de apuesta sean realistas, que las condiciones sean claras y que no haya restricciones ocultas.<\/li>\n\n\n\n<li><strong>Variedad de juegos<\/strong> &#8211; Los mejores casinos ofrecen una mezcla de tragaperras, juegos de mesa y opciones de crupier en vivo. En general, \u00a1cuantos m\u00e1s juegos, mejor! <\/li>\n\n\n\n<li><strong>Opciones de pago y velocidad de pago<\/strong> &#8211; \u00a1Siempre se prefieren las retiradas r\u00e1pidas y los m\u00e9todos de pago m\u00faltiples!<\/li>\n\n\n\n<li><strong>Calidad de la atenci\u00f3n al cliente<\/strong>: \u00a1comprobamos <em>personalmente<\/em> la capacidad de respuesta y la ayuda de los equipos de atenci\u00f3n al cliente!<\/li>\n<\/ol>\n\n\n\n<p>Al asegurarnos de que comprobamos <em>todas las partes<\/em> de un casino online, nos aseguramos de que todas nuestras recomendaciones benefician realmente a nuestros lectores.<\/p>\n\n\n\n<h2 class=\"wp-block-heading\">Los mejores casinos del Reino Unido que ofrecen bonos de \u20ac20 sin dep\u00f3sito<\/h2>\n\n\n\n<p>Si buscas un bono sin dep\u00f3sito de 20 euro, probablemente no tengas que buscar mucho para darte cuenta de que son <em>muy<\/em> dif\u00edciles de conseguir. La mayor\u00eda de los casinos online simplemente ya no pueden permitirse repartir estos generosos bonos, y por eso <em>la mayor\u00eda de los<\/em> sitios han pasado a ofrecer bonos m\u00e1s peque\u00f1os, o tiradas gratis. Sin embargo, si sabes d\u00f3nde buscar, todav\u00eda <em>es<\/em> posible encontrar casinos que ofrezcan estas generosas bonificaciones, \u00a1y una de nuestras <em>favoritas<\/em> actualmente es la que ofrece Slotland Casino!  <\/p>\n\n\n\n<p>Se trata de una oferta exclusiva de KasinoBonus, cuyos detalles puedes consultar a continuaci\u00f3n:<\/p>\n\n\n\n<figure class=\"wp-block-table\"><table class=\"has-fixed-layout\"><tbody><tr><td><strong>Casino<\/strong><\/td><td><strong>Detalles del bono<\/strong><\/td><td><strong>C\u00f3digo de bonificaci\u00f3n<\/strong><\/td><\/tr><tr><td>Slotland<\/td><td>\u00a1Consigue 32 $ GRATIS al registrarte!<\/td><td>Utiliza el c\u00f3digo de bonificaci\u00f3n FREE32KASI<\/td><\/tr><\/tbody><\/table><\/figure>\n\n\n\n<h2 class=\"wp-block-heading\">T\u00e9rminos y condiciones de las bonificaciones de \u20ac20 sin dep\u00f3sito<\/h2>\n\n\n\n<p>Un bono sin dep\u00f3sito de \u20ac20 te proporciona un mayor capital para probar juegos con dinero real, pero tambi\u00e9n viene acompa\u00f1ado de t\u00e9rminos y condiciones bastante estrictos, al menos la mayor\u00eda de las veces. Por ejemplo, la mayor\u00eda de los casinos online aplican requisitos de apuesta, a menudo de hasta 60 veces, lo que significa que tienes que apostar hasta 1.200 euro antes de poder retirar dinero. Aseg\u00farate de comprobar qu\u00e9 juegos contribuyen a las apuestas, ya que los juegos de mesa a menudo cuentan menos o no cuentan en absoluto.  <\/p>\n\n\n\n<p>Tambi\u00e9n suele haber un l\u00edmite de retirada, a menudo en torno a 50 o 100 \u20ac aunque ganes m\u00e1s. Tambi\u00e9n tendr\u00e1s que completar la verificaci\u00f3n KYC (prueba de identidad, direcci\u00f3n y edad) antes de cobrar, seg\u00fan las normas de la Comisi\u00f3n del Juego del Reino Unido. Tambi\u00e9n se aplican l\u00edmites de tiempo. La mayor\u00eda de los bonos sin dep\u00f3sito suelen caducar a los 7 d\u00edas, y las tiradas gratis (si se incluyen) s\u00f3lo pueden durar 24 horas.   <\/p>\n\n\n\n<h2 class=\"wp-block-heading\">C\u00f3mo solicitar una bonificaci\u00f3n de 20 \u20ac sin dep\u00f3sito<\/h2>\n\n\n\n<p>Reclamar tu bonificaci\u00f3n de 20 \u20ac sin dep\u00f3sito es f\u00e1cil. Primero, elige un casino con licencia de la UKGC que ofrezca el bono, idealmente uno de los que figuran en nuestro sitio. Registra una cuenta nueva con tus datos reales y, a continuaci\u00f3n, verifica tu direcci\u00f3n de correo electr\u00f3nico o n\u00famero de m\u00f3vil si el casino te lo pide. Algunos casinos tambi\u00e9n pueden pedirte que introduzcas un c\u00f3digo de bonificaci\u00f3n al registrarte.   <\/p>\n\n\n\n<p>Una vez que haya registrado su cuenta y confirmado su identidad, su bonificaci\u00f3n de 20 euro sin dep\u00f3sito se abonar\u00e1 en su cuenta al instante. Algunos <em>casinos online<\/em>, sin embargo, pueden requerir que lo reclame a trav\u00e9s del panel de control de su cuenta o de una p\u00e1gina de \u00abbonos\u00bb.<\/p>\n\n\n\n<h2 class=\"wp-block-heading\">Alternativas a Bono gratuito de \u20ac20 sin dep\u00f3sito<\/h2>\n\n\n\n<ul class=\"wp-block-list\">\n<li><a href=\"https:\/\/www.kasinobonus.ai\/es\/5e-de-dinero-gratis-para-jugar-sin-deposito\/\">Bono de 5 \u20ac gratis sin dep\u00f3sito<\/a><\/li>\n\n\n\n<li><a href=\"https:\/\/www.kasinobonus.ai\/es\/7eur-de-dinero-gratis-para-jugar-sin-deposito\/\">Bono sin dep\u00f3sito de \u20ac7 gratis<\/a><\/li>\n\n\n\n<li><a href=\"https:\/\/www.kasinobonus.ai\/es\/10e-de-dinero-para-jugar-gratis-sin-deposito\/\">Bono sin dep\u00f3sito de 10 \u20ac gratis<\/a><\/li>\n\n\n\n<li><a href=\"https:\/\/www.kasinobonus.ai\/es\/12e-gratis-de-dinero-para-jugar-sin-deposito\/\">Bono de 12 euro gratis sin dep\u00f3sito<\/a><\/li>\n<\/ul>\n\n\n\n<h2 class=\"wp-block-heading\">Ventajas &amp; Inconvenientes<\/h2>\n\n\n\n<figure class=\"wp-block-image size-full\"><img decoding=\"async\" width=\"1000\" height=\"666\" src=\"https:\/\/www.kasinobonus.ai\/wp-content\/uploads\/2025\/06\/KB-bonos-sin-deposito.jpg\" alt=\"bonos sin dep\u00f3sito\" class=\"wp-image-29784\" srcset=\"https:\/\/www.kasinobonus.ai\/wp-content\/uploads\/2025\/06\/KB-bonos-sin-deposito.jpg 1000w, https:\/\/www.kasinobonus.ai\/wp-content\/uploads\/2025\/06\/KB-bonos-sin-deposito-300x200.jpg 300w, https:\/\/www.kasinobonus.ai\/wp-content\/uploads\/2025\/06\/KB-bonos-sin-deposito-768x511.jpg 768w, https:\/\/www.kasinobonus.ai\/wp-content\/uploads\/2025\/06\/KB-bonos-sin-deposito-110x73.jpg 110w, https:\/\/www.kasinobonus.ai\/wp-content\/uploads\/2025\/06\/KB-bonos-sin-deposito-575x383.jpg 575w\" sizes=\"(max-width: 1000px) 100vw, 1000px\" \/><\/figure>\n\n\n\n<div class=\"wp-block-columns is-layout-flex wp-container-core-columns-is-layout-28f84493 wp-block-columns-is-layout-flex\">\n<div class=\"wp-block-column is-layout-flow wp-block-column-is-layout-flow\">\n<h3 class=\"wp-block-heading\">\u2705 Ventajas<\/h3>\n\n\n\n<ul class=\"wp-block-list\">\n<li>\u2705 Ideal para explorar diferentes plataformas e interfaces<\/li>\n\n\n\n<li>\u2705 Perfecto para probar un casino sin gastar su propio dinero<\/li>\n\n\n\n<li>\u2705 Posibilidad real de ganar: sin riesgo financiero<\/li>\n\n\n\n<li>\u2705 Acceso instant\u00e1neo a tragamonedas o juegos despu\u00e9s del registro<\/li>\n\n\n\n<li>\u2705 Sin compromiso: solo reg\u00edstrese y juegue<\/li>\n<\/ul>\n<\/div>\n\n\n\n<div class=\"wp-block-column is-layout-flow wp-block-column-is-layout-flow\">\n<h3 class=\"wp-block-heading\">\u274c Desventajas<\/h3>\n\n\n\n<ul class=\"wp-block-list\">\n<li>\u274c Generalmente se aplican requisitos de apuesta estrictos<\/li>\n\n\n\n<li>\u274c Los l\u00edmites m\u00e1ximos de ganancias y retiros suelen ser bastante bajos<\/li>\n\n\n\n<li>\u274c La bonificaci\u00f3n podr\u00eda estar limitada a juegos espec\u00edficos<\/li>\n\n\n\n<li>\u274c A veces se requiere un dep\u00f3sito para retirar las ganancias<\/li>\n\n\n\n<li>\u274c No todas las bonificaciones sin dep\u00f3sito son realmente \u201cgratuitas\u201d: lea siempre la letra peque\u00f1a<\/li>\n<\/ul>\n<\/div>\n<\/div>\n\n\n\n<h2 class=\"wp-block-heading\">Mejores tragamonedas gratis con dinero real<\/h2>\n\n\n\n<figure class=\"wp-block-table\"><table class=\"has-fixed-layout\"><thead><tr><th>Tragamonedas<\/th><th>Proveedor<\/th><th>Giros gratis<\/th><th>Valor por giro (\u20ac)<\/th><th>Valor total (\u20ac)<\/th><th>Condiciones<\/th><th>Casino<\/th><\/tr><\/thead><tbody><tr><td>Alien Fruits<\/td><td>BGaming<\/td><td>50<\/td><td>0,10\u202f\u20ac<\/td><td>5,00\u202f\u20ac<\/td><td>Sin requisitos de apuesta<\/td><td>Drip Casino<\/td><\/tr><tr><td>Gates of Olympus<\/td><td>Pragmatic Play<\/td><td>50<\/td><td>0,10\u202f\u20ac<\/td><td>5,00\u202f\u20ac<\/td><td>Sin requisitos de apuesta<\/td><td>Campeonbet<\/td><\/tr><tr><td>Sweet Bonanza<\/td><td>Pragmatic Play<\/td><td>40<\/td><td>0,10\u202f\u20ac<\/td><td>4,00\u202f\u20ac<\/td><td>C\u00f3digo: 40ZENBONUS<\/td><td>Campeonbet<\/td><\/tr><tr><td>Big Bass Bonanza<\/td><td>Pragmatic Play<\/td><td>30<\/td><td>0,10\u202f\u20ac<\/td><td>3,00\u202f\u20ac<\/td><td>Sin dep\u00f3sito, solo registro<\/td><td>Campeonbet<\/td><\/tr><tr><td>Elvis Frog in Vegas<\/td><td>BGaming<\/td><td>25<\/td><td>0,10\u202f\u20ac<\/td><td>2,50\u202f\u20ac<\/td><td>Solo para nuevos jugadores<\/td><td>Drip Casino<\/td><\/tr><tr><td>Book of Dead<\/td><td>Play\u2019n GO<\/td><td>20<\/td><td>0,10\u202f\u20ac<\/td><td>2,00\u202f\u20ac<\/td><td>Sin dep\u00f3sito, canje limitado<\/td><td>Campeonbet<\/td><\/tr><\/tbody><\/table><\/figure>\n\n\n\n<p><strong>Recursos sobre juego responsable<\/strong><\/p>\n\n\n\n<ul class=\"wp-block-list\">\n<li><a href=\"https:\/\/www.jugarbien.es\/\">https:\/\/www.jugarbien.es<\/a><\/li>\n\n\n\n<li><a href=\"https:\/\/www.ordenacionjuego.gob.es\/\">https:\/\/www.ordenacionjuego.gob.es<\/a><\/li>\n\n\n\n<li><a href=\"https:\/\/fejar.org\/\">https:\/\/fejar.org\/<\/a><\/li>\n\n\n\n<li><a href=\"https:\/\/www.juegoesresponsable.org\/\">https:\/\/www.juegoesresponsable.org\/<\/a><\/li>\n<\/ul>\n","protected":false},"excerpt":{"rendered":"<p>Bono de 20 \u20ac gratis sin dep\u00f3sito en Espa\u00f1a Un bono gratuito sin dep\u00f3sito de 20 \u20ac es una de las ofertas sin dep\u00f3sito m\u00e1s generosas que encontrar\u00e1s en los casinos online. Con 20 \u20ac en fondos de bonificaci\u00f3n, tienes mucha m\u00e1s flexibilidad que con las bonificaciones est\u00e1ndar de 5 \u20ac o 10 \u20ac, lo [&hellip;]<\/p>\n","protected":false},"author":1,"featured_media":14173,"parent":0,"menu_order":0,"comment_status":"open","ping_status":"closed","template":"","meta":{"inline_featured_image":false,"footnotes":""},"class_list":["post-13977","page","type-page","status-publish","has-post-thumbnail","hentry"],"yoast_head":"<!-- This site is optimized with the Yoast SEO plugin v24.5 - https:\/\/yoast.com\/wordpress\/plugins\/seo\/ -->\n<title>\u20ac20 Gratis Sin Dep\u00f3sito Bono De Casino En Espa\u00f1a 2025 - www.kasinobonus.ai 2025<\/title>\n<meta name=\"description\" content=\"Aprovecha la oferta m\u00e1s tentadora de 2025: \u20ac20 gratis de bonificaci\u00f3n sin dep\u00f3sito. \u00a1Explora los mejores casinos y consigue tu bono preferente!\" \/>\n<meta name=\"robots\" content=\"index, follow, max-snippet:-1, max-image-preview:large, max-video-preview:-1\" \/>\n<link rel=\"canonical\" href=\"https:\/\/www.kasinobonus.ai\/es\/20e-de-dinero-gratis-para-jugar-sin-deposito\/\" \/>\n<script type=\"application\/ld+json\" class=\"yoast-schema-graph\">{\"@context\":\"https:\/\/schema.org\",\"@graph\":[{\"@type\":\"WebPage\",\"@id\":\"https:\/\/www.kasinobonus.ai\/es\/20e-de-dinero-gratis-para-jugar-sin-deposito\/\",\"url\":\"https:\/\/www.kasinobonus.ai\/es\/20e-de-dinero-gratis-para-jugar-sin-deposito\/\",\"name\":\"\u20ac20 Gratis Sin Dep\u00f3sito Bono De Casino En Espa\u00f1a 2025 - www.kasinobonus.ai 2025\",\"isPartOf\":{\"@id\":\"https:\/\/www.kasinobonus.ai\/es\/#website\"},\"primaryImageOfPage\":{\"@id\":\"https:\/\/www.kasinobonus.ai\/es\/20e-de-dinero-gratis-para-jugar-sin-deposito\/#primaryimage\"},\"image\":{\"@id\":\"https:\/\/www.kasinobonus.ai\/es\/20e-de-dinero-gratis-para-jugar-sin-deposito\/#primaryimage\"},\"thumbnailUrl\":\"https:\/\/www.kasinobonus.ai\/wp-content\/uploads\/2024\/01\/20_eur_de_Dinero_Gratis_para_Jugar_sin_Deposito.jpg\",\"datePublished\":\"2023-08-29T14:02:34+00:00\",\"dateModified\":\"2025-07-30T13:57:10+00:00\",\"description\":\"Aprovecha la oferta m\u00e1s tentadora de 2025: \u20ac20 gratis de bonificaci\u00f3n sin dep\u00f3sito. \u00a1Explora los mejores casinos y consigue tu bono preferente!\",\"breadcrumb\":{\"@id\":\"https:\/\/www.kasinobonus.ai\/es\/20e-de-dinero-gratis-para-jugar-sin-deposito\/#breadcrumb\"},\"inLanguage\":\"es\",\"potentialAction\":[{\"@type\":\"ReadAction\",\"target\":[\"https:\/\/www.kasinobonus.ai\/es\/20e-de-dinero-gratis-para-jugar-sin-deposito\/\"]}]},{\"@type\":\"ImageObject\",\"inLanguage\":\"es\",\"@id\":\"https:\/\/www.kasinobonus.ai\/es\/20e-de-dinero-gratis-para-jugar-sin-deposito\/#primaryimage\",\"url\":\"https:\/\/www.kasinobonus.ai\/wp-content\/uploads\/2024\/01\/20_eur_de_Dinero_Gratis_para_Jugar_sin_Deposito.jpg\",\"contentUrl\":\"https:\/\/www.kasinobonus.ai\/wp-content\/uploads\/2024\/01\/20_eur_de_Dinero_Gratis_para_Jugar_sin_Deposito.jpg\",\"width\":1200,\"height\":628,\"caption\":\"20 eur de Dinero Gratis para Jugar sin Deposito\"},{\"@type\":\"BreadcrumbList\",\"@id\":\"https:\/\/www.kasinobonus.ai\/es\/20e-de-dinero-gratis-para-jugar-sin-deposito\/#breadcrumb\",\"itemListElement\":[{\"@type\":\"ListItem\",\"position\":1,\"name\":\"Home\",\"item\":\"https:\/\/kasinobonus.ai\/es\/\"},{\"@type\":\"ListItem\",\"position\":2,\"name\":\"Bono de 20 euro gratis sin dep\u00f3sito\"}]},{\"@type\":\"WebSite\",\"@id\":\"https:\/\/www.kasinobonus.ai\/es\/#website\",\"url\":\"https:\/\/www.kasinobonus.ai\/es\/\",\"name\":\"www.kasinobonus.ai\",\"description\":\"\",\"publisher\":{\"@id\":\"https:\/\/www.kasinobonus.ai\/es\/#organization\"},\"potentialAction\":[{\"@type\":\"SearchAction\",\"target\":{\"@type\":\"EntryPoint\",\"urlTemplate\":\"https:\/\/www.kasinobonus.ai\/es\/?s={search_term_string}\"},\"query-input\":{\"@type\":\"PropertyValueSpecification\",\"valueRequired\":true,\"valueName\":\"search_term_string\"}}],\"inLanguage\":\"es\"},{\"@type\":\"Organization\",\"@id\":\"https:\/\/www.kasinobonus.ai\/es\/#organization\",\"name\":\"KasinoBonus\",\"alternateName\":\"KasinoBonusAI\",\"url\":\"https:\/\/www.kasinobonus.ai\/es\/\",\"logo\":{\"@type\":\"ImageObject\",\"inLanguage\":\"es\",\"@id\":\"https:\/\/www.kasinobonus.ai\/es\/#\/schema\/logo\/image\/\",\"url\":\"https:\/\/www.kasinobonus.ai\/wp-content\/uploads\/2023\/09\/kasinobonus-logo-light.png\",\"contentUrl\":\"https:\/\/www.kasinobonus.ai\/wp-content\/uploads\/2023\/09\/kasinobonus-logo-light.png\",\"width\":3200,\"height\":596,\"caption\":\"KasinoBonus\"},\"image\":{\"@id\":\"https:\/\/www.kasinobonus.ai\/es\/#\/schema\/logo\/image\/\"},\"sameAs\":[\"https:\/\/www.facebook.com\/kasinobonusio\/\",\"https:\/\/x.com\/Kasinobonus_io\",\"https:\/\/www.linkedin.com\/in\/matti-slotte-26612033b\",\"http:\/\/kasinobonus.wikidot.com\/system:welcome\",\"https:\/\/www.trustpilot.com\/review\/www.kasinobonus.ai\",\"https:\/\/orcid.org\/0009-0007-2889-1713\",\"https:\/\/en.everybodywiki.com\/Matti_Slotte\",\"https:\/\/www.immuniweb.com\/ssl\/kasinobonus.ai\/M4lqCqYY\/\"]}]}<\/script>\n<!-- \/ Yoast SEO plugin. -->","yoast_head_json":{"title":"\u20ac20 Gratis Sin Dep\u00f3sito Bono De Casino En Espa\u00f1a 2025 - www.kasinobonus.ai 2025","description":"Aprovecha la oferta m\u00e1s tentadora de 2025: \u20ac20 gratis de bonificaci\u00f3n sin dep\u00f3sito. \u00a1Explora los mejores casinos y consigue tu bono preferente!","robots":{"index":"index","follow":"follow","max-snippet":"max-snippet:-1","max-image-preview":"max-image-preview:large","max-video-preview":"max-video-preview:-1"},"canonical":"https:\/\/www.kasinobonus.ai\/es\/20e-de-dinero-gratis-para-jugar-sin-deposito\/","schema":{"@context":"https:\/\/schema.org","@graph":[{"@type":"WebPage","@id":"https:\/\/www.kasinobonus.ai\/es\/20e-de-dinero-gratis-para-jugar-sin-deposito\/","url":"https:\/\/www.kasinobonus.ai\/es\/20e-de-dinero-gratis-para-jugar-sin-deposito\/","name":"\u20ac20 Gratis Sin Dep\u00f3sito Bono De Casino En Espa\u00f1a 2025 - www.kasinobonus.ai 2025","isPartOf":{"@id":"https:\/\/www.kasinobonus.ai\/es\/#website"},"primaryImageOfPage":{"@id":"https:\/\/www.kasinobonus.ai\/es\/20e-de-dinero-gratis-para-jugar-sin-deposito\/#primaryimage"},"image":{"@id":"https:\/\/www.kasinobonus.ai\/es\/20e-de-dinero-gratis-para-jugar-sin-deposito\/#primaryimage"},"thumbnailUrl":"https:\/\/www.kasinobonus.ai\/wp-content\/uploads\/2024\/01\/20_eur_de_Dinero_Gratis_para_Jugar_sin_Deposito.jpg","datePublished":"2023-08-29T14:02:34+00:00","dateModified":"2025-07-30T13:57:10+00:00","description":"Aprovecha la oferta m\u00e1s tentadora de 2025: \u20ac20 gratis de bonificaci\u00f3n sin dep\u00f3sito. \u00a1Explora los mejores casinos y consigue tu bono preferente!","breadcrumb":{"@id":"https:\/\/www.kasinobonus.ai\/es\/20e-de-dinero-gratis-para-jugar-sin-deposito\/#breadcrumb"},"inLanguage":"es","potentialAction":[{"@type":"ReadAction","target":["https:\/\/www.kasinobonus.ai\/es\/20e-de-dinero-gratis-para-jugar-sin-deposito\/"]}]},{"@type":"ImageObject","inLanguage":"es","@id":"https:\/\/www.kasinobonus.ai\/es\/20e-de-dinero-gratis-para-jugar-sin-deposito\/#primaryimage","url":"https:\/\/www.kasinobonus.ai\/wp-content\/uploads\/2024\/01\/20_eur_de_Dinero_Gratis_para_Jugar_sin_Deposito.jpg","contentUrl":"https:\/\/www.kasinobonus.ai\/wp-content\/uploads\/2024\/01\/20_eur_de_Dinero_Gratis_para_Jugar_sin_Deposito.jpg","width":1200,"height":628,"caption":"20 eur de Dinero Gratis para Jugar sin Deposito"},{"@type":"BreadcrumbList","@id":"https:\/\/www.kasinobonus.ai\/es\/20e-de-dinero-gratis-para-jugar-sin-deposito\/#breadcrumb","itemListElement":[{"@type":"ListItem","position":1,"name":"Home","item":"https:\/\/kasinobonus.ai\/es\/"},{"@type":"ListItem","position":2,"name":"Bono de 20 euro gratis sin dep\u00f3sito"}]},{"@type":"WebSite","@id":"https:\/\/www.kasinobonus.ai\/es\/#website","url":"https:\/\/www.kasinobonus.ai\/es\/","name":"www.kasinobonus.ai","description":"","publisher":{"@id":"https:\/\/www.kasinobonus.ai\/es\/#organization"},"potentialAction":[{"@type":"SearchAction","target":{"@type":"EntryPoint","urlTemplate":"https:\/\/www.kasinobonus.ai\/es\/?s={search_term_string}"},"query-input":{"@type":"PropertyValueSpecification","valueRequired":true,"valueName":"search_term_string"}}],"inLanguage":"es"},{"@type":"Organization","@id":"https:\/\/www.kasinobonus.ai\/es\/#organization","name":"KasinoBonus","alternateName":"KasinoBonusAI","url":"https:\/\/www.kasinobonus.ai\/es\/","logo":{"@type":"ImageObject","inLanguage":"es","@id":"https:\/\/www.kasinobonus.ai\/es\/#\/schema\/logo\/image\/","url":"https:\/\/www.kasinobonus.ai\/wp-content\/uploads\/2023\/09\/kasinobonus-logo-light.png","contentUrl":"https:\/\/www.kasinobonus.ai\/wp-content\/uploads\/2023\/09\/kasinobonus-logo-light.png","width":3200,"height":596,"caption":"KasinoBonus"},"image":{"@id":"https:\/\/www.kasinobonus.ai\/es\/#\/schema\/logo\/image\/"},"sameAs":["https:\/\/www.facebook.com\/kasinobonusio\/","https:\/\/x.com\/Kasinobonus_io","https:\/\/www.linkedin.com\/in\/matti-slotte-26612033b","http:\/\/kasinobonus.wikidot.com\/system:welcome","https:\/\/www.trustpilot.com\/review\/www.kasinobonus.ai","https:\/\/orcid.org\/0009-0007-2889-1713","https:\/\/en.everybodywiki.com\/Matti_Slotte","https:\/\/www.immuniweb.com\/ssl\/kasinobonus.ai\/M4lqCqYY\/"]}]}},"_links":{"self":[{"href":"https:\/\/www.kasinobonus.ai\/es\/wp-json\/wp\/v2\/pages\/13977","targetHints":{"allow":["GET"]}}],"collection":[{"href":"https:\/\/www.kasinobonus.ai\/es\/wp-json\/wp\/v2\/pages"}],"about":[{"href":"https:\/\/www.kasinobonus.ai\/es\/wp-json\/wp\/v2\/types\/page"}],"author":[{"embeddable":true,"href":"https:\/\/www.kasinobonus.ai\/es\/wp-json\/wp\/v2\/users\/1"}],"replies":[{"embeddable":true,"href":"https:\/\/www.kasinobonus.ai\/es\/wp-json\/wp\/v2\/comments?post=13977"}],"version-history":[{"count":9,"href":"https:\/\/www.kasinobonus.ai\/es\/wp-json\/wp\/v2\/pages\/13977\/revisions"}],"predecessor-version":[{"id":35106,"href":"https:\/\/www.kasinobonus.ai\/es\/wp-json\/wp\/v2\/pages\/13977\/revisions\/35106"}],"wp:featuredmedia":[{"embeddable":true,"href":"https:\/\/www.kasinobonus.ai\/es\/wp-json\/wp\/v2\/media\/14173"}],"wp:attachment":[{"href":"https:\/\/www.kasinobonus.ai\/es\/wp-json\/wp\/v2\/media?parent=13977"}],"curies":[{"name":"wp","href":"https:\/\/api.w.org\/{rel}","templated":true}]}}