{"id":13973,"date":"2023-08-29T14:02:25","date_gmt":"2023-08-29T14:02:25","guid":{"rendered":"http:\/\/kasinobonus.ai.dedivirt842.your-server.de\/12e-ilmaista-pelirahaa-ilman-talletusta\/"},"modified":"2025-07-30T13:56:46","modified_gmt":"2025-07-30T13:56:46","slug":"12e-gratis-de-dinero-para-jugar-sin-deposito","status":"publish","type":"page","link":"https:\/\/www.kasinobonus.ai\/es\/12e-gratis-de-dinero-para-jugar-sin-deposito\/","title":{"rendered":"Bono de 12 \u20ac gratis sin dep\u00f3sito"},"content":{"rendered":"\n<h1 class=\"wp-block-heading\">Bono de 12 euro gratis sin dep\u00f3sito en Espa\u00f1a<\/h1>\n\n\n\n<p>Una bonificaci\u00f3n gratuita de \u20ac12 sin dep\u00f3sito es un tipo de bonificaci\u00f3n de casino menos com\u00fan, pero muy gratificante, y te ofrece un poco m\u00e1s de flexibilidad que la mayor\u00eda de las ofertas sin dep\u00f3sito. Con 12 euro en fondos de bonificaci\u00f3n, tienes suficiente para explorar una gama m\u00e1s amplia de juegos, probar diferentes estrategias de apuesta e incluso aspirar a algunos pagos decentes, \u00a1todo ello sin gastar ni un c\u00e9ntimo de tu propio dinero! <\/p>\n\n\n\n<p>Hoy voy a mostrarte los mejores bonos de 12\u20ac sin dep\u00f3sito para casinos, \u00a1y tambi\u00e9n te dar\u00e9 algunos consejos y estrategias para maximizar tus beneficios potenciales con estas promociones!<\/p>\n\n\n\n<h2 class=\"wp-block-heading\">Los mejores casinos sin dep\u00f3sito de \u20ac12 gratis 2025<\/h2>\n\n\n\n<p>Dado que la mayor\u00eda de las <a href=\"https:\/\/www.kasinobonus.ai\/es\/dinero-gratis-para-jugar-sin-deposito\/\">ofertas de casino sin dep\u00f3sito<\/a> se ci\u00f1en a n\u00fameros redondos como <a href=\"https:\/\/www.kasinobonus.ai\/es\/5e-de-dinero-gratis-para-jugar-sin-deposito\/\">5<\/a> \u00f3 <a href=\"https:\/\/www.kasinobonus.ai\/es\/10e-de-dinero-para-jugar-gratis-sin-deposito\/\">10 \u20ac<\/a>, encontrar un casino sin dep\u00f3sito de 12 euro gratis en Espa\u00f1a requiere indagar un poco m\u00e1s. Los casinos que ofrecen este tipo de promoci\u00f3n suelen ser m\u00e1s nuevos, y esto significa que a menudo tambi\u00e9n ofrecen promociones m\u00e1s generosas. <\/p>\n\n\n\n<p>Para ahorrarte tiempo, he localizado los mejores casinos que ofrecen actualmente \u20ac12 gratis en bonos sin dep\u00f3sito al registrarte. Estos sitios han sido cuidadosamente examinados para garantizar que tienen licencia, son dignos de confianza y ofrecen condiciones de bonificaci\u00f3n justas, y a continuaci\u00f3n encontrar\u00e1s mis selecciones personales: <\/p>\n\n\n<p>[brand_table template=\u00bbtable_style_1.php\u00bb country=\u00bbEN\u00bb bonus_type=\u00bbno_deposit\u00bb]<\/p>\n\n\n\n<p>Una vez que hayas elegido un casino de la lista, s\u00f3lo tienes que registrarte, reclamar tu bonificaci\u00f3n y empezar a jugar, \u00a1sin necesidad de hacer ning\u00fan dep\u00f3sito!<\/p>\n\n\n\n<h2 class=\"wp-block-heading\">\u00bfQu\u00e9 es una bonificaci\u00f3n sin dep\u00f3sito de 12 \u20ac?<\/h2>\n\n\n\n<p>Un bono sin dep\u00f3sito de 12 euro, como su nombre indica, es un bono que se concede a los nuevos jugadores, \u00a1sin necesidad de que realices un dep\u00f3sito! Normalmente, este tipo de promoci\u00f3n de bonificaci\u00f3n la ofrecen los casinos online con la esperanza de conseguir que se registren nuevos clientes, y puede ser una forma estupenda de probar un nuevo sitio sin necesidad de arriesgar tu propio dinero. <\/p>\n\n\n\n<p>Sin embargo, los bonos sin dep\u00f3sito de \u20ac12 en Espa\u00f1a <em>siempre<\/em> vienen acompa\u00f1ados de estrictos t\u00e9rminos y condiciones, entre los que se incluyen elevados requisitos de apuesta, bajos l\u00edmites m\u00e1ximos de retirada de dinero y exclusiones de juegos.<\/p>\n\n\n\n<h2 class=\"wp-block-heading\">C\u00f3mo revisamos y elegimos los casinos  <\/h2>\n\n\n\n<p>No todos los casinos online son iguales, por eso seguimos un estricto proceso de evaluaci\u00f3n antes de recomendar cualquier sitio. Algunos de los factores que tenemos en cuenta al revisar los casinos online son: <\/p>\n\n\n\n<ul class=\"wp-block-list\">\n<li><strong>Licencia y seguridad<\/strong>: garantizar que todos los sitios que recomendamos tienen licencia, idealmente de un organismo regulador como la Comisi\u00f3n del Juego de Espa\u00f1a (UKGC).<\/li>\n\n\n\n<li><strong>Selecci\u00f3n del m\u00e9todo de pago<\/strong>: comprueba qu\u00e9 m\u00e9todos de pago puedes utilizar para hacer ingresos y retiradas<\/li>\n\n\n\n<li><strong>Velocidad de retirada de dinero<\/strong>: nos registramos personalmente y probamos las funciones de retirada de dinero en todos los casinos online que revisamos, para poder darte informaci\u00f3n <em>honesta y de primera mano<\/em> sobre cu\u00e1nto tardan en procesarse las retiradas.<\/li>\n\n\n\n<li><strong>Selecci\u00f3n de juegos<\/strong>: <em>sabemos<\/em> que quieres poder disfrutar de todos tus juegos favoritos cuando juegas en casinos online, por eso nuestras rese\u00f1as incluyen un an\u00e1lisis detallado de los juegos que se ofrecen y de los proveedores de software de los que proceden.<\/li>\n\n\n\n<li><strong>Servicios de atenci\u00f3n al cliente<\/strong>: aunque es raro que algo vaya mal en los casinos recomendados por KasinoBonus, es bueno saber que hay ayuda disponible si la necesitas. Por eso, en todas nuestras rese\u00f1as probamos los servicios de atenci\u00f3n al cliente, comprobando los tiempos de respuesta y la amabilidad. <\/li>\n<\/ul>\n\n\n\n<div class=\"wp-block-group trustsection is-layout-constrained wp-block-group-is-layout-constrained\"><div class=\"wp-block-group__inner-container\">\n<h2 class=\"wp-block-heading\">\u00bfPor qu\u00e9 confiar en KasinoBonus?<\/h2>\n\n\n\n<p>En KasinoBonus, la confianza es la base de todo lo que hacemos. He aqu\u00ed por qu\u00e9 miles de lectores conf\u00edan en nosotros: <\/p>\n\n\n\n<ul class=\"wp-block-list\">\n<li><strong>50.000<\/strong> lectores al mes<\/li>\n\n\n\n<li>Se prueban <strong>150<\/strong> casinos en l\u00ednea<\/li>\n\n\n\n<li><strong>M\u00e1s de 400<\/strong> horas al mes dedicadas a la investigaci\u00f3n de casinos y a la creaci\u00f3n de contenidos<\/li>\n\n\n\n<li><strong>Nuestro equipo prueba personalmente<\/strong> todos los casinos de nuestra lista (capturas de pantalla de cuentas, dep\u00f3sitos y ganancias).<\/li>\n\n\n\n<li>Nuestras rese\u00f1as est\u00e1n escritas y revisadas por <strong>el profesional del iGaming Matti Slotte<\/strong>, con 18 a\u00f1os de experiencia en p\u00f3quer, operaciones de casino y regulaci\u00f3n europea del juego.<\/li>\n\n\n\n<li>Hablamos abiertamente de nuestras asociaciones de afiliados y <strong>nunca aceptamos pagos por opiniones positivas<\/strong>.<\/li>\n\n\n\n<li>Actualizamos nuestras clasificaciones y los detalles de las bonificaciones cada mes para mostrar la <strong>informaci\u00f3n m\u00e1s precisa y actualizada disponible<\/strong>.<\/li>\n\n\n\n<li>S\u00f3lo recomendamos casinos online <strong>autorizados<\/strong>, <strong>seguros<\/strong> y <strong>responsables<\/strong>.<\/li>\n<\/ul>\n<\/div><\/div>\n\n\n\n<h2 class=\"wp-block-heading\">Los mejores casinos de Espa\u00f1a que ofrecen bonos de 12 euro sin dep\u00f3sito<\/h2>\n\n\n\n<p>Si est\u00e1s buscando un bono sin dep\u00f3sito de \u20ac12, te habr\u00e1s dado cuenta de que es muy <em>dif\u00edcil<\/em> encontrar un bono de este tipo en l\u00ednea, y esto se debe al aumento de las normativas y a los mayores gastos generales de los casinos en l\u00ednea de hoy en d\u00eda. Afortunadamente, si sabes d\u00f3nde buscar, todav\u00eda <em>es<\/em> posible conseguir generosos bonos sin dep\u00f3sito, y en KasinoBonus tenemos una <strong>oferta exclusiva<\/strong> del Casino Slotland.  <\/p>\n\n\n\n<p>Slotland, que funciona desde 1998, es uno de los mejores casinos en l\u00ednea de Espa\u00f1a, y ofrece una magn\u00edfica selecci\u00f3n de tragaperras propias, \u00a1juegos que no encontrar\u00e1s en ning\u00fan otro sitio! Ahora mismo, si te registras utilizando el c\u00f3digo FREE32KASI, puedes conseguir un enorme bono de 32 $ &#8211; \u00a1detalles a continuaci\u00f3n! <\/p>\n\n\n\n<figure class=\"wp-block-table\"><table class=\"has-fixed-layout\"><tbody><tr><td><strong>Casino<\/strong><\/td><td><strong>Detalles del bono<\/strong><\/td><td><strong>C\u00f3digo de bonificaci\u00f3n<\/strong><\/td><\/tr><tr><td>Slotland<\/td><td>\u00a1Consigue 32 $ GRATIS al registrarte!<\/td><td>Utiliza el c\u00f3digo de bonificaci\u00f3n FREE32KASI<\/td><\/tr><\/tbody><\/table><\/figure>\n\n\n\n<h2 class=\"wp-block-heading\">T\u00e9rminos y condiciones de la bonificaci\u00f3n de \u20ac12 sin dep\u00f3sito<\/h2>\n\n\n\n<p>Aunque un bono sin dep\u00f3sito de \u20ac12 parece dinero f\u00e1cil, <em>siempre<\/em> hay condiciones que deber\u00e1s cumplir. Lo m\u00e1s importante son los requisitos de apuesta que se aplican, que pueden variar entre 20x y 100x. Esto refleja el n\u00famero de veces que tienes que jugar <em>con<\/em> los fondos de la bonificaci\u00f3n; as\u00ed, si una bonificaci\u00f3n de 12\u00a4 tiene unos requisitos de apuesta de 20x, significa que tienes que apostar 240\u00a4 antes de poder retirar dinero. Algunos casinos tambi\u00e9n pueden aplicar ponderaciones de juego, por lo que no todos los juegos contribuyen por igual a estos requisitos.   <\/p>\n\n\n\n<p>Tambi\u00e9n suele haber un l\u00edmite m\u00e1ximo de retirada con los bonos sin dep\u00f3sito, especialmente si eres un jugador nuevo. Esto significa que, independientemente de cu\u00e1nto ganes con el bono, s\u00f3lo podr\u00e1s retirar una cantidad determinada. Tambi\u00e9n tendr\u00e1s que verificar tu identidad antes de retirar dinero, lo que se conoce como comprobaci\u00f3n \u00abConoce a tu cliente\u00bb (KYC). Esto significa presentar una prueba de identidad, direcci\u00f3n y, posiblemente, los datos del m\u00e9todo de pago.   <\/p>\n\n\n\n<h2 class=\"wp-block-heading\">Convertir un dep\u00f3sito gratuito de \u20ac12 en beneficios reales<\/h2>\n\n\n\n<p>Un bono gratuito de \u20ac12 te da un buen comienzo, pero a\u00fan necesitas un poco de suerte (y una estrategia s\u00f3lida) para convertirlo en dinero retirable. En primer lugar, te recomiendo que elijas siempre juegos con un RTP alto. Al fin y al cabo, las v\u00eddeo tragaperras con un mayor porcentaje de retorno al jugador mejoran tus posibilidades de ganar con el tiempo.  <\/p>\n\n\n\n<p>Tambi\u00e9n debes comprobar los juegos aptos para los bonos. As\u00ed que aseg\u00farate siempre de leer los t\u00e9rminos y condiciones para asegurarte de que juegas a los t\u00edtulos que cumplen los requisitos. Tambi\u00e9n te recomiendo que te ci\u00f1as a las apuestas m\u00e1s bajas. De este modo, el bono durar\u00e1 m\u00e1s tiempo y aumentar\u00e1n tus probabilidades de conseguir una gran ganancia.   <\/p>\n\n\n\n<h2 class=\"wp-block-heading\">Alternativas a Bono gratuito de \u20ac12 sin dep\u00f3sito<\/h2>\n\n\n\n<ul class=\"wp-block-list\">\n<li><a href=\"https:\/\/www.kasinobonus.ai\/es\/5e-de-dinero-gratis-para-jugar-sin-deposito\/\">Bono de 5 \u20ac gratis sin dep\u00f3sito<\/a><\/li>\n\n\n\n<li><a href=\"https:\/\/www.kasinobonus.ai\/es\/7eur-de-dinero-gratis-para-jugar-sin-deposito\/\">Bono sin dep\u00f3sito de \u20ac7 gratis<\/a><\/li>\n\n\n\n<li><a href=\"https:\/\/www.kasinobonus.ai\/es\/10e-de-dinero-para-jugar-gratis-sin-deposito\/\">Bono sin dep\u00f3sito de 10 \u20ac gratis<\/a><\/li>\n\n\n\n<li><a href=\"https:\/\/www.kasinobonus.ai\/es\/20e-de-dinero-gratis-para-jugar-sin-deposito\/\">Bono de 20 euro gratis sin dep\u00f3sito<\/a><\/li>\n<\/ul>\n\n\n\n<h2 class=\"wp-block-heading\">Ventajas &amp; Inconvenientes<\/h2>\n\n\n\n<figure class=\"wp-block-image size-full\"><img decoding=\"async\" width=\"1000\" height=\"666\" src=\"https:\/\/www.kasinobonus.ai\/wp-content\/uploads\/2025\/06\/KB-bonos-sin-deposito.jpg\" alt=\"bonos sin dep\u00f3sito\" class=\"wp-image-29784\" srcset=\"https:\/\/www.kasinobonus.ai\/wp-content\/uploads\/2025\/06\/KB-bonos-sin-deposito.jpg 1000w, https:\/\/www.kasinobonus.ai\/wp-content\/uploads\/2025\/06\/KB-bonos-sin-deposito-300x200.jpg 300w, https:\/\/www.kasinobonus.ai\/wp-content\/uploads\/2025\/06\/KB-bonos-sin-deposito-768x511.jpg 768w, https:\/\/www.kasinobonus.ai\/wp-content\/uploads\/2025\/06\/KB-bonos-sin-deposito-110x73.jpg 110w, https:\/\/www.kasinobonus.ai\/wp-content\/uploads\/2025\/06\/KB-bonos-sin-deposito-575x383.jpg 575w\" sizes=\"(max-width: 1000px) 100vw, 1000px\" \/><\/figure>\n\n\n\n<div class=\"wp-block-columns is-layout-flex wp-container-core-columns-is-layout-28f84493 wp-block-columns-is-layout-flex\">\n<div class=\"wp-block-column is-layout-flow wp-block-column-is-layout-flow\">\n<h3 class=\"wp-block-heading\">\u2705 Ventajas<\/h3>\n\n\n\n<ul class=\"wp-block-list\">\n<li>\u2705 Ideal para explorar diferentes plataformas e interfaces<\/li>\n\n\n\n<li>\u2705 Perfecto para probar un casino sin gastar su propio dinero<\/li>\n\n\n\n<li>\u2705 Posibilidad real de ganar: sin riesgo financiero<\/li>\n\n\n\n<li>\u2705 Acceso instant\u00e1neo a tragamonedas o juegos despu\u00e9s del registro<\/li>\n\n\n\n<li>\u2705 Sin compromiso: solo reg\u00edstrese y juegue<\/li>\n<\/ul>\n<\/div>\n\n\n\n<div class=\"wp-block-column is-layout-flow wp-block-column-is-layout-flow\">\n<h3 class=\"wp-block-heading\">\u274c Desventajas<\/h3>\n\n\n\n<ul class=\"wp-block-list\">\n<li>\u274c Generalmente se aplican requisitos de apuesta estrictos<\/li>\n\n\n\n<li>\u274c Los l\u00edmites m\u00e1ximos de ganancias y retiros suelen ser bastante bajos<\/li>\n\n\n\n<li>\u274c La bonificaci\u00f3n podr\u00eda estar limitada a juegos espec\u00edficos<\/li>\n\n\n\n<li>\u274c A veces se requiere un dep\u00f3sito para retirar las ganancias<\/li>\n\n\n\n<li>\u274c No todas las bonificaciones sin dep\u00f3sito son realmente \u201cgratuitas\u201d: lea siempre la letra peque\u00f1a<\/li>\n<\/ul>\n<\/div>\n<\/div>\n\n\n\n<h2 class=\"wp-block-heading\">Mejores tragamonedas gratis con dinero real<\/h2>\n\n\n\n<figure class=\"wp-block-table\"><table class=\"has-fixed-layout\"><thead><tr><th>Tragamonedas<\/th><th>Proveedor<\/th><th>Giros gratis<\/th><th>Valor por giro (\u20ac)<\/th><th>Valor total (\u20ac)<\/th><th>Condiciones<\/th><th>Casino<\/th><\/tr><\/thead><tbody><tr><td>Alien Fruits<\/td><td>BGaming<\/td><td>50<\/td><td>0,10\u202f\u20ac<\/td><td>5,00\u202f\u20ac<\/td><td>Sin requisitos de apuesta<\/td><td>Drip Casino<\/td><\/tr><tr><td>Gates of Olympus<\/td><td>Pragmatic Play<\/td><td>50<\/td><td>0,10\u202f\u20ac<\/td><td>5,00\u202f\u20ac<\/td><td>Sin requisitos de apuesta<\/td><td>Campeonbet<\/td><\/tr><tr><td>Sweet Bonanza<\/td><td>Pragmatic Play<\/td><td>40<\/td><td>0,10\u202f\u20ac<\/td><td>4,00\u202f\u20ac<\/td><td>C\u00f3digo: 40ZENBONUS<\/td><td>Campeonbet<\/td><\/tr><tr><td>Big Bass Bonanza<\/td><td>Pragmatic Play<\/td><td>30<\/td><td>0,10\u202f\u20ac<\/td><td>3,00\u202f\u20ac<\/td><td>Sin dep\u00f3sito, solo registro<\/td><td>Campeonbet<\/td><\/tr><tr><td>Elvis Frog in Vegas<\/td><td>BGaming<\/td><td>25<\/td><td>0,10\u202f\u20ac<\/td><td>2,50\u202f\u20ac<\/td><td>Solo para nuevos jugadores<\/td><td>Drip Casino<\/td><\/tr><tr><td>Book of Dead<\/td><td>Play\u2019n GO<\/td><td>20<\/td><td>0,10\u202f\u20ac<\/td><td>2,00\u202f\u20ac<\/td><td>Sin dep\u00f3sito, canje limitado<\/td><td>Campeonbet<\/td><\/tr><\/tbody><\/table><\/figure>\n\n\n\n<p><strong>Recursos sobre juego responsable<\/strong><\/p>\n\n\n\n<ul class=\"wp-block-list\">\n<li><a href=\"https:\/\/www.jugarbien.es\/\">https:\/\/www.jugarbien.es<\/a><\/li>\n\n\n\n<li><a href=\"https:\/\/www.ordenacionjuego.gob.es\/\">https:\/\/www.ordenacionjuego.gob.es<\/a><\/li>\n\n\n\n<li><a href=\"https:\/\/fejar.org\/\">https:\/\/fejar.org\/<\/a><\/li>\n\n\n\n<li><a href=\"https:\/\/www.juegoesresponsable.org\/\">https:\/\/www.juegoesresponsable.org\/<\/a><\/li>\n<\/ul>\n","protected":false},"excerpt":{"rendered":"<p>Bono de 12 euro gratis sin dep\u00f3sito en Espa\u00f1a Una bonificaci\u00f3n gratuita de \u20ac12 sin dep\u00f3sito es un tipo de bonificaci\u00f3n de casino menos com\u00fan, pero muy gratificante, y te ofrece un poco m\u00e1s de flexibilidad que la mayor\u00eda de las ofertas sin dep\u00f3sito. Con 12 euro en fondos de bonificaci\u00f3n, tienes suficiente para explorar [&hellip;]<\/p>\n","protected":false},"author":1,"featured_media":14150,"parent":0,"menu_order":0,"comment_status":"open","ping_status":"closed","template":"","meta":{"inline_featured_image":false,"footnotes":""},"class_list":["post-13973","page","type-page","status-publish","has-post-thumbnail","hentry"],"yoast_head":"<!-- This site is optimized with the Yoast SEO plugin v24.5 - https:\/\/yoast.com\/wordpress\/plugins\/seo\/ -->\n<title>Bono de \u20ac12 gratis sin dep\u00f3sito (Casinos clasificados Espa\u00f1a 2025) - www.kasinobonus.ai<\/title>\n<meta name=\"description\" content=\"Aprovecha el bono gratuito sin dep\u00f3sito de \u20ac12 en 2025 y sum\u00e9rgete en el apasionante mundo de los casinos online. \u00a1Buena suerte con tus juegos!\" \/>\n<meta name=\"robots\" content=\"index, follow, max-snippet:-1, max-image-preview:large, max-video-preview:-1\" \/>\n<link rel=\"canonical\" href=\"https:\/\/www.kasinobonus.ai\/es\/12e-gratis-de-dinero-para-jugar-sin-deposito\/\" \/>\n<script type=\"application\/ld+json\" class=\"yoast-schema-graph\">{\"@context\":\"https:\/\/schema.org\",\"@graph\":[{\"@type\":\"WebPage\",\"@id\":\"https:\/\/www.kasinobonus.ai\/es\/12e-gratis-de-dinero-para-jugar-sin-deposito\/\",\"url\":\"https:\/\/www.kasinobonus.ai\/es\/12e-gratis-de-dinero-para-jugar-sin-deposito\/\",\"name\":\"Bono de \u20ac12 gratis sin dep\u00f3sito (Casinos clasificados Espa\u00f1a 2025) - www.kasinobonus.ai\",\"isPartOf\":{\"@id\":\"https:\/\/www.kasinobonus.ai\/es\/#website\"},\"primaryImageOfPage\":{\"@id\":\"https:\/\/www.kasinobonus.ai\/es\/12e-gratis-de-dinero-para-jugar-sin-deposito\/#primaryimage\"},\"image\":{\"@id\":\"https:\/\/www.kasinobonus.ai\/es\/12e-gratis-de-dinero-para-jugar-sin-deposito\/#primaryimage\"},\"thumbnailUrl\":\"https:\/\/www.kasinobonus.ai\/wp-content\/uploads\/2024\/01\/12_eur_de_Dinero_Gratis_para_Jugar_sin_Deposito.jpg\",\"datePublished\":\"2023-08-29T14:02:25+00:00\",\"dateModified\":\"2025-07-30T13:56:46+00:00\",\"description\":\"Aprovecha el bono gratuito sin dep\u00f3sito de \u20ac12 en 2025 y sum\u00e9rgete en el apasionante mundo de los casinos online. \u00a1Buena suerte con tus juegos!\",\"breadcrumb\":{\"@id\":\"https:\/\/www.kasinobonus.ai\/es\/12e-gratis-de-dinero-para-jugar-sin-deposito\/#breadcrumb\"},\"inLanguage\":\"es\",\"potentialAction\":[{\"@type\":\"ReadAction\",\"target\":[\"https:\/\/www.kasinobonus.ai\/es\/12e-gratis-de-dinero-para-jugar-sin-deposito\/\"]}]},{\"@type\":\"ImageObject\",\"inLanguage\":\"es\",\"@id\":\"https:\/\/www.kasinobonus.ai\/es\/12e-gratis-de-dinero-para-jugar-sin-deposito\/#primaryimage\",\"url\":\"https:\/\/www.kasinobonus.ai\/wp-content\/uploads\/2024\/01\/12_eur_de_Dinero_Gratis_para_Jugar_sin_Deposito.jpg\",\"contentUrl\":\"https:\/\/www.kasinobonus.ai\/wp-content\/uploads\/2024\/01\/12_eur_de_Dinero_Gratis_para_Jugar_sin_Deposito.jpg\",\"width\":1200,\"height\":628,\"caption\":\"12 eur de Dinero Gratis para Jugar sin Deposito\"},{\"@type\":\"BreadcrumbList\",\"@id\":\"https:\/\/www.kasinobonus.ai\/es\/12e-gratis-de-dinero-para-jugar-sin-deposito\/#breadcrumb\",\"itemListElement\":[{\"@type\":\"ListItem\",\"position\":1,\"name\":\"Home\",\"item\":\"https:\/\/kasinobonus.ai\/es\/\"},{\"@type\":\"ListItem\",\"position\":2,\"name\":\"Bono de 12 \u20ac gratis sin dep\u00f3sito\"}]},{\"@type\":\"WebSite\",\"@id\":\"https:\/\/www.kasinobonus.ai\/es\/#website\",\"url\":\"https:\/\/www.kasinobonus.ai\/es\/\",\"name\":\"www.kasinobonus.ai\",\"description\":\"\",\"publisher\":{\"@id\":\"https:\/\/www.kasinobonus.ai\/es\/#organization\"},\"potentialAction\":[{\"@type\":\"SearchAction\",\"target\":{\"@type\":\"EntryPoint\",\"urlTemplate\":\"https:\/\/www.kasinobonus.ai\/es\/?s={search_term_string}\"},\"query-input\":{\"@type\":\"PropertyValueSpecification\",\"valueRequired\":true,\"valueName\":\"search_term_string\"}}],\"inLanguage\":\"es\"},{\"@type\":\"Organization\",\"@id\":\"https:\/\/www.kasinobonus.ai\/es\/#organization\",\"name\":\"KasinoBonus\",\"alternateName\":\"KasinoBonusAI\",\"url\":\"https:\/\/www.kasinobonus.ai\/es\/\",\"logo\":{\"@type\":\"ImageObject\",\"inLanguage\":\"es\",\"@id\":\"https:\/\/www.kasinobonus.ai\/es\/#\/schema\/logo\/image\/\",\"url\":\"https:\/\/www.kasinobonus.ai\/wp-content\/uploads\/2023\/09\/kasinobonus-logo-light.png\",\"contentUrl\":\"https:\/\/www.kasinobonus.ai\/wp-content\/uploads\/2023\/09\/kasinobonus-logo-light.png\",\"width\":3200,\"height\":596,\"caption\":\"KasinoBonus\"},\"image\":{\"@id\":\"https:\/\/www.kasinobonus.ai\/es\/#\/schema\/logo\/image\/\"},\"sameAs\":[\"https:\/\/www.facebook.com\/kasinobonusio\/\",\"https:\/\/x.com\/Kasinobonus_io\",\"https:\/\/www.linkedin.com\/in\/matti-slotte-26612033b\",\"http:\/\/kasinobonus.wikidot.com\/system:welcome\",\"https:\/\/www.trustpilot.com\/review\/www.kasinobonus.ai\",\"https:\/\/orcid.org\/0009-0007-2889-1713\",\"https:\/\/en.everybodywiki.com\/Matti_Slotte\",\"https:\/\/www.immuniweb.com\/ssl\/kasinobonus.ai\/M4lqCqYY\/\"]}]}<\/script>\n<!-- \/ Yoast SEO plugin. -->","yoast_head_json":{"title":"Bono de \u20ac12 gratis sin dep\u00f3sito (Casinos clasificados Espa\u00f1a 2025) - www.kasinobonus.ai","description":"Aprovecha el bono gratuito sin dep\u00f3sito de \u20ac12 en 2025 y sum\u00e9rgete en el apasionante mundo de los casinos online. \u00a1Buena suerte con tus juegos!","robots":{"index":"index","follow":"follow","max-snippet":"max-snippet:-1","max-image-preview":"max-image-preview:large","max-video-preview":"max-video-preview:-1"},"canonical":"https:\/\/www.kasinobonus.ai\/es\/12e-gratis-de-dinero-para-jugar-sin-deposito\/","schema":{"@context":"https:\/\/schema.org","@graph":[{"@type":"WebPage","@id":"https:\/\/www.kasinobonus.ai\/es\/12e-gratis-de-dinero-para-jugar-sin-deposito\/","url":"https:\/\/www.kasinobonus.ai\/es\/12e-gratis-de-dinero-para-jugar-sin-deposito\/","name":"Bono de \u20ac12 gratis sin dep\u00f3sito (Casinos clasificados Espa\u00f1a 2025) - www.kasinobonus.ai","isPartOf":{"@id":"https:\/\/www.kasinobonus.ai\/es\/#website"},"primaryImageOfPage":{"@id":"https:\/\/www.kasinobonus.ai\/es\/12e-gratis-de-dinero-para-jugar-sin-deposito\/#primaryimage"},"image":{"@id":"https:\/\/www.kasinobonus.ai\/es\/12e-gratis-de-dinero-para-jugar-sin-deposito\/#primaryimage"},"thumbnailUrl":"https:\/\/www.kasinobonus.ai\/wp-content\/uploads\/2024\/01\/12_eur_de_Dinero_Gratis_para_Jugar_sin_Deposito.jpg","datePublished":"2023-08-29T14:02:25+00:00","dateModified":"2025-07-30T13:56:46+00:00","description":"Aprovecha el bono gratuito sin dep\u00f3sito de \u20ac12 en 2025 y sum\u00e9rgete en el apasionante mundo de los casinos online. \u00a1Buena suerte con tus juegos!","breadcrumb":{"@id":"https:\/\/www.kasinobonus.ai\/es\/12e-gratis-de-dinero-para-jugar-sin-deposito\/#breadcrumb"},"inLanguage":"es","potentialAction":[{"@type":"ReadAction","target":["https:\/\/www.kasinobonus.ai\/es\/12e-gratis-de-dinero-para-jugar-sin-deposito\/"]}]},{"@type":"ImageObject","inLanguage":"es","@id":"https:\/\/www.kasinobonus.ai\/es\/12e-gratis-de-dinero-para-jugar-sin-deposito\/#primaryimage","url":"https:\/\/www.kasinobonus.ai\/wp-content\/uploads\/2024\/01\/12_eur_de_Dinero_Gratis_para_Jugar_sin_Deposito.jpg","contentUrl":"https:\/\/www.kasinobonus.ai\/wp-content\/uploads\/2024\/01\/12_eur_de_Dinero_Gratis_para_Jugar_sin_Deposito.jpg","width":1200,"height":628,"caption":"12 eur de Dinero Gratis para Jugar sin Deposito"},{"@type":"BreadcrumbList","@id":"https:\/\/www.kasinobonus.ai\/es\/12e-gratis-de-dinero-para-jugar-sin-deposito\/#breadcrumb","itemListElement":[{"@type":"ListItem","position":1,"name":"Home","item":"https:\/\/kasinobonus.ai\/es\/"},{"@type":"ListItem","position":2,"name":"Bono de 12 \u20ac gratis sin dep\u00f3sito"}]},{"@type":"WebSite","@id":"https:\/\/www.kasinobonus.ai\/es\/#website","url":"https:\/\/www.kasinobonus.ai\/es\/","name":"www.kasinobonus.ai","description":"","publisher":{"@id":"https:\/\/www.kasinobonus.ai\/es\/#organization"},"potentialAction":[{"@type":"SearchAction","target":{"@type":"EntryPoint","urlTemplate":"https:\/\/www.kasinobonus.ai\/es\/?s={search_term_string}"},"query-input":{"@type":"PropertyValueSpecification","valueRequired":true,"valueName":"search_term_string"}}],"inLanguage":"es"},{"@type":"Organization","@id":"https:\/\/www.kasinobonus.ai\/es\/#organization","name":"KasinoBonus","alternateName":"KasinoBonusAI","url":"https:\/\/www.kasinobonus.ai\/es\/","logo":{"@type":"ImageObject","inLanguage":"es","@id":"https:\/\/www.kasinobonus.ai\/es\/#\/schema\/logo\/image\/","url":"https:\/\/www.kasinobonus.ai\/wp-content\/uploads\/2023\/09\/kasinobonus-logo-light.png","contentUrl":"https:\/\/www.kasinobonus.ai\/wp-content\/uploads\/2023\/09\/kasinobonus-logo-light.png","width":3200,"height":596,"caption":"KasinoBonus"},"image":{"@id":"https:\/\/www.kasinobonus.ai\/es\/#\/schema\/logo\/image\/"},"sameAs":["https:\/\/www.facebook.com\/kasinobonusio\/","https:\/\/x.com\/Kasinobonus_io","https:\/\/www.linkedin.com\/in\/matti-slotte-26612033b","http:\/\/kasinobonus.wikidot.com\/system:welcome","https:\/\/www.trustpilot.com\/review\/www.kasinobonus.ai","https:\/\/orcid.org\/0009-0007-2889-1713","https:\/\/en.everybodywiki.com\/Matti_Slotte","https:\/\/www.immuniweb.com\/ssl\/kasinobonus.ai\/M4lqCqYY\/"]}]}},"_links":{"self":[{"href":"https:\/\/www.kasinobonus.ai\/es\/wp-json\/wp\/v2\/pages\/13973","targetHints":{"allow":["GET"]}}],"collection":[{"href":"https:\/\/www.kasinobonus.ai\/es\/wp-json\/wp\/v2\/pages"}],"about":[{"href":"https:\/\/www.kasinobonus.ai\/es\/wp-json\/wp\/v2\/types\/page"}],"author":[{"embeddable":true,"href":"https:\/\/www.kasinobonus.ai\/es\/wp-json\/wp\/v2\/users\/1"}],"replies":[{"embeddable":true,"href":"https:\/\/www.kasinobonus.ai\/es\/wp-json\/wp\/v2\/comments?post=13973"}],"version-history":[{"count":6,"href":"https:\/\/www.kasinobonus.ai\/es\/wp-json\/wp\/v2\/pages\/13973\/revisions"}],"predecessor-version":[{"id":35105,"href":"https:\/\/www.kasinobonus.ai\/es\/wp-json\/wp\/v2\/pages\/13973\/revisions\/35105"}],"wp:featuredmedia":[{"embeddable":true,"href":"https:\/\/www.kasinobonus.ai\/es\/wp-json\/wp\/v2\/media\/14150"}],"wp:attachment":[{"href":"https:\/\/www.kasinobonus.ai\/es\/wp-json\/wp\/v2\/media?parent=13973"}],"curies":[{"name":"wp","href":"https:\/\/api.w.org\/{rel}","templated":true}]}}