{"id":13970,"date":"2023-08-29T14:02:17","date_gmt":"2023-08-29T14:02:17","guid":{"rendered":"http:\/\/kasinobonus.ai.dedivirt842.your-server.de\/10e-ilmaista-pelirahaa-ilman-talletusta\/"},"modified":"2025-06-22T17:44:03","modified_gmt":"2025-06-22T17:44:03","slug":"10e-de-dinero-para-jugar-gratis-sin-deposito","status":"publish","type":"page","link":"https:\/\/www.kasinobonus.ai\/es\/10e-de-dinero-para-jugar-gratis-sin-deposito\/","title":{"rendered":"10\u20ac de Dinero para Jugar Gratis Sin Dep\u00f3sito"},"content":{"rendered":"\n<h1 class=\"wp-block-heading\">Las mejores Casino 10 euro Gratis Sin Dep\u00f3sito<\/h1>\n\n\n\n<p>Si est\u00e1s buscando una forma de disfrutar de los juegos de casino en l\u00ednea sin gastar tu propio dinero, un bono de <a class=\"\" href=\"https:\/\/www.kasinobonus.ai\/es\/dinero-gratis-para-jugar\/\">10 euros en dinero gratis para jugar<\/a> es una oferta que sin duda querr\u00e1s tener en cuenta. Con 10 \u20ac en cr\u00e9dito gratis, puedes explorar las tragamonedas, los juegos de mesa o, en algunos casinos en l\u00ednea, incluso jugar a juegos con crupier en vivo, \u00a1sin arriesgar nada de tu propio dinero!<\/p>\n\n\n\n<p>En esta gu\u00eda, te ayudar\u00e9 a encontrar los mejores bonos sin dep\u00f3sito de 10 euros, te explicar\u00e9 c\u00f3mo funcionan estas promociones y te dar\u00e9 consejos sobre c\u00f3mo sacar el m\u00e1ximo partido a tu bono.<\/p>\n\n\n\n<h2 class=\"wp-block-heading\">Casinos que Ofrecen Bonos Sin Dep\u00f3sito de 10 Euros 2025<\/h2>\n\n\n\n<p>Encontrar un casino fiable que ofrezca un bono sin dep\u00f3sito de 10 euros puede ser complicado, especialmente con tantas opciones entre las que elegir. En mi opini\u00f3n, la clave es centrarse en encontrar casinos y bonos que ofrecen <em>cantidades de dinero<\/em> generosas y t\u00e9rminos y condiciones justos.&nbsp;<\/p>\n\n\n\n<p>De este modo, podr\u00e1s disfrutar jugando con tus bonos de un modo que realmente te d\u00e9 la oportunidad de retirarlos. A continuaci\u00f3n, puedes consultar una lista de casinos de confianza que ofrecen actualmente bonos de 10 euros sin dep\u00f3sito.<\/p>\n\n\n<p>[brand_table template=\u00bbtable_style_1.php\u00bb country=\u00bbES\u00bb]<\/p>\n\n\n\n<p>Una vez que hayas elegido un casino de la lista, simplemente reg\u00edstrate, reclama tu bono y \u00a1empieza a jugar a tus juegos favoritos!<\/p>\n\n\n\n<h2 class=\"wp-block-heading\">C\u00f3mo Evaluamos y Elegimos los Casinos&nbsp;&nbsp;<\/h2>\n\n\n\n<p>En KasinoBonus, reviso los casinos en l\u00ednea con mucho cuidado para asegurarme de que juegas en sitios seguros y fiables. Me fijo en una serie de factores diferentes, como la concesi\u00f3n de licencias y la regulaci\u00f3n, las condiciones de los bonos (y su transparencia), la disponibilidad de los juegos, las opciones de pago (y las velocidades) e incluso los canales de atenci\u00f3n al cliente.<\/p>\n\n\n\n<p>Con estas comprobaciones, puedes confiar en que cualquier casino que recomendamos es seguro, fiable y divertido.<\/p>\n\n\n\n<h2 class=\"wp-block-heading\">C\u00f3mo Aprovechar al M\u00e1ximo un Bono Sin Dep\u00f3sito de 10 Euros<\/h2>\n\n\n\n<p>Puede que un bono sin dep\u00f3sito de 10 euros no parezca una cantidad enorme, pero en realidad puede llegar mucho m\u00e1s lejos de lo que imaginas, especialmente con el enfoque adecuado. Por ejemplo, siempre recomiendo intentar jugar a tragamonedas con RTP altos y no descartar los juegos de mesa de casino (incluidas las mesas en vivo) si est\u00e1n permitidos. \u00a1Tambi\u00e9n te animo a que leas <em>siempre <\/em>los t\u00e9rminos y condiciones de cualquier oferta a la que pienses acogerte para asegurarte de que no infringes accidentalmente ninguna de las normas!<\/p>\n\n\n\n<h2 class=\"wp-block-heading\">Ventajas &amp; Inconvenientes<\/h2>\n\n\n\n<figure class=\"wp-block-image size-full\"><img decoding=\"async\" width=\"1000\" height=\"666\" src=\"https:\/\/www.kasinobonus.ai\/wp-content\/uploads\/2025\/06\/KB-bonos-sin-deposito.jpg\" alt=\"bonos sin dep\u00f3sito\" class=\"wp-image-29784\" srcset=\"https:\/\/www.kasinobonus.ai\/wp-content\/uploads\/2025\/06\/KB-bonos-sin-deposito.jpg 1000w, https:\/\/www.kasinobonus.ai\/wp-content\/uploads\/2025\/06\/KB-bonos-sin-deposito-300x200.jpg 300w, https:\/\/www.kasinobonus.ai\/wp-content\/uploads\/2025\/06\/KB-bonos-sin-deposito-768x511.jpg 768w, https:\/\/www.kasinobonus.ai\/wp-content\/uploads\/2025\/06\/KB-bonos-sin-deposito-110x73.jpg 110w, https:\/\/www.kasinobonus.ai\/wp-content\/uploads\/2025\/06\/KB-bonos-sin-deposito-575x383.jpg 575w\" sizes=\"(max-width: 1000px) 100vw, 1000px\" \/><\/figure>\n\n\n\n<div class=\"wp-block-columns is-layout-flex wp-container-core-columns-is-layout-28f84493 wp-block-columns-is-layout-flex\">\n<div class=\"wp-block-column is-layout-flow wp-block-column-is-layout-flow\">\n<h3 class=\"wp-block-heading\">\u2705 Ventajas<\/h3>\n\n\n\n<ul class=\"wp-block-list\">\n<li>\u2705 Ideal para explorar diferentes plataformas e interfaces<\/li>\n\n\n\n<li>\u2705 Perfecto para probar un casino sin gastar su propio dinero<\/li>\n\n\n\n<li>\u2705 Posibilidad real de ganar: sin riesgo financiero<\/li>\n\n\n\n<li>\u2705 Acceso instant\u00e1neo a tragamonedas o juegos despu\u00e9s del registro<\/li>\n\n\n\n<li>\u2705 Sin compromiso: solo reg\u00edstrese y juegue<\/li>\n<\/ul>\n<\/div>\n\n\n\n<div class=\"wp-block-column is-layout-flow wp-block-column-is-layout-flow\">\n<h3 class=\"wp-block-heading\">\u274c Desventajas<\/h3>\n\n\n\n<ul class=\"wp-block-list\">\n<li>\u274c Generalmente se aplican requisitos de apuesta estrictos<\/li>\n\n\n\n<li>\u274c Los l\u00edmites m\u00e1ximos de ganancias y retiros suelen ser bastante bajos<\/li>\n\n\n\n<li>\u274c La bonificaci\u00f3n podr\u00eda estar limitada a juegos espec\u00edficos<\/li>\n\n\n\n<li>\u274c A veces se requiere un dep\u00f3sito para retirar las ganancias<\/li>\n\n\n\n<li>\u274c No todas las bonificaciones sin dep\u00f3sito son realmente \u201cgratuitas\u201d: lea siempre la letra peque\u00f1a<\/li>\n<\/ul>\n<\/div>\n<\/div>\n\n\n\n<h2 class=\"wp-block-heading\">Mejores tragamonedas gratis con dinero real<\/h2>\n\n\n\n<figure class=\"wp-block-table\"><table class=\"has-fixed-layout\"><thead><tr><th>Tragamonedas<\/th><th>Proveedor<\/th><th>Giros gratis<\/th><th>Valor por giro (\u20ac)<\/th><th>Valor total (\u20ac)<\/th><th>Condiciones<\/th><th>Casino<\/th><\/tr><\/thead><tbody><tr><td>Alien Fruits<\/td><td>BGaming<\/td><td>50<\/td><td>0,10\u202f\u20ac<\/td><td>5,00\u202f\u20ac<\/td><td>Sin requisitos de apuesta<\/td><td>Drip Casino<\/td><\/tr><tr><td>Gates of Olympus<\/td><td>Pragmatic Play<\/td><td>50<\/td><td>0,10\u202f\u20ac<\/td><td>5,00\u202f\u20ac<\/td><td>Sin requisitos de apuesta<\/td><td>Campeonbet<\/td><\/tr><tr><td>Sweet Bonanza<\/td><td>Pragmatic Play<\/td><td>40<\/td><td>0,10\u202f\u20ac<\/td><td>4,00\u202f\u20ac<\/td><td>C\u00f3digo: 40ZENBONUS<\/td><td>Campeonbet<\/td><\/tr><tr><td>Big Bass Bonanza<\/td><td>Pragmatic Play<\/td><td>30<\/td><td>0,10\u202f\u20ac<\/td><td>3,00\u202f\u20ac<\/td><td>Sin dep\u00f3sito, solo registro<\/td><td>Campeonbet<\/td><\/tr><tr><td>Elvis Frog in Vegas<\/td><td>BGaming<\/td><td>25<\/td><td>0,10\u202f\u20ac<\/td><td>2,50\u202f\u20ac<\/td><td>Solo para nuevos jugadores<\/td><td>Drip Casino<\/td><\/tr><tr><td>Book of Dead<\/td><td>Play\u2019n GO<\/td><td>20<\/td><td>0,10\u202f\u20ac<\/td><td>2,00\u202f\u20ac<\/td><td>Sin dep\u00f3sito, canje limitado<\/td><td>Campeonbet<\/td><\/tr><\/tbody><\/table><\/figure>\n","protected":false},"excerpt":{"rendered":"<p>Las mejores Casino 10 euro Gratis Sin Dep\u00f3sito Si est\u00e1s buscando una forma de disfrutar de los juegos de casino en l\u00ednea sin gastar tu propio dinero, un bono de 10 euros en dinero gratis para jugar es una oferta que sin duda querr\u00e1s tener en cuenta. Con 10 \u20ac en cr\u00e9dito gratis, puedes explorar [&hellip;]<\/p>\n","protected":false},"author":1,"featured_media":14122,"parent":0,"menu_order":0,"comment_status":"open","ping_status":"closed","template":"","meta":{"inline_featured_image":false,"footnotes":""},"class_list":["post-13970","page","type-page","status-publish","has-post-thumbnail","hentry"],"yoast_head":"<!-- This site is optimized with the Yoast SEO plugin v24.5 - https:\/\/yoast.com\/wordpress\/plugins\/seo\/ -->\n<title>Casino 10 euro Gratis Sin Dep\u00f3sito 2025 - www.kasinobonus.ai<\/title>\n<meta name=\"description\" content=\"\u00a1Aprovecha los 10\u20ac de dinero para jugar gratis sin dep\u00f3sito en 2025! Comienza tu aventura en el casino sin riesgos y \u00a1disfruta!\" \/>\n<meta name=\"robots\" content=\"index, follow, max-snippet:-1, max-image-preview:large, max-video-preview:-1\" \/>\n<link rel=\"canonical\" href=\"https:\/\/www.kasinobonus.ai\/es\/10e-de-dinero-para-jugar-gratis-sin-deposito\/\" \/>\n<script type=\"application\/ld+json\" class=\"yoast-schema-graph\">{\"@context\":\"https:\/\/schema.org\",\"@graph\":[{\"@type\":\"WebPage\",\"@id\":\"https:\/\/www.kasinobonus.ai\/es\/10e-de-dinero-para-jugar-gratis-sin-deposito\/\",\"url\":\"https:\/\/www.kasinobonus.ai\/es\/10e-de-dinero-para-jugar-gratis-sin-deposito\/\",\"name\":\"Casino 10 euro Gratis Sin Dep\u00f3sito 2025 - www.kasinobonus.ai\",\"isPartOf\":{\"@id\":\"https:\/\/www.kasinobonus.ai\/es\/#website\"},\"primaryImageOfPage\":{\"@id\":\"https:\/\/www.kasinobonus.ai\/es\/10e-de-dinero-para-jugar-gratis-sin-deposito\/#primaryimage\"},\"image\":{\"@id\":\"https:\/\/www.kasinobonus.ai\/es\/10e-de-dinero-para-jugar-gratis-sin-deposito\/#primaryimage\"},\"thumbnailUrl\":\"https:\/\/www.kasinobonus.ai\/wp-content\/uploads\/2024\/01\/10_eur_de_Dinero_Gratis_para_Jugar_sin_Deposito.jpg\",\"datePublished\":\"2023-08-29T14:02:17+00:00\",\"dateModified\":\"2025-06-22T17:44:03+00:00\",\"description\":\"\u00a1Aprovecha los 10\u20ac de dinero para jugar gratis sin dep\u00f3sito en 2025! Comienza tu aventura en el casino sin riesgos y \u00a1disfruta!\",\"breadcrumb\":{\"@id\":\"https:\/\/www.kasinobonus.ai\/es\/10e-de-dinero-para-jugar-gratis-sin-deposito\/#breadcrumb\"},\"inLanguage\":\"es\",\"potentialAction\":[{\"@type\":\"ReadAction\",\"target\":[\"https:\/\/www.kasinobonus.ai\/es\/10e-de-dinero-para-jugar-gratis-sin-deposito\/\"]}]},{\"@type\":\"ImageObject\",\"inLanguage\":\"es\",\"@id\":\"https:\/\/www.kasinobonus.ai\/es\/10e-de-dinero-para-jugar-gratis-sin-deposito\/#primaryimage\",\"url\":\"https:\/\/www.kasinobonus.ai\/wp-content\/uploads\/2024\/01\/10_eur_de_Dinero_Gratis_para_Jugar_sin_Deposito.jpg\",\"contentUrl\":\"https:\/\/www.kasinobonus.ai\/wp-content\/uploads\/2024\/01\/10_eur_de_Dinero_Gratis_para_Jugar_sin_Deposito.jpg\",\"width\":1200,\"height\":628,\"caption\":\"10 eur de Dinero Gratis para Jugar sin Deposito\"},{\"@type\":\"BreadcrumbList\",\"@id\":\"https:\/\/www.kasinobonus.ai\/es\/10e-de-dinero-para-jugar-gratis-sin-deposito\/#breadcrumb\",\"itemListElement\":[{\"@type\":\"ListItem\",\"position\":1,\"name\":\"Home\",\"item\":\"https:\/\/kasinobonus.ai\/es\/\"},{\"@type\":\"ListItem\",\"position\":2,\"name\":\"10\u20ac de Dinero para Jugar Gratis Sin Dep\u00f3sito\"}]},{\"@type\":\"WebSite\",\"@id\":\"https:\/\/www.kasinobonus.ai\/es\/#website\",\"url\":\"https:\/\/www.kasinobonus.ai\/es\/\",\"name\":\"www.kasinobonus.ai\",\"description\":\"\",\"publisher\":{\"@id\":\"https:\/\/www.kasinobonus.ai\/es\/#organization\"},\"potentialAction\":[{\"@type\":\"SearchAction\",\"target\":{\"@type\":\"EntryPoint\",\"urlTemplate\":\"https:\/\/www.kasinobonus.ai\/es\/?s={search_term_string}\"},\"query-input\":{\"@type\":\"PropertyValueSpecification\",\"valueRequired\":true,\"valueName\":\"search_term_string\"}}],\"inLanguage\":\"es\"},{\"@type\":\"Organization\",\"@id\":\"https:\/\/www.kasinobonus.ai\/es\/#organization\",\"name\":\"KasinoBonus\",\"alternateName\":\"KasinoBonusAI\",\"url\":\"https:\/\/www.kasinobonus.ai\/es\/\",\"logo\":{\"@type\":\"ImageObject\",\"inLanguage\":\"es\",\"@id\":\"https:\/\/www.kasinobonus.ai\/es\/#\/schema\/logo\/image\/\",\"url\":\"https:\/\/www.kasinobonus.ai\/wp-content\/uploads\/2023\/09\/kasinobonus-logo-light.png\",\"contentUrl\":\"https:\/\/www.kasinobonus.ai\/wp-content\/uploads\/2023\/09\/kasinobonus-logo-light.png\",\"width\":3200,\"height\":596,\"caption\":\"KasinoBonus\"},\"image\":{\"@id\":\"https:\/\/www.kasinobonus.ai\/es\/#\/schema\/logo\/image\/\"},\"sameAs\":[\"https:\/\/www.facebook.com\/kasinobonusio\/\",\"https:\/\/x.com\/Kasinobonus_io\",\"https:\/\/www.linkedin.com\/in\/matti-slotte-26612033b\",\"http:\/\/kasinobonus.wikidot.com\/system:welcome\",\"https:\/\/www.trustpilot.com\/review\/www.kasinobonus.ai\",\"https:\/\/orcid.org\/0009-0007-2889-1713\",\"https:\/\/en.everybodywiki.com\/Matti_Slotte\",\"https:\/\/www.immuniweb.com\/ssl\/kasinobonus.ai\/M4lqCqYY\/\"]}]}<\/script>\n<!-- \/ Yoast SEO plugin. -->","yoast_head_json":{"title":"Casino 10 euro Gratis Sin Dep\u00f3sito 2025 - www.kasinobonus.ai","description":"\u00a1Aprovecha los 10\u20ac de dinero para jugar gratis sin dep\u00f3sito en 2025! Comienza tu aventura en el casino sin riesgos y \u00a1disfruta!","robots":{"index":"index","follow":"follow","max-snippet":"max-snippet:-1","max-image-preview":"max-image-preview:large","max-video-preview":"max-video-preview:-1"},"canonical":"https:\/\/www.kasinobonus.ai\/es\/10e-de-dinero-para-jugar-gratis-sin-deposito\/","schema":{"@context":"https:\/\/schema.org","@graph":[{"@type":"WebPage","@id":"https:\/\/www.kasinobonus.ai\/es\/10e-de-dinero-para-jugar-gratis-sin-deposito\/","url":"https:\/\/www.kasinobonus.ai\/es\/10e-de-dinero-para-jugar-gratis-sin-deposito\/","name":"Casino 10 euro Gratis Sin Dep\u00f3sito 2025 - www.kasinobonus.ai","isPartOf":{"@id":"https:\/\/www.kasinobonus.ai\/es\/#website"},"primaryImageOfPage":{"@id":"https:\/\/www.kasinobonus.ai\/es\/10e-de-dinero-para-jugar-gratis-sin-deposito\/#primaryimage"},"image":{"@id":"https:\/\/www.kasinobonus.ai\/es\/10e-de-dinero-para-jugar-gratis-sin-deposito\/#primaryimage"},"thumbnailUrl":"https:\/\/www.kasinobonus.ai\/wp-content\/uploads\/2024\/01\/10_eur_de_Dinero_Gratis_para_Jugar_sin_Deposito.jpg","datePublished":"2023-08-29T14:02:17+00:00","dateModified":"2025-06-22T17:44:03+00:00","description":"\u00a1Aprovecha los 10\u20ac de dinero para jugar gratis sin dep\u00f3sito en 2025! Comienza tu aventura en el casino sin riesgos y \u00a1disfruta!","breadcrumb":{"@id":"https:\/\/www.kasinobonus.ai\/es\/10e-de-dinero-para-jugar-gratis-sin-deposito\/#breadcrumb"},"inLanguage":"es","potentialAction":[{"@type":"ReadAction","target":["https:\/\/www.kasinobonus.ai\/es\/10e-de-dinero-para-jugar-gratis-sin-deposito\/"]}]},{"@type":"ImageObject","inLanguage":"es","@id":"https:\/\/www.kasinobonus.ai\/es\/10e-de-dinero-para-jugar-gratis-sin-deposito\/#primaryimage","url":"https:\/\/www.kasinobonus.ai\/wp-content\/uploads\/2024\/01\/10_eur_de_Dinero_Gratis_para_Jugar_sin_Deposito.jpg","contentUrl":"https:\/\/www.kasinobonus.ai\/wp-content\/uploads\/2024\/01\/10_eur_de_Dinero_Gratis_para_Jugar_sin_Deposito.jpg","width":1200,"height":628,"caption":"10 eur de Dinero Gratis para Jugar sin Deposito"},{"@type":"BreadcrumbList","@id":"https:\/\/www.kasinobonus.ai\/es\/10e-de-dinero-para-jugar-gratis-sin-deposito\/#breadcrumb","itemListElement":[{"@type":"ListItem","position":1,"name":"Home","item":"https:\/\/kasinobonus.ai\/es\/"},{"@type":"ListItem","position":2,"name":"10\u20ac de Dinero para Jugar Gratis Sin Dep\u00f3sito"}]},{"@type":"WebSite","@id":"https:\/\/www.kasinobonus.ai\/es\/#website","url":"https:\/\/www.kasinobonus.ai\/es\/","name":"www.kasinobonus.ai","description":"","publisher":{"@id":"https:\/\/www.kasinobonus.ai\/es\/#organization"},"potentialAction":[{"@type":"SearchAction","target":{"@type":"EntryPoint","urlTemplate":"https:\/\/www.kasinobonus.ai\/es\/?s={search_term_string}"},"query-input":{"@type":"PropertyValueSpecification","valueRequired":true,"valueName":"search_term_string"}}],"inLanguage":"es"},{"@type":"Organization","@id":"https:\/\/www.kasinobonus.ai\/es\/#organization","name":"KasinoBonus","alternateName":"KasinoBonusAI","url":"https:\/\/www.kasinobonus.ai\/es\/","logo":{"@type":"ImageObject","inLanguage":"es","@id":"https:\/\/www.kasinobonus.ai\/es\/#\/schema\/logo\/image\/","url":"https:\/\/www.kasinobonus.ai\/wp-content\/uploads\/2023\/09\/kasinobonus-logo-light.png","contentUrl":"https:\/\/www.kasinobonus.ai\/wp-content\/uploads\/2023\/09\/kasinobonus-logo-light.png","width":3200,"height":596,"caption":"KasinoBonus"},"image":{"@id":"https:\/\/www.kasinobonus.ai\/es\/#\/schema\/logo\/image\/"},"sameAs":["https:\/\/www.facebook.com\/kasinobonusio\/","https:\/\/x.com\/Kasinobonus_io","https:\/\/www.linkedin.com\/in\/matti-slotte-26612033b","http:\/\/kasinobonus.wikidot.com\/system:welcome","https:\/\/www.trustpilot.com\/review\/www.kasinobonus.ai","https:\/\/orcid.org\/0009-0007-2889-1713","https:\/\/en.everybodywiki.com\/Matti_Slotte","https:\/\/www.immuniweb.com\/ssl\/kasinobonus.ai\/M4lqCqYY\/"]}]}},"_links":{"self":[{"href":"https:\/\/www.kasinobonus.ai\/es\/wp-json\/wp\/v2\/pages\/13970","targetHints":{"allow":["GET"]}}],"collection":[{"href":"https:\/\/www.kasinobonus.ai\/es\/wp-json\/wp\/v2\/pages"}],"about":[{"href":"https:\/\/www.kasinobonus.ai\/es\/wp-json\/wp\/v2\/types\/page"}],"author":[{"embeddable":true,"href":"https:\/\/www.kasinobonus.ai\/es\/wp-json\/wp\/v2\/users\/1"}],"replies":[{"embeddable":true,"href":"https:\/\/www.kasinobonus.ai\/es\/wp-json\/wp\/v2\/comments?post=13970"}],"version-history":[{"count":3,"href":"https:\/\/www.kasinobonus.ai\/es\/wp-json\/wp\/v2\/pages\/13970\/revisions"}],"predecessor-version":[{"id":30765,"href":"https:\/\/www.kasinobonus.ai\/es\/wp-json\/wp\/v2\/pages\/13970\/revisions\/30765"}],"wp:featuredmedia":[{"embeddable":true,"href":"https:\/\/www.kasinobonus.ai\/es\/wp-json\/wp\/v2\/media\/14122"}],"wp:attachment":[{"href":"https:\/\/www.kasinobonus.ai\/es\/wp-json\/wp\/v2\/media?parent=13970"}],"curies":[{"name":"wp","href":"https:\/\/api.w.org\/{rel}","templated":true}]}}