{"id":13967,"date":"2023-08-29T14:02:07","date_gmt":"2023-08-29T14:02:07","guid":{"rendered":"http:\/\/kasinobonus.ai.dedivirt842.your-server.de\/7e-ilmaista-pelirahaa-ilman-talletusta\/"},"modified":"2025-06-22T17:44:12","modified_gmt":"2025-06-22T17:44:12","slug":"7eur-de-dinero-gratis-para-jugar-sin-deposito","status":"publish","type":"page","link":"https:\/\/www.kasinobonus.ai\/es\/7eur-de-dinero-gratis-para-jugar-sin-deposito\/","title":{"rendered":"7\u20ac de Dinero Gratis para Jugar Sin Dep\u00f3sito"},"content":{"rendered":"\n<h1 class=\"wp-block-heading\">Las mejores Casino 7 euro Gratis Sin Dep\u00f3sito<\/h1>\n\n\n\n<p>\u00bfTe gustar\u00eda probar suerte en los casinos en l\u00ednea sin arriesgar nada de tu propio dinero? Un bono de <a class=\"\" href=\"https:\/\/www.kasinobonus.ai\/es\/dinero-gratis-para-jugar\/\">7 euro en dinero gratis para jugar<\/a> puede ser justo lo que est\u00e1s buscando. Este tipo de bonificaci\u00f3n te ofrece un cr\u00e9dito de casino de 7 euro gratis, sin necesidad de dep\u00f3sito, \u00a1para que pruebes nuestros diferentes juegos y te hagas una idea de c\u00f3mo funciona el casino!<\/p>\n\n\n\n<p>\u00a1Hoy voy a contarte d\u00f3nde puedes encontrar los mejores bonos de 7&nbsp; euro sin dep\u00f3sito, c\u00f3mo elegir un casino fiable y c\u00f3mo maximizar tus posibilidades de ganar con el bono!<\/p>\n\n\n\n<h2 class=\"wp-block-heading\">Casinos que Ofrecen Bonos de 7 euro Sin Dep\u00f3sito 2025<\/h2>\n\n\n\n<p>Los bonos sin dep\u00f3sito de 7 euro no son tan comunes como podr\u00edas pensar, pero si los encuentras, definitivamente vale la pena reclamarlos. Para hacerte la vida lo m\u00e1s f\u00e1cil posible, he navegado por la web para encontrar casinos de confianza que actualmente <em>ofrecen <\/em>bonos de 7 euro gratis. Echa un vistazo a mis opciones recomendadas a continuaci\u00f3n:<\/p>\n\n\n<p>[brand_table template=\u00bbtable_style_1.php\u00bb country=\u00bbES\u00bb]<\/p>\n\n\n\n<p>Una vez que hayas elegido un casino, todo lo que te queda por hacer es registrarte, reclamar tu bono de 7 euro y \u00a1empezar a jugar a tus juegos favoritos!<\/p>\n\n\n\n<h2 class=\"wp-block-heading\">C\u00f3mo Evaluamos y Elegimos los Casinos&nbsp;&nbsp;<\/h2>\n\n\n\n<p>En KasinoBonus, todos los casinos que aparecen recomendados en nuestro sitio han sido seleccionados, examinados y probados <em>personalmente <\/em>por miembros de nuestro equipo. Entendemos lo importante que es elegir un casino con buena reputaci\u00f3n, fiable y <em>digno de confianza<\/em>, y esa es una de las razones por las que siempre comprobamos aspectos como la licencia, la seguridad y la reputaci\u00f3n.<\/p>\n\n\n\n<p>Tambi\u00e9n revisamos la selecci\u00f3n de juegos, los m\u00e9todos de pago y los servicios de atenci\u00f3n al cliente de los casinos y, a diferencia de la <em>mayor\u00eda <\/em>de nuestros competidores, \u00a1probamos y analizamos personalmente los casinos en l\u00ednea!<\/p>\n\n\n\n<h2 class=\"wp-block-heading\">Ventajas &amp; Inconvenientes<\/h2>\n\n\n\n<figure class=\"wp-block-image size-full\"><img decoding=\"async\" width=\"1000\" height=\"666\" src=\"https:\/\/www.kasinobonus.ai\/wp-content\/uploads\/2025\/06\/KB-bonos-sin-deposito.jpg\" alt=\"bonos sin dep\u00f3sito\" class=\"wp-image-29784\" srcset=\"https:\/\/www.kasinobonus.ai\/wp-content\/uploads\/2025\/06\/KB-bonos-sin-deposito.jpg 1000w, https:\/\/www.kasinobonus.ai\/wp-content\/uploads\/2025\/06\/KB-bonos-sin-deposito-300x200.jpg 300w, https:\/\/www.kasinobonus.ai\/wp-content\/uploads\/2025\/06\/KB-bonos-sin-deposito-768x511.jpg 768w, https:\/\/www.kasinobonus.ai\/wp-content\/uploads\/2025\/06\/KB-bonos-sin-deposito-110x73.jpg 110w, https:\/\/www.kasinobonus.ai\/wp-content\/uploads\/2025\/06\/KB-bonos-sin-deposito-575x383.jpg 575w\" sizes=\"(max-width: 1000px) 100vw, 1000px\" \/><\/figure>\n\n\n\n<div class=\"wp-block-columns is-layout-flex wp-container-core-columns-is-layout-28f84493 wp-block-columns-is-layout-flex\">\n<div class=\"wp-block-column is-layout-flow wp-block-column-is-layout-flow\">\n<h3 class=\"wp-block-heading\">\u2705 Ventajas<\/h3>\n\n\n\n<ul class=\"wp-block-list\">\n<li>\u2705 Ideal para explorar diferentes plataformas e interfaces<\/li>\n\n\n\n<li>\u2705 Perfecto para probar un casino sin gastar su propio dinero<\/li>\n\n\n\n<li>\u2705 Posibilidad real de ganar: sin riesgo financiero<\/li>\n\n\n\n<li>\u2705 Acceso instant\u00e1neo a tragamonedas o juegos despu\u00e9s del registro<\/li>\n\n\n\n<li>\u2705 Sin compromiso: solo reg\u00edstrese y juegue<\/li>\n<\/ul>\n<\/div>\n\n\n\n<div class=\"wp-block-column is-layout-flow wp-block-column-is-layout-flow\">\n<h3 class=\"wp-block-heading\">\u274c Desventajas<\/h3>\n\n\n\n<ul class=\"wp-block-list\">\n<li>\u274c Generalmente se aplican requisitos de apuesta estrictos<\/li>\n\n\n\n<li>\u274c Los l\u00edmites m\u00e1ximos de ganancias y retiros suelen ser bastante bajos<\/li>\n\n\n\n<li>\u274c La bonificaci\u00f3n podr\u00eda estar limitada a juegos espec\u00edficos<\/li>\n\n\n\n<li>\u274c A veces se requiere un dep\u00f3sito para retirar las ganancias<\/li>\n\n\n\n<li>\u274c No todas las bonificaciones sin dep\u00f3sito son realmente \u201cgratuitas\u201d: lea siempre la letra peque\u00f1a<\/li>\n<\/ul>\n<\/div>\n<\/div>\n\n\n\n<h2 class=\"wp-block-heading\">Mejores tragamonedas gratis con dinero real<\/h2>\n\n\n\n<figure class=\"wp-block-table\"><table class=\"has-fixed-layout\"><thead><tr><th>Tragamonedas<\/th><th>Proveedor<\/th><th>Giros gratis<\/th><th>Valor por giro (\u20ac)<\/th><th>Valor total (\u20ac)<\/th><th>Condiciones<\/th><th>Casino<\/th><\/tr><\/thead><tbody><tr><td>Alien Fruits<\/td><td>BGaming<\/td><td>50<\/td><td>0,10\u202f\u20ac<\/td><td>5,00\u202f\u20ac<\/td><td>Sin requisitos de apuesta<\/td><td>Drip Casino<\/td><\/tr><tr><td>Gates of Olympus<\/td><td>Pragmatic Play<\/td><td>50<\/td><td>0,10\u202f\u20ac<\/td><td>5,00\u202f\u20ac<\/td><td>Sin requisitos de apuesta<\/td><td>Campeonbet<\/td><\/tr><tr><td>Sweet Bonanza<\/td><td>Pragmatic Play<\/td><td>40<\/td><td>0,10\u202f\u20ac<\/td><td>4,00\u202f\u20ac<\/td><td>C\u00f3digo: 40ZENBONUS<\/td><td>Campeonbet<\/td><\/tr><tr><td>Big Bass Bonanza<\/td><td>Pragmatic Play<\/td><td>30<\/td><td>0,10\u202f\u20ac<\/td><td>3,00\u202f\u20ac<\/td><td>Sin dep\u00f3sito, solo registro<\/td><td>Campeonbet<\/td><\/tr><tr><td>Elvis Frog in Vegas<\/td><td>BGaming<\/td><td>25<\/td><td>0,10\u202f\u20ac<\/td><td>2,50\u202f\u20ac<\/td><td>Solo para nuevos jugadores<\/td><td>Drip Casino<\/td><\/tr><tr><td>Book of Dead<\/td><td>Play\u2019n GO<\/td><td>20<\/td><td>0,10\u202f\u20ac<\/td><td>2,00\u202f\u20ac<\/td><td>Sin dep\u00f3sito, canje limitado<\/td><td>Campeonbet<\/td><\/tr><\/tbody><\/table><\/figure>\n\n\n\n<h2 class=\"wp-block-heading\" id=\"tw-target-text\">Recursos sobre juego responsable<\/h2>\n\n\n\n<ul class=\"wp-block-list\">\n<li><a href=\"https:\/\/www.jugarbien.es\">https:\/\/www.jugarbien.es<\/a><\/li>\n\n\n\n<li><a href=\"https:\/\/www.ordenacionjuego.gob.es\">https:\/\/www.ordenacionjuego.gob.es<\/a> <\/li>\n\n\n\n<li><a href=\"https:\/\/fejar.org\/\">https:\/\/fejar.org\/<\/a>  <\/li>\n\n\n\n<li><a href=\"https:\/\/www.juegoesresponsable.org\/\">https:\/\/www.juegoesresponsable.org\/<\/a><\/li>\n<\/ul>\n","protected":false},"excerpt":{"rendered":"<p>Las mejores Casino 7 euro Gratis Sin Dep\u00f3sito \u00bfTe gustar\u00eda probar suerte en los casinos en l\u00ednea sin arriesgar nada de tu propio dinero? Un bono de 7 euro en dinero gratis para jugar puede ser justo lo que est\u00e1s buscando. Este tipo de bonificaci\u00f3n te ofrece un cr\u00e9dito de casino de 7 euro gratis, [&hellip;]<\/p>\n","protected":false},"author":1,"featured_media":14097,"parent":0,"menu_order":0,"comment_status":"open","ping_status":"closed","template":"","meta":{"inline_featured_image":false,"footnotes":""},"class_list":["post-13967","page","type-page","status-publish","has-post-thumbnail","hentry"],"yoast_head":"<!-- This site is optimized with the Yoast SEO plugin v24.5 - https:\/\/yoast.com\/wordpress\/plugins\/seo\/ -->\n<title>Casino 7 euro Gratis Sin Dep\u00f3sito 2025 - www.kasinobonus.ai<\/title>\n<meta name=\"description\" content=\"Aprovecha los 7\u20ac de dinero gratis para jugar sin dep\u00f3sito en 2025 y descubre los mejores casinos en l\u00ednea sin riesgos.\" \/>\n<meta name=\"robots\" content=\"index, follow, max-snippet:-1, max-image-preview:large, max-video-preview:-1\" \/>\n<link rel=\"canonical\" href=\"https:\/\/www.kasinobonus.ai\/es\/7eur-de-dinero-gratis-para-jugar-sin-deposito\/\" \/>\n<script type=\"application\/ld+json\" class=\"yoast-schema-graph\">{\"@context\":\"https:\/\/schema.org\",\"@graph\":[{\"@type\":\"WebPage\",\"@id\":\"https:\/\/www.kasinobonus.ai\/es\/7eur-de-dinero-gratis-para-jugar-sin-deposito\/\",\"url\":\"https:\/\/www.kasinobonus.ai\/es\/7eur-de-dinero-gratis-para-jugar-sin-deposito\/\",\"name\":\"Casino 7 euro Gratis Sin Dep\u00f3sito 2025 - www.kasinobonus.ai\",\"isPartOf\":{\"@id\":\"https:\/\/www.kasinobonus.ai\/es\/#website\"},\"primaryImageOfPage\":{\"@id\":\"https:\/\/www.kasinobonus.ai\/es\/7eur-de-dinero-gratis-para-jugar-sin-deposito\/#primaryimage\"},\"image\":{\"@id\":\"https:\/\/www.kasinobonus.ai\/es\/7eur-de-dinero-gratis-para-jugar-sin-deposito\/#primaryimage\"},\"thumbnailUrl\":\"https:\/\/www.kasinobonus.ai\/wp-content\/uploads\/2024\/01\/7_eur_de_Dinero_Gratis_para_Jugar_sin_Deposito.jpg\",\"datePublished\":\"2023-08-29T14:02:07+00:00\",\"dateModified\":\"2025-06-22T17:44:12+00:00\",\"description\":\"Aprovecha los 7\u20ac de dinero gratis para jugar sin dep\u00f3sito en 2025 y descubre los mejores casinos en l\u00ednea sin riesgos.\",\"breadcrumb\":{\"@id\":\"https:\/\/www.kasinobonus.ai\/es\/7eur-de-dinero-gratis-para-jugar-sin-deposito\/#breadcrumb\"},\"inLanguage\":\"es\",\"potentialAction\":[{\"@type\":\"ReadAction\",\"target\":[\"https:\/\/www.kasinobonus.ai\/es\/7eur-de-dinero-gratis-para-jugar-sin-deposito\/\"]}]},{\"@type\":\"ImageObject\",\"inLanguage\":\"es\",\"@id\":\"https:\/\/www.kasinobonus.ai\/es\/7eur-de-dinero-gratis-para-jugar-sin-deposito\/#primaryimage\",\"url\":\"https:\/\/www.kasinobonus.ai\/wp-content\/uploads\/2024\/01\/7_eur_de_Dinero_Gratis_para_Jugar_sin_Deposito.jpg\",\"contentUrl\":\"https:\/\/www.kasinobonus.ai\/wp-content\/uploads\/2024\/01\/7_eur_de_Dinero_Gratis_para_Jugar_sin_Deposito.jpg\",\"width\":1200,\"height\":628,\"caption\":\"7 eur de Dinero Gratis para Jugar sin Deposito\"},{\"@type\":\"BreadcrumbList\",\"@id\":\"https:\/\/www.kasinobonus.ai\/es\/7eur-de-dinero-gratis-para-jugar-sin-deposito\/#breadcrumb\",\"itemListElement\":[{\"@type\":\"ListItem\",\"position\":1,\"name\":\"Home\",\"item\":\"https:\/\/kasinobonus.ai\/es\/\"},{\"@type\":\"ListItem\",\"position\":2,\"name\":\"7\u20ac de Dinero Gratis para Jugar Sin Dep\u00f3sito\"}]},{\"@type\":\"WebSite\",\"@id\":\"https:\/\/www.kasinobonus.ai\/es\/#website\",\"url\":\"https:\/\/www.kasinobonus.ai\/es\/\",\"name\":\"www.kasinobonus.ai\",\"description\":\"\",\"publisher\":{\"@id\":\"https:\/\/www.kasinobonus.ai\/es\/#organization\"},\"potentialAction\":[{\"@type\":\"SearchAction\",\"target\":{\"@type\":\"EntryPoint\",\"urlTemplate\":\"https:\/\/www.kasinobonus.ai\/es\/?s={search_term_string}\"},\"query-input\":{\"@type\":\"PropertyValueSpecification\",\"valueRequired\":true,\"valueName\":\"search_term_string\"}}],\"inLanguage\":\"es\"},{\"@type\":\"Organization\",\"@id\":\"https:\/\/www.kasinobonus.ai\/es\/#organization\",\"name\":\"KasinoBonus\",\"alternateName\":\"KasinoBonusAI\",\"url\":\"https:\/\/www.kasinobonus.ai\/es\/\",\"logo\":{\"@type\":\"ImageObject\",\"inLanguage\":\"es\",\"@id\":\"https:\/\/www.kasinobonus.ai\/es\/#\/schema\/logo\/image\/\",\"url\":\"https:\/\/www.kasinobonus.ai\/wp-content\/uploads\/2023\/09\/kasinobonus-logo-light.png\",\"contentUrl\":\"https:\/\/www.kasinobonus.ai\/wp-content\/uploads\/2023\/09\/kasinobonus-logo-light.png\",\"width\":3200,\"height\":596,\"caption\":\"KasinoBonus\"},\"image\":{\"@id\":\"https:\/\/www.kasinobonus.ai\/es\/#\/schema\/logo\/image\/\"},\"sameAs\":[\"https:\/\/www.facebook.com\/kasinobonusio\/\",\"https:\/\/x.com\/Kasinobonus_io\",\"https:\/\/www.linkedin.com\/in\/matti-slotte-26612033b\",\"http:\/\/kasinobonus.wikidot.com\/system:welcome\",\"https:\/\/www.trustpilot.com\/review\/www.kasinobonus.ai\",\"https:\/\/orcid.org\/0009-0007-2889-1713\",\"https:\/\/en.everybodywiki.com\/Matti_Slotte\",\"https:\/\/www.immuniweb.com\/ssl\/kasinobonus.ai\/M4lqCqYY\/\"]}]}<\/script>\n<!-- \/ Yoast SEO plugin. -->","yoast_head_json":{"title":"Casino 7 euro Gratis Sin Dep\u00f3sito 2025 - www.kasinobonus.ai","description":"Aprovecha los 7\u20ac de dinero gratis para jugar sin dep\u00f3sito en 2025 y descubre los mejores casinos en l\u00ednea sin riesgos.","robots":{"index":"index","follow":"follow","max-snippet":"max-snippet:-1","max-image-preview":"max-image-preview:large","max-video-preview":"max-video-preview:-1"},"canonical":"https:\/\/www.kasinobonus.ai\/es\/7eur-de-dinero-gratis-para-jugar-sin-deposito\/","schema":{"@context":"https:\/\/schema.org","@graph":[{"@type":"WebPage","@id":"https:\/\/www.kasinobonus.ai\/es\/7eur-de-dinero-gratis-para-jugar-sin-deposito\/","url":"https:\/\/www.kasinobonus.ai\/es\/7eur-de-dinero-gratis-para-jugar-sin-deposito\/","name":"Casino 7 euro Gratis Sin Dep\u00f3sito 2025 - www.kasinobonus.ai","isPartOf":{"@id":"https:\/\/www.kasinobonus.ai\/es\/#website"},"primaryImageOfPage":{"@id":"https:\/\/www.kasinobonus.ai\/es\/7eur-de-dinero-gratis-para-jugar-sin-deposito\/#primaryimage"},"image":{"@id":"https:\/\/www.kasinobonus.ai\/es\/7eur-de-dinero-gratis-para-jugar-sin-deposito\/#primaryimage"},"thumbnailUrl":"https:\/\/www.kasinobonus.ai\/wp-content\/uploads\/2024\/01\/7_eur_de_Dinero_Gratis_para_Jugar_sin_Deposito.jpg","datePublished":"2023-08-29T14:02:07+00:00","dateModified":"2025-06-22T17:44:12+00:00","description":"Aprovecha los 7\u20ac de dinero gratis para jugar sin dep\u00f3sito en 2025 y descubre los mejores casinos en l\u00ednea sin riesgos.","breadcrumb":{"@id":"https:\/\/www.kasinobonus.ai\/es\/7eur-de-dinero-gratis-para-jugar-sin-deposito\/#breadcrumb"},"inLanguage":"es","potentialAction":[{"@type":"ReadAction","target":["https:\/\/www.kasinobonus.ai\/es\/7eur-de-dinero-gratis-para-jugar-sin-deposito\/"]}]},{"@type":"ImageObject","inLanguage":"es","@id":"https:\/\/www.kasinobonus.ai\/es\/7eur-de-dinero-gratis-para-jugar-sin-deposito\/#primaryimage","url":"https:\/\/www.kasinobonus.ai\/wp-content\/uploads\/2024\/01\/7_eur_de_Dinero_Gratis_para_Jugar_sin_Deposito.jpg","contentUrl":"https:\/\/www.kasinobonus.ai\/wp-content\/uploads\/2024\/01\/7_eur_de_Dinero_Gratis_para_Jugar_sin_Deposito.jpg","width":1200,"height":628,"caption":"7 eur de Dinero Gratis para Jugar sin Deposito"},{"@type":"BreadcrumbList","@id":"https:\/\/www.kasinobonus.ai\/es\/7eur-de-dinero-gratis-para-jugar-sin-deposito\/#breadcrumb","itemListElement":[{"@type":"ListItem","position":1,"name":"Home","item":"https:\/\/kasinobonus.ai\/es\/"},{"@type":"ListItem","position":2,"name":"7\u20ac de Dinero Gratis para Jugar Sin Dep\u00f3sito"}]},{"@type":"WebSite","@id":"https:\/\/www.kasinobonus.ai\/es\/#website","url":"https:\/\/www.kasinobonus.ai\/es\/","name":"www.kasinobonus.ai","description":"","publisher":{"@id":"https:\/\/www.kasinobonus.ai\/es\/#organization"},"potentialAction":[{"@type":"SearchAction","target":{"@type":"EntryPoint","urlTemplate":"https:\/\/www.kasinobonus.ai\/es\/?s={search_term_string}"},"query-input":{"@type":"PropertyValueSpecification","valueRequired":true,"valueName":"search_term_string"}}],"inLanguage":"es"},{"@type":"Organization","@id":"https:\/\/www.kasinobonus.ai\/es\/#organization","name":"KasinoBonus","alternateName":"KasinoBonusAI","url":"https:\/\/www.kasinobonus.ai\/es\/","logo":{"@type":"ImageObject","inLanguage":"es","@id":"https:\/\/www.kasinobonus.ai\/es\/#\/schema\/logo\/image\/","url":"https:\/\/www.kasinobonus.ai\/wp-content\/uploads\/2023\/09\/kasinobonus-logo-light.png","contentUrl":"https:\/\/www.kasinobonus.ai\/wp-content\/uploads\/2023\/09\/kasinobonus-logo-light.png","width":3200,"height":596,"caption":"KasinoBonus"},"image":{"@id":"https:\/\/www.kasinobonus.ai\/es\/#\/schema\/logo\/image\/"},"sameAs":["https:\/\/www.facebook.com\/kasinobonusio\/","https:\/\/x.com\/Kasinobonus_io","https:\/\/www.linkedin.com\/in\/matti-slotte-26612033b","http:\/\/kasinobonus.wikidot.com\/system:welcome","https:\/\/www.trustpilot.com\/review\/www.kasinobonus.ai","https:\/\/orcid.org\/0009-0007-2889-1713","https:\/\/en.everybodywiki.com\/Matti_Slotte","https:\/\/www.immuniweb.com\/ssl\/kasinobonus.ai\/M4lqCqYY\/"]}]}},"_links":{"self":[{"href":"https:\/\/www.kasinobonus.ai\/es\/wp-json\/wp\/v2\/pages\/13967","targetHints":{"allow":["GET"]}}],"collection":[{"href":"https:\/\/www.kasinobonus.ai\/es\/wp-json\/wp\/v2\/pages"}],"about":[{"href":"https:\/\/www.kasinobonus.ai\/es\/wp-json\/wp\/v2\/types\/page"}],"author":[{"embeddable":true,"href":"https:\/\/www.kasinobonus.ai\/es\/wp-json\/wp\/v2\/users\/1"}],"replies":[{"embeddable":true,"href":"https:\/\/www.kasinobonus.ai\/es\/wp-json\/wp\/v2\/comments?post=13967"}],"version-history":[{"count":3,"href":"https:\/\/www.kasinobonus.ai\/es\/wp-json\/wp\/v2\/pages\/13967\/revisions"}],"predecessor-version":[{"id":30766,"href":"https:\/\/www.kasinobonus.ai\/es\/wp-json\/wp\/v2\/pages\/13967\/revisions\/30766"}],"wp:featuredmedia":[{"embeddable":true,"href":"https:\/\/www.kasinobonus.ai\/es\/wp-json\/wp\/v2\/media\/14097"}],"wp:attachment":[{"href":"https:\/\/www.kasinobonus.ai\/es\/wp-json\/wp\/v2\/media?parent=13967"}],"curies":[{"name":"wp","href":"https:\/\/api.w.org\/{rel}","templated":true}]}}