{"id":13960,"date":"2023-08-29T13:50:04","date_gmt":"2023-08-29T13:50:04","guid":{"rendered":"http:\/\/kasinobonus.ai.dedivirt842.your-server.de\/ilmaista-pelirahaa\/"},"modified":"2025-06-22T17:49:11","modified_gmt":"2025-06-22T17:49:11","slug":"dinero-gratis-para-jugar","status":"publish","type":"page","link":"https:\/\/www.kasinobonus.ai\/es\/dinero-gratis-para-jugar\/","title":{"rendered":"Dinero Gratis para Jugar"},"content":{"rendered":"\n<h1 class=\"wp-block-heading\">El mejor Dinero Gratis para Jugar <\/h1>\n\n\n\n<p>El dinero de juego gratis es una de las mejores formas de experimentar los casinos en l\u00ednea \u00a1sin tener que arriesgar tu propio dinero! Ya sea parte de una bonificaci\u00f3n sin dep\u00f3sito, una recompensa por fidelidad o una oferta promocional, el dinero para jugar gratis&#8230; Bueno, \u00a1qui\u00e9n quiere rechazar dinero gratis!<\/p>\n\n\n\n<p>Por suerte, hay <em>miles <\/em>de casinos que ofrecen bonos gratuitos, dise\u00f1ados para atraer a nuevos jugadores o \u00a1para mantener contentos a los que ya lo son! Sin embargo, hay muchos <em>tipos <\/em>diferentes, y en esta p\u00e1gina, te guiar\u00e9 a trav\u00e9s de algunos de los mejores bonos de dinero gratis, te mostrar\u00e9 los mejores casinos, \u00a1e incluso te revelar\u00e9 mis mejores consejos para sacar provecho de estas promociones!<\/p>\n\n\n\n<h2 class=\"wp-block-heading\">Casinos del Reino Unido que Ofrecen Bonos Gratis 2025<\/h2>\n\n\n\n<p>Encontrar casinos que ofrezcan dinero de juego gratis no siempre es f\u00e1cil: a menudo encontrar\u00e1s muchos sitios que ofrecen bonos sin dep\u00f3sito o giros gratis en su lugar. Sin embargo, si sabes d\u00f3nde buscar, todav\u00eda puedes encontrar estos bonos. En la siguiente tabla encontrar\u00e1s los mejores bonos de dinero gratis disponibles en la actualidad:<\/p>\n\n\n<p>[brand_table template=\u00bbtable_style_1.php\u00bb country=\u00bbES\u00bb bonus_type=\u00bbno_deposit\u00bb]<\/p>\n\n\n\n<p>Si encuentras un casino que te guste, \u00a1dale a \u201cJugar ahora\u201d y reclama tu bono!<\/p>\n\n\n\n<h2 class=\"wp-block-heading\">C\u00f3mo Evaluamos y Seleccionamos los Casinos en L\u00ednea<\/h2>\n\n\n\n<p>Al revisar los casinos que ofrecen <a class=\"\" href=\"https:\/\/www.kasinobonus.ai\/es\/dinero-gratis-para-jugar-sin-deposito\/\">dinero gratis para jugar sin dep\u00f3sito<\/a>, me centro en varios factores clave para garantizar que los jugadores obtengan la mejor experiencia posible. La primera prioridad es la licencia; cualquier casino que recomiende debe estar regulado por una autoridad acreditada, como la Comisi\u00f3n del Juego del Reino Unido o la Autoridad del Juego de Malta. Tambi\u00e9n me aseguro de que la gama de juegos (y proveedores de software) sea amplia, \u00a1ya que todos queremos poder disfrutar de tantos juegos como sea posible!<\/p>\n\n\n\n<p>Otros factores que mi equipo y yo tenemos en cuenta al analizar los casinos son las condiciones de los bonos, la velocidad de los pagos, el servicio de atenci\u00f3n al cliente, \u00a1y mucho m\u00e1s!<\/p>\n\n\n\n<h3 class=\"wp-block-heading\">C\u00f3mo Aprovechar al M\u00e1ximo las Bonificaciones Gratuitas<\/h3>\n\n\n\n<p>Maximizar un bono de dinero de juego gratuito requiere una combinaci\u00f3n de suerte y estrategia. Como la mayor\u00eda de estas bonificaciones conllevan unos requisitos de apuesta elevados, deber\u00e1s elegir los juegos que te ofrezcan las mayores probabilidades de superarlos. Las tragamonedas son probablemente tu mejor apuesta, aunque hay algunos casinos que permiten utilizar el <a class=\"\" href=\"https:\/\/www.kasinobonus.ai\/es\/5e-de-dinero-gratis-para-jugar-sin-deposito\/\">5\u20ac de dinero gratis para jugar sin dep\u00f3sito<\/a> en juegos de mesa.<\/p>\n\n\n\n<p>Aseg\u00farate tambi\u00e9n de que entiendes los t\u00e9rminos y condiciones. Comprueba los requisitos de apuesta, mira si hay alg\u00fan juego excluido y averigua si hay un l\u00edmite en la cantidad de dinero que puedes ganar con la bonificaci\u00f3n. Por ejemplo, algunos casinos ofrecen <a class=\"\" href=\"https:\/\/www.kasinobonus.ai\/es\/7eur-de-dinero-gratis-para-jugar-sin-deposito\/\">7\u20ac de dinero gratis para jugar sin dep\u00f3sito<\/a>, mientras que otros pueden ofrecer <a class=\"\" href=\"https:\/\/www.kasinobonus.ai\/es\/10e-de-dinero-para-jugar-gratis-sin-deposito\/\">10\u20ac de dinero para jugar gratis sin dep\u00f3sito<\/a>, cada uno con condiciones diferentes.<\/p>\n\n\n\n<p>Si buscas una cantidad mayor, podr\u00edas considerar opciones como <a class=\"\" href=\"https:\/\/www.kasinobonus.ai\/es\/12e-gratis-de-dinero-para-jugar-sin-deposito\/\">12\u20ac gratis de dinero para jugar sin dep\u00f3sito<\/a> o incluso <a class=\"\" href=\"https:\/\/www.kasinobonus.ai\/es\/20e-de-dinero-gratis-para-jugar-sin-deposito\/\">20\u20ac de dinero gratis para jugar sin dep\u00f3sito<\/a>, dependiendo de lo que se adapte mejor a tu estrategia y estilo de juego.<\/p>\n\n\n\n<h2 class=\"wp-block-heading\">Ventajas &amp; Inconvenientes<\/h2>\n\n\n\n<figure class=\"wp-block-image size-full\"><img decoding=\"async\" width=\"1000\" height=\"666\" src=\"https:\/\/www.kasinobonus.ai\/wp-content\/uploads\/2025\/06\/KB-bonos-sin-deposito.jpg\" alt=\"bonos sin dep\u00f3sito\" class=\"wp-image-29784\" srcset=\"https:\/\/www.kasinobonus.ai\/wp-content\/uploads\/2025\/06\/KB-bonos-sin-deposito.jpg 1000w, https:\/\/www.kasinobonus.ai\/wp-content\/uploads\/2025\/06\/KB-bonos-sin-deposito-300x200.jpg 300w, https:\/\/www.kasinobonus.ai\/wp-content\/uploads\/2025\/06\/KB-bonos-sin-deposito-768x511.jpg 768w, https:\/\/www.kasinobonus.ai\/wp-content\/uploads\/2025\/06\/KB-bonos-sin-deposito-110x73.jpg 110w, https:\/\/www.kasinobonus.ai\/wp-content\/uploads\/2025\/06\/KB-bonos-sin-deposito-575x383.jpg 575w\" sizes=\"(max-width: 1000px) 100vw, 1000px\" \/><\/figure>\n\n\n\n<div class=\"wp-block-columns is-layout-flex wp-container-core-columns-is-layout-28f84493 wp-block-columns-is-layout-flex\">\n<div class=\"wp-block-column is-layout-flow wp-block-column-is-layout-flow\">\n<h3 class=\"wp-block-heading\">\u2705 Ventajas<\/h3>\n\n\n\n<ul class=\"wp-block-list\">\n<li>\u2705 Ideal para explorar diferentes plataformas e interfaces<\/li>\n\n\n\n<li>\u2705 Perfecto para probar un casino sin gastar su propio dinero<\/li>\n\n\n\n<li>\u2705 Posibilidad real de ganar: sin riesgo financiero<\/li>\n\n\n\n<li>\u2705 Acceso instant\u00e1neo a tragamonedas o juegos despu\u00e9s del registro<\/li>\n\n\n\n<li>\u2705 Sin compromiso: solo reg\u00edstrese y juegue<\/li>\n<\/ul>\n<\/div>\n\n\n\n<div class=\"wp-block-column is-layout-flow wp-block-column-is-layout-flow\">\n<h3 class=\"wp-block-heading\">\u274c Desventajas<\/h3>\n\n\n\n<ul class=\"wp-block-list\">\n<li>\u274c Generalmente se aplican requisitos de apuesta estrictos<\/li>\n\n\n\n<li>\u274c Los l\u00edmites m\u00e1ximos de ganancias y retiros suelen ser bastante bajos<\/li>\n\n\n\n<li>\u274c La bonificaci\u00f3n podr\u00eda estar limitada a juegos espec\u00edficos<\/li>\n\n\n\n<li>\u274c A veces se requiere un dep\u00f3sito para retirar las ganancias<\/li>\n\n\n\n<li>\u274c No todas las bonificaciones sin dep\u00f3sito son realmente \u201cgratuitas\u201d: lea siempre la letra peque\u00f1a<\/li>\n<\/ul>\n<\/div>\n<\/div>\n\n\n\n<h2 class=\"wp-block-heading\">Mejores tragamonedas gratis con dinero real<\/h2>\n\n\n\n<figure class=\"wp-block-table\"><table class=\"has-fixed-layout\"><thead><tr><th>Tragamonedas<\/th><th>Proveedor<\/th><th>Giros gratis<\/th><th>Valor por giro (\u20ac)<\/th><th>Valor total (\u20ac)<\/th><th>Condiciones<\/th><th>Casino<\/th><\/tr><\/thead><tbody><tr><td>Alien Fruits<\/td><td>BGaming<\/td><td>50<\/td><td>0,10\u202f\u20ac<\/td><td>5,00\u202f\u20ac<\/td><td>Sin requisitos de apuesta<\/td><td>Drip Casino<\/td><\/tr><tr><td>Gates of Olympus<\/td><td>Pragmatic Play<\/td><td>50<\/td><td>0,10\u202f\u20ac<\/td><td>5,00\u202f\u20ac<\/td><td>Sin requisitos de apuesta<\/td><td>Campeonbet<\/td><\/tr><tr><td>Sweet Bonanza<\/td><td>Pragmatic Play<\/td><td>40<\/td><td>0,10\u202f\u20ac<\/td><td>4,00\u202f\u20ac<\/td><td>C\u00f3digo: 40ZENBONUS<\/td><td>Campeonbet<\/td><\/tr><tr><td>Big Bass Bonanza<\/td><td>Pragmatic Play<\/td><td>30<\/td><td>0,10\u202f\u20ac<\/td><td>3,00\u202f\u20ac<\/td><td>Sin dep\u00f3sito, solo registro<\/td><td>Campeonbet<\/td><\/tr><tr><td>Elvis Frog in Vegas<\/td><td>BGaming<\/td><td>25<\/td><td>0,10\u202f\u20ac<\/td><td>2,50\u202f\u20ac<\/td><td>Solo para nuevos jugadores<\/td><td>Drip Casino<\/td><\/tr><tr><td>Book of Dead<\/td><td>Play\u2019n GO<\/td><td>20<\/td><td>0,10\u202f\u20ac<\/td><td>2,00\u202f\u20ac<\/td><td>Sin dep\u00f3sito, canje limitado<\/td><td>Campeonbet<\/td><\/tr><\/tbody><\/table><\/figure>\n\n\n\n<h2 class=\"wp-block-heading\" id=\"tw-target-text\">Recursos sobre juego responsable<\/h2>\n\n\n\n<ul class=\"wp-block-list\">\n<li><a href=\"https:\/\/www.jugarbien.es\">https:\/\/www.jugarbien.es<\/a><\/li>\n\n\n\n<li><a href=\"https:\/\/www.ordenacionjuego.gob.es\">https:\/\/www.ordenacionjuego.gob.es<\/a> <\/li>\n\n\n\n<li><a href=\"https:\/\/fejar.org\/\">https:\/\/fejar.org\/<\/a>  <\/li>\n\n\n\n<li><a href=\"https:\/\/www.juegoesresponsable.org\/\">https:\/\/www.juegoesresponsable.org\/<\/a><\/li>\n<\/ul>\n","protected":false},"excerpt":{"rendered":"<p>El mejor Dinero Gratis para Jugar El dinero de juego gratis es una de las mejores formas de experimentar los casinos en l\u00ednea \u00a1sin tener que arriesgar tu propio dinero! Ya sea parte de una bonificaci\u00f3n sin dep\u00f3sito, una recompensa por fidelidad o una oferta promocional, el dinero para jugar gratis&#8230; Bueno, \u00a1qui\u00e9n quiere rechazar [&hellip;]<\/p>\n","protected":false},"author":1,"featured_media":13997,"parent":0,"menu_order":0,"comment_status":"open","ping_status":"closed","template":"","meta":{"inline_featured_image":false,"footnotes":""},"class_list":["post-13960","page","type-page","status-publish","has-post-thumbnail","hentry"],"yoast_head":"<!-- This site is optimized with the Yoast SEO plugin v24.5 - https:\/\/yoast.com\/wordpress\/plugins\/seo\/ -->\n<title>Dinero Gratis para Jugar 2025 - www.kasinobonus.ai<\/title>\n<meta name=\"description\" content=\"\u00bfBuscas dinero gratis para jugar en el 2025? \u00a1Explora las mejores ofertas y bonos que te permiten jugar sin riesgo y ganar m\u00e1s!\" \/>\n<meta name=\"robots\" content=\"index, follow, max-snippet:-1, max-image-preview:large, max-video-preview:-1\" \/>\n<link rel=\"canonical\" href=\"https:\/\/www.kasinobonus.ai\/es\/dinero-gratis-para-jugar\/\" \/>\n<script type=\"application\/ld+json\" class=\"yoast-schema-graph\">{\"@context\":\"https:\/\/schema.org\",\"@graph\":[{\"@type\":\"WebPage\",\"@id\":\"https:\/\/www.kasinobonus.ai\/es\/dinero-gratis-para-jugar\/\",\"url\":\"https:\/\/www.kasinobonus.ai\/es\/dinero-gratis-para-jugar\/\",\"name\":\"Dinero Gratis para Jugar 2025 - www.kasinobonus.ai\",\"isPartOf\":{\"@id\":\"https:\/\/www.kasinobonus.ai\/es\/#website\"},\"primaryImageOfPage\":{\"@id\":\"https:\/\/www.kasinobonus.ai\/es\/dinero-gratis-para-jugar\/#primaryimage\"},\"image\":{\"@id\":\"https:\/\/www.kasinobonus.ai\/es\/dinero-gratis-para-jugar\/#primaryimage\"},\"thumbnailUrl\":\"https:\/\/www.kasinobonus.ai\/wp-content\/uploads\/2024\/01\/Dinero_Gratis_para_Jugar.jpg\",\"datePublished\":\"2023-08-29T13:50:04+00:00\",\"dateModified\":\"2025-06-22T17:49:11+00:00\",\"description\":\"\u00bfBuscas dinero gratis para jugar en el 2025? \u00a1Explora las mejores ofertas y bonos que te permiten jugar sin riesgo y ganar m\u00e1s!\",\"breadcrumb\":{\"@id\":\"https:\/\/www.kasinobonus.ai\/es\/dinero-gratis-para-jugar\/#breadcrumb\"},\"inLanguage\":\"es\",\"potentialAction\":[{\"@type\":\"ReadAction\",\"target\":[\"https:\/\/www.kasinobonus.ai\/es\/dinero-gratis-para-jugar\/\"]}]},{\"@type\":\"ImageObject\",\"inLanguage\":\"es\",\"@id\":\"https:\/\/www.kasinobonus.ai\/es\/dinero-gratis-para-jugar\/#primaryimage\",\"url\":\"https:\/\/www.kasinobonus.ai\/wp-content\/uploads\/2024\/01\/Dinero_Gratis_para_Jugar.jpg\",\"contentUrl\":\"https:\/\/www.kasinobonus.ai\/wp-content\/uploads\/2024\/01\/Dinero_Gratis_para_Jugar.jpg\",\"width\":1200,\"height\":628,\"caption\":\"Dinero Gratis para Jugar\"},{\"@type\":\"BreadcrumbList\",\"@id\":\"https:\/\/www.kasinobonus.ai\/es\/dinero-gratis-para-jugar\/#breadcrumb\",\"itemListElement\":[{\"@type\":\"ListItem\",\"position\":1,\"name\":\"Home\",\"item\":\"https:\/\/kasinobonus.ai\/es\/\"},{\"@type\":\"ListItem\",\"position\":2,\"name\":\"Dinero Gratis para Jugar\"}]},{\"@type\":\"WebSite\",\"@id\":\"https:\/\/www.kasinobonus.ai\/es\/#website\",\"url\":\"https:\/\/www.kasinobonus.ai\/es\/\",\"name\":\"www.kasinobonus.ai\",\"description\":\"\",\"publisher\":{\"@id\":\"https:\/\/www.kasinobonus.ai\/es\/#organization\"},\"potentialAction\":[{\"@type\":\"SearchAction\",\"target\":{\"@type\":\"EntryPoint\",\"urlTemplate\":\"https:\/\/www.kasinobonus.ai\/es\/?s={search_term_string}\"},\"query-input\":{\"@type\":\"PropertyValueSpecification\",\"valueRequired\":true,\"valueName\":\"search_term_string\"}}],\"inLanguage\":\"es\"},{\"@type\":\"Organization\",\"@id\":\"https:\/\/www.kasinobonus.ai\/es\/#organization\",\"name\":\"KasinoBonus\",\"alternateName\":\"KasinoBonusAI\",\"url\":\"https:\/\/www.kasinobonus.ai\/es\/\",\"logo\":{\"@type\":\"ImageObject\",\"inLanguage\":\"es\",\"@id\":\"https:\/\/www.kasinobonus.ai\/es\/#\/schema\/logo\/image\/\",\"url\":\"https:\/\/www.kasinobonus.ai\/wp-content\/uploads\/2023\/09\/kasinobonus-logo-light.png\",\"contentUrl\":\"https:\/\/www.kasinobonus.ai\/wp-content\/uploads\/2023\/09\/kasinobonus-logo-light.png\",\"width\":3200,\"height\":596,\"caption\":\"KasinoBonus\"},\"image\":{\"@id\":\"https:\/\/www.kasinobonus.ai\/es\/#\/schema\/logo\/image\/\"},\"sameAs\":[\"https:\/\/www.facebook.com\/kasinobonusio\/\",\"https:\/\/x.com\/Kasinobonus_io\",\"https:\/\/www.linkedin.com\/in\/matti-slotte-26612033b\",\"http:\/\/kasinobonus.wikidot.com\/system:welcome\",\"https:\/\/www.trustpilot.com\/review\/www.kasinobonus.ai\",\"https:\/\/orcid.org\/0009-0007-2889-1713\",\"https:\/\/en.everybodywiki.com\/Matti_Slotte\",\"https:\/\/www.immuniweb.com\/ssl\/kasinobonus.ai\/M4lqCqYY\/\"]}]}<\/script>\n<!-- \/ Yoast SEO plugin. -->","yoast_head_json":{"title":"Dinero Gratis para Jugar 2025 - www.kasinobonus.ai","description":"\u00bfBuscas dinero gratis para jugar en el 2025? \u00a1Explora las mejores ofertas y bonos que te permiten jugar sin riesgo y ganar m\u00e1s!","robots":{"index":"index","follow":"follow","max-snippet":"max-snippet:-1","max-image-preview":"max-image-preview:large","max-video-preview":"max-video-preview:-1"},"canonical":"https:\/\/www.kasinobonus.ai\/es\/dinero-gratis-para-jugar\/","schema":{"@context":"https:\/\/schema.org","@graph":[{"@type":"WebPage","@id":"https:\/\/www.kasinobonus.ai\/es\/dinero-gratis-para-jugar\/","url":"https:\/\/www.kasinobonus.ai\/es\/dinero-gratis-para-jugar\/","name":"Dinero Gratis para Jugar 2025 - www.kasinobonus.ai","isPartOf":{"@id":"https:\/\/www.kasinobonus.ai\/es\/#website"},"primaryImageOfPage":{"@id":"https:\/\/www.kasinobonus.ai\/es\/dinero-gratis-para-jugar\/#primaryimage"},"image":{"@id":"https:\/\/www.kasinobonus.ai\/es\/dinero-gratis-para-jugar\/#primaryimage"},"thumbnailUrl":"https:\/\/www.kasinobonus.ai\/wp-content\/uploads\/2024\/01\/Dinero_Gratis_para_Jugar.jpg","datePublished":"2023-08-29T13:50:04+00:00","dateModified":"2025-06-22T17:49:11+00:00","description":"\u00bfBuscas dinero gratis para jugar en el 2025? \u00a1Explora las mejores ofertas y bonos que te permiten jugar sin riesgo y ganar m\u00e1s!","breadcrumb":{"@id":"https:\/\/www.kasinobonus.ai\/es\/dinero-gratis-para-jugar\/#breadcrumb"},"inLanguage":"es","potentialAction":[{"@type":"ReadAction","target":["https:\/\/www.kasinobonus.ai\/es\/dinero-gratis-para-jugar\/"]}]},{"@type":"ImageObject","inLanguage":"es","@id":"https:\/\/www.kasinobonus.ai\/es\/dinero-gratis-para-jugar\/#primaryimage","url":"https:\/\/www.kasinobonus.ai\/wp-content\/uploads\/2024\/01\/Dinero_Gratis_para_Jugar.jpg","contentUrl":"https:\/\/www.kasinobonus.ai\/wp-content\/uploads\/2024\/01\/Dinero_Gratis_para_Jugar.jpg","width":1200,"height":628,"caption":"Dinero Gratis para Jugar"},{"@type":"BreadcrumbList","@id":"https:\/\/www.kasinobonus.ai\/es\/dinero-gratis-para-jugar\/#breadcrumb","itemListElement":[{"@type":"ListItem","position":1,"name":"Home","item":"https:\/\/kasinobonus.ai\/es\/"},{"@type":"ListItem","position":2,"name":"Dinero Gratis para Jugar"}]},{"@type":"WebSite","@id":"https:\/\/www.kasinobonus.ai\/es\/#website","url":"https:\/\/www.kasinobonus.ai\/es\/","name":"www.kasinobonus.ai","description":"","publisher":{"@id":"https:\/\/www.kasinobonus.ai\/es\/#organization"},"potentialAction":[{"@type":"SearchAction","target":{"@type":"EntryPoint","urlTemplate":"https:\/\/www.kasinobonus.ai\/es\/?s={search_term_string}"},"query-input":{"@type":"PropertyValueSpecification","valueRequired":true,"valueName":"search_term_string"}}],"inLanguage":"es"},{"@type":"Organization","@id":"https:\/\/www.kasinobonus.ai\/es\/#organization","name":"KasinoBonus","alternateName":"KasinoBonusAI","url":"https:\/\/www.kasinobonus.ai\/es\/","logo":{"@type":"ImageObject","inLanguage":"es","@id":"https:\/\/www.kasinobonus.ai\/es\/#\/schema\/logo\/image\/","url":"https:\/\/www.kasinobonus.ai\/wp-content\/uploads\/2023\/09\/kasinobonus-logo-light.png","contentUrl":"https:\/\/www.kasinobonus.ai\/wp-content\/uploads\/2023\/09\/kasinobonus-logo-light.png","width":3200,"height":596,"caption":"KasinoBonus"},"image":{"@id":"https:\/\/www.kasinobonus.ai\/es\/#\/schema\/logo\/image\/"},"sameAs":["https:\/\/www.facebook.com\/kasinobonusio\/","https:\/\/x.com\/Kasinobonus_io","https:\/\/www.linkedin.com\/in\/matti-slotte-26612033b","http:\/\/kasinobonus.wikidot.com\/system:welcome","https:\/\/www.trustpilot.com\/review\/www.kasinobonus.ai","https:\/\/orcid.org\/0009-0007-2889-1713","https:\/\/en.everybodywiki.com\/Matti_Slotte","https:\/\/www.immuniweb.com\/ssl\/kasinobonus.ai\/M4lqCqYY\/"]}]}},"_links":{"self":[{"href":"https:\/\/www.kasinobonus.ai\/es\/wp-json\/wp\/v2\/pages\/13960","targetHints":{"allow":["GET"]}}],"collection":[{"href":"https:\/\/www.kasinobonus.ai\/es\/wp-json\/wp\/v2\/pages"}],"about":[{"href":"https:\/\/www.kasinobonus.ai\/es\/wp-json\/wp\/v2\/types\/page"}],"author":[{"embeddable":true,"href":"https:\/\/www.kasinobonus.ai\/es\/wp-json\/wp\/v2\/users\/1"}],"replies":[{"embeddable":true,"href":"https:\/\/www.kasinobonus.ai\/es\/wp-json\/wp\/v2\/comments?post=13960"}],"version-history":[{"count":2,"href":"https:\/\/www.kasinobonus.ai\/es\/wp-json\/wp\/v2\/pages\/13960\/revisions"}],"predecessor-version":[{"id":30769,"href":"https:\/\/www.kasinobonus.ai\/es\/wp-json\/wp\/v2\/pages\/13960\/revisions\/30769"}],"wp:featuredmedia":[{"embeddable":true,"href":"https:\/\/www.kasinobonus.ai\/es\/wp-json\/wp\/v2\/media\/13997"}],"wp:attachment":[{"href":"https:\/\/www.kasinobonus.ai\/es\/wp-json\/wp\/v2\/media?parent=13960"}],"curies":[{"name":"wp","href":"https:\/\/api.w.org\/{rel}","templated":true}]}}