{"id":13945,"date":"2023-08-29T14:01:18","date_gmt":"2023-08-29T14:01:18","guid":{"rendered":"http:\/\/kasinobonus.ai.dedivirt842.your-server.de\/500-ilmaiskierrosta-ilman-talletusta\/"},"modified":"2025-06-22T20:47:37","modified_gmt":"2025-06-22T20:47:37","slug":"500-giros-gratis-sin-deposito","status":"publish","type":"page","link":"https:\/\/www.kasinobonus.ai\/es\/500-giros-gratis-sin-deposito\/","title":{"rendered":"500 Giros Gratis Sin Dep\u00f3sito"},"content":{"rendered":"\n<h1 class=\"wp-block-heading\">Las mejores 500 Tiradas Gratis Sin Dep\u00f3sito en el Espa\u00f1a <\/h1>\n\n\n\n<p>Como \u00e1vido jugador de tragamonedas en l\u00ednea, siempre estoy buscando las mejores promociones&#8230; y, en mi opini\u00f3n, \u00a1las bonificaciones de <a href=\"https:\/\/www.kasinobonus.ai\/es\/giros-gratis\/\">giros gratis sin dep\u00f3sito<\/a> son sin lugar a dudas algunas de las mejores ofertas que existen!<\/p>\n\n\n\n<p>Estas bonificaciones te permiten hacer girar los rodillos gratis, sin ning\u00fan riesgo financiero y, si juegas en un casino en l\u00ednea de confianza, \u00a1te dan incluso la oportunidad de ganar dinero real!<\/p>\n\n\n\n<p>Pero con tantas ofertas disponibles, \u00bfc\u00f3mo separar las joyas de los fiascos? En esta p\u00e1gina, te muestro las mejores ofertas de 500 giros gratis sin dep\u00f3sito disponibles actualmente.<\/p>\n\n\n\n<h2 class=\"wp-block-heading\">Casinos que Ofrecen Bonos de 500 Giros Gratis Sin Dep\u00f3sito en el 2025&nbsp;&nbsp;<\/h2>\n\n\n\n<p>Encontrar bonos de 500 giros gratis sin dep\u00f3sito puede ser como buscar una aguja en un pajar, sobre todo si ofrecen un valor real. Muchas promociones vienen con t\u00e9rminos y condiciones bastante estrictos, incluyendo requisitos de apuesta muy altos o retiros m\u00e1ximos bajos, por lo que es importante elegir el bono <em>adecuado<\/em>. A continuaci\u00f3n encontrar\u00e1s mis ofertas recomendadas de giros gratis sin dep\u00f3sito:<\/p>\n\n\n<p>[brand_table template=\u00bbtable_style_1.php\u00bb country=\u00bbES\u00bb bonus_type=\u00bbno_deposit\u00bb]<\/p>\n\n\n\n<p>Una vez que hayas encontrado una oferta que te guste, haz clic en el bot\u00f3n \u201cJugar ahora\u201d para empezar y \u00a1disfruta haciendo girar los rodillos!<\/p>\n\n\n\n<h2 class=\"wp-block-heading\">C\u00f3mo Evaluamos y Elegimos los Casinos&nbsp;&nbsp;&nbsp;<\/h2>\n\n\n\n<p>Entiendo que elegir un casino en l\u00ednea de confianza es realmente importante. Si eliges el <em>sitio equivocado<\/em>, por ejemplo, corres el riesgo de que tus cobros se retrasen&#8230; \u00a1o de que no te paguen nada! Por eso, aqu\u00ed en KasinoBonus, revisamos e investigamos minuciosamente cada sitio que recomendamos.<\/p>\n\n\n\n<p>Este detallado proceso incluye desde la calidad de la atenci\u00f3n al cliente y la transparencia de los bonos, hasta la selecci\u00f3n de juegos, licencias y seguridad, \u00a1y mucho m\u00e1s!<\/p>\n\n\n\n<h2 class=\"wp-block-heading\">Ventajas &amp; Inconvenientes<\/h2>\n\n\n\n<figure class=\"wp-block-image size-full\"><img decoding=\"async\" width=\"1000\" height=\"666\" src=\"https:\/\/www.kasinobonus.ai\/wp-content\/uploads\/2025\/06\/KB-Giros-Gratis.jpg\" alt=\"Giros Gratis\" class=\"wp-image-29771\" srcset=\"https:\/\/www.kasinobonus.ai\/wp-content\/uploads\/2025\/06\/KB-Giros-Gratis.jpg 1000w, https:\/\/www.kasinobonus.ai\/wp-content\/uploads\/2025\/06\/KB-Giros-Gratis-300x200.jpg 300w, https:\/\/www.kasinobonus.ai\/wp-content\/uploads\/2025\/06\/KB-Giros-Gratis-768x511.jpg 768w, https:\/\/www.kasinobonus.ai\/wp-content\/uploads\/2025\/06\/KB-Giros-Gratis-110x73.jpg 110w, https:\/\/www.kasinobonus.ai\/wp-content\/uploads\/2025\/06\/KB-Giros-Gratis-575x383.jpg 575w\" sizes=\"(max-width: 1000px) 100vw, 1000px\" \/><\/figure>\n\n\n\n<div class=\"wp-block-columns is-layout-flex wp-container-core-columns-is-layout-28f84493 wp-block-columns-is-layout-flex\">\n<div class=\"wp-block-column is-layout-flow wp-block-column-is-layout-flow\">\n<h3 class=\"wp-block-heading\">\u2705 Ventajas<\/h3>\n\n\n\n<ul class=\"wp-block-list\">\n<li>\u2705 Pruebe las tragamonedas sin arriesgar su propio dinero<\/li>\n\n\n\n<li>\u2705 Ofertas sin dep\u00f3sito disponibles en muchos casinos<\/li>\n\n\n\n<li>\u2705 Oportunidad de ganar dinero real sin inversi\u00f3n<\/li>\n\n\n\n<li>\u2705 Buena manera de explorar nuevos juegos y proveedores<\/li>\n\n\n\n<li>\u2705 \u00datil para aprender c\u00f3mo funciona la mec\u00e1nica de las tragamonedas<\/li>\n<\/ul>\n<\/div>\n\n\n\n<div class=\"wp-block-column is-layout-flow wp-block-column-is-layout-flow\">\n<h3 class=\"wp-block-heading\">\u274c Desventajas<\/h3>\n\n\n\n<ul class=\"wp-block-list\">\n<li>\u274c Requisitos de apuesta antes del retiro<\/li>\n\n\n\n<li>\u274c A menudo limitado solo a franjas horarias espec\u00edficas<\/li>\n\n\n\n<li>\u274c Se aplican l\u00edmites m\u00e1ximos de ganancias o retiros<\/li>\n\n\n\n<li>\u274c Los giros gratuitos suelen caducar entre 24 y 72 horas<\/li>\n\n\n\n<li>\u274c Los t\u00e9rminos de bonificaci\u00f3n pueden ser estrictos o confusos<\/li>\n<\/ul>\n<\/div>\n<\/div>\n\n\n\n<h2 class=\"wp-block-heading\">Tragamonedas populares con bono de giros gratis<\/h2>\n\n\n\n<figure class=\"wp-block-table\"><table class=\"has-fixed-layout\"><thead><tr><th>Tragamonedas populares<\/th><th>Proveedor del juego<\/th><th>Giros gratis (bono)<\/th><th>RTP<\/th><th>Casino<\/th><\/tr><\/thead><tbody><tr><td>Sweet\u202fBonanza<\/td><td>Pragmatic\u202fPlay<\/td><td>20 giros gratis<\/td><td>96,51\u202f%<\/td><td>Rollino<\/td><\/tr><tr><td>Book\u202fof\u202fMuseum<\/td><td>GameArt<\/td><td>25 giros gratis<\/td><td>96,10\u202f%<\/td><td>Horus Casino<\/td><\/tr><tr><td>Angry\u202fDogs<\/td><td>GameArt<\/td><td>25 giros gratis<\/td><td>96,36\u202f%<\/td><td>Kryptosino<\/td><\/tr><tr><td>Hollywoof<\/td><td>GameArt<\/td><td>25 giros gratis<\/td><td>96,10\u202f%<\/td><td>Vegaz Casino<\/td><\/tr><tr><td>Sweet\u202fBonanza<\/td><td>Pragmatic\u202fPlay<\/td><td>30 giros gratis<\/td><td>96,51\u202f%<\/td><td>Megapari<\/td><\/tr><tr><td>Book\u202fof\u202fDead<\/td><td>Play\u2019n\u202fGO<\/td><td>25 giros gratis<\/td><td>96,21\u202f%<\/td><td>BetMaximus<\/td><\/tr><tr><td>Ruby Win \u2013 Hold the Spin<\/td><td>Gamzix<\/td><td>25 giros gratis<\/td><td>96,00\u202f%<\/td><td>LevelUp Casino<\/td><\/tr><tr><td>Joker Stoker<\/td><td>Endorphina<\/td><td>100 giros gratis<\/td><td>96,00\u202f%<\/td><td>BetFury<\/td><\/tr><tr><td>Bastet and Cats<\/td><td>Betfury<\/td><td>100 giros gratis<\/td><td>96,20\u202f%<\/td><td>BetFury<\/td><\/tr><tr><td>Doors Of Fresh<\/td><td>BGaming<\/td><td>50 giros gratis<\/td><td>96,85\u202f%<\/td><td>Fresh Casino<\/td><\/tr><tr><td>Gates of Olympus<\/td><td>Pragmatic\u202fPlay<\/td><td>50 giros gratis<\/td><td>96,50\u202f%<\/td><td>Campeonbet<\/td><\/tr><tr><td>Alien Fruits<\/td><td>BGaming<\/td><td>50 giros gratis<\/td><td>97,00\u202f%<\/td><td>Drip Casino<\/td><\/tr><\/tbody><\/table><\/figure>\n","protected":false},"excerpt":{"rendered":"<p>Las mejores 500 Tiradas Gratis Sin Dep\u00f3sito en el Espa\u00f1a Como \u00e1vido jugador de tragamonedas en l\u00ednea, siempre estoy buscando las mejores promociones&#8230; y, en mi opini\u00f3n, \u00a1las bonificaciones de giros gratis sin dep\u00f3sito son sin lugar a dudas algunas de las mejores ofertas que existen! Estas bonificaciones te permiten hacer girar los rodillos gratis, [&hellip;]<\/p>\n","protected":false},"author":1,"featured_media":13927,"parent":0,"menu_order":0,"comment_status":"open","ping_status":"closed","template":"","meta":{"inline_featured_image":false,"footnotes":""},"class_list":["post-13945","page","type-page","status-publish","has-post-thumbnail","hentry"],"yoast_head":"<!-- This site is optimized with the Yoast SEO plugin v24.5 - https:\/\/yoast.com\/wordpress\/plugins\/seo\/ -->\n<title>500 Giros Gratis Sin Dep\u00f3sito 2025 - www.kasinobonus.ai<\/title>\n<meta name=\"description\" content=\"Vive la mejor experiencia de juego de 2025: \u00a1500 giros gratis sin dep\u00f3sito! Ofertas como estas son poco frecuentes en los casinos.\" \/>\n<meta name=\"robots\" content=\"index, follow, max-snippet:-1, max-image-preview:large, max-video-preview:-1\" \/>\n<link rel=\"canonical\" href=\"https:\/\/www.kasinobonus.ai\/es\/500-giros-gratis-sin-deposito\/\" \/>\n<script type=\"application\/ld+json\" class=\"yoast-schema-graph\">{\"@context\":\"https:\/\/schema.org\",\"@graph\":[{\"@type\":\"WebPage\",\"@id\":\"https:\/\/www.kasinobonus.ai\/es\/500-giros-gratis-sin-deposito\/\",\"url\":\"https:\/\/www.kasinobonus.ai\/es\/500-giros-gratis-sin-deposito\/\",\"name\":\"500 Giros Gratis Sin Dep\u00f3sito 2025 - www.kasinobonus.ai\",\"isPartOf\":{\"@id\":\"https:\/\/www.kasinobonus.ai\/es\/#website\"},\"primaryImageOfPage\":{\"@id\":\"https:\/\/www.kasinobonus.ai\/es\/500-giros-gratis-sin-deposito\/#primaryimage\"},\"image\":{\"@id\":\"https:\/\/www.kasinobonus.ai\/es\/500-giros-gratis-sin-deposito\/#primaryimage\"},\"thumbnailUrl\":\"https:\/\/www.kasinobonus.ai\/wp-content\/uploads\/2024\/01\/500_Tiradas_Gratis.jpg\",\"datePublished\":\"2023-08-29T14:01:18+00:00\",\"dateModified\":\"2025-06-22T20:47:37+00:00\",\"description\":\"Vive la mejor experiencia de juego de 2025: \u00a1500 giros gratis sin dep\u00f3sito! Ofertas como estas son poco frecuentes en los casinos.\",\"breadcrumb\":{\"@id\":\"https:\/\/www.kasinobonus.ai\/es\/500-giros-gratis-sin-deposito\/#breadcrumb\"},\"inLanguage\":\"es\",\"potentialAction\":[{\"@type\":\"ReadAction\",\"target\":[\"https:\/\/www.kasinobonus.ai\/es\/500-giros-gratis-sin-deposito\/\"]}]},{\"@type\":\"ImageObject\",\"inLanguage\":\"es\",\"@id\":\"https:\/\/www.kasinobonus.ai\/es\/500-giros-gratis-sin-deposito\/#primaryimage\",\"url\":\"https:\/\/www.kasinobonus.ai\/wp-content\/uploads\/2024\/01\/500_Tiradas_Gratis.jpg\",\"contentUrl\":\"https:\/\/www.kasinobonus.ai\/wp-content\/uploads\/2024\/01\/500_Tiradas_Gratis.jpg\",\"width\":1200,\"height\":628,\"caption\":\"500 Tiradas Gratis\"},{\"@type\":\"BreadcrumbList\",\"@id\":\"https:\/\/www.kasinobonus.ai\/es\/500-giros-gratis-sin-deposito\/#breadcrumb\",\"itemListElement\":[{\"@type\":\"ListItem\",\"position\":1,\"name\":\"Home\",\"item\":\"https:\/\/kasinobonus.ai\/es\/\"},{\"@type\":\"ListItem\",\"position\":2,\"name\":\"500 Giros Gratis Sin Dep\u00f3sito\"}]},{\"@type\":\"WebSite\",\"@id\":\"https:\/\/www.kasinobonus.ai\/es\/#website\",\"url\":\"https:\/\/www.kasinobonus.ai\/es\/\",\"name\":\"www.kasinobonus.ai\",\"description\":\"\",\"publisher\":{\"@id\":\"https:\/\/www.kasinobonus.ai\/es\/#organization\"},\"potentialAction\":[{\"@type\":\"SearchAction\",\"target\":{\"@type\":\"EntryPoint\",\"urlTemplate\":\"https:\/\/www.kasinobonus.ai\/es\/?s={search_term_string}\"},\"query-input\":{\"@type\":\"PropertyValueSpecification\",\"valueRequired\":true,\"valueName\":\"search_term_string\"}}],\"inLanguage\":\"es\"},{\"@type\":\"Organization\",\"@id\":\"https:\/\/www.kasinobonus.ai\/es\/#organization\",\"name\":\"KasinoBonus\",\"alternateName\":\"KasinoBonusAI\",\"url\":\"https:\/\/www.kasinobonus.ai\/es\/\",\"logo\":{\"@type\":\"ImageObject\",\"inLanguage\":\"es\",\"@id\":\"https:\/\/www.kasinobonus.ai\/es\/#\/schema\/logo\/image\/\",\"url\":\"https:\/\/www.kasinobonus.ai\/wp-content\/uploads\/2023\/09\/kasinobonus-logo-light.png\",\"contentUrl\":\"https:\/\/www.kasinobonus.ai\/wp-content\/uploads\/2023\/09\/kasinobonus-logo-light.png\",\"width\":3200,\"height\":596,\"caption\":\"KasinoBonus\"},\"image\":{\"@id\":\"https:\/\/www.kasinobonus.ai\/es\/#\/schema\/logo\/image\/\"},\"sameAs\":[\"https:\/\/www.facebook.com\/kasinobonusio\/\",\"https:\/\/x.com\/Kasinobonus_io\",\"https:\/\/www.linkedin.com\/in\/matti-slotte-26612033b\",\"http:\/\/kasinobonus.wikidot.com\/system:welcome\",\"https:\/\/www.trustpilot.com\/review\/www.kasinobonus.ai\",\"https:\/\/orcid.org\/0009-0007-2889-1713\",\"https:\/\/en.everybodywiki.com\/Matti_Slotte\",\"https:\/\/www.immuniweb.com\/ssl\/kasinobonus.ai\/M4lqCqYY\/\"]}]}<\/script>\n<!-- \/ Yoast SEO plugin. -->","yoast_head_json":{"title":"500 Giros Gratis Sin Dep\u00f3sito 2025 - www.kasinobonus.ai","description":"Vive la mejor experiencia de juego de 2025: \u00a1500 giros gratis sin dep\u00f3sito! Ofertas como estas son poco frecuentes en los casinos.","robots":{"index":"index","follow":"follow","max-snippet":"max-snippet:-1","max-image-preview":"max-image-preview:large","max-video-preview":"max-video-preview:-1"},"canonical":"https:\/\/www.kasinobonus.ai\/es\/500-giros-gratis-sin-deposito\/","schema":{"@context":"https:\/\/schema.org","@graph":[{"@type":"WebPage","@id":"https:\/\/www.kasinobonus.ai\/es\/500-giros-gratis-sin-deposito\/","url":"https:\/\/www.kasinobonus.ai\/es\/500-giros-gratis-sin-deposito\/","name":"500 Giros Gratis Sin Dep\u00f3sito 2025 - www.kasinobonus.ai","isPartOf":{"@id":"https:\/\/www.kasinobonus.ai\/es\/#website"},"primaryImageOfPage":{"@id":"https:\/\/www.kasinobonus.ai\/es\/500-giros-gratis-sin-deposito\/#primaryimage"},"image":{"@id":"https:\/\/www.kasinobonus.ai\/es\/500-giros-gratis-sin-deposito\/#primaryimage"},"thumbnailUrl":"https:\/\/www.kasinobonus.ai\/wp-content\/uploads\/2024\/01\/500_Tiradas_Gratis.jpg","datePublished":"2023-08-29T14:01:18+00:00","dateModified":"2025-06-22T20:47:37+00:00","description":"Vive la mejor experiencia de juego de 2025: \u00a1500 giros gratis sin dep\u00f3sito! Ofertas como estas son poco frecuentes en los casinos.","breadcrumb":{"@id":"https:\/\/www.kasinobonus.ai\/es\/500-giros-gratis-sin-deposito\/#breadcrumb"},"inLanguage":"es","potentialAction":[{"@type":"ReadAction","target":["https:\/\/www.kasinobonus.ai\/es\/500-giros-gratis-sin-deposito\/"]}]},{"@type":"ImageObject","inLanguage":"es","@id":"https:\/\/www.kasinobonus.ai\/es\/500-giros-gratis-sin-deposito\/#primaryimage","url":"https:\/\/www.kasinobonus.ai\/wp-content\/uploads\/2024\/01\/500_Tiradas_Gratis.jpg","contentUrl":"https:\/\/www.kasinobonus.ai\/wp-content\/uploads\/2024\/01\/500_Tiradas_Gratis.jpg","width":1200,"height":628,"caption":"500 Tiradas Gratis"},{"@type":"BreadcrumbList","@id":"https:\/\/www.kasinobonus.ai\/es\/500-giros-gratis-sin-deposito\/#breadcrumb","itemListElement":[{"@type":"ListItem","position":1,"name":"Home","item":"https:\/\/kasinobonus.ai\/es\/"},{"@type":"ListItem","position":2,"name":"500 Giros Gratis Sin Dep\u00f3sito"}]},{"@type":"WebSite","@id":"https:\/\/www.kasinobonus.ai\/es\/#website","url":"https:\/\/www.kasinobonus.ai\/es\/","name":"www.kasinobonus.ai","description":"","publisher":{"@id":"https:\/\/www.kasinobonus.ai\/es\/#organization"},"potentialAction":[{"@type":"SearchAction","target":{"@type":"EntryPoint","urlTemplate":"https:\/\/www.kasinobonus.ai\/es\/?s={search_term_string}"},"query-input":{"@type":"PropertyValueSpecification","valueRequired":true,"valueName":"search_term_string"}}],"inLanguage":"es"},{"@type":"Organization","@id":"https:\/\/www.kasinobonus.ai\/es\/#organization","name":"KasinoBonus","alternateName":"KasinoBonusAI","url":"https:\/\/www.kasinobonus.ai\/es\/","logo":{"@type":"ImageObject","inLanguage":"es","@id":"https:\/\/www.kasinobonus.ai\/es\/#\/schema\/logo\/image\/","url":"https:\/\/www.kasinobonus.ai\/wp-content\/uploads\/2023\/09\/kasinobonus-logo-light.png","contentUrl":"https:\/\/www.kasinobonus.ai\/wp-content\/uploads\/2023\/09\/kasinobonus-logo-light.png","width":3200,"height":596,"caption":"KasinoBonus"},"image":{"@id":"https:\/\/www.kasinobonus.ai\/es\/#\/schema\/logo\/image\/"},"sameAs":["https:\/\/www.facebook.com\/kasinobonusio\/","https:\/\/x.com\/Kasinobonus_io","https:\/\/www.linkedin.com\/in\/matti-slotte-26612033b","http:\/\/kasinobonus.wikidot.com\/system:welcome","https:\/\/www.trustpilot.com\/review\/www.kasinobonus.ai","https:\/\/orcid.org\/0009-0007-2889-1713","https:\/\/en.everybodywiki.com\/Matti_Slotte","https:\/\/www.immuniweb.com\/ssl\/kasinobonus.ai\/M4lqCqYY\/"]}]}},"_links":{"self":[{"href":"https:\/\/www.kasinobonus.ai\/es\/wp-json\/wp\/v2\/pages\/13945","targetHints":{"allow":["GET"]}}],"collection":[{"href":"https:\/\/www.kasinobonus.ai\/es\/wp-json\/wp\/v2\/pages"}],"about":[{"href":"https:\/\/www.kasinobonus.ai\/es\/wp-json\/wp\/v2\/types\/page"}],"author":[{"embeddable":true,"href":"https:\/\/www.kasinobonus.ai\/es\/wp-json\/wp\/v2\/users\/1"}],"replies":[{"embeddable":true,"href":"https:\/\/www.kasinobonus.ai\/es\/wp-json\/wp\/v2\/comments?post=13945"}],"version-history":[{"count":3,"href":"https:\/\/www.kasinobonus.ai\/es\/wp-json\/wp\/v2\/pages\/13945\/revisions"}],"predecessor-version":[{"id":30886,"href":"https:\/\/www.kasinobonus.ai\/es\/wp-json\/wp\/v2\/pages\/13945\/revisions\/30886"}],"wp:featuredmedia":[{"embeddable":true,"href":"https:\/\/www.kasinobonus.ai\/es\/wp-json\/wp\/v2\/media\/13927"}],"wp:attachment":[{"href":"https:\/\/www.kasinobonus.ai\/es\/wp-json\/wp\/v2\/media?parent=13945"}],"curies":[{"name":"wp","href":"https:\/\/api.w.org\/{rel}","templated":true}]}}