{"id":13700,"date":"2023-08-29T14:00:09","date_gmt":"2023-08-29T14:00:09","guid":{"rendered":"http:\/\/kasinobonus.ai.dedivirt842.your-server.de\/20-ilmaiskierrosta-ilman-talletusta\/"},"modified":"2025-06-22T20:43:38","modified_gmt":"2025-06-22T20:43:38","slug":"20-giros-gratis-sin-deposito","status":"publish","type":"page","link":"https:\/\/www.kasinobonus.ai\/es\/20-giros-gratis-sin-deposito\/","title":{"rendered":"20 Giros Gratis Sin Dep\u00f3sito"},"content":{"rendered":"\n<h1 class=\"wp-block-heading\">Las mejores 20 Tiradas Gratis Sin Dep\u00f3sito en el Espa\u00f1a <\/h1>\n\n\n\n<p>Cuando empec\u00e9 a jugar en l\u00ednea, recuerdo la incertidumbre que sent\u00eda al hacer un dep\u00f3sito con mi propio dinero real. Para empeorar las cosas, no ten\u00eda ni <em>idea <\/em>de qu\u00e9 bonos y promociones deb\u00eda solicitar y cu\u00e1les evitar. As\u00ed fue hasta que descubr\u00ed una bonificaci\u00f3n de 20 giros gratis sin dep\u00f3sito en el Espa\u00f1a, \u00a1una forma magn\u00edfica de familiarizarme con los juegos y, si ten\u00eda suerte, de conseguir ganancias reales!<\/p>\n\n\n\n<p>Hoy quiero mostrarte algunas de las mejores ofertas de 20 giros gratis sin dep\u00f3sito. Es la forma perfecta de sumergirse en el mundo de los casinos en l\u00ednea, especialmente si te da un poco de miedo hacer un dep\u00f3sito, como a m\u00ed.<\/p>\n\n\n\n<h2 class=\"wp-block-heading\">Casinos que Ofrecen Bonos de 20 Giros Gratis Sin Dep\u00f3sito en el 2025&nbsp;&nbsp;<\/h2>\n\n\n\n<p>Con tantos casinos en l\u00ednea que ofrecen bonos sin dep\u00f3sito, encontrar los que ofrecen condiciones justas y bonos que realmente puedes cobrar puede parecer dif\u00edcil. Afortunadamente para <em>ti<\/em>, he hecho todo lo dif\u00edcil por ti: echa un vistazo a algunas de mis selecciones preferidas a continuaci\u00f3n:<\/p>\n\n\n<p>[brand_table template=\u00bbtable_style_1.php\u00bb country=\u00bbES\u00bb bonus_type=\u00bbno_deposit\u00bb]<\/p>\n\n\n\n<p>Si alguna de estas ofertas despierta tu inter\u00e9s, simplemente pulsa el bot\u00f3n \u201cJugar ahora\u201d, crea una cuenta y tus 20 bonos de <a href=\"https:\/\/www.kasinobonus.ai\/es\/giros-gratis\/\">giros gratis sin dep\u00f3sito<\/a> llegar\u00e1n a tu cuenta en cuanto te registres.<\/p>\n\n\n\n<h2 class=\"wp-block-heading\">C\u00f3mo Evaluamos y Elegimos los Casinos&nbsp;&nbsp;<\/h2>\n\n\n\n<p>En KasinoBonus, no nos andamos con rodeos a la hora de elegir los mejores lugares para jugar. Nunca recomendamos casinos que tengan mala reputaci\u00f3n o que no tengan las licencias adecuadas. Tambi\u00e9n intentamos mostrarte s\u00f3lo casinos con una amplia gama de juegos, para que puedas disfrutar de todo, desde pokies y crupieres en vivo, hasta juegos de mesa de casino y todo lo dem\u00e1s.<\/p>\n\n\n\n<p><em>Tambi\u00e9n <\/em>depositamos y jugamos personalmente en todos los casinos que evaluamos. Esto nos permite ofrecerte una visi\u00f3n real y de primera mano de su funcionamiento y de lo que puedes esperar si juegas t\u00fa mismo.<\/p>\n\n\n\n<h2 class=\"wp-block-heading\">Los Mejores Juegos para Probar Tus 20 Giros Gratis&nbsp;&nbsp;<\/h2>\n\n\n\n<p>\u00a1Personalmente, me encantan las tragamonedas con temas entretenidos, mec\u00e1nicas \u00fanicas y un potencial de ganancias decente! No te puedes equivocar con las preferidas de los jugadores, como Starburst o Book of Dead y, \u00faltimamente, tambi\u00e9n he disfrutado mucho con los juegos de Nolimit City, como Mental y Nine-to-Five.<\/p>\n\n\n\n<h2 class=\"wp-block-heading\">Ventajas &amp; Inconvenientes<\/h2>\n\n\n\n<figure class=\"wp-block-image size-full\"><img decoding=\"async\" width=\"1000\" height=\"666\" src=\"https:\/\/www.kasinobonus.ai\/wp-content\/uploads\/2025\/06\/KB-Giros-Gratis.jpg\" alt=\"Giros Gratis\" class=\"wp-image-29771\" srcset=\"https:\/\/www.kasinobonus.ai\/wp-content\/uploads\/2025\/06\/KB-Giros-Gratis.jpg 1000w, https:\/\/www.kasinobonus.ai\/wp-content\/uploads\/2025\/06\/KB-Giros-Gratis-300x200.jpg 300w, https:\/\/www.kasinobonus.ai\/wp-content\/uploads\/2025\/06\/KB-Giros-Gratis-768x511.jpg 768w, https:\/\/www.kasinobonus.ai\/wp-content\/uploads\/2025\/06\/KB-Giros-Gratis-110x73.jpg 110w, https:\/\/www.kasinobonus.ai\/wp-content\/uploads\/2025\/06\/KB-Giros-Gratis-575x383.jpg 575w\" sizes=\"(max-width: 1000px) 100vw, 1000px\" \/><\/figure>\n\n\n\n<div class=\"wp-block-columns is-layout-flex wp-container-core-columns-is-layout-28f84493 wp-block-columns-is-layout-flex\">\n<div class=\"wp-block-column is-layout-flow wp-block-column-is-layout-flow\">\n<h3 class=\"wp-block-heading\">\u2705 Ventajas<\/h3>\n\n\n\n<ul class=\"wp-block-list\">\n<li>\u2705 Pruebe las tragamonedas sin arriesgar su propio dinero<\/li>\n\n\n\n<li>\u2705 Ofertas sin dep\u00f3sito disponibles en muchos casinos<\/li>\n\n\n\n<li>\u2705 Oportunidad de ganar dinero real sin inversi\u00f3n<\/li>\n\n\n\n<li>\u2705 Buena manera de explorar nuevos juegos y proveedores<\/li>\n\n\n\n<li>\u2705 \u00datil para aprender c\u00f3mo funciona la mec\u00e1nica de las tragamonedas<\/li>\n<\/ul>\n<\/div>\n\n\n\n<div class=\"wp-block-column is-layout-flow wp-block-column-is-layout-flow\">\n<h3 class=\"wp-block-heading\">\u274c Desventajas<\/h3>\n\n\n\n<ul class=\"wp-block-list\">\n<li>\u274c Requisitos de apuesta antes del retiro<\/li>\n\n\n\n<li>\u274c A menudo limitado solo a franjas horarias espec\u00edficas<\/li>\n\n\n\n<li>\u274c Se aplican l\u00edmites m\u00e1ximos de ganancias o retiros<\/li>\n\n\n\n<li>\u274c Los giros gratuitos suelen caducar entre 24 y 72 horas<\/li>\n\n\n\n<li>\u274c Los t\u00e9rminos de bonificaci\u00f3n pueden ser estrictos o confusos<\/li>\n<\/ul>\n<\/div>\n<\/div>\n\n\n\n<h2 class=\"wp-block-heading\">Tragamonedas populares con bono de giros gratis<\/h2>\n\n\n\n<figure class=\"wp-block-table\"><table class=\"has-fixed-layout\"><thead><tr><th>Tragamonedas populares<\/th><th>Proveedor del juego<\/th><th>Giros gratis (bono)<\/th><th>RTP<\/th><th>Casino<\/th><\/tr><\/thead><tbody><tr><td>Sweet\u202fBonanza<\/td><td>Pragmatic\u202fPlay<\/td><td>20 giros gratis<\/td><td>96,51\u202f%<\/td><td>Rollino<\/td><\/tr><tr><td>Book\u202fof\u202fMuseum<\/td><td>GameArt<\/td><td>25 giros gratis<\/td><td>96,10\u202f%<\/td><td>Horus Casino<\/td><\/tr><tr><td>Angry\u202fDogs<\/td><td>GameArt<\/td><td>25 giros gratis<\/td><td>96,36\u202f%<\/td><td>Kryptosino<\/td><\/tr><tr><td>Hollywoof<\/td><td>GameArt<\/td><td>25 giros gratis<\/td><td>96,10\u202f%<\/td><td>Vegaz Casino<\/td><\/tr><tr><td>Sweet\u202fBonanza<\/td><td>Pragmatic\u202fPlay<\/td><td>30 giros gratis<\/td><td>96,51\u202f%<\/td><td>Megapari<\/td><\/tr><tr><td>Book\u202fof\u202fDead<\/td><td>Play\u2019n\u202fGO<\/td><td>25 giros gratis<\/td><td>96,21\u202f%<\/td><td>BetMaximus<\/td><\/tr><tr><td>Ruby Win \u2013 Hold the Spin<\/td><td>Gamzix<\/td><td>25 giros gratis<\/td><td>96,00\u202f%<\/td><td>LevelUp Casino<\/td><\/tr><tr><td>Joker Stoker<\/td><td>Endorphina<\/td><td>100 giros gratis<\/td><td>96,00\u202f%<\/td><td>BetFury<\/td><\/tr><tr><td>Bastet and Cats<\/td><td>Betfury<\/td><td>100 giros gratis<\/td><td>96,20\u202f%<\/td><td>BetFury<\/td><\/tr><tr><td>Doors Of Fresh<\/td><td>BGaming<\/td><td>50 giros gratis<\/td><td>96,85\u202f%<\/td><td>Fresh Casino<\/td><\/tr><tr><td>Gates of Olympus<\/td><td>Pragmatic\u202fPlay<\/td><td>50 giros gratis<\/td><td>96,50\u202f%<\/td><td>Campeonbet<\/td><\/tr><tr><td>Alien Fruits<\/td><td>BGaming<\/td><td>50 giros gratis<\/td><td>97,00\u202f%<\/td><td>Drip Casino<\/td><\/tr><\/tbody><\/table><\/figure>\n\n\n\n<h2 class=\"wp-block-heading\" id=\"tw-target-text\">Recursos sobre juego responsable<\/h2>\n\n\n\n<ul class=\"wp-block-list\">\n<li><a href=\"https:\/\/www.jugarbien.es\">https:\/\/www.jugarbien.es<\/a><\/li>\n\n\n\n<li><a href=\"https:\/\/www.ordenacionjuego.gob.es\">https:\/\/www.ordenacionjuego.gob.es<\/a> <\/li>\n\n\n\n<li><a href=\"https:\/\/fejar.org\/\">https:\/\/fejar.org\/<\/a>  <\/li>\n\n\n\n<li><a href=\"https:\/\/www.juegoesresponsable.org\/\">https:\/\/www.juegoesresponsable.org\/<\/a><\/li>\n<\/ul>\n","protected":false},"excerpt":{"rendered":"<p>Las mejores 20 Tiradas Gratis Sin Dep\u00f3sito en el Espa\u00f1a Cuando empec\u00e9 a jugar en l\u00ednea, recuerdo la incertidumbre que sent\u00eda al hacer un dep\u00f3sito con mi propio dinero real. Para empeorar las cosas, no ten\u00eda ni idea de qu\u00e9 bonos y promociones deb\u00eda solicitar y cu\u00e1les evitar. As\u00ed fue hasta que descubr\u00ed una bonificaci\u00f3n [&hellip;]<\/p>\n","protected":false},"author":1,"featured_media":13702,"parent":0,"menu_order":0,"comment_status":"open","ping_status":"closed","template":"","meta":{"inline_featured_image":false,"footnotes":""},"class_list":["post-13700","page","type-page","status-publish","has-post-thumbnail","hentry"],"yoast_head":"<!-- This site is optimized with the Yoast SEO plugin v24.5 - https:\/\/yoast.com\/wordpress\/plugins\/seo\/ -->\n<title>20 Giros Gratis Sin Dep\u00f3sito 2025 - www.kasinobonus.ai<\/title>\n<meta name=\"description\" content=\"\u00a1Consigue tus 20 giros gratis sin dep\u00f3sito 2025 y comienza una aventura en los casinos que recomendamos! \u00a1Buena suerte en tu viaje!\" \/>\n<meta name=\"robots\" content=\"index, follow, max-snippet:-1, max-image-preview:large, max-video-preview:-1\" \/>\n<link rel=\"canonical\" href=\"https:\/\/www.kasinobonus.ai\/es\/20-giros-gratis-sin-deposito\/\" \/>\n<script type=\"application\/ld+json\" class=\"yoast-schema-graph\">{\"@context\":\"https:\/\/schema.org\",\"@graph\":[{\"@type\":\"WebPage\",\"@id\":\"https:\/\/www.kasinobonus.ai\/es\/20-giros-gratis-sin-deposito\/\",\"url\":\"https:\/\/www.kasinobonus.ai\/es\/20-giros-gratis-sin-deposito\/\",\"name\":\"20 Giros Gratis Sin Dep\u00f3sito 2025 - www.kasinobonus.ai\",\"isPartOf\":{\"@id\":\"https:\/\/www.kasinobonus.ai\/es\/#website\"},\"primaryImageOfPage\":{\"@id\":\"https:\/\/www.kasinobonus.ai\/es\/20-giros-gratis-sin-deposito\/#primaryimage\"},\"image\":{\"@id\":\"https:\/\/www.kasinobonus.ai\/es\/20-giros-gratis-sin-deposito\/#primaryimage\"},\"thumbnailUrl\":\"https:\/\/www.kasinobonus.ai\/wp-content\/uploads\/2024\/01\/20_Tiradas_Gratis.jpg\",\"datePublished\":\"2023-08-29T14:00:09+00:00\",\"dateModified\":\"2025-06-22T20:43:38+00:00\",\"description\":\"\u00a1Consigue tus 20 giros gratis sin dep\u00f3sito 2025 y comienza una aventura en los casinos que recomendamos! \u00a1Buena suerte en tu viaje!\",\"breadcrumb\":{\"@id\":\"https:\/\/www.kasinobonus.ai\/es\/20-giros-gratis-sin-deposito\/#breadcrumb\"},\"inLanguage\":\"es\",\"potentialAction\":[{\"@type\":\"ReadAction\",\"target\":[\"https:\/\/www.kasinobonus.ai\/es\/20-giros-gratis-sin-deposito\/\"]}]},{\"@type\":\"ImageObject\",\"inLanguage\":\"es\",\"@id\":\"https:\/\/www.kasinobonus.ai\/es\/20-giros-gratis-sin-deposito\/#primaryimage\",\"url\":\"https:\/\/www.kasinobonus.ai\/wp-content\/uploads\/2024\/01\/20_Tiradas_Gratis.jpg\",\"contentUrl\":\"https:\/\/www.kasinobonus.ai\/wp-content\/uploads\/2024\/01\/20_Tiradas_Gratis.jpg\",\"width\":1200,\"height\":628,\"caption\":\"20 Tiradas Gratis\"},{\"@type\":\"BreadcrumbList\",\"@id\":\"https:\/\/www.kasinobonus.ai\/es\/20-giros-gratis-sin-deposito\/#breadcrumb\",\"itemListElement\":[{\"@type\":\"ListItem\",\"position\":1,\"name\":\"Home\",\"item\":\"https:\/\/kasinobonus.ai\/es\/\"},{\"@type\":\"ListItem\",\"position\":2,\"name\":\"20 Giros Gratis Sin Dep\u00f3sito\"}]},{\"@type\":\"WebSite\",\"@id\":\"https:\/\/www.kasinobonus.ai\/es\/#website\",\"url\":\"https:\/\/www.kasinobonus.ai\/es\/\",\"name\":\"www.kasinobonus.ai\",\"description\":\"\",\"publisher\":{\"@id\":\"https:\/\/www.kasinobonus.ai\/es\/#organization\"},\"potentialAction\":[{\"@type\":\"SearchAction\",\"target\":{\"@type\":\"EntryPoint\",\"urlTemplate\":\"https:\/\/www.kasinobonus.ai\/es\/?s={search_term_string}\"},\"query-input\":{\"@type\":\"PropertyValueSpecification\",\"valueRequired\":true,\"valueName\":\"search_term_string\"}}],\"inLanguage\":\"es\"},{\"@type\":\"Organization\",\"@id\":\"https:\/\/www.kasinobonus.ai\/es\/#organization\",\"name\":\"KasinoBonus\",\"alternateName\":\"KasinoBonusAI\",\"url\":\"https:\/\/www.kasinobonus.ai\/es\/\",\"logo\":{\"@type\":\"ImageObject\",\"inLanguage\":\"es\",\"@id\":\"https:\/\/www.kasinobonus.ai\/es\/#\/schema\/logo\/image\/\",\"url\":\"https:\/\/www.kasinobonus.ai\/wp-content\/uploads\/2023\/09\/kasinobonus-logo-light.png\",\"contentUrl\":\"https:\/\/www.kasinobonus.ai\/wp-content\/uploads\/2023\/09\/kasinobonus-logo-light.png\",\"width\":3200,\"height\":596,\"caption\":\"KasinoBonus\"},\"image\":{\"@id\":\"https:\/\/www.kasinobonus.ai\/es\/#\/schema\/logo\/image\/\"},\"sameAs\":[\"https:\/\/www.facebook.com\/kasinobonusio\/\",\"https:\/\/x.com\/Kasinobonus_io\",\"https:\/\/www.linkedin.com\/in\/matti-slotte-26612033b\",\"http:\/\/kasinobonus.wikidot.com\/system:welcome\",\"https:\/\/www.trustpilot.com\/review\/www.kasinobonus.ai\",\"https:\/\/orcid.org\/0009-0007-2889-1713\",\"https:\/\/en.everybodywiki.com\/Matti_Slotte\",\"https:\/\/www.immuniweb.com\/ssl\/kasinobonus.ai\/M4lqCqYY\/\"]}]}<\/script>\n<!-- \/ Yoast SEO plugin. -->","yoast_head_json":{"title":"20 Giros Gratis Sin Dep\u00f3sito 2025 - www.kasinobonus.ai","description":"\u00a1Consigue tus 20 giros gratis sin dep\u00f3sito 2025 y comienza una aventura en los casinos que recomendamos! \u00a1Buena suerte en tu viaje!","robots":{"index":"index","follow":"follow","max-snippet":"max-snippet:-1","max-image-preview":"max-image-preview:large","max-video-preview":"max-video-preview:-1"},"canonical":"https:\/\/www.kasinobonus.ai\/es\/20-giros-gratis-sin-deposito\/","schema":{"@context":"https:\/\/schema.org","@graph":[{"@type":"WebPage","@id":"https:\/\/www.kasinobonus.ai\/es\/20-giros-gratis-sin-deposito\/","url":"https:\/\/www.kasinobonus.ai\/es\/20-giros-gratis-sin-deposito\/","name":"20 Giros Gratis Sin Dep\u00f3sito 2025 - www.kasinobonus.ai","isPartOf":{"@id":"https:\/\/www.kasinobonus.ai\/es\/#website"},"primaryImageOfPage":{"@id":"https:\/\/www.kasinobonus.ai\/es\/20-giros-gratis-sin-deposito\/#primaryimage"},"image":{"@id":"https:\/\/www.kasinobonus.ai\/es\/20-giros-gratis-sin-deposito\/#primaryimage"},"thumbnailUrl":"https:\/\/www.kasinobonus.ai\/wp-content\/uploads\/2024\/01\/20_Tiradas_Gratis.jpg","datePublished":"2023-08-29T14:00:09+00:00","dateModified":"2025-06-22T20:43:38+00:00","description":"\u00a1Consigue tus 20 giros gratis sin dep\u00f3sito 2025 y comienza una aventura en los casinos que recomendamos! \u00a1Buena suerte en tu viaje!","breadcrumb":{"@id":"https:\/\/www.kasinobonus.ai\/es\/20-giros-gratis-sin-deposito\/#breadcrumb"},"inLanguage":"es","potentialAction":[{"@type":"ReadAction","target":["https:\/\/www.kasinobonus.ai\/es\/20-giros-gratis-sin-deposito\/"]}]},{"@type":"ImageObject","inLanguage":"es","@id":"https:\/\/www.kasinobonus.ai\/es\/20-giros-gratis-sin-deposito\/#primaryimage","url":"https:\/\/www.kasinobonus.ai\/wp-content\/uploads\/2024\/01\/20_Tiradas_Gratis.jpg","contentUrl":"https:\/\/www.kasinobonus.ai\/wp-content\/uploads\/2024\/01\/20_Tiradas_Gratis.jpg","width":1200,"height":628,"caption":"20 Tiradas Gratis"},{"@type":"BreadcrumbList","@id":"https:\/\/www.kasinobonus.ai\/es\/20-giros-gratis-sin-deposito\/#breadcrumb","itemListElement":[{"@type":"ListItem","position":1,"name":"Home","item":"https:\/\/kasinobonus.ai\/es\/"},{"@type":"ListItem","position":2,"name":"20 Giros Gratis Sin Dep\u00f3sito"}]},{"@type":"WebSite","@id":"https:\/\/www.kasinobonus.ai\/es\/#website","url":"https:\/\/www.kasinobonus.ai\/es\/","name":"www.kasinobonus.ai","description":"","publisher":{"@id":"https:\/\/www.kasinobonus.ai\/es\/#organization"},"potentialAction":[{"@type":"SearchAction","target":{"@type":"EntryPoint","urlTemplate":"https:\/\/www.kasinobonus.ai\/es\/?s={search_term_string}"},"query-input":{"@type":"PropertyValueSpecification","valueRequired":true,"valueName":"search_term_string"}}],"inLanguage":"es"},{"@type":"Organization","@id":"https:\/\/www.kasinobonus.ai\/es\/#organization","name":"KasinoBonus","alternateName":"KasinoBonusAI","url":"https:\/\/www.kasinobonus.ai\/es\/","logo":{"@type":"ImageObject","inLanguage":"es","@id":"https:\/\/www.kasinobonus.ai\/es\/#\/schema\/logo\/image\/","url":"https:\/\/www.kasinobonus.ai\/wp-content\/uploads\/2023\/09\/kasinobonus-logo-light.png","contentUrl":"https:\/\/www.kasinobonus.ai\/wp-content\/uploads\/2023\/09\/kasinobonus-logo-light.png","width":3200,"height":596,"caption":"KasinoBonus"},"image":{"@id":"https:\/\/www.kasinobonus.ai\/es\/#\/schema\/logo\/image\/"},"sameAs":["https:\/\/www.facebook.com\/kasinobonusio\/","https:\/\/x.com\/Kasinobonus_io","https:\/\/www.linkedin.com\/in\/matti-slotte-26612033b","http:\/\/kasinobonus.wikidot.com\/system:welcome","https:\/\/www.trustpilot.com\/review\/www.kasinobonus.ai","https:\/\/orcid.org\/0009-0007-2889-1713","https:\/\/en.everybodywiki.com\/Matti_Slotte","https:\/\/www.immuniweb.com\/ssl\/kasinobonus.ai\/M4lqCqYY\/"]}]}},"_links":{"self":[{"href":"https:\/\/www.kasinobonus.ai\/es\/wp-json\/wp\/v2\/pages\/13700","targetHints":{"allow":["GET"]}}],"collection":[{"href":"https:\/\/www.kasinobonus.ai\/es\/wp-json\/wp\/v2\/pages"}],"about":[{"href":"https:\/\/www.kasinobonus.ai\/es\/wp-json\/wp\/v2\/types\/page"}],"author":[{"embeddable":true,"href":"https:\/\/www.kasinobonus.ai\/es\/wp-json\/wp\/v2\/users\/1"}],"replies":[{"embeddable":true,"href":"https:\/\/www.kasinobonus.ai\/es\/wp-json\/wp\/v2\/comments?post=13700"}],"version-history":[{"count":3,"href":"https:\/\/www.kasinobonus.ai\/es\/wp-json\/wp\/v2\/pages\/13700\/revisions"}],"predecessor-version":[{"id":30877,"href":"https:\/\/www.kasinobonus.ai\/es\/wp-json\/wp\/v2\/pages\/13700\/revisions\/30877"}],"wp:featuredmedia":[{"embeddable":true,"href":"https:\/\/www.kasinobonus.ai\/es\/wp-json\/wp\/v2\/media\/13702"}],"wp:attachment":[{"href":"https:\/\/www.kasinobonus.ai\/es\/wp-json\/wp\/v2\/media?parent=13700"}],"curies":[{"name":"wp","href":"https:\/\/api.w.org\/{rel}","templated":true}]}}