{"id":13526,"date":"2023-08-29T13:49:51","date_gmt":"2023-08-29T13:49:51","guid":{"rendered":"http:\/\/kasinobonus.ai.dedivirt842.your-server.de\/ilmaiskierrokset\/"},"modified":"2025-07-26T13:08:47","modified_gmt":"2025-07-26T13:08:47","slug":"giros-gratis","status":"publish","type":"page","link":"https:\/\/www.kasinobonus.ai\/es\/giros-gratis\/","title":{"rendered":"Giros Gratis"},"content":{"rendered":"\n<h1 class=\"wp-block-heading\">Giros Gratis Sin Dep\u00f3sito em Espa\u00f1a<\/h1>\n\n\n\n<p>Si est\u00e1s buscando las mejores ofertas de giros gratis en el Espa\u00f1a, \u00a1has llegado al lugar adecuado! Hoy en d\u00eda, los casinos ofrecen giros gratis con <em>mucha frecuencia<\/em>, lo que te permite probar las mejores tragamonedas nuevas sin arriesgar nada (o mucho) de \u00a1tu propio dinero!<\/p>\n\n\n\n<p>As\u00ed que, tanto si eres un jugador experimentado que quiere maximizar sus bonos potenciales, como si eres un cliente nuevo que quiere reclamar algunos giros gratis antes de hacer un dep\u00f3sito real, \u00a1esta p\u00e1gina es para ti!<\/p>\n\n\n\n<h2 class=\"wp-block-heading\">Los Mejores Casinos de Giros Gratis Sin Dep\u00f3sito en 2025<\/h2>\n\n\n\n<p>Reclamar giros gratis es f\u00e1cil, todo lo que tienes que hacer es registrarte en uno de los casinos que aparecen a continuaci\u00f3n, \u00a1y podr\u00e1s reclamar algunas promociones de giros gratis realmente generosas! Algunos de estos bonos pueden requerir que realices un dep\u00f3sito, \u00a1mientras que otros te permiten reclamar giros gratis!<\/p>\n\n\n<p>[brand_table template=\u00bbtable_style_1.php\u00bb country=\u00bbES\u00bb bonus_type=\u00bbno_deposit\u00bb]<\/p>\n\n\n\n<p>Si encuentras un casino (o una promoci\u00f3n de giros gratis) que te guste, simplemente pulsa el bot\u00f3n \u201cJugar ahora\u201d \u00a1y acceder\u00e1s directamente a la p\u00e1gina de registro del casino!<\/p>\n\n\n\n<h2 class=\"wp-block-heading\">C\u00f3mo Evaluamos los Casinos<\/h2>\n\n\n\n<p>Aqu\u00ed en KasinoBonus, tenemos un riguroso proceso de revisi\u00f3n, dise\u00f1ado para asegurar que todos los casinos que revisamos son retratados con precisi\u00f3n y honestidad a nuestros lectores. Cuando un miembro del equipo o yo mismo escribimos una rese\u00f1a sobre un casino, siempre empezamos por registrarnos y hacer un dep\u00f3sito con dinero real. Esto nos permite hacernos una idea real de c\u00f3mo funciona el casino y nos diferencia de la gran mayor\u00eda de los dem\u00e1s sitios de an\u00e1lisis.<\/p>\n\n\n\n<p>Siempre nos aseguramos de que los casinos que revisamos tengan licencias v\u00e1lidas de iGaming, y tambi\u00e9n investigamos los antecedentes y la historia del sitio, asegur\u00e1ndonos de que cualquier sitio que recomendamos tenga una buena reputaci\u00f3n y un historial probado de trato justo a sus jugadores. Para los jugadores que buscan una experiencia sin riesgos, recomendamos explorar la secci\u00f3n de Tragamonedas Gratis, donde pueden disfrutar de los mejores t\u00edtulos sin necesidad de dep\u00f3sito.<\/p>\n\n\n\n<h2 class=\"wp-block-heading\">C\u00f3mo Funcionan los Giros Gratis<\/h2>\n\n\n\n<p>Los giros gratis te permiten hacer girar los rodillos de una tragamonedas sin utilizar tu propio dinero. Los casinos los ofrecen como parte de promociones, a veces sin dep\u00f3sito, otras veces como parte de otra promoci\u00f3n, como un bono de bienvenida. Puedes encontrar algunas de las mejores ofertas en nuestra secci\u00f3n de <a href=\"https:\/\/www.kasinobonus.ai\/es\/giros-gratis-sin-apuestas\/\">Giros Gratis Sin Apuestas<\/a>.<\/p>\n\n\n\n<p>Ahora bien, una vez que los reclamas, estos giros se utilizan en juegos de tragamonedas espec\u00edficos elegidos por el casino. Las ganancias de los giros gratis suelen abonarse como fondos de bonificaci\u00f3n, aunque algunos casinos ofrecen giros sin apuesta, lo que significa que las ganancias pueden retirarse en efectivo.<\/p>\n\n\n\n<h2 class=\"wp-block-heading\">Tipos de Giros Gratis<\/h2>\n\n\n\n<p>Los giros gratis pueden ser de varios tipos, cada uno con sus propias ventajas y condiciones. Comprender estas variaciones puede ayudarte a elegir las mejores ofertas y maximizar tus ganancias.<\/p>\n\n\n\n<h3 class=\"wp-block-heading\">Giros Gratis Sin Dep\u00f3sito<\/h3>\n\n\n\n<p>Uno de los tipos m\u00e1s populares de giros gratis es la oferta de Giros Gratis Sin Dep\u00f3sito. Se ofrecen a los jugadores simplemente por registrarse en un casino, sin necesidad de depositar dinero. Dado que puedes jugar y ganar dinero real sin arriesgar tus propios fondos, estas promociones son perfectas para los nuevos jugadores que quieran probar un nuevo casino o juego sin riesgo.<\/p>\n\n\n\n<p>Algunas de las mejores opciones incluyen:<\/p>\n\n\n\n<ul class=\"wp-block-list\">\n<li><a href=\"https:\/\/www.kasinobonus.ai\/es\/10-tiradas-gratis-sin-deposito\/\">10 Giros Gratis Sin Dep\u00f3sito<\/a><\/li>\n\n\n\n<li><a href=\"https:\/\/www.kasinobonus.ai\/es\/20-giros-gratis-sin-deposito\/\">20 Giros Gratis Sin Dep\u00f3sito<\/a><\/li>\n\n\n\n<li><a href=\"https:\/\/www.kasinobonus.ai\/es\/25-giros-gratis-sin-deposito\/\">25 Giros Gratis Sin Dep\u00f3sito<\/a><\/li>\n\n\n\n<li><a href=\"https:\/\/www.kasinobonus.ai\/es\/30-giros-gratis-sin-deposito\/\">30 Giros Gratis Sin Dep\u00f3sito<\/a><\/li>\n\n\n\n<li><a href=\"https:\/\/www.kasinobonus.ai\/es\/40-giros-gratis-sin-deposito\/\">40 Giros Gratis Sin Dep\u00f3sito<\/a><\/li>\n\n\n\n<li><a href=\"https:\/\/www.kasinobonus.ai\/es\/50-giros-gratis-sin-deposito\/\">50 Giros Gratis Sin Dep\u00f3sito<\/a><\/li>\n<\/ul>\n\n\n\n<p>Si buscas a\u00fan m\u00e1s giros, tambi\u00e9n puedes encontrar promociones con mayores cantidades:<\/p>\n\n\n\n<ul class=\"wp-block-list\">\n<li><a href=\"https:\/\/www.kasinobonus.ai\/es\/60-giros-gratis-sin-deposito\/\">60 Giros Gratis Sin Dep\u00f3sito<\/a><\/li>\n\n\n\n<li><a href=\"https:\/\/www.kasinobonus.ai\/es\/100-giros-gratis-sin-deposito\/\">100 Giros Gratis Sin Dep\u00f3sito<\/a><\/li>\n\n\n\n<li><a href=\"https:\/\/www.kasinobonus.ai\/es\/200-giros-gratis-sin-deposito\/\">200 Giros Gratis Sin Dep\u00f3sito<\/a><\/li>\n\n\n\n<li><a href=\"https:\/\/www.kasinobonus.ai\/es\/500-giros-gratis-sin-deposito\/\">500 Giros Gratis Sin Dep\u00f3sito<\/a><\/li>\n<\/ul>\n\n\n\n<h3 class=\"wp-block-heading\">Giros Gratis al Registrarse<\/h3>\n\n\n\n<p>Algunos casinos ofrecen giros gratis en el momento de registrarse. Son similares a los giros gratis sin dep\u00f3sito, pero es posible que tengas que verificar tu cuenta por correo electr\u00f3nico, tel\u00e9fono o DNI antes de recibirlos.<\/p>\n\n\n\n<h3 class=\"wp-block-heading\">Giros Gratis Con Dep\u00f3sito<\/h3>\n\n\n\n<p>A diferencia de los giros gratis sin dep\u00f3sito, estos requieren que realices un dep\u00f3sito para recibir los giros. La ventaja es que suelen ser de mayor cuant\u00eda. Mientras que los giros sin dep\u00f3sito pueden darte s\u00f3lo 10 o 20, los giros gratis con dep\u00f3sito pueden llegar hasta 500.<\/p>\n\n\n\n<h3 class=\"wp-block-heading\">Giros Gratis Sin Apuestas<\/h3>\n\n\n\n<p>Como ya hemos mencionado, a veces se ofrecen <a href=\"https:\/\/www.kasinobonus.ai\/es\/giros-gratis-sin-apuestas\/\">Giros Gratis Sin Apuestas<\/a>. Estos giros no tienen requisitos de apuesta, por lo que las ganancias se acreditan a tu saldo como dinero real, listo para ser retirado.<\/p>\n\n\n\n<h2 class=\"wp-block-heading\">T\u00e9rminos y Condiciones de los Giros Gratis<\/h2>\n\n\n\n<p>Antes de reclamar cualquier oferta de giros gratis, es muy importante leer y comprender los t\u00e9rminos y condiciones. Algunas de las condiciones m\u00e1s habituales incluyen:<\/p>\n\n\n\n<h3 class=\"wp-block-heading\">Requisitos de Apuesta<\/h3>\n\n\n\n<p>Se refiere al n\u00famero de veces que debes apostar tus ganancias antes de poder retirarlas. Por ejemplo, si ganas 10\u00a3 con tus giros gratis y el requisito de apuesta es de 35x, tendr\u00e1s que hacer apuestas por un total de 350\u00a3 antes de poder cobrar.<\/p>\n\n\n\n<h3 class=\"wp-block-heading\">Restricciones de Juego<\/h3>\n\n\n\n<p>No todos los juegos de tragamonedas son elegibles para los giros gratis. La mayor\u00eda de los casinos especifican las tragamonedas exactas en las que puedes utilizarlos.<\/p>\n\n\n\n<h3 class=\"wp-block-heading\">Fechas de Caducidad<\/h3>\n\n\n\n<p>Los giros gratis no duran para siempre. La mayor\u00eda de los casinos imponen un l\u00edmite de tiempo, que puede oscilar entre 24 horas y unos d\u00edas.<\/p>\n\n\n\n<h3 class=\"wp-block-heading\">L\u00edmites M\u00e1ximos de Retirada<\/h3>\n\n\n\n<p>Muchas promociones de giros gratis, especialmente las que no requieren dep\u00f3sito, limitan la cantidad de dinero que puedes ganar con ellas.<\/p>\n\n\n\n<h3 class=\"wp-block-heading\">Requisitos de Dep\u00f3sito para Retiradas<\/h3>\n\n\n\n<p>En algunos casos, aunque reclames giros gratis sin dep\u00f3sito, es posible que tengas que hacer un peque\u00f1o dep\u00f3sito antes de retirar tus ganancias. El dep\u00f3sito m\u00ednimo requerido suele ser de tan s\u00f3lo 5 \u00f3 10 libras.<\/p>\n\n\n\n<h2 class=\"wp-block-heading\">Tragamonedas populares con bono de giros gratis<\/h2>\n\n\n\n<figure class=\"wp-block-table\"><table class=\"has-fixed-layout\"><thead><tr><th>Tragamonedas populares<\/th><th>Proveedor del juego<\/th><th>Giros gratis (bono)<\/th><th>RTP<\/th><th>Casino<\/th><\/tr><\/thead><tbody><tr><td>Sweet\u202fBonanza<\/td><td>Pragmatic\u202fPlay<\/td><td>20 giros gratis<\/td><td>96,51\u202f%<\/td><td>Rollino<\/td><\/tr><tr><td>Book\u202fof\u202fMuseum<\/td><td>GameArt<\/td><td>25 giros gratis<\/td><td>96,10\u202f%<\/td><td>Horus Casino<\/td><\/tr><tr><td>Angry\u202fDogs<\/td><td>GameArt<\/td><td>25 giros gratis<\/td><td>96,36\u202f%<\/td><td>Kryptosino<\/td><\/tr><tr><td>Hollywoof<\/td><td>GameArt<\/td><td>25 giros gratis<\/td><td>96,10\u202f%<\/td><td>Vegaz Casino<\/td><\/tr><tr><td>Sweet\u202fBonanza<\/td><td>Pragmatic\u202fPlay<\/td><td>30 giros gratis<\/td><td>96,51\u202f%<\/td><td>Megapari<\/td><\/tr><tr><td>Book\u202fof\u202fDead<\/td><td>Play\u2019n\u202fGO<\/td><td>25 giros gratis<\/td><td>96,21\u202f%<\/td><td>BetMaximus<\/td><\/tr><tr><td>Ruby Win \u2013 Hold the Spin<\/td><td>Gamzix<\/td><td>25 giros gratis<\/td><td>96,00\u202f%<\/td><td>LevelUp Casino<\/td><\/tr><tr><td>Joker Stoker<\/td><td>Endorphina<\/td><td>100 giros gratis<\/td><td>96,00\u202f%<\/td><td>BetFury<\/td><\/tr><tr><td>Bastet and Cats<\/td><td>Betfury<\/td><td>100 giros gratis<\/td><td>96,20\u202f%<\/td><td>BetFury<\/td><\/tr><tr><td>Doors Of Fresh<\/td><td>BGaming<\/td><td>50 giros gratis<\/td><td>96,85\u202f%<\/td><td>Fresh Casino<\/td><\/tr><tr><td>Gates of Olympus<\/td><td>Pragmatic\u202fPlay<\/td><td>50 giros gratis<\/td><td>96,50\u202f%<\/td><td>Campeonbet<\/td><\/tr><tr><td>Alien Fruits<\/td><td>BGaming<\/td><td>50 giros gratis<\/td><td>97,00\u202f%<\/td><td>Drip Casino<\/td><\/tr><\/tbody><\/table><\/figure>\n\n\n\n<h2 class=\"wp-block-heading\">Ventajas &amp; Inconvenientes<\/h2>\n\n\n\n<figure class=\"wp-block-image size-full\"><img decoding=\"async\" width=\"1000\" height=\"666\" src=\"https:\/\/www.kasinobonus.ai\/wp-content\/uploads\/2025\/06\/KB-Giros-Gratis.jpg\" alt=\"Giros Gratis\" class=\"wp-image-29771\" srcset=\"https:\/\/www.kasinobonus.ai\/wp-content\/uploads\/2025\/06\/KB-Giros-Gratis.jpg 1000w, https:\/\/www.kasinobonus.ai\/wp-content\/uploads\/2025\/06\/KB-Giros-Gratis-300x200.jpg 300w, https:\/\/www.kasinobonus.ai\/wp-content\/uploads\/2025\/06\/KB-Giros-Gratis-768x511.jpg 768w, https:\/\/www.kasinobonus.ai\/wp-content\/uploads\/2025\/06\/KB-Giros-Gratis-110x73.jpg 110w, https:\/\/www.kasinobonus.ai\/wp-content\/uploads\/2025\/06\/KB-Giros-Gratis-575x383.jpg 575w\" sizes=\"(max-width: 1000px) 100vw, 1000px\" \/><\/figure>\n\n\n\n<div class=\"wp-block-columns is-layout-flex wp-container-core-columns-is-layout-28f84493 wp-block-columns-is-layout-flex\">\n<div class=\"wp-block-column is-layout-flow wp-block-column-is-layout-flow\">\n<h3 class=\"wp-block-heading\">\u2705 Ventajas<\/h3>\n\n\n\n<ul class=\"wp-block-list\">\n<li>\u2705 Pruebe las tragamonedas sin arriesgar su propio dinero<\/li>\n\n\n\n<li>\u2705 Ofertas sin dep\u00f3sito disponibles en muchos casinos<\/li>\n\n\n\n<li>\u2705 Oportunidad de ganar dinero real sin inversi\u00f3n<\/li>\n\n\n\n<li>\u2705 Buena manera de explorar nuevos juegos y proveedores<\/li>\n\n\n\n<li>\u2705 \u00datil para aprender c\u00f3mo funciona la mec\u00e1nica de las tragamonedas<\/li>\n<\/ul>\n<\/div>\n\n\n\n<div class=\"wp-block-column is-layout-flow wp-block-column-is-layout-flow\">\n<h3 class=\"wp-block-heading\">\u274c Desventajas<\/h3>\n\n\n\n<ul class=\"wp-block-list\">\n<li>\u274c Requisitos de apuesta antes del retiro<\/li>\n\n\n\n<li>\u274c A menudo limitado solo a franjas horarias espec\u00edficas<\/li>\n\n\n\n<li>\u274c Se aplican l\u00edmites m\u00e1ximos de ganancias o retiros<\/li>\n\n\n\n<li>\u274c Los giros gratuitos suelen caducar entre 24 y 72 horas<\/li>\n\n\n\n<li>\u274c Los t\u00e9rminos de bonificaci\u00f3n pueden ser estrictos o confusos<\/li>\n<\/ul>\n<\/div>\n<\/div>\n\n\n\n<h2 class=\"wp-block-heading\" id=\"tw-target-text\">Recursos sobre juego responsable<\/h2>\n\n\n\n<ul class=\"wp-block-list\">\n<li><a href=\"https:\/\/www.jugarbien.es\">https:\/\/www.jugarbien.es<\/a><\/li>\n\n\n\n<li><a href=\"https:\/\/www.ordenacionjuego.gob.es\">https:\/\/www.ordenacionjuego.gob.es<\/a> <\/li>\n\n\n\n<li><a href=\"https:\/\/fejar.org\/\">https:\/\/fejar.org\/<\/a>  <\/li>\n\n\n\n<li><a href=\"https:\/\/www.juegoesresponsable.org\/\">https:\/\/www.juegoesresponsable.org\/<\/a><\/li>\n<\/ul>\n","protected":false},"excerpt":{"rendered":"<p>Giros Gratis Sin Dep\u00f3sito em Espa\u00f1a Si est\u00e1s buscando las mejores ofertas de giros gratis en el Espa\u00f1a, \u00a1has llegado al lugar adecuado! Hoy en d\u00eda, los casinos ofrecen giros gratis con mucha frecuencia, lo que te permite probar las mejores tragamonedas nuevas sin arriesgar nada (o mucho) de \u00a1tu propio dinero! As\u00ed que, tanto [&hellip;]<\/p>\n","protected":false},"author":1,"featured_media":13529,"parent":0,"menu_order":0,"comment_status":"open","ping_status":"closed","template":"","meta":{"inline_featured_image":false,"footnotes":""},"class_list":["post-13526","page","type-page","status-publish","has-post-thumbnail","hentry"],"yoast_head":"<!-- This site is optimized with the Yoast SEO plugin v24.5 - https:\/\/yoast.com\/wordpress\/plugins\/seo\/ -->\n<title>Giros Gratis Sin Dep\u00f3sito em Espa\u00f1a (2025) - www.kasinobonus.ai<\/title>\n<meta name=\"description\" content=\"Giros Gratis en 2025: Aqu\u00ed encontrar\u00e1s las mejores ofertas y casinos del mercado. \u00a1Empieza a ganar ahora!\" \/>\n<meta name=\"robots\" content=\"index, follow, max-snippet:-1, max-image-preview:large, max-video-preview:-1\" \/>\n<link rel=\"canonical\" href=\"https:\/\/www.kasinobonus.ai\/es\/giros-gratis\/\" \/>\n<script type=\"application\/ld+json\" class=\"yoast-schema-graph\">{\"@context\":\"https:\/\/schema.org\",\"@graph\":[{\"@type\":\"WebPage\",\"@id\":\"https:\/\/www.kasinobonus.ai\/es\/giros-gratis\/\",\"url\":\"https:\/\/www.kasinobonus.ai\/es\/giros-gratis\/\",\"name\":\"Giros Gratis Sin Dep\u00f3sito em Espa\u00f1a (2025) - www.kasinobonus.ai\",\"isPartOf\":{\"@id\":\"https:\/\/www.kasinobonus.ai\/es\/#website\"},\"primaryImageOfPage\":{\"@id\":\"https:\/\/www.kasinobonus.ai\/es\/giros-gratis\/#primaryimage\"},\"image\":{\"@id\":\"https:\/\/www.kasinobonus.ai\/es\/giros-gratis\/#primaryimage\"},\"thumbnailUrl\":\"https:\/\/www.kasinobonus.ai\/wp-content\/uploads\/2024\/01\/giros_gratis.jpg\",\"datePublished\":\"2023-08-29T13:49:51+00:00\",\"dateModified\":\"2025-07-26T13:08:47+00:00\",\"description\":\"Giros Gratis en 2025: Aqu\u00ed encontrar\u00e1s las mejores ofertas y casinos del mercado. \u00a1Empieza a ganar ahora!\",\"breadcrumb\":{\"@id\":\"https:\/\/www.kasinobonus.ai\/es\/giros-gratis\/#breadcrumb\"},\"inLanguage\":\"es\",\"potentialAction\":[{\"@type\":\"ReadAction\",\"target\":[\"https:\/\/www.kasinobonus.ai\/es\/giros-gratis\/\"]}]},{\"@type\":\"ImageObject\",\"inLanguage\":\"es\",\"@id\":\"https:\/\/www.kasinobonus.ai\/es\/giros-gratis\/#primaryimage\",\"url\":\"https:\/\/www.kasinobonus.ai\/wp-content\/uploads\/2024\/01\/giros_gratis.jpg\",\"contentUrl\":\"https:\/\/www.kasinobonus.ai\/wp-content\/uploads\/2024\/01\/giros_gratis.jpg\",\"width\":1200,\"height\":628,\"caption\":\"giros gratis\"},{\"@type\":\"BreadcrumbList\",\"@id\":\"https:\/\/www.kasinobonus.ai\/es\/giros-gratis\/#breadcrumb\",\"itemListElement\":[{\"@type\":\"ListItem\",\"position\":1,\"name\":\"Home\",\"item\":\"https:\/\/kasinobonus.ai\/es\/\"},{\"@type\":\"ListItem\",\"position\":2,\"name\":\"Giros Gratis\"}]},{\"@type\":\"WebSite\",\"@id\":\"https:\/\/www.kasinobonus.ai\/es\/#website\",\"url\":\"https:\/\/www.kasinobonus.ai\/es\/\",\"name\":\"www.kasinobonus.ai\",\"description\":\"\",\"publisher\":{\"@id\":\"https:\/\/www.kasinobonus.ai\/es\/#organization\"},\"potentialAction\":[{\"@type\":\"SearchAction\",\"target\":{\"@type\":\"EntryPoint\",\"urlTemplate\":\"https:\/\/www.kasinobonus.ai\/es\/?s={search_term_string}\"},\"query-input\":{\"@type\":\"PropertyValueSpecification\",\"valueRequired\":true,\"valueName\":\"search_term_string\"}}],\"inLanguage\":\"es\"},{\"@type\":\"Organization\",\"@id\":\"https:\/\/www.kasinobonus.ai\/es\/#organization\",\"name\":\"KasinoBonus\",\"alternateName\":\"KasinoBonusAI\",\"url\":\"https:\/\/www.kasinobonus.ai\/es\/\",\"logo\":{\"@type\":\"ImageObject\",\"inLanguage\":\"es\",\"@id\":\"https:\/\/www.kasinobonus.ai\/es\/#\/schema\/logo\/image\/\",\"url\":\"https:\/\/www.kasinobonus.ai\/wp-content\/uploads\/2023\/09\/kasinobonus-logo-light.png\",\"contentUrl\":\"https:\/\/www.kasinobonus.ai\/wp-content\/uploads\/2023\/09\/kasinobonus-logo-light.png\",\"width\":3200,\"height\":596,\"caption\":\"KasinoBonus\"},\"image\":{\"@id\":\"https:\/\/www.kasinobonus.ai\/es\/#\/schema\/logo\/image\/\"},\"sameAs\":[\"https:\/\/www.facebook.com\/kasinobonusio\/\",\"https:\/\/x.com\/Kasinobonus_io\",\"https:\/\/www.linkedin.com\/in\/matti-slotte-26612033b\",\"http:\/\/kasinobonus.wikidot.com\/system:welcome\",\"https:\/\/www.trustpilot.com\/review\/www.kasinobonus.ai\",\"https:\/\/orcid.org\/0009-0007-2889-1713\",\"https:\/\/en.everybodywiki.com\/Matti_Slotte\",\"https:\/\/www.immuniweb.com\/ssl\/kasinobonus.ai\/M4lqCqYY\/\"]}]}<\/script>\n<!-- \/ Yoast SEO plugin. -->","yoast_head_json":{"title":"Giros Gratis Sin Dep\u00f3sito em Espa\u00f1a (2025) - www.kasinobonus.ai","description":"Giros Gratis en 2025: Aqu\u00ed encontrar\u00e1s las mejores ofertas y casinos del mercado. \u00a1Empieza a ganar ahora!","robots":{"index":"index","follow":"follow","max-snippet":"max-snippet:-1","max-image-preview":"max-image-preview:large","max-video-preview":"max-video-preview:-1"},"canonical":"https:\/\/www.kasinobonus.ai\/es\/giros-gratis\/","schema":{"@context":"https:\/\/schema.org","@graph":[{"@type":"WebPage","@id":"https:\/\/www.kasinobonus.ai\/es\/giros-gratis\/","url":"https:\/\/www.kasinobonus.ai\/es\/giros-gratis\/","name":"Giros Gratis Sin Dep\u00f3sito em Espa\u00f1a (2025) - www.kasinobonus.ai","isPartOf":{"@id":"https:\/\/www.kasinobonus.ai\/es\/#website"},"primaryImageOfPage":{"@id":"https:\/\/www.kasinobonus.ai\/es\/giros-gratis\/#primaryimage"},"image":{"@id":"https:\/\/www.kasinobonus.ai\/es\/giros-gratis\/#primaryimage"},"thumbnailUrl":"https:\/\/www.kasinobonus.ai\/wp-content\/uploads\/2024\/01\/giros_gratis.jpg","datePublished":"2023-08-29T13:49:51+00:00","dateModified":"2025-07-26T13:08:47+00:00","description":"Giros Gratis en 2025: Aqu\u00ed encontrar\u00e1s las mejores ofertas y casinos del mercado. \u00a1Empieza a ganar ahora!","breadcrumb":{"@id":"https:\/\/www.kasinobonus.ai\/es\/giros-gratis\/#breadcrumb"},"inLanguage":"es","potentialAction":[{"@type":"ReadAction","target":["https:\/\/www.kasinobonus.ai\/es\/giros-gratis\/"]}]},{"@type":"ImageObject","inLanguage":"es","@id":"https:\/\/www.kasinobonus.ai\/es\/giros-gratis\/#primaryimage","url":"https:\/\/www.kasinobonus.ai\/wp-content\/uploads\/2024\/01\/giros_gratis.jpg","contentUrl":"https:\/\/www.kasinobonus.ai\/wp-content\/uploads\/2024\/01\/giros_gratis.jpg","width":1200,"height":628,"caption":"giros gratis"},{"@type":"BreadcrumbList","@id":"https:\/\/www.kasinobonus.ai\/es\/giros-gratis\/#breadcrumb","itemListElement":[{"@type":"ListItem","position":1,"name":"Home","item":"https:\/\/kasinobonus.ai\/es\/"},{"@type":"ListItem","position":2,"name":"Giros Gratis"}]},{"@type":"WebSite","@id":"https:\/\/www.kasinobonus.ai\/es\/#website","url":"https:\/\/www.kasinobonus.ai\/es\/","name":"www.kasinobonus.ai","description":"","publisher":{"@id":"https:\/\/www.kasinobonus.ai\/es\/#organization"},"potentialAction":[{"@type":"SearchAction","target":{"@type":"EntryPoint","urlTemplate":"https:\/\/www.kasinobonus.ai\/es\/?s={search_term_string}"},"query-input":{"@type":"PropertyValueSpecification","valueRequired":true,"valueName":"search_term_string"}}],"inLanguage":"es"},{"@type":"Organization","@id":"https:\/\/www.kasinobonus.ai\/es\/#organization","name":"KasinoBonus","alternateName":"KasinoBonusAI","url":"https:\/\/www.kasinobonus.ai\/es\/","logo":{"@type":"ImageObject","inLanguage":"es","@id":"https:\/\/www.kasinobonus.ai\/es\/#\/schema\/logo\/image\/","url":"https:\/\/www.kasinobonus.ai\/wp-content\/uploads\/2023\/09\/kasinobonus-logo-light.png","contentUrl":"https:\/\/www.kasinobonus.ai\/wp-content\/uploads\/2023\/09\/kasinobonus-logo-light.png","width":3200,"height":596,"caption":"KasinoBonus"},"image":{"@id":"https:\/\/www.kasinobonus.ai\/es\/#\/schema\/logo\/image\/"},"sameAs":["https:\/\/www.facebook.com\/kasinobonusio\/","https:\/\/x.com\/Kasinobonus_io","https:\/\/www.linkedin.com\/in\/matti-slotte-26612033b","http:\/\/kasinobonus.wikidot.com\/system:welcome","https:\/\/www.trustpilot.com\/review\/www.kasinobonus.ai","https:\/\/orcid.org\/0009-0007-2889-1713","https:\/\/en.everybodywiki.com\/Matti_Slotte","https:\/\/www.immuniweb.com\/ssl\/kasinobonus.ai\/M4lqCqYY\/"]}]}},"_links":{"self":[{"href":"https:\/\/www.kasinobonus.ai\/es\/wp-json\/wp\/v2\/pages\/13526","targetHints":{"allow":["GET"]}}],"collection":[{"href":"https:\/\/www.kasinobonus.ai\/es\/wp-json\/wp\/v2\/pages"}],"about":[{"href":"https:\/\/www.kasinobonus.ai\/es\/wp-json\/wp\/v2\/types\/page"}],"author":[{"embeddable":true,"href":"https:\/\/www.kasinobonus.ai\/es\/wp-json\/wp\/v2\/users\/1"}],"replies":[{"embeddable":true,"href":"https:\/\/www.kasinobonus.ai\/es\/wp-json\/wp\/v2\/comments?post=13526"}],"version-history":[{"count":4,"href":"https:\/\/www.kasinobonus.ai\/es\/wp-json\/wp\/v2\/pages\/13526\/revisions"}],"predecessor-version":[{"id":34512,"href":"https:\/\/www.kasinobonus.ai\/es\/wp-json\/wp\/v2\/pages\/13526\/revisions\/34512"}],"wp:featuredmedia":[{"embeddable":true,"href":"https:\/\/www.kasinobonus.ai\/es\/wp-json\/wp\/v2\/media\/13529"}],"wp:attachment":[{"href":"https:\/\/www.kasinobonus.ai\/es\/wp-json\/wp\/v2\/media?parent=13526"}],"curies":[{"name":"wp","href":"https:\/\/api.w.org\/{rel}","templated":true}]}}