{"id":13495,"date":"2023-09-19T12:46:45","date_gmt":"2023-09-19T12:46:45","guid":{"rendered":"http:\/\/kasinobonus.ai.dedivirt842.your-server.de\/tervetuliaisbonus\/"},"modified":"2025-07-30T14:03:21","modified_gmt":"2025-07-30T14:03:21","slug":"bono-de-ienvenida","status":"publish","type":"page","link":"https:\/\/www.kasinobonus.ai\/es\/bono-de-ienvenida\/","title":{"rendered":"Bonificaci\u00f3n de bienvenida"},"content":{"rendered":"\n<h1 class=\"wp-block-heading\">Bonos de bienvenida en casinos en Espa\u00f1a<\/h1>\n\n\n\n<p>Un bono de bienvenida de casino es la primera oferta que recibir\u00e1s al registrarte en un nuevo casino online, y suele ser la promoci\u00f3n m\u00e1s generosa disponible. Dise\u00f1ados para atraer a nuevos jugadores, estos bonos suelen presentarse en forma de igualaciones de dep\u00f3sito, tiradas gratis o una combinaci\u00f3n de ambas, \u00a1d\u00e1ndote un mont\u00f3n de dinero extra para comenzar tu nueva andadura en el casino! Hoy exploraremos los mejores casinos con bonos de bienvenida en Espa\u00f1a, \u00a1para que encuentres la mejor oferta para <em>ti<\/em>!  <\/p>\n\n\n\n<h2 class=\"wp-block-heading\">Casinos online que ofrecen los mejores bonos de bienvenida<\/h2>\n\n\n\n<p>Con tantos bonos de bienvenida diferentes, es importante saber c\u00f3mo encontrar los mejores&#8230; \u00a1y eso es exactamente en lo que te voy a ayudar hoy!<\/p>\n\n\n\n<p>Lo que hace que un bono de bienvenida sea el <em>mejor<\/em> es ligeramente subjetivo. Para algunos jugadores, significa una gran <a href=\"https:\/\/www.kasinobonus.ai\/es\/bonos-por-deposito\/\">bonificaci\u00f3n de dep\u00f3sito<\/a>, mientras que para otros, significa bajos requisitos de apuesta, o ninguno en absoluto. A continuaci\u00f3n, te mostrar\u00e9 una lista de <em>los<\/em> mejores bonos de bienvenida de casinos en Espa\u00f1a disponibles en la actualidad, todos ellos de casinos online examinados, probados y <em>de confianza<\/em>:  <\/p>\n\n\n<p>[brand_table template=\u00bbtable_style_1.php\u00bb country=\u00bbEN\u00bb bonus=\u00bb\u00bb]<\/p>\n\n\n\n<p>Una vez que hayas encontrado un <a href=\"https:\/\/www.kasinobonus.ai\/en\/\">casino online de primera categor\u00eda <\/a>que te guste, todo lo que tienes que hacer es registrarte, hacer tu primer dep\u00f3sito y reclamar tu bono de bienvenida para empezar a jugar con fondos extra, tiradas gratis, \u00a1o ambas cosas!<\/p>\n\n\n\n<h2 class=\"wp-block-heading\">C\u00f3mo revisamos los casinos<\/h2>\n\n\n\n<p>Cuando reviso los bonos de bienvenida de los casinos, me centro en el valor global de la promoci\u00f3n y no s\u00f3lo en el tama\u00f1o del bono. Una gran oferta de bienvenida puede parecer atractiva, pero si viene acompa\u00f1ada de elevados requisitos de apuesta -como 50 veces, por ejemplo-, bajos l\u00edmites de retirada o montones de restricciones de juego, entonces no tiene mucho sentido solicitarla. <\/p>\n\n\n\n<p>Una vez que estoy seguro de que un bono es generoso <em>y <\/em>justo, paso a examinar el casino en s\u00ed. Me fijo en todo lo que puedo, incluido <\/p>\n\n\n\n<ul class=\"wp-block-list\">\n<li><strong>Selecci\u00f3n de juegos: <\/strong>Comprobamos la variedad y calidad de los juegos ofrecidos, desde tragaperras y juegos de mesa hasta opciones de crupier en vivo, y <em>tambi\u00e9n<\/em> nos fijamos en cu\u00e1ntos desarrolladores de juegos hay disponibles.<\/li>\n\n\n\n<li><strong>Bonificaciones y promociones:<\/strong> Comprobamos cuidadosamente la generosidad, imparcialidad y transparencia de las bonificaciones de bienvenida, las promociones en curso y las recompensas por fidelidad, examinando desde los requisitos de apuesta hasta los l\u00edmites m\u00e1ximos de retirada de dinero.<\/li>\n\n\n\n<li><strong>Seguridad y licencias:<\/strong> Verificamos que cada casino tenga una licencia v\u00e1lida de un regulador acreditado y utiliza una encriptaci\u00f3n segura para proteger tus datos.<\/li>\n\n\n\n<li><strong>Opciones bancarias:<\/strong> Comprobamos que los m\u00e9todos de dep\u00f3sito y retirada sean r\u00e1pidos y c\u00f3modos, y confirmamos que el casino admita los proveedores de pago m\u00e1s populares: idealmente, una mezcla de tarjetas de cr\u00e9dito y d\u00e9bito, monederos electr\u00f3nicos y criptomonedas.  <\/li>\n\n\n\n<li><strong>Atenci\u00f3n al cliente: <\/strong>Ponemos a prueba la capacidad de respuesta, la profesionalidad y la disponibilidad del equipo de atenci\u00f3n al cliente del casino, lo que significa que utilizamos <em>personalmente<\/em> los servicios de chat en directo y de atenci\u00f3n por correo electr\u00f3nico para hacernos una idea de lo <em>que<\/em> puedes esperar.<\/li>\n<\/ul>\n\n\n\n<h3 class=\"wp-block-heading\">Tipos de Bonos de Bienvenida<\/h3>\n\n\n\n<p>Recuerdo que cuando empec\u00e9 a jugar online <em>no ten\u00eda ni idea<\/em> de cu\u00e1ntos bonos de bienvenida hay disponibles. Afortunadamente, despu\u00e9s de m\u00e1s de una d\u00e9cada en el sector, conozco los entresijos de los bonos -y c\u00f3mo funcionan- y a continuaci\u00f3n te guiar\u00e9 por algunos de los tipos m\u00e1s comunes: <\/p>\n\n\n\n<ul class=\"wp-block-list\">\n<li><strong>Bonificaci\u00f3n de dep\u00f3sito<\/strong> igualado &#8211; Quiz\u00e1s el tipo m\u00e1s <em>com\u00fan<\/em> de bonificaci\u00f3n de bienvenida, una bonificaci\u00f3n igualada significa que el casino iguala tu dep\u00f3sito en un determinado porcentaje (por ejemplo, 100% hasta 100 euro).<\/li>\n\n\n\n<li><strong>Bonificaciones<\/strong> sin dep\u00f3sito &#8211; Algunos casinos online ofrecen bonificaciones sin dep\u00f3sito, lo que significa que no necesitas depositar nada de tu propio dinero para reclamarlas. Sin embargo, las cantidades suelen ser bastante peque\u00f1as: entre 5 y 10 \u20ac, normalmente. <\/li>\n\n\n\n<li>Tiradas <strong>gratuitas<\/strong> &#8211; Algunos casinos ofrecen tiradas gratuitas a los nuevos jugadores, ya sea por s\u00ed solas o como parte de una bonificaci\u00f3n por dep\u00f3sito.<\/li>\n\n\n\n<li>Bono de devoluci\u00f3n de <strong>dinero<\/strong> &#8211; La devoluci\u00f3n de dinero como bono de bienvenida es m\u00e1s inusual, pero <em>algunos<\/em> casinos la ofrecen a los nuevos jugadores. Los bonos de devoluci\u00f3n te permiten recuperar un porcentaje de tus p\u00e9rdidas durante un periodo (por ejemplo, los primeros 7 d\u00edas), que se te reembolsa como cr\u00e9dito de bono. <\/li>\n\n\n\n<li>Bonos de <strong>bienvenida<\/strong> escalonados &#8211; Algunos casinos ofrecen bonos de bienvenida escalonados, lo que significa que puedes reclamar bonos a lo largo de tus primeros dep\u00f3sitos, que a menudo aumentan en tama\u00f1o o generosidad.  <\/li>\n<\/ul>\n\n\n\n<h2 class=\"wp-block-heading\">Los mejores casinos en Espa\u00f1a con bonos de bienvenida<\/h2>\n\n\n\n<p>Hoy en d\u00eda, encontrar\u00e1s <em>cientos<\/em> de casinos con bonos de bienvenida, \u00a1y saber cu\u00e1l elegir puede ser dif\u00edcil! Actualmente, uno de nuestros bonos de bienvenida favoritos del Reino Unido lo ofrece Jackpot Raider, un sitio que se inaugur\u00f3 en 2024 y tiene licencia en Cura\u00e7ao. Jackpot Raider cuenta con una <em>enorme<\/em> biblioteca de m\u00e1s de 6.000 juegos, y encontrar\u00e1s de todo, desde tragaperras y juegos de mesa, hasta juegos con crupier en vivo y botes progresivos. En el momento de escribir estas l\u00edneas, los nuevos jugadores pueden conseguir una enorme <strong>bonificaci\u00f3n de dep\u00f3sito del 225%<\/strong> hasta 450 \u20ac + 250 tiradas gratuitas, \u00a1en tus TRES primeros dep\u00f3sitos!   <\/p>\n\n\n\n<figure class=\"wp-block-table\"><table class=\"has-fixed-layout\"><tbody><tr><td><strong>Bonos de bienvenida de los mejores casinos en Espa\u00f1a<\/strong><\/td><td><strong>Detalles del bono<\/strong><\/td><\/tr><tr><td>Casino Jackpot Raider<\/td><td>225% HASTA 450 \u20ac + 250 FS EN TUS 3 PRIMEROS DEP\u00d3SITOS<\/td><\/tr><\/tbody><\/table><\/figure>\n\n\n\n<h2 class=\"wp-block-heading\">T\u00e9rminos y condiciones<\/h2>\n\n\n\n<p>Los bonos de bienvenida en Espa\u00f1a casi siempre vienen acompa\u00f1ados de condiciones que los jugadores deben cumplir antes de retirar cualquier ganancia. La condici\u00f3n m\u00e1s com\u00fan es la apuesta, que requiere que apuestes un m\u00faltiplo de tu bonificaci\u00f3n (o bonificaci\u00f3n + dep\u00f3sito) antes de que los fondos puedan retirarse. Por ejemplo, un requisito de apuesta de 35 veces en un bono de 10 \u20ac significa que tendr\u00edas que apostar 350 \u20ac antes de poder solicitar la retirada de tus fondos.  <\/p>\n\n\n\n<p>Sin embargo, no <em>s\u00f3lo<\/em> hay que tener en cuenta los requisitos de apuesta. La mayor\u00eda de los casinos online aplican un l\u00edmite m\u00e1ximo de apuesta mientras juegas con fondos de bonificaci\u00f3n, que <em>suele<\/em> ser de 5 \u20ac. Tambi\u00e9n tienes un plazo limitado para cumplir los requisitos de apuesta. La mayor\u00eda de los casinos te dan de 7 a 30 d\u00edas, pero algunos exigen que cumplas los requisitos de apuesta en 3 d\u00edas, as\u00ed que compru\u00e9balo siempre antes de empezar a jugar.   <\/p>\n\n\n\n<h3 class=\"wp-block-heading\">C\u00f3mo solicitar un Bono de Bienvenida<\/h3>\n\n\n\n<p>Reclamar bonos de bienvenida en <em>la mayor\u00eda de los<\/em> casinos es muy sencillo, y s\u00f3lo tienes que seguir los pasos que se indican a continuaci\u00f3n:<\/p>\n\n\n\n<ol class=\"wp-block-list\">\n<li>Elige tu casino y tu bono de bienvenida (te recomiendo que elijas una de las recomendaciones de esta p\u00e1gina).<\/li>\n\n\n\n<li>Crea tu cuenta, y aseg\u00farate de optar al bono de bienvenida durante el registro o al realizar tu dep\u00f3sito.<\/li>\n\n\n\n<li>Realiza tu primer dep\u00f3sito utilizando un m\u00e9todo de pago elegible, y aseg\u00farate de que cumples los requisitos de dep\u00f3sito m\u00ednimo.<\/li>\n\n\n\n<li>Una vez confirmado tu dep\u00f3sito, los fondos de la bonificaci\u00f3n se abonar\u00e1n autom\u00e1ticamente en tu cuenta.<\/li>\n\n\n\n<li>Empieza a jugar, \u00a1y cruza los dedos para ganar a lo grande!<\/li>\n<\/ol>\n\n\n\n<h3 class=\"wp-block-heading\">Alternativas a los Bonos de Bienvenida<\/h3>\n\n\n\n<p>Si ya has reclamado un bono de bienvenida, o quieres conocer las <em>distintas opciones<\/em> que tienes a tu disposici\u00f3n, aqu\u00ed tienes algunas alternativas a tener en cuenta:<\/p>\n\n\n\n<figure class=\"wp-block-table\"><table class=\"has-fixed-layout\"><thead><tr><th><strong>Bonificaci\u00f3n alternativa<\/strong><\/th><th><strong>Descripci\u00f3n<\/strong><\/th><\/tr><\/thead><tbody><tr><td>Bonificaci\u00f3n por recarga<\/td><td>Bonificaci\u00f3n extra en futuros dep\u00f3sitos tras el registro.<\/td><\/tr><tr><td>Recompensas VIP\/Lealtad<\/td><td>Puntos o ventajas obtenidos mediante el juego regular.<\/td><\/tr><tr><td>Ofertas de devoluci\u00f3n<\/td><td>Devoluci\u00f3n diaria, semanal o mensual de las p\u00e9rdidas.<\/td><\/tr><tr><td>Promociones de Tiradas Gratis<\/td><td>Tiradas en juegos nuevos o destacados.<\/td><\/tr><tr><td>Bonificaci\u00f3n por recomendar a un amigo<\/td><td>Obt\u00e9n recompensas por invitar a amigos a unirse.<\/td><\/tr><\/tbody><\/table><\/figure>\n\n\n\n<h2 class=\"wp-block-heading\">Ventajas &amp; Inconvenientes<\/h2>\n\n\n\n<figure class=\"wp-block-image size-full\"><img decoding=\"async\" width=\"1000\" height=\"666\" src=\"https:\/\/www.kasinobonus.ai\/wp-content\/uploads\/2025\/06\/KB-Bonos-por-Deposito.jpg\" alt=\"KB Bonos por Dep\u00f3sito\" class=\"wp-image-29758\" srcset=\"https:\/\/www.kasinobonus.ai\/wp-content\/uploads\/2025\/06\/KB-Bonos-por-Deposito.jpg 1000w, https:\/\/www.kasinobonus.ai\/wp-content\/uploads\/2025\/06\/KB-Bonos-por-Deposito-300x200.jpg 300w, https:\/\/www.kasinobonus.ai\/wp-content\/uploads\/2025\/06\/KB-Bonos-por-Deposito-768x511.jpg 768w, https:\/\/www.kasinobonus.ai\/wp-content\/uploads\/2025\/06\/KB-Bonos-por-Deposito-110x73.jpg 110w, https:\/\/www.kasinobonus.ai\/wp-content\/uploads\/2025\/06\/KB-Bonos-por-Deposito-575x383.jpg 575w\" sizes=\"(max-width: 1000px) 100vw, 1000px\" \/><\/figure>\n\n\n\n<div class=\"wp-block-columns is-layout-flex wp-container-core-columns-is-layout-28f84493 wp-block-columns-is-layout-flex\">\n<div class=\"wp-block-column is-layout-flow wp-block-column-is-layout-flow\">\n<h3 class=\"wp-block-heading\">\u2705 Ventajas<\/h3>\n\n\n\n<ul class=\"wp-block-list\">\n<li>\u2705 Montos de bonificaci\u00f3n m\u00e1s altos en comparaci\u00f3n con las ofertas sin dep\u00f3sito<\/li>\n\n\n\n<li>\u2705 Desbloquea el acceso a paquetes de bienvenida y beneficios VIP<\/li>\n\n\n\n<li>\u2705 A menudo incluye tanto dinero extra como giros gratuitos<\/li>\n\n\n\n<li>\u2705 Gran valor para los jugadores que ya planean depositar<\/li>\n\n\n\n<li>\u2705 Ampliamente aceptado en la mayor\u00eda de los casinos en l\u00ednea<\/li>\n<\/ul>\n<\/div>\n\n\n\n<div class=\"wp-block-column is-layout-flow wp-block-column-is-layout-flow\">\n<h3 class=\"wp-block-heading\">\u274c Desventajas<\/h3>\n\n\n\n<ul class=\"wp-block-list\">\n<li>\u274c Viene con requisitos de apuesta (a veces 30x\u201350x)<\/li>\n\n\n\n<li>\u274c Los fondos de bonificaci\u00f3n pueden bloquearse hasta que se cumplan las condiciones<\/li>\n\n\n\n<li>\u274c Algunos juegos est\u00e1n excluidos del juego de bonificaci\u00f3n<\/li>\n\n\n\n<li>\u274c Pueden aplicarse l\u00edmites m\u00e1ximos de apuestas al usar la bonificaci\u00f3n<\/li>\n\n\n\n<li>\u274c El retiro suele estar restringido hasta que se liquide la bonificaci\u00f3n<\/li>\n<\/ul>\n<\/div>\n<\/div>\n\n\n\n<h2 class=\"wp-block-heading\">Los mejores bonos de dep\u00f3sito en Espa\u00f1a<\/h2>\n\n\n\n<figure class=\"wp-block-table\"><table class=\"has-fixed-layout\"><thead><tr><th>Casino<\/th><th>Bono<\/th><th>Condiciones<\/th><th>C\u00f3digo\/Nota<\/th><th>Enlace<\/th><\/tr><\/thead><tbody><tr><td>FatPirate<\/td><td>Bono de bienvenida del 100% hasta 500\u202f\u20ac + 200 giros gratis<\/td><td>Bono con dep\u00f3sito<\/td><td>\u2013<\/td><td><a href=\"https:\/\/www.kasinobonus.ai\/go\/fatpirate\">Jugar ahora<\/a><\/td><\/tr><tr><td>Jet Casino<\/td><td>50 tiradas gratis sin dep\u00f3sito + Bono 100% hasta 300\u202f\u20ac<\/td><td>Sin dep\u00f3sito + bono con dep\u00f3sito<\/td><td>EXCLUSIVA<\/td><td><a href=\"https:\/\/www.kasinobonus.ai\/go\/jet\">Jugar ahora<\/a><\/td><\/tr><tr><td>Bet on Red<\/td><td>50 tiradas gratis sin dep\u00f3sito + Bono 100% hasta 100\u202f\u20ac + 150 giros a Gates of Olympus<\/td><td>Sin dep\u00f3sito + bono con dep\u00f3sito<\/td><td>BLITZ3<\/td><td><a href=\"https:\/\/www.kasinobonus.ai\/go\/betonred\">Jugar ahora<\/a><\/td><\/tr><tr><td>Drip Casino<\/td><td>50 tiradas gratis sin dep\u00f3sito + Bono del 150% hasta 600\u202f\u20ac<\/td><td>Sin dep\u00f3sito + bono con dep\u00f3sito<\/td><td>EXCLUSIVA<\/td><td><a href=\"https:\/\/www.kasinobonus.ai\/go\/drip\">Jugar ahora<\/a><\/td><\/tr><tr><td>Candy Casino<\/td><td>Bono sin dep\u00f3sito de 50\u202f\u20ac = 100 tiradas gratis (0,50\u202f\u20ac\/tirada). Apuesta x20, m\u00e1x. 3\u202f\u20ac por giro.<\/td><td>Completar KYC + email verificado<\/td><td>Valor: 50\u202f\u20ac sin dep\u00f3sito<\/td><td><a href=\"https:\/\/www.kasinobonus.ai\/go\/candy\">Jugar ahora<\/a><\/td><\/tr><\/tbody><\/table><\/figure>\n\n\n\n<div class=\"wp-block-group trustsection is-layout-constrained wp-block-group-is-layout-constrained\"><div class=\"wp-block-group__inner-container\">\n<h2 class=\"wp-block-heading\">\u00bfPor qu\u00e9 confiar en KasinoBonus?<\/h2>\n\n\n\n<p>En KasinoBonus, la confianza es la base de todo lo que hacemos. He aqu\u00ed por qu\u00e9 miles de lectores conf\u00edan en nosotros: <\/p>\n\n\n\n<ul class=\"wp-block-list\">\n<li><strong>50.000<\/strong> lectores al mes<\/li>\n\n\n\n<li>Se prueban <strong>150<\/strong> casinos en l\u00ednea<\/li>\n\n\n\n<li><strong>M\u00e1s de 400<\/strong> horas al mes dedicadas a la investigaci\u00f3n de casinos y a la creaci\u00f3n de contenidos<\/li>\n\n\n\n<li><strong>Nuestro equipo prueba personalmente<\/strong> todos los casinos de nuestra lista (capturas de pantalla de cuentas, dep\u00f3sitos y ganancias).<\/li>\n\n\n\n<li>Nuestras rese\u00f1as est\u00e1n escritas y revisadas por <strong>el profesional del iGaming Matti Slotte<\/strong>, con 18 a\u00f1os de experiencia en p\u00f3quer, operaciones de casino y regulaci\u00f3n europea del juego.<\/li>\n\n\n\n<li>Hablamos abiertamente de nuestras asociaciones de afiliados y <strong>nunca aceptamos pagos por opiniones positivas<\/strong>.<\/li>\n\n\n\n<li>Actualizamos nuestras clasificaciones y los detalles de las bonificaciones cada mes para mostrar la <strong>informaci\u00f3n m\u00e1s precisa y actualizada disponible<\/strong>.<\/li>\n\n\n\n<li>S\u00f3lo recomendamos casinos online <strong>autorizados<\/strong>, <strong>seguros<\/strong> y <strong>responsables<\/strong>.<\/li>\n<\/ul>\n<\/div><\/div>\n\n\n\n<h2 class=\"wp-block-heading\">Recursos para el juego responsable<\/h2>\n\n\n\n<ul class=\"wp-block-list\">\n<li><a href=\"https:\/\/www.gamblingtreatment.nhs.uk\/\">Servicio Nacional de Tratamiento del Juego<\/a><\/li>\n\n\n\n<li><a href=\"https:\/\/www.gamstop.co.uk\/\">GamStop<\/a><\/li>\n<\/ul>\n","protected":false},"excerpt":{"rendered":"<p>Bonos de bienvenida en casinos en Espa\u00f1a Un bono de bienvenida de casino es la primera oferta que recibir\u00e1s al registrarte en un nuevo casino online, y suele ser la promoci\u00f3n m\u00e1s generosa disponible. Dise\u00f1ados para atraer a nuevos jugadores, estos bonos suelen presentarse en forma de igualaciones de dep\u00f3sito, tiradas gratis o una combinaci\u00f3n [&hellip;]<\/p>\n","protected":false},"author":3,"featured_media":13499,"parent":0,"menu_order":0,"comment_status":"open","ping_status":"closed","template":"","meta":{"inline_featured_image":false,"footnotes":""},"class_list":["post-13495","page","type-page","status-publish","has-post-thumbnail","hentry"],"yoast_head":"<!-- This site is optimized with the Yoast SEO plugin v24.5 - https:\/\/yoast.com\/wordpress\/plugins\/seo\/ -->\n<title>Bono de bienvenida al casino en Espa\u00f1a 2025- www.kasinobonus.ai<\/title>\n<meta name=\"description\" content=\"Los mejores bonos de bienvenida de varios casinos Nuestra completa gu\u00eda te ayuda a aprovechar las ofertas m\u00e1s tentadoras de los casinos online.\" \/>\n<meta name=\"robots\" content=\"index, follow, max-snippet:-1, max-image-preview:large, max-video-preview:-1\" \/>\n<link rel=\"canonical\" href=\"https:\/\/www.kasinobonus.ai\/es\/bono-de-ienvenida\/\" \/>\n<script type=\"application\/ld+json\" class=\"yoast-schema-graph\">{\"@context\":\"https:\/\/schema.org\",\"@graph\":[{\"@type\":\"WebPage\",\"@id\":\"https:\/\/www.kasinobonus.ai\/es\/bono-de-ienvenida\/\",\"url\":\"https:\/\/www.kasinobonus.ai\/es\/bono-de-ienvenida\/\",\"name\":\"Bono de bienvenida al casino en Espa\u00f1a 2025- www.kasinobonus.ai\",\"isPartOf\":{\"@id\":\"https:\/\/www.kasinobonus.ai\/es\/#website\"},\"primaryImageOfPage\":{\"@id\":\"https:\/\/www.kasinobonus.ai\/es\/bono-de-ienvenida\/#primaryimage\"},\"image\":{\"@id\":\"https:\/\/www.kasinobonus.ai\/es\/bono-de-ienvenida\/#primaryimage\"},\"thumbnailUrl\":\"https:\/\/www.kasinobonus.ai\/wp-content\/uploads\/2024\/01\/Bono_de_Bienvenida.jpg\",\"datePublished\":\"2023-09-19T12:46:45+00:00\",\"dateModified\":\"2025-07-30T14:03:21+00:00\",\"description\":\"Los mejores bonos de bienvenida de varios casinos Nuestra completa gu\u00eda te ayuda a aprovechar las ofertas m\u00e1s tentadoras de los casinos online.\",\"breadcrumb\":{\"@id\":\"https:\/\/www.kasinobonus.ai\/es\/bono-de-ienvenida\/#breadcrumb\"},\"inLanguage\":\"es\",\"potentialAction\":[{\"@type\":\"ReadAction\",\"target\":[\"https:\/\/www.kasinobonus.ai\/es\/bono-de-ienvenida\/\"]}]},{\"@type\":\"ImageObject\",\"inLanguage\":\"es\",\"@id\":\"https:\/\/www.kasinobonus.ai\/es\/bono-de-ienvenida\/#primaryimage\",\"url\":\"https:\/\/www.kasinobonus.ai\/wp-content\/uploads\/2024\/01\/Bono_de_Bienvenida.jpg\",\"contentUrl\":\"https:\/\/www.kasinobonus.ai\/wp-content\/uploads\/2024\/01\/Bono_de_Bienvenida.jpg\",\"width\":1200,\"height\":628,\"caption\":\"Bono de Bienvenida\"},{\"@type\":\"BreadcrumbList\",\"@id\":\"https:\/\/www.kasinobonus.ai\/es\/bono-de-ienvenida\/#breadcrumb\",\"itemListElement\":[{\"@type\":\"ListItem\",\"position\":1,\"name\":\"Home\",\"item\":\"https:\/\/kasinobonus.ai\/es\/\"},{\"@type\":\"ListItem\",\"position\":2,\"name\":\"Bonificaci\u00f3n de bienvenida\"}]},{\"@type\":\"WebSite\",\"@id\":\"https:\/\/www.kasinobonus.ai\/es\/#website\",\"url\":\"https:\/\/www.kasinobonus.ai\/es\/\",\"name\":\"www.kasinobonus.ai\",\"description\":\"\",\"publisher\":{\"@id\":\"https:\/\/www.kasinobonus.ai\/es\/#organization\"},\"potentialAction\":[{\"@type\":\"SearchAction\",\"target\":{\"@type\":\"EntryPoint\",\"urlTemplate\":\"https:\/\/www.kasinobonus.ai\/es\/?s={search_term_string}\"},\"query-input\":{\"@type\":\"PropertyValueSpecification\",\"valueRequired\":true,\"valueName\":\"search_term_string\"}}],\"inLanguage\":\"es\"},{\"@type\":\"Organization\",\"@id\":\"https:\/\/www.kasinobonus.ai\/es\/#organization\",\"name\":\"KasinoBonus\",\"alternateName\":\"KasinoBonusAI\",\"url\":\"https:\/\/www.kasinobonus.ai\/es\/\",\"logo\":{\"@type\":\"ImageObject\",\"inLanguage\":\"es\",\"@id\":\"https:\/\/www.kasinobonus.ai\/es\/#\/schema\/logo\/image\/\",\"url\":\"https:\/\/www.kasinobonus.ai\/wp-content\/uploads\/2023\/09\/kasinobonus-logo-light.png\",\"contentUrl\":\"https:\/\/www.kasinobonus.ai\/wp-content\/uploads\/2023\/09\/kasinobonus-logo-light.png\",\"width\":3200,\"height\":596,\"caption\":\"KasinoBonus\"},\"image\":{\"@id\":\"https:\/\/www.kasinobonus.ai\/es\/#\/schema\/logo\/image\/\"},\"sameAs\":[\"https:\/\/www.facebook.com\/kasinobonusio\/\",\"https:\/\/x.com\/Kasinobonus_io\",\"https:\/\/www.linkedin.com\/in\/matti-slotte-26612033b\",\"http:\/\/kasinobonus.wikidot.com\/system:welcome\",\"https:\/\/www.trustpilot.com\/review\/www.kasinobonus.ai\",\"https:\/\/orcid.org\/0009-0007-2889-1713\",\"https:\/\/en.everybodywiki.com\/Matti_Slotte\",\"https:\/\/www.immuniweb.com\/ssl\/kasinobonus.ai\/M4lqCqYY\/\"]}]}<\/script>\n<!-- \/ Yoast SEO plugin. -->","yoast_head_json":{"title":"Bono de bienvenida al casino en Espa\u00f1a 2025- www.kasinobonus.ai","description":"Los mejores bonos de bienvenida de varios casinos Nuestra completa gu\u00eda te ayuda a aprovechar las ofertas m\u00e1s tentadoras de los casinos online.","robots":{"index":"index","follow":"follow","max-snippet":"max-snippet:-1","max-image-preview":"max-image-preview:large","max-video-preview":"max-video-preview:-1"},"canonical":"https:\/\/www.kasinobonus.ai\/es\/bono-de-ienvenida\/","schema":{"@context":"https:\/\/schema.org","@graph":[{"@type":"WebPage","@id":"https:\/\/www.kasinobonus.ai\/es\/bono-de-ienvenida\/","url":"https:\/\/www.kasinobonus.ai\/es\/bono-de-ienvenida\/","name":"Bono de bienvenida al casino en Espa\u00f1a 2025- www.kasinobonus.ai","isPartOf":{"@id":"https:\/\/www.kasinobonus.ai\/es\/#website"},"primaryImageOfPage":{"@id":"https:\/\/www.kasinobonus.ai\/es\/bono-de-ienvenida\/#primaryimage"},"image":{"@id":"https:\/\/www.kasinobonus.ai\/es\/bono-de-ienvenida\/#primaryimage"},"thumbnailUrl":"https:\/\/www.kasinobonus.ai\/wp-content\/uploads\/2024\/01\/Bono_de_Bienvenida.jpg","datePublished":"2023-09-19T12:46:45+00:00","dateModified":"2025-07-30T14:03:21+00:00","description":"Los mejores bonos de bienvenida de varios casinos Nuestra completa gu\u00eda te ayuda a aprovechar las ofertas m\u00e1s tentadoras de los casinos online.","breadcrumb":{"@id":"https:\/\/www.kasinobonus.ai\/es\/bono-de-ienvenida\/#breadcrumb"},"inLanguage":"es","potentialAction":[{"@type":"ReadAction","target":["https:\/\/www.kasinobonus.ai\/es\/bono-de-ienvenida\/"]}]},{"@type":"ImageObject","inLanguage":"es","@id":"https:\/\/www.kasinobonus.ai\/es\/bono-de-ienvenida\/#primaryimage","url":"https:\/\/www.kasinobonus.ai\/wp-content\/uploads\/2024\/01\/Bono_de_Bienvenida.jpg","contentUrl":"https:\/\/www.kasinobonus.ai\/wp-content\/uploads\/2024\/01\/Bono_de_Bienvenida.jpg","width":1200,"height":628,"caption":"Bono de Bienvenida"},{"@type":"BreadcrumbList","@id":"https:\/\/www.kasinobonus.ai\/es\/bono-de-ienvenida\/#breadcrumb","itemListElement":[{"@type":"ListItem","position":1,"name":"Home","item":"https:\/\/kasinobonus.ai\/es\/"},{"@type":"ListItem","position":2,"name":"Bonificaci\u00f3n de bienvenida"}]},{"@type":"WebSite","@id":"https:\/\/www.kasinobonus.ai\/es\/#website","url":"https:\/\/www.kasinobonus.ai\/es\/","name":"www.kasinobonus.ai","description":"","publisher":{"@id":"https:\/\/www.kasinobonus.ai\/es\/#organization"},"potentialAction":[{"@type":"SearchAction","target":{"@type":"EntryPoint","urlTemplate":"https:\/\/www.kasinobonus.ai\/es\/?s={search_term_string}"},"query-input":{"@type":"PropertyValueSpecification","valueRequired":true,"valueName":"search_term_string"}}],"inLanguage":"es"},{"@type":"Organization","@id":"https:\/\/www.kasinobonus.ai\/es\/#organization","name":"KasinoBonus","alternateName":"KasinoBonusAI","url":"https:\/\/www.kasinobonus.ai\/es\/","logo":{"@type":"ImageObject","inLanguage":"es","@id":"https:\/\/www.kasinobonus.ai\/es\/#\/schema\/logo\/image\/","url":"https:\/\/www.kasinobonus.ai\/wp-content\/uploads\/2023\/09\/kasinobonus-logo-light.png","contentUrl":"https:\/\/www.kasinobonus.ai\/wp-content\/uploads\/2023\/09\/kasinobonus-logo-light.png","width":3200,"height":596,"caption":"KasinoBonus"},"image":{"@id":"https:\/\/www.kasinobonus.ai\/es\/#\/schema\/logo\/image\/"},"sameAs":["https:\/\/www.facebook.com\/kasinobonusio\/","https:\/\/x.com\/Kasinobonus_io","https:\/\/www.linkedin.com\/in\/matti-slotte-26612033b","http:\/\/kasinobonus.wikidot.com\/system:welcome","https:\/\/www.trustpilot.com\/review\/www.kasinobonus.ai","https:\/\/orcid.org\/0009-0007-2889-1713","https:\/\/en.everybodywiki.com\/Matti_Slotte","https:\/\/www.immuniweb.com\/ssl\/kasinobonus.ai\/M4lqCqYY\/"]}]}},"_links":{"self":[{"href":"https:\/\/www.kasinobonus.ai\/es\/wp-json\/wp\/v2\/pages\/13495","targetHints":{"allow":["GET"]}}],"collection":[{"href":"https:\/\/www.kasinobonus.ai\/es\/wp-json\/wp\/v2\/pages"}],"about":[{"href":"https:\/\/www.kasinobonus.ai\/es\/wp-json\/wp\/v2\/types\/page"}],"author":[{"embeddable":true,"href":"https:\/\/www.kasinobonus.ai\/es\/wp-json\/wp\/v2\/users\/3"}],"replies":[{"embeddable":true,"href":"https:\/\/www.kasinobonus.ai\/es\/wp-json\/wp\/v2\/comments?post=13495"}],"version-history":[{"count":9,"href":"https:\/\/www.kasinobonus.ai\/es\/wp-json\/wp\/v2\/pages\/13495\/revisions"}],"predecessor-version":[{"id":35113,"href":"https:\/\/www.kasinobonus.ai\/es\/wp-json\/wp\/v2\/pages\/13495\/revisions\/35113"}],"wp:featuredmedia":[{"embeddable":true,"href":"https:\/\/www.kasinobonus.ai\/es\/wp-json\/wp\/v2\/media\/13499"}],"wp:attachment":[{"href":"https:\/\/www.kasinobonus.ai\/es\/wp-json\/wp\/v2\/media?parent=13495"}],"curies":[{"name":"wp","href":"https:\/\/api.w.org\/{rel}","templated":true}]}}