{"id":13444,"date":"2023-09-27T13:50:21","date_gmt":"2023-09-27T13:50:21","guid":{"rendered":"http:\/\/kasinobonus.ai.dedivirt842.your-server.de\/non-sticky-bonus\/"},"modified":"2025-07-30T14:04:41","modified_gmt":"2025-07-30T14:04:41","slug":"non-sticky-bonus","status":"publish","type":"page","link":"https:\/\/www.kasinobonus.ai\/es\/non-sticky-bonus\/","title":{"rendered":"Bonificaci\u00f3n no adhesiva"},"content":{"rendered":"\n<h1 class=\"wp-block-heading\">Bonificaciones no vinculantes en Espa\u00f1a<\/h1>\n\n\n\n<p>Un bono no fijo es una de las promociones m\u00e1s favorables al jugador que puedes encontrar en un casino online. A diferencia de los bonos <em>fijos<\/em> tradicionales, que bloquean tu <a href=\"https:\/\/www.kasinobonus.ai\/es\/bonos-por-deposito\/\">dep\u00f3sito<\/a> y tu bono hasta que se cumplan los requisitos de apuesta, un bono no fijo te permite retirar tu dep\u00f3sito y tus ganancias en cualquier momento, \u00a1sin tener que preocuparte de cumplir primero ning\u00fan requisito de apuesta! Hoy exploraremos los mejores bonos no fijos en Espa\u00f1a que puedes solicitar hoy mismo.  <\/p>\n\n\n\n<h2 class=\"wp-block-heading\">Casinos que ofrecen bonos no fijos<\/h2>\n\n\n\n<p>Ahora, gracias a una ley aprobada en en Espa\u00f1a hace unos a\u00f1os, todos los bonos ofrecidos a los jugadores brit\u00e1nicos deben ser no fijos (tambi\u00e9n conocidos como bonos paraca\u00eddas). Pero eso no significa que debas elegir el primero que veas. Descubre las mejores ofertas de bonos no fijos disponibles hoy en esta p\u00e1gina.  <\/p>\n\n\n\n<p>Si te encuentras en en Espa\u00f1a, encontrar bonos no pegajosos es relativamente sencillo: la mayor\u00eda de los casinos online los ofrecen al menos de <em>alguna<\/em> forma. Sin embargo, con tantos casinos que hay, encontrar <em>uno bueno<\/em> puede ser dif\u00edcil. <\/p>\n\n\n\n<p>Para ayudarte, he elaborado una lista de los <a href=\"https:\/\/www.kasinobonus.ai\/es\/\">mejores casinos en Espa\u00f1a<\/a> que ofrecen actualmente bonos no pegajosos, que encontrar\u00e1s a continuaci\u00f3n:<\/p>\n\n\n<p>[brand_table template=\u00bbtable_style_1.php\u00bb country=\u00bbEN\u00bb bonus=\u00bb\u00bb]<\/p>\n\n\n<div class=\"wp-block-poka-faq\"><div class=\"faq-wrapper\"><ul class=\"faq-list\"><\/ul><\/div><\/div>\n\n\n<p>\u00bfVes un casino que te gusta? \u00a1Reg\u00edstrate, haz un dep\u00f3sito y reclama tu bonificaci\u00f3n hoy mismo! <\/p>\n\n\n\n<h3 class=\"wp-block-heading\">C\u00f3mo revisamos los casinos<\/h3>\n\n\n\n<p>En KasinoBonus nos enorgullecemos de recomendar a nuestros lectores los casinos <em>mejores y<\/em>m\u00e1s seguros. Mi equipo y yo probamos personalmente todos los sitios que revisamos, teniendo en cuenta un gran n\u00famero de factores como la selecci\u00f3n de juegos, las condiciones de los bonos, la velocidad de cobro, los servicios de atenci\u00f3n al cliente y la licencia\/seguridad.   <\/p>\n\n\n\n<p>Si un casino online aparece en la lista de <em>recomendados<\/em> de KasinoBonus, significa que ha cumplido nuestras rigurosas normas de comprobaci\u00f3n y que se considera seguro, fiable y digno de confianza. Algunos de los factores que tenemos en cuenta al redactar las rese\u00f1as son: <\/p>\n\n\n\n<ul class=\"wp-block-list\">\n<li><strong>Selecci\u00f3n de juegos:<\/strong> Claro que quieres ganar dinero cuando juegas online&#8230; \u00a1pero encontrar juegos que se adapten a tus preferencias personales <em>tambi\u00e9n<\/em> es muy importante! Por eso en todas nuestras rese\u00f1as nos fijamos en la selecci\u00f3n de juegos y en cu\u00e1ntos (y cu\u00e1les) desarrolladores de juegos se ofrecen. <\/li>\n\n\n\n<li><strong>Bonificaciones y promociones:<\/strong> Nuestro experto equipo de revisores examina <em>muy detenidamente<\/em> las bonificaciones y promociones que se ofrecen. No s\u00f3lo comprobamos la generosidad de las bonificaciones, sino <em>tambi\u00e9n<\/em> los t\u00e9rminos y condiciones, para asegurarnos de que realmente puedes ganar con ellas. <\/li>\n\n\n\n<li><strong>Velocidad de pago:<\/strong> Los casinos est\u00e1n encantados de <em>aceptar<\/em> tus dep\u00f3sitos, pero \u00bfpagan con la misma rapidez? Para averiguarlo, cuando escribimos nuestras rese\u00f1as de casinos, <em>siempre<\/em> hacemos dep\u00f3sitos y retiradas reales, \u00a1para poder averiguarlo e informarte! <\/li>\n\n\n\n<li><strong>Atenci\u00f3n al cliente:<\/strong> No hay nada peor que tener problemas cuando se juega en l\u00ednea, y por eso todos los mejores casinos en l\u00ednea ofrecen atenci\u00f3n al cliente 24 horas al d\u00eda, 7 d\u00edas a la semana. Probamos personalmente los canales de asistencia ofrecidos, revisando su capacidad de respuesta, utilidad y amabilidad.   <\/li>\n\n\n\n<li><strong>Funcionalidad m\u00f3vil:<\/strong> Hoy en d\u00eda, m\u00e1s jugadores que nunca eligen apostar desde sus dispositivos m\u00f3viles, y por eso, al revisar los casinos, comprobamos la aplicaci\u00f3n m\u00f3vil (o el sitio web) para asegurarnos de que es r\u00e1pida, est\u00e1 optimizada y es f\u00e1cil de usar.<\/li>\n<\/ul>\n\n\n\n<h3 class=\"wp-block-heading\">\u00bfQu\u00e9 es una bonificaci\u00f3n no fija?<\/h3>\n\n\n\n<p>Un bono no fijo, tambi\u00e9n conocido como bono paraca\u00eddas o \u00abbono de juego limpio\u00bb, es un tipo de bono de casino en el que primero se utiliza tu dep\u00f3sito de dinero real. S\u00f3lo despu\u00e9s de que se agote tu saldo de dinero real empiezas a jugar con los fondos de la bonificaci\u00f3n &#8211; \u00a1y esto significa que en cualquier momento <em>antes de<\/em> que utilices los fondos de la bonificaci\u00f3n puedes retirar dinero si ganas! Mientras no hayas utilizado los fondos de la bonificaci\u00f3n, puedes jugar a los juegos que quieras, con el tama\u00f1o de apuesta que desees, \u00a1y no tienes que preocuparte por los requisitos de apuesta!  <\/p>\n\n\n\n<p>B\u00e1sicamente, los bonos no fijos son como bonos de \u00absegunda oportunidad\u00bb. Si consigues una buena ganancia antes de utilizar el bono, puedes retirarlo sin m\u00e1s. Y, si acabas perdiendo tu dep\u00f3sito inicial, tienes los fondos de la bonificaci\u00f3n de reserva para jugar, \u00a1aunque con requisitos de apuesta!  <\/p>\n\n\n\n<h3 class=\"wp-block-heading\">Tipos de primas no fijas<\/h3>\n\n\n\n<p>Las bonificaciones y promociones no adhesivas pueden tener distintos formatos. Algunos de los m\u00e1s comunes son <\/p>\n\n\n\n<ul class=\"wp-block-list\">\n<li><strong>Bonificaci\u00f3n<\/strong> de dep\u00f3sito igualada &#8211; Una bonificaci\u00f3n de dep\u00f3sito igualada no pegajosa significa que el casino iguala el importe de tu dep\u00f3sito -a menudo, en un 100%- y t\u00fa juegas primero con los fondos de tu dep\u00f3sito.<\/li>\n\n\n\n<li>Bonos no fijos sin <strong>apuesta<\/strong> &#8211; Los bonos no fijos sin apuesta son <em>muy<\/em> raros, pero aunque utilices los fondos del bono, no tendr\u00e1s que preocuparte por ning\u00fan requisito de apuesta.<\/li>\n\n\n\n<li><strong>Ofertas<\/strong> no fijas <strong>de Casino en Vivo<\/strong> &#8211; A veces, encontrar\u00e1s bonos y promociones no fijas disponibles para usar en juegos con crupier en vivo, \u00a1a menudo tambi\u00e9n con requisitos de apuesta m\u00e1s bajos!<\/li>\n\n\n\n<li><strong>Bonos no fijos para grandes apostadores<\/strong> &#8211; Estos bonos est\u00e1n dise\u00f1ados para los jugadores m\u00e1s apostadores &#8211; y ofrecen mayores importes m\u00e1ximos de bono &#8211; y a menudo tienen menores requisitos de apuesta.<\/li>\n<\/ul>\n\n\n\n<h2 class=\"wp-block-heading\">Los mejores casinos en Espa\u00f1a con bonos no pegajosos<\/h2>\n\n\n\n<p>Si est\u00e1s buscando el mejor casino en Espa\u00f1a que ofrezca un bono no pegajoso, Casumo es sin duda una de las mejores opciones. Es una marca de gran confianza, tiene licencia de la Comisi\u00f3n del Juego del Reino Unido (UKGC) y ofrece una amplia gama de juegos, desde juegos con crupier en vivo y tragaperras de v\u00eddeo hasta botes progresivos y juegos de mesa. Su sitio web es uno de los m\u00e1s modernos y f\u00e1ciles de usar que existen, ofrecen retiradas de dinero muy r\u00e1pidas y tienen una gran reputaci\u00f3n por sus servicios de atenci\u00f3n al cliente.  <\/p>\n\n\n\n<figure class=\"wp-block-table\"><table class=\"has-fixed-layout\"><tbody><tr><td><strong>Las mejores bonificaciones no adhesivas en Espa\u00f1a<\/strong><\/td><td><strong>Detalles del bono<\/strong><\/td><\/tr><tr><td>Casino Casumo<\/td><td>Bono de dep\u00f3sito igualado al 100% hasta \u20ac100 + 50 tiradas gratis<\/td><\/tr><\/tbody><\/table><\/figure>\n\n\n\n<h3 class=\"wp-block-heading\">T\u00e9rminos y condiciones<\/h3>\n\n\n\n<p>Aunque los bonos no fijos suelen ser m\u00e1s favorables para el jugador que los bonos fijos tradicionales, <em>tambi\u00e9n<\/em> incluyen condiciones que debes conocer antes de empezar a jugar. Ahora bien, en t\u00e9rminos generales, antes de que <em>utilices<\/em> los fondos del bono, no tienes que preocuparte de ninguna condici\u00f3n. Sin embargo, no <em>siempre es<\/em> as\u00ed, as\u00ed que compru\u00e9balo siempre.  <\/p>\n\n\n\n<p>La mayor\u00eda de los Bonos en Espa\u00f1a no pegajosos s\u00f3lo aplican requisitos de apuesta una vez que has hecho uso del bono y el saldo de los fondos del bono se activa. Sin embargo, no s\u00f3lo debes tener en cuenta los requisitos de apuesta. Tambi\u00e9n se pueden aplicar otras restricciones, como los l\u00edmites m\u00e1ximos de apuesta, los juegos excluidos, los l\u00edmites de tiempo (en los que tienes que completar los requisitos de apuesta) y los l\u00edmites m\u00e1ximos de retirada de fondos.  <\/p>\n\n\n\n<h3 class=\"wp-block-heading\">C\u00f3mo solicitar una bonificaci\u00f3n no fija<\/h3>\n\n\n\n<p>Reclamar una bonificaci\u00f3n no adhesiva es <em>realmente f\u00e1cil<\/em>. Aqu\u00ed te explicamos c\u00f3mo reclamar la tuya: <\/p>\n\n\n\n<ol class=\"wp-block-list\">\n<li>Reg\u00edstrate en un casino (te recomendamos que elijas uno de los mejores de KasinoBonus).<\/li>\n\n\n\n<li>Opta a la bonificaci\u00f3n durante el registro o cuando vayas a depositar.<\/li>\n\n\n\n<li>Realiza un dep\u00f3sito admisible, asegur\u00e1ndote de utilizar un m\u00e9todo de pago admisible. (Tambi\u00e9n debes asegurarte de que cumples los requisitos de dep\u00f3sito m\u00ednimo). <\/li>\n\n\n\n<li>Juega primero con tu saldo de dinero real, \u00a1y retira dinero en cualquier momento si ganas!<\/li>\n\n\n\n<li>Si pierdes tu saldo de dinero real, s\u00f3lo <em>entonces<\/em> se activar\u00e1n los fondos de bonificaci\u00f3n, y los requisitos de apuesta asociados a ellos.<\/li>\n<\/ol>\n\n\n\n<h3 class=\"wp-block-heading\">Alternativas a las primas no fijas<\/h3>\n\n\n\n<figure class=\"wp-block-table\"><table class=\"has-fixed-layout\"><thead><tr><th><strong>Bonificaci\u00f3n alternativa<\/strong><\/th><th><strong>Descripci\u00f3n<\/strong><\/th><\/tr><\/thead><tbody><tr><td>Bonificaci\u00f3n adhesiva<\/td><td>Los fondos de dep\u00f3sito y de bonificaci\u00f3n se fusionan, por lo que los requisitos de apuesta se aplican a <em>ambos<\/em>.<\/td><\/tr><tr><td>Bono sin apuesta<\/td><td>Un bono sin apuestas significa que no hay requisitos de apuesta de los que preocuparse, \u00a1as\u00ed que todo lo que ganes con el bono ser\u00e1 tuyo de inmediato!<\/td><\/tr><tr><td>Bonificaci\u00f3n por devoluci\u00f3n<\/td><td>Una bonificaci\u00f3n de devoluci\u00f3n te devuelve una parte de las p\u00e9rdidas netas, ya sea en efectivo o en forma de fondos de bonificaci\u00f3n.<\/td><\/tr><tr><td>Bono sin dep\u00f3sito<\/td><td>Una bonificaci\u00f3n sin dep\u00f3sito es una peque\u00f1a bonificaci\u00f3n que puedes reclamar al registrarte en un nuevo casino online.<\/td><\/tr><tr><td>Bono de Bienvenida de Casino en Vivo<\/td><td>Los bonos de casino en vivo -aunque poco comunes- est\u00e1n dise\u00f1ados para jugarse s\u00f3lo en juegos con crupier en vivo. Suelen tener requisitos de apuesta m\u00e1s bajos y condiciones m\u00e1s favorables. <\/td><\/tr><\/tbody><\/table><\/figure>\n\n\n\n<h2 class=\"wp-block-heading\">Ventajas &amp; Inconvenientes<\/h2>\n\n\n\n<figure class=\"wp-block-image size-full\"><img decoding=\"async\" width=\"1000\" height=\"666\" src=\"https:\/\/www.kasinobonus.ai\/wp-content\/uploads\/2025\/06\/KB-Bonos-por-Deposito.jpg\" alt=\"KB Bonos por Dep\u00f3sito\" class=\"wp-image-29758\" srcset=\"https:\/\/www.kasinobonus.ai\/wp-content\/uploads\/2025\/06\/KB-Bonos-por-Deposito.jpg 1000w, https:\/\/www.kasinobonus.ai\/wp-content\/uploads\/2025\/06\/KB-Bonos-por-Deposito-300x200.jpg 300w, https:\/\/www.kasinobonus.ai\/wp-content\/uploads\/2025\/06\/KB-Bonos-por-Deposito-768x511.jpg 768w, https:\/\/www.kasinobonus.ai\/wp-content\/uploads\/2025\/06\/KB-Bonos-por-Deposito-110x73.jpg 110w, https:\/\/www.kasinobonus.ai\/wp-content\/uploads\/2025\/06\/KB-Bonos-por-Deposito-575x383.jpg 575w\" sizes=\"(max-width: 1000px) 100vw, 1000px\" \/><\/figure>\n\n\n\n<div class=\"wp-block-columns is-layout-flex wp-container-core-columns-is-layout-28f84493 wp-block-columns-is-layout-flex\">\n<div class=\"wp-block-column is-layout-flow wp-block-column-is-layout-flow\">\n<h3 class=\"wp-block-heading\">\u2705 Ventajas<\/h3>\n\n\n\n<ul class=\"wp-block-list\">\n<li>\u2705 Montos de bonificaci\u00f3n m\u00e1s altos en comparaci\u00f3n con las ofertas sin dep\u00f3sito<\/li>\n\n\n\n<li>\u2705 Desbloquea el acceso a paquetes de bienvenida y beneficios VIP<\/li>\n\n\n\n<li>\u2705 A menudo incluye tanto dinero extra como giros gratuitos<\/li>\n\n\n\n<li>\u2705 Gran valor para los jugadores que ya planean depositar<\/li>\n\n\n\n<li>\u2705 Ampliamente aceptado en la mayor\u00eda de los casinos en l\u00ednea<\/li>\n<\/ul>\n<\/div>\n\n\n\n<div class=\"wp-block-column is-layout-flow wp-block-column-is-layout-flow\">\n<h3 class=\"wp-block-heading\">\u274c Desventajas<\/h3>\n\n\n\n<ul class=\"wp-block-list\">\n<li>\u274c Viene con requisitos de apuesta (a veces 30x\u201350x)<\/li>\n\n\n\n<li>\u274c Los fondos de bonificaci\u00f3n pueden bloquearse hasta que se cumplan las condiciones<\/li>\n\n\n\n<li>\u274c Algunos juegos est\u00e1n excluidos del juego de bonificaci\u00f3n<\/li>\n\n\n\n<li>\u274c Pueden aplicarse l\u00edmites m\u00e1ximos de apuestas al usar la bonificaci\u00f3n<\/li>\n\n\n\n<li>\u274c El retiro suele estar restringido hasta que se liquide la bonificaci\u00f3n<\/li>\n<\/ul>\n<\/div>\n<\/div>\n\n\n\n<h2 class=\"wp-block-heading\">Los mejores bonos de dep\u00f3sito en Espa\u00f1a<\/h2>\n\n\n\n<figure class=\"wp-block-table\"><table class=\"has-fixed-layout\"><thead><tr><th>Casino<\/th><th>Bono<\/th><th>Condiciones<\/th><th>C\u00f3digo\/Nota<\/th><th>Enlace<\/th><\/tr><\/thead><tbody><tr><td>FatPirate<\/td><td>Bono de bienvenida del 100% hasta 500\u202f\u20ac + 200 giros gratis<\/td><td>Bono con dep\u00f3sito<\/td><td>\u2013<\/td><td><a href=\"https:\/\/www.kasinobonus.ai\/go\/fatpirate\">Jugar ahora<\/a><\/td><\/tr><tr><td>Jet Casino<\/td><td>50 tiradas gratis sin dep\u00f3sito + Bono 100% hasta 300\u202f\u20ac<\/td><td>Sin dep\u00f3sito + bono con dep\u00f3sito<\/td><td>EXCLUSIVA<\/td><td><a href=\"https:\/\/www.kasinobonus.ai\/go\/jet\">Jugar ahora<\/a><\/td><\/tr><tr><td>Bet on Red<\/td><td>50 tiradas gratis sin dep\u00f3sito + Bono 100% hasta 100\u202f\u20ac + 150 giros a Gates of Olympus<\/td><td>Sin dep\u00f3sito + bono con dep\u00f3sito<\/td><td>BLITZ3<\/td><td><a href=\"https:\/\/www.kasinobonus.ai\/go\/betonred\">Jugar ahora<\/a><\/td><\/tr><tr><td>Drip Casino<\/td><td>50 tiradas gratis sin dep\u00f3sito + Bono del 150% hasta 600\u202f\u20ac<\/td><td>Sin dep\u00f3sito + bono con dep\u00f3sito<\/td><td>EXCLUSIVA<\/td><td><a href=\"https:\/\/www.kasinobonus.ai\/go\/drip\">Jugar ahora<\/a><\/td><\/tr><tr><td>Candy Casino<\/td><td>Bono sin dep\u00f3sito de 50\u202f\u20ac = 100 tiradas gratis (0,50\u202f\u20ac\/tirada). Apuesta x20, m\u00e1x. 3\u202f\u20ac por giro.<\/td><td>Completar KYC + email verificado<\/td><td>Valor: 50\u202f\u20ac sin dep\u00f3sito<\/td><td><a href=\"https:\/\/www.kasinobonus.ai\/go\/candy\">Jugar ahora<\/a><\/td><\/tr><\/tbody><\/table><\/figure>\n\n\n\n<h2 class=\"wp-block-heading\"><strong>Recursos sobre juego responsable<\/strong><\/h2>\n\n\n\n<p><a href=\"https:\/\/www.juegoesresponsable.org\/\">https:\/\/www.juegoesresponsable.org\/<\/a><\/p>\n\n\n\n<p><a href=\"https:\/\/www.jugarbien.es\/\">https:\/\/www.jugarbien.es<\/a><\/p>\n\n\n\n<p><a href=\"https:\/\/www.ordenacionjuego.gob.es\/\">https:\/\/www.ordenacionjuego.gob.es<\/a><\/p>\n\n\n\n<p><a href=\"https:\/\/fejar.org\/\">https:\/\/fejar.org\/<\/a><\/p>\n","protected":false},"excerpt":{"rendered":"<p>Bonificaciones no vinculantes en Espa\u00f1a Un bono no fijo es una de las promociones m\u00e1s favorables al jugador que puedes encontrar en un casino online. A diferencia de los bonos fijos tradicionales, que bloquean tu dep\u00f3sito y tu bono hasta que se cumplan los requisitos de apuesta, un bono no fijo te permite retirar tu [&hellip;]<\/p>\n","protected":false},"author":1,"featured_media":13447,"parent":0,"menu_order":0,"comment_status":"open","ping_status":"closed","template":"","meta":{"inline_featured_image":false,"footnotes":""},"class_list":["post-13444","page","type-page","status-publish","has-post-thumbnail","hentry"],"yoast_head":"<!-- This site is optimized with the Yoast SEO plugin v24.5 - https:\/\/yoast.com\/wordpress\/plugins\/seo\/ -->\n<title>Bono No Pegajoso En Espa\u00f1a 2025 - www.kasinobonus.ai<\/title>\n<meta name=\"description\" content=\"Bono no pegajoso: Descubre las mejores ofertas y consejos del mercado. \u00a1Mejora tu experiencia de juego con la elecci\u00f3n correcta!\" \/>\n<meta name=\"robots\" content=\"index, follow, max-snippet:-1, max-image-preview:large, max-video-preview:-1\" \/>\n<link rel=\"canonical\" href=\"https:\/\/www.kasinobonus.ai\/es\/non-sticky-bonus\/\" \/>\n<script type=\"application\/ld+json\" class=\"yoast-schema-graph\">{\"@context\":\"https:\/\/schema.org\",\"@graph\":[{\"@type\":\"WebPage\",\"@id\":\"https:\/\/www.kasinobonus.ai\/es\/non-sticky-bonus\/\",\"url\":\"https:\/\/www.kasinobonus.ai\/es\/non-sticky-bonus\/\",\"name\":\"Bono No Pegajoso En Espa\u00f1a 2025 - www.kasinobonus.ai\",\"isPartOf\":{\"@id\":\"https:\/\/www.kasinobonus.ai\/es\/#website\"},\"primaryImageOfPage\":{\"@id\":\"https:\/\/www.kasinobonus.ai\/es\/non-sticky-bonus\/#primaryimage\"},\"image\":{\"@id\":\"https:\/\/www.kasinobonus.ai\/es\/non-sticky-bonus\/#primaryimage\"},\"thumbnailUrl\":\"https:\/\/www.kasinobonus.ai\/wp-content\/uploads\/2024\/01\/bonos_non_sticky.jpg\",\"datePublished\":\"2023-09-27T13:50:21+00:00\",\"dateModified\":\"2025-07-30T14:04:41+00:00\",\"description\":\"Bono no pegajoso: Descubre las mejores ofertas y consejos del mercado. \u00a1Mejora tu experiencia de juego con la elecci\u00f3n correcta!\",\"breadcrumb\":{\"@id\":\"https:\/\/www.kasinobonus.ai\/es\/non-sticky-bonus\/#breadcrumb\"},\"inLanguage\":\"es\",\"potentialAction\":[{\"@type\":\"ReadAction\",\"target\":[\"https:\/\/www.kasinobonus.ai\/es\/non-sticky-bonus\/\"]}]},{\"@type\":\"ImageObject\",\"inLanguage\":\"es\",\"@id\":\"https:\/\/www.kasinobonus.ai\/es\/non-sticky-bonus\/#primaryimage\",\"url\":\"https:\/\/www.kasinobonus.ai\/wp-content\/uploads\/2024\/01\/bonos_non_sticky.jpg\",\"contentUrl\":\"https:\/\/www.kasinobonus.ai\/wp-content\/uploads\/2024\/01\/bonos_non_sticky.jpg\",\"width\":1200,\"height\":628,\"caption\":\"bonos non sticky\"},{\"@type\":\"BreadcrumbList\",\"@id\":\"https:\/\/www.kasinobonus.ai\/es\/non-sticky-bonus\/#breadcrumb\",\"itemListElement\":[{\"@type\":\"ListItem\",\"position\":1,\"name\":\"Home\",\"item\":\"https:\/\/kasinobonus.ai\/es\/\"},{\"@type\":\"ListItem\",\"position\":2,\"name\":\"Bonificaci\u00f3n no adhesiva\"}]},{\"@type\":\"WebSite\",\"@id\":\"https:\/\/www.kasinobonus.ai\/es\/#website\",\"url\":\"https:\/\/www.kasinobonus.ai\/es\/\",\"name\":\"www.kasinobonus.ai\",\"description\":\"\",\"publisher\":{\"@id\":\"https:\/\/www.kasinobonus.ai\/es\/#organization\"},\"potentialAction\":[{\"@type\":\"SearchAction\",\"target\":{\"@type\":\"EntryPoint\",\"urlTemplate\":\"https:\/\/www.kasinobonus.ai\/es\/?s={search_term_string}\"},\"query-input\":{\"@type\":\"PropertyValueSpecification\",\"valueRequired\":true,\"valueName\":\"search_term_string\"}}],\"inLanguage\":\"es\"},{\"@type\":\"Organization\",\"@id\":\"https:\/\/www.kasinobonus.ai\/es\/#organization\",\"name\":\"KasinoBonus\",\"alternateName\":\"KasinoBonusAI\",\"url\":\"https:\/\/www.kasinobonus.ai\/es\/\",\"logo\":{\"@type\":\"ImageObject\",\"inLanguage\":\"es\",\"@id\":\"https:\/\/www.kasinobonus.ai\/es\/#\/schema\/logo\/image\/\",\"url\":\"https:\/\/www.kasinobonus.ai\/wp-content\/uploads\/2023\/09\/kasinobonus-logo-light.png\",\"contentUrl\":\"https:\/\/www.kasinobonus.ai\/wp-content\/uploads\/2023\/09\/kasinobonus-logo-light.png\",\"width\":3200,\"height\":596,\"caption\":\"KasinoBonus\"},\"image\":{\"@id\":\"https:\/\/www.kasinobonus.ai\/es\/#\/schema\/logo\/image\/\"},\"sameAs\":[\"https:\/\/www.facebook.com\/kasinobonusio\/\",\"https:\/\/x.com\/Kasinobonus_io\",\"https:\/\/www.linkedin.com\/in\/matti-slotte-26612033b\",\"http:\/\/kasinobonus.wikidot.com\/system:welcome\",\"https:\/\/www.trustpilot.com\/review\/www.kasinobonus.ai\",\"https:\/\/orcid.org\/0009-0007-2889-1713\",\"https:\/\/en.everybodywiki.com\/Matti_Slotte\",\"https:\/\/www.immuniweb.com\/ssl\/kasinobonus.ai\/M4lqCqYY\/\"]}]}<\/script>\n<!-- \/ Yoast SEO plugin. -->","yoast_head_json":{"title":"Bono No Pegajoso En Espa\u00f1a 2025 - www.kasinobonus.ai","description":"Bono no pegajoso: Descubre las mejores ofertas y consejos del mercado. \u00a1Mejora tu experiencia de juego con la elecci\u00f3n correcta!","robots":{"index":"index","follow":"follow","max-snippet":"max-snippet:-1","max-image-preview":"max-image-preview:large","max-video-preview":"max-video-preview:-1"},"canonical":"https:\/\/www.kasinobonus.ai\/es\/non-sticky-bonus\/","schema":{"@context":"https:\/\/schema.org","@graph":[{"@type":"WebPage","@id":"https:\/\/www.kasinobonus.ai\/es\/non-sticky-bonus\/","url":"https:\/\/www.kasinobonus.ai\/es\/non-sticky-bonus\/","name":"Bono No Pegajoso En Espa\u00f1a 2025 - www.kasinobonus.ai","isPartOf":{"@id":"https:\/\/www.kasinobonus.ai\/es\/#website"},"primaryImageOfPage":{"@id":"https:\/\/www.kasinobonus.ai\/es\/non-sticky-bonus\/#primaryimage"},"image":{"@id":"https:\/\/www.kasinobonus.ai\/es\/non-sticky-bonus\/#primaryimage"},"thumbnailUrl":"https:\/\/www.kasinobonus.ai\/wp-content\/uploads\/2024\/01\/bonos_non_sticky.jpg","datePublished":"2023-09-27T13:50:21+00:00","dateModified":"2025-07-30T14:04:41+00:00","description":"Bono no pegajoso: Descubre las mejores ofertas y consejos del mercado. \u00a1Mejora tu experiencia de juego con la elecci\u00f3n correcta!","breadcrumb":{"@id":"https:\/\/www.kasinobonus.ai\/es\/non-sticky-bonus\/#breadcrumb"},"inLanguage":"es","potentialAction":[{"@type":"ReadAction","target":["https:\/\/www.kasinobonus.ai\/es\/non-sticky-bonus\/"]}]},{"@type":"ImageObject","inLanguage":"es","@id":"https:\/\/www.kasinobonus.ai\/es\/non-sticky-bonus\/#primaryimage","url":"https:\/\/www.kasinobonus.ai\/wp-content\/uploads\/2024\/01\/bonos_non_sticky.jpg","contentUrl":"https:\/\/www.kasinobonus.ai\/wp-content\/uploads\/2024\/01\/bonos_non_sticky.jpg","width":1200,"height":628,"caption":"bonos non sticky"},{"@type":"BreadcrumbList","@id":"https:\/\/www.kasinobonus.ai\/es\/non-sticky-bonus\/#breadcrumb","itemListElement":[{"@type":"ListItem","position":1,"name":"Home","item":"https:\/\/kasinobonus.ai\/es\/"},{"@type":"ListItem","position":2,"name":"Bonificaci\u00f3n no adhesiva"}]},{"@type":"WebSite","@id":"https:\/\/www.kasinobonus.ai\/es\/#website","url":"https:\/\/www.kasinobonus.ai\/es\/","name":"www.kasinobonus.ai","description":"","publisher":{"@id":"https:\/\/www.kasinobonus.ai\/es\/#organization"},"potentialAction":[{"@type":"SearchAction","target":{"@type":"EntryPoint","urlTemplate":"https:\/\/www.kasinobonus.ai\/es\/?s={search_term_string}"},"query-input":{"@type":"PropertyValueSpecification","valueRequired":true,"valueName":"search_term_string"}}],"inLanguage":"es"},{"@type":"Organization","@id":"https:\/\/www.kasinobonus.ai\/es\/#organization","name":"KasinoBonus","alternateName":"KasinoBonusAI","url":"https:\/\/www.kasinobonus.ai\/es\/","logo":{"@type":"ImageObject","inLanguage":"es","@id":"https:\/\/www.kasinobonus.ai\/es\/#\/schema\/logo\/image\/","url":"https:\/\/www.kasinobonus.ai\/wp-content\/uploads\/2023\/09\/kasinobonus-logo-light.png","contentUrl":"https:\/\/www.kasinobonus.ai\/wp-content\/uploads\/2023\/09\/kasinobonus-logo-light.png","width":3200,"height":596,"caption":"KasinoBonus"},"image":{"@id":"https:\/\/www.kasinobonus.ai\/es\/#\/schema\/logo\/image\/"},"sameAs":["https:\/\/www.facebook.com\/kasinobonusio\/","https:\/\/x.com\/Kasinobonus_io","https:\/\/www.linkedin.com\/in\/matti-slotte-26612033b","http:\/\/kasinobonus.wikidot.com\/system:welcome","https:\/\/www.trustpilot.com\/review\/www.kasinobonus.ai","https:\/\/orcid.org\/0009-0007-2889-1713","https:\/\/en.everybodywiki.com\/Matti_Slotte","https:\/\/www.immuniweb.com\/ssl\/kasinobonus.ai\/M4lqCqYY\/"]}]}},"_links":{"self":[{"href":"https:\/\/www.kasinobonus.ai\/es\/wp-json\/wp\/v2\/pages\/13444","targetHints":{"allow":["GET"]}}],"collection":[{"href":"https:\/\/www.kasinobonus.ai\/es\/wp-json\/wp\/v2\/pages"}],"about":[{"href":"https:\/\/www.kasinobonus.ai\/es\/wp-json\/wp\/v2\/types\/page"}],"author":[{"embeddable":true,"href":"https:\/\/www.kasinobonus.ai\/es\/wp-json\/wp\/v2\/users\/1"}],"replies":[{"embeddable":true,"href":"https:\/\/www.kasinobonus.ai\/es\/wp-json\/wp\/v2\/comments?post=13444"}],"version-history":[{"count":10,"href":"https:\/\/www.kasinobonus.ai\/es\/wp-json\/wp\/v2\/pages\/13444\/revisions"}],"predecessor-version":[{"id":35115,"href":"https:\/\/www.kasinobonus.ai\/es\/wp-json\/wp\/v2\/pages\/13444\/revisions\/35115"}],"wp:featuredmedia":[{"embeddable":true,"href":"https:\/\/www.kasinobonus.ai\/es\/wp-json\/wp\/v2\/media\/13447"}],"wp:attachment":[{"href":"https:\/\/www.kasinobonus.ai\/es\/wp-json\/wp\/v2\/media?parent=13444"}],"curies":[{"name":"wp","href":"https:\/\/api.w.org\/{rel}","templated":true}]}}