{"id":13351,"date":"2023-08-29T13:58:19","date_gmt":"2023-08-29T13:58:19","guid":{"rendered":"http:\/\/kasinobonus.ai.dedivirt842.your-server.de\/300-talletusbonus\/"},"modified":"2025-06-22T15:00:08","modified_gmt":"2025-06-22T15:00:08","slug":"bono-de-deposito-del-300","status":"publish","type":"page","link":"https:\/\/www.kasinobonus.ai\/es\/bono-de-deposito-del-300\/","title":{"rendered":"Bono de Dep\u00f3sito del 300%"},"content":{"rendered":"\n<h1 class=\"wp-block-heading\">Mejor Bono de Dep\u00f3sito del 300 % en Espa\u00f1a<\/h1>\n\n\n\n<p>Un bono de dep\u00f3sito del 300% es uno de los mayores bonos que se pueden encontrar, \u00a1ya que ofrece un impresionante aumento del 300% de tu dep\u00f3sito! Esto significa que acabar\u00e1s recibiendo <em>cuatro veces tu dep\u00f3sito inicial<\/em>, por lo que es una buena opci\u00f3n para los jugadores que quieran maximizar sus fondos y ampliar sus sesiones.<\/p>\n\n\n\n<p>En esta gu\u00eda, explicar\u00e9 c\u00f3mo funcionan los <a href=\"https:\/\/www.kasinobonus.ai\/es\/bonos-por-deposito\/\">bonos por dep\u00f3sito<\/a> equivalente al 300%, d\u00f3nde encontrarlos y por qu\u00e9 merece la pena tenerlos en cuenta.<\/p>\n\n\n\n<h2 class=\"wp-block-heading\">Casinos que Ofrecen Bonos del 300% en 2025<\/h2>\n\n\n\n<p>Como su nombre indica, un bono de dep\u00f3sito del 300% aumenta su dep\u00f3sito en&#8230; \u00a1300%! Esto significa que, por ejemplo, con un dep\u00f3sito de 10\u00a3, tu cuenta recibir\u00e1 30\u00a3 de bonificaci\u00f3n, \u00a1lo que har\u00e1 que tu saldo total ascienda a 40\u00a3! \u00bfTe parece bien? Entonces echa un vistazo a mis casinos recomendados donde puedes reclamar este bono a continuaci\u00f3n:<\/p>\n\n\n<p>[brand_table template=\u00bbtable_style_1.php\u00bb country=\u00bbES\u00bb bonus=\u00bb\u00bb]<\/p>\n\n\n\n<p>Una vez que hayas seleccionado un casino, al realizar un dep\u00f3sito se desbloquear\u00e1 tu bono del 300%, \u00a1d\u00e1ndote un mont\u00f3n de fondos extra para disfrutar!<\/p>\n\n\n\n<h2 class=\"wp-block-heading\">C\u00f3mo Evaluamos los Casinos<\/h2>\n\n\n\n<p>Al analizar los casinos en l\u00ednea que ofrecen bonos del 300%, mi equipo y yo comprobamos varios factores. En primer lugar, nos aseguramos de que tengan la licencia adecuada; sin una licencia de juego en l\u00ednea, no sabes si te pagar\u00e1n tus ganancias o si sus juegos son justos. Aqu\u00ed, en KasinoBonus, tambi\u00e9n probamos y revisamos todos los casinos personalmente, lo que nos permite informarte directamente sobre aspectos como la rapidez de los pagos, los servicios de atenci\u00f3n al cliente y las opciones de dep\u00f3sito.<\/p>\n\n\n\n<h2 class=\"wp-block-heading\">\u00bfPor qu\u00e9 Reclamar un Bono de Dep\u00f3sito del 300%?<\/h2>\n\n\n\n<p>Un bono de dep\u00f3sito del 300% puede <em>sonar <\/em>demasiado bueno para ser verdad, pero cuando se solicita en un casino que ofrece condiciones justas y una buena selecci\u00f3n de juegos, puede proporcionar una excepcional relaci\u00f3n calidad-precio.<\/p>\n\n\n\n<p>Este tipo de promociones te proporcionan un gran saldo inicial, lo que te permite probar diferentes juegos, experimentar con estrategias de apuesta y disfrutar de un juego prolongado, \u00a1<em>sin<\/em> riesgo adicional! Tambi\u00e9n es una forma excelente de probar un nuevo casino sin arriesgar tanto dinero!<\/p>\n\n\n\n<h2 class=\"wp-block-heading\">Ventajas &amp; Inconvenientes<\/h2>\n\n\n\n<figure class=\"wp-block-image size-full\"><img decoding=\"async\" width=\"1000\" height=\"666\" src=\"https:\/\/www.kasinobonus.ai\/wp-content\/uploads\/2025\/06\/KB-Bonos-por-Deposito.jpg\" alt=\"KB Bonos por Dep\u00f3sito\" class=\"wp-image-29758\" srcset=\"https:\/\/www.kasinobonus.ai\/wp-content\/uploads\/2025\/06\/KB-Bonos-por-Deposito.jpg 1000w, https:\/\/www.kasinobonus.ai\/wp-content\/uploads\/2025\/06\/KB-Bonos-por-Deposito-300x200.jpg 300w, https:\/\/www.kasinobonus.ai\/wp-content\/uploads\/2025\/06\/KB-Bonos-por-Deposito-768x511.jpg 768w, https:\/\/www.kasinobonus.ai\/wp-content\/uploads\/2025\/06\/KB-Bonos-por-Deposito-110x73.jpg 110w, https:\/\/www.kasinobonus.ai\/wp-content\/uploads\/2025\/06\/KB-Bonos-por-Deposito-575x383.jpg 575w\" sizes=\"(max-width: 1000px) 100vw, 1000px\" \/><\/figure>\n\n\n\n<div class=\"wp-block-columns is-layout-flex wp-container-core-columns-is-layout-28f84493 wp-block-columns-is-layout-flex\">\n<div class=\"wp-block-column is-layout-flow wp-block-column-is-layout-flow\">\n<h3 class=\"wp-block-heading\">\u2705 Ventajas<\/h3>\n\n\n\n<ul class=\"wp-block-list\">\n<li>\u2705 Montos de bonificaci\u00f3n m\u00e1s altos en comparaci\u00f3n con las ofertas sin dep\u00f3sito<\/li>\n\n\n\n<li>\u2705 Desbloquea el acceso a paquetes de bienvenida y beneficios VIP<\/li>\n\n\n\n<li>\u2705 A menudo incluye tanto dinero extra como giros gratuitos<\/li>\n\n\n\n<li>\u2705 Gran valor para los jugadores que ya planean depositar<\/li>\n\n\n\n<li>\u2705 Ampliamente aceptado en la mayor\u00eda de los casinos en l\u00ednea<\/li>\n<\/ul>\n<\/div>\n\n\n\n<div class=\"wp-block-column is-layout-flow wp-block-column-is-layout-flow\">\n<h3 class=\"wp-block-heading\">\u274c Desventajas<\/h3>\n\n\n\n<ul class=\"wp-block-list\">\n<li>\u274c Viene con requisitos de apuesta (a veces 30x\u201350x)<\/li>\n\n\n\n<li>\u274c Los fondos de bonificaci\u00f3n pueden bloquearse hasta que se cumplan las condiciones<\/li>\n\n\n\n<li>\u274c Algunos juegos est\u00e1n excluidos del juego de bonificaci\u00f3n<\/li>\n\n\n\n<li>\u274c Pueden aplicarse l\u00edmites m\u00e1ximos de apuestas al usar la bonificaci\u00f3n<\/li>\n\n\n\n<li>\u274c El retiro suele estar restringido hasta que se liquide la bonificaci\u00f3n<\/li>\n<\/ul>\n<\/div>\n<\/div>\n\n\n\n<h2 class=\"wp-block-heading\">Los mejores bonos de dep\u00f3sito en Espa\u00f1a<\/h2>\n\n\n\n<figure class=\"wp-block-table\"><table class=\"has-fixed-layout\"><thead><tr><th>Casino<\/th><th>Bono<\/th><th>Condiciones<\/th><th>C\u00f3digo\/Nota<\/th><th>Enlace<\/th><\/tr><\/thead><tbody><tr><td>FatPirate<\/td><td>Bono de bienvenida del 100% hasta 500\u202f\u20ac + 200 giros gratis<\/td><td>Bono con dep\u00f3sito<\/td><td>\u2013<\/td><td><a href=\"https:\/\/www.kasinobonus.ai\/go\/fatpirate\">Jugar ahora<\/a><\/td><\/tr><tr><td>Jet Casino<\/td><td>50 tiradas gratis sin dep\u00f3sito + Bono 100% hasta 300\u202f\u20ac<\/td><td>Sin dep\u00f3sito + bono con dep\u00f3sito<\/td><td>EXCLUSIVA<\/td><td><a href=\"https:\/\/www.kasinobonus.ai\/go\/jet\">Jugar ahora<\/a><\/td><\/tr><tr><td>Bet on Red<\/td><td>50 tiradas gratis sin dep\u00f3sito + Bono 100% hasta 100\u202f\u20ac + 150 giros a Gates of Olympus<\/td><td>Sin dep\u00f3sito + bono con dep\u00f3sito<\/td><td>BLITZ3<\/td><td><a href=\"https:\/\/www.kasinobonus.ai\/go\/betonred\">Jugar ahora<\/a><\/td><\/tr><tr><td>Drip Casino<\/td><td>50 tiradas gratis sin dep\u00f3sito + Bono del 150% hasta 600\u202f\u20ac<\/td><td>Sin dep\u00f3sito + bono con dep\u00f3sito<\/td><td>EXCLUSIVA<\/td><td><a href=\"https:\/\/www.kasinobonus.ai\/go\/drip\">Jugar ahora<\/a><\/td><\/tr><tr><td>Candy Casino<\/td><td>Bono sin dep\u00f3sito de 50\u202f\u20ac = 100 tiradas gratis (0,50\u202f\u20ac\/tirada). Apuesta x20, m\u00e1x. 3\u202f\u20ac por giro.<\/td><td>Completar KYC + email verificado<\/td><td>Valor: 50\u202f\u20ac sin dep\u00f3sito<\/td><td><a href=\"https:\/\/www.kasinobonus.ai\/go\/candy\">Jugar ahora<\/a><\/td><\/tr><\/tbody><\/table><\/figure>\n","protected":false},"excerpt":{"rendered":"<p>Mejor Bono de Dep\u00f3sito del 300 % en Espa\u00f1a Un bono de dep\u00f3sito del 300% es uno de los mayores bonos que se pueden encontrar, \u00a1ya que ofrece un impresionante aumento del 300% de tu dep\u00f3sito! Esto significa que acabar\u00e1s recibiendo cuatro veces tu dep\u00f3sito inicial, por lo que es una buena opci\u00f3n para los [&hellip;]<\/p>\n","protected":false},"author":1,"featured_media":13353,"parent":0,"menu_order":0,"comment_status":"open","ping_status":"closed","template":"","meta":{"inline_featured_image":false,"footnotes":""},"class_list":["post-13351","page","type-page","status-publish","has-post-thumbnail","hentry"],"yoast_head":"<!-- This site is optimized with the Yoast SEO plugin v24.5 - https:\/\/yoast.com\/wordpress\/plugins\/seo\/ -->\n<title>Bono de Dep\u00f3sito del 300 % 2025 - www.kasinobonus.ai<\/title>\n<meta name=\"description\" content=\"Elige el casino n\u00famero uno y reclama tu bono de dep\u00f3sito del 300% \u2013 \u00a1cuadruplica tu fondo para jugar de inmediato!\" \/>\n<meta name=\"robots\" content=\"index, follow, max-snippet:-1, max-image-preview:large, max-video-preview:-1\" \/>\n<link rel=\"canonical\" href=\"https:\/\/www.kasinobonus.ai\/es\/bono-de-deposito-del-300\/\" \/>\n<script type=\"application\/ld+json\" class=\"yoast-schema-graph\">{\"@context\":\"https:\/\/schema.org\",\"@graph\":[{\"@type\":\"WebPage\",\"@id\":\"https:\/\/www.kasinobonus.ai\/es\/bono-de-deposito-del-300\/\",\"url\":\"https:\/\/www.kasinobonus.ai\/es\/bono-de-deposito-del-300\/\",\"name\":\"Bono de Dep\u00f3sito del 300 % 2025 - www.kasinobonus.ai\",\"isPartOf\":{\"@id\":\"https:\/\/www.kasinobonus.ai\/es\/#website\"},\"primaryImageOfPage\":{\"@id\":\"https:\/\/www.kasinobonus.ai\/es\/bono-de-deposito-del-300\/#primaryimage\"},\"image\":{\"@id\":\"https:\/\/www.kasinobonus.ai\/es\/bono-de-deposito-del-300\/#primaryimage\"},\"thumbnailUrl\":\"https:\/\/www.kasinobonus.ai\/wp-content\/uploads\/2024\/01\/Bono_de_Deposito_del_300.jpg\",\"datePublished\":\"2023-08-29T13:58:19+00:00\",\"dateModified\":\"2025-06-22T15:00:08+00:00\",\"description\":\"Elige el casino n\u00famero uno y reclama tu bono de dep\u00f3sito del 300% \u2013 \u00a1cuadruplica tu fondo para jugar de inmediato!\",\"breadcrumb\":{\"@id\":\"https:\/\/www.kasinobonus.ai\/es\/bono-de-deposito-del-300\/#breadcrumb\"},\"inLanguage\":\"es\",\"potentialAction\":[{\"@type\":\"ReadAction\",\"target\":[\"https:\/\/www.kasinobonus.ai\/es\/bono-de-deposito-del-300\/\"]}]},{\"@type\":\"ImageObject\",\"inLanguage\":\"es\",\"@id\":\"https:\/\/www.kasinobonus.ai\/es\/bono-de-deposito-del-300\/#primaryimage\",\"url\":\"https:\/\/www.kasinobonus.ai\/wp-content\/uploads\/2024\/01\/Bono_de_Deposito_del_300.jpg\",\"contentUrl\":\"https:\/\/www.kasinobonus.ai\/wp-content\/uploads\/2024\/01\/Bono_de_Deposito_del_300.jpg\",\"width\":1200,\"height\":628,\"caption\":\"Bono de Deposito del 300\"},{\"@type\":\"BreadcrumbList\",\"@id\":\"https:\/\/www.kasinobonus.ai\/es\/bono-de-deposito-del-300\/#breadcrumb\",\"itemListElement\":[{\"@type\":\"ListItem\",\"position\":1,\"name\":\"Home\",\"item\":\"https:\/\/kasinobonus.ai\/es\/\"},{\"@type\":\"ListItem\",\"position\":2,\"name\":\"Bono de Dep\u00f3sito del 300%\"}]},{\"@type\":\"WebSite\",\"@id\":\"https:\/\/www.kasinobonus.ai\/es\/#website\",\"url\":\"https:\/\/www.kasinobonus.ai\/es\/\",\"name\":\"www.kasinobonus.ai\",\"description\":\"\",\"publisher\":{\"@id\":\"https:\/\/www.kasinobonus.ai\/es\/#organization\"},\"potentialAction\":[{\"@type\":\"SearchAction\",\"target\":{\"@type\":\"EntryPoint\",\"urlTemplate\":\"https:\/\/www.kasinobonus.ai\/es\/?s={search_term_string}\"},\"query-input\":{\"@type\":\"PropertyValueSpecification\",\"valueRequired\":true,\"valueName\":\"search_term_string\"}}],\"inLanguage\":\"es\"},{\"@type\":\"Organization\",\"@id\":\"https:\/\/www.kasinobonus.ai\/es\/#organization\",\"name\":\"KasinoBonus\",\"alternateName\":\"KasinoBonusAI\",\"url\":\"https:\/\/www.kasinobonus.ai\/es\/\",\"logo\":{\"@type\":\"ImageObject\",\"inLanguage\":\"es\",\"@id\":\"https:\/\/www.kasinobonus.ai\/es\/#\/schema\/logo\/image\/\",\"url\":\"https:\/\/www.kasinobonus.ai\/wp-content\/uploads\/2023\/09\/kasinobonus-logo-light.png\",\"contentUrl\":\"https:\/\/www.kasinobonus.ai\/wp-content\/uploads\/2023\/09\/kasinobonus-logo-light.png\",\"width\":3200,\"height\":596,\"caption\":\"KasinoBonus\"},\"image\":{\"@id\":\"https:\/\/www.kasinobonus.ai\/es\/#\/schema\/logo\/image\/\"},\"sameAs\":[\"https:\/\/www.facebook.com\/kasinobonusio\/\",\"https:\/\/x.com\/Kasinobonus_io\",\"https:\/\/www.linkedin.com\/in\/matti-slotte-26612033b\",\"http:\/\/kasinobonus.wikidot.com\/system:welcome\",\"https:\/\/www.trustpilot.com\/review\/www.kasinobonus.ai\",\"https:\/\/orcid.org\/0009-0007-2889-1713\",\"https:\/\/en.everybodywiki.com\/Matti_Slotte\",\"https:\/\/www.immuniweb.com\/ssl\/kasinobonus.ai\/M4lqCqYY\/\"]}]}<\/script>\n<!-- \/ Yoast SEO plugin. -->","yoast_head_json":{"title":"Bono de Dep\u00f3sito del 300 % 2025 - www.kasinobonus.ai","description":"Elige el casino n\u00famero uno y reclama tu bono de dep\u00f3sito del 300% \u2013 \u00a1cuadruplica tu fondo para jugar de inmediato!","robots":{"index":"index","follow":"follow","max-snippet":"max-snippet:-1","max-image-preview":"max-image-preview:large","max-video-preview":"max-video-preview:-1"},"canonical":"https:\/\/www.kasinobonus.ai\/es\/bono-de-deposito-del-300\/","schema":{"@context":"https:\/\/schema.org","@graph":[{"@type":"WebPage","@id":"https:\/\/www.kasinobonus.ai\/es\/bono-de-deposito-del-300\/","url":"https:\/\/www.kasinobonus.ai\/es\/bono-de-deposito-del-300\/","name":"Bono de Dep\u00f3sito del 300 % 2025 - www.kasinobonus.ai","isPartOf":{"@id":"https:\/\/www.kasinobonus.ai\/es\/#website"},"primaryImageOfPage":{"@id":"https:\/\/www.kasinobonus.ai\/es\/bono-de-deposito-del-300\/#primaryimage"},"image":{"@id":"https:\/\/www.kasinobonus.ai\/es\/bono-de-deposito-del-300\/#primaryimage"},"thumbnailUrl":"https:\/\/www.kasinobonus.ai\/wp-content\/uploads\/2024\/01\/Bono_de_Deposito_del_300.jpg","datePublished":"2023-08-29T13:58:19+00:00","dateModified":"2025-06-22T15:00:08+00:00","description":"Elige el casino n\u00famero uno y reclama tu bono de dep\u00f3sito del 300% \u2013 \u00a1cuadruplica tu fondo para jugar de inmediato!","breadcrumb":{"@id":"https:\/\/www.kasinobonus.ai\/es\/bono-de-deposito-del-300\/#breadcrumb"},"inLanguage":"es","potentialAction":[{"@type":"ReadAction","target":["https:\/\/www.kasinobonus.ai\/es\/bono-de-deposito-del-300\/"]}]},{"@type":"ImageObject","inLanguage":"es","@id":"https:\/\/www.kasinobonus.ai\/es\/bono-de-deposito-del-300\/#primaryimage","url":"https:\/\/www.kasinobonus.ai\/wp-content\/uploads\/2024\/01\/Bono_de_Deposito_del_300.jpg","contentUrl":"https:\/\/www.kasinobonus.ai\/wp-content\/uploads\/2024\/01\/Bono_de_Deposito_del_300.jpg","width":1200,"height":628,"caption":"Bono de Deposito del 300"},{"@type":"BreadcrumbList","@id":"https:\/\/www.kasinobonus.ai\/es\/bono-de-deposito-del-300\/#breadcrumb","itemListElement":[{"@type":"ListItem","position":1,"name":"Home","item":"https:\/\/kasinobonus.ai\/es\/"},{"@type":"ListItem","position":2,"name":"Bono de Dep\u00f3sito del 300%"}]},{"@type":"WebSite","@id":"https:\/\/www.kasinobonus.ai\/es\/#website","url":"https:\/\/www.kasinobonus.ai\/es\/","name":"www.kasinobonus.ai","description":"","publisher":{"@id":"https:\/\/www.kasinobonus.ai\/es\/#organization"},"potentialAction":[{"@type":"SearchAction","target":{"@type":"EntryPoint","urlTemplate":"https:\/\/www.kasinobonus.ai\/es\/?s={search_term_string}"},"query-input":{"@type":"PropertyValueSpecification","valueRequired":true,"valueName":"search_term_string"}}],"inLanguage":"es"},{"@type":"Organization","@id":"https:\/\/www.kasinobonus.ai\/es\/#organization","name":"KasinoBonus","alternateName":"KasinoBonusAI","url":"https:\/\/www.kasinobonus.ai\/es\/","logo":{"@type":"ImageObject","inLanguage":"es","@id":"https:\/\/www.kasinobonus.ai\/es\/#\/schema\/logo\/image\/","url":"https:\/\/www.kasinobonus.ai\/wp-content\/uploads\/2023\/09\/kasinobonus-logo-light.png","contentUrl":"https:\/\/www.kasinobonus.ai\/wp-content\/uploads\/2023\/09\/kasinobonus-logo-light.png","width":3200,"height":596,"caption":"KasinoBonus"},"image":{"@id":"https:\/\/www.kasinobonus.ai\/es\/#\/schema\/logo\/image\/"},"sameAs":["https:\/\/www.facebook.com\/kasinobonusio\/","https:\/\/x.com\/Kasinobonus_io","https:\/\/www.linkedin.com\/in\/matti-slotte-26612033b","http:\/\/kasinobonus.wikidot.com\/system:welcome","https:\/\/www.trustpilot.com\/review\/www.kasinobonus.ai","https:\/\/orcid.org\/0009-0007-2889-1713","https:\/\/en.everybodywiki.com\/Matti_Slotte","https:\/\/www.immuniweb.com\/ssl\/kasinobonus.ai\/M4lqCqYY\/"]}]}},"_links":{"self":[{"href":"https:\/\/www.kasinobonus.ai\/es\/wp-json\/wp\/v2\/pages\/13351","targetHints":{"allow":["GET"]}}],"collection":[{"href":"https:\/\/www.kasinobonus.ai\/es\/wp-json\/wp\/v2\/pages"}],"about":[{"href":"https:\/\/www.kasinobonus.ai\/es\/wp-json\/wp\/v2\/types\/page"}],"author":[{"embeddable":true,"href":"https:\/\/www.kasinobonus.ai\/es\/wp-json\/wp\/v2\/users\/1"}],"replies":[{"embeddable":true,"href":"https:\/\/www.kasinobonus.ai\/es\/wp-json\/wp\/v2\/comments?post=13351"}],"version-history":[{"count":3,"href":"https:\/\/www.kasinobonus.ai\/es\/wp-json\/wp\/v2\/pages\/13351\/revisions"}],"predecessor-version":[{"id":30671,"href":"https:\/\/www.kasinobonus.ai\/es\/wp-json\/wp\/v2\/pages\/13351\/revisions\/30671"}],"wp:featuredmedia":[{"embeddable":true,"href":"https:\/\/www.kasinobonus.ai\/es\/wp-json\/wp\/v2\/media\/13353"}],"wp:attachment":[{"href":"https:\/\/www.kasinobonus.ai\/es\/wp-json\/wp\/v2\/media?parent=13351"}],"curies":[{"name":"wp","href":"https:\/\/api.w.org\/{rel}","templated":true}]}}