{"id":13320,"date":"2023-08-29T13:58:06","date_gmt":"2023-08-29T13:58:06","guid":{"rendered":"http:\/\/kasinobonus.ai.dedivirt842.your-server.de\/200-talletusbonus\/"},"modified":"2025-06-22T15:00:21","modified_gmt":"2025-06-22T15:00:21","slug":"bono-de-deposito-del-200","status":"publish","type":"page","link":"https:\/\/www.kasinobonus.ai\/es\/bono-de-deposito-del-200\/","title":{"rendered":"Bono de Dep\u00f3sito del 200%"},"content":{"rendered":"\n<h1 class=\"wp-block-heading\">Mejor Bono de Dep\u00f3sito del 200 % en Espa\u00f1a<\/h1>\n\n\n\n<p>Puede que los bonos de dep\u00f3sito del 200% en el Espa\u00f1a ya no sean tan comunes como antes, pero si sabes d\u00f3nde buscar, es <em>muy <\/em>posible que a\u00fan los encuentres. \u00a1Un bono de dep\u00f3sito del 200% significa que el casino triplicar\u00e1 la cantidad de dinero que deposites!<\/p>\n\n\n\n<p>Por ejemplo, si depositas 50 libras, recibir\u00e1s 100 libras m\u00e1s en concepto de bonificaci\u00f3n, \u00a1con lo que tendr\u00e1s un total de 150 libras para jugar! Suenan muy bien (y a menudo lo son), y hoy te mostrar\u00e9 los mejores casinos en l\u00ednea que ofrecen estos bonos, \u00a1as\u00ed como consejos clave para sacarles el m\u00e1ximo partido!<\/p>\n\n\n\n<h2 class=\"wp-block-heading\">Casinos que Ofrecen Bonos del 200% 2025<\/h2>\n\n\n\n<p>Aunque son m\u00e1s raros que antes, los <a class=\"\" href=\"https:\/\/www.kasinobonus.ai\/es\/bonos-por-deposito\/\">bonos por dep\u00f3sito<\/a> del 200% en Espa\u00f1a siguen existiendo, pero elegir cu\u00e1l utilizar puede ser dif\u00edcil. Aqu\u00ed en KasinoBonus, hemos hecho todo el trabajo duro por ti, clasificando los cientos de diferentes casinos que los ofrecen, y confeccionando una lista de los mejores y m\u00e1s fiables sitios. Encuentra nuestras mejores selecciones a continuaci\u00f3n:<\/p>\n\n\n<p>[brand_table template=\u00bbtable_style_1.php\u00bb country=\u00bbES\u00bb bonus=\u00bb\u00bb]<\/p>\n\n\n\n<p>\u00a1Simplemente elige tu casino favorito, reg\u00edstrate y haz un dep\u00f3sito para recibir el doble de tu dinero en bonos!<\/p>\n\n\n\n<h2 class=\"wp-block-heading\">C\u00f3mo Evaluamos los Casinos<\/h2>\n\n\n\n<p>Al evaluar los casinos con bonos de dep\u00f3sito del 200%, me aseguro de que cumplan con los m\u00e1s altos est\u00e1ndares de la industria. El primer factor, y el m\u00e1s importante, es la licencia. Los sitios aprobados por la UKGC garantizan la seguridad del jugador y la imparcialidad. Tambi\u00e9n analizo las condiciones de los bonos, incluidos los requisitos de apuesta, los periodos de caducidad y las contribuciones a los juegos, para asegurarme de que la oferta es adecuada para el jugador, \u00a1y de que realmente tiene posibilidades de retirar sus ganancias!<\/p>\n\n\n\n<h2 class=\"wp-block-heading\">C\u00f3mo Obtener el M\u00e1ximo Provecho a un Bono de Dep\u00f3sito Equivalente al 200%<\/h2>\n\n\n\n<p>Con una bonificaci\u00f3n por dep\u00f3sito del 200%, obtendr\u00e1 el triple de su dep\u00f3sito inicial, pero es importante que <em>no <\/em>te vuelvas loco. Lo ideal es que te limites a tus apuestas habituales, aunque es posible que quieras aumentarlas ligeramente en torno a un 20% para tener en cuenta los requisitos de apuesta.<\/p>\n\n\n\n<p>Tambi\u00e9n deber\u00edas intentar elegir tragaperras con tasas de retorno m\u00e1s altas, ya que esto mejora <em>ligeramente <\/em>tus posibilidades de ganar cuanto m\u00e1s tiempo juegues. Adem\u00e1s, evita los juegos con premios progresivos y los juegos de mesa de casino, ya que la mayor\u00eda de los casinos en l\u00ednea los <em>excluyen <\/em>de las ofertas de bonos.<\/p>\n\n\n\n<h2 class=\"wp-block-heading\">Ventajas &amp; Inconvenientes<\/h2>\n\n\n\n<figure class=\"wp-block-image size-full\"><img decoding=\"async\" width=\"1000\" height=\"666\" src=\"https:\/\/www.kasinobonus.ai\/wp-content\/uploads\/2025\/06\/KB-Bonos-por-Deposito.jpg\" alt=\"KB Bonos por Dep\u00f3sito\" class=\"wp-image-29758\" srcset=\"https:\/\/www.kasinobonus.ai\/wp-content\/uploads\/2025\/06\/KB-Bonos-por-Deposito.jpg 1000w, https:\/\/www.kasinobonus.ai\/wp-content\/uploads\/2025\/06\/KB-Bonos-por-Deposito-300x200.jpg 300w, https:\/\/www.kasinobonus.ai\/wp-content\/uploads\/2025\/06\/KB-Bonos-por-Deposito-768x511.jpg 768w, https:\/\/www.kasinobonus.ai\/wp-content\/uploads\/2025\/06\/KB-Bonos-por-Deposito-110x73.jpg 110w, https:\/\/www.kasinobonus.ai\/wp-content\/uploads\/2025\/06\/KB-Bonos-por-Deposito-575x383.jpg 575w\" sizes=\"(max-width: 1000px) 100vw, 1000px\" \/><\/figure>\n\n\n\n<div class=\"wp-block-columns is-layout-flex wp-container-core-columns-is-layout-28f84493 wp-block-columns-is-layout-flex\">\n<div class=\"wp-block-column is-layout-flow wp-block-column-is-layout-flow\">\n<h3 class=\"wp-block-heading\">\u2705 Ventajas<\/h3>\n\n\n\n<ul class=\"wp-block-list\">\n<li>\u2705 Montos de bonificaci\u00f3n m\u00e1s altos en comparaci\u00f3n con las ofertas sin dep\u00f3sito<\/li>\n\n\n\n<li>\u2705 Desbloquea el acceso a paquetes de bienvenida y beneficios VIP<\/li>\n\n\n\n<li>\u2705 A menudo incluye tanto dinero extra como giros gratuitos<\/li>\n\n\n\n<li>\u2705 Gran valor para los jugadores que ya planean depositar<\/li>\n\n\n\n<li>\u2705 Ampliamente aceptado en la mayor\u00eda de los casinos en l\u00ednea<\/li>\n<\/ul>\n<\/div>\n\n\n\n<div class=\"wp-block-column is-layout-flow wp-block-column-is-layout-flow\">\n<h3 class=\"wp-block-heading\">\u274c Desventajas<\/h3>\n\n\n\n<ul class=\"wp-block-list\">\n<li>\u274c Viene con requisitos de apuesta (a veces 30x\u201350x)<\/li>\n\n\n\n<li>\u274c Los fondos de bonificaci\u00f3n pueden bloquearse hasta que se cumplan las condiciones<\/li>\n\n\n\n<li>\u274c Algunos juegos est\u00e1n excluidos del juego de bonificaci\u00f3n<\/li>\n\n\n\n<li>\u274c Pueden aplicarse l\u00edmites m\u00e1ximos de apuestas al usar la bonificaci\u00f3n<\/li>\n\n\n\n<li>\u274c El retiro suele estar restringido hasta que se liquide la bonificaci\u00f3n<\/li>\n<\/ul>\n<\/div>\n<\/div>\n\n\n\n<h2 class=\"wp-block-heading\">Los mejores bonos de dep\u00f3sito en Espa\u00f1a<\/h2>\n\n\n\n<figure class=\"wp-block-table\"><table class=\"has-fixed-layout\"><thead><tr><th>Casino<\/th><th>Bono<\/th><th>Condiciones<\/th><th>C\u00f3digo\/Nota<\/th><th>Enlace<\/th><\/tr><\/thead><tbody><tr><td>FatPirate<\/td><td>Bono de bienvenida del 100% hasta 500\u202f\u20ac + 200 giros gratis<\/td><td>Bono con dep\u00f3sito<\/td><td>\u2013<\/td><td><a href=\"https:\/\/www.kasinobonus.ai\/go\/fatpirate\">Jugar ahora<\/a><\/td><\/tr><tr><td>Jet Casino<\/td><td>50 tiradas gratis sin dep\u00f3sito + Bono 100% hasta 300\u202f\u20ac<\/td><td>Sin dep\u00f3sito + bono con dep\u00f3sito<\/td><td>EXCLUSIVA<\/td><td><a href=\"https:\/\/www.kasinobonus.ai\/go\/jet\">Jugar ahora<\/a><\/td><\/tr><tr><td>Bet on Red<\/td><td>50 tiradas gratis sin dep\u00f3sito + Bono 100% hasta 100\u202f\u20ac + 150 giros a Gates of Olympus<\/td><td>Sin dep\u00f3sito + bono con dep\u00f3sito<\/td><td>BLITZ3<\/td><td><a href=\"https:\/\/www.kasinobonus.ai\/go\/betonred\">Jugar ahora<\/a><\/td><\/tr><tr><td>Drip Casino<\/td><td>50 tiradas gratis sin dep\u00f3sito + Bono del 150% hasta 600\u202f\u20ac<\/td><td>Sin dep\u00f3sito + bono con dep\u00f3sito<\/td><td>EXCLUSIVA<\/td><td><a href=\"https:\/\/www.kasinobonus.ai\/go\/drip\">Jugar ahora<\/a><\/td><\/tr><tr><td>Candy Casino<\/td><td>Bono sin dep\u00f3sito de 50\u202f\u20ac = 100 tiradas gratis (0,50\u202f\u20ac\/tirada). Apuesta x20, m\u00e1x. 3\u202f\u20ac por giro.<\/td><td>Completar KYC + email verificado<\/td><td>Valor: 50\u202f\u20ac sin dep\u00f3sito<\/td><td><a href=\"https:\/\/www.kasinobonus.ai\/go\/candy\">Jugar ahora<\/a><\/td><\/tr><\/tbody><\/table><\/figure>\n\n\n\n<h2 class=\"wp-block-heading\" id=\"tw-target-text\">Recursos sobre juego responsable<\/h2>\n\n\n\n<ul class=\"wp-block-list\">\n<li><a href=\"https:\/\/www.jugarbien.es\">https:\/\/www.jugarbien.es<\/a><\/li>\n\n\n\n<li><a href=\"https:\/\/www.ordenacionjuego.gob.es\">https:\/\/www.ordenacionjuego.gob.es<\/a> <\/li>\n\n\n\n<li><a href=\"https:\/\/fejar.org\/\">https:\/\/fejar.org\/<\/a>  <\/li>\n\n\n\n<li><a href=\"https:\/\/www.juegoesresponsable.org\/\">https:\/\/www.juegoesresponsable.org\/<\/a><\/li>\n<\/ul>\n","protected":false},"excerpt":{"rendered":"<p>Mejor Bono de Dep\u00f3sito del 200 % en Espa\u00f1a Puede que los bonos de dep\u00f3sito del 200% en el Espa\u00f1a ya no sean tan comunes como antes, pero si sabes d\u00f3nde buscar, es muy posible que a\u00fan los encuentres. \u00a1Un bono de dep\u00f3sito del 200% significa que el casino triplicar\u00e1 la cantidad de dinero que [&hellip;]<\/p>\n","protected":false},"author":1,"featured_media":13323,"parent":0,"menu_order":0,"comment_status":"open","ping_status":"closed","template":"","meta":{"inline_featured_image":false,"footnotes":""},"class_list":["post-13320","page","type-page","status-publish","has-post-thumbnail","hentry"],"yoast_head":"<!-- This site is optimized with the Yoast SEO plugin v24.5 - https:\/\/yoast.com\/wordpress\/plugins\/seo\/ -->\n<title>Bono de Dep\u00f3sito del 200 % en Espa\u00f1a 2025 - www.kasinobonus.ai<\/title>\n<meta name=\"description\" content=\"Elige el mejor casino y consigue tu bono de dep\u00f3sito del 200% \u2013 triplica tu dinero de juego al instante 2025.\" \/>\n<meta name=\"robots\" content=\"index, follow, max-snippet:-1, max-image-preview:large, max-video-preview:-1\" \/>\n<link rel=\"canonical\" href=\"https:\/\/www.kasinobonus.ai\/es\/bono-de-deposito-del-200\/\" \/>\n<script type=\"application\/ld+json\" class=\"yoast-schema-graph\">{\"@context\":\"https:\/\/schema.org\",\"@graph\":[{\"@type\":\"WebPage\",\"@id\":\"https:\/\/www.kasinobonus.ai\/es\/bono-de-deposito-del-200\/\",\"url\":\"https:\/\/www.kasinobonus.ai\/es\/bono-de-deposito-del-200\/\",\"name\":\"Bono de Dep\u00f3sito del 200 % en Espa\u00f1a 2025 - www.kasinobonus.ai\",\"isPartOf\":{\"@id\":\"https:\/\/www.kasinobonus.ai\/es\/#website\"},\"primaryImageOfPage\":{\"@id\":\"https:\/\/www.kasinobonus.ai\/es\/bono-de-deposito-del-200\/#primaryimage\"},\"image\":{\"@id\":\"https:\/\/www.kasinobonus.ai\/es\/bono-de-deposito-del-200\/#primaryimage\"},\"thumbnailUrl\":\"https:\/\/www.kasinobonus.ai\/wp-content\/uploads\/2024\/01\/Bono_de_Deposito_del_200.jpg\",\"datePublished\":\"2023-08-29T13:58:06+00:00\",\"dateModified\":\"2025-06-22T15:00:21+00:00\",\"description\":\"Elige el mejor casino y consigue tu bono de dep\u00f3sito del 200% \u2013 triplica tu dinero de juego al instante 2025.\",\"breadcrumb\":{\"@id\":\"https:\/\/www.kasinobonus.ai\/es\/bono-de-deposito-del-200\/#breadcrumb\"},\"inLanguage\":\"es\",\"potentialAction\":[{\"@type\":\"ReadAction\",\"target\":[\"https:\/\/www.kasinobonus.ai\/es\/bono-de-deposito-del-200\/\"]}]},{\"@type\":\"ImageObject\",\"inLanguage\":\"es\",\"@id\":\"https:\/\/www.kasinobonus.ai\/es\/bono-de-deposito-del-200\/#primaryimage\",\"url\":\"https:\/\/www.kasinobonus.ai\/wp-content\/uploads\/2024\/01\/Bono_de_Deposito_del_200.jpg\",\"contentUrl\":\"https:\/\/www.kasinobonus.ai\/wp-content\/uploads\/2024\/01\/Bono_de_Deposito_del_200.jpg\",\"width\":1200,\"height\":628,\"caption\":\"Bono de Deposito del 200\"},{\"@type\":\"BreadcrumbList\",\"@id\":\"https:\/\/www.kasinobonus.ai\/es\/bono-de-deposito-del-200\/#breadcrumb\",\"itemListElement\":[{\"@type\":\"ListItem\",\"position\":1,\"name\":\"Home\",\"item\":\"https:\/\/kasinobonus.ai\/es\/\"},{\"@type\":\"ListItem\",\"position\":2,\"name\":\"Bono de Dep\u00f3sito del 200%\"}]},{\"@type\":\"WebSite\",\"@id\":\"https:\/\/www.kasinobonus.ai\/es\/#website\",\"url\":\"https:\/\/www.kasinobonus.ai\/es\/\",\"name\":\"www.kasinobonus.ai\",\"description\":\"\",\"publisher\":{\"@id\":\"https:\/\/www.kasinobonus.ai\/es\/#organization\"},\"potentialAction\":[{\"@type\":\"SearchAction\",\"target\":{\"@type\":\"EntryPoint\",\"urlTemplate\":\"https:\/\/www.kasinobonus.ai\/es\/?s={search_term_string}\"},\"query-input\":{\"@type\":\"PropertyValueSpecification\",\"valueRequired\":true,\"valueName\":\"search_term_string\"}}],\"inLanguage\":\"es\"},{\"@type\":\"Organization\",\"@id\":\"https:\/\/www.kasinobonus.ai\/es\/#organization\",\"name\":\"KasinoBonus\",\"alternateName\":\"KasinoBonusAI\",\"url\":\"https:\/\/www.kasinobonus.ai\/es\/\",\"logo\":{\"@type\":\"ImageObject\",\"inLanguage\":\"es\",\"@id\":\"https:\/\/www.kasinobonus.ai\/es\/#\/schema\/logo\/image\/\",\"url\":\"https:\/\/www.kasinobonus.ai\/wp-content\/uploads\/2023\/09\/kasinobonus-logo-light.png\",\"contentUrl\":\"https:\/\/www.kasinobonus.ai\/wp-content\/uploads\/2023\/09\/kasinobonus-logo-light.png\",\"width\":3200,\"height\":596,\"caption\":\"KasinoBonus\"},\"image\":{\"@id\":\"https:\/\/www.kasinobonus.ai\/es\/#\/schema\/logo\/image\/\"},\"sameAs\":[\"https:\/\/www.facebook.com\/kasinobonusio\/\",\"https:\/\/x.com\/Kasinobonus_io\",\"https:\/\/www.linkedin.com\/in\/matti-slotte-26612033b\",\"http:\/\/kasinobonus.wikidot.com\/system:welcome\",\"https:\/\/www.trustpilot.com\/review\/www.kasinobonus.ai\",\"https:\/\/orcid.org\/0009-0007-2889-1713\",\"https:\/\/en.everybodywiki.com\/Matti_Slotte\",\"https:\/\/www.immuniweb.com\/ssl\/kasinobonus.ai\/M4lqCqYY\/\"]}]}<\/script>\n<!-- \/ Yoast SEO plugin. -->","yoast_head_json":{"title":"Bono de Dep\u00f3sito del 200 % en Espa\u00f1a 2025 - www.kasinobonus.ai","description":"Elige el mejor casino y consigue tu bono de dep\u00f3sito del 200% \u2013 triplica tu dinero de juego al instante 2025.","robots":{"index":"index","follow":"follow","max-snippet":"max-snippet:-1","max-image-preview":"max-image-preview:large","max-video-preview":"max-video-preview:-1"},"canonical":"https:\/\/www.kasinobonus.ai\/es\/bono-de-deposito-del-200\/","schema":{"@context":"https:\/\/schema.org","@graph":[{"@type":"WebPage","@id":"https:\/\/www.kasinobonus.ai\/es\/bono-de-deposito-del-200\/","url":"https:\/\/www.kasinobonus.ai\/es\/bono-de-deposito-del-200\/","name":"Bono de Dep\u00f3sito del 200 % en Espa\u00f1a 2025 - www.kasinobonus.ai","isPartOf":{"@id":"https:\/\/www.kasinobonus.ai\/es\/#website"},"primaryImageOfPage":{"@id":"https:\/\/www.kasinobonus.ai\/es\/bono-de-deposito-del-200\/#primaryimage"},"image":{"@id":"https:\/\/www.kasinobonus.ai\/es\/bono-de-deposito-del-200\/#primaryimage"},"thumbnailUrl":"https:\/\/www.kasinobonus.ai\/wp-content\/uploads\/2024\/01\/Bono_de_Deposito_del_200.jpg","datePublished":"2023-08-29T13:58:06+00:00","dateModified":"2025-06-22T15:00:21+00:00","description":"Elige el mejor casino y consigue tu bono de dep\u00f3sito del 200% \u2013 triplica tu dinero de juego al instante 2025.","breadcrumb":{"@id":"https:\/\/www.kasinobonus.ai\/es\/bono-de-deposito-del-200\/#breadcrumb"},"inLanguage":"es","potentialAction":[{"@type":"ReadAction","target":["https:\/\/www.kasinobonus.ai\/es\/bono-de-deposito-del-200\/"]}]},{"@type":"ImageObject","inLanguage":"es","@id":"https:\/\/www.kasinobonus.ai\/es\/bono-de-deposito-del-200\/#primaryimage","url":"https:\/\/www.kasinobonus.ai\/wp-content\/uploads\/2024\/01\/Bono_de_Deposito_del_200.jpg","contentUrl":"https:\/\/www.kasinobonus.ai\/wp-content\/uploads\/2024\/01\/Bono_de_Deposito_del_200.jpg","width":1200,"height":628,"caption":"Bono de Deposito del 200"},{"@type":"BreadcrumbList","@id":"https:\/\/www.kasinobonus.ai\/es\/bono-de-deposito-del-200\/#breadcrumb","itemListElement":[{"@type":"ListItem","position":1,"name":"Home","item":"https:\/\/kasinobonus.ai\/es\/"},{"@type":"ListItem","position":2,"name":"Bono de Dep\u00f3sito del 200%"}]},{"@type":"WebSite","@id":"https:\/\/www.kasinobonus.ai\/es\/#website","url":"https:\/\/www.kasinobonus.ai\/es\/","name":"www.kasinobonus.ai","description":"","publisher":{"@id":"https:\/\/www.kasinobonus.ai\/es\/#organization"},"potentialAction":[{"@type":"SearchAction","target":{"@type":"EntryPoint","urlTemplate":"https:\/\/www.kasinobonus.ai\/es\/?s={search_term_string}"},"query-input":{"@type":"PropertyValueSpecification","valueRequired":true,"valueName":"search_term_string"}}],"inLanguage":"es"},{"@type":"Organization","@id":"https:\/\/www.kasinobonus.ai\/es\/#organization","name":"KasinoBonus","alternateName":"KasinoBonusAI","url":"https:\/\/www.kasinobonus.ai\/es\/","logo":{"@type":"ImageObject","inLanguage":"es","@id":"https:\/\/www.kasinobonus.ai\/es\/#\/schema\/logo\/image\/","url":"https:\/\/www.kasinobonus.ai\/wp-content\/uploads\/2023\/09\/kasinobonus-logo-light.png","contentUrl":"https:\/\/www.kasinobonus.ai\/wp-content\/uploads\/2023\/09\/kasinobonus-logo-light.png","width":3200,"height":596,"caption":"KasinoBonus"},"image":{"@id":"https:\/\/www.kasinobonus.ai\/es\/#\/schema\/logo\/image\/"},"sameAs":["https:\/\/www.facebook.com\/kasinobonusio\/","https:\/\/x.com\/Kasinobonus_io","https:\/\/www.linkedin.com\/in\/matti-slotte-26612033b","http:\/\/kasinobonus.wikidot.com\/system:welcome","https:\/\/www.trustpilot.com\/review\/www.kasinobonus.ai","https:\/\/orcid.org\/0009-0007-2889-1713","https:\/\/en.everybodywiki.com\/Matti_Slotte","https:\/\/www.immuniweb.com\/ssl\/kasinobonus.ai\/M4lqCqYY\/"]}]}},"_links":{"self":[{"href":"https:\/\/www.kasinobonus.ai\/es\/wp-json\/wp\/v2\/pages\/13320","targetHints":{"allow":["GET"]}}],"collection":[{"href":"https:\/\/www.kasinobonus.ai\/es\/wp-json\/wp\/v2\/pages"}],"about":[{"href":"https:\/\/www.kasinobonus.ai\/es\/wp-json\/wp\/v2\/types\/page"}],"author":[{"embeddable":true,"href":"https:\/\/www.kasinobonus.ai\/es\/wp-json\/wp\/v2\/users\/1"}],"replies":[{"embeddable":true,"href":"https:\/\/www.kasinobonus.ai\/es\/wp-json\/wp\/v2\/comments?post=13320"}],"version-history":[{"count":3,"href":"https:\/\/www.kasinobonus.ai\/es\/wp-json\/wp\/v2\/pages\/13320\/revisions"}],"predecessor-version":[{"id":30672,"href":"https:\/\/www.kasinobonus.ai\/es\/wp-json\/wp\/v2\/pages\/13320\/revisions\/30672"}],"wp:featuredmedia":[{"embeddable":true,"href":"https:\/\/www.kasinobonus.ai\/es\/wp-json\/wp\/v2\/media\/13323"}],"wp:attachment":[{"href":"https:\/\/www.kasinobonus.ai\/es\/wp-json\/wp\/v2\/media?parent=13320"}],"curies":[{"name":"wp","href":"https:\/\/api.w.org\/{rel}","templated":true}]}}