{"id":13167,"date":"2022-01-14T15:23:47","date_gmt":"2022-01-14T15:23:47","guid":{"rendered":"http:\/\/kasinobonus.ai.dedivirt842.your-server.de\/kasinobonus\/"},"modified":"2025-08-07T14:09:07","modified_gmt":"2025-08-07T14:09:07","slug":"kasinobonus","status":"publish","type":"page","link":"https:\/\/www.kasinobonus.ai\/es\/","title":{"rendered":"Kasinobonus"},"content":{"rendered":"\n<h1 class=\"wp-block-heading\">Bonos de Casino<\/h1>\n\n\n\n<p>Una de las cosas que m\u00e1s he o\u00eddo decir a la gente que viene a KasinoBonus es que saben que deber\u00edan reclamar bonos de casino, pero no saben c\u00f3mo encontrarlos realmente. Con miles de\u00a0<a href=\"https:\/\/www.kasinobonus.ai\/es\/casinos-enlinea\/\">casinos en l\u00ednea<\/a>\u00a0operando hoy en d\u00eda, y decenas de bonos diferentes, elegir unos con t\u00e9rminos justos y cantidades generosas puede parecer \u00a1casi imposible!<\/p>\n\n\n\n<p>Esa es exactamente la raz\u00f3n por la que decid\u00ed escribir esta p\u00e1gina: para ayudarte a encontrar el mejor bono de casino, entender c\u00f3mo funcionan estos bonos y mostrarte mis recomendaciones personales favoritas que puedes reclamar ahora mismo<\/p>\n\n\n\n<h2 class=\"wp-block-heading\">Los Mejores Bonos de Casino en l\u00ednea 2025<\/h2>\n\n\n\n<p>Para que te resulte lo m\u00e1s f\u00e1cil posible encontrar los mejores bonos de casino en l\u00ednea, he recopilado una tabla con mis ofertas favoritas a continuaci\u00f3n. Aqu\u00ed, podr\u00e1s ver el casino que recomiendo, e informaci\u00f3n sobre el bono que est\u00e1n ofreciendo actualmente.<\/p>\n\n\n<p>[brand_table template=\u00bbtable_style_1.php\u00bb country=\u00bbES\u00bb bonus=\u00bb\u00bb]<\/p>\n\n\n\n<p>Llevo <em>a\u00f1os <\/em>recopilando una lista de los mejores bonos de casino, y siempre me aseguro de que esta tabla se actualice con regularidad. Es m\u00e1s, cualquier casino\/bono que recomiendo en KasinoBonus es uno que he reclamado y probado personalmente.<\/p>\n\n\n\n<h2 class=\"wp-block-heading\">C\u00f3mo Evaluamos los Casinos<\/h2>\n\n\n\n<p>Aqu\u00ed en KasinoBonus, me he asegurado de que nuestro proceso de revisi\u00f3n sea lo m\u00e1s detallado, transparente y profundo posible. Como jugador, s\u00e9 lo importante que es poder acceder a informaci\u00f3n imparcial y objetiva sobre los casinos a los que est\u00e1s pensando en unirte, y por eso puedo garantizarte que nunca encontrar\u00e1s aqu\u00ed contenido enga\u00f1oso, falso o tendencioso.<\/p>\n\n\n\n<p>A continuaci\u00f3n, voy a explicarte algunas de las principales \u00e1reas en las que nos fijamos cuando analizamos <a href=\"https:\/\/www.kasinobonus.ai\/es\/casinos-enlinea\/\">casinos en l\u00ednea<\/a>.<\/p>\n\n\n\n<h3 class=\"wp-block-heading\">Investigaci\u00f3n General del Casino<\/h3>\n\n\n\n<p>Nuestro proceso comienza con una investigaci\u00f3n muy detallada para explorar los \u201caspectos b\u00e1sicos\u201d de lo que ofrece el casino. Esto incluye ver qui\u00e9n es el propietario de la marca (y si alguna empresa anterior lo ha operado en el pasado), qu\u00e9 juegos de azar en l\u00ednea tienen y c\u00f3mo es la seguridad general de su sitio web.<\/p>\n\n\n\n<h3 class=\"wp-block-heading\">Pruebas Pr\u00e1cticas<\/h3>\n\n\n\n<p>A continuaci\u00f3n, nuestro equipo de expertos se registra personalmente en cada casino, deposita dinero real y canjea promociones como lo har\u00eda cualquier jugador nuevo. Este enfoque nos permite ofrecerte una expectativa honesta y realista de lo que puedes esperar. No s\u00f3lo depositamos nuestro propio dinero, \u00a1sino que tambi\u00e9n intentamos retirarlo! Esto significa que podemos proporcionarte informaci\u00f3n sincera sobre la velocidad de los pagos, las comisiones y todo lo que te gustar\u00eda saber.<\/p>\n\n\n\n<h3 class=\"wp-block-heading\">An\u00e1lisis de Juegos, Selecci\u00f3n de M\u00e9todos de Pago y Atenci\u00f3n al Cliente<\/h3>\n\n\n\n<p>Adem\u00e1s de todo lo anterior, nuestro equipo de expertos tambi\u00e9n analizar\u00e1 qu\u00e9 tipo de oferta de juegos tiene el casino en l\u00ednea; nos fijamos en todo, desde el n\u00famero de desarrolladores de juegos que se ofrecen, el ritmo al que se lanzan nuevos juegos y, por supuesto, si hay juegos de casino en vivo disponibles o no. A continuaci\u00f3n, nos fijamos en los m\u00e9todos de pago que puedes utilizar y comprobamos personalmente el servicio de atenci\u00f3n al cliente.<\/p>\n\n\n\n<h2 class=\"wp-block-heading\">Tipos de Bonos de Casino<\/h2>\n\n\n\n<h3 class=\"wp-block-heading\">Bonos de Dep\u00f3sito<\/h3>\n\n\n\n<p>Los bonos de bienvenida son, con diferencia, el tipo de promoci\u00f3n m\u00e1s com\u00fan y popular de los casinos en l\u00ednea. Estas ofertas te permiten ser recompensado por registrarte y unirte a un sitio como nuevo jugador, y aunque el contenido real de un bono de bienvenida puede variar mucho, normalmente se entrega en forma de un <a href=\"https:\/\/www.kasinobonus.ai\/es\/bonos-por-deposito\/\">bono de dep\u00f3sito<\/a> igualado, <a href=\"https:\/\/www.kasinobonus.ai\/es\/giros-gratis\/\">giros gratis<\/a>, \u00a1o una combinaci\u00f3n de ambos!<\/p>\n\n\n\n<h3 class=\"wp-block-heading\">Bonos Sin Dep\u00f3sito<\/h3>\n\n\n\n<p>Aunque son mucho m\u00e1s dif\u00edciles de conseguir, los bonos sin dep\u00f3sito tambi\u00e9n son incre\u00edblemente populares. Estas promociones te permiten reclamar un n\u00famero determinado de giros gratis, o una peque\u00f1a cantidad de <a href=\"https:\/\/www.kasinobonus.ai\/es\/dinero-gratis-para-jugar\/\">dinero gratis para jugar<\/a>, \u00a1sin necesidad de hacer un dep\u00f3sito primero!<\/p>\n\n\n\n<h3 class=\"wp-block-heading\">Giros Gratis<\/h3>\n\n\n\n<p>Los giros gratis son ideales para los jugadores de tragamonedas, ya que te permiten hacer girar los rodillos de una tragamonedas de v\u00eddeo seleccionada un n\u00famero determinado de veces. Algunos casinos en l\u00ednea organizan promociones de giros gratis cuando se lanzan nuevos juegos, mientras que otros los ofrecen como parte de programas de fidelidad o planes VIP.<\/p>\n\n\n\n<h3 class=\"wp-block-heading\">Reembolsos \u201cCashback\u201d<\/h3>\n\n\n\n<p>Para aquellos que esperan quedarse, los bonos de reembolso o Cashback son una gran red de seguridad. Al recibir de vuelta un porcentaje de sus p\u00e9rdidas, puedes ampliar tu tiempo de juego y reducir el escozor de las posibles ca\u00eddas. El reembolso suele ofrecerse como parte de un sistema de fidelidad o de recompensas.<\/p>\n\n\n\n<h3 class=\"wp-block-heading\">Bonos de Recarga y Promociones Continuas<\/h3>\n\n\n\n<p>Cuando te conviertas en un jugador habitual de un casino, es posible que puedas solicitar bonificaciones de recarga especiales. Normalmente se entregan en forma de bonos de dep\u00f3sito igualados, aunque el porcentaje que puedes reclamar suele ser inferior al de los bonos de bienvenida, a menudo del 50%, por ejemplo.<\/p>\n\n\n\n<h3 class=\"wp-block-heading\">Dinero Gratis para Jugar<\/h3>\n\n\n\n<p>Algunos casinos ofrecen dinero gratis para jugar, lo que significa que puedes probar ciertos juegos sin necesidad de realizar un dep\u00f3sito. Esta es una excelente manera de explorar el casino antes de arriesgar tu propio dinero.<\/p>\n\n\n\n<h3 class=\"wp-block-heading\">Bonos para Grandes Apostadores<\/h3>\n\n\n\n<p>Los bonos para grandes apostadores, como su nombre indica, est\u00e1n dise\u00f1ados para jugadores que son\u2026 \u00a1simplemente grandes apostadores! Suelen ofrecer condiciones m\u00e1s flexibles, tienen l\u00edmites de retirada m\u00e1s elevados y los fondos del bono habitualmente se pueden utilizar en una mayor variedad de juegos.<\/p>\n\n\n\n<h2 class=\"wp-block-heading\">T\u00e9rminos y Condiciones<\/h2>\n\n\n\n<p>Cuando revises o solicites un bono de casino en l\u00ednea, debes tener en cuenta que casi todos los bonos que solicites vendr\u00e1n acompa\u00f1ados de t\u00e9rminos y condiciones. Algunas de las m\u00e1s importantes son:<\/p>\n\n\n\n<h3 class=\"wp-block-heading\">Requisitos de Apuesta<\/h3>\n\n\n\n<p>La mayor\u00eda de los bonos de casino vienen con requisitos de apuesta, lo que significa que debes apostar un determinado m\u00faltiplo del importe del bono antes de poder retirar cualquier ganancia. Por ejemplo, si un bono tiene un requisito de apuesta de 35 veces y solicitas un bono de 100 $, tendr\u00e1s que apostar 3.500 $ antes de poder solicitar el retiro.<\/p>\n\n\n\n<h3 class=\"wp-block-heading\">Restricciones de Juego<\/h3>\n\n\n\n<p>No todos los juegos contribuyen por igual a los requisitos de apuesta. Las tragamonedas suelen contar el 100%, mientras que los juegos de mesa como el blackjack o la ruleta pueden contribuir menos, o no contribuir en absoluto. Es habitual que las mesas de casino y los juegos en vivo queden completamente excluidos de las bonificaciones.<\/p>\n\n\n\n<h3 class=\"wp-block-heading\">L\u00edmites M\u00e1ximos de Apuesta<\/h3>\n\n\n\n<p>Muchos casinos imponen una apuesta m\u00e1xima por giro o ronda cuando se utiliza una bonificaci\u00f3n. Superar este l\u00edmite, aunque sea accidentalmente, puede anular tus ganancias. Suele estar en torno a los 5 $ por giro, pero difiere seg\u00fan el casino.<\/p>\n\n\n\n<h3 class=\"wp-block-heading\">Fechas de Caducidad<\/h3>\n\n\n\n<p>\u00a1Los bonos no son v\u00e1lidos para siempre! La mayor\u00eda de las promociones deben utilizarse dentro un plazo determinado, a menudo de 7 a 30 d\u00edas. Los giros gratis pueden tener periodos de caducidad incluso m\u00e1s cortos, a veces de s\u00f3lo 24 horas. Aseg\u00farate siempre de utilizar tus bonificaciones dentro del plazo establecido, \u00a1ya que (normalmente) no podr\u00e1s recuperarlas una vez que caduquen!<\/p>\n\n\n\n<h2 class=\"wp-block-heading\">Tragamonedas populares con bono de giros gratis<\/h2>\n\n\n\n<figure class=\"wp-block-table\"><table class=\"has-fixed-layout\"><thead><tr><th>Tragamonedas populares<\/th><th>Proveedor del juego<\/th><th>Giros gratis (bono)<\/th><th>RTP<\/th><th>Casino<\/th><\/tr><\/thead><tbody><tr><td>Sweet\u202fBonanza<\/td><td>Pragmatic\u202fPlay<\/td><td>20 giros gratis<\/td><td>96,51\u202f%<\/td><td>Rollino<\/td><\/tr><tr><td>Book\u202fof\u202fMuseum<\/td><td>GameArt<\/td><td>25 giros gratis<\/td><td>96,10\u202f%<\/td><td>Horus Casino<\/td><\/tr><tr><td>Angry\u202fDogs<\/td><td>GameArt<\/td><td>25 giros gratis<\/td><td>96,36\u202f%<\/td><td>Kryptosino<\/td><\/tr><tr><td>Hollywoof<\/td><td>GameArt<\/td><td>25 giros gratis<\/td><td>96,10\u202f%<\/td><td>Vegaz Casino<\/td><\/tr><tr><td>Sweet\u202fBonanza<\/td><td>Pragmatic\u202fPlay<\/td><td>30 giros gratis<\/td><td>96,51\u202f%<\/td><td>Megapari<\/td><\/tr><tr><td>Book\u202fof\u202fDead<\/td><td>Play\u2019n\u202fGO<\/td><td>25 giros gratis<\/td><td>96,21\u202f%<\/td><td>BetMaximus<\/td><\/tr><tr><td>Ruby Win \u2013 Hold the Spin<\/td><td>Gamzix<\/td><td>25 giros gratis<\/td><td>96,00\u202f%<\/td><td>LevelUp Casino<\/td><\/tr><tr><td>Joker Stoker<\/td><td>Endorphina<\/td><td>100 giros gratis<\/td><td>96,00\u202f%<\/td><td>BetFury<\/td><\/tr><tr><td>Bastet and Cats<\/td><td>Betfury<\/td><td>100 giros gratis<\/td><td>96,20\u202f%<\/td><td>BetFury<\/td><\/tr><tr><td>Doors Of Fresh<\/td><td>BGaming<\/td><td>50 giros gratis<\/td><td>96,85\u202f%<\/td><td>Fresh Casino<\/td><\/tr><tr><td>Gates of Olympus<\/td><td>Pragmatic\u202fPlay<\/td><td>50 giros gratis<\/td><td>96,50\u202f%<\/td><td>Campeonbet<\/td><\/tr><tr><td>Alien Fruits<\/td><td>BGaming<\/td><td>50 giros gratis<\/td><td>97,00\u202f%<\/td><td>Drip Casino<\/td><\/tr><\/tbody><\/table><\/figure>\n","protected":false},"excerpt":{"rendered":"<p>Bonos de Casino Una de las cosas que m\u00e1s he o\u00eddo decir a la gente que viene a KasinoBonus es que saben que deber\u00edan reclamar bonos de casino, pero no saben c\u00f3mo encontrarlos realmente. Con miles de\u00a0casinos en l\u00ednea\u00a0operando hoy en d\u00eda, y decenas de bonos diferentes, elegir unos con t\u00e9rminos justos y cantidades generosas [&hellip;]<\/p>\n","protected":false},"author":1,"featured_media":13169,"parent":0,"menu_order":0,"comment_status":"open","ping_status":"closed","template":"","meta":{"inline_featured_image":false,"footnotes":""},"class_list":["post-13167","page","type-page","status-publish","has-post-thumbnail","hentry"],"yoast_head":"<!-- This site is optimized with the Yoast SEO plugin v24.5 - https:\/\/yoast.com\/wordpress\/plugins\/seo\/ -->\n<title>Bono de Casino 2025 - www.kasinobonus.ai<\/title>\n<meta name=\"description\" content=\"\u00a1Los Bonos de Casino para el 2025 Listados! Encuentra el Mejor Bono de Casino y Aprovecha las Grandes Ventajas para Jugar. \u00a1Suerte!\" \/>\n<meta name=\"robots\" content=\"index, follow, max-snippet:-1, max-image-preview:large, max-video-preview:-1\" \/>\n<link rel=\"canonical\" href=\"https:\/\/www.kasinobonus.ai\/es\/\" \/>\n<script type=\"application\/ld+json\" class=\"yoast-schema-graph\">{\"@context\":\"https:\/\/schema.org\",\"@graph\":[{\"@type\":\"WebPage\",\"@id\":\"https:\/\/www.kasinobonus.ai\/es\/\",\"url\":\"https:\/\/www.kasinobonus.ai\/es\/\",\"name\":\"Bono de Casino 2025 - www.kasinobonus.ai\",\"isPartOf\":{\"@id\":\"https:\/\/www.kasinobonus.ai\/es\/#website\"},\"primaryImageOfPage\":{\"@id\":\"https:\/\/www.kasinobonus.ai\/es\/#primaryimage\"},\"image\":{\"@id\":\"https:\/\/www.kasinobonus.ai\/es\/#primaryimage\"},\"thumbnailUrl\":\"https:\/\/www.kasinobonus.ai\/wp-content\/uploads\/2023\/09\/kasinobonuslogo.jpg\",\"datePublished\":\"2022-01-14T15:23:47+00:00\",\"dateModified\":\"2025-08-07T14:09:07+00:00\",\"description\":\"\u00a1Los Bonos de Casino para el 2025 Listados! Encuentra el Mejor Bono de Casino y Aprovecha las Grandes Ventajas para Jugar. \u00a1Suerte!\",\"breadcrumb\":{\"@id\":\"https:\/\/www.kasinobonus.ai\/es\/#breadcrumb\"},\"inLanguage\":\"es\",\"potentialAction\":[{\"@type\":\"ReadAction\",\"target\":[\"https:\/\/www.kasinobonus.ai\/es\/\"]}]},{\"@type\":\"ImageObject\",\"inLanguage\":\"es\",\"@id\":\"https:\/\/www.kasinobonus.ai\/es\/#primaryimage\",\"url\":\"https:\/\/www.kasinobonus.ai\/wp-content\/uploads\/2023\/09\/kasinobonuslogo.jpg\",\"contentUrl\":\"https:\/\/www.kasinobonus.ai\/wp-content\/uploads\/2023\/09\/kasinobonuslogo.jpg\",\"width\":1200,\"height\":628,\"caption\":\"kasinobonuslogo\"},{\"@type\":\"BreadcrumbList\",\"@id\":\"https:\/\/www.kasinobonus.ai\/es\/#breadcrumb\",\"itemListElement\":[{\"@type\":\"ListItem\",\"position\":1,\"name\":\"Home\",\"item\":\"https:\/\/kasinobonus.ai\/es\/\"},{\"@type\":\"ListItem\",\"position\":2,\"name\":\"Kasinobonus\"}]},{\"@type\":\"WebSite\",\"@id\":\"https:\/\/www.kasinobonus.ai\/es\/#website\",\"url\":\"https:\/\/www.kasinobonus.ai\/es\/\",\"name\":\"www.kasinobonus.ai\",\"description\":\"\",\"publisher\":{\"@id\":\"https:\/\/www.kasinobonus.ai\/es\/#organization\"},\"potentialAction\":[{\"@type\":\"SearchAction\",\"target\":{\"@type\":\"EntryPoint\",\"urlTemplate\":\"https:\/\/www.kasinobonus.ai\/es\/?s={search_term_string}\"},\"query-input\":{\"@type\":\"PropertyValueSpecification\",\"valueRequired\":true,\"valueName\":\"search_term_string\"}}],\"inLanguage\":\"es\"},{\"@type\":\"Organization\",\"@id\":\"https:\/\/www.kasinobonus.ai\/es\/#organization\",\"name\":\"KasinoBonus\",\"alternateName\":\"KasinoBonusAI\",\"url\":\"https:\/\/www.kasinobonus.ai\/es\/\",\"logo\":{\"@type\":\"ImageObject\",\"inLanguage\":\"es\",\"@id\":\"https:\/\/www.kasinobonus.ai\/es\/#\/schema\/logo\/image\/\",\"url\":\"https:\/\/www.kasinobonus.ai\/wp-content\/uploads\/2023\/09\/kasinobonus-logo-light.png\",\"contentUrl\":\"https:\/\/www.kasinobonus.ai\/wp-content\/uploads\/2023\/09\/kasinobonus-logo-light.png\",\"width\":3200,\"height\":596,\"caption\":\"KasinoBonus\"},\"image\":{\"@id\":\"https:\/\/www.kasinobonus.ai\/es\/#\/schema\/logo\/image\/\"},\"sameAs\":[\"https:\/\/www.facebook.com\/kasinobonusio\/\",\"https:\/\/x.com\/Kasinobonus_io\",\"https:\/\/www.linkedin.com\/in\/matti-slotte-26612033b\",\"http:\/\/kasinobonus.wikidot.com\/system:welcome\",\"https:\/\/www.trustpilot.com\/review\/www.kasinobonus.ai\",\"https:\/\/orcid.org\/0009-0007-2889-1713\",\"https:\/\/en.everybodywiki.com\/Matti_Slotte\",\"https:\/\/www.immuniweb.com\/ssl\/kasinobonus.ai\/M4lqCqYY\/\"]}]}<\/script>\n<!-- \/ Yoast SEO plugin. -->","yoast_head_json":{"title":"Bono de Casino 2025 - www.kasinobonus.ai","description":"\u00a1Los Bonos de Casino para el 2025 Listados! Encuentra el Mejor Bono de Casino y Aprovecha las Grandes Ventajas para Jugar. \u00a1Suerte!","robots":{"index":"index","follow":"follow","max-snippet":"max-snippet:-1","max-image-preview":"max-image-preview:large","max-video-preview":"max-video-preview:-1"},"canonical":"https:\/\/www.kasinobonus.ai\/es\/","schema":{"@context":"https:\/\/schema.org","@graph":[{"@type":"WebPage","@id":"https:\/\/www.kasinobonus.ai\/es\/","url":"https:\/\/www.kasinobonus.ai\/es\/","name":"Bono de Casino 2025 - www.kasinobonus.ai","isPartOf":{"@id":"https:\/\/www.kasinobonus.ai\/es\/#website"},"primaryImageOfPage":{"@id":"https:\/\/www.kasinobonus.ai\/es\/#primaryimage"},"image":{"@id":"https:\/\/www.kasinobonus.ai\/es\/#primaryimage"},"thumbnailUrl":"https:\/\/www.kasinobonus.ai\/wp-content\/uploads\/2023\/09\/kasinobonuslogo.jpg","datePublished":"2022-01-14T15:23:47+00:00","dateModified":"2025-08-07T14:09:07+00:00","description":"\u00a1Los Bonos de Casino para el 2025 Listados! Encuentra el Mejor Bono de Casino y Aprovecha las Grandes Ventajas para Jugar. \u00a1Suerte!","breadcrumb":{"@id":"https:\/\/www.kasinobonus.ai\/es\/#breadcrumb"},"inLanguage":"es","potentialAction":[{"@type":"ReadAction","target":["https:\/\/www.kasinobonus.ai\/es\/"]}]},{"@type":"ImageObject","inLanguage":"es","@id":"https:\/\/www.kasinobonus.ai\/es\/#primaryimage","url":"https:\/\/www.kasinobonus.ai\/wp-content\/uploads\/2023\/09\/kasinobonuslogo.jpg","contentUrl":"https:\/\/www.kasinobonus.ai\/wp-content\/uploads\/2023\/09\/kasinobonuslogo.jpg","width":1200,"height":628,"caption":"kasinobonuslogo"},{"@type":"BreadcrumbList","@id":"https:\/\/www.kasinobonus.ai\/es\/#breadcrumb","itemListElement":[{"@type":"ListItem","position":1,"name":"Home","item":"https:\/\/kasinobonus.ai\/es\/"},{"@type":"ListItem","position":2,"name":"Kasinobonus"}]},{"@type":"WebSite","@id":"https:\/\/www.kasinobonus.ai\/es\/#website","url":"https:\/\/www.kasinobonus.ai\/es\/","name":"www.kasinobonus.ai","description":"","publisher":{"@id":"https:\/\/www.kasinobonus.ai\/es\/#organization"},"potentialAction":[{"@type":"SearchAction","target":{"@type":"EntryPoint","urlTemplate":"https:\/\/www.kasinobonus.ai\/es\/?s={search_term_string}"},"query-input":{"@type":"PropertyValueSpecification","valueRequired":true,"valueName":"search_term_string"}}],"inLanguage":"es"},{"@type":"Organization","@id":"https:\/\/www.kasinobonus.ai\/es\/#organization","name":"KasinoBonus","alternateName":"KasinoBonusAI","url":"https:\/\/www.kasinobonus.ai\/es\/","logo":{"@type":"ImageObject","inLanguage":"es","@id":"https:\/\/www.kasinobonus.ai\/es\/#\/schema\/logo\/image\/","url":"https:\/\/www.kasinobonus.ai\/wp-content\/uploads\/2023\/09\/kasinobonus-logo-light.png","contentUrl":"https:\/\/www.kasinobonus.ai\/wp-content\/uploads\/2023\/09\/kasinobonus-logo-light.png","width":3200,"height":596,"caption":"KasinoBonus"},"image":{"@id":"https:\/\/www.kasinobonus.ai\/es\/#\/schema\/logo\/image\/"},"sameAs":["https:\/\/www.facebook.com\/kasinobonusio\/","https:\/\/x.com\/Kasinobonus_io","https:\/\/www.linkedin.com\/in\/matti-slotte-26612033b","http:\/\/kasinobonus.wikidot.com\/system:welcome","https:\/\/www.trustpilot.com\/review\/www.kasinobonus.ai","https:\/\/orcid.org\/0009-0007-2889-1713","https:\/\/en.everybodywiki.com\/Matti_Slotte","https:\/\/www.immuniweb.com\/ssl\/kasinobonus.ai\/M4lqCqYY\/"]}]}},"_links":{"self":[{"href":"https:\/\/www.kasinobonus.ai\/es\/wp-json\/wp\/v2\/pages\/13167","targetHints":{"allow":["GET"]}}],"collection":[{"href":"https:\/\/www.kasinobonus.ai\/es\/wp-json\/wp\/v2\/pages"}],"about":[{"href":"https:\/\/www.kasinobonus.ai\/es\/wp-json\/wp\/v2\/types\/page"}],"author":[{"embeddable":true,"href":"https:\/\/www.kasinobonus.ai\/es\/wp-json\/wp\/v2\/users\/1"}],"replies":[{"embeddable":true,"href":"https:\/\/www.kasinobonus.ai\/es\/wp-json\/wp\/v2\/comments?post=13167"}],"version-history":[{"count":4,"href":"https:\/\/www.kasinobonus.ai\/es\/wp-json\/wp\/v2\/pages\/13167\/revisions"}],"predecessor-version":[{"id":35299,"href":"https:\/\/www.kasinobonus.ai\/es\/wp-json\/wp\/v2\/pages\/13167\/revisions\/35299"}],"wp:featuredmedia":[{"embeddable":true,"href":"https:\/\/www.kasinobonus.ai\/es\/wp-json\/wp\/v2\/media\/13169"}],"wp:attachment":[{"href":"https:\/\/www.kasinobonus.ai\/es\/wp-json\/wp\/v2\/media?parent=13167"}],"curies":[{"name":"wp","href":"https:\/\/api.w.org\/{rel}","templated":true}]}}