{"id":13118,"date":"2023-08-29T13:54:22","date_gmt":"2023-08-29T13:54:22","guid":{"rendered":"http:\/\/kasinobonus.ai.dedivirt842.your-server.de\/100-talletusbonus\/"},"modified":"2025-07-30T14:04:06","modified_gmt":"2025-07-30T14:04:06","slug":"bono-de-deposito-del-100","status":"publish","type":"page","link":"https:\/\/www.kasinobonus.ai\/es\/bono-de-deposito-del-100\/","title":{"rendered":"Bono de Dep\u00f3sito del 100%"},"content":{"rendered":"\n<h1 class=\"wp-block-heading\">Mejor Bono de Dep\u00f3sito del 100 % en Espa\u00f1a<\/h1>\n\n\n\n<p>Un bono de dep\u00f3sito del 100% es una de las ofertas m\u00e1s comunes y gratificantes que encontrar\u00e1s en los casinos en l\u00ednea. Tanto si eres nuevo en un sitio como si vuelves a jugar, estas bonificaciones te permiten duplicar tu dep\u00f3sito inicial, y a menudo se denominan bonificaciones por dep\u00f3sito igualado al 100%.<\/p>\n\n\n\n<p>Hoy te mostrar\u00e9 los mejores <a href=\"https:\/\/www.kasinobonus.ai\/es\/bonos-por-deposito\/\">bonos por dep\u00f3sito<\/a> del 100% disponibles en este momento, c\u00f3mo funcionan y los principales t\u00e9rminos y condiciones que debes tener en cuenta.<\/p>\n\n\n\n<h2 class=\"wp-block-heading\">Casinos que Ofrecen Bonos del 100%<\/h2>\n\n\n\n<p>En la actualidad, pr\u00e1cticamente <em>todos <\/em>los casinos ofrecen alg\u00fan tipo de bonificaci\u00f3n por dep\u00f3sito, siendo el 100% el porcentaje m\u00e1s com\u00fan. A continuaci\u00f3n, he elaborado una lista de los mejores 100 casinos con bonos de dep\u00f3sito, todos ellos con licencia, seguros y que ofrecen condiciones de bono justas.<\/p>\n\n\n<p>[brand_table template=\u00bbtable_style_1.php\u00bb country=\u00bbES\u00bb bonus=\u00bb\u00bb]<\/p>\n\n\n\n<p>\u00a1Si ves un bono (o casino) que te gusta, simplemente pulsa \u201cJugar ahora\u201d para registrarte y hacer un dep\u00f3sito para empezar!<\/p>\n\n\n\n<h2 class=\"wp-block-heading\">C\u00f3mo Evaluamos los Casinos<\/h2>\n\n\n\n<p>En KasinoBonus nos enorgullecemos de nuestras recomendaciones. <em>\u00danicamente <\/em>recomendamos un casino si lo hemos probado personalmente, lo que significa realizar un dep\u00f3sito de dinero real, jugar a los juegos, probar los servicios de atenci\u00f3n al cliente y, en su caso, retirar dinero.<\/p>\n\n\n\n<p>De este modo, nuestros cr\u00edticos pueden utilizar su experiencia de primera mano para ofrecerle una descripci\u00f3n honesta y precisa de lo que ofrece el casino, para que sepa <em>exactamente <\/em>qu\u00e9 esperar cuando juegue.<\/p>\n\n\n\n<h2 class=\"wp-block-heading\">C\u00f3mo Funcionan los Bonos por Dep\u00f3sito al 100%<\/h2>\n\n\n\n<p>Una bonificaci\u00f3n por dep\u00f3sito del 100% significa que el casino igualar\u00e1 su dep\u00f3sito libra por libra, duplicando as\u00ed su saldo de juego. Por ejemplo, si depositas 50 libras, recibir\u00e1s 50 libras m\u00e1s en bonos, \u00a1con lo que tendr\u00e1s 100 libras para jugar! Adem\u00e1s, \u00a1algunos casinos en l\u00ednea incluso ofrecen giros gratis junto con estas promociones!<\/p>\n\n\n\n<h2 class=\"wp-block-heading\">Ventajas &amp; Inconvenientes<\/h2>\n\n\n\n<figure class=\"wp-block-image size-full\"><img decoding=\"async\" width=\"1000\" height=\"666\" src=\"https:\/\/www.kasinobonus.ai\/wp-content\/uploads\/2025\/06\/KB-Bonos-por-Deposito.jpg\" alt=\"KB Bonos por Dep\u00f3sito\" class=\"wp-image-29758\" srcset=\"https:\/\/www.kasinobonus.ai\/wp-content\/uploads\/2025\/06\/KB-Bonos-por-Deposito.jpg 1000w, https:\/\/www.kasinobonus.ai\/wp-content\/uploads\/2025\/06\/KB-Bonos-por-Deposito-300x200.jpg 300w, https:\/\/www.kasinobonus.ai\/wp-content\/uploads\/2025\/06\/KB-Bonos-por-Deposito-768x511.jpg 768w, https:\/\/www.kasinobonus.ai\/wp-content\/uploads\/2025\/06\/KB-Bonos-por-Deposito-110x73.jpg 110w, https:\/\/www.kasinobonus.ai\/wp-content\/uploads\/2025\/06\/KB-Bonos-por-Deposito-575x383.jpg 575w\" sizes=\"(max-width: 1000px) 100vw, 1000px\" \/><\/figure>\n\n\n\n<div class=\"wp-block-columns is-layout-flex wp-container-core-columns-is-layout-28f84493 wp-block-columns-is-layout-flex\">\n<div class=\"wp-block-column is-layout-flow wp-block-column-is-layout-flow\">\n<h3 class=\"wp-block-heading\">\u2705 Ventajas<\/h3>\n\n\n\n<ul class=\"wp-block-list\">\n<li>\u2705 Montos de bonificaci\u00f3n m\u00e1s altos en comparaci\u00f3n con las ofertas sin dep\u00f3sito<\/li>\n\n\n\n<li>\u2705 Desbloquea el acceso a paquetes de bienvenida y beneficios VIP<\/li>\n\n\n\n<li>\u2705 A menudo incluye tanto dinero extra como giros gratuitos<\/li>\n\n\n\n<li>\u2705 Gran valor para los jugadores que ya planean depositar<\/li>\n\n\n\n<li>\u2705 Ampliamente aceptado en la mayor\u00eda de los casinos en l\u00ednea<\/li>\n<\/ul>\n<\/div>\n\n\n\n<div class=\"wp-block-column is-layout-flow wp-block-column-is-layout-flow\">\n<h3 class=\"wp-block-heading\">\u274c Desventajas<\/h3>\n\n\n\n<ul class=\"wp-block-list\">\n<li>\u274c Viene con requisitos de apuesta (a veces 30x\u201350x)<\/li>\n\n\n\n<li>\u274c Los fondos de bonificaci\u00f3n pueden bloquearse hasta que se cumplan las condiciones<\/li>\n\n\n\n<li>\u274c Algunos juegos est\u00e1n excluidos del juego de bonificaci\u00f3n<\/li>\n\n\n\n<li>\u274c Pueden aplicarse l\u00edmites m\u00e1ximos de apuestas al usar la bonificaci\u00f3n<\/li>\n\n\n\n<li>\u274c El retiro suele estar restringido hasta que se liquide la bonificaci\u00f3n<\/li>\n<\/ul>\n<\/div>\n<\/div>\n\n\n\n<h2 class=\"wp-block-heading\">Los mejores bonos de dep\u00f3sito en Espa\u00f1a<\/h2>\n\n\n\n<figure class=\"wp-block-table\"><table class=\"has-fixed-layout\"><thead><tr><th>Casino<\/th><th>Bono<\/th><th>Condiciones<\/th><th>C\u00f3digo\/Nota<\/th><th>Enlace<\/th><\/tr><\/thead><tbody><tr><td>FatPirate<\/td><td>Bono de bienvenida del 100% hasta 500\u202f\u20ac + 200 giros gratis<\/td><td>Bono con dep\u00f3sito<\/td><td>\u2013<\/td><td><a href=\"https:\/\/www.kasinobonus.ai\/go\/fatpirate\">Jugar ahora<\/a><\/td><\/tr><tr><td>Jet Casino<\/td><td>50 tiradas gratis sin dep\u00f3sito + Bono 100% hasta 300\u202f\u20ac<\/td><td>Sin dep\u00f3sito + bono con dep\u00f3sito<\/td><td>EXCLUSIVA<\/td><td><a href=\"https:\/\/www.kasinobonus.ai\/go\/jet\">Jugar ahora<\/a><\/td><\/tr><tr><td>Bet on Red<\/td><td>50 tiradas gratis sin dep\u00f3sito + Bono 100% hasta 100\u202f\u20ac + 150 giros a Gates of Olympus<\/td><td>Sin dep\u00f3sito + bono con dep\u00f3sito<\/td><td>BLITZ3<\/td><td><a href=\"https:\/\/www.kasinobonus.ai\/go\/betonred\">Jugar ahora<\/a><\/td><\/tr><tr><td>Drip Casino<\/td><td>50 tiradas gratis sin dep\u00f3sito + Bono del 150% hasta 600\u202f\u20ac<\/td><td>Sin dep\u00f3sito + bono con dep\u00f3sito<\/td><td>EXCLUSIVA<\/td><td><a href=\"https:\/\/www.kasinobonus.ai\/go\/drip\">Jugar ahora<\/a><\/td><\/tr><tr><td>Candy Casino<\/td><td>Bono sin dep\u00f3sito de 50\u202f\u20ac = 100 tiradas gratis (0,50\u202f\u20ac\/tirada). Apuesta x20, m\u00e1x. 3\u202f\u20ac por giro.<\/td><td>Completar KYC + email verificado<\/td><td>Valor: 50\u202f\u20ac sin dep\u00f3sito<\/td><td><a href=\"https:\/\/www.kasinobonus.ai\/go\/candy\">Jugar ahora<\/a><\/td><\/tr><\/tbody><\/table><\/figure>\n","protected":false},"excerpt":{"rendered":"<p>Mejor Bono de Dep\u00f3sito del 100 % en Espa\u00f1a Un bono de dep\u00f3sito del 100% es una de las ofertas m\u00e1s comunes y gratificantes que encontrar\u00e1s en los casinos en l\u00ednea. Tanto si eres nuevo en un sitio como si vuelves a jugar, estas bonificaciones te permiten duplicar tu dep\u00f3sito inicial, y a menudo se [&hellip;]<\/p>\n","protected":false},"author":1,"featured_media":13303,"parent":0,"menu_order":0,"comment_status":"open","ping_status":"closed","template":"","meta":{"inline_featured_image":false,"footnotes":""},"class_list":["post-13118","page","type-page","status-publish","has-post-thumbnail","hentry"],"yoast_head":"<!-- This site is optimized with the Yoast SEO plugin v24.5 - https:\/\/yoast.com\/wordpress\/plugins\/seo\/ -->\n<title>Bono de Dep\u00f3sito del 100 % en Espa\u00f1a 2025 - www.kasinobonus.ai<\/title>\n<meta name=\"description\" content=\"Aprovecha el bono de dep\u00f3sito del 100% y dobla tu banca. Descubre los mejores casinos del a\u00f1o 2025 que ofrecen este bono.\" \/>\n<meta name=\"robots\" content=\"index, follow, max-snippet:-1, max-image-preview:large, max-video-preview:-1\" \/>\n<link rel=\"canonical\" href=\"https:\/\/www.kasinobonus.ai\/es\/bono-de-deposito-del-100\/\" \/>\n<script type=\"application\/ld+json\" class=\"yoast-schema-graph\">{\"@context\":\"https:\/\/schema.org\",\"@graph\":[{\"@type\":\"WebPage\",\"@id\":\"https:\/\/www.kasinobonus.ai\/es\/bono-de-deposito-del-100\/\",\"url\":\"https:\/\/www.kasinobonus.ai\/es\/bono-de-deposito-del-100\/\",\"name\":\"Bono de Dep\u00f3sito del 100 % en Espa\u00f1a 2025 - www.kasinobonus.ai\",\"isPartOf\":{\"@id\":\"https:\/\/www.kasinobonus.ai\/es\/#website\"},\"primaryImageOfPage\":{\"@id\":\"https:\/\/www.kasinobonus.ai\/es\/bono-de-deposito-del-100\/#primaryimage\"},\"image\":{\"@id\":\"https:\/\/www.kasinobonus.ai\/es\/bono-de-deposito-del-100\/#primaryimage\"},\"thumbnailUrl\":\"https:\/\/www.kasinobonus.ai\/wp-content\/uploads\/2024\/01\/Bono_de_Deposito_del_100.jpg\",\"datePublished\":\"2023-08-29T13:54:22+00:00\",\"dateModified\":\"2025-07-30T14:04:06+00:00\",\"description\":\"Aprovecha el bono de dep\u00f3sito del 100% y dobla tu banca. Descubre los mejores casinos del a\u00f1o 2025 que ofrecen este bono.\",\"breadcrumb\":{\"@id\":\"https:\/\/www.kasinobonus.ai\/es\/bono-de-deposito-del-100\/#breadcrumb\"},\"inLanguage\":\"es\",\"potentialAction\":[{\"@type\":\"ReadAction\",\"target\":[\"https:\/\/www.kasinobonus.ai\/es\/bono-de-deposito-del-100\/\"]}]},{\"@type\":\"ImageObject\",\"inLanguage\":\"es\",\"@id\":\"https:\/\/www.kasinobonus.ai\/es\/bono-de-deposito-del-100\/#primaryimage\",\"url\":\"https:\/\/www.kasinobonus.ai\/wp-content\/uploads\/2024\/01\/Bono_de_Deposito_del_100.jpg\",\"contentUrl\":\"https:\/\/www.kasinobonus.ai\/wp-content\/uploads\/2024\/01\/Bono_de_Deposito_del_100.jpg\",\"width\":1200,\"height\":628,\"caption\":\"Bono de Deposito del 100\"},{\"@type\":\"BreadcrumbList\",\"@id\":\"https:\/\/www.kasinobonus.ai\/es\/bono-de-deposito-del-100\/#breadcrumb\",\"itemListElement\":[{\"@type\":\"ListItem\",\"position\":1,\"name\":\"Home\",\"item\":\"https:\/\/kasinobonus.ai\/es\/\"},{\"@type\":\"ListItem\",\"position\":2,\"name\":\"Bono de Dep\u00f3sito del 100%\"}]},{\"@type\":\"WebSite\",\"@id\":\"https:\/\/www.kasinobonus.ai\/es\/#website\",\"url\":\"https:\/\/www.kasinobonus.ai\/es\/\",\"name\":\"www.kasinobonus.ai\",\"description\":\"\",\"publisher\":{\"@id\":\"https:\/\/www.kasinobonus.ai\/es\/#organization\"},\"potentialAction\":[{\"@type\":\"SearchAction\",\"target\":{\"@type\":\"EntryPoint\",\"urlTemplate\":\"https:\/\/www.kasinobonus.ai\/es\/?s={search_term_string}\"},\"query-input\":{\"@type\":\"PropertyValueSpecification\",\"valueRequired\":true,\"valueName\":\"search_term_string\"}}],\"inLanguage\":\"es\"},{\"@type\":\"Organization\",\"@id\":\"https:\/\/www.kasinobonus.ai\/es\/#organization\",\"name\":\"KasinoBonus\",\"alternateName\":\"KasinoBonusAI\",\"url\":\"https:\/\/www.kasinobonus.ai\/es\/\",\"logo\":{\"@type\":\"ImageObject\",\"inLanguage\":\"es\",\"@id\":\"https:\/\/www.kasinobonus.ai\/es\/#\/schema\/logo\/image\/\",\"url\":\"https:\/\/www.kasinobonus.ai\/wp-content\/uploads\/2023\/09\/kasinobonus-logo-light.png\",\"contentUrl\":\"https:\/\/www.kasinobonus.ai\/wp-content\/uploads\/2023\/09\/kasinobonus-logo-light.png\",\"width\":3200,\"height\":596,\"caption\":\"KasinoBonus\"},\"image\":{\"@id\":\"https:\/\/www.kasinobonus.ai\/es\/#\/schema\/logo\/image\/\"},\"sameAs\":[\"https:\/\/www.facebook.com\/kasinobonusio\/\",\"https:\/\/x.com\/Kasinobonus_io\",\"https:\/\/www.linkedin.com\/in\/matti-slotte-26612033b\",\"http:\/\/kasinobonus.wikidot.com\/system:welcome\",\"https:\/\/www.trustpilot.com\/review\/www.kasinobonus.ai\",\"https:\/\/orcid.org\/0009-0007-2889-1713\",\"https:\/\/en.everybodywiki.com\/Matti_Slotte\",\"https:\/\/www.immuniweb.com\/ssl\/kasinobonus.ai\/M4lqCqYY\/\"]}]}<\/script>\n<!-- \/ Yoast SEO plugin. -->","yoast_head_json":{"title":"Bono de Dep\u00f3sito del 100 % en Espa\u00f1a 2025 - www.kasinobonus.ai","description":"Aprovecha el bono de dep\u00f3sito del 100% y dobla tu banca. Descubre los mejores casinos del a\u00f1o 2025 que ofrecen este bono.","robots":{"index":"index","follow":"follow","max-snippet":"max-snippet:-1","max-image-preview":"max-image-preview:large","max-video-preview":"max-video-preview:-1"},"canonical":"https:\/\/www.kasinobonus.ai\/es\/bono-de-deposito-del-100\/","schema":{"@context":"https:\/\/schema.org","@graph":[{"@type":"WebPage","@id":"https:\/\/www.kasinobonus.ai\/es\/bono-de-deposito-del-100\/","url":"https:\/\/www.kasinobonus.ai\/es\/bono-de-deposito-del-100\/","name":"Bono de Dep\u00f3sito del 100 % en Espa\u00f1a 2025 - www.kasinobonus.ai","isPartOf":{"@id":"https:\/\/www.kasinobonus.ai\/es\/#website"},"primaryImageOfPage":{"@id":"https:\/\/www.kasinobonus.ai\/es\/bono-de-deposito-del-100\/#primaryimage"},"image":{"@id":"https:\/\/www.kasinobonus.ai\/es\/bono-de-deposito-del-100\/#primaryimage"},"thumbnailUrl":"https:\/\/www.kasinobonus.ai\/wp-content\/uploads\/2024\/01\/Bono_de_Deposito_del_100.jpg","datePublished":"2023-08-29T13:54:22+00:00","dateModified":"2025-07-30T14:04:06+00:00","description":"Aprovecha el bono de dep\u00f3sito del 100% y dobla tu banca. Descubre los mejores casinos del a\u00f1o 2025 que ofrecen este bono.","breadcrumb":{"@id":"https:\/\/www.kasinobonus.ai\/es\/bono-de-deposito-del-100\/#breadcrumb"},"inLanguage":"es","potentialAction":[{"@type":"ReadAction","target":["https:\/\/www.kasinobonus.ai\/es\/bono-de-deposito-del-100\/"]}]},{"@type":"ImageObject","inLanguage":"es","@id":"https:\/\/www.kasinobonus.ai\/es\/bono-de-deposito-del-100\/#primaryimage","url":"https:\/\/www.kasinobonus.ai\/wp-content\/uploads\/2024\/01\/Bono_de_Deposito_del_100.jpg","contentUrl":"https:\/\/www.kasinobonus.ai\/wp-content\/uploads\/2024\/01\/Bono_de_Deposito_del_100.jpg","width":1200,"height":628,"caption":"Bono de Deposito del 100"},{"@type":"BreadcrumbList","@id":"https:\/\/www.kasinobonus.ai\/es\/bono-de-deposito-del-100\/#breadcrumb","itemListElement":[{"@type":"ListItem","position":1,"name":"Home","item":"https:\/\/kasinobonus.ai\/es\/"},{"@type":"ListItem","position":2,"name":"Bono de Dep\u00f3sito del 100%"}]},{"@type":"WebSite","@id":"https:\/\/www.kasinobonus.ai\/es\/#website","url":"https:\/\/www.kasinobonus.ai\/es\/","name":"www.kasinobonus.ai","description":"","publisher":{"@id":"https:\/\/www.kasinobonus.ai\/es\/#organization"},"potentialAction":[{"@type":"SearchAction","target":{"@type":"EntryPoint","urlTemplate":"https:\/\/www.kasinobonus.ai\/es\/?s={search_term_string}"},"query-input":{"@type":"PropertyValueSpecification","valueRequired":true,"valueName":"search_term_string"}}],"inLanguage":"es"},{"@type":"Organization","@id":"https:\/\/www.kasinobonus.ai\/es\/#organization","name":"KasinoBonus","alternateName":"KasinoBonusAI","url":"https:\/\/www.kasinobonus.ai\/es\/","logo":{"@type":"ImageObject","inLanguage":"es","@id":"https:\/\/www.kasinobonus.ai\/es\/#\/schema\/logo\/image\/","url":"https:\/\/www.kasinobonus.ai\/wp-content\/uploads\/2023\/09\/kasinobonus-logo-light.png","contentUrl":"https:\/\/www.kasinobonus.ai\/wp-content\/uploads\/2023\/09\/kasinobonus-logo-light.png","width":3200,"height":596,"caption":"KasinoBonus"},"image":{"@id":"https:\/\/www.kasinobonus.ai\/es\/#\/schema\/logo\/image\/"},"sameAs":["https:\/\/www.facebook.com\/kasinobonusio\/","https:\/\/x.com\/Kasinobonus_io","https:\/\/www.linkedin.com\/in\/matti-slotte-26612033b","http:\/\/kasinobonus.wikidot.com\/system:welcome","https:\/\/www.trustpilot.com\/review\/www.kasinobonus.ai","https:\/\/orcid.org\/0009-0007-2889-1713","https:\/\/en.everybodywiki.com\/Matti_Slotte","https:\/\/www.immuniweb.com\/ssl\/kasinobonus.ai\/M4lqCqYY\/"]}]}},"_links":{"self":[{"href":"https:\/\/www.kasinobonus.ai\/es\/wp-json\/wp\/v2\/pages\/13118","targetHints":{"allow":["GET"]}}],"collection":[{"href":"https:\/\/www.kasinobonus.ai\/es\/wp-json\/wp\/v2\/pages"}],"about":[{"href":"https:\/\/www.kasinobonus.ai\/es\/wp-json\/wp\/v2\/types\/page"}],"author":[{"embeddable":true,"href":"https:\/\/www.kasinobonus.ai\/es\/wp-json\/wp\/v2\/users\/1"}],"replies":[{"embeddable":true,"href":"https:\/\/www.kasinobonus.ai\/es\/wp-json\/wp\/v2\/comments?post=13118"}],"version-history":[{"count":4,"href":"https:\/\/www.kasinobonus.ai\/es\/wp-json\/wp\/v2\/pages\/13118\/revisions"}],"predecessor-version":[{"id":30673,"href":"https:\/\/www.kasinobonus.ai\/es\/wp-json\/wp\/v2\/pages\/13118\/revisions\/30673"}],"wp:featuredmedia":[{"embeddable":true,"href":"https:\/\/www.kasinobonus.ai\/es\/wp-json\/wp\/v2\/media\/13303"}],"wp:attachment":[{"href":"https:\/\/www.kasinobonus.ai\/es\/wp-json\/wp\/v2\/media?parent=13118"}],"curies":[{"name":"wp","href":"https:\/\/api.w.org\/{rel}","templated":true}]}}