{"id":9134,"date":"2023-08-29T13:49:37","date_gmt":"2023-08-29T13:49:37","guid":{"rendered":"http:\/\/kasinobonus.ai.dedivirt842.your-server.de\/talletusbonukset\/"},"modified":"2025-07-11T15:41:33","modified_gmt":"2025-07-11T15:41:33","slug":"indskudsbonusser","status":"publish","type":"page","link":"https:\/\/www.kasinobonus.ai\/dk\/indskudsbonusser\/","title":{"rendered":"Indskudsbonusser"},"content":{"rendered":"\n<h1 class=\"wp-block-heading\">De Bedste Indskudsbonusser Sammenlignet<\/h1>\n\n\n\n<p>Hvis du \u00f8nsker at modtage en indskudsbonus hos et casino i Danmark, undrer du dig m\u00e5ske over, hvad en indskudsbonus egentlig er, hvordan de fungerer, hvordan du modtager dem, og hvilke forskellige <em>typer<\/em> bonusser der findes.<\/p>\n\n\n\n<p>I dag vil jeg p\u00e5 denne side gennemg\u00e5 <em>pr\u00e6cis<\/em>, hvad indskudsbonusser er, hvad du kan forvente, n\u00e5r du h\u00e6ver dem, og jeg vil ogs\u00e5 forklare nogle af de vigtigste vilk\u00e5r og betingelser, der er knyttet til disse bonusser, s\u00e5 du kan nyde <em>din<\/em> bonus uden at skulle bekymre dig om at bryde nogen regler! For at komme i gang vil jeg starte med at vise dig nogle af de bedste casino indskudsbonustilbud, der er tilg\u00e6ngelige i \u00f8jeblikket.<\/p>\n\n\n\n<h2 class=\"wp-block-heading\"><strong>De bedste casino indskudsbonustilbud i Danmark<\/strong><\/h2>\n\n\n\n<p>Hvis du gerne vil g\u00f8re krav p\u00e5 de bedste britiske casinobonusser, men ikke har en anelse om, hvor du skal lede \u2013 eller hvor du skal starte \u2013 kan jeg med gl\u00e6de fort\u00e6lle dig, at vi her hos KasinoBonus har gjort alt det h\u00e5rde arbejde for dig! Nedenfor finder du en skr\u00e6ddersyet liste over de bedste casinoer, der tilbyder de bedste bonusser lige nu \u2013 alle h\u00e5ndplukkede af vores team af eksperter.<\/p>\n\n\n\n<p>For eksempel kan du nemt finde en <a class=\"\" href=\"https:\/\/www.kasinobonus.ai\/dk\/100-indbetalingsbonus\/\">100% indbetalingsbonus<\/a> eller endda en gener\u00f8s <a class=\"\" href=\"https:\/\/www.kasinobonus.ai\/dk\/200-indbetalingsbonus\/\">200% indbetalingsbonus<\/a> med rimelige vilk\u00e5r.<\/p>\n\n\n\n<p>Hvis du ser et casino eller en bonus, der lyder godt for dig, skal du blot klikke p\u00e5 den store \u00bbSpil nu\u00ab-knap for at tilmelde dig og g\u00f8re krav p\u00e5 den!<\/p>\n\n\n<p>[brand_table template=&#8221;table_style_1.php&#8221; country=&#8221;DK&#8221; bonus=&#8221;&#8221;]<\/p>\n\n\n\n<p>hvis du ser et casino eller en bonus, der lyder godt for dig, skal du blot klikke p\u00e5 den store \u00bbSpil nu\u00ab-knap for at tilmelde dig og g\u00f8re krav p\u00e5 den!<\/p>\n\n\n\n<figure class=\"wp-block-image size-full is-resized\"><img decoding=\"async\" width=\"1000\" height=\"666\" src=\"https:\/\/www.kasinobonus.ai\/wp-content\/uploads\/2025\/07\/Indskudsbonusser.jpg\" alt=\"Indskudsbonusser\" class=\"wp-image-32087\" style=\"width:1180px;height:auto\" srcset=\"https:\/\/www.kasinobonus.ai\/wp-content\/uploads\/2025\/07\/Indskudsbonusser.jpg 1000w, https:\/\/www.kasinobonus.ai\/wp-content\/uploads\/2025\/07\/Indskudsbonusser-300x200.jpg 300w, https:\/\/www.kasinobonus.ai\/wp-content\/uploads\/2025\/07\/Indskudsbonusser-768x511.jpg 768w, https:\/\/www.kasinobonus.ai\/wp-content\/uploads\/2025\/07\/Indskudsbonusser-110x73.jpg 110w, https:\/\/www.kasinobonus.ai\/wp-content\/uploads\/2025\/07\/Indskudsbonusser-575x383.jpg 575w\" sizes=\"(max-width: 1000px) 100vw, 1000px\" \/><\/figure>\n\n\n\n<h2 class=\"wp-block-heading\"><strong>Hvordan vi anmelder casinoer<\/strong><\/h2>\n\n\n\n<p>Hos KasinoBonus har vi en <em>meget<\/em> spillerfokuseret tilgang til alle vores casinoanmeldelser. Faktisk er vores grundige anmeldelsesproces langt mere omfattende end de fleste af vores konkurrenters \u2013 og hoved\u00e5rsagen til dette er, at vi faktisk tilmelder os, indbetaler og spiller p\u00e5 alle de casinoer, vi anmelder.<\/p>\n\n\n\n<p>Vi vurderer blandt andet, om siden tilbyder en <a class=\"\" href=\"https:\/\/www.kasinobonus.ai\/dk\/500-indbetalingsbonus\/\">500% indbetalingsbonus<\/a> eller andre specielle kampagner, og om vilk\u00e5rene er rimelige for spillere.<\/p>\n\n\n\n<p>De kontrollerer ogs\u00e5 en r\u00e6kke andre faktorer som spiludvalg, betalingsmetoder, udbetalingshastigheder \u2013 de tester endda kundesupporten, s\u00e5 du ved pr\u00e6cis, hvad du kan forvente, n\u00e5r du spiller!<\/p>\n\n\n\n<h2 class=\"wp-block-heading\"><strong>Typer af indskudsbonusser<\/strong><\/h2>\n\n\n\n<p>Indskudsbonusser findes i mange forskellige former, og uanset hvilken type spiller du er, finder du en, der passer til dig! Nedenfor vil jeg forklare nogle af de mest almindelige typer indskudsbonusser, du finder online i dag.<\/p>\n\n\n\n<h3 class=\"wp-block-heading\">Velkomstindskudsbonus<\/h3>\n\n\n\n<p>Den mest almindelige type indskudsbonus er <a class=\"\" href=\"https:\/\/www.kasinobonus.ai\/dk\/velkomstbonus\/\">velkomstbonus<\/a>, som tilbydes nye spillere, n\u00e5r de tilmelder sig. Disse bonusser matcher typisk din f\u00f8rste indbetaling med 100 %, 150 % eller endda 200 %, hvilket giver dig ekstra penge at spille for! Nogle kasinoer g\u00e5r ogs\u00e5 et skridt videre og kombinerer disse matchende indskudsbonusser med andre fordele som gratis spins eller endda cashback.<\/p>\n\n\n\n<h3 class=\"wp-block-heading\">Reload-indskudsbonus<\/h3>\n\n\n\n<p>En reload-bonus er et indskudstilbud, der er tilg\u00e6ngeligt for eksisterende spillere. Disse bonusser tilskynder dig til at foretage yderligere indskud ved at tilbyde ekstra penge eller gratis spins \u2013 ofte p\u00e5 dit andet, tredje og fjerde indskud. I mods\u00e6tning til velkomstbonusser kan reload-bonusser v\u00e6re mindre og varierer ofte fra 25 % til 100 % match \u2013 men de er stadig en solid kampagne.<\/p>\n\n\n\n<h3 class=\"wp-block-heading\">High Roller-indskudsbonus<\/h3>\n\n\n\n<p>High roller-indskudsbonusser er, som navnet antyder, s\u00e6rlige kampagner designet til\u2026 high rollers. Disse bonusser er ofte tilg\u00e6ngelige i meget st\u00f8rre bel\u00f8b, og de har undertiden ogs\u00e5 mindre strenge vilk\u00e5r og betingelser. Ofte kan disse ogs\u00e5 inkludere specielle bonusformer som en <a class=\"\" href=\"https:\/\/www.kasinobonus.ai\/dk\/300-indbetalingsbonus\/\">300% indbetalingsbonus<\/a>.<\/p>\n\n\n\n<h3 class=\"wp-block-heading\">Indskudsbonus uden oms\u00e6tningskrav<\/h3>\n\n\n\n<p>Et indskudsbonus uden oms\u00e6tningskrav er en af de mest spillervenlige kampagner, der findes. Med denne type bonus udbetales alle gevinster i rigtige penge, hvilket betyder, at du kan h\u00e6ve dem med det samme uden at skulle opfylde nogen oms\u00e6tningskrav. Mange spillere leder derfor specifikt efter en god <a class=\"\" href=\"https:\/\/www.kasinobonus.ai\/dk\/non-sticky-bonus\/\">non sticky bonus<\/a>.<\/p>\n\n\n\n<h3 class=\"wp-block-heading\">Indskudsbonus med gratis spins<\/h3>\n\n\n\n<p>Nogle kasinoer tilbyder gratis spins som en del af en indskudsbonus, enten sammen med en matchbonus eller som hovedbel\u00f8nning. For eksempel kan et kasino give dig 100 % op til 200 \u00a3 plus 50 gratis spins p\u00e5 Starburst. Gratis spins kan bruges p\u00e5 bestemte spillemaskiner eller en r\u00e6kke spil, afh\u00e6ngigt af vilk\u00e5rene for den p\u00e5g\u00e6ldende kampagne.<\/p>\n\n\n\n<h2 class=\"wp-block-heading\"><strong>Vilk\u00e5r og betingelser for indskudsbonus<\/strong><\/h2>\n\n\n\n<p>Alle typer indskudsbonusser kommer med <em>nogle<\/em> former for vilk\u00e5r og betingelser \u2013 og det er ret vigtigt at v\u00e6re opm\u00e6rksom p\u00e5, hvad disse vilk\u00e5r er, inden du begynder at spille. Nedenfor vil jeg gennemg\u00e5 nogle af de mest almindelige vilk\u00e5r, du sandsynligvis vil st\u00f8de p\u00e5, n\u00e5r du h\u00e6ver britiske indskudsbonusser.<\/p>\n\n\n\n<h3 class=\"wp-block-heading\"><strong>Oms\u00e6tningskrav<\/strong><\/h3>\n\n\n\n<p>Et af de vigtigste aspekter ved en indskudsbonus er oms\u00e6tningskravet. Dette bestemmer, hvor mange gange du skal satse din bonus, f\u00f8r du kan h\u00e6ve eventuelle gevinster. Hvis du f.eks. modtager en bonus p\u00e5 100 \u00a3 med et oms\u00e6tningskrav p\u00e5 35x, skal du satse 3.500 \u00a3, f\u00f8r du kan h\u00e6ve gevinsten. Nogle casinoer tilbyder bonusser med lave eller ingen oms\u00e6tningskrav, men nogle kan g\u00e5 op til hele 70x!<\/p>\n\n\n\n<h3 class=\"wp-block-heading\"><strong>Minimumsindbetalingsbel\u00f8b<\/strong><\/h3>\n\n\n\n<p>De fleste indskudsbonusser kr\u00e6ver en minimumsindbetaling for at v\u00e6re gyldige. Dette bel\u00f8b varierer typisk fra 10 \u00a3 til 20 \u00a3, afh\u00e6ngigt af casinoet. Nogle specifikke kampagner \u2013 ofte high roller- eller reload-bonusser \u2013 krever dog en minimumsindbetaling p\u00e5 nogle gange 100 \u00a3 eller mere, s\u00e5 det er altid en god id\u00e9 at tjekke dette, <em>inden<\/em> du tilmelder dig et casino!<\/p>\n\n\n\n<h3 class=\"wp-block-heading\"><strong>Bonusudl\u00f8bsdato<\/strong><\/h3>\n\n\n\n<p>De fleste indskudsbonusser skal bruges inden for en bestemt tidsramme. Dette omfatter normalt b\u00e5de at spille med bonusmidlerne og at opfylde oms\u00e6tningskravene. Hvis du ikke opfylder begge dele inden for den givne tidsramme, vil dine midler sandsynligvis blive fortabt.<\/p>\n\n\n\n<h3 class=\"wp-block-heading\"><strong>Spilbegr\u00e6nsninger<\/strong><\/h3>\n\n\n\n<p>Ikke alle spil bidrager lige meget til oms\u00e6tningskravene. Spilleautomater t\u00e6ller normalt 100 %, mens bordspil som blackjack og roulette kun bidrager med 10 % eller slet ikke. Nogle spilleautomater kan dog v\u00e6re helt udelukket fra bonussen p\u00e5 grund af progressive jackpots eller meget h\u00f8je RTP&#8217;er, s\u00e5 dette er altid noget, du b\u00f8r tjekke, inden du begynder at spille med din bonus.<\/p>\n\n\n\n<h3 class=\"wp-block-heading\"><strong>Maksimale gevinst- og udbetalingsgr\u00e6nser<\/strong><\/h3>\n\n\n\n<p>Nogle indskudsbonusser har en maksimal gevinstgr\u00e6nse, hvilket betyder, at du er begr\u00e6nset til at vinde et bestemt bel\u00f8b. Chancen for, at der <em>er<\/em> en maksimal gevinstgr\u00e6nse, \u00f8ges betydeligt, hvis du h\u00e6ver en bonus uden indskud. Velkomstbonusser har for eksempel sj\u00e6ldent denne betingelse \u2013 heldigvis.<\/p>\n\n\n\n<h2 class=\"wp-block-heading\">Fordele og Ulemper<\/h2>\n\n\n\n<figure class=\"wp-block-image size-full\"><img decoding=\"async\" width=\"1000\" height=\"666\" src=\"https:\/\/www.kasinobonus.ai\/wp-content\/uploads\/2025\/06\/KB-Indskudsbonusser.jpg\" alt=\"Indskudsbonusser\" class=\"wp-image-30285\" srcset=\"https:\/\/www.kasinobonus.ai\/wp-content\/uploads\/2025\/06\/KB-Indskudsbonusser.jpg 1000w, https:\/\/www.kasinobonus.ai\/wp-content\/uploads\/2025\/06\/KB-Indskudsbonusser-300x200.jpg 300w, https:\/\/www.kasinobonus.ai\/wp-content\/uploads\/2025\/06\/KB-Indskudsbonusser-768x511.jpg 768w, https:\/\/www.kasinobonus.ai\/wp-content\/uploads\/2025\/06\/KB-Indskudsbonusser-110x73.jpg 110w, https:\/\/www.kasinobonus.ai\/wp-content\/uploads\/2025\/06\/KB-Indskudsbonusser-575x383.jpg 575w\" sizes=\"(max-width: 1000px) 100vw, 1000px\" \/><\/figure>\n\n\n\n<div class=\"wp-block-columns is-layout-flex wp-container-core-columns-is-layout-28f84493 wp-block-columns-is-layout-flex\">\n<div class=\"wp-block-column is-layout-flow wp-block-column-is-layout-flow\">\n<h3 class=\"wp-block-heading\"><strong>\u2705 Fordele<\/strong><strong><\/strong><\/h3>\n\n\n\n<ul class=\"wp-block-list\">\n<li>\u2705 H\u00f8jere bonusbel\u00f8b sammenlignet med tilbud uden indskud<\/li>\n\n\n\n<li>\u2705 L\u00e5ser op for adgang til velkomstpakker og VIP-fordele<\/li>\n\n\n\n<li>\u2705 Indeholder ofte b\u00e5de bonuspenge og gratis spins<\/li>\n\n\n\n<li>\u2705 Stor v\u00e6rdi for spillere, der allerede har planer om at indbetale<\/li>\n\n\n\n<li>\u2705 Bredt accepteret p\u00e5 de fleste online casinoer<\/li>\n<\/ul>\n<\/div>\n\n\n\n<div class=\"wp-block-column is-layout-flow wp-block-column-is-layout-flow\">\n<h3 class=\"wp-block-heading\"><strong>\u274c Ulemper<\/strong><strong><\/strong><\/h3>\n\n\n\n<ul class=\"wp-block-list\">\n<li>\u274c Kommer med oms\u00e6tningskrav (nogle gange 30x-50x)<\/li>\n\n\n\n<li>\u274c Bonusmidler kan v\u00e6re l\u00e5st, indtil betingelserne er opfyldt<\/li>\n\n\n\n<li>\u274c Nogle spil er udelukket fra bonusspil<\/li>\n\n\n\n<li>\u274c Maks. indsatsgr\u00e6nser kan g\u00e6lde, mens du bruger bonus<\/li>\n\n\n\n<li>\u274c Udbetaling er ofte begr\u00e6nset, indtil bonussen er clearet<\/li>\n<\/ul>\n<\/div>\n<\/div>\n\n\n\n<h2 class=\"wp-block-heading\">Bedste indbetalingsbonusser i Danmark<\/h2>\n\n\n\n<figure class=\"wp-block-table\"><table class=\"has-fixed-layout\"><thead><tr><th>Casino<\/th><th>Bonus<\/th><th>Betingelser<\/th><th>Kode \/ Info<\/th><th>Link<\/th><\/tr><\/thead><tbody><tr><td>LuckyVibe<\/td><td>Op til \u20ac1000 + 100 gratis spins. Bonus p\u00e5 2., 3. og 4. indbetaling<\/td><td>Genindl\u00e6sningsbonus<\/td><td>\u2013<\/td><td><a href=\"https:\/\/www.kasinobonus.ai\/go\/luckyvibefi\/\">Spil nu<\/a><\/td><\/tr><tr><td>Bet on Red<\/td><td>50 gratis spins uden indbetaling + 100\u202f% op til \u20ac100 + 150 gratis spins<\/td><td>Brug kampagnekode: <strong>BLITZ3<\/strong> ved registrering<\/td><td>BLITZ3<\/td><td><a href=\"https:\/\/www.kasinobonus.ai\/go\/betonred\">Spil nu<\/a><\/td><\/tr><tr><td>Wheelz<\/td><td>20 gratis spins uden indbetaling + 100\u202f% op til \u20ac300<\/td><td>Spins: John Hunter og Tuts bog<\/td><td>Wheelz<\/td><td><a href=\"https:\/\/www.kasinobonus.ai\/go\/wheelz\">Spil nu<\/a><\/td><\/tr><tr><td>Jettbet<\/td><td>20 gratis spins p\u00e5 Captain\u2019s Quest: Treasure Island (Betsoft)<\/td><td>Oms\u00e6tningskrav 40x, maks. udbetaling \u20ac20<\/td><td>\u2013<\/td><td><a href=\"https:\/\/www.kasinobonus.ai\/go\/Jettbet\">Spil nu<\/a><\/td><\/tr><tr><td>Depositwin<\/td><td>100\u202f% op til \u20ac400 + 100 gratis spins uden oms\u00e6tningskrav<\/td><td>G\u00e6lder p\u00e5 3 f\u00f8rste indbetalinger<\/td><td>INGEN V\u00c6DDEM\u00c5L<\/td><td><a href=\"https:\/\/www.kasinobonus.ai\/go\/depositwin\">Spil nu<\/a><\/td><\/tr><\/tbody><\/table><\/figure>\n\n\n\n<h2 class=\"wp-block-heading\">Ressourcer til ansvarligt spil<\/h2>\n\n\n\n<ul class=\"wp-block-list\">\n<li><a href=\"https:\/\/www.spillemyndigheden.dk\">https:\/\/www.spillemyndigheden.dk<\/a> <\/li>\n\n\n\n<li><a href=\"https:\/\/www.rofus.nu\">https:\/\/www.rofus.nu<\/a><\/li>\n\n\n\n<li><a href=\"https:\/\/stopspillet.dk\">https:\/\/stopspillet.dk<\/a> <\/li>\n\n\n\n<li><a href=\"https:\/\/gamblingtherapy.org\">https:\/\/gamblingtherapy.org<\/a><a href=\"https:\/\/help.revolut.com\/en-DK\/help\/more\/life-challenges-and-well-being\/what-gambling-support-is-available\/?utm_source=chatgpt.com\" target=\"_blank\" rel=\"noreferrer noopener\">m<\/a><\/li>\n<\/ul>\n","protected":false},"excerpt":{"rendered":"<p>De Bedste Indskudsbonusser Sammenlignet Hvis du \u00f8nsker at modtage en indskudsbonus hos et casino i Danmark, undrer du dig m\u00e5ske over, hvad en indskudsbonus egentlig er, hvordan de fungerer, hvordan du modtager dem, og hvilke forskellige typer bonusser der findes. I dag vil jeg p\u00e5 denne side gennemg\u00e5 pr\u00e6cis, hvad indskudsbonusser er, hvad du kan [&hellip;]<\/p>\n","protected":false},"author":1,"featured_media":10456,"parent":0,"menu_order":0,"comment_status":"open","ping_status":"closed","template":"","meta":{"inline_featured_image":false,"footnotes":""},"class_list":["post-9134","page","type-page","status-publish","has-post-thumbnail","hentry"],"yoast_head":"<!-- This site is optimized with the Yoast SEO plugin v24.5 - https:\/\/yoast.com\/wordpress\/plugins\/seo\/ -->\n<title>Indskudsbonusser (2025) - www.kasinobonus.ai<\/title>\n<meta name=\"description\" content=\"Sammenlign de bedste indskudsbonusser i 2025. Find casinoer, der tilbyder markedets mest attraktive indskudsbonus, og begynd at spille med det samme!\" \/>\n<meta name=\"robots\" content=\"index, follow, max-snippet:-1, max-image-preview:large, max-video-preview:-1\" \/>\n<link rel=\"canonical\" href=\"https:\/\/www.kasinobonus.ai\/dk\/indskudsbonusser\/\" \/>\n<script type=\"application\/ld+json\" class=\"yoast-schema-graph\">{\"@context\":\"https:\/\/schema.org\",\"@graph\":[{\"@type\":\"WebPage\",\"@id\":\"https:\/\/www.kasinobonus.ai\/dk\/indskudsbonusser\/\",\"url\":\"https:\/\/www.kasinobonus.ai\/dk\/indskudsbonusser\/\",\"name\":\"Indskudsbonusser (2025) - www.kasinobonus.ai\",\"isPartOf\":{\"@id\":\"https:\/\/www.kasinobonus.ai\/dk\/#website\"},\"primaryImageOfPage\":{\"@id\":\"https:\/\/www.kasinobonus.ai\/dk\/indskudsbonusser\/#primaryimage\"},\"image\":{\"@id\":\"https:\/\/www.kasinobonus.ai\/dk\/indskudsbonusser\/#primaryimage\"},\"thumbnailUrl\":\"https:\/\/www.kasinobonus.ai\/wp-content\/uploads\/2023\/12\/bedste_indbetalingsbonusser.jpg\",\"datePublished\":\"2023-08-29T13:49:37+00:00\",\"dateModified\":\"2025-07-11T15:41:33+00:00\",\"description\":\"Sammenlign de bedste indskudsbonusser i 2025. Find casinoer, der tilbyder markedets mest attraktive indskudsbonus, og begynd at spille med det samme!\",\"breadcrumb\":{\"@id\":\"https:\/\/www.kasinobonus.ai\/dk\/indskudsbonusser\/#breadcrumb\"},\"inLanguage\":\"da\",\"potentialAction\":[{\"@type\":\"ReadAction\",\"target\":[\"https:\/\/www.kasinobonus.ai\/dk\/indskudsbonusser\/\"]}]},{\"@type\":\"ImageObject\",\"inLanguage\":\"da\",\"@id\":\"https:\/\/www.kasinobonus.ai\/dk\/indskudsbonusser\/#primaryimage\",\"url\":\"https:\/\/www.kasinobonus.ai\/wp-content\/uploads\/2023\/12\/bedste_indbetalingsbonusser.jpg\",\"contentUrl\":\"https:\/\/www.kasinobonus.ai\/wp-content\/uploads\/2023\/12\/bedste_indbetalingsbonusser.jpg\",\"width\":1200,\"height\":628,\"caption\":\"bedste indbetalingsbonusser\"},{\"@type\":\"BreadcrumbList\",\"@id\":\"https:\/\/www.kasinobonus.ai\/dk\/indskudsbonusser\/#breadcrumb\",\"itemListElement\":[{\"@type\":\"ListItem\",\"position\":1,\"name\":\"Home\",\"item\":\"https:\/\/kasinobonus.ai\/dk\/\"},{\"@type\":\"ListItem\",\"position\":2,\"name\":\"Indskudsbonusser\"}]},{\"@type\":\"WebSite\",\"@id\":\"https:\/\/www.kasinobonus.ai\/dk\/#website\",\"url\":\"https:\/\/www.kasinobonus.ai\/dk\/\",\"name\":\"www.kasinobonus.ai\",\"description\":\"\",\"publisher\":{\"@id\":\"https:\/\/www.kasinobonus.ai\/dk\/#organization\"},\"potentialAction\":[{\"@type\":\"SearchAction\",\"target\":{\"@type\":\"EntryPoint\",\"urlTemplate\":\"https:\/\/www.kasinobonus.ai\/dk\/?s={search_term_string}\"},\"query-input\":{\"@type\":\"PropertyValueSpecification\",\"valueRequired\":true,\"valueName\":\"search_term_string\"}}],\"inLanguage\":\"da\"},{\"@type\":\"Organization\",\"@id\":\"https:\/\/www.kasinobonus.ai\/dk\/#organization\",\"name\":\"KasinoBonus\",\"alternateName\":\"KasinoBonusAI\",\"url\":\"https:\/\/www.kasinobonus.ai\/dk\/\",\"logo\":{\"@type\":\"ImageObject\",\"inLanguage\":\"da\",\"@id\":\"https:\/\/www.kasinobonus.ai\/dk\/#\/schema\/logo\/image\/\",\"url\":\"https:\/\/www.kasinobonus.ai\/wp-content\/uploads\/2023\/09\/kasinobonus-logo-light.png\",\"contentUrl\":\"https:\/\/www.kasinobonus.ai\/wp-content\/uploads\/2023\/09\/kasinobonus-logo-light.png\",\"width\":3200,\"height\":596,\"caption\":\"KasinoBonus\"},\"image\":{\"@id\":\"https:\/\/www.kasinobonus.ai\/dk\/#\/schema\/logo\/image\/\"},\"sameAs\":[\"https:\/\/www.facebook.com\/kasinobonusio\/\",\"https:\/\/x.com\/Kasinobonus_io\",\"https:\/\/www.linkedin.com\/in\/matti-slotte-26612033b\",\"http:\/\/kasinobonus.wikidot.com\/system:welcome\",\"https:\/\/www.trustpilot.com\/review\/www.kasinobonus.ai\",\"https:\/\/orcid.org\/0009-0007-2889-1713\",\"https:\/\/en.everybodywiki.com\/Matti_Slotte\",\"https:\/\/www.immuniweb.com\/ssl\/kasinobonus.ai\/M4lqCqYY\/\"]}]}<\/script>\n<!-- \/ Yoast SEO plugin. -->","yoast_head_json":{"title":"Indskudsbonusser (2025) - www.kasinobonus.ai","description":"Sammenlign de bedste indskudsbonusser i 2025. Find casinoer, der tilbyder markedets mest attraktive indskudsbonus, og begynd at spille med det samme!","robots":{"index":"index","follow":"follow","max-snippet":"max-snippet:-1","max-image-preview":"max-image-preview:large","max-video-preview":"max-video-preview:-1"},"canonical":"https:\/\/www.kasinobonus.ai\/dk\/indskudsbonusser\/","schema":{"@context":"https:\/\/schema.org","@graph":[{"@type":"WebPage","@id":"https:\/\/www.kasinobonus.ai\/dk\/indskudsbonusser\/","url":"https:\/\/www.kasinobonus.ai\/dk\/indskudsbonusser\/","name":"Indskudsbonusser (2025) - www.kasinobonus.ai","isPartOf":{"@id":"https:\/\/www.kasinobonus.ai\/dk\/#website"},"primaryImageOfPage":{"@id":"https:\/\/www.kasinobonus.ai\/dk\/indskudsbonusser\/#primaryimage"},"image":{"@id":"https:\/\/www.kasinobonus.ai\/dk\/indskudsbonusser\/#primaryimage"},"thumbnailUrl":"https:\/\/www.kasinobonus.ai\/wp-content\/uploads\/2023\/12\/bedste_indbetalingsbonusser.jpg","datePublished":"2023-08-29T13:49:37+00:00","dateModified":"2025-07-11T15:41:33+00:00","description":"Sammenlign de bedste indskudsbonusser i 2025. Find casinoer, der tilbyder markedets mest attraktive indskudsbonus, og begynd at spille med det samme!","breadcrumb":{"@id":"https:\/\/www.kasinobonus.ai\/dk\/indskudsbonusser\/#breadcrumb"},"inLanguage":"da","potentialAction":[{"@type":"ReadAction","target":["https:\/\/www.kasinobonus.ai\/dk\/indskudsbonusser\/"]}]},{"@type":"ImageObject","inLanguage":"da","@id":"https:\/\/www.kasinobonus.ai\/dk\/indskudsbonusser\/#primaryimage","url":"https:\/\/www.kasinobonus.ai\/wp-content\/uploads\/2023\/12\/bedste_indbetalingsbonusser.jpg","contentUrl":"https:\/\/www.kasinobonus.ai\/wp-content\/uploads\/2023\/12\/bedste_indbetalingsbonusser.jpg","width":1200,"height":628,"caption":"bedste indbetalingsbonusser"},{"@type":"BreadcrumbList","@id":"https:\/\/www.kasinobonus.ai\/dk\/indskudsbonusser\/#breadcrumb","itemListElement":[{"@type":"ListItem","position":1,"name":"Home","item":"https:\/\/kasinobonus.ai\/dk\/"},{"@type":"ListItem","position":2,"name":"Indskudsbonusser"}]},{"@type":"WebSite","@id":"https:\/\/www.kasinobonus.ai\/dk\/#website","url":"https:\/\/www.kasinobonus.ai\/dk\/","name":"www.kasinobonus.ai","description":"","publisher":{"@id":"https:\/\/www.kasinobonus.ai\/dk\/#organization"},"potentialAction":[{"@type":"SearchAction","target":{"@type":"EntryPoint","urlTemplate":"https:\/\/www.kasinobonus.ai\/dk\/?s={search_term_string}"},"query-input":{"@type":"PropertyValueSpecification","valueRequired":true,"valueName":"search_term_string"}}],"inLanguage":"da"},{"@type":"Organization","@id":"https:\/\/www.kasinobonus.ai\/dk\/#organization","name":"KasinoBonus","alternateName":"KasinoBonusAI","url":"https:\/\/www.kasinobonus.ai\/dk\/","logo":{"@type":"ImageObject","inLanguage":"da","@id":"https:\/\/www.kasinobonus.ai\/dk\/#\/schema\/logo\/image\/","url":"https:\/\/www.kasinobonus.ai\/wp-content\/uploads\/2023\/09\/kasinobonus-logo-light.png","contentUrl":"https:\/\/www.kasinobonus.ai\/wp-content\/uploads\/2023\/09\/kasinobonus-logo-light.png","width":3200,"height":596,"caption":"KasinoBonus"},"image":{"@id":"https:\/\/www.kasinobonus.ai\/dk\/#\/schema\/logo\/image\/"},"sameAs":["https:\/\/www.facebook.com\/kasinobonusio\/","https:\/\/x.com\/Kasinobonus_io","https:\/\/www.linkedin.com\/in\/matti-slotte-26612033b","http:\/\/kasinobonus.wikidot.com\/system:welcome","https:\/\/www.trustpilot.com\/review\/www.kasinobonus.ai","https:\/\/orcid.org\/0009-0007-2889-1713","https:\/\/en.everybodywiki.com\/Matti_Slotte","https:\/\/www.immuniweb.com\/ssl\/kasinobonus.ai\/M4lqCqYY\/"]}]}},"_links":{"self":[{"href":"https:\/\/www.kasinobonus.ai\/dk\/wp-json\/wp\/v2\/pages\/9134","targetHints":{"allow":["GET"]}}],"collection":[{"href":"https:\/\/www.kasinobonus.ai\/dk\/wp-json\/wp\/v2\/pages"}],"about":[{"href":"https:\/\/www.kasinobonus.ai\/dk\/wp-json\/wp\/v2\/types\/page"}],"author":[{"embeddable":true,"href":"https:\/\/www.kasinobonus.ai\/dk\/wp-json\/wp\/v2\/users\/1"}],"replies":[{"embeddable":true,"href":"https:\/\/www.kasinobonus.ai\/dk\/wp-json\/wp\/v2\/comments?post=9134"}],"version-history":[{"count":5,"href":"https:\/\/www.kasinobonus.ai\/dk\/wp-json\/wp\/v2\/pages\/9134\/revisions"}],"predecessor-version":[{"id":32095,"href":"https:\/\/www.kasinobonus.ai\/dk\/wp-json\/wp\/v2\/pages\/9134\/revisions\/32095"}],"wp:featuredmedia":[{"embeddable":true,"href":"https:\/\/www.kasinobonus.ai\/dk\/wp-json\/wp\/v2\/media\/10456"}],"wp:attachment":[{"href":"https:\/\/www.kasinobonus.ai\/dk\/wp-json\/wp\/v2\/media?parent=9134"}],"curies":[{"name":"wp","href":"https:\/\/api.w.org\/{rel}","templated":true}]}}