{"id":9127,"date":"2023-08-29T13:49:51","date_gmt":"2023-08-29T13:49:51","guid":{"rendered":"http:\/\/kasinobonus.ai.dedivirt842.your-server.de\/ilmaiskierrokset\/"},"modified":"2025-07-11T15:48:50","modified_gmt":"2025-07-11T15:48:50","slug":"gratis-spins","status":"publish","type":"page","link":"https:\/\/www.kasinobonus.ai\/dk\/gratis-spins\/","title":{"rendered":"Gratis Spins"},"content":{"rendered":"\n<h1 class=\"wp-block-heading\">Gratis Spins 2025: Hvor Er Det V\u00e6rd at Spille?<\/h1>\n\n\n\n<p>Hvis du leder efter de bedste <a class=\"\" href=\"https:\/\/www.kasinobonus.ai\/dk\/gratis-spins\/\">gratis spins<\/a>\u2013tilbud i Danmark, er du kommet til det rette sted! I dag tilbyder kasinoer meget ofte gratis spins, s\u00e5 du kan pr\u00f8ve alle de bedste nye spilleautomater uden at risikere noget (eller s\u00e5 meget) af dine egne penge!<\/p>\n\n\n\n<p>Uanset om du er en erfaren spiller, der \u00f8nsker at maksimere dine potentielle bonusser, eller en ny kunde, der \u00f8nsker at f\u00e5 nogle <a class=\"\" href=\"https:\/\/www.kasinobonus.ai\/dk\/10-gratis-spins-uden-indbetaling\/\">gratis spins uden indbetaling<\/a> f\u00f8r du foretager en rigtig indbetaling, er denne side noget for dig!<\/p>\n\n\n\n<h2 class=\"wp-block-heading\"><strong>De bedste casinoer med gratis spins uden indbetaling i Danmark<\/strong><\/h2>\n\n\n\n<p>Det er nemt at f\u00e5 gratis spins \u2013 alt du skal g\u00f8re er at tilmelde dig et af de nedenst\u00e5ende casinoer, og s\u00e5 kan du f\u00e5 nogle virkelig gener\u00f8se kampagner! Nogle af disse bonusser kr\u00e6ver, at du foretager en indbetaling, mens andre giver dig mulighed for at f\u00e5 spins gratis \u2013 f.eks. op til <a class=\"\" href=\"https:\/\/www.kasinobonus.ai\/dk\/25-gratis-spins-uden-indbetaling\/\">25 gratis spins uden indbetaling<\/a> p\u00e5 udvalgte spillemaskiner.<\/p>\n\n\n<p>[brand_table template=&#8221;table_style_1.php&#8221; country=&#8221;DK&#8221; bonus_type=&#8221;no_deposit&#8221;]<\/p>\n\n\n\n<p>Hvis du finder et casino (eller en gratis spins-kampagne), du kan lide, skal du blot klikke p\u00e5 knappen \u00bbSpil nu\u00ab \u2013 s\u00e5 bliver du f\u00f8rt direkte til casinoets tilmeldingsside!<\/p>\n\n\n\n<figure class=\"wp-block-image size-full\"><img decoding=\"async\" width=\"1000\" height=\"666\" src=\"https:\/\/www.kasinobonus.ai\/wp-content\/uploads\/2025\/07\/Gratis-Spins.jpg\" alt=\"Gratis Spins\" class=\"wp-image-32160\" srcset=\"https:\/\/www.kasinobonus.ai\/wp-content\/uploads\/2025\/07\/Gratis-Spins.jpg 1000w, https:\/\/www.kasinobonus.ai\/wp-content\/uploads\/2025\/07\/Gratis-Spins-300x200.jpg 300w, https:\/\/www.kasinobonus.ai\/wp-content\/uploads\/2025\/07\/Gratis-Spins-768x511.jpg 768w, https:\/\/www.kasinobonus.ai\/wp-content\/uploads\/2025\/07\/Gratis-Spins-110x73.jpg 110w, https:\/\/www.kasinobonus.ai\/wp-content\/uploads\/2025\/07\/Gratis-Spins-575x383.jpg 575w\" sizes=\"(max-width: 1000px) 100vw, 1000px\" \/><\/figure>\n\n\n\n<h2 class=\"wp-block-heading\"><strong>S\u00e5dan vurderer vi casinoer<\/strong><\/h2>\n\n\n\n<p>Hos KasinoBonus har vi en streng anmeldelsesproces, der er designet til at sikre, at alle de kasinoer, vi anmelder, bliver beskrevet pr\u00e6cist og \u00e6rligt over for vores l\u00e6sere. N\u00e5r jeg selv eller et medlem af teamet skriver en kasinoanmeldelse, starter vi <em>altid<\/em> med at tilmelde os og indbetale rigtige penge. Det giver os mulighed for virkelig at f\u00e5 en fornemmelse af, hvordan kasinoet fungerer \u2013 og adskiller os fra langt de fleste <em>andre<\/em> anmeldelsessider.<\/p>\n\n\n\n<p>Vi sikrer altid, at de casinoer, vi anmelder, har gyldige iGaming-licenser, og vi unders\u00f8ger ogs\u00e5 webstedets baggrund og historie \u2013 s\u00e5 vi sikrer, at alle de <a class=\"\" href=\"https:\/\/www.kasinobonus.ai\/dk\/onlinekasinoer\/\">onlinekasinoer<\/a> vi anbefaler, har et godt omd\u00f8mme og en dokumenteret historie med at behandle deres spillere fair.<\/p>\n\n\n\n<h2 class=\"wp-block-heading\"><strong>Hvordan fungerer gratis spins<\/strong><\/h2>\n\n\n\n<p>Med gratis spins kan du dreje hjulene p\u00e5 et slotspil uden at bruge dine egne penge. Casinospil tilbyder dem som en del af kampagner, nogle gange uden krav om indbetaling, andre gange som en del af en anden kampagne, f.eks. en <a class=\"\" href=\"https:\/\/www.kasinobonus.ai\/dk\/velkomstbonus\/\">velkomstbonus<\/a>.<\/p>\n\n\n\n<p>N\u00e5r du har gjort krav p\u00e5 dem, kan disse spins bruges p\u00e5 bestemte spillemaskiner, som casinoet har valgt. Gevinster fra gratis spins krediteres typisk som bonuspenge, men nogle casinoer tilbyder <a class=\"\" href=\"https:\/\/www.kasinobonus.ai\/dk\/gratis-spins-uden-omsaetningskrav\/\">gratis spins uden oms\u00e6tningskrav<\/a>, hvilket betyder, at alle gevinster kan udbetales \u2013 som kontanter!<\/p>\n\n\n\n<h2 class=\"wp-block-heading\"><strong>Typer af gratis spins<\/strong><\/h2>\n\n\n\n<p>Der findes flere forskellige former for gratis spins, som hver har sine egne fordele og betingelser. At forst\u00e5 disse variationer kan hj\u00e6lpe dig med at v\u00e6lge de bedste tilbud og maksimere dine gevinster.<\/p>\n\n\n\n<ul class=\"wp-block-list\">\n<li><strong>Spins uden oms\u00e6tningskrav:<\/strong> Mange casinoer tilbyder nu <a class=\"\" href=\"https:\/\/www.kasinobonus.ai\/dk\/50-gratis-spins-uden-indbetaling\/\">50 gratis spins uden indbetaling<\/a> som rigtige penge uden gennemspilskrav!<\/li>\n\n\n\n<li><strong>Gratis spins uden indskud:<\/strong> Blot ved at oprette en konto kan du f\u00e5 f.eks. <a class=\"\" href=\"https:\/\/www.kasinobonus.ai\/dk\/30-gratis-spins-uden-indbetaling\/\">30 gratis spins uden indbetaling<\/a>.<\/li>\n\n\n\n<li><strong>Gratis spins ved registrering:<\/strong> Nogle kasinoer tilbyder spins straks efter registrering \u2013 typisk <a class=\"\" href=\"https:\/\/www.kasinobonus.ai\/dk\/10-gratis-spins-uden-indbetaling\/\">10 gratis spins uden indbetaling<\/a>, n\u00e5r du bekr\u00e6fter din konto.<\/li>\n\n\n\n<li><strong>Indskudsbaserede gratis spins:<\/strong> Her kr\u00e6ves en indbetaling, men du kan f\u00e5 langt flere spins \u2013 som f.eks. <a class=\"\" href=\"https:\/\/www.kasinobonus.ai\/dk\/200-gratis-spins-uden-indbetaling\/\">200 gratis spins uden indbetaling<\/a> fordelt over flere dage.<\/li>\n<\/ul>\n\n\n\n<h3 class=\"wp-block-heading\"><strong>Gratis spins uden indskud<\/strong><\/h3>\n\n\n\n<p>En af de mest popul\u00e6re typer gratis spins er tilbud om gratis spins uden indskud. Disse gives til spillere blot for at tilmelde sig et casino, uden krav om at indbetale penge. Da du kan spille og vinde rigtige penge uden at risikere dine egne midler, er gratis spins uden indskud <em>perfekte<\/em> til nye spillere, der \u00f8nsker at afpr\u00f8ve et nyt casino \u2013 eller spil \u2013 uden at risikere deres egne penge.<\/p>\n\n\n\n<h3 class=\"wp-block-heading\"><strong>Gratis spins ved registrering<\/strong><\/h3>\n\n\n\n<p>Nogle kasinoer tilbyder gratis spins, s\u00e5 snart du har gennemf\u00f8rt din registrering. Disse ligner gratis spins uden indskud, men du skal muligvis bekr\u00e6fte din konto via e-mail, telefon eller ID, f\u00f8r du modtager dem.<\/p>\n\n\n\n<h3 class=\"wp-block-heading\"><strong>Indskudsbaserede gratis spins<\/strong><\/h3>\n\n\n\n<p>I motsetning til gratis spins uden indskud kr\u00e6ver disse, at du foretager et indskud for at modtage spins. Fordelen ved indskudsbaserede gratis spins er, at de normalt kommer i h\u00f8jere bel\u00f8b. Spins uden indskud kan for eksempel give dig kun 10 eller 20, mens indskudsbaserede gratis spins kan give dig op til 500!<\/p>\n\n\n\n<h3 class=\"wp-block-heading\"><strong>Gratis spins uden oms\u00e6tningskrav<\/strong><\/h3>\n\n\n\n<p>som vi kort n\u00e6vnte tidligere, vil du nogle gange finde spins uden oms\u00e6tningskrav. Disse spins kommer uden <em>nogen<\/em> oms\u00e6tningskrav, s\u00e5 alle gevinster fra spins krediteres din casinobalance som rigtige kontanter, som du derefter kan h\u00e6ve eller spille videre med, som du \u00f8nsker!<\/p>\n\n\n\n<h2 class=\"wp-block-heading\"><strong>Vilk\u00e5r og betingelser for gratis spins<\/strong><\/h2>\n\n\n\n<p>F\u00f8r du g\u00f8r krav p\u00e5 et tilbud om gratis spins, er det meget vigtigt at l\u00e6se og forst\u00e5 de vilk\u00e5r og betingelser, der er knyttet til dem. Eksempler p\u00e5 gratis spin-pakker, du kan finde hos os:<\/p>\n\n\n\n<ul class=\"wp-block-list\">\n<li><a class=\"\" href=\"https:\/\/www.kasinobonus.ai\/dk\/40-gratis-spins-uden-indbetaling\/\">40 gratis spins uden indbetaling<\/a><\/li>\n\n\n\n<li><a class=\"\" href=\"https:\/\/www.kasinobonus.ai\/dk\/60-gratis-spins-uden-indbetaling\/\">60 gratis spins uden indbetaling<\/a><\/li>\n\n\n\n<li><a class=\"\" href=\"https:\/\/www.kasinobonus.ai\/dk\/100-gratis-spins-uden-indbetaling\/\">100 gratis spins uden indbetaling<\/a><\/li>\n\n\n\n<li><a class=\"\" href=\"https:\/\/www.kasinobonus.ai\/dk\/500-gratis-spins-uden-indbetaling\/\">500 gratis spins uden indbetaling<\/a><\/li>\n<\/ul>\n\n\n\n<h3 class=\"wp-block-heading\"><strong>Oms\u00e6tningskrav<\/strong><\/h3>\n\n\n\n<p>Et af de vigtigste betingelser, du skal tjekke, er oms\u00e6tningskravet. Dette refererer til det antal gange, du skal satse dine gevinster fra de gratis spins, f\u00f8r du kan h\u00e6ve dem. For eksempel, hvis du vinder 10\u00a3 fra dine gratis spins, og oms\u00e6tningskravet er 35x, skal du placere v\u00e6ddem\u00e5l for i alt 350\u00a3, f\u00f8r du kan h\u00e6ve dine gevinster.<\/p>\n\n\n\n<h3 class=\"wp-block-heading\"><strong>Spilbegr\u00e6nsninger<\/strong><\/h3>\n\n\n\n<p>Ikke alle spillemaskiner er berettiget til gratis spins. De fleste kasinoer angiver de n\u00f8jagtige spillemaskiner, som du kan bruge dine gratis spins p\u00e5, og v\u00e6lger ofte popul\u00e6re titler som Starburst, Book of Dead eller Big Bass Bonanza. Nogle kasinoer giver dig mulighed for at v\u00e6lge mellem en r\u00e6kke spil, mens andre begr\u00e6nser dig til et bestemt spil.<\/p>\n\n\n\n<h3 class=\"wp-block-heading\"><strong>Udl\u00f8bsdato<\/strong><\/h3>\n\n\n\n<p>Gratis spins varer ikke evigt. De fleste kasinoer p\u00e5l\u00e6gger en tidsbegr\u00e6nsning, der kan variere fra 24 timer til et par dage. Hvis du ikke bruger dine gratis spins inden for den angivne periode, udl\u00f8ber de, og du mister muligheden for at bruge dem p\u00e5 et senere tidspunkt.<\/p>\n\n\n\n<h3 class=\"wp-block-heading\"><strong>Maksimale udbetalingsgr\u00e6nser<\/strong><\/h3>\n\n\n\n<p>Mange gratis spins-kampagner \u2013 is\u00e6r dem, der <em>ikke<\/em> kr\u00e6ver en indbetaling \u2013 begr\u00e6nser det bel\u00f8b, du faktisk kan vinde med dem. For eksempel kan du opleve, at det maksimale bel\u00f8b, du kan h\u00e6ve, er 100\u00a3. Heldigvis er de fleste indbetalingsbaserede gratis spins-kampagner <em>fri<\/em> for oms\u00e6tningskrav.<\/p>\n\n\n\n<h3 class=\"wp-block-heading\"><strong>Indbetalingskrav for udbetalinger<\/strong><\/h3>\n\n\n\n<p>I nogle tilf\u00e6lde kan det v\u00e6re n\u00f8dvendigt at foretage en lille indbetaling, selvom du har modtaget gratis spins uden indbetaling, f\u00f8r du kan h\u00e6ve dine gevinster. Dette g\u00f8res for at bekr\u00e6fte din identitet og forhindre misbrug af bonussen. Hvis et casino kr\u00e6ver dette, vil det normalt v\u00e6re angivet i vilk\u00e5rene. Den mindste indbetaling er ofte s\u00e5 lav som 5\u00a3 eller 10\u00a3.<\/p>\n\n\n\n<h2 class=\"wp-block-heading\">Popul\u00e6re spilleautomater med gratis spins bonus<\/h2>\n\n\n\n<figure class=\"wp-block-table\"><table class=\"has-fixed-layout\"><thead><tr><th>Popul\u00e6r spilleautomat<\/th><th>Spiludbyder<\/th><th>Gratis spins (Bonus)<\/th><th>RTP<\/th><th>Casino<\/th><\/tr><\/thead><tbody><tr><td>Sweet\u202fBonanza<\/td><td>Pragmatic\u202fPlay<\/td><td>20 gratis spins<\/td><td>96,51\u202f%<\/td><td>Rollino<\/td><\/tr><tr><td>Book\u202fof\u202fMuseum<\/td><td>GameArt<\/td><td>25 gratis spins<\/td><td>96,10\u202f%<\/td><td>Horus Casino<\/td><\/tr><tr><td>Angry\u202fDogs<\/td><td>GameArt<\/td><td>25 gratis spins<\/td><td>96,36\u202f%<\/td><td>Kryptosino<\/td><\/tr><tr><td>Hollywoof<\/td><td>GameArt<\/td><td>25 gratis spins<\/td><td>96,10\u202f%<\/td><td>Vegaz Casino<\/td><\/tr><tr><td>Sweet\u202fBonanza<\/td><td>Pragmatic\u202fPlay<\/td><td>30 gratis spins<\/td><td>96,51\u202f%<\/td><td>Megapari<\/td><\/tr><tr><td>Book\u202fof\u202fDead<\/td><td>Play\u2019n\u202fGO<\/td><td>25 gratis spins<\/td><td>96,21\u202f%<\/td><td>BetMaximus<\/td><\/tr><tr><td>Ruby Win \u2013 Hold the Spin<\/td><td>Gamzix<\/td><td>25 gratis spins<\/td><td>96,00\u202f%<\/td><td>LevelUp Casino<\/td><\/tr><tr><td>Joker Stoker<\/td><td>Endorphina<\/td><td>100 gratis spins<\/td><td>96,00\u202f%<\/td><td>BetFury<\/td><\/tr><tr><td>Bastet and Cats<\/td><td>Betfury<\/td><td>100 gratis spins<\/td><td>96,20\u202f%<\/td><td>BetFury<\/td><\/tr><tr><td>Doors Of Fresh<\/td><td>BGaming<\/td><td>50 gratis spins<\/td><td>96,85\u202f%<\/td><td>Fresh Casino<\/td><\/tr><tr><td>Gates of Olympus<\/td><td>Pragmatic\u202fPlay<\/td><td>50 gratis spins<\/td><td>96,50\u202f%<\/td><td>Campeonbet<\/td><\/tr><tr><td>Alien Fruits<\/td><td>BGaming<\/td><td>50 gratis spins<\/td><td>97,00\u202f%<\/td><td>Drip Casino<\/td><\/tr><\/tbody><\/table><\/figure>\n\n\n\n<h2 class=\"wp-block-heading\">Fordele og Ulemper<\/h2>\n\n\n\n<figure class=\"wp-block-image size-full\"><img decoding=\"async\" width=\"1000\" height=\"666\" src=\"https:\/\/www.kasinobonus.ai\/wp-content\/uploads\/2025\/06\/KB-Gratis-Spins-1.jpg\" alt=\"Gratis Spins\" class=\"wp-image-30297\" srcset=\"https:\/\/www.kasinobonus.ai\/wp-content\/uploads\/2025\/06\/KB-Gratis-Spins-1.jpg 1000w, https:\/\/www.kasinobonus.ai\/wp-content\/uploads\/2025\/06\/KB-Gratis-Spins-1-300x200.jpg 300w, https:\/\/www.kasinobonus.ai\/wp-content\/uploads\/2025\/06\/KB-Gratis-Spins-1-768x511.jpg 768w, https:\/\/www.kasinobonus.ai\/wp-content\/uploads\/2025\/06\/KB-Gratis-Spins-1-110x73.jpg 110w, https:\/\/www.kasinobonus.ai\/wp-content\/uploads\/2025\/06\/KB-Gratis-Spins-1-575x383.jpg 575w\" sizes=\"(max-width: 1000px) 100vw, 1000px\" \/><\/figure>\n\n\n\n<div class=\"wp-block-columns is-layout-flex wp-container-core-columns-is-layout-28f84493 wp-block-columns-is-layout-flex\">\n<div class=\"wp-block-column is-layout-flow wp-block-column-is-layout-flow\">\n<h3 class=\"wp-block-heading\">\u2705 Fordele<\/h3>\n\n\n\n<ul class=\"wp-block-list\">\n<li>\u2705 Pr\u00f8v spilleautomater uden at risikere dine egne penge<\/li>\n\n\n\n<li>\u2705 Tilbud uden indskud er tilg\u00e6ngelige p\u00e5 mange kasinoer<\/li>\n\n\n\n<li>\u2705 Mulighed for at vinde rigtige penge uden investering<\/li>\n\n\n\n<li>\u2705 God m\u00e5de at udforske nye spil og udbydere p\u00e5<\/li>\n\n\n\n<li>\u2705 Nyttig til at l\u00e6re, hvordan slotmekanik fungerer<\/li>\n<\/ul>\n<\/div>\n\n\n\n<div class=\"wp-block-column is-layout-flow wp-block-column-is-layout-flow\">\n<h3 class=\"wp-block-heading\">\u274c Ulemper<\/h3>\n\n\n\n<ul class=\"wp-block-list\">\n<li>\u274c Oms\u00e6tningskrav f\u00f8r udbetaling<\/li>\n\n\n\n<li>\u274c Ofte kun begr\u00e6nset til bestemte spilleautomater<\/li>\n\n\n\n<li>\u274c Max gevinst eller udbetalingsgr\u00e6nser g\u00e6lder<\/li>\n\n\n\n<li>\u274c Gratis spins udl\u00f8ber normalt inden for 24-72 timer<\/li>\n<\/ul>\n\n\n\n<p>\u274c Bonusvilk\u00e5rene kan v\u00e6re strenge eller forvirrende<\/p>\n<\/div>\n<\/div>\n","protected":false},"excerpt":{"rendered":"<p>Gratis Spins 2025: Hvor Er Det V\u00e6rd at Spille? Hvis du leder efter de bedste gratis spins\u2013tilbud i Danmark, er du kommet til det rette sted! I dag tilbyder kasinoer meget ofte gratis spins, s\u00e5 du kan pr\u00f8ve alle de bedste nye spilleautomater uden at risikere noget (eller s\u00e5 meget) af dine egne penge! Uanset [&hellip;]<\/p>\n","protected":false},"author":1,"featured_media":10601,"parent":0,"menu_order":0,"comment_status":"open","ping_status":"closed","template":"","meta":{"inline_featured_image":false,"footnotes":""},"class_list":["post-9127","page","type-page","status-publish","has-post-thumbnail","hentry"],"yoast_head":"<!-- This site is optimized with the Yoast SEO plugin v24.5 - https:\/\/yoast.com\/wordpress\/plugins\/seo\/ -->\n<title>Gratis Spins (2025) - www.kasinobonus.ai<\/title>\n<meta name=\"description\" content=\"Gratis spins i 2025: Find de bedste tilbud og casinoer p\u00e5 markedet her. Begynd at vinde nu!\" \/>\n<meta name=\"robots\" content=\"index, follow, max-snippet:-1, max-image-preview:large, max-video-preview:-1\" \/>\n<link rel=\"canonical\" href=\"https:\/\/www.kasinobonus.ai\/dk\/gratis-spins\/\" \/>\n<script type=\"application\/ld+json\" class=\"yoast-schema-graph\">{\"@context\":\"https:\/\/schema.org\",\"@graph\":[{\"@type\":\"WebPage\",\"@id\":\"https:\/\/www.kasinobonus.ai\/dk\/gratis-spins\/\",\"url\":\"https:\/\/www.kasinobonus.ai\/dk\/gratis-spins\/\",\"name\":\"Gratis Spins (2025) - www.kasinobonus.ai\",\"isPartOf\":{\"@id\":\"https:\/\/www.kasinobonus.ai\/dk\/#website\"},\"primaryImageOfPage\":{\"@id\":\"https:\/\/www.kasinobonus.ai\/dk\/gratis-spins\/#primaryimage\"},\"image\":{\"@id\":\"https:\/\/www.kasinobonus.ai\/dk\/gratis-spins\/#primaryimage\"},\"thumbnailUrl\":\"https:\/\/www.kasinobonus.ai\/wp-content\/uploads\/2023\/12\/Gratis_Spins_Til_online_kasinoer.jpg\",\"datePublished\":\"2023-08-29T13:49:51+00:00\",\"dateModified\":\"2025-07-11T15:48:50+00:00\",\"description\":\"Gratis spins i 2025: Find de bedste tilbud og casinoer p\u00e5 markedet her. Begynd at vinde nu!\",\"breadcrumb\":{\"@id\":\"https:\/\/www.kasinobonus.ai\/dk\/gratis-spins\/#breadcrumb\"},\"inLanguage\":\"da\",\"potentialAction\":[{\"@type\":\"ReadAction\",\"target\":[\"https:\/\/www.kasinobonus.ai\/dk\/gratis-spins\/\"]}]},{\"@type\":\"ImageObject\",\"inLanguage\":\"da\",\"@id\":\"https:\/\/www.kasinobonus.ai\/dk\/gratis-spins\/#primaryimage\",\"url\":\"https:\/\/www.kasinobonus.ai\/wp-content\/uploads\/2023\/12\/Gratis_Spins_Til_online_kasinoer.jpg\",\"contentUrl\":\"https:\/\/www.kasinobonus.ai\/wp-content\/uploads\/2023\/12\/Gratis_Spins_Til_online_kasinoer.jpg\",\"width\":1200,\"height\":628,\"caption\":\"Gratis Spins Til online kasinoer\"},{\"@type\":\"BreadcrumbList\",\"@id\":\"https:\/\/www.kasinobonus.ai\/dk\/gratis-spins\/#breadcrumb\",\"itemListElement\":[{\"@type\":\"ListItem\",\"position\":1,\"name\":\"Home\",\"item\":\"https:\/\/kasinobonus.ai\/dk\/\"},{\"@type\":\"ListItem\",\"position\":2,\"name\":\"Gratis Spins\"}]},{\"@type\":\"WebSite\",\"@id\":\"https:\/\/www.kasinobonus.ai\/dk\/#website\",\"url\":\"https:\/\/www.kasinobonus.ai\/dk\/\",\"name\":\"www.kasinobonus.ai\",\"description\":\"\",\"publisher\":{\"@id\":\"https:\/\/www.kasinobonus.ai\/dk\/#organization\"},\"potentialAction\":[{\"@type\":\"SearchAction\",\"target\":{\"@type\":\"EntryPoint\",\"urlTemplate\":\"https:\/\/www.kasinobonus.ai\/dk\/?s={search_term_string}\"},\"query-input\":{\"@type\":\"PropertyValueSpecification\",\"valueRequired\":true,\"valueName\":\"search_term_string\"}}],\"inLanguage\":\"da\"},{\"@type\":\"Organization\",\"@id\":\"https:\/\/www.kasinobonus.ai\/dk\/#organization\",\"name\":\"KasinoBonus\",\"alternateName\":\"KasinoBonusAI\",\"url\":\"https:\/\/www.kasinobonus.ai\/dk\/\",\"logo\":{\"@type\":\"ImageObject\",\"inLanguage\":\"da\",\"@id\":\"https:\/\/www.kasinobonus.ai\/dk\/#\/schema\/logo\/image\/\",\"url\":\"https:\/\/www.kasinobonus.ai\/wp-content\/uploads\/2023\/09\/kasinobonus-logo-light.png\",\"contentUrl\":\"https:\/\/www.kasinobonus.ai\/wp-content\/uploads\/2023\/09\/kasinobonus-logo-light.png\",\"width\":3200,\"height\":596,\"caption\":\"KasinoBonus\"},\"image\":{\"@id\":\"https:\/\/www.kasinobonus.ai\/dk\/#\/schema\/logo\/image\/\"},\"sameAs\":[\"https:\/\/www.facebook.com\/kasinobonusio\/\",\"https:\/\/x.com\/Kasinobonus_io\",\"https:\/\/www.linkedin.com\/in\/matti-slotte-26612033b\",\"http:\/\/kasinobonus.wikidot.com\/system:welcome\",\"https:\/\/www.trustpilot.com\/review\/www.kasinobonus.ai\",\"https:\/\/orcid.org\/0009-0007-2889-1713\",\"https:\/\/en.everybodywiki.com\/Matti_Slotte\",\"https:\/\/www.immuniweb.com\/ssl\/kasinobonus.ai\/M4lqCqYY\/\"]}]}<\/script>\n<!-- \/ Yoast SEO plugin. -->","yoast_head_json":{"title":"Gratis Spins (2025) - www.kasinobonus.ai","description":"Gratis spins i 2025: Find de bedste tilbud og casinoer p\u00e5 markedet her. Begynd at vinde nu!","robots":{"index":"index","follow":"follow","max-snippet":"max-snippet:-1","max-image-preview":"max-image-preview:large","max-video-preview":"max-video-preview:-1"},"canonical":"https:\/\/www.kasinobonus.ai\/dk\/gratis-spins\/","schema":{"@context":"https:\/\/schema.org","@graph":[{"@type":"WebPage","@id":"https:\/\/www.kasinobonus.ai\/dk\/gratis-spins\/","url":"https:\/\/www.kasinobonus.ai\/dk\/gratis-spins\/","name":"Gratis Spins (2025) - www.kasinobonus.ai","isPartOf":{"@id":"https:\/\/www.kasinobonus.ai\/dk\/#website"},"primaryImageOfPage":{"@id":"https:\/\/www.kasinobonus.ai\/dk\/gratis-spins\/#primaryimage"},"image":{"@id":"https:\/\/www.kasinobonus.ai\/dk\/gratis-spins\/#primaryimage"},"thumbnailUrl":"https:\/\/www.kasinobonus.ai\/wp-content\/uploads\/2023\/12\/Gratis_Spins_Til_online_kasinoer.jpg","datePublished":"2023-08-29T13:49:51+00:00","dateModified":"2025-07-11T15:48:50+00:00","description":"Gratis spins i 2025: Find de bedste tilbud og casinoer p\u00e5 markedet her. Begynd at vinde nu!","breadcrumb":{"@id":"https:\/\/www.kasinobonus.ai\/dk\/gratis-spins\/#breadcrumb"},"inLanguage":"da","potentialAction":[{"@type":"ReadAction","target":["https:\/\/www.kasinobonus.ai\/dk\/gratis-spins\/"]}]},{"@type":"ImageObject","inLanguage":"da","@id":"https:\/\/www.kasinobonus.ai\/dk\/gratis-spins\/#primaryimage","url":"https:\/\/www.kasinobonus.ai\/wp-content\/uploads\/2023\/12\/Gratis_Spins_Til_online_kasinoer.jpg","contentUrl":"https:\/\/www.kasinobonus.ai\/wp-content\/uploads\/2023\/12\/Gratis_Spins_Til_online_kasinoer.jpg","width":1200,"height":628,"caption":"Gratis Spins Til online kasinoer"},{"@type":"BreadcrumbList","@id":"https:\/\/www.kasinobonus.ai\/dk\/gratis-spins\/#breadcrumb","itemListElement":[{"@type":"ListItem","position":1,"name":"Home","item":"https:\/\/kasinobonus.ai\/dk\/"},{"@type":"ListItem","position":2,"name":"Gratis Spins"}]},{"@type":"WebSite","@id":"https:\/\/www.kasinobonus.ai\/dk\/#website","url":"https:\/\/www.kasinobonus.ai\/dk\/","name":"www.kasinobonus.ai","description":"","publisher":{"@id":"https:\/\/www.kasinobonus.ai\/dk\/#organization"},"potentialAction":[{"@type":"SearchAction","target":{"@type":"EntryPoint","urlTemplate":"https:\/\/www.kasinobonus.ai\/dk\/?s={search_term_string}"},"query-input":{"@type":"PropertyValueSpecification","valueRequired":true,"valueName":"search_term_string"}}],"inLanguage":"da"},{"@type":"Organization","@id":"https:\/\/www.kasinobonus.ai\/dk\/#organization","name":"KasinoBonus","alternateName":"KasinoBonusAI","url":"https:\/\/www.kasinobonus.ai\/dk\/","logo":{"@type":"ImageObject","inLanguage":"da","@id":"https:\/\/www.kasinobonus.ai\/dk\/#\/schema\/logo\/image\/","url":"https:\/\/www.kasinobonus.ai\/wp-content\/uploads\/2023\/09\/kasinobonus-logo-light.png","contentUrl":"https:\/\/www.kasinobonus.ai\/wp-content\/uploads\/2023\/09\/kasinobonus-logo-light.png","width":3200,"height":596,"caption":"KasinoBonus"},"image":{"@id":"https:\/\/www.kasinobonus.ai\/dk\/#\/schema\/logo\/image\/"},"sameAs":["https:\/\/www.facebook.com\/kasinobonusio\/","https:\/\/x.com\/Kasinobonus_io","https:\/\/www.linkedin.com\/in\/matti-slotte-26612033b","http:\/\/kasinobonus.wikidot.com\/system:welcome","https:\/\/www.trustpilot.com\/review\/www.kasinobonus.ai","https:\/\/orcid.org\/0009-0007-2889-1713","https:\/\/en.everybodywiki.com\/Matti_Slotte","https:\/\/www.immuniweb.com\/ssl\/kasinobonus.ai\/M4lqCqYY\/"]}]}},"_links":{"self":[{"href":"https:\/\/www.kasinobonus.ai\/dk\/wp-json\/wp\/v2\/pages\/9127","targetHints":{"allow":["GET"]}}],"collection":[{"href":"https:\/\/www.kasinobonus.ai\/dk\/wp-json\/wp\/v2\/pages"}],"about":[{"href":"https:\/\/www.kasinobonus.ai\/dk\/wp-json\/wp\/v2\/types\/page"}],"author":[{"embeddable":true,"href":"https:\/\/www.kasinobonus.ai\/dk\/wp-json\/wp\/v2\/users\/1"}],"replies":[{"embeddable":true,"href":"https:\/\/www.kasinobonus.ai\/dk\/wp-json\/wp\/v2\/comments?post=9127"}],"version-history":[{"count":5,"href":"https:\/\/www.kasinobonus.ai\/dk\/wp-json\/wp\/v2\/pages\/9127\/revisions"}],"predecessor-version":[{"id":32168,"href":"https:\/\/www.kasinobonus.ai\/dk\/wp-json\/wp\/v2\/pages\/9127\/revisions\/32168"}],"wp:featuredmedia":[{"embeddable":true,"href":"https:\/\/www.kasinobonus.ai\/dk\/wp-json\/wp\/v2\/media\/10601"}],"wp:attachment":[{"href":"https:\/\/www.kasinobonus.ai\/dk\/wp-json\/wp\/v2\/media?parent=9127"}],"curies":[{"name":"wp","href":"https:\/\/api.w.org\/{rel}","templated":true}]}}