{"id":9120,"date":"2023-08-29T13:50:04","date_gmt":"2023-08-29T13:50:04","guid":{"rendered":"http:\/\/kasinobonus.ai.dedivirt842.your-server.de\/ilmaista-pelirahaa\/"},"modified":"2025-07-11T16:31:37","modified_gmt":"2025-07-11T16:31:37","slug":"gratis-spillepenge","status":"publish","type":"page","link":"https:\/\/www.kasinobonus.ai\/dk\/gratis-spillepenge\/","title":{"rendered":"Gratis Spillepenge"},"content":{"rendered":"\n<h1 class=\"wp-block-heading\">Gratis Spillepenge 2025<\/h1>\n\n\n\n<p>Gr\u00e1tis spillepenge er en af de bedste m\u00e5der at opleve online casinoer uden at risikere dine egne penge! Uanset om det er en bonus uden indskud, en loyalitetsbel\u00f8nning eller et kampagnetilbud, s\u00e5 er gratis spillepenge&#8230; Ja, hvem vil afsl\u00e5 gratis penge!<\/p>\n\n\n\n<p>Der er heldigvis <em>tusindvis<\/em> af kasinoer, der tilbyder gratis bonuspenge for at tiltr\u00e6kke nye spillere \u2013 eller holde de eksisterende spillere tilfredse! Der er dog s\u00e5 mange forskellige <em>typer<\/em>, og p\u00e5 denne side vil jeg gennemg\u00e5 nogle af de bedste gratis pengebonusser, vise dig de bedste kasinoer \u2013 og endda afsl\u00f8re mine bedste tips til at f\u00e5 mest muligt ud af disse kampagner!<\/p>\n\n\n\n<h2 class=\"wp-block-heading\"><strong>Danske kasinoer, der tilbyder gratis bonusser<\/strong><\/h2>\n\n\n\n<p>I tabellen nedenfor kan du finde de bedste gratis pengebonusser, der er tilg\u00e6ngelige i \u00f8jeblikket \u2013 herunder tilbud som:<\/p>\n\n\n\n<ul class=\"wp-block-list\">\n<li><a class=\"\" href=\"https:\/\/www.kasinobonus.ai\/dk\/200-kr-gratis-spillepenge-uden-indbetaling\/\">200 kr Gratis Spillepenge Uden Indbetaling<\/a><\/li>\n\n\n\n<li><a class=\"\" href=\"https:\/\/www.kasinobonus.ai\/dk\/50-kr-gratis-spillepenge-uden-indbetaling\/\">50 kr Gratis spillepenge uden indbetaling<\/a><\/li>\n\n\n\n<li><a class=\"\" href=\"https:\/\/www.kasinobonus.ai\/dk\/80-kr-gratis-spillepenge-uden-indbetaling\/\">80 kr Gratis Spillepenge Uden Indbetaling<\/a><\/li>\n\n\n\n<li><a class=\"\" href=\"https:\/\/www.kasinobonus.ai\/dk\/100-kr-gratis-spillepenge-uden-indbetaling\/\">100 kr Gratis Spillepenge Uden Indbetaling<\/a><\/li>\n\n\n\n<li><a class=\"\" href=\"https:\/\/www.kasinobonus.ai\/dk\/140-kr-gratis-spillepenge-uden-indbetaling\/\">140 kr Gratis Spillepenge Uden Indbetaling<\/a><\/li>\n<\/ul>\n\n\n<p>[brand_table template=&#8221;table_style_1.php&#8221; country=&#8221;DK&#8221; bonus_type=&#8221;no_deposit&#8221;]<\/p>\n\n\n\n<p>Hvis du ser et kasino, du kan lide, skal du klikke p\u00e5 \u00bbSpil nu\u00ab og h\u00e6ve din bonus!<\/p>\n\n\n\n<figure class=\"wp-block-image size-full\"><img decoding=\"async\" width=\"1000\" height=\"666\" src=\"https:\/\/www.kasinobonus.ai\/wp-content\/uploads\/2025\/07\/Gratis-Spillepenge.jpg\" alt=\"Gratis Spillepenge\" class=\"wp-image-32357\" srcset=\"https:\/\/www.kasinobonus.ai\/wp-content\/uploads\/2025\/07\/Gratis-Spillepenge.jpg 1000w, https:\/\/www.kasinobonus.ai\/wp-content\/uploads\/2025\/07\/Gratis-Spillepenge-300x200.jpg 300w, https:\/\/www.kasinobonus.ai\/wp-content\/uploads\/2025\/07\/Gratis-Spillepenge-768x511.jpg 768w, https:\/\/www.kasinobonus.ai\/wp-content\/uploads\/2025\/07\/Gratis-Spillepenge-110x73.jpg 110w, https:\/\/www.kasinobonus.ai\/wp-content\/uploads\/2025\/07\/Gratis-Spillepenge-575x383.jpg 575w\" sizes=\"(max-width: 1000px) 100vw, 1000px\" \/><\/figure>\n\n\n\n<h2 class=\"wp-block-heading\"><strong>Hvordan vi v\u00e6lger og anmelder online casinoer<\/strong><\/h2>\n\n\n\n<p>N\u00e5r jeg anmelder casinoer, der tilbyder gratis bonuspenge, fokuserer jeg p\u00e5 flere n\u00f8glefaktorer for at sikre, at spillerne f\u00e5r den bedst mulige oplevelse. Den f\u00f8rste prioritet er licensering \u2013 ethvert casino, jeg anbefaler, skal v\u00e6re reguleret af en velrenommeret myndighed s\u00e5som Spillemyndigheden i Danmark eller Malta Gaming Authority.<\/p>\n\n\n\n<p>Jeg tjekker ogs\u00e5, at udvalget af spil og softwareudbydere er stort \u2013 og at der er adgang til popul\u00e6re spilleautomater, som man ofte ogs\u00e5 ser i <a class=\"\" href=\"https:\/\/www.kasinobonus.ai\/dk\/10-gratis-spins-uden-indbetaling\/\">gratis spins uden indbetaling<\/a> kampagner.<\/p>\n\n\n\n<ul class=\"wp-block-list\">\n<li>Andre faktorer, mit team og jeg tager i betragtning:<\/li>\n\n\n\n<li>Kvalitet af kundeservice<\/li>\n\n\n\n<li>Bonusvilk\u00e5r og -betingelser<\/li>\n\n\n\n<li>Udbetalingshastigheder<\/li>\n<\/ul>\n\n\n\n<h2 class=\"wp-block-heading\"><strong>S\u00e5dan f\u00e5r du mest ud af gratis bonusser<\/strong><\/h2>\n\n\n\n<p>At maksimere en gratis spillepengebonus kr\u00e6ver en kombination af held og strategi. Da de fleste af disse bonusser kommer med h\u00f8je oms\u00e6tningskrav, skal du v\u00e6lge spil, der giver dig de bedste odds for at <em>vinde dem<\/em>. Slots er sandsynligvis dit bedste valg, selvom der er<em> nogle<\/em> kasinoer, der tillader gratis spillepenge til bordspil.<\/p>\n\n\n\n<p>Stil ogs\u00e5 sikker p\u00e5, at du forst\u00e5r vilk\u00e5rene og betingelserne. Tjek oms\u00e6tningskravene, se om der er nogen spil, der er undtaget, og find ud af, om der er en gr\u00e6nse for, hvor meget du kan <em>vinde<\/em> med bonussen.<br><br><\/p>\n\n\n\n<h2 class=\"wp-block-heading\">Fordele og Ulemper<\/h2>\n\n\n\n<figure class=\"wp-block-image size-full\"><img decoding=\"async\" width=\"1000\" height=\"666\" src=\"https:\/\/www.kasinobonus.ai\/wp-content\/uploads\/2025\/06\/KB-Gratis-Spillepenge.jpg\" alt=\"Gratis Spillepenge\" class=\"wp-image-30309\" srcset=\"https:\/\/www.kasinobonus.ai\/wp-content\/uploads\/2025\/06\/KB-Gratis-Spillepenge.jpg 1000w, https:\/\/www.kasinobonus.ai\/wp-content\/uploads\/2025\/06\/KB-Gratis-Spillepenge-300x200.jpg 300w, https:\/\/www.kasinobonus.ai\/wp-content\/uploads\/2025\/06\/KB-Gratis-Spillepenge-768x511.jpg 768w, https:\/\/www.kasinobonus.ai\/wp-content\/uploads\/2025\/06\/KB-Gratis-Spillepenge-110x73.jpg 110w, https:\/\/www.kasinobonus.ai\/wp-content\/uploads\/2025\/06\/KB-Gratis-Spillepenge-575x383.jpg 575w\" sizes=\"(max-width: 1000px) 100vw, 1000px\" \/><\/figure>\n\n\n\n<div class=\"wp-block-columns is-layout-flex wp-container-core-columns-is-layout-28f84493 wp-block-columns-is-layout-flex\">\n<div class=\"wp-block-column is-layout-flow wp-block-column-is-layout-flow\">\n<h3 class=\"wp-block-heading\">\u2705 Fordele<\/h3>\n\n\n\n<ul class=\"wp-block-list\">\n<li>\u2705 Perfekt til at teste et kasino uden at bruge dine egne penge<\/li>\n\n\n\n<li>\u2705 \u00c6gte chance for at vinde &#8211; ingen \u00f8konomisk risiko involveret<\/li>\n\n\n\n<li>\u2705 \u00d8jeblikkelig adgang til slots eller spil efter registrering<\/li>\n\n\n\n<li>\u2705 Ingen forpligtelse: bare tilmeld dig og spil<\/li>\n\n\n\n<li>\u2705 Fantastisk til at udforske forskellige platforme og gr\u00e6nseflader<\/li>\n<\/ul>\n<\/div>\n\n\n\n<div class=\"wp-block-column is-layout-flow wp-block-column-is-layout-flow\">\n<h3 class=\"wp-block-heading\">\u274c Ulemper<\/h3>\n\n\n\n<ul class=\"wp-block-list\">\n<li>\u274c Der g\u00e6lder normalt strenge oms\u00e6tningskrav<\/li>\n\n\n\n<li>\u274c Maksimale gevinst- og udbetalingsgr\u00e6nser er ofte ret lave<\/li>\n\n\n\n<li>\u274c Bonus kan v\u00e6re begr\u00e6nset til specifikke spil<\/li>\n\n\n\n<li>\u274c Kr\u00e6ver nogle gange en indbetaling for at udbetale gevinster<\/li>\n\n\n\n<li>\u274c Ikke alle bonusser uden indskud er virkelig \u00bbgratis\u00ab &#8211; l\u00e6s altid det med sm\u00e5t<\/li>\n<\/ul>\n<\/div>\n<\/div>\n\n\n\n<h2 class=\"wp-block-heading\">Bedste gratis spilleautomater med rigtige penge<\/h2>\n\n\n\n<figure class=\"wp-block-table\"><table class=\"has-fixed-layout\"><thead><tr><th>Spilleautomat<\/th><th>Udbyder<\/th><th>Gratis spins<\/th><th>V\u00e6rdi pr. spin (\u20ac)<\/th><th>Samlet v\u00e6rdi (\u20ac)<\/th><th>Vilk\u00e5r<\/th><th>Casino<\/th><\/tr><\/thead><tbody><tr><td>Alien Fruits<\/td><td>BGaming<\/td><td>50<\/td><td>0,10\u202f\u20ac<\/td><td>5,00\u202f\u20ac<\/td><td>Ingen gennemspilskrav<\/td><td>Drip Casino<\/td><\/tr><tr><td>Gates of Olympus<\/td><td>Pragmatic Play<\/td><td>50<\/td><td>0,10\u202f\u20ac<\/td><td>5,00\u202f\u20ac<\/td><td>Ingen gennemspilskrav<\/td><td>Campeonbet<\/td><\/tr><tr><td>Sweet Bonanza<\/td><td>Pragmatic Play<\/td><td>40<\/td><td>0,10\u202f\u20ac<\/td><td>4,00\u202f\u20ac<\/td><td>Bonuskode: 40ZENBONUS<\/td><td>Campeonbet<\/td><\/tr><tr><td>Big Bass Bonanza<\/td><td>Pragmatic Play<\/td><td>30<\/td><td>0,10\u202f\u20ac<\/td><td>3,00\u202f\u20ac<\/td><td>Ingen indbetaling, blot registrering<\/td><td>Campeonbet<\/td><\/tr><tr><td>Elvis Frog in Vegas<\/td><td>BGaming<\/td><td>25<\/td><td>0,10\u202f\u20ac<\/td><td>2,50\u202f\u20ac<\/td><td>Kun for nye spillere<\/td><td>Drip Casino<\/td><\/tr><tr><td>Book of Dead<\/td><td>Play\u2019n GO<\/td><td>20<\/td><td>0,10\u202f\u20ac<\/td><td>2,00\u202f\u20ac<\/td><td>Ingen indbetaling, begr\u00e6nset mulighed<\/td><td>Campeonbet<\/td><\/tr><\/tbody><\/table><\/figure>\n\n\n\n<h2 class=\"wp-block-heading\">Ressourcer til ansvarligt spil<\/h2>\n\n\n\n<ul class=\"wp-block-list\">\n<li><a href=\"https:\/\/www.spillemyndigheden.dk\">https:\/\/www.spillemyndigheden.dk<\/a> <\/li>\n\n\n\n<li><a href=\"https:\/\/www.rofus.nu\">https:\/\/www.rofus.nu<\/a><\/li>\n\n\n\n<li><a href=\"https:\/\/stopspillet.dk\">https:\/\/stopspillet.dk<\/a> <\/li>\n\n\n\n<li><a href=\"https:\/\/gamblingtherapy.org\">https:\/\/gamblingtherapy.org<\/a><a href=\"https:\/\/help.revolut.com\/en-DK\/help\/more\/life-challenges-and-well-being\/what-gambling-support-is-available\/?utm_source=chatgpt.com\" target=\"_blank\" rel=\"noreferrer noopener\">m<\/a><\/li>\n<\/ul>\n","protected":false},"excerpt":{"rendered":"<p>Gratis Spillepenge 2025 Gr\u00e1tis spillepenge er en af de bedste m\u00e5der at opleve online casinoer uden at risikere dine egne penge! Uanset om det er en bonus uden indskud, en loyalitetsbel\u00f8nning eller et kampagnetilbud, s\u00e5 er gratis spillepenge&#8230; Ja, hvem vil afsl\u00e5 gratis penge! Der er heldigvis tusindvis af kasinoer, der tilbyder gratis bonuspenge for [&hellip;]<\/p>\n","protected":false},"author":1,"featured_media":10839,"parent":0,"menu_order":0,"comment_status":"open","ping_status":"closed","template":"","meta":{"inline_featured_image":false,"footnotes":""},"class_list":["post-9120","page","type-page","status-publish","has-post-thumbnail","hentry"],"yoast_head":"<!-- This site is optimized with the Yoast SEO plugin v24.5 - https:\/\/yoast.com\/wordpress\/plugins\/seo\/ -->\n<title>Gratis Spillepenge (2025) - www.kasinobonus.ai<\/title>\n<meta name=\"description\" content=\"Leder du efter gratis spillepenge for 2025? Udforsk de bedste tilbud og bonusser, der giver dig mulighed for at spille risikofrit og vinde mere!\" \/>\n<meta name=\"robots\" content=\"index, follow, max-snippet:-1, max-image-preview:large, max-video-preview:-1\" \/>\n<link rel=\"canonical\" href=\"https:\/\/www.kasinobonus.ai\/dk\/gratis-spillepenge\/\" \/>\n<script type=\"application\/ld+json\" class=\"yoast-schema-graph\">{\"@context\":\"https:\/\/schema.org\",\"@graph\":[{\"@type\":\"WebPage\",\"@id\":\"https:\/\/www.kasinobonus.ai\/dk\/gratis-spillepenge\/\",\"url\":\"https:\/\/www.kasinobonus.ai\/dk\/gratis-spillepenge\/\",\"name\":\"Gratis Spillepenge (2025) - www.kasinobonus.ai\",\"isPartOf\":{\"@id\":\"https:\/\/www.kasinobonus.ai\/dk\/#website\"},\"primaryImageOfPage\":{\"@id\":\"https:\/\/www.kasinobonus.ai\/dk\/gratis-spillepenge\/#primaryimage\"},\"image\":{\"@id\":\"https:\/\/www.kasinobonus.ai\/dk\/gratis-spillepenge\/#primaryimage\"},\"thumbnailUrl\":\"https:\/\/www.kasinobonus.ai\/wp-content\/uploads\/2023\/12\/Gratis_Spillepenge.jpg\",\"datePublished\":\"2023-08-29T13:50:04+00:00\",\"dateModified\":\"2025-07-11T16:31:37+00:00\",\"description\":\"Leder du efter gratis spillepenge for 2025? Udforsk de bedste tilbud og bonusser, der giver dig mulighed for at spille risikofrit og vinde mere!\",\"breadcrumb\":{\"@id\":\"https:\/\/www.kasinobonus.ai\/dk\/gratis-spillepenge\/#breadcrumb\"},\"inLanguage\":\"da\",\"potentialAction\":[{\"@type\":\"ReadAction\",\"target\":[\"https:\/\/www.kasinobonus.ai\/dk\/gratis-spillepenge\/\"]}]},{\"@type\":\"ImageObject\",\"inLanguage\":\"da\",\"@id\":\"https:\/\/www.kasinobonus.ai\/dk\/gratis-spillepenge\/#primaryimage\",\"url\":\"https:\/\/www.kasinobonus.ai\/wp-content\/uploads\/2023\/12\/Gratis_Spillepenge.jpg\",\"contentUrl\":\"https:\/\/www.kasinobonus.ai\/wp-content\/uploads\/2023\/12\/Gratis_Spillepenge.jpg\",\"width\":1200,\"height\":628,\"caption\":\"Gratis Spillepenge\"},{\"@type\":\"BreadcrumbList\",\"@id\":\"https:\/\/www.kasinobonus.ai\/dk\/gratis-spillepenge\/#breadcrumb\",\"itemListElement\":[{\"@type\":\"ListItem\",\"position\":1,\"name\":\"Home\",\"item\":\"https:\/\/kasinobonus.ai\/dk\/\"},{\"@type\":\"ListItem\",\"position\":2,\"name\":\"Gratis Spillepenge\"}]},{\"@type\":\"WebSite\",\"@id\":\"https:\/\/www.kasinobonus.ai\/dk\/#website\",\"url\":\"https:\/\/www.kasinobonus.ai\/dk\/\",\"name\":\"www.kasinobonus.ai\",\"description\":\"\",\"publisher\":{\"@id\":\"https:\/\/www.kasinobonus.ai\/dk\/#organization\"},\"potentialAction\":[{\"@type\":\"SearchAction\",\"target\":{\"@type\":\"EntryPoint\",\"urlTemplate\":\"https:\/\/www.kasinobonus.ai\/dk\/?s={search_term_string}\"},\"query-input\":{\"@type\":\"PropertyValueSpecification\",\"valueRequired\":true,\"valueName\":\"search_term_string\"}}],\"inLanguage\":\"da\"},{\"@type\":\"Organization\",\"@id\":\"https:\/\/www.kasinobonus.ai\/dk\/#organization\",\"name\":\"KasinoBonus\",\"alternateName\":\"KasinoBonusAI\",\"url\":\"https:\/\/www.kasinobonus.ai\/dk\/\",\"logo\":{\"@type\":\"ImageObject\",\"inLanguage\":\"da\",\"@id\":\"https:\/\/www.kasinobonus.ai\/dk\/#\/schema\/logo\/image\/\",\"url\":\"https:\/\/www.kasinobonus.ai\/wp-content\/uploads\/2023\/09\/kasinobonus-logo-light.png\",\"contentUrl\":\"https:\/\/www.kasinobonus.ai\/wp-content\/uploads\/2023\/09\/kasinobonus-logo-light.png\",\"width\":3200,\"height\":596,\"caption\":\"KasinoBonus\"},\"image\":{\"@id\":\"https:\/\/www.kasinobonus.ai\/dk\/#\/schema\/logo\/image\/\"},\"sameAs\":[\"https:\/\/www.facebook.com\/kasinobonusio\/\",\"https:\/\/x.com\/Kasinobonus_io\",\"https:\/\/www.linkedin.com\/in\/matti-slotte-26612033b\",\"http:\/\/kasinobonus.wikidot.com\/system:welcome\",\"https:\/\/www.trustpilot.com\/review\/www.kasinobonus.ai\",\"https:\/\/orcid.org\/0009-0007-2889-1713\",\"https:\/\/en.everybodywiki.com\/Matti_Slotte\",\"https:\/\/www.immuniweb.com\/ssl\/kasinobonus.ai\/M4lqCqYY\/\"]}]}<\/script>\n<!-- \/ Yoast SEO plugin. -->","yoast_head_json":{"title":"Gratis Spillepenge (2025) - www.kasinobonus.ai","description":"Leder du efter gratis spillepenge for 2025? Udforsk de bedste tilbud og bonusser, der giver dig mulighed for at spille risikofrit og vinde mere!","robots":{"index":"index","follow":"follow","max-snippet":"max-snippet:-1","max-image-preview":"max-image-preview:large","max-video-preview":"max-video-preview:-1"},"canonical":"https:\/\/www.kasinobonus.ai\/dk\/gratis-spillepenge\/","schema":{"@context":"https:\/\/schema.org","@graph":[{"@type":"WebPage","@id":"https:\/\/www.kasinobonus.ai\/dk\/gratis-spillepenge\/","url":"https:\/\/www.kasinobonus.ai\/dk\/gratis-spillepenge\/","name":"Gratis Spillepenge (2025) - www.kasinobonus.ai","isPartOf":{"@id":"https:\/\/www.kasinobonus.ai\/dk\/#website"},"primaryImageOfPage":{"@id":"https:\/\/www.kasinobonus.ai\/dk\/gratis-spillepenge\/#primaryimage"},"image":{"@id":"https:\/\/www.kasinobonus.ai\/dk\/gratis-spillepenge\/#primaryimage"},"thumbnailUrl":"https:\/\/www.kasinobonus.ai\/wp-content\/uploads\/2023\/12\/Gratis_Spillepenge.jpg","datePublished":"2023-08-29T13:50:04+00:00","dateModified":"2025-07-11T16:31:37+00:00","description":"Leder du efter gratis spillepenge for 2025? Udforsk de bedste tilbud og bonusser, der giver dig mulighed for at spille risikofrit og vinde mere!","breadcrumb":{"@id":"https:\/\/www.kasinobonus.ai\/dk\/gratis-spillepenge\/#breadcrumb"},"inLanguage":"da","potentialAction":[{"@type":"ReadAction","target":["https:\/\/www.kasinobonus.ai\/dk\/gratis-spillepenge\/"]}]},{"@type":"ImageObject","inLanguage":"da","@id":"https:\/\/www.kasinobonus.ai\/dk\/gratis-spillepenge\/#primaryimage","url":"https:\/\/www.kasinobonus.ai\/wp-content\/uploads\/2023\/12\/Gratis_Spillepenge.jpg","contentUrl":"https:\/\/www.kasinobonus.ai\/wp-content\/uploads\/2023\/12\/Gratis_Spillepenge.jpg","width":1200,"height":628,"caption":"Gratis Spillepenge"},{"@type":"BreadcrumbList","@id":"https:\/\/www.kasinobonus.ai\/dk\/gratis-spillepenge\/#breadcrumb","itemListElement":[{"@type":"ListItem","position":1,"name":"Home","item":"https:\/\/kasinobonus.ai\/dk\/"},{"@type":"ListItem","position":2,"name":"Gratis Spillepenge"}]},{"@type":"WebSite","@id":"https:\/\/www.kasinobonus.ai\/dk\/#website","url":"https:\/\/www.kasinobonus.ai\/dk\/","name":"www.kasinobonus.ai","description":"","publisher":{"@id":"https:\/\/www.kasinobonus.ai\/dk\/#organization"},"potentialAction":[{"@type":"SearchAction","target":{"@type":"EntryPoint","urlTemplate":"https:\/\/www.kasinobonus.ai\/dk\/?s={search_term_string}"},"query-input":{"@type":"PropertyValueSpecification","valueRequired":true,"valueName":"search_term_string"}}],"inLanguage":"da"},{"@type":"Organization","@id":"https:\/\/www.kasinobonus.ai\/dk\/#organization","name":"KasinoBonus","alternateName":"KasinoBonusAI","url":"https:\/\/www.kasinobonus.ai\/dk\/","logo":{"@type":"ImageObject","inLanguage":"da","@id":"https:\/\/www.kasinobonus.ai\/dk\/#\/schema\/logo\/image\/","url":"https:\/\/www.kasinobonus.ai\/wp-content\/uploads\/2023\/09\/kasinobonus-logo-light.png","contentUrl":"https:\/\/www.kasinobonus.ai\/wp-content\/uploads\/2023\/09\/kasinobonus-logo-light.png","width":3200,"height":596,"caption":"KasinoBonus"},"image":{"@id":"https:\/\/www.kasinobonus.ai\/dk\/#\/schema\/logo\/image\/"},"sameAs":["https:\/\/www.facebook.com\/kasinobonusio\/","https:\/\/x.com\/Kasinobonus_io","https:\/\/www.linkedin.com\/in\/matti-slotte-26612033b","http:\/\/kasinobonus.wikidot.com\/system:welcome","https:\/\/www.trustpilot.com\/review\/www.kasinobonus.ai","https:\/\/orcid.org\/0009-0007-2889-1713","https:\/\/en.everybodywiki.com\/Matti_Slotte","https:\/\/www.immuniweb.com\/ssl\/kasinobonus.ai\/M4lqCqYY\/"]}]}},"_links":{"self":[{"href":"https:\/\/www.kasinobonus.ai\/dk\/wp-json\/wp\/v2\/pages\/9120","targetHints":{"allow":["GET"]}}],"collection":[{"href":"https:\/\/www.kasinobonus.ai\/dk\/wp-json\/wp\/v2\/pages"}],"about":[{"href":"https:\/\/www.kasinobonus.ai\/dk\/wp-json\/wp\/v2\/types\/page"}],"author":[{"embeddable":true,"href":"https:\/\/www.kasinobonus.ai\/dk\/wp-json\/wp\/v2\/users\/1"}],"replies":[{"embeddable":true,"href":"https:\/\/www.kasinobonus.ai\/dk\/wp-json\/wp\/v2\/comments?post=9120"}],"version-history":[{"count":7,"href":"https:\/\/www.kasinobonus.ai\/dk\/wp-json\/wp\/v2\/pages\/9120\/revisions"}],"predecessor-version":[{"id":32365,"href":"https:\/\/www.kasinobonus.ai\/dk\/wp-json\/wp\/v2\/pages\/9120\/revisions\/32365"}],"wp:featuredmedia":[{"embeddable":true,"href":"https:\/\/www.kasinobonus.ai\/dk\/wp-json\/wp\/v2\/media\/10839"}],"wp:attachment":[{"href":"https:\/\/www.kasinobonus.ai\/dk\/wp-json\/wp\/v2\/media?parent=9120"}],"curies":[{"name":"wp","href":"https:\/\/api.w.org\/{rel}","templated":true}]}}