{"id":9111,"date":"2023-08-29T13:50:19","date_gmt":"2023-08-29T13:50:19","guid":{"rendered":"http:\/\/kasinobonus.ai.dedivirt842.your-server.de\/nettikasinot\/"},"modified":"2025-07-11T16:27:57","modified_gmt":"2025-07-11T16:27:57","slug":"onlinekasinoer","status":"publish","type":"page","link":"https:\/\/www.kasinobonus.ai\/dk\/onlinekasinoer\/","title":{"rendered":"Onlinekasinoer"},"content":{"rendered":"\n<h1 class=\"wp-block-heading\">Onlinekasinoer Sammenlignet \u2013 V\u00e6lg den Bedste og Vind Mere<\/h1>\n\n\n\n<p>Danmark er hjemsted for nogle af verdens bedste online casinoer, og n\u00e5r du spiller p\u00e5 de rigtige casinoer med rigtige penge, kan du indbetale, spille og <em>vinde<\/em> \u2013 i et sikkert, fair og reguleret milj\u00f8.<\/p>\n\n\n\n<p>In denne guide hj\u00e6lper jeg dig med at finde de bedste casinoer med rigtige penge i Danmark, forklarer, hvad du skal kigge efter, n\u00e5r du tilmelder dig, og gennemg\u00e5r de forskellige typer online casinoer, der findes i dag.<\/p>\n\n\n\n<h2 class=\"wp-block-heading\"><strong>De bedste casinoer med rigtige penge i Danmark<\/strong><\/h2>\n\n\n\n<p>At finde et p\u00e5lideligt casino med rigtige penge er meget vigtigt, hvis du \u00f8nsker en optimal spiloplevelse. Nedenfor har jeg h\u00e5ndplukket nogle af mine personlige favoritcasinoer i Danmark, som alle i \u00f8jeblikket tilbyder gratis pengebonusser. Tjek dem selv:<\/p>\n\n\n<p>[brand_table template=&#8221;table_style_1.php&#8221; country=&#8221;DK&#8221; bonus=&#8221;&#8221;]<\/p>\n\n\n\n<p>N\u00e5r du har valgt et casino, er det nemt at tilmelde sig. Du skal blot oprette en konto, bekr\u00e6fte din alder og dit ID og begynde at spille med din gratis bonus!<\/p>\n\n\n\n<figure class=\"wp-block-image size-full\"><img decoding=\"async\" width=\"1000\" height=\"666\" src=\"https:\/\/www.kasinobonus.ai\/wp-content\/uploads\/2025\/07\/Onlinekasinoer.jpg\" alt=\"Onlinekasinoer\" class=\"wp-image-32291\" srcset=\"https:\/\/www.kasinobonus.ai\/wp-content\/uploads\/2025\/07\/Onlinekasinoer.jpg 1000w, https:\/\/www.kasinobonus.ai\/wp-content\/uploads\/2025\/07\/Onlinekasinoer-300x200.jpg 300w, https:\/\/www.kasinobonus.ai\/wp-content\/uploads\/2025\/07\/Onlinekasinoer-768x511.jpg 768w, https:\/\/www.kasinobonus.ai\/wp-content\/uploads\/2025\/07\/Onlinekasinoer-110x73.jpg 110w, https:\/\/www.kasinobonus.ai\/wp-content\/uploads\/2025\/07\/Onlinekasinoer-575x383.jpg 575w\" sizes=\"(max-width: 1000px) 100vw, 1000px\" \/><\/figure>\n\n\n\n<h2 class=\"wp-block-heading\"><strong>Hvordan vi v\u00e6lger og anmelder online casinoer<\/strong><\/h2>\n\n\n\n<p>At v\u00e6lge et casino med rigtige penge handler ikke kun om den st\u00f8rste bonus \u2013 det handler ogs\u00e5 om at finde et site, der er fair, sikkert og tilbyder en fantastisk samlet oplevelse. N\u00e5r KasinoBonus-teamet anmelder casinoer, tager vi <em>mange<\/em> faktorer i betragtning, herunder licens, spiludvalg, udbetalingshastigheder, kundesupportens reaktionsevne og tilg\u00e6ngelige betalingsmetoder.<\/p>\n\n\n\n<h2 class=\"wp-block-heading\"><strong>Typer af de bedste britiske casinoer<\/strong><\/h2>\n\n\n\n<p>Ikke alle rigtige penge-casinoer er ens, og at forst\u00e5 de forskellige typer kan hj\u00e6lpe dig med at finde det, der bedst passer til din spillestil.<\/p>\n\n\n\n<ol class=\"wp-block-list\">\n<li><strong>Traditionelle online casinoer <\/strong>\u2013 Dette er de klassiske allround-casinoer, der tilbyder en blanding af spilleautomater, bordspil og live dealer-muligheder. De er velegnede til spillere, der \u00f8nsker <em>lidt af det hele<\/em>.<\/li>\n\n\n\n<li><strong>Live dealer-casinoer<\/strong> \u2013 Hvis du foretr\u00e6kker live dealer-spil, vil du blive glad for at h\u00f8re, at der findes sider, der <em>fokuserer<\/em> p\u00e5 live casino.<\/li>\n\n\n\n<li><strong>Mobilcasinoer<\/strong> \u2013 Da flere og flere spiller p\u00e5 farten, sikrer mobiloptimerede casinoer, at du kan nyde alle dine yndlingsspil direkte fra din smartphone eller tablet!<\/li>\n\n\n\n<li><strong>Kryptocasinoer<\/strong> \u2013 Et stigende antal casinoer accepterer nu Bitcoin og andre kryptovalutaer, hvilket giver hurtigere udbetalinger, beviseligt fair spil og mindre besv\u00e6r!<\/li>\n\n\n\n<li><strong>No-Wagering Casinos<\/strong> \u2013 Tr\u00e6t af komplicerede bonusbetingelser? Nogle online casinoer er endda begyndt at reklamere med, at de er <em>no-wagering!<\/em> Det betyder, at alle (eller de fleste) af deres bonusser kommer <em>uden<\/em> nogen oms\u00e6tningskrav!<\/li>\n<\/ol>\n\n\n\n<p>S\u00e5 uanset om du leder efter et traditionelt online casino eller et mere specialiseret site, hj\u00e6lper vi dig med at finde det hele her p\u00e5 KasinoBonus!<br><br><\/p>\n","protected":false},"excerpt":{"rendered":"<p>Onlinekasinoer Sammenlignet \u2013 V\u00e6lg den Bedste og Vind Mere Danmark er hjemsted for nogle af verdens bedste online casinoer, og n\u00e5r du spiller p\u00e5 de rigtige casinoer med rigtige penge, kan du indbetale, spille og vinde \u2013 i et sikkert, fair og reguleret milj\u00f8. In denne guide hj\u00e6lper jeg dig med at finde de bedste [&hellip;]<\/p>\n","protected":false},"author":1,"featured_media":10925,"parent":0,"menu_order":0,"comment_status":"open","ping_status":"closed","template":"","meta":{"inline_featured_image":false,"footnotes":""},"class_list":["post-9111","page","type-page","status-publish","has-post-thumbnail","hentry"],"yoast_head":"<!-- This site is optimized with the Yoast SEO plugin v24.5 - https:\/\/yoast.com\/wordpress\/plugins\/seo\/ -->\n<title>Onlinekasinoer | De Bedste Kasinoer og Bonusser Sammenlignet<\/title>\n<meta name=\"description\" content=\"De hotteste onlinekasinoer i 2024 sammenlignet! Udforsk de bedste bonusser, spil og tjenester. V\u00e6lg et kasino og begynd at spille nu!\" \/>\n<meta name=\"robots\" content=\"index, follow, max-snippet:-1, max-image-preview:large, max-video-preview:-1\" \/>\n<link rel=\"canonical\" href=\"https:\/\/www.kasinobonus.ai\/dk\/onlinekasinoer\/\" \/>\n<script type=\"application\/ld+json\" class=\"yoast-schema-graph\">{\"@context\":\"https:\/\/schema.org\",\"@graph\":[{\"@type\":\"WebPage\",\"@id\":\"https:\/\/www.kasinobonus.ai\/dk\/onlinekasinoer\/\",\"url\":\"https:\/\/www.kasinobonus.ai\/dk\/onlinekasinoer\/\",\"name\":\"Onlinekasinoer | De Bedste Kasinoer og Bonusser Sammenlignet\",\"isPartOf\":{\"@id\":\"https:\/\/www.kasinobonus.ai\/dk\/#website\"},\"primaryImageOfPage\":{\"@id\":\"https:\/\/www.kasinobonus.ai\/dk\/onlinekasinoer\/#primaryimage\"},\"image\":{\"@id\":\"https:\/\/www.kasinobonus.ai\/dk\/onlinekasinoer\/#primaryimage\"},\"thumbnailUrl\":\"https:\/\/www.kasinobonus.ai\/wp-content\/uploads\/2023\/12\/Online_kasinoer.jpg\",\"datePublished\":\"2023-08-29T13:50:19+00:00\",\"dateModified\":\"2025-07-11T16:27:57+00:00\",\"description\":\"De hotteste onlinekasinoer i 2024 sammenlignet! Udforsk de bedste bonusser, spil og tjenester. V\u00e6lg et kasino og begynd at spille nu!\",\"breadcrumb\":{\"@id\":\"https:\/\/www.kasinobonus.ai\/dk\/onlinekasinoer\/#breadcrumb\"},\"inLanguage\":\"da\",\"potentialAction\":[{\"@type\":\"ReadAction\",\"target\":[\"https:\/\/www.kasinobonus.ai\/dk\/onlinekasinoer\/\"]}]},{\"@type\":\"ImageObject\",\"inLanguage\":\"da\",\"@id\":\"https:\/\/www.kasinobonus.ai\/dk\/onlinekasinoer\/#primaryimage\",\"url\":\"https:\/\/www.kasinobonus.ai\/wp-content\/uploads\/2023\/12\/Online_kasinoer.jpg\",\"contentUrl\":\"https:\/\/www.kasinobonus.ai\/wp-content\/uploads\/2023\/12\/Online_kasinoer.jpg\",\"width\":1200,\"height\":628,\"caption\":\"Online kasinoer\"},{\"@type\":\"BreadcrumbList\",\"@id\":\"https:\/\/www.kasinobonus.ai\/dk\/onlinekasinoer\/#breadcrumb\",\"itemListElement\":[{\"@type\":\"ListItem\",\"position\":1,\"name\":\"Home\",\"item\":\"https:\/\/kasinobonus.ai\/dk\/\"},{\"@type\":\"ListItem\",\"position\":2,\"name\":\"Onlinekasinoer\"}]},{\"@type\":\"WebSite\",\"@id\":\"https:\/\/www.kasinobonus.ai\/dk\/#website\",\"url\":\"https:\/\/www.kasinobonus.ai\/dk\/\",\"name\":\"www.kasinobonus.ai\",\"description\":\"\",\"publisher\":{\"@id\":\"https:\/\/www.kasinobonus.ai\/dk\/#organization\"},\"potentialAction\":[{\"@type\":\"SearchAction\",\"target\":{\"@type\":\"EntryPoint\",\"urlTemplate\":\"https:\/\/www.kasinobonus.ai\/dk\/?s={search_term_string}\"},\"query-input\":{\"@type\":\"PropertyValueSpecification\",\"valueRequired\":true,\"valueName\":\"search_term_string\"}}],\"inLanguage\":\"da\"},{\"@type\":\"Organization\",\"@id\":\"https:\/\/www.kasinobonus.ai\/dk\/#organization\",\"name\":\"KasinoBonus\",\"alternateName\":\"KasinoBonusAI\",\"url\":\"https:\/\/www.kasinobonus.ai\/dk\/\",\"logo\":{\"@type\":\"ImageObject\",\"inLanguage\":\"da\",\"@id\":\"https:\/\/www.kasinobonus.ai\/dk\/#\/schema\/logo\/image\/\",\"url\":\"https:\/\/www.kasinobonus.ai\/wp-content\/uploads\/2023\/09\/kasinobonus-logo-light.png\",\"contentUrl\":\"https:\/\/www.kasinobonus.ai\/wp-content\/uploads\/2023\/09\/kasinobonus-logo-light.png\",\"width\":3200,\"height\":596,\"caption\":\"KasinoBonus\"},\"image\":{\"@id\":\"https:\/\/www.kasinobonus.ai\/dk\/#\/schema\/logo\/image\/\"},\"sameAs\":[\"https:\/\/www.facebook.com\/kasinobonusio\/\",\"https:\/\/x.com\/Kasinobonus_io\",\"https:\/\/www.linkedin.com\/in\/matti-slotte-26612033b\",\"http:\/\/kasinobonus.wikidot.com\/system:welcome\",\"https:\/\/www.trustpilot.com\/review\/www.kasinobonus.ai\",\"https:\/\/orcid.org\/0009-0007-2889-1713\",\"https:\/\/en.everybodywiki.com\/Matti_Slotte\",\"https:\/\/www.immuniweb.com\/ssl\/kasinobonus.ai\/M4lqCqYY\/\"]}]}<\/script>\n<!-- \/ Yoast SEO plugin. -->","yoast_head_json":{"title":"Onlinekasinoer | De Bedste Kasinoer og Bonusser Sammenlignet","description":"De hotteste onlinekasinoer i 2024 sammenlignet! Udforsk de bedste bonusser, spil og tjenester. V\u00e6lg et kasino og begynd at spille nu!","robots":{"index":"index","follow":"follow","max-snippet":"max-snippet:-1","max-image-preview":"max-image-preview:large","max-video-preview":"max-video-preview:-1"},"canonical":"https:\/\/www.kasinobonus.ai\/dk\/onlinekasinoer\/","schema":{"@context":"https:\/\/schema.org","@graph":[{"@type":"WebPage","@id":"https:\/\/www.kasinobonus.ai\/dk\/onlinekasinoer\/","url":"https:\/\/www.kasinobonus.ai\/dk\/onlinekasinoer\/","name":"Onlinekasinoer | De Bedste Kasinoer og Bonusser Sammenlignet","isPartOf":{"@id":"https:\/\/www.kasinobonus.ai\/dk\/#website"},"primaryImageOfPage":{"@id":"https:\/\/www.kasinobonus.ai\/dk\/onlinekasinoer\/#primaryimage"},"image":{"@id":"https:\/\/www.kasinobonus.ai\/dk\/onlinekasinoer\/#primaryimage"},"thumbnailUrl":"https:\/\/www.kasinobonus.ai\/wp-content\/uploads\/2023\/12\/Online_kasinoer.jpg","datePublished":"2023-08-29T13:50:19+00:00","dateModified":"2025-07-11T16:27:57+00:00","description":"De hotteste onlinekasinoer i 2024 sammenlignet! Udforsk de bedste bonusser, spil og tjenester. V\u00e6lg et kasino og begynd at spille nu!","breadcrumb":{"@id":"https:\/\/www.kasinobonus.ai\/dk\/onlinekasinoer\/#breadcrumb"},"inLanguage":"da","potentialAction":[{"@type":"ReadAction","target":["https:\/\/www.kasinobonus.ai\/dk\/onlinekasinoer\/"]}]},{"@type":"ImageObject","inLanguage":"da","@id":"https:\/\/www.kasinobonus.ai\/dk\/onlinekasinoer\/#primaryimage","url":"https:\/\/www.kasinobonus.ai\/wp-content\/uploads\/2023\/12\/Online_kasinoer.jpg","contentUrl":"https:\/\/www.kasinobonus.ai\/wp-content\/uploads\/2023\/12\/Online_kasinoer.jpg","width":1200,"height":628,"caption":"Online kasinoer"},{"@type":"BreadcrumbList","@id":"https:\/\/www.kasinobonus.ai\/dk\/onlinekasinoer\/#breadcrumb","itemListElement":[{"@type":"ListItem","position":1,"name":"Home","item":"https:\/\/kasinobonus.ai\/dk\/"},{"@type":"ListItem","position":2,"name":"Onlinekasinoer"}]},{"@type":"WebSite","@id":"https:\/\/www.kasinobonus.ai\/dk\/#website","url":"https:\/\/www.kasinobonus.ai\/dk\/","name":"www.kasinobonus.ai","description":"","publisher":{"@id":"https:\/\/www.kasinobonus.ai\/dk\/#organization"},"potentialAction":[{"@type":"SearchAction","target":{"@type":"EntryPoint","urlTemplate":"https:\/\/www.kasinobonus.ai\/dk\/?s={search_term_string}"},"query-input":{"@type":"PropertyValueSpecification","valueRequired":true,"valueName":"search_term_string"}}],"inLanguage":"da"},{"@type":"Organization","@id":"https:\/\/www.kasinobonus.ai\/dk\/#organization","name":"KasinoBonus","alternateName":"KasinoBonusAI","url":"https:\/\/www.kasinobonus.ai\/dk\/","logo":{"@type":"ImageObject","inLanguage":"da","@id":"https:\/\/www.kasinobonus.ai\/dk\/#\/schema\/logo\/image\/","url":"https:\/\/www.kasinobonus.ai\/wp-content\/uploads\/2023\/09\/kasinobonus-logo-light.png","contentUrl":"https:\/\/www.kasinobonus.ai\/wp-content\/uploads\/2023\/09\/kasinobonus-logo-light.png","width":3200,"height":596,"caption":"KasinoBonus"},"image":{"@id":"https:\/\/www.kasinobonus.ai\/dk\/#\/schema\/logo\/image\/"},"sameAs":["https:\/\/www.facebook.com\/kasinobonusio\/","https:\/\/x.com\/Kasinobonus_io","https:\/\/www.linkedin.com\/in\/matti-slotte-26612033b","http:\/\/kasinobonus.wikidot.com\/system:welcome","https:\/\/www.trustpilot.com\/review\/www.kasinobonus.ai","https:\/\/orcid.org\/0009-0007-2889-1713","https:\/\/en.everybodywiki.com\/Matti_Slotte","https:\/\/www.immuniweb.com\/ssl\/kasinobonus.ai\/M4lqCqYY\/"]}]}},"_links":{"self":[{"href":"https:\/\/www.kasinobonus.ai\/dk\/wp-json\/wp\/v2\/pages\/9111","targetHints":{"allow":["GET"]}}],"collection":[{"href":"https:\/\/www.kasinobonus.ai\/dk\/wp-json\/wp\/v2\/pages"}],"about":[{"href":"https:\/\/www.kasinobonus.ai\/dk\/wp-json\/wp\/v2\/types\/page"}],"author":[{"embeddable":true,"href":"https:\/\/www.kasinobonus.ai\/dk\/wp-json\/wp\/v2\/users\/1"}],"replies":[{"embeddable":true,"href":"https:\/\/www.kasinobonus.ai\/dk\/wp-json\/wp\/v2\/comments?post=9111"}],"version-history":[{"count":2,"href":"https:\/\/www.kasinobonus.ai\/dk\/wp-json\/wp\/v2\/pages\/9111\/revisions"}],"predecessor-version":[{"id":32299,"href":"https:\/\/www.kasinobonus.ai\/dk\/wp-json\/wp\/v2\/pages\/9111\/revisions\/32299"}],"wp:featuredmedia":[{"embeddable":true,"href":"https:\/\/www.kasinobonus.ai\/dk\/wp-json\/wp\/v2\/media\/10925"}],"wp:attachment":[{"href":"https:\/\/www.kasinobonus.ai\/dk\/wp-json\/wp\/v2\/media?parent=9111"}],"curies":[{"name":"wp","href":"https:\/\/api.w.org\/{rel}","templated":true}]}}