{"id":9083,"date":"2023-08-29T13:58:06","date_gmt":"2023-08-29T13:58:06","guid":{"rendered":"http:\/\/kasinobonus.ai.dedivirt842.your-server.de\/200-talletusbonus\/"},"modified":"2025-07-11T15:42:43","modified_gmt":"2025-07-11T15:42:43","slug":"200-indbetalingsbonus","status":"publish","type":"page","link":"https:\/\/www.kasinobonus.ai\/dk\/200-indbetalingsbonus\/","title":{"rendered":"200% Indbetalingsbonus"},"content":{"rendered":"\n<h1 class=\"wp-block-heading\">200% Indbetalingsbonus &#8211; Tredobl Dine Spillepenge<\/h1>\n\n\n\n<p><strong>200% indbetalingsbonus<\/strong> er en s\u00e6rlig fordel, som online casinoer tilbyder for at skille sig ud fra konkurrenterne. Med denne bonus har spillere muligheden for at tredoble deres oprindelige indbetaling, hvilket giver dem flere chancer for at vinde. N\u00e5r du foretager en indbetaling p\u00e5 et casino, der tilbyder denne bonus, vil bel\u00f8bet af dit indskud blive tilf\u00f8jet til din konto i form af bonuspenge. Dette giver dig mulighed for at nyde en bredere palet af spil og afpr\u00f8ve nye strategier med en st\u00f8rre spillepulje. Tag et kig p\u00e5 nedenst\u00e5ende online casinoer, som vores team omhyggeligt har udvalgt, og som tilbyder denne fremragende bonus, og begynd jagten p\u00e5 gevinster med en st\u00f8rre spillepulje!<\/p>\n\n\n\n<h2 class=\"wp-block-heading\">De Bedste 200% Indbetalingsbonusser i 2025<\/h2>\n\n\n<p>[brand_table template=&#8221;table_style_1.php&#8221; country=&#8221;DK&#8221; bonus=&#8221;&#8221;]<\/p>\n\n\n\n<figure class=\"wp-block-image size-full\"><img decoding=\"async\" width=\"1000\" height=\"666\" src=\"https:\/\/www.kasinobonus.ai\/wp-content\/uploads\/2025\/07\/200-Indbetalingsbonus.jpg\" alt=\"% Indbetalingsbonus\" class=\"wp-image-32105\" srcset=\"https:\/\/www.kasinobonus.ai\/wp-content\/uploads\/2025\/07\/200-Indbetalingsbonus.jpg 1000w, https:\/\/www.kasinobonus.ai\/wp-content\/uploads\/2025\/07\/200-Indbetalingsbonus-300x200.jpg 300w, https:\/\/www.kasinobonus.ai\/wp-content\/uploads\/2025\/07\/200-Indbetalingsbonus-768x511.jpg 768w, https:\/\/www.kasinobonus.ai\/wp-content\/uploads\/2025\/07\/200-Indbetalingsbonus-110x73.jpg 110w, https:\/\/www.kasinobonus.ai\/wp-content\/uploads\/2025\/07\/200-Indbetalingsbonus-575x383.jpg 575w\" sizes=\"(max-width: 1000px) 100vw, 1000px\" \/><\/figure>\n\n\n\n<h2 class=\"wp-block-heading\">Hvorfor Er En 200% Indbetalingsbonus Popul\u00e6r?<\/h2>\n\n\n\n<p>200% indbetalingsbonus er blevet mere og mere popul\u00e6r blandt spillere, da det er en <a href=\"https:\/\/www.kasinobonus.ai\/dk\/\">casinobonus<\/a>, der tredobler det oprindelige indbetalingsbel\u00f8b. Dette betyder, at selv med en lille f\u00f8rstegangsindsats, kan en spiller opleve en lang og sp\u00e6ndende spilleoplevelse. Det er s\u00e6rligt tiltalende for dem, der \u00f8nsker at maksimere deres spillepulje og f\u00e5 mest muligt for deres penge.<\/p>\n\n\n\n<h2 class=\"wp-block-heading\">Hvordan adskiller 200% bonustilbud sig fra de andre!?<\/h2>\n\n\n\n<p>N\u00e5r man sammenligner med <a href=\"https:\/\/www.kasinobonus.ai\/dk\/100-indbetalingsbonus\/\">100% indbetalingsbonusser<\/a>, fordobler 200% bonustilbuddene fordelene fra det foreg\u00e5ende tilbud. Dog kan st\u00f8rre bonusser ogs\u00e5 medf\u00f8re strengere gennemspilskrav eller andre begr\u00e6nsninger. Det er ogs\u00e5 almindeligt, at bonusser med h\u00f8jere procenter kommer med en lavere maksimal bel\u00f8bsgr\u00e6nse, som du kan modtage som bonus.<\/p>\n\n\n\n<blockquote class=\"wp-block-quote is-layout-flow wp-block-quote-is-layout-flow\">\n<p>200% indbetalingsbonus er blevet mere popul\u00e6r blandt spillere, fordi den tredobler bel\u00f8bet af den oprindelige indbetaling.<\/p>\n<\/blockquote>\n\n\n\n<h3 class=\"wp-block-heading\">Trin for trin til indl\u00f8sning: 200% Indbetalingsbonus<\/h3>\n\n\n\n<ul class=\"wp-block-list\">\n<li>V\u00e6lg et p\u00e5lideligt casino, der tilbyder en 200% indbetalingsbonus.<\/li>\n\n\n\n<li>Registrer dig p\u00e5 siden og bekr\u00e6ft din identitet.<\/li>\n\n\n\n<li>G\u00e5 til indbetalingssiden og v\u00e6lg din foretrukne betalingsmetode.<\/li>\n\n\n\n<li>Indtast det bel\u00f8b du vil indbetale og accepter bonustilbudet.<\/li>\n\n\n\n<li>Kontroller, at bonuspengene vises p\u00e5 din spillekonto og begynd at spille.<\/li>\n<\/ul>\n\n\n\n<h3 class=\"wp-block-heading\">Betingelser, du ikke kan ignorere<\/h3>\n\n\n\n<p>Betingelserne for st\u00f8rre bonustilbud, som en 200% indbetalingsbonus, kan v\u00e6re mere kr\u00e6vende. Det er vigtigt at v\u00e6re opm\u00e6rksom p\u00e5 f\u00f8lgende punkter:<\/p>\n\n\n\n<ul class=\"wp-block-list\">\n<li>Gennemspilskrav: Hvor mange gange skal bonusbel\u00f8bet indsatses, f\u00f8r du kan h\u00e6ve dine gevinster?<\/li>\n\n\n\n<li>Maksimal indsats: Er der en begr\u00e6nsning for, hvor stort et bel\u00f8b du kan satse med bonuspenge?<\/li>\n\n\n\n<li>Gyldighedsperiode: Hvor l\u00e6nge er bonussen gyldig f\u00f8r den udl\u00f8ber?<\/li>\n\n\n\n<li>Maksimal gevinst: Er der en gr\u00e6nse for, hvor meget du kan vinde med bonuspenge?<\/li>\n<\/ul>\n\n\n\n<h2 class=\"wp-block-heading\">Sammenligning af de bedste 200% bonustilbud<\/h2>\n\n\n\n<p>Dette afsnit ville kr\u00e6ve opdateret forskning om de bedste tilbud i 2024. Her ville kasinoerne, der tilbyder de bedste 200% bonusser, blive pr\u00e6senteret sammen med information om deres vilk\u00e5r og betingelser, maksimale bonusbel\u00f8b, og andre vigtige detaljer for at hj\u00e6lpe spillere med at tr\u00e6ffe en informeret beslutning.<\/p>\n\n\n\n<h2 class=\"wp-block-heading\">Opsummering<\/h2>\n\n\n\n<p>En 200% indbetalingsbonus er et af de mest attraktive tilbud i kasinoverdenen, som giver spillerne mulighed for betydeligt at \u00f8ge deres spillekasse med en indledende indbetaling. Selvom det er et meget gener\u00f8st tilbud, er det vigtigt for spillere at v\u00e6re bevidste om de tilknyttede vilk\u00e5r og begr\u00e6nsninger. N\u00e5r du v\u00e6lger en 200% indbetalingsbonus, er det vigtigt at v\u00e6lge et p\u00e5lideligt casino, forst\u00e5 oms\u00e6tningskrav og andre vilk\u00e5r, og sikre at du indl\u00f8ser bonusen korrekt. L\u00e6s endelig mere om emnet <a href=\"https:\/\/www.kasinobonus.ai\/dk\/indskudsbonusser\/\">indbetalingsbonusser<\/a>.<\/p>\n\n\n\n<h2 class=\"wp-block-heading\">Fordele og Ulemper<\/h2>\n\n\n\n<figure class=\"wp-block-image size-full\"><img decoding=\"async\" width=\"1000\" height=\"666\" src=\"https:\/\/www.kasinobonus.ai\/wp-content\/uploads\/2025\/06\/KB-Indskudsbonusser.jpg\" alt=\"Indskudsbonusser\" class=\"wp-image-30285\" srcset=\"https:\/\/www.kasinobonus.ai\/wp-content\/uploads\/2025\/06\/KB-Indskudsbonusser.jpg 1000w, https:\/\/www.kasinobonus.ai\/wp-content\/uploads\/2025\/06\/KB-Indskudsbonusser-300x200.jpg 300w, https:\/\/www.kasinobonus.ai\/wp-content\/uploads\/2025\/06\/KB-Indskudsbonusser-768x511.jpg 768w, https:\/\/www.kasinobonus.ai\/wp-content\/uploads\/2025\/06\/KB-Indskudsbonusser-110x73.jpg 110w, https:\/\/www.kasinobonus.ai\/wp-content\/uploads\/2025\/06\/KB-Indskudsbonusser-575x383.jpg 575w\" sizes=\"(max-width: 1000px) 100vw, 1000px\" \/><\/figure>\n\n\n\n<div class=\"wp-block-columns is-layout-flex wp-container-core-columns-is-layout-28f84493 wp-block-columns-is-layout-flex\">\n<div class=\"wp-block-column is-layout-flow wp-block-column-is-layout-flow\">\n<h3 class=\"wp-block-heading\"><strong>\u2705 Fordele<\/strong><strong><\/strong><\/h3>\n\n\n\n<ul class=\"wp-block-list\">\n<li>\u2705 H\u00f8jere bonusbel\u00f8b sammenlignet med tilbud uden indskud<\/li>\n\n\n\n<li>\u2705 L\u00e5ser op for adgang til velkomstpakker og VIP-fordele<\/li>\n\n\n\n<li>\u2705 Indeholder ofte b\u00e5de bonuspenge og gratis spins<\/li>\n\n\n\n<li>\u2705 Stor v\u00e6rdi for spillere, der allerede har planer om at indbetale<\/li>\n\n\n\n<li>\u2705 Bredt accepteret p\u00e5 de fleste online casinoer<\/li>\n<\/ul>\n<\/div>\n\n\n\n<div class=\"wp-block-column is-layout-flow wp-block-column-is-layout-flow\">\n<h3 class=\"wp-block-heading\"><strong>\u274c Ulemper<\/strong><strong><\/strong><\/h3>\n\n\n\n<ul class=\"wp-block-list\">\n<li>\u274c Kommer med oms\u00e6tningskrav (nogle gange 30x-50x)<\/li>\n\n\n\n<li>\u274c Bonusmidler kan v\u00e6re l\u00e5st, indtil betingelserne er opfyldt<\/li>\n\n\n\n<li>\u274c Nogle spil er udelukket fra bonusspil<\/li>\n\n\n\n<li>\u274c Maks. indsatsgr\u00e6nser kan g\u00e6lde, mens du bruger bonus<\/li>\n\n\n\n<li>\u274c Udbetaling er ofte begr\u00e6nset, indtil bonussen er clearet<\/li>\n<\/ul>\n<\/div>\n<\/div>\n\n\n\n<h2 class=\"wp-block-heading\">Bedste indbetalingsbonusser i Danmark<\/h2>\n\n\n\n<figure class=\"wp-block-table\"><table class=\"has-fixed-layout\"><thead><tr><th>Casino<\/th><th>Bonus<\/th><th>Betingelser<\/th><th>Kode \/ Info<\/th><th>Link<\/th><\/tr><\/thead><tbody><tr><td>LuckyVibe<\/td><td>Op til \u20ac1000 + 100 gratis spins. Bonus p\u00e5 2., 3. og 4. indbetaling<\/td><td>Genindl\u00e6sningsbonus<\/td><td>\u2013<\/td><td><a href=\"https:\/\/www.kasinobonus.ai\/go\/luckyvibefi\/\">Spil nu<\/a><\/td><\/tr><tr><td>Bet on Red<\/td><td>50 gratis spins uden indbetaling + 100\u202f% op til \u20ac100 + 150 gratis spins<\/td><td>Brug kampagnekode: <strong>BLITZ3<\/strong> ved registrering<\/td><td>BLITZ3<\/td><td><a href=\"https:\/\/www.kasinobonus.ai\/go\/betonred\">Spil nu<\/a><\/td><\/tr><tr><td>Wheelz<\/td><td>20 gratis spins uden indbetaling + 100\u202f% op til \u20ac300<\/td><td>Spins: John Hunter og Tuts bog<\/td><td>Wheelz<\/td><td><a href=\"https:\/\/www.kasinobonus.ai\/go\/wheelz\">Spil nu<\/a><\/td><\/tr><tr><td>Jettbet<\/td><td>20 gratis spins p\u00e5 Captain\u2019s Quest: Treasure Island (Betsoft)<\/td><td>Oms\u00e6tningskrav 40x, maks. udbetaling \u20ac20<\/td><td>\u2013<\/td><td><a href=\"https:\/\/www.kasinobonus.ai\/go\/Jettbet\">Spil nu<\/a><\/td><\/tr><tr><td>Depositwin<\/td><td>100\u202f% op til \u20ac400 + 100 gratis spins uden oms\u00e6tningskrav<\/td><td>G\u00e6lder p\u00e5 3 f\u00f8rste indbetalinger<\/td><td>INGEN V\u00c6DDEM\u00c5L<\/td><td><a href=\"https:\/\/www.kasinobonus.ai\/go\/depositwin\">Spil nu<\/a><\/td><\/tr><\/tbody><\/table><\/figure>\n\n\n\n<h2 class=\"wp-block-heading\">Ressourcer til ansvarligt spil<\/h2>\n\n\n\n<ul class=\"wp-block-list\">\n<li><a href=\"https:\/\/www.spillemyndigheden.dk\">https:\/\/www.spillemyndigheden.dk<\/a> <\/li>\n\n\n\n<li><a href=\"https:\/\/www.rofus.nu\">https:\/\/www.rofus.nu<\/a><\/li>\n\n\n\n<li><a href=\"https:\/\/stopspillet.dk\">https:\/\/stopspillet.dk<\/a> <\/li>\n\n\n\n<li><a href=\"https:\/\/gamblingtherapy.org\">https:\/\/gamblingtherapy.org<\/a><a href=\"https:\/\/help.revolut.com\/en-DK\/help\/more\/life-challenges-and-well-being\/what-gambling-support-is-available\/?utm_source=chatgpt.com\" target=\"_blank\" rel=\"noreferrer noopener\">m<\/a><\/li>\n<\/ul>\n","protected":false},"excerpt":{"rendered":"<p>200% Indbetalingsbonus &#8211; Tredobl Dine Spillepenge 200% indbetalingsbonus er en s\u00e6rlig fordel, som online casinoer tilbyder for at skille sig ud fra konkurrenterne. Med denne bonus har spillere muligheden for at tredoble deres oprindelige indbetaling, hvilket giver dem flere chancer for at vinde. N\u00e5r du foretager en indbetaling p\u00e5 et casino, der tilbyder denne bonus, [&hellip;]<\/p>\n","protected":false},"author":1,"featured_media":10499,"parent":0,"menu_order":0,"comment_status":"open","ping_status":"closed","template":"","meta":{"inline_featured_image":false,"footnotes":""},"class_list":["post-9083","page","type-page","status-publish","has-post-thumbnail","hentry"],"yoast_head":"<!-- This site is optimized with the Yoast SEO plugin v24.5 - https:\/\/yoast.com\/wordpress\/plugins\/seo\/ -->\n<title>200% Indbetalingsbonus (2025) - www.kasinobonus.ai<\/title>\n<meta name=\"description\" content=\"V\u00e6lg det bedste casino og snup en 200% indbetalingsbonus \u2013 tredobl dine spillepenge med det samme! Start jagten p\u00e5 gevinster nu!\" \/>\n<meta name=\"robots\" content=\"index, follow, max-snippet:-1, max-image-preview:large, max-video-preview:-1\" \/>\n<link rel=\"canonical\" href=\"https:\/\/www.kasinobonus.ai\/dk\/200-indbetalingsbonus\/\" \/>\n<script type=\"application\/ld+json\" class=\"yoast-schema-graph\">{\"@context\":\"https:\/\/schema.org\",\"@graph\":[{\"@type\":\"WebPage\",\"@id\":\"https:\/\/www.kasinobonus.ai\/dk\/200-indbetalingsbonus\/\",\"url\":\"https:\/\/www.kasinobonus.ai\/dk\/200-indbetalingsbonus\/\",\"name\":\"200% Indbetalingsbonus (2025) - www.kasinobonus.ai\",\"isPartOf\":{\"@id\":\"https:\/\/www.kasinobonus.ai\/dk\/#website\"},\"primaryImageOfPage\":{\"@id\":\"https:\/\/www.kasinobonus.ai\/dk\/200-indbetalingsbonus\/#primaryimage\"},\"image\":{\"@id\":\"https:\/\/www.kasinobonus.ai\/dk\/200-indbetalingsbonus\/#primaryimage\"},\"thumbnailUrl\":\"https:\/\/www.kasinobonus.ai\/wp-content\/uploads\/2023\/12\/200_indbetalingsbonus.jpg\",\"datePublished\":\"2023-08-29T13:58:06+00:00\",\"dateModified\":\"2025-07-11T15:42:43+00:00\",\"description\":\"V\u00e6lg det bedste casino og snup en 200% indbetalingsbonus \u2013 tredobl dine spillepenge med det samme! Start jagten p\u00e5 gevinster nu!\",\"breadcrumb\":{\"@id\":\"https:\/\/www.kasinobonus.ai\/dk\/200-indbetalingsbonus\/#breadcrumb\"},\"inLanguage\":\"da\",\"potentialAction\":[{\"@type\":\"ReadAction\",\"target\":[\"https:\/\/www.kasinobonus.ai\/dk\/200-indbetalingsbonus\/\"]}]},{\"@type\":\"ImageObject\",\"inLanguage\":\"da\",\"@id\":\"https:\/\/www.kasinobonus.ai\/dk\/200-indbetalingsbonus\/#primaryimage\",\"url\":\"https:\/\/www.kasinobonus.ai\/wp-content\/uploads\/2023\/12\/200_indbetalingsbonus.jpg\",\"contentUrl\":\"https:\/\/www.kasinobonus.ai\/wp-content\/uploads\/2023\/12\/200_indbetalingsbonus.jpg\",\"width\":1200,\"height\":628,\"caption\":\"200 indbetalingsbonus\"},{\"@type\":\"BreadcrumbList\",\"@id\":\"https:\/\/www.kasinobonus.ai\/dk\/200-indbetalingsbonus\/#breadcrumb\",\"itemListElement\":[{\"@type\":\"ListItem\",\"position\":1,\"name\":\"Home\",\"item\":\"https:\/\/kasinobonus.ai\/dk\/\"},{\"@type\":\"ListItem\",\"position\":2,\"name\":\"200% Indbetalingsbonus\"}]},{\"@type\":\"WebSite\",\"@id\":\"https:\/\/www.kasinobonus.ai\/dk\/#website\",\"url\":\"https:\/\/www.kasinobonus.ai\/dk\/\",\"name\":\"www.kasinobonus.ai\",\"description\":\"\",\"publisher\":{\"@id\":\"https:\/\/www.kasinobonus.ai\/dk\/#organization\"},\"potentialAction\":[{\"@type\":\"SearchAction\",\"target\":{\"@type\":\"EntryPoint\",\"urlTemplate\":\"https:\/\/www.kasinobonus.ai\/dk\/?s={search_term_string}\"},\"query-input\":{\"@type\":\"PropertyValueSpecification\",\"valueRequired\":true,\"valueName\":\"search_term_string\"}}],\"inLanguage\":\"da\"},{\"@type\":\"Organization\",\"@id\":\"https:\/\/www.kasinobonus.ai\/dk\/#organization\",\"name\":\"KasinoBonus\",\"alternateName\":\"KasinoBonusAI\",\"url\":\"https:\/\/www.kasinobonus.ai\/dk\/\",\"logo\":{\"@type\":\"ImageObject\",\"inLanguage\":\"da\",\"@id\":\"https:\/\/www.kasinobonus.ai\/dk\/#\/schema\/logo\/image\/\",\"url\":\"https:\/\/www.kasinobonus.ai\/wp-content\/uploads\/2023\/09\/kasinobonus-logo-light.png\",\"contentUrl\":\"https:\/\/www.kasinobonus.ai\/wp-content\/uploads\/2023\/09\/kasinobonus-logo-light.png\",\"width\":3200,\"height\":596,\"caption\":\"KasinoBonus\"},\"image\":{\"@id\":\"https:\/\/www.kasinobonus.ai\/dk\/#\/schema\/logo\/image\/\"},\"sameAs\":[\"https:\/\/www.facebook.com\/kasinobonusio\/\",\"https:\/\/x.com\/Kasinobonus_io\",\"https:\/\/www.linkedin.com\/in\/matti-slotte-26612033b\",\"http:\/\/kasinobonus.wikidot.com\/system:welcome\",\"https:\/\/www.trustpilot.com\/review\/www.kasinobonus.ai\",\"https:\/\/orcid.org\/0009-0007-2889-1713\",\"https:\/\/en.everybodywiki.com\/Matti_Slotte\",\"https:\/\/www.immuniweb.com\/ssl\/kasinobonus.ai\/M4lqCqYY\/\"]}]}<\/script>\n<!-- \/ Yoast SEO plugin. -->","yoast_head_json":{"title":"200% Indbetalingsbonus (2025) - www.kasinobonus.ai","description":"V\u00e6lg det bedste casino og snup en 200% indbetalingsbonus \u2013 tredobl dine spillepenge med det samme! Start jagten p\u00e5 gevinster nu!","robots":{"index":"index","follow":"follow","max-snippet":"max-snippet:-1","max-image-preview":"max-image-preview:large","max-video-preview":"max-video-preview:-1"},"canonical":"https:\/\/www.kasinobonus.ai\/dk\/200-indbetalingsbonus\/","schema":{"@context":"https:\/\/schema.org","@graph":[{"@type":"WebPage","@id":"https:\/\/www.kasinobonus.ai\/dk\/200-indbetalingsbonus\/","url":"https:\/\/www.kasinobonus.ai\/dk\/200-indbetalingsbonus\/","name":"200% Indbetalingsbonus (2025) - www.kasinobonus.ai","isPartOf":{"@id":"https:\/\/www.kasinobonus.ai\/dk\/#website"},"primaryImageOfPage":{"@id":"https:\/\/www.kasinobonus.ai\/dk\/200-indbetalingsbonus\/#primaryimage"},"image":{"@id":"https:\/\/www.kasinobonus.ai\/dk\/200-indbetalingsbonus\/#primaryimage"},"thumbnailUrl":"https:\/\/www.kasinobonus.ai\/wp-content\/uploads\/2023\/12\/200_indbetalingsbonus.jpg","datePublished":"2023-08-29T13:58:06+00:00","dateModified":"2025-07-11T15:42:43+00:00","description":"V\u00e6lg det bedste casino og snup en 200% indbetalingsbonus \u2013 tredobl dine spillepenge med det samme! Start jagten p\u00e5 gevinster nu!","breadcrumb":{"@id":"https:\/\/www.kasinobonus.ai\/dk\/200-indbetalingsbonus\/#breadcrumb"},"inLanguage":"da","potentialAction":[{"@type":"ReadAction","target":["https:\/\/www.kasinobonus.ai\/dk\/200-indbetalingsbonus\/"]}]},{"@type":"ImageObject","inLanguage":"da","@id":"https:\/\/www.kasinobonus.ai\/dk\/200-indbetalingsbonus\/#primaryimage","url":"https:\/\/www.kasinobonus.ai\/wp-content\/uploads\/2023\/12\/200_indbetalingsbonus.jpg","contentUrl":"https:\/\/www.kasinobonus.ai\/wp-content\/uploads\/2023\/12\/200_indbetalingsbonus.jpg","width":1200,"height":628,"caption":"200 indbetalingsbonus"},{"@type":"BreadcrumbList","@id":"https:\/\/www.kasinobonus.ai\/dk\/200-indbetalingsbonus\/#breadcrumb","itemListElement":[{"@type":"ListItem","position":1,"name":"Home","item":"https:\/\/kasinobonus.ai\/dk\/"},{"@type":"ListItem","position":2,"name":"200% Indbetalingsbonus"}]},{"@type":"WebSite","@id":"https:\/\/www.kasinobonus.ai\/dk\/#website","url":"https:\/\/www.kasinobonus.ai\/dk\/","name":"www.kasinobonus.ai","description":"","publisher":{"@id":"https:\/\/www.kasinobonus.ai\/dk\/#organization"},"potentialAction":[{"@type":"SearchAction","target":{"@type":"EntryPoint","urlTemplate":"https:\/\/www.kasinobonus.ai\/dk\/?s={search_term_string}"},"query-input":{"@type":"PropertyValueSpecification","valueRequired":true,"valueName":"search_term_string"}}],"inLanguage":"da"},{"@type":"Organization","@id":"https:\/\/www.kasinobonus.ai\/dk\/#organization","name":"KasinoBonus","alternateName":"KasinoBonusAI","url":"https:\/\/www.kasinobonus.ai\/dk\/","logo":{"@type":"ImageObject","inLanguage":"da","@id":"https:\/\/www.kasinobonus.ai\/dk\/#\/schema\/logo\/image\/","url":"https:\/\/www.kasinobonus.ai\/wp-content\/uploads\/2023\/09\/kasinobonus-logo-light.png","contentUrl":"https:\/\/www.kasinobonus.ai\/wp-content\/uploads\/2023\/09\/kasinobonus-logo-light.png","width":3200,"height":596,"caption":"KasinoBonus"},"image":{"@id":"https:\/\/www.kasinobonus.ai\/dk\/#\/schema\/logo\/image\/"},"sameAs":["https:\/\/www.facebook.com\/kasinobonusio\/","https:\/\/x.com\/Kasinobonus_io","https:\/\/www.linkedin.com\/in\/matti-slotte-26612033b","http:\/\/kasinobonus.wikidot.com\/system:welcome","https:\/\/www.trustpilot.com\/review\/www.kasinobonus.ai","https:\/\/orcid.org\/0009-0007-2889-1713","https:\/\/en.everybodywiki.com\/Matti_Slotte","https:\/\/www.immuniweb.com\/ssl\/kasinobonus.ai\/M4lqCqYY\/"]}]}},"_links":{"self":[{"href":"https:\/\/www.kasinobonus.ai\/dk\/wp-json\/wp\/v2\/pages\/9083","targetHints":{"allow":["GET"]}}],"collection":[{"href":"https:\/\/www.kasinobonus.ai\/dk\/wp-json\/wp\/v2\/pages"}],"about":[{"href":"https:\/\/www.kasinobonus.ai\/dk\/wp-json\/wp\/v2\/types\/page"}],"author":[{"embeddable":true,"href":"https:\/\/www.kasinobonus.ai\/dk\/wp-json\/wp\/v2\/users\/1"}],"replies":[{"embeddable":true,"href":"https:\/\/www.kasinobonus.ai\/dk\/wp-json\/wp\/v2\/comments?post=9083"}],"version-history":[{"count":4,"href":"https:\/\/www.kasinobonus.ai\/dk\/wp-json\/wp\/v2\/pages\/9083\/revisions"}],"predecessor-version":[{"id":32113,"href":"https:\/\/www.kasinobonus.ai\/dk\/wp-json\/wp\/v2\/pages\/9083\/revisions\/32113"}],"wp:featuredmedia":[{"embeddable":true,"href":"https:\/\/www.kasinobonus.ai\/dk\/wp-json\/wp\/v2\/media\/10499"}],"wp:attachment":[{"href":"https:\/\/www.kasinobonus.ai\/dk\/wp-json\/wp\/v2\/media?parent=9083"}],"curies":[{"name":"wp","href":"https:\/\/api.w.org\/{rel}","templated":true}]}}