{"id":9048,"date":"2023-08-29T14:00:09","date_gmt":"2023-08-29T14:00:09","guid":{"rendered":"http:\/\/kasinobonus.ai.dedivirt842.your-server.de\/20-ilmaiskierrosta-ilman-talletusta\/"},"modified":"2025-07-11T15:50:27","modified_gmt":"2025-07-11T15:50:27","slug":"20-gratis-spins-uden-indbetaling","status":"publish","type":"page","link":"https:\/\/www.kasinobonus.ai\/dk\/20-gratis-spins-uden-indbetaling\/","title":{"rendered":"20 Gratis Spins Uden Indbetaling"},"content":{"rendered":"\n<h1 class=\"wp-block-heading\"><strong>20 Gratis Spins Uden Indbetaling 2025<\/strong><\/h1>\n\n\n\n<p>Da jeg f\u00f8rst begyndte at spille online, husker jeg den usikkerhed, jeg f\u00f8lte ved at indbetale mine egne penge. For at g\u00f8re tingene v\u00e6rre havde jeg ingen <em>anelse<\/em> om, hvilke bonusser og kampagner jeg skulle benytte mig af \u2013 og hvilke jeg skulle undg\u00e5. Det var indtil jeg opdagede en bonus p\u00e5 20 gratis spins uden indskud i Danmark\u2013 en fantastisk m\u00e5de at f\u00e5 en fornemmelse for spillene og, hvis jeg var heldig, vinde nogle rigtige gevinster!<\/p>\n\n\n\n<p>Her vil jeg vise dig nogle af de 20 bedste tilbud p\u00e5 20 <a href=\"https:\/\/www.kasinobonus.ai\/dk\/gratis-spins\/\">gratis spins uden indskud<\/a>, der findes. Det er den perfekte m\u00e5de at dyppe t\u00e6erne i online casinoverdenen, is\u00e6r hvis du er lidt genert over at indbetale penge \u2013 ligesom jeg var.<\/p>\n\n\n\n<h2 class=\"wp-block-heading\"><strong>Casinoer, der tilbyder 20 gratis spins uden indskud i 2025<\/strong><\/h2>\n\n\n\n<p>Med s\u00e5 mange online casinoer, der tilbyder bonusser uden indskud, kan det v\u00e6re sv\u00e6rt at finde dem, der tilbyder fair vilk\u00e5r og bonusser, som du faktisk kan udbetale. Heldigvis for <em>dig<\/em> har jeg gjort alt det h\u00e5rde arbejde for dig: Se nogle af mine foretrukne valg nedenfor:<\/p>\n\n\n<p>[brand_table template=&#8221;table_style_1.php&#8221; country=&#8221;DK&#8221; bonus_type=&#8221;no_deposit&#8221;]<\/p>\n\n\n\n<p>Hvis et af disse tilbud v\u00e6kker din interesse, skal du blot klikke p\u00e5 knappen \u00bbSpil nu\u00ab, oprette en konto, og dine 20 gratis spins uden indskud vil blive indsat p\u00e5 din konto, s\u00e5 snart du er tilmeldt.<\/p>\n\n\n\n<figure class=\"wp-block-image size-full\"><img decoding=\"async\" width=\"1000\" height=\"666\" src=\"https:\/\/www.kasinobonus.ai\/wp-content\/uploads\/2025\/07\/20-Gratis-Spins-Uden-Indbetaling.jpg\" alt=\"Gratis Spins Uden Indbetaling\" class=\"wp-image-32188\" srcset=\"https:\/\/www.kasinobonus.ai\/wp-content\/uploads\/2025\/07\/20-Gratis-Spins-Uden-Indbetaling.jpg 1000w, https:\/\/www.kasinobonus.ai\/wp-content\/uploads\/2025\/07\/20-Gratis-Spins-Uden-Indbetaling-300x200.jpg 300w, https:\/\/www.kasinobonus.ai\/wp-content\/uploads\/2025\/07\/20-Gratis-Spins-Uden-Indbetaling-768x511.jpg 768w, https:\/\/www.kasinobonus.ai\/wp-content\/uploads\/2025\/07\/20-Gratis-Spins-Uden-Indbetaling-110x73.jpg 110w, https:\/\/www.kasinobonus.ai\/wp-content\/uploads\/2025\/07\/20-Gratis-Spins-Uden-Indbetaling-575x383.jpg 575w\" sizes=\"(max-width: 1000px) 100vw, 1000px\" \/><\/figure>\n\n\n\n<h2 class=\"wp-block-heading\"><strong>Hvordan vi vurderer og v\u00e6lger kasinoer<\/strong><\/h2>\n\n\n\n<p>Hos KasinoBonus g\u00e5r vi ikke p\u00e5 kompromis, n\u00e5r det kommer til at v\u00e6lge de bedste steder at spille. Vi rekommenderer aldrig kasinoer, der har et d\u00e5rligt ry eller ikke har de rette licenser. Vi fors\u00f8ger ogs\u00e5 kun at vise dig casinoer med et stort udvalg af spil, s\u00e5 du kan nyde alt fra spilleautomater og live dealere til casinobordspil og alt derimellem.<\/p>\n\n\n\n<p>Vi indbetaler <em>ogs\u00e5<\/em> personligt og spiller p\u00e5 alle de casinoer, vi anmelder. Dette giver os mulighed for at give dig en \u00e6gte, f\u00f8rsteh\u00e5ndsberetning om, hvordan de fungerer \u2013 og hvad du kan forvente, n\u00e5r du selv spiller.<\/p>\n\n\n\n<h2 class=\"wp-block-heading\"><strong>Topspil, du kan pr\u00f8ve med dine 20 gratis spins<\/strong><\/h2>\n\n\n\n<p>Personligt er jeg vild med spilleautomater med underholdende temaer, unikke mekanismer og gode gevinstmuligheder! Du kan ikke g\u00e5 galt med spillernes favoritter som Starburst eller Book of Dead, og for nylig har jeg ogs\u00e5 nydt mange af Nolimit Citys spil, s\u00e5som Mental og Nine-to-Five.<\/p>\n\n\n\n<h2 class=\"wp-block-heading\">Fordele og Ulemper<\/h2>\n\n\n\n<figure class=\"wp-block-image size-full\"><img decoding=\"async\" width=\"1000\" height=\"666\" src=\"https:\/\/www.kasinobonus.ai\/wp-content\/uploads\/2025\/06\/KB-Gratis-Spins-1.jpg\" alt=\"Gratis Spins\" class=\"wp-image-30297\" srcset=\"https:\/\/www.kasinobonus.ai\/wp-content\/uploads\/2025\/06\/KB-Gratis-Spins-1.jpg 1000w, https:\/\/www.kasinobonus.ai\/wp-content\/uploads\/2025\/06\/KB-Gratis-Spins-1-300x200.jpg 300w, https:\/\/www.kasinobonus.ai\/wp-content\/uploads\/2025\/06\/KB-Gratis-Spins-1-768x511.jpg 768w, https:\/\/www.kasinobonus.ai\/wp-content\/uploads\/2025\/06\/KB-Gratis-Spins-1-110x73.jpg 110w, https:\/\/www.kasinobonus.ai\/wp-content\/uploads\/2025\/06\/KB-Gratis-Spins-1-575x383.jpg 575w\" sizes=\"(max-width: 1000px) 100vw, 1000px\" \/><\/figure>\n\n\n\n<div class=\"wp-block-columns is-layout-flex wp-container-core-columns-is-layout-28f84493 wp-block-columns-is-layout-flex\">\n<div class=\"wp-block-column is-layout-flow wp-block-column-is-layout-flow\">\n<h3 class=\"wp-block-heading\">\u2705 Fordele<\/h3>\n\n\n\n<ul class=\"wp-block-list\">\n<li>\u2705 Pr\u00f8v spilleautomater uden at risikere dine egne penge<\/li>\n\n\n\n<li>\u2705 Tilbud uden indskud er tilg\u00e6ngelige p\u00e5 mange kasinoer<\/li>\n\n\n\n<li>\u2705 Mulighed for at vinde rigtige penge uden investering<\/li>\n\n\n\n<li>\u2705 God m\u00e5de at udforske nye spil og udbydere p\u00e5<\/li>\n\n\n\n<li>\u2705 Nyttig til at l\u00e6re, hvordan slotmekanik fungerer<\/li>\n<\/ul>\n<\/div>\n\n\n\n<div class=\"wp-block-column is-layout-flow wp-block-column-is-layout-flow\">\n<h3 class=\"wp-block-heading\">\u274c Ulemper<\/h3>\n\n\n\n<ul class=\"wp-block-list\">\n<li>\u274c Oms\u00e6tningskrav f\u00f8r udbetaling<\/li>\n\n\n\n<li>\u274c Ofte kun begr\u00e6nset til bestemte spilleautomater<\/li>\n\n\n\n<li>\u274c Max gevinst eller udbetalingsgr\u00e6nser g\u00e6lder<\/li>\n\n\n\n<li>\u274c Gratis spins udl\u00f8ber normalt inden for 24-72 timer<\/li>\n<\/ul>\n\n\n\n<p>\u274c Bonusvilk\u00e5rene kan v\u00e6re strenge eller forvirrende<\/p>\n<\/div>\n<\/div>\n\n\n\n<h2 class=\"wp-block-heading\">Popul\u00e6re spilleautomater med gratis spins bonus<\/h2>\n\n\n\n<figure class=\"wp-block-table\"><table class=\"has-fixed-layout\"><thead><tr><th>Popul\u00e6r spilleautomat<\/th><th>Spiludbyder<\/th><th>Gratis spins (Bonus)<\/th><th>RTP<\/th><th>Casino<\/th><\/tr><\/thead><tbody><tr><td>Sweet\u202fBonanza<\/td><td>Pragmatic\u202fPlay<\/td><td>20 gratis spins<\/td><td>96,51\u202f%<\/td><td>Rollino<\/td><\/tr><tr><td>Book\u202fof\u202fMuseum<\/td><td>GameArt<\/td><td>25 gratis spins<\/td><td>96,10\u202f%<\/td><td>Horus Casino<\/td><\/tr><tr><td>Angry\u202fDogs<\/td><td>GameArt<\/td><td>25 gratis spins<\/td><td>96,36\u202f%<\/td><td>Kryptosino<\/td><\/tr><tr><td>Hollywoof<\/td><td>GameArt<\/td><td>25 gratis spins<\/td><td>96,10\u202f%<\/td><td>Vegaz Casino<\/td><\/tr><tr><td>Sweet\u202fBonanza<\/td><td>Pragmatic\u202fPlay<\/td><td>30 gratis spins<\/td><td>96,51\u202f%<\/td><td>Megapari<\/td><\/tr><tr><td>Book\u202fof\u202fDead<\/td><td>Play\u2019n\u202fGO<\/td><td>25 gratis spins<\/td><td>96,21\u202f%<\/td><td>BetMaximus<\/td><\/tr><tr><td>Ruby Win \u2013 Hold the Spin<\/td><td>Gamzix<\/td><td>25 gratis spins<\/td><td>96,00\u202f%<\/td><td>LevelUp Casino<\/td><\/tr><tr><td>Joker Stoker<\/td><td>Endorphina<\/td><td>100 gratis spins<\/td><td>96,00\u202f%<\/td><td>BetFury<\/td><\/tr><tr><td>Bastet and Cats<\/td><td>Betfury<\/td><td>100 gratis spins<\/td><td>96,20\u202f%<\/td><td>BetFury<\/td><\/tr><tr><td>Doors Of Fresh<\/td><td>BGaming<\/td><td>50 gratis spins<\/td><td>96,85\u202f%<\/td><td>Fresh Casino<\/td><\/tr><tr><td>Gates of Olympus<\/td><td>Pragmatic\u202fPlay<\/td><td>50 gratis spins<\/td><td>96,50\u202f%<\/td><td>Campeonbet<\/td><\/tr><tr><td>Alien Fruits<\/td><td>BGaming<\/td><td>50 gratis spins<\/td><td>97,00\u202f%<\/td><td>Drip Casino<\/td><\/tr><\/tbody><\/table><\/figure>\n","protected":false},"excerpt":{"rendered":"<p>20 Gratis Spins Uden Indbetaling 2025 Da jeg f\u00f8rst begyndte at spille online, husker jeg den usikkerhed, jeg f\u00f8lte ved at indbetale mine egne penge. For at g\u00f8re tingene v\u00e6rre havde jeg ingen anelse om, hvilke bonusser og kampagner jeg skulle benytte mig af \u2013 og hvilke jeg skulle undg\u00e5. Det var indtil jeg opdagede [&hellip;]<\/p>\n","protected":false},"author":1,"featured_media":10719,"parent":0,"menu_order":0,"comment_status":"open","ping_status":"closed","template":"","meta":{"inline_featured_image":false,"footnotes":""},"class_list":["post-9048","page","type-page","status-publish","has-post-thumbnail","hentry"],"yoast_head":"<!-- This site is optimized with the Yoast SEO plugin v24.5 - https:\/\/yoast.com\/wordpress\/plugins\/seo\/ -->\n<title>20 Gratis Spins Uden Indbetaling (2025) - www.kasinobonus.ai<\/title>\n<meta name=\"description\" content=\"Snup dine 20 gratis spins uden indbetaling 2025 og begynd dit kasinoeventyr p\u00e5 de steder, vi anbefaler! Held og lykke p\u00e5 rejsen!\" \/>\n<meta name=\"robots\" content=\"index, follow, max-snippet:-1, max-image-preview:large, max-video-preview:-1\" \/>\n<link rel=\"canonical\" href=\"https:\/\/www.kasinobonus.ai\/dk\/20-gratis-spins-uden-indbetaling\/\" \/>\n<script type=\"application\/ld+json\" class=\"yoast-schema-graph\">{\"@context\":\"https:\/\/schema.org\",\"@graph\":[{\"@type\":\"WebPage\",\"@id\":\"https:\/\/www.kasinobonus.ai\/dk\/20-gratis-spins-uden-indbetaling\/\",\"url\":\"https:\/\/www.kasinobonus.ai\/dk\/20-gratis-spins-uden-indbetaling\/\",\"name\":\"20 Gratis Spins Uden Indbetaling (2025) - www.kasinobonus.ai\",\"isPartOf\":{\"@id\":\"https:\/\/www.kasinobonus.ai\/dk\/#website\"},\"primaryImageOfPage\":{\"@id\":\"https:\/\/www.kasinobonus.ai\/dk\/20-gratis-spins-uden-indbetaling\/#primaryimage\"},\"image\":{\"@id\":\"https:\/\/www.kasinobonus.ai\/dk\/20-gratis-spins-uden-indbetaling\/#primaryimage\"},\"thumbnailUrl\":\"https:\/\/www.kasinobonus.ai\/wp-content\/uploads\/2023\/12\/20-gratis-spins.jpg\",\"datePublished\":\"2023-08-29T14:00:09+00:00\",\"dateModified\":\"2025-07-11T15:50:27+00:00\",\"description\":\"Snup dine 20 gratis spins uden indbetaling 2025 og begynd dit kasinoeventyr p\u00e5 de steder, vi anbefaler! Held og lykke p\u00e5 rejsen!\",\"breadcrumb\":{\"@id\":\"https:\/\/www.kasinobonus.ai\/dk\/20-gratis-spins-uden-indbetaling\/#breadcrumb\"},\"inLanguage\":\"da\",\"potentialAction\":[{\"@type\":\"ReadAction\",\"target\":[\"https:\/\/www.kasinobonus.ai\/dk\/20-gratis-spins-uden-indbetaling\/\"]}]},{\"@type\":\"ImageObject\",\"inLanguage\":\"da\",\"@id\":\"https:\/\/www.kasinobonus.ai\/dk\/20-gratis-spins-uden-indbetaling\/#primaryimage\",\"url\":\"https:\/\/www.kasinobonus.ai\/wp-content\/uploads\/2023\/12\/20-gratis-spins.jpg\",\"contentUrl\":\"https:\/\/www.kasinobonus.ai\/wp-content\/uploads\/2023\/12\/20-gratis-spins.jpg\",\"width\":1200,\"height\":628,\"caption\":\"20 gratis spins\"},{\"@type\":\"BreadcrumbList\",\"@id\":\"https:\/\/www.kasinobonus.ai\/dk\/20-gratis-spins-uden-indbetaling\/#breadcrumb\",\"itemListElement\":[{\"@type\":\"ListItem\",\"position\":1,\"name\":\"Home\",\"item\":\"https:\/\/kasinobonus.ai\/dk\/\"},{\"@type\":\"ListItem\",\"position\":2,\"name\":\"20 Gratis Spins Uden Indbetaling\"}]},{\"@type\":\"WebSite\",\"@id\":\"https:\/\/www.kasinobonus.ai\/dk\/#website\",\"url\":\"https:\/\/www.kasinobonus.ai\/dk\/\",\"name\":\"www.kasinobonus.ai\",\"description\":\"\",\"publisher\":{\"@id\":\"https:\/\/www.kasinobonus.ai\/dk\/#organization\"},\"potentialAction\":[{\"@type\":\"SearchAction\",\"target\":{\"@type\":\"EntryPoint\",\"urlTemplate\":\"https:\/\/www.kasinobonus.ai\/dk\/?s={search_term_string}\"},\"query-input\":{\"@type\":\"PropertyValueSpecification\",\"valueRequired\":true,\"valueName\":\"search_term_string\"}}],\"inLanguage\":\"da\"},{\"@type\":\"Organization\",\"@id\":\"https:\/\/www.kasinobonus.ai\/dk\/#organization\",\"name\":\"KasinoBonus\",\"alternateName\":\"KasinoBonusAI\",\"url\":\"https:\/\/www.kasinobonus.ai\/dk\/\",\"logo\":{\"@type\":\"ImageObject\",\"inLanguage\":\"da\",\"@id\":\"https:\/\/www.kasinobonus.ai\/dk\/#\/schema\/logo\/image\/\",\"url\":\"https:\/\/www.kasinobonus.ai\/wp-content\/uploads\/2023\/09\/kasinobonus-logo-light.png\",\"contentUrl\":\"https:\/\/www.kasinobonus.ai\/wp-content\/uploads\/2023\/09\/kasinobonus-logo-light.png\",\"width\":3200,\"height\":596,\"caption\":\"KasinoBonus\"},\"image\":{\"@id\":\"https:\/\/www.kasinobonus.ai\/dk\/#\/schema\/logo\/image\/\"},\"sameAs\":[\"https:\/\/www.facebook.com\/kasinobonusio\/\",\"https:\/\/x.com\/Kasinobonus_io\",\"https:\/\/www.linkedin.com\/in\/matti-slotte-26612033b\",\"http:\/\/kasinobonus.wikidot.com\/system:welcome\",\"https:\/\/www.trustpilot.com\/review\/www.kasinobonus.ai\",\"https:\/\/orcid.org\/0009-0007-2889-1713\",\"https:\/\/en.everybodywiki.com\/Matti_Slotte\",\"https:\/\/www.immuniweb.com\/ssl\/kasinobonus.ai\/M4lqCqYY\/\"]}]}<\/script>\n<!-- \/ Yoast SEO plugin. -->","yoast_head_json":{"title":"20 Gratis Spins Uden Indbetaling (2025) - www.kasinobonus.ai","description":"Snup dine 20 gratis spins uden indbetaling 2025 og begynd dit kasinoeventyr p\u00e5 de steder, vi anbefaler! Held og lykke p\u00e5 rejsen!","robots":{"index":"index","follow":"follow","max-snippet":"max-snippet:-1","max-image-preview":"max-image-preview:large","max-video-preview":"max-video-preview:-1"},"canonical":"https:\/\/www.kasinobonus.ai\/dk\/20-gratis-spins-uden-indbetaling\/","schema":{"@context":"https:\/\/schema.org","@graph":[{"@type":"WebPage","@id":"https:\/\/www.kasinobonus.ai\/dk\/20-gratis-spins-uden-indbetaling\/","url":"https:\/\/www.kasinobonus.ai\/dk\/20-gratis-spins-uden-indbetaling\/","name":"20 Gratis Spins Uden Indbetaling (2025) - www.kasinobonus.ai","isPartOf":{"@id":"https:\/\/www.kasinobonus.ai\/dk\/#website"},"primaryImageOfPage":{"@id":"https:\/\/www.kasinobonus.ai\/dk\/20-gratis-spins-uden-indbetaling\/#primaryimage"},"image":{"@id":"https:\/\/www.kasinobonus.ai\/dk\/20-gratis-spins-uden-indbetaling\/#primaryimage"},"thumbnailUrl":"https:\/\/www.kasinobonus.ai\/wp-content\/uploads\/2023\/12\/20-gratis-spins.jpg","datePublished":"2023-08-29T14:00:09+00:00","dateModified":"2025-07-11T15:50:27+00:00","description":"Snup dine 20 gratis spins uden indbetaling 2025 og begynd dit kasinoeventyr p\u00e5 de steder, vi anbefaler! Held og lykke p\u00e5 rejsen!","breadcrumb":{"@id":"https:\/\/www.kasinobonus.ai\/dk\/20-gratis-spins-uden-indbetaling\/#breadcrumb"},"inLanguage":"da","potentialAction":[{"@type":"ReadAction","target":["https:\/\/www.kasinobonus.ai\/dk\/20-gratis-spins-uden-indbetaling\/"]}]},{"@type":"ImageObject","inLanguage":"da","@id":"https:\/\/www.kasinobonus.ai\/dk\/20-gratis-spins-uden-indbetaling\/#primaryimage","url":"https:\/\/www.kasinobonus.ai\/wp-content\/uploads\/2023\/12\/20-gratis-spins.jpg","contentUrl":"https:\/\/www.kasinobonus.ai\/wp-content\/uploads\/2023\/12\/20-gratis-spins.jpg","width":1200,"height":628,"caption":"20 gratis spins"},{"@type":"BreadcrumbList","@id":"https:\/\/www.kasinobonus.ai\/dk\/20-gratis-spins-uden-indbetaling\/#breadcrumb","itemListElement":[{"@type":"ListItem","position":1,"name":"Home","item":"https:\/\/kasinobonus.ai\/dk\/"},{"@type":"ListItem","position":2,"name":"20 Gratis Spins Uden Indbetaling"}]},{"@type":"WebSite","@id":"https:\/\/www.kasinobonus.ai\/dk\/#website","url":"https:\/\/www.kasinobonus.ai\/dk\/","name":"www.kasinobonus.ai","description":"","publisher":{"@id":"https:\/\/www.kasinobonus.ai\/dk\/#organization"},"potentialAction":[{"@type":"SearchAction","target":{"@type":"EntryPoint","urlTemplate":"https:\/\/www.kasinobonus.ai\/dk\/?s={search_term_string}"},"query-input":{"@type":"PropertyValueSpecification","valueRequired":true,"valueName":"search_term_string"}}],"inLanguage":"da"},{"@type":"Organization","@id":"https:\/\/www.kasinobonus.ai\/dk\/#organization","name":"KasinoBonus","alternateName":"KasinoBonusAI","url":"https:\/\/www.kasinobonus.ai\/dk\/","logo":{"@type":"ImageObject","inLanguage":"da","@id":"https:\/\/www.kasinobonus.ai\/dk\/#\/schema\/logo\/image\/","url":"https:\/\/www.kasinobonus.ai\/wp-content\/uploads\/2023\/09\/kasinobonus-logo-light.png","contentUrl":"https:\/\/www.kasinobonus.ai\/wp-content\/uploads\/2023\/09\/kasinobonus-logo-light.png","width":3200,"height":596,"caption":"KasinoBonus"},"image":{"@id":"https:\/\/www.kasinobonus.ai\/dk\/#\/schema\/logo\/image\/"},"sameAs":["https:\/\/www.facebook.com\/kasinobonusio\/","https:\/\/x.com\/Kasinobonus_io","https:\/\/www.linkedin.com\/in\/matti-slotte-26612033b","http:\/\/kasinobonus.wikidot.com\/system:welcome","https:\/\/www.trustpilot.com\/review\/www.kasinobonus.ai","https:\/\/orcid.org\/0009-0007-2889-1713","https:\/\/en.everybodywiki.com\/Matti_Slotte","https:\/\/www.immuniweb.com\/ssl\/kasinobonus.ai\/M4lqCqYY\/"]}]}},"_links":{"self":[{"href":"https:\/\/www.kasinobonus.ai\/dk\/wp-json\/wp\/v2\/pages\/9048","targetHints":{"allow":["GET"]}}],"collection":[{"href":"https:\/\/www.kasinobonus.ai\/dk\/wp-json\/wp\/v2\/pages"}],"about":[{"href":"https:\/\/www.kasinobonus.ai\/dk\/wp-json\/wp\/v2\/types\/page"}],"author":[{"embeddable":true,"href":"https:\/\/www.kasinobonus.ai\/dk\/wp-json\/wp\/v2\/users\/1"}],"replies":[{"embeddable":true,"href":"https:\/\/www.kasinobonus.ai\/dk\/wp-json\/wp\/v2\/comments?post=9048"}],"version-history":[{"count":5,"href":"https:\/\/www.kasinobonus.ai\/dk\/wp-json\/wp\/v2\/pages\/9048\/revisions"}],"predecessor-version":[{"id":32197,"href":"https:\/\/www.kasinobonus.ai\/dk\/wp-json\/wp\/v2\/pages\/9048\/revisions\/32197"}],"wp:featuredmedia":[{"embeddable":true,"href":"https:\/\/www.kasinobonus.ai\/dk\/wp-json\/wp\/v2\/media\/10719"}],"wp:attachment":[{"href":"https:\/\/www.kasinobonus.ai\/dk\/wp-json\/wp\/v2\/media?parent=9048"}],"curies":[{"name":"wp","href":"https:\/\/api.w.org\/{rel}","templated":true}]}}