{"id":9041,"date":"2023-08-29T14:00:22","date_gmt":"2023-08-29T14:00:22","guid":{"rendered":"http:\/\/kasinobonus.ai.dedivirt842.your-server.de\/30-ilmaiskierrosta-ilman-talletusta\/"},"modified":"2025-07-11T15:51:39","modified_gmt":"2025-07-11T15:51:39","slug":"30-gratis-spins-uden-indbetaling","status":"publish","type":"page","link":"https:\/\/www.kasinobonus.ai\/dk\/30-gratis-spins-uden-indbetaling\/","title":{"rendered":"30 Gratis Spins Uden Indbetaling"},"content":{"rendered":"\n<h1 class=\"wp-block-heading\">30 Gratis Spins Uden Indbetaling 2025<\/h1>\n\n\n\n<p>Jeg kan stadig huske f\u00f8rste gang, jeg fik 30 gratis spins uden indskud \u2013 det var en fantastisk f\u00f8lelse, is\u00e6r fordi jeg kunne h\u00e6ve en lille del af det, jeg havde vundet! Det er jo altid tiltalende at kunne spille p\u00e5 sine favorit (eller nye) spillemaskiner uden at risikere sine egne penge.<\/p>\n\n\n\n<p>Det kan dog v\u00e6re sv\u00e6rt at <em>finde<\/em> de bedste 30 gratis spins uden indskud i Danmark, og derfor har jeg lavet denne korte side for at vise dig de bedste tilbud hos de bedste online casinoer!<\/p>\n\n\n\n<h2 class=\"wp-block-heading\"><strong>Casinoer, der tilbyder 30 gratis spins uden indskud i 2025<\/strong><\/h2>\n\n\n\n<p>Et <a href=\"https:\/\/www.kasinobonus.ai\/dk\/gratis-spins\/\">gratis spins-bonus<\/a> uden indskud tager virkelig presset af, n\u00e5r du tester nye online casinoer. Du kan udforske deres spil og f\u00e5 en chance for at vinde rigtige penge uden at risikere noget af dit eget. Nedenfor finder du nogle af mine foretrukne tilbud, der er tilg\u00e6ngelige i \u00f8jeblikket.<\/p>\n\n\n<p>[brand_table template=&#8221;table_style_1.php&#8221; country=&#8221;DK&#8221; bonus_type=&#8221;no_deposit&#8221;]<\/p>\n\n\n\n<p>Bare v\u00e6lg et casino fra listen, tilmeld dig og h\u00e6v dine 30 gratis spins. S\u00e5 simpelt er det \u2013 alt for nemt, ikke?<\/p>\n\n\n\n<figure class=\"wp-block-image size-full\"><img decoding=\"async\" width=\"1000\" height=\"666\" src=\"https:\/\/www.kasinobonus.ai\/wp-content\/uploads\/2025\/07\/30-Gratis-Spins-Uden-Indbetaling.jpg\" alt=\"Gratis Spins Uden Indbetaling\" class=\"wp-image-32207\" srcset=\"https:\/\/www.kasinobonus.ai\/wp-content\/uploads\/2025\/07\/30-Gratis-Spins-Uden-Indbetaling.jpg 1000w, https:\/\/www.kasinobonus.ai\/wp-content\/uploads\/2025\/07\/30-Gratis-Spins-Uden-Indbetaling-300x200.jpg 300w, https:\/\/www.kasinobonus.ai\/wp-content\/uploads\/2025\/07\/30-Gratis-Spins-Uden-Indbetaling-768x511.jpg 768w, https:\/\/www.kasinobonus.ai\/wp-content\/uploads\/2025\/07\/30-Gratis-Spins-Uden-Indbetaling-110x73.jpg 110w, https:\/\/www.kasinobonus.ai\/wp-content\/uploads\/2025\/07\/30-Gratis-Spins-Uden-Indbetaling-575x383.jpg 575w\" sizes=\"(max-width: 1000px) 100vw, 1000px\" \/><\/figure>\n\n\n\n<h2 class=\"wp-block-heading\"><strong>Hvordan vi vurderer og v\u00e6lger casinoer<\/strong><\/h2>\n\n\n\n<p>Her hos KasinoBonus g\u00e5r vi altid i dybden med de casinoer, vi vurderer, og det inkluderer en detaljeret gennemgang af deres licenser, spiludvalg, betalingsmetoder, kundesupport og vilk\u00e5r og betingelser.<\/p>\n\n\n\n<h2 class=\"wp-block-heading\"><strong>S\u00e5dan vinder du med dine 30 gratis spins<\/strong><\/h2>\n\n\n\n<p>N\u00e5r du har modtaget din bonus p\u00e5 30 gratis spins ved tilmeldingen, er det tid til at begynde at spille! Nogle spillere v\u00e6lger at spille slots med lav risiko og lav varians for at maksimere chancerne for at vinde, mens andre (herunder mig selv) foretr\u00e6kker spil med h\u00f8j varians i h\u00e5b om at vinde stort! Det er helt op til dig og dine spillepr\u00e6ferencer, men <em>altid<\/em> l\u00e6se bonusvilk\u00e5rene og -betingelserne, f\u00f8r du begynder at spille!<\/p>\n\n\n\n<h2 class=\"wp-block-heading\">Fordele og Ulemper<\/h2>\n\n\n\n<figure class=\"wp-block-image size-full\"><img decoding=\"async\" width=\"1000\" height=\"666\" src=\"https:\/\/www.kasinobonus.ai\/wp-content\/uploads\/2025\/06\/KB-Gratis-Spins-1.jpg\" alt=\"Gratis Spins\" class=\"wp-image-30297\" srcset=\"https:\/\/www.kasinobonus.ai\/wp-content\/uploads\/2025\/06\/KB-Gratis-Spins-1.jpg 1000w, https:\/\/www.kasinobonus.ai\/wp-content\/uploads\/2025\/06\/KB-Gratis-Spins-1-300x200.jpg 300w, https:\/\/www.kasinobonus.ai\/wp-content\/uploads\/2025\/06\/KB-Gratis-Spins-1-768x511.jpg 768w, https:\/\/www.kasinobonus.ai\/wp-content\/uploads\/2025\/06\/KB-Gratis-Spins-1-110x73.jpg 110w, https:\/\/www.kasinobonus.ai\/wp-content\/uploads\/2025\/06\/KB-Gratis-Spins-1-575x383.jpg 575w\" sizes=\"(max-width: 1000px) 100vw, 1000px\" \/><\/figure>\n\n\n\n<div class=\"wp-block-columns is-layout-flex wp-container-core-columns-is-layout-28f84493 wp-block-columns-is-layout-flex\">\n<div class=\"wp-block-column is-layout-flow wp-block-column-is-layout-flow\">\n<h3 class=\"wp-block-heading\">\u2705 Fordele<\/h3>\n\n\n\n<ul class=\"wp-block-list\">\n<li>\u2705 Pr\u00f8v spilleautomater uden at risikere dine egne penge<\/li>\n\n\n\n<li>\u2705 Tilbud uden indskud er tilg\u00e6ngelige p\u00e5 mange kasinoer<\/li>\n\n\n\n<li>\u2705 Mulighed for at vinde rigtige penge uden investering<\/li>\n\n\n\n<li>\u2705 God m\u00e5de at udforske nye spil og udbydere p\u00e5<\/li>\n\n\n\n<li>\u2705 Nyttig til at l\u00e6re, hvordan slotmekanik fungerer<\/li>\n<\/ul>\n<\/div>\n\n\n\n<div class=\"wp-block-column is-layout-flow wp-block-column-is-layout-flow\">\n<h3 class=\"wp-block-heading\">\u274c Ulemper<\/h3>\n\n\n\n<ul class=\"wp-block-list\">\n<li>\u274c Oms\u00e6tningskrav f\u00f8r udbetaling<\/li>\n\n\n\n<li>\u274c Ofte kun begr\u00e6nset til bestemte spilleautomater<\/li>\n\n\n\n<li>\u274c Max gevinst eller udbetalingsgr\u00e6nser g\u00e6lder<\/li>\n\n\n\n<li>\u274c Gratis spins udl\u00f8ber normalt inden for 24-72 timer<\/li>\n<\/ul>\n\n\n\n<p>\u274c Bonusvilk\u00e5rene kan v\u00e6re strenge eller forvirrende<\/p>\n<\/div>\n<\/div>\n\n\n\n<h2 class=\"wp-block-heading\">Popul\u00e6re spilleautomater med gratis spins bonus<\/h2>\n\n\n\n<figure class=\"wp-block-table\"><table class=\"has-fixed-layout\"><thead><tr><th>Popul\u00e6r spilleautomat<\/th><th>Spiludbyder<\/th><th>Gratis spins (Bonus)<\/th><th>RTP<\/th><th>Casino<\/th><\/tr><\/thead><tbody><tr><td>Sweet\u202fBonanza<\/td><td>Pragmatic\u202fPlay<\/td><td>20 gratis spins<\/td><td>96,51\u202f%<\/td><td>Rollino<\/td><\/tr><tr><td>Book\u202fof\u202fMuseum<\/td><td>GameArt<\/td><td>25 gratis spins<\/td><td>96,10\u202f%<\/td><td>Horus Casino<\/td><\/tr><tr><td>Angry\u202fDogs<\/td><td>GameArt<\/td><td>25 gratis spins<\/td><td>96,36\u202f%<\/td><td>Kryptosino<\/td><\/tr><tr><td>Hollywoof<\/td><td>GameArt<\/td><td>25 gratis spins<\/td><td>96,10\u202f%<\/td><td>Vegaz Casino<\/td><\/tr><tr><td>Sweet\u202fBonanza<\/td><td>Pragmatic\u202fPlay<\/td><td>30 gratis spins<\/td><td>96,51\u202f%<\/td><td>Megapari<\/td><\/tr><tr><td>Book\u202fof\u202fDead<\/td><td>Play\u2019n\u202fGO<\/td><td>25 gratis spins<\/td><td>96,21\u202f%<\/td><td>BetMaximus<\/td><\/tr><tr><td>Ruby Win \u2013 Hold the Spin<\/td><td>Gamzix<\/td><td>25 gratis spins<\/td><td>96,00\u202f%<\/td><td>LevelUp Casino<\/td><\/tr><tr><td>Joker Stoker<\/td><td>Endorphina<\/td><td>100 gratis spins<\/td><td>96,00\u202f%<\/td><td>BetFury<\/td><\/tr><tr><td>Bastet and Cats<\/td><td>Betfury<\/td><td>100 gratis spins<\/td><td>96,20\u202f%<\/td><td>BetFury<\/td><\/tr><tr><td>Doors Of Fresh<\/td><td>BGaming<\/td><td>50 gratis spins<\/td><td>96,85\u202f%<\/td><td>Fresh Casino<\/td><\/tr><tr><td>Gates of Olympus<\/td><td>Pragmatic\u202fPlay<\/td><td>50 gratis spins<\/td><td>96,50\u202f%<\/td><td>Campeonbet<\/td><\/tr><tr><td>Alien Fruits<\/td><td>BGaming<\/td><td>50 gratis spins<\/td><td>97,00\u202f%<\/td><td>Drip Casino<\/td><\/tr><\/tbody><\/table><\/figure>\n","protected":false},"excerpt":{"rendered":"<p>30 Gratis Spins Uden Indbetaling 2025 Jeg kan stadig huske f\u00f8rste gang, jeg fik 30 gratis spins uden indskud \u2013 det var en fantastisk f\u00f8lelse, is\u00e6r fordi jeg kunne h\u00e6ve en lille del af det, jeg havde vundet! Det er jo altid tiltalende at kunne spille p\u00e5 sine favorit (eller nye) spillemaskiner uden at risikere [&hellip;]<\/p>\n","protected":false},"author":1,"featured_media":10733,"parent":0,"menu_order":0,"comment_status":"open","ping_status":"closed","template":"","meta":{"inline_featured_image":false,"footnotes":""},"class_list":["post-9041","page","type-page","status-publish","has-post-thumbnail","hentry"],"yoast_head":"<!-- This site is optimized with the Yoast SEO plugin v24.5 - https:\/\/yoast.com\/wordpress\/plugins\/seo\/ -->\n<title>30 Gratis Spins Uden Indbetaling (2025) - www.kasinobonus.ai<\/title>\n<meta name=\"description\" content=\"Udnyt denne eksklusive tilbud i 2025, 30 gratis spins uden indbetaling! Dyk ned i kasinoernes verden og pr\u00f8v din held uden risiko.\" \/>\n<meta name=\"robots\" content=\"index, follow, max-snippet:-1, max-image-preview:large, max-video-preview:-1\" \/>\n<link rel=\"canonical\" href=\"https:\/\/www.kasinobonus.ai\/dk\/30-gratis-spins-uden-indbetaling\/\" \/>\n<script type=\"application\/ld+json\" class=\"yoast-schema-graph\">{\"@context\":\"https:\/\/schema.org\",\"@graph\":[{\"@type\":\"WebPage\",\"@id\":\"https:\/\/www.kasinobonus.ai\/dk\/30-gratis-spins-uden-indbetaling\/\",\"url\":\"https:\/\/www.kasinobonus.ai\/dk\/30-gratis-spins-uden-indbetaling\/\",\"name\":\"30 Gratis Spins Uden Indbetaling (2025) - www.kasinobonus.ai\",\"isPartOf\":{\"@id\":\"https:\/\/www.kasinobonus.ai\/dk\/#website\"},\"primaryImageOfPage\":{\"@id\":\"https:\/\/www.kasinobonus.ai\/dk\/30-gratis-spins-uden-indbetaling\/#primaryimage\"},\"image\":{\"@id\":\"https:\/\/www.kasinobonus.ai\/dk\/30-gratis-spins-uden-indbetaling\/#primaryimage\"},\"thumbnailUrl\":\"https:\/\/www.kasinobonus.ai\/wp-content\/uploads\/2023\/12\/30-gratis-spins.jpg\",\"datePublished\":\"2023-08-29T14:00:22+00:00\",\"dateModified\":\"2025-07-11T15:51:39+00:00\",\"description\":\"Udnyt denne eksklusive tilbud i 2025, 30 gratis spins uden indbetaling! Dyk ned i kasinoernes verden og pr\u00f8v din held uden risiko.\",\"breadcrumb\":{\"@id\":\"https:\/\/www.kasinobonus.ai\/dk\/30-gratis-spins-uden-indbetaling\/#breadcrumb\"},\"inLanguage\":\"da\",\"potentialAction\":[{\"@type\":\"ReadAction\",\"target\":[\"https:\/\/www.kasinobonus.ai\/dk\/30-gratis-spins-uden-indbetaling\/\"]}]},{\"@type\":\"ImageObject\",\"inLanguage\":\"da\",\"@id\":\"https:\/\/www.kasinobonus.ai\/dk\/30-gratis-spins-uden-indbetaling\/#primaryimage\",\"url\":\"https:\/\/www.kasinobonus.ai\/wp-content\/uploads\/2023\/12\/30-gratis-spins.jpg\",\"contentUrl\":\"https:\/\/www.kasinobonus.ai\/wp-content\/uploads\/2023\/12\/30-gratis-spins.jpg\",\"width\":1200,\"height\":628,\"caption\":\"30 gratis spins\"},{\"@type\":\"BreadcrumbList\",\"@id\":\"https:\/\/www.kasinobonus.ai\/dk\/30-gratis-spins-uden-indbetaling\/#breadcrumb\",\"itemListElement\":[{\"@type\":\"ListItem\",\"position\":1,\"name\":\"Home\",\"item\":\"https:\/\/kasinobonus.ai\/dk\/\"},{\"@type\":\"ListItem\",\"position\":2,\"name\":\"30 Gratis Spins Uden Indbetaling\"}]},{\"@type\":\"WebSite\",\"@id\":\"https:\/\/www.kasinobonus.ai\/dk\/#website\",\"url\":\"https:\/\/www.kasinobonus.ai\/dk\/\",\"name\":\"www.kasinobonus.ai\",\"description\":\"\",\"publisher\":{\"@id\":\"https:\/\/www.kasinobonus.ai\/dk\/#organization\"},\"potentialAction\":[{\"@type\":\"SearchAction\",\"target\":{\"@type\":\"EntryPoint\",\"urlTemplate\":\"https:\/\/www.kasinobonus.ai\/dk\/?s={search_term_string}\"},\"query-input\":{\"@type\":\"PropertyValueSpecification\",\"valueRequired\":true,\"valueName\":\"search_term_string\"}}],\"inLanguage\":\"da\"},{\"@type\":\"Organization\",\"@id\":\"https:\/\/www.kasinobonus.ai\/dk\/#organization\",\"name\":\"KasinoBonus\",\"alternateName\":\"KasinoBonusAI\",\"url\":\"https:\/\/www.kasinobonus.ai\/dk\/\",\"logo\":{\"@type\":\"ImageObject\",\"inLanguage\":\"da\",\"@id\":\"https:\/\/www.kasinobonus.ai\/dk\/#\/schema\/logo\/image\/\",\"url\":\"https:\/\/www.kasinobonus.ai\/wp-content\/uploads\/2023\/09\/kasinobonus-logo-light.png\",\"contentUrl\":\"https:\/\/www.kasinobonus.ai\/wp-content\/uploads\/2023\/09\/kasinobonus-logo-light.png\",\"width\":3200,\"height\":596,\"caption\":\"KasinoBonus\"},\"image\":{\"@id\":\"https:\/\/www.kasinobonus.ai\/dk\/#\/schema\/logo\/image\/\"},\"sameAs\":[\"https:\/\/www.facebook.com\/kasinobonusio\/\",\"https:\/\/x.com\/Kasinobonus_io\",\"https:\/\/www.linkedin.com\/in\/matti-slotte-26612033b\",\"http:\/\/kasinobonus.wikidot.com\/system:welcome\",\"https:\/\/www.trustpilot.com\/review\/www.kasinobonus.ai\",\"https:\/\/orcid.org\/0009-0007-2889-1713\",\"https:\/\/en.everybodywiki.com\/Matti_Slotte\",\"https:\/\/www.immuniweb.com\/ssl\/kasinobonus.ai\/M4lqCqYY\/\"]}]}<\/script>\n<!-- \/ Yoast SEO plugin. -->","yoast_head_json":{"title":"30 Gratis Spins Uden Indbetaling (2025) - www.kasinobonus.ai","description":"Udnyt denne eksklusive tilbud i 2025, 30 gratis spins uden indbetaling! Dyk ned i kasinoernes verden og pr\u00f8v din held uden risiko.","robots":{"index":"index","follow":"follow","max-snippet":"max-snippet:-1","max-image-preview":"max-image-preview:large","max-video-preview":"max-video-preview:-1"},"canonical":"https:\/\/www.kasinobonus.ai\/dk\/30-gratis-spins-uden-indbetaling\/","schema":{"@context":"https:\/\/schema.org","@graph":[{"@type":"WebPage","@id":"https:\/\/www.kasinobonus.ai\/dk\/30-gratis-spins-uden-indbetaling\/","url":"https:\/\/www.kasinobonus.ai\/dk\/30-gratis-spins-uden-indbetaling\/","name":"30 Gratis Spins Uden Indbetaling (2025) - www.kasinobonus.ai","isPartOf":{"@id":"https:\/\/www.kasinobonus.ai\/dk\/#website"},"primaryImageOfPage":{"@id":"https:\/\/www.kasinobonus.ai\/dk\/30-gratis-spins-uden-indbetaling\/#primaryimage"},"image":{"@id":"https:\/\/www.kasinobonus.ai\/dk\/30-gratis-spins-uden-indbetaling\/#primaryimage"},"thumbnailUrl":"https:\/\/www.kasinobonus.ai\/wp-content\/uploads\/2023\/12\/30-gratis-spins.jpg","datePublished":"2023-08-29T14:00:22+00:00","dateModified":"2025-07-11T15:51:39+00:00","description":"Udnyt denne eksklusive tilbud i 2025, 30 gratis spins uden indbetaling! Dyk ned i kasinoernes verden og pr\u00f8v din held uden risiko.","breadcrumb":{"@id":"https:\/\/www.kasinobonus.ai\/dk\/30-gratis-spins-uden-indbetaling\/#breadcrumb"},"inLanguage":"da","potentialAction":[{"@type":"ReadAction","target":["https:\/\/www.kasinobonus.ai\/dk\/30-gratis-spins-uden-indbetaling\/"]}]},{"@type":"ImageObject","inLanguage":"da","@id":"https:\/\/www.kasinobonus.ai\/dk\/30-gratis-spins-uden-indbetaling\/#primaryimage","url":"https:\/\/www.kasinobonus.ai\/wp-content\/uploads\/2023\/12\/30-gratis-spins.jpg","contentUrl":"https:\/\/www.kasinobonus.ai\/wp-content\/uploads\/2023\/12\/30-gratis-spins.jpg","width":1200,"height":628,"caption":"30 gratis spins"},{"@type":"BreadcrumbList","@id":"https:\/\/www.kasinobonus.ai\/dk\/30-gratis-spins-uden-indbetaling\/#breadcrumb","itemListElement":[{"@type":"ListItem","position":1,"name":"Home","item":"https:\/\/kasinobonus.ai\/dk\/"},{"@type":"ListItem","position":2,"name":"30 Gratis Spins Uden Indbetaling"}]},{"@type":"WebSite","@id":"https:\/\/www.kasinobonus.ai\/dk\/#website","url":"https:\/\/www.kasinobonus.ai\/dk\/","name":"www.kasinobonus.ai","description":"","publisher":{"@id":"https:\/\/www.kasinobonus.ai\/dk\/#organization"},"potentialAction":[{"@type":"SearchAction","target":{"@type":"EntryPoint","urlTemplate":"https:\/\/www.kasinobonus.ai\/dk\/?s={search_term_string}"},"query-input":{"@type":"PropertyValueSpecification","valueRequired":true,"valueName":"search_term_string"}}],"inLanguage":"da"},{"@type":"Organization","@id":"https:\/\/www.kasinobonus.ai\/dk\/#organization","name":"KasinoBonus","alternateName":"KasinoBonusAI","url":"https:\/\/www.kasinobonus.ai\/dk\/","logo":{"@type":"ImageObject","inLanguage":"da","@id":"https:\/\/www.kasinobonus.ai\/dk\/#\/schema\/logo\/image\/","url":"https:\/\/www.kasinobonus.ai\/wp-content\/uploads\/2023\/09\/kasinobonus-logo-light.png","contentUrl":"https:\/\/www.kasinobonus.ai\/wp-content\/uploads\/2023\/09\/kasinobonus-logo-light.png","width":3200,"height":596,"caption":"KasinoBonus"},"image":{"@id":"https:\/\/www.kasinobonus.ai\/dk\/#\/schema\/logo\/image\/"},"sameAs":["https:\/\/www.facebook.com\/kasinobonusio\/","https:\/\/x.com\/Kasinobonus_io","https:\/\/www.linkedin.com\/in\/matti-slotte-26612033b","http:\/\/kasinobonus.wikidot.com\/system:welcome","https:\/\/www.trustpilot.com\/review\/www.kasinobonus.ai","https:\/\/orcid.org\/0009-0007-2889-1713","https:\/\/en.everybodywiki.com\/Matti_Slotte","https:\/\/www.immuniweb.com\/ssl\/kasinobonus.ai\/M4lqCqYY\/"]}]}},"_links":{"self":[{"href":"https:\/\/www.kasinobonus.ai\/dk\/wp-json\/wp\/v2\/pages\/9041","targetHints":{"allow":["GET"]}}],"collection":[{"href":"https:\/\/www.kasinobonus.ai\/dk\/wp-json\/wp\/v2\/pages"}],"about":[{"href":"https:\/\/www.kasinobonus.ai\/dk\/wp-json\/wp\/v2\/types\/page"}],"author":[{"embeddable":true,"href":"https:\/\/www.kasinobonus.ai\/dk\/wp-json\/wp\/v2\/users\/1"}],"replies":[{"embeddable":true,"href":"https:\/\/www.kasinobonus.ai\/dk\/wp-json\/wp\/v2\/comments?post=9041"}],"version-history":[{"count":5,"href":"https:\/\/www.kasinobonus.ai\/dk\/wp-json\/wp\/v2\/pages\/9041\/revisions"}],"predecessor-version":[{"id":32215,"href":"https:\/\/www.kasinobonus.ai\/dk\/wp-json\/wp\/v2\/pages\/9041\/revisions\/32215"}],"wp:featuredmedia":[{"embeddable":true,"href":"https:\/\/www.kasinobonus.ai\/dk\/wp-json\/wp\/v2\/media\/10733"}],"wp:attachment":[{"href":"https:\/\/www.kasinobonus.ai\/dk\/wp-json\/wp\/v2\/media?parent=9041"}],"curies":[{"name":"wp","href":"https:\/\/api.w.org\/{rel}","templated":true}]}}