{"id":8999,"date":"2023-08-29T14:01:18","date_gmt":"2023-08-29T14:01:18","guid":{"rendered":"http:\/\/kasinobonus.ai.dedivirt842.your-server.de\/500-ilmaiskierrosta-ilman-talletusta\/"},"modified":"2025-07-11T15:54:22","modified_gmt":"2025-07-11T15:54:22","slug":"500-gratis-spins-uden-indbetaling","status":"publish","type":"page","link":"https:\/\/www.kasinobonus.ai\/dk\/500-gratis-spins-uden-indbetaling\/","title":{"rendered":"500 Gratis Spins Uden Indbetaling"},"content":{"rendered":"\n<h1 class=\"wp-block-heading\">500 Gratis Spins Uden Indbetaling 2025<\/h1>\n\n\n\n<p>som en ivrig online spilleautomat spiller, er jeg altid p\u00e5 udkig efter de bedste kampagner&#8230; og efter min mening er <a href=\"https:\/\/www.kasinobonus.ai\/dk\/gratis-spins\/\">gratis spins bonusser uden indskud<\/a> uden tvivl nogle af de bedste tilbud, der findes!<\/p>\n\n\n\n<p>Med disse bonusser kan du dreje hjulene gratis uden \u00f8konomisk risiko \u2013 og hvis du spiller p\u00e5 et velrenommeret online casino, giver de dig endda chancen for at vinde rigtige penge!<\/p>\n\n\n\n<p>Men med s\u00e5 mange tilbud til r\u00e5dighed, hvordan skiller man de gode fra de d\u00e5rlige? P\u00e5 denne side viser jeg dig de 500 bedste tilbud p\u00e5 gratis spins uden indskud, der er tilg\u00e6ngelige i \u00f8jeblikket.<\/p>\n\n\n\n<h2 class=\"wp-block-heading\"><strong>Casinoer, der tilbyder 500 gratis spins uden indskud i 2025<\/strong><\/h2>\n\n\n\n<p>At finde 500 gratis spins uden indskud kan f\u00f8les som at lede efter en n\u00e5l i en h\u00f8stak \u2013 is\u00e6r dem, der giver reel v\u00e6rdi. Mange kampagner har ret strenge vilk\u00e5r og betingelser, herunder meget h\u00f8je oms\u00e6tningskrav eller lave maksimale udbetalinger, s\u00e5 det er vigtigt at v\u00e6lge den <em>rigtige<\/em> bonus. Se mine anbefalede tilbud p\u00e5 gratis spins uden indskud nedenfor:<\/p>\n\n\n<p>[brand_table template=&#8221;table_style_1.php&#8221; country=&#8221;DK&#8221; bonus_type=&#8221;no_deposit&#8221;]<\/p>\n\n\n\n<p>N\u00e5r du har fundet et tilbud, du kan lide, skal du klikke p\u00e5 knappen &#8220;Spil nu&#8221; for at komme i gang og nyde at dreje hjulene!<\/p>\n\n\n\n<figure class=\"wp-block-image size-full\"><img decoding=\"async\" width=\"1000\" height=\"666\" src=\"https:\/\/www.kasinobonus.ai\/wp-content\/uploads\/2025\/07\/500-Gratis-Spins-Uden-Indbetaling.jpg\" alt=\"Gratis Spins Uden Indbetaling\" class=\"wp-image-32261\" srcset=\"https:\/\/www.kasinobonus.ai\/wp-content\/uploads\/2025\/07\/500-Gratis-Spins-Uden-Indbetaling.jpg 1000w, https:\/\/www.kasinobonus.ai\/wp-content\/uploads\/2025\/07\/500-Gratis-Spins-Uden-Indbetaling-300x200.jpg 300w, https:\/\/www.kasinobonus.ai\/wp-content\/uploads\/2025\/07\/500-Gratis-Spins-Uden-Indbetaling-768x511.jpg 768w, https:\/\/www.kasinobonus.ai\/wp-content\/uploads\/2025\/07\/500-Gratis-Spins-Uden-Indbetaling-110x73.jpg 110w, https:\/\/www.kasinobonus.ai\/wp-content\/uploads\/2025\/07\/500-Gratis-Spins-Uden-Indbetaling-575x383.jpg 575w\" sizes=\"(max-width: 1000px) 100vw, 1000px\" \/><\/figure>\n\n\n\n<h2 class=\"wp-block-heading\"><strong>Hvordan vi vurderer og v\u00e6lger kasinoer<\/strong><\/h2>\n\n\n\n<p>Jeg forst\u00e5r, at det er rigtig vigtigt at v\u00e6lge et p\u00e5lideligt online casino. V\u00e6lger du for eksempel det <em>forkerte site<\/em>, risikerer du, at dine udbetalinger bliver forsinket \u2013 eller slet ikke udbetalt! Derfor gennemg\u00e5r og <em>unders\u00f8ger<\/em> vi her hos KasinoBonus grundigt alle de sites, vi anbefaler.<\/p>\n\n\n\n<p>Denne detaljerede proces omfatter alt fra kundesupportens kvalitet og bonussernes gennemsigtighed til spiludvalg, licenser og sikkerhed og meget mere!<br><br><\/p>\n\n\n\n<h2 class=\"wp-block-heading\">Fordele og Ulemper<\/h2>\n\n\n\n<figure class=\"wp-block-image size-full\"><img decoding=\"async\" width=\"1000\" height=\"666\" src=\"https:\/\/www.kasinobonus.ai\/wp-content\/uploads\/2025\/06\/KB-Gratis-Spins-1.jpg\" alt=\"Gratis Spins\" class=\"wp-image-30297\" srcset=\"https:\/\/www.kasinobonus.ai\/wp-content\/uploads\/2025\/06\/KB-Gratis-Spins-1.jpg 1000w, https:\/\/www.kasinobonus.ai\/wp-content\/uploads\/2025\/06\/KB-Gratis-Spins-1-300x200.jpg 300w, https:\/\/www.kasinobonus.ai\/wp-content\/uploads\/2025\/06\/KB-Gratis-Spins-1-768x511.jpg 768w, https:\/\/www.kasinobonus.ai\/wp-content\/uploads\/2025\/06\/KB-Gratis-Spins-1-110x73.jpg 110w, https:\/\/www.kasinobonus.ai\/wp-content\/uploads\/2025\/06\/KB-Gratis-Spins-1-575x383.jpg 575w\" sizes=\"(max-width: 1000px) 100vw, 1000px\" \/><\/figure>\n\n\n\n<div class=\"wp-block-columns is-layout-flex wp-container-core-columns-is-layout-28f84493 wp-block-columns-is-layout-flex\">\n<div class=\"wp-block-column is-layout-flow wp-block-column-is-layout-flow\">\n<h3 class=\"wp-block-heading\">\u2705 Fordele<\/h3>\n\n\n\n<ul class=\"wp-block-list\">\n<li>\u2705 Pr\u00f8v spilleautomater uden at risikere dine egne penge<\/li>\n\n\n\n<li>\u2705 Tilbud uden indskud er tilg\u00e6ngelige p\u00e5 mange kasinoer<\/li>\n\n\n\n<li>\u2705 Mulighed for at vinde rigtige penge uden investering<\/li>\n\n\n\n<li>\u2705 God m\u00e5de at udforske nye spil og udbydere p\u00e5<\/li>\n\n\n\n<li>\u2705 Nyttig til at l\u00e6re, hvordan slotmekanik fungerer<\/li>\n<\/ul>\n<\/div>\n\n\n\n<div class=\"wp-block-column is-layout-flow wp-block-column-is-layout-flow\">\n<h3 class=\"wp-block-heading\">\u274c Ulemper<\/h3>\n\n\n\n<ul class=\"wp-block-list\">\n<li>\u274c Oms\u00e6tningskrav f\u00f8r udbetaling<\/li>\n\n\n\n<li>\u274c Ofte kun begr\u00e6nset til bestemte spilleautomater<\/li>\n\n\n\n<li>\u274c Max gevinst eller udbetalingsgr\u00e6nser g\u00e6lder<\/li>\n\n\n\n<li>\u274c Gratis spins udl\u00f8ber normalt inden for 24-72 timer<\/li>\n<\/ul>\n\n\n\n<p>\u274c Bonusvilk\u00e5rene kan v\u00e6re strenge eller forvirrende<\/p>\n<\/div>\n<\/div>\n\n\n\n<h2 class=\"wp-block-heading\">Popul\u00e6re spilleautomater med gratis spins bonus<\/h2>\n\n\n\n<figure class=\"wp-block-table\"><table class=\"has-fixed-layout\"><thead><tr><th>Popul\u00e6r spilleautomat<\/th><th>Spiludbyder<\/th><th>Gratis spins (Bonus)<\/th><th>RTP<\/th><th>Casino<\/th><\/tr><\/thead><tbody><tr><td>Sweet\u202fBonanza<\/td><td>Pragmatic\u202fPlay<\/td><td>20 gratis spins<\/td><td>96,51\u202f%<\/td><td>Rollino<\/td><\/tr><tr><td>Book\u202fof\u202fMuseum<\/td><td>GameArt<\/td><td>25 gratis spins<\/td><td>96,10\u202f%<\/td><td>Horus Casino<\/td><\/tr><tr><td>Angry\u202fDogs<\/td><td>GameArt<\/td><td>25 gratis spins<\/td><td>96,36\u202f%<\/td><td>Kryptosino<\/td><\/tr><tr><td>Hollywoof<\/td><td>GameArt<\/td><td>25 gratis spins<\/td><td>96,10\u202f%<\/td><td>Vegaz Casino<\/td><\/tr><tr><td>Sweet\u202fBonanza<\/td><td>Pragmatic\u202fPlay<\/td><td>30 gratis spins<\/td><td>96,51\u202f%<\/td><td>Megapari<\/td><\/tr><tr><td>Book\u202fof\u202fDead<\/td><td>Play\u2019n\u202fGO<\/td><td>25 gratis spins<\/td><td>96,21\u202f%<\/td><td>BetMaximus<\/td><\/tr><tr><td>Ruby Win \u2013 Hold the Spin<\/td><td>Gamzix<\/td><td>25 gratis spins<\/td><td>96,00\u202f%<\/td><td>LevelUp Casino<\/td><\/tr><tr><td>Joker Stoker<\/td><td>Endorphina<\/td><td>100 gratis spins<\/td><td>96,00\u202f%<\/td><td>BetFury<\/td><\/tr><tr><td>Bastet and Cats<\/td><td>Betfury<\/td><td>100 gratis spins<\/td><td>96,20\u202f%<\/td><td>BetFury<\/td><\/tr><tr><td>Doors Of Fresh<\/td><td>BGaming<\/td><td>50 gratis spins<\/td><td>96,85\u202f%<\/td><td>Fresh Casino<\/td><\/tr><tr><td>Gates of Olympus<\/td><td>Pragmatic\u202fPlay<\/td><td>50 gratis spins<\/td><td>96,50\u202f%<\/td><td>Campeonbet<\/td><\/tr><tr><td>Alien Fruits<\/td><td>BGaming<\/td><td>50 gratis spins<\/td><td>97,00\u202f%<\/td><td>Drip Casino<\/td><\/tr><\/tbody><\/table><\/figure>\n\n\n\n<h2 class=\"wp-block-heading\">Ressourcer til ansvarligt spil<\/h2>\n\n\n\n<ul class=\"wp-block-list\">\n<li><a href=\"https:\/\/www.spillemyndigheden.dk\">https:\/\/www.spillemyndigheden.dk<\/a> <\/li>\n\n\n\n<li><a href=\"https:\/\/www.rofus.nu\">https:\/\/www.rofus.nu<\/a><\/li>\n\n\n\n<li><a href=\"https:\/\/stopspillet.dk\">https:\/\/stopspillet.dk<\/a> <\/li>\n\n\n\n<li><a href=\"https:\/\/gamblingtherapy.org\">https:\/\/gamblingtherapy.org<\/a><a href=\"https:\/\/help.revolut.com\/en-DK\/help\/more\/life-challenges-and-well-being\/what-gambling-support-is-available\/?utm_source=chatgpt.com\" target=\"_blank\" rel=\"noreferrer noopener\">m<\/a><\/li>\n<\/ul>\n","protected":false},"excerpt":{"rendered":"<p>500 Gratis Spins Uden Indbetaling 2025 som en ivrig online spilleautomat spiller, er jeg altid p\u00e5 udkig efter de bedste kampagner&#8230; og efter min mening er gratis spins bonusser uden indskud uden tvivl nogle af de bedste tilbud, der findes! Med disse bonusser kan du dreje hjulene gratis uden \u00f8konomisk risiko \u2013 og hvis du [&hellip;]<\/p>\n","protected":false},"author":1,"featured_media":10824,"parent":0,"menu_order":0,"comment_status":"open","ping_status":"closed","template":"","meta":{"inline_featured_image":false,"footnotes":""},"class_list":["post-8999","page","type-page","status-publish","has-post-thumbnail","hentry"],"yoast_head":"<!-- This site is optimized with the Yoast SEO plugin v24.5 - https:\/\/yoast.com\/wordpress\/plugins\/seo\/ -->\n<title>500 Gratis Spins Uden Indbetaling (2025) - www.kasinobonus.ai<\/title>\n<meta name=\"description\" content=\"Oplev de bedste spil\u00f8jeblikke i 2025: 500 gratis spins uden indbetaling! S\u00e5danne tilbud er sj\u00e6ldne hos kasinoer.\" \/>\n<meta name=\"robots\" content=\"index, follow, max-snippet:-1, max-image-preview:large, max-video-preview:-1\" \/>\n<link rel=\"canonical\" href=\"https:\/\/www.kasinobonus.ai\/dk\/500-gratis-spins-uden-indbetaling\/\" \/>\n<script type=\"application\/ld+json\" class=\"yoast-schema-graph\">{\"@context\":\"https:\/\/schema.org\",\"@graph\":[{\"@type\":\"WebPage\",\"@id\":\"https:\/\/www.kasinobonus.ai\/dk\/500-gratis-spins-uden-indbetaling\/\",\"url\":\"https:\/\/www.kasinobonus.ai\/dk\/500-gratis-spins-uden-indbetaling\/\",\"name\":\"500 Gratis Spins Uden Indbetaling (2025) - www.kasinobonus.ai\",\"isPartOf\":{\"@id\":\"https:\/\/www.kasinobonus.ai\/dk\/#website\"},\"primaryImageOfPage\":{\"@id\":\"https:\/\/www.kasinobonus.ai\/dk\/500-gratis-spins-uden-indbetaling\/#primaryimage\"},\"image\":{\"@id\":\"https:\/\/www.kasinobonus.ai\/dk\/500-gratis-spins-uden-indbetaling\/#primaryimage\"},\"thumbnailUrl\":\"https:\/\/www.kasinobonus.ai\/wp-content\/uploads\/2023\/12\/500-gratis-spins-dk.jpg\",\"datePublished\":\"2023-08-29T14:01:18+00:00\",\"dateModified\":\"2025-07-11T15:54:22+00:00\",\"description\":\"Oplev de bedste spil\u00f8jeblikke i 2025: 500 gratis spins uden indbetaling! S\u00e5danne tilbud er sj\u00e6ldne hos kasinoer.\",\"breadcrumb\":{\"@id\":\"https:\/\/www.kasinobonus.ai\/dk\/500-gratis-spins-uden-indbetaling\/#breadcrumb\"},\"inLanguage\":\"da\",\"potentialAction\":[{\"@type\":\"ReadAction\",\"target\":[\"https:\/\/www.kasinobonus.ai\/dk\/500-gratis-spins-uden-indbetaling\/\"]}]},{\"@type\":\"ImageObject\",\"inLanguage\":\"da\",\"@id\":\"https:\/\/www.kasinobonus.ai\/dk\/500-gratis-spins-uden-indbetaling\/#primaryimage\",\"url\":\"https:\/\/www.kasinobonus.ai\/wp-content\/uploads\/2023\/12\/500-gratis-spins-dk.jpg\",\"contentUrl\":\"https:\/\/www.kasinobonus.ai\/wp-content\/uploads\/2023\/12\/500-gratis-spins-dk.jpg\",\"width\":1200,\"height\":628,\"caption\":\"500 gratis spins dk\"},{\"@type\":\"BreadcrumbList\",\"@id\":\"https:\/\/www.kasinobonus.ai\/dk\/500-gratis-spins-uden-indbetaling\/#breadcrumb\",\"itemListElement\":[{\"@type\":\"ListItem\",\"position\":1,\"name\":\"Home\",\"item\":\"https:\/\/kasinobonus.ai\/dk\/\"},{\"@type\":\"ListItem\",\"position\":2,\"name\":\"500 Gratis Spins Uden Indbetaling\"}]},{\"@type\":\"WebSite\",\"@id\":\"https:\/\/www.kasinobonus.ai\/dk\/#website\",\"url\":\"https:\/\/www.kasinobonus.ai\/dk\/\",\"name\":\"www.kasinobonus.ai\",\"description\":\"\",\"publisher\":{\"@id\":\"https:\/\/www.kasinobonus.ai\/dk\/#organization\"},\"potentialAction\":[{\"@type\":\"SearchAction\",\"target\":{\"@type\":\"EntryPoint\",\"urlTemplate\":\"https:\/\/www.kasinobonus.ai\/dk\/?s={search_term_string}\"},\"query-input\":{\"@type\":\"PropertyValueSpecification\",\"valueRequired\":true,\"valueName\":\"search_term_string\"}}],\"inLanguage\":\"da\"},{\"@type\":\"Organization\",\"@id\":\"https:\/\/www.kasinobonus.ai\/dk\/#organization\",\"name\":\"KasinoBonus\",\"alternateName\":\"KasinoBonusAI\",\"url\":\"https:\/\/www.kasinobonus.ai\/dk\/\",\"logo\":{\"@type\":\"ImageObject\",\"inLanguage\":\"da\",\"@id\":\"https:\/\/www.kasinobonus.ai\/dk\/#\/schema\/logo\/image\/\",\"url\":\"https:\/\/www.kasinobonus.ai\/wp-content\/uploads\/2023\/09\/kasinobonus-logo-light.png\",\"contentUrl\":\"https:\/\/www.kasinobonus.ai\/wp-content\/uploads\/2023\/09\/kasinobonus-logo-light.png\",\"width\":3200,\"height\":596,\"caption\":\"KasinoBonus\"},\"image\":{\"@id\":\"https:\/\/www.kasinobonus.ai\/dk\/#\/schema\/logo\/image\/\"},\"sameAs\":[\"https:\/\/www.facebook.com\/kasinobonusio\/\",\"https:\/\/x.com\/Kasinobonus_io\",\"https:\/\/www.linkedin.com\/in\/matti-slotte-26612033b\",\"http:\/\/kasinobonus.wikidot.com\/system:welcome\",\"https:\/\/www.trustpilot.com\/review\/www.kasinobonus.ai\",\"https:\/\/orcid.org\/0009-0007-2889-1713\",\"https:\/\/en.everybodywiki.com\/Matti_Slotte\",\"https:\/\/www.immuniweb.com\/ssl\/kasinobonus.ai\/M4lqCqYY\/\"]}]}<\/script>\n<!-- \/ Yoast SEO plugin. -->","yoast_head_json":{"title":"500 Gratis Spins Uden Indbetaling (2025) - www.kasinobonus.ai","description":"Oplev de bedste spil\u00f8jeblikke i 2025: 500 gratis spins uden indbetaling! S\u00e5danne tilbud er sj\u00e6ldne hos kasinoer.","robots":{"index":"index","follow":"follow","max-snippet":"max-snippet:-1","max-image-preview":"max-image-preview:large","max-video-preview":"max-video-preview:-1"},"canonical":"https:\/\/www.kasinobonus.ai\/dk\/500-gratis-spins-uden-indbetaling\/","schema":{"@context":"https:\/\/schema.org","@graph":[{"@type":"WebPage","@id":"https:\/\/www.kasinobonus.ai\/dk\/500-gratis-spins-uden-indbetaling\/","url":"https:\/\/www.kasinobonus.ai\/dk\/500-gratis-spins-uden-indbetaling\/","name":"500 Gratis Spins Uden Indbetaling (2025) - www.kasinobonus.ai","isPartOf":{"@id":"https:\/\/www.kasinobonus.ai\/dk\/#website"},"primaryImageOfPage":{"@id":"https:\/\/www.kasinobonus.ai\/dk\/500-gratis-spins-uden-indbetaling\/#primaryimage"},"image":{"@id":"https:\/\/www.kasinobonus.ai\/dk\/500-gratis-spins-uden-indbetaling\/#primaryimage"},"thumbnailUrl":"https:\/\/www.kasinobonus.ai\/wp-content\/uploads\/2023\/12\/500-gratis-spins-dk.jpg","datePublished":"2023-08-29T14:01:18+00:00","dateModified":"2025-07-11T15:54:22+00:00","description":"Oplev de bedste spil\u00f8jeblikke i 2025: 500 gratis spins uden indbetaling! S\u00e5danne tilbud er sj\u00e6ldne hos kasinoer.","breadcrumb":{"@id":"https:\/\/www.kasinobonus.ai\/dk\/500-gratis-spins-uden-indbetaling\/#breadcrumb"},"inLanguage":"da","potentialAction":[{"@type":"ReadAction","target":["https:\/\/www.kasinobonus.ai\/dk\/500-gratis-spins-uden-indbetaling\/"]}]},{"@type":"ImageObject","inLanguage":"da","@id":"https:\/\/www.kasinobonus.ai\/dk\/500-gratis-spins-uden-indbetaling\/#primaryimage","url":"https:\/\/www.kasinobonus.ai\/wp-content\/uploads\/2023\/12\/500-gratis-spins-dk.jpg","contentUrl":"https:\/\/www.kasinobonus.ai\/wp-content\/uploads\/2023\/12\/500-gratis-spins-dk.jpg","width":1200,"height":628,"caption":"500 gratis spins dk"},{"@type":"BreadcrumbList","@id":"https:\/\/www.kasinobonus.ai\/dk\/500-gratis-spins-uden-indbetaling\/#breadcrumb","itemListElement":[{"@type":"ListItem","position":1,"name":"Home","item":"https:\/\/kasinobonus.ai\/dk\/"},{"@type":"ListItem","position":2,"name":"500 Gratis Spins Uden Indbetaling"}]},{"@type":"WebSite","@id":"https:\/\/www.kasinobonus.ai\/dk\/#website","url":"https:\/\/www.kasinobonus.ai\/dk\/","name":"www.kasinobonus.ai","description":"","publisher":{"@id":"https:\/\/www.kasinobonus.ai\/dk\/#organization"},"potentialAction":[{"@type":"SearchAction","target":{"@type":"EntryPoint","urlTemplate":"https:\/\/www.kasinobonus.ai\/dk\/?s={search_term_string}"},"query-input":{"@type":"PropertyValueSpecification","valueRequired":true,"valueName":"search_term_string"}}],"inLanguage":"da"},{"@type":"Organization","@id":"https:\/\/www.kasinobonus.ai\/dk\/#organization","name":"KasinoBonus","alternateName":"KasinoBonusAI","url":"https:\/\/www.kasinobonus.ai\/dk\/","logo":{"@type":"ImageObject","inLanguage":"da","@id":"https:\/\/www.kasinobonus.ai\/dk\/#\/schema\/logo\/image\/","url":"https:\/\/www.kasinobonus.ai\/wp-content\/uploads\/2023\/09\/kasinobonus-logo-light.png","contentUrl":"https:\/\/www.kasinobonus.ai\/wp-content\/uploads\/2023\/09\/kasinobonus-logo-light.png","width":3200,"height":596,"caption":"KasinoBonus"},"image":{"@id":"https:\/\/www.kasinobonus.ai\/dk\/#\/schema\/logo\/image\/"},"sameAs":["https:\/\/www.facebook.com\/kasinobonusio\/","https:\/\/x.com\/Kasinobonus_io","https:\/\/www.linkedin.com\/in\/matti-slotte-26612033b","http:\/\/kasinobonus.wikidot.com\/system:welcome","https:\/\/www.trustpilot.com\/review\/www.kasinobonus.ai","https:\/\/orcid.org\/0009-0007-2889-1713","https:\/\/en.everybodywiki.com\/Matti_Slotte","https:\/\/www.immuniweb.com\/ssl\/kasinobonus.ai\/M4lqCqYY\/"]}]}},"_links":{"self":[{"href":"https:\/\/www.kasinobonus.ai\/dk\/wp-json\/wp\/v2\/pages\/8999","targetHints":{"allow":["GET"]}}],"collection":[{"href":"https:\/\/www.kasinobonus.ai\/dk\/wp-json\/wp\/v2\/pages"}],"about":[{"href":"https:\/\/www.kasinobonus.ai\/dk\/wp-json\/wp\/v2\/types\/page"}],"author":[{"embeddable":true,"href":"https:\/\/www.kasinobonus.ai\/dk\/wp-json\/wp\/v2\/users\/1"}],"replies":[{"embeddable":true,"href":"https:\/\/www.kasinobonus.ai\/dk\/wp-json\/wp\/v2\/comments?post=8999"}],"version-history":[{"count":5,"href":"https:\/\/www.kasinobonus.ai\/dk\/wp-json\/wp\/v2\/pages\/8999\/revisions"}],"predecessor-version":[{"id":32269,"href":"https:\/\/www.kasinobonus.ai\/dk\/wp-json\/wp\/v2\/pages\/8999\/revisions\/32269"}],"wp:featuredmedia":[{"embeddable":true,"href":"https:\/\/www.kasinobonus.ai\/dk\/wp-json\/wp\/v2\/media\/10824"}],"wp:attachment":[{"href":"https:\/\/www.kasinobonus.ai\/dk\/wp-json\/wp\/v2\/media?parent=8999"}],"curies":[{"name":"wp","href":"https:\/\/api.w.org\/{rel}","templated":true}]}}