{"id":8963,"date":"2022-01-14T15:23:47","date_gmt":"2022-01-14T15:23:47","guid":{"rendered":"http:\/\/kasinobonus.ai.dedivirt842.your-server.de\/kasinobonus\/"},"modified":"2025-08-07T14:13:32","modified_gmt":"2025-08-07T14:13:32","slug":"kasinobonus","status":"publish","type":"page","link":"https:\/\/www.kasinobonus.ai\/dk\/","title":{"rendered":"Kasinobonus"},"content":{"rendered":"\n<h1 class=\"wp-block-heading\">Kasinobonus &#8211; Nettets Bedste Kasinobonuser!<\/h1>\n\n\n\n<p>Noget af det, jeg har h\u00f8rt mest fra folk, der bes\u00f8ger KasinoBonus, er, at de ved, at de burde g\u00f8re krav p\u00e5 casino bonusser \u2013 men de ved ikke, hvordan de finder dem. Med tusindvis af <a href=\"https:\/\/www.kasinobonus.ai\/dk\/onlinekasinoer\/\">onlinekasinoer<\/a> i dag og snesevis af forskellige bonusser kan det virke n\u00e6sten umuligt at v\u00e6lge dem med fair vilk\u00e5r og gener\u00f8se bel\u00f8b!<\/p>\n\n\n\n<p>Derfor har jeg besluttet at skrive denne side: for at hj\u00e6lpe dig med at finde den bedste casino bonus, forst\u00e5 hvordan disse bonusser fungerer \u2013 og vise dig mine personlige favoritter, som du kan f\u00e5 lige nu.<\/p>\n\n\n\n<h2 class=\"wp-block-heading\"><strong>Bedste online casino bonusser<\/strong><\/h2>\n\n\n\n<p>For at g\u00f8re det s\u00e5 nemt som muligt for dig at finde de bedste online casino bonusser, har jeg samlet en tabel med mine favoritter nedenfor. Her kan du se det casino, jeg anbefaler, og information om den bonus, de tilbyder i \u00f8jeblikket.<\/p>\n\n\n<p>[brand_table template=&#8221;table_style_1.php&#8221; country=&#8221;DK&#8221; bonus=&#8221;&#8221;]<\/p>\n\n\n\n<p>Har jeg brugt <em>\u00e5r<\/em> p\u00e5 at sammens\u00e6tte en liste over de bedste casino bonusser \u2013 og jeg s\u00f8rger altid for, at denne tabel opdateres regelm\u00e6ssigt. Desuden er alle casinoer\/bonusser, jeg anbefaler p\u00e5 KasinoBonus, nogle, som jeg personligt har h\u00e6vet og testet.<\/p>\n\n\n\n<h2 class=\"wp-block-heading\"><strong>Hvordan vi anmelder casinoer<\/strong><\/h2>\n\n\n\n<p>Her p\u00e5 KasinoBonus har jeg s\u00f8rget for, at vores anmeldelsesproces er s\u00e5 detaljeret, gennemsigtig og dybdeg\u00e5ende som muligt. Som spiller ved jeg, hvor vigtigt det er at have adgang til upartiske, faktuelle oplysninger om de casinoer, du overvejer at tilmelde dig \u2013 og derfor kan jeg I garantere, at du aldrig vil finde falske, usande eller partiske oplysninger her.<\/p>\n\n\n\n<p>Nedenfor vil jeg gennemg\u00e5 nogle af de vigtigste omr\u00e5der, vi ser p\u00e5, n\u00e5r vi anmelder online casinoer.<\/p>\n\n\n\n<h3 class=\"wp-block-heading\"><strong>Generel casino-research<\/strong><\/h3>\n\n\n\n<p>Vi starter med en meget detaljeret research for at unders\u00f8ge de grundl\u00e6ggende ting, som casinoet har at tilbyde. Det inkluderer at se p\u00e5, hvem der ejer brandet (og om tidligere virksomheder har drevet det), hvilke online spil de har, og hvordan den generelle sikkerhed p\u00e5 deres hjemmeside er.<\/p>\n\n\n\n<h3 class=\"wp-block-heading\"><strong>Praktisk test<\/strong><\/h3>\n\n\n\n<p>Dern\u00e6st registrerer vores team af eksperter sig personligt hos hvert casino, indbetaler rigtige penge og indl\u00f8ser kampagner, ligesom enhver ny spiller ville g\u00f8re. Denne tilgang giver os mulighed for at give dig en virkelig <em>\u00e6rlig<\/em> og realistisk forventning om, hvad du kan forvente. Vi indbetaler ikke kun vores egne penge, men vi pr\u00f8ver ogs\u00e5 at <em>h\u00e6ve<\/em> dem! Det betyder, at vi kan give dig \u00e6rlige oplysninger om udbetalingshastigheder, gebyrer og alt andet, du gerne vil vide.<\/p>\n\n\n\n<h3 class=\"wp-block-heading\"><strong>Spilanalyse, valg af betalingsmetode og kundesupport<\/strong><\/h3>\n\n\n\n<p>Udover alt det ovenst\u00e5ende vil vores team af eksperter <em>ogs\u00e5<\/em> se p\u00e5, hvilket udvalg af spil onlinecasinoet tilbyder \u2013 vi ser p\u00e5 alt fra antallet af spiludviklere, der tilbydes, til hvor hurtigt der udgives nye spil \u2013 og selvf\u00f8lgelig om der er live casinospil tilg\u00e6ngelige eller ej. Derefter ser vi p\u00e5, hvilke betalingsmetoder du kan bruge, og tester <em>personligt<\/em> kundesupporten.<\/p>\n\n\n\n<h2 class=\"wp-block-heading\"><strong>Typer af casinobonusser<\/strong><\/h2>\n\n\n\n<h3 class=\"wp-block-heading\"><strong>Velkomstbonusser<\/strong><\/h3>\n\n\n\n<p>Velkomstbonusser er langt den mest almindelige og popul\u00e6re type kampagne, man finder p\u00e5 et online casino. Disse tilbud giver dig mulighed for at blive bel\u00f8nnet for at tilmelde dig og blive medlem af et site som ny spiller, og selvom det faktiske indhold af en velkomstbonus kan variere meget, leveres den normalt i form af en <a href=\"https:\/\/www.kasinobonus.ai\/dk\/indskudsbonusser\/\">indskudsbonus<\/a>, gratis spins eller en kombination af begge dele!<\/p>\n\n\n\n<h3 class=\"wp-block-heading\"><strong>Bonusser uden indskud<\/strong><\/h3>\n\n\n\n<p>De er meget sv\u00e6rere at f\u00e5 fat i, men bonusser uden indskud er ogs\u00e5 utroligt popul\u00e6re. Disse kampagner giver dig mulighed for at f\u00e5 et bestemt antal <a href=\"https:\/\/www.kasinobonus.ai\/dk\/gratis-spins\/\">gratis spins<\/a> eller et mindre bel\u00f8b i <a href=\"https:\/\/www.kasinobonus.ai\/dk\/gratis-spillepenge\/\">gratis spillepenge<\/a> uden at skulle indbetale noget f\u00f8rst!<\/p>\n\n\n\n<h3 class=\"wp-block-heading\"><strong>Gratis spins<\/strong><\/h3>\n\n\n\n<p>Gratis spins er ideelle til spillemaskiner, da de giver dig mulighed for at dreje hjulene p\u00e5 en valgt video-spillemaskine et bestemt antal gange. Nogle online casinoer k\u00f8rer gratis spins-kampagner, n\u00e5r nye spil udgives, mens andre tilbyder dem som en del af loyalitetsprogrammer eller VIP-ordninger.<\/p>\n\n\n\n<h3 class=\"wp-block-heading\"><strong>Cashback<\/strong><\/h3>\n\n\n\n<p>For dem, der forventer at blive h\u00e6ngende, er cashback-bonusser et godt sikkerhedsnet. Ved at modtage en procentdel af dine tab tilbage kan du forl\u00e6nge din spilletid og mindske smerten ved potentielle nedture. Cashback tilbydes normalt som en del af et loyalitets- eller bel\u00f8nningssystem.<\/p>\n\n\n\n<h3 class=\"wp-block-heading\"><strong>Genindl\u00e6sningsbonusser og l\u00f8bende kampagner<\/strong><\/h3>\n\n\n\n<p>N\u00e5r du bliver en fast spiller p\u00e5 et casino, kan du muligvis f\u00e5 s\u00e6rlige genindl\u00e6sningsbonusser. Disse leveres typisk i form af matchede indskudsbonusser, selvom den procentdel, du kan f\u00e5, normalt er <em>lavere<\/em> end velkomstbonusser \u2013 ofte 50 % for eksempel.<\/p>\n\n\n\n<h3 class=\"wp-block-heading\"><strong>High-roller-bonusser<\/strong><\/h3>\n\n\n\n<p>High-roller-bonusser er, som navnet antyder, designet til spillere, der er&#8230; ganske enkelt high rollers! De tilbyder ofte mere lempelige vilk\u00e5r, har h\u00f8jere udbetalingsgr\u00e6nser, og bonusmidlerne kan <em>normalt<\/em> spilles p\u00e5 et st\u00f8rre udvalg af spil.<\/p>\n\n\n\n<h2 class=\"wp-block-heading\"><strong>Vilk\u00e5r<\/strong><\/h2>\n\n\n\n<p>N\u00e5r du gennemg\u00e5r eller h\u00e6ver en online casino-bonus, skal du v\u00e6re opm\u00e6rksom p\u00e5, at n\u00e6sten alle bonusser, du h\u00e6ver, er underlagt vilk\u00e5r og betingelser. Nogle af de vigtigste, du skal v\u00e6re opm\u00e6rksom p\u00e5, er:<\/p>\n\n\n\n<h3 class=\"wp-block-heading\"><strong>Oms\u00e6tningskrav<\/strong><\/h3>\n\n\n\n<p>De fleste casino bonusser har oms\u00e6tningskrav, hvilket betyder, at du skal satse et bestemt multiplum af bonusbel\u00f8bet, f\u00f8r du kan h\u00e6ve eventuelle gevinster. For eksempel, hvis en bonus har et oms\u00e6tningskrav p\u00e5 35x, og du h\u00e6ver en bonus p\u00e5 100$, skal du satse 3.500$, f\u00f8r du kan anmode om en udbetaling.<\/p>\n\n\n\n<h3 class=\"wp-block-heading\"><strong>Spilbegr\u00e6nsninger<\/strong><\/h3>\n\n\n\n<p>Ikke alle spil bidrager lige meget til oms\u00e6tningskravene. Spilleautomater t\u00e6ller normalt 100 %, mens bordspil som blackjack eller roulette kan bidrage mindre \u2013 eller slet ikke. Det er almindeligt, at casinoborde og <em>live<\/em> spil er helt udelukket fra bonusser.<\/p>\n\n\n\n<h3 class=\"wp-block-heading\"><strong>Maksimale indsatsgr\u00e6nser<\/strong><\/h3>\n\n\n\n<p>Mange casinoer p\u00e5l\u00e6gger en maksimal indsats pr. spin eller runde, n\u00e5r du bruger en bonus. Overskridelse af denne gr\u00e6nse, selv ved et uheld, kan annullere dine gevinster. Denne gr\u00e6nse er ofte sat til omkring 5 $ pr. spin, men varierer fra casino til casino.<\/p>\n\n\n\n<h3 class=\"wp-block-heading\"><strong>Udl\u00f8bsdato<\/strong><\/h3>\n\n\n\n<p>Bonusser er ikke gyldige for evigt! De fleste kampagner skal bruges inden for en bestemt tidsramme \u2013 ofte 7 til 30 dage. Gratis spins kan have endnu kortere udl\u00f8bsperioder, nogle gange kun 24 timer. S\u00f8rg altid for at bruge dine bonusser <em>inden for<\/em> tidsrammen, da du (normalt) ikke kan f\u00e5 dem tilbage, n\u00e5r de er udl\u00f8bet!<\/p>\n\n\n\n<h2 class=\"wp-block-heading\">Popul\u00e6re spilleautomater med gratis spins bonus<\/h2>\n\n\n\n<figure class=\"wp-block-table\"><table class=\"has-fixed-layout\"><thead><tr><th>Popul\u00e6r spilleautomat<\/th><th>Spiludbyder<\/th><th>Gratis spins (Bonus)<\/th><th>RTP<\/th><th>Casino<\/th><\/tr><\/thead><tbody><tr><td>Sweet\u202fBonanza<\/td><td>Pragmatic\u202fPlay<\/td><td>20 gratis spins<\/td><td>96,51\u202f%<\/td><td>Rollino<\/td><\/tr><tr><td>Book\u202fof\u202fMuseum<\/td><td>GameArt<\/td><td>25 gratis spins<\/td><td>96,10\u202f%<\/td><td>Horus Casino<\/td><\/tr><tr><td>Angry\u202fDogs<\/td><td>GameArt<\/td><td>25 gratis spins<\/td><td>96,36\u202f%<\/td><td>Kryptosino<\/td><\/tr><tr><td>Hollywoof<\/td><td>GameArt<\/td><td>25 gratis spins<\/td><td>96,10\u202f%<\/td><td>Vegaz Casino<\/td><\/tr><tr><td>Sweet\u202fBonanza<\/td><td>Pragmatic\u202fPlay<\/td><td>30 gratis spins<\/td><td>96,51\u202f%<\/td><td>Megapari<\/td><\/tr><tr><td>Book\u202fof\u202fDead<\/td><td>Play\u2019n\u202fGO<\/td><td>25 gratis spins<\/td><td>96,21\u202f%<\/td><td>BetMaximus<\/td><\/tr><tr><td>Ruby Win \u2013 Hold the Spin<\/td><td>Gamzix<\/td><td>25 gratis spins<\/td><td>96,00\u202f%<\/td><td>LevelUp Casino<\/td><\/tr><tr><td>Joker Stoker<\/td><td>Endorphina<\/td><td>100 gratis spins<\/td><td>96,00\u202f%<\/td><td>BetFury<\/td><\/tr><tr><td>Bastet and Cats<\/td><td>Betfury<\/td><td>100 gratis spins<\/td><td>96,20\u202f%<\/td><td>BetFury<\/td><\/tr><tr><td>Doors Of Fresh<\/td><td>BGaming<\/td><td>50 gratis spins<\/td><td>96,85\u202f%<\/td><td>Fresh Casino<\/td><\/tr><tr><td>Gates of Olympus<\/td><td>Pragmatic\u202fPlay<\/td><td>50 gratis spins<\/td><td>96,50\u202f%<\/td><td>Campeonbet<\/td><\/tr><tr><td>Alien Fruits<\/td><td>BGaming<\/td><td>50 gratis spins<\/td><td>97,00\u202f%<\/td><td>Drip Casino<\/td><\/tr><\/tbody><\/table><\/figure>\n\n\n\n<div class=\"wp-block-group is-layout-constrained wp-block-group-is-layout-constrained\"><div class=\"wp-block-group__inner-container\">\n<h2 class=\"wp-block-heading\">Ressourcer til ansvarligt spil<\/h2>\n\n\n\n<ul class=\"wp-block-list\">\n<li><a href=\"https:\/\/www.spillemyndigheden.dk\">https:\/\/www.spillemyndigheden.dk<\/a> <\/li>\n\n\n\n<li><a href=\"https:\/\/www.rofus.nu\">https:\/\/www.rofus.nu<\/a><\/li>\n\n\n\n<li><a href=\"https:\/\/stopspillet.dk\">https:\/\/stopspillet.dk<\/a> <\/li>\n\n\n\n<li><a href=\"https:\/\/gamblingtherapy.org\">https:\/\/gamblingtherapy.org<\/a><a href=\"https:\/\/help.revolut.com\/en-DK\/help\/more\/life-challenges-and-well-being\/what-gambling-support-is-available\/?utm_source=chatgpt.com\" target=\"_blank\" rel=\"noreferrer noopener\">m<\/a><\/li>\n<\/ul>\n<\/div><\/div>\n","protected":false},"excerpt":{"rendered":"<p>Kasinobonus &#8211; Nettets Bedste Kasinobonuser! Noget af det, jeg har h\u00f8rt mest fra folk, der bes\u00f8ger KasinoBonus, er, at de ved, at de burde g\u00f8re krav p\u00e5 casino bonusser \u2013 men de ved ikke, hvordan de finder dem. Med tusindvis af onlinekasinoer i dag og snesevis af forskellige bonusser kan det virke n\u00e6sten umuligt at [&hellip;]<\/p>\n","protected":false},"author":1,"featured_media":8965,"parent":0,"menu_order":0,"comment_status":"open","ping_status":"closed","template":"","meta":{"inline_featured_image":false,"footnotes":""},"class_list":["post-8963","page","type-page","status-publish","has-post-thumbnail","hentry"],"yoast_head":"<!-- This site is optimized with the Yoast SEO plugin v24.5 - https:\/\/yoast.com\/wordpress\/plugins\/seo\/ -->\n<title>Kasinobonus 2025 | Find de Bedste Kasinobonuser Nu!<\/title>\n<meta name=\"description\" content=\"Kasinobonuser for 2025 Listet! Find den Bedste Kasinobonus og Udnyt Enest\u00e5ende Fordele til Spillet. Held og lykke!\" \/>\n<meta name=\"robots\" content=\"index, follow, max-snippet:-1, max-image-preview:large, max-video-preview:-1\" \/>\n<link rel=\"canonical\" href=\"https:\/\/www.kasinobonus.ai\/dk\/\" \/>\n<script type=\"application\/ld+json\" class=\"yoast-schema-graph\">{\"@context\":\"https:\/\/schema.org\",\"@graph\":[{\"@type\":\"WebPage\",\"@id\":\"https:\/\/www.kasinobonus.ai\/dk\/\",\"url\":\"https:\/\/www.kasinobonus.ai\/dk\/\",\"name\":\"Kasinobonus 2025 | Find de Bedste Kasinobonuser Nu!\",\"isPartOf\":{\"@id\":\"https:\/\/www.kasinobonus.ai\/dk\/#website\"},\"primaryImageOfPage\":{\"@id\":\"https:\/\/www.kasinobonus.ai\/dk\/#primaryimage\"},\"image\":{\"@id\":\"https:\/\/www.kasinobonus.ai\/dk\/#primaryimage\"},\"thumbnailUrl\":\"https:\/\/www.kasinobonus.ai\/wp-content\/uploads\/2023\/09\/kasinobonuslogo.jpg\",\"datePublished\":\"2022-01-14T15:23:47+00:00\",\"dateModified\":\"2025-08-07T14:13:32+00:00\",\"description\":\"Kasinobonuser for 2025 Listet! Find den Bedste Kasinobonus og Udnyt Enest\u00e5ende Fordele til Spillet. Held og lykke!\",\"breadcrumb\":{\"@id\":\"https:\/\/www.kasinobonus.ai\/dk\/#breadcrumb\"},\"inLanguage\":\"da\",\"potentialAction\":[{\"@type\":\"ReadAction\",\"target\":[\"https:\/\/www.kasinobonus.ai\/dk\/\"]}]},{\"@type\":\"ImageObject\",\"inLanguage\":\"da\",\"@id\":\"https:\/\/www.kasinobonus.ai\/dk\/#primaryimage\",\"url\":\"https:\/\/www.kasinobonus.ai\/wp-content\/uploads\/2023\/09\/kasinobonuslogo.jpg\",\"contentUrl\":\"https:\/\/www.kasinobonus.ai\/wp-content\/uploads\/2023\/09\/kasinobonuslogo.jpg\",\"width\":1200,\"height\":628,\"caption\":\"kasinobonuslogo\"},{\"@type\":\"BreadcrumbList\",\"@id\":\"https:\/\/www.kasinobonus.ai\/dk\/#breadcrumb\",\"itemListElement\":[{\"@type\":\"ListItem\",\"position\":1,\"name\":\"Home\",\"item\":\"https:\/\/kasinobonus.ai\/dk\/\"},{\"@type\":\"ListItem\",\"position\":2,\"name\":\"Kasinobonus\"}]},{\"@type\":\"WebSite\",\"@id\":\"https:\/\/www.kasinobonus.ai\/dk\/#website\",\"url\":\"https:\/\/www.kasinobonus.ai\/dk\/\",\"name\":\"www.kasinobonus.ai\",\"description\":\"\",\"publisher\":{\"@id\":\"https:\/\/www.kasinobonus.ai\/dk\/#organization\"},\"potentialAction\":[{\"@type\":\"SearchAction\",\"target\":{\"@type\":\"EntryPoint\",\"urlTemplate\":\"https:\/\/www.kasinobonus.ai\/dk\/?s={search_term_string}\"},\"query-input\":{\"@type\":\"PropertyValueSpecification\",\"valueRequired\":true,\"valueName\":\"search_term_string\"}}],\"inLanguage\":\"da\"},{\"@type\":\"Organization\",\"@id\":\"https:\/\/www.kasinobonus.ai\/dk\/#organization\",\"name\":\"KasinoBonus\",\"alternateName\":\"KasinoBonusAI\",\"url\":\"https:\/\/www.kasinobonus.ai\/dk\/\",\"logo\":{\"@type\":\"ImageObject\",\"inLanguage\":\"da\",\"@id\":\"https:\/\/www.kasinobonus.ai\/dk\/#\/schema\/logo\/image\/\",\"url\":\"https:\/\/www.kasinobonus.ai\/wp-content\/uploads\/2023\/09\/kasinobonus-logo-light.png\",\"contentUrl\":\"https:\/\/www.kasinobonus.ai\/wp-content\/uploads\/2023\/09\/kasinobonus-logo-light.png\",\"width\":3200,\"height\":596,\"caption\":\"KasinoBonus\"},\"image\":{\"@id\":\"https:\/\/www.kasinobonus.ai\/dk\/#\/schema\/logo\/image\/\"},\"sameAs\":[\"https:\/\/www.facebook.com\/kasinobonusio\/\",\"https:\/\/x.com\/Kasinobonus_io\",\"https:\/\/www.linkedin.com\/in\/matti-slotte-26612033b\",\"http:\/\/kasinobonus.wikidot.com\/system:welcome\",\"https:\/\/www.trustpilot.com\/review\/www.kasinobonus.ai\",\"https:\/\/orcid.org\/0009-0007-2889-1713\",\"https:\/\/en.everybodywiki.com\/Matti_Slotte\",\"https:\/\/www.immuniweb.com\/ssl\/kasinobonus.ai\/M4lqCqYY\/\"]}]}<\/script>\n<!-- \/ Yoast SEO plugin. -->","yoast_head_json":{"title":"Kasinobonus 2025 | Find de Bedste Kasinobonuser Nu!","description":"Kasinobonuser for 2025 Listet! Find den Bedste Kasinobonus og Udnyt Enest\u00e5ende Fordele til Spillet. Held og lykke!","robots":{"index":"index","follow":"follow","max-snippet":"max-snippet:-1","max-image-preview":"max-image-preview:large","max-video-preview":"max-video-preview:-1"},"canonical":"https:\/\/www.kasinobonus.ai\/dk\/","schema":{"@context":"https:\/\/schema.org","@graph":[{"@type":"WebPage","@id":"https:\/\/www.kasinobonus.ai\/dk\/","url":"https:\/\/www.kasinobonus.ai\/dk\/","name":"Kasinobonus 2025 | Find de Bedste Kasinobonuser Nu!","isPartOf":{"@id":"https:\/\/www.kasinobonus.ai\/dk\/#website"},"primaryImageOfPage":{"@id":"https:\/\/www.kasinobonus.ai\/dk\/#primaryimage"},"image":{"@id":"https:\/\/www.kasinobonus.ai\/dk\/#primaryimage"},"thumbnailUrl":"https:\/\/www.kasinobonus.ai\/wp-content\/uploads\/2023\/09\/kasinobonuslogo.jpg","datePublished":"2022-01-14T15:23:47+00:00","dateModified":"2025-08-07T14:13:32+00:00","description":"Kasinobonuser for 2025 Listet! Find den Bedste Kasinobonus og Udnyt Enest\u00e5ende Fordele til Spillet. Held og lykke!","breadcrumb":{"@id":"https:\/\/www.kasinobonus.ai\/dk\/#breadcrumb"},"inLanguage":"da","potentialAction":[{"@type":"ReadAction","target":["https:\/\/www.kasinobonus.ai\/dk\/"]}]},{"@type":"ImageObject","inLanguage":"da","@id":"https:\/\/www.kasinobonus.ai\/dk\/#primaryimage","url":"https:\/\/www.kasinobonus.ai\/wp-content\/uploads\/2023\/09\/kasinobonuslogo.jpg","contentUrl":"https:\/\/www.kasinobonus.ai\/wp-content\/uploads\/2023\/09\/kasinobonuslogo.jpg","width":1200,"height":628,"caption":"kasinobonuslogo"},{"@type":"BreadcrumbList","@id":"https:\/\/www.kasinobonus.ai\/dk\/#breadcrumb","itemListElement":[{"@type":"ListItem","position":1,"name":"Home","item":"https:\/\/kasinobonus.ai\/dk\/"},{"@type":"ListItem","position":2,"name":"Kasinobonus"}]},{"@type":"WebSite","@id":"https:\/\/www.kasinobonus.ai\/dk\/#website","url":"https:\/\/www.kasinobonus.ai\/dk\/","name":"www.kasinobonus.ai","description":"","publisher":{"@id":"https:\/\/www.kasinobonus.ai\/dk\/#organization"},"potentialAction":[{"@type":"SearchAction","target":{"@type":"EntryPoint","urlTemplate":"https:\/\/www.kasinobonus.ai\/dk\/?s={search_term_string}"},"query-input":{"@type":"PropertyValueSpecification","valueRequired":true,"valueName":"search_term_string"}}],"inLanguage":"da"},{"@type":"Organization","@id":"https:\/\/www.kasinobonus.ai\/dk\/#organization","name":"KasinoBonus","alternateName":"KasinoBonusAI","url":"https:\/\/www.kasinobonus.ai\/dk\/","logo":{"@type":"ImageObject","inLanguage":"da","@id":"https:\/\/www.kasinobonus.ai\/dk\/#\/schema\/logo\/image\/","url":"https:\/\/www.kasinobonus.ai\/wp-content\/uploads\/2023\/09\/kasinobonus-logo-light.png","contentUrl":"https:\/\/www.kasinobonus.ai\/wp-content\/uploads\/2023\/09\/kasinobonus-logo-light.png","width":3200,"height":596,"caption":"KasinoBonus"},"image":{"@id":"https:\/\/www.kasinobonus.ai\/dk\/#\/schema\/logo\/image\/"},"sameAs":["https:\/\/www.facebook.com\/kasinobonusio\/","https:\/\/x.com\/Kasinobonus_io","https:\/\/www.linkedin.com\/in\/matti-slotte-26612033b","http:\/\/kasinobonus.wikidot.com\/system:welcome","https:\/\/www.trustpilot.com\/review\/www.kasinobonus.ai","https:\/\/orcid.org\/0009-0007-2889-1713","https:\/\/en.everybodywiki.com\/Matti_Slotte","https:\/\/www.immuniweb.com\/ssl\/kasinobonus.ai\/M4lqCqYY\/"]}]}},"_links":{"self":[{"href":"https:\/\/www.kasinobonus.ai\/dk\/wp-json\/wp\/v2\/pages\/8963","targetHints":{"allow":["GET"]}}],"collection":[{"href":"https:\/\/www.kasinobonus.ai\/dk\/wp-json\/wp\/v2\/pages"}],"about":[{"href":"https:\/\/www.kasinobonus.ai\/dk\/wp-json\/wp\/v2\/types\/page"}],"author":[{"embeddable":true,"href":"https:\/\/www.kasinobonus.ai\/dk\/wp-json\/wp\/v2\/users\/1"}],"replies":[{"embeddable":true,"href":"https:\/\/www.kasinobonus.ai\/dk\/wp-json\/wp\/v2\/comments?post=8963"}],"version-history":[{"count":6,"href":"https:\/\/www.kasinobonus.ai\/dk\/wp-json\/wp\/v2\/pages\/8963\/revisions"}],"predecessor-version":[{"id":35303,"href":"https:\/\/www.kasinobonus.ai\/dk\/wp-json\/wp\/v2\/pages\/8963\/revisions\/35303"}],"wp:featuredmedia":[{"embeddable":true,"href":"https:\/\/www.kasinobonus.ai\/dk\/wp-json\/wp\/v2\/media\/8965"}],"wp:attachment":[{"href":"https:\/\/www.kasinobonus.ai\/dk\/wp-json\/wp\/v2\/media?parent=8963"}],"curies":[{"name":"wp","href":"https:\/\/api.w.org\/{rel}","templated":true}]}}