{"id":8844,"date":"2023-09-01T06:25:29","date_gmt":"2023-09-01T06:25:29","guid":{"rendered":"http:\/\/kasinobonus.ai.dedivirt842.your-server.de\/meista\/"},"modified":"2025-07-26T09:01:35","modified_gmt":"2025-07-26T09:01:35","slug":"om-kasinobonus","status":"publish","type":"page","link":"https:\/\/www.kasinobonus.ai\/dk\/om-kasinobonus\/","title":{"rendered":"Om Kasinobonus"},"content":{"rendered":"\n<h1 class=\"wp-block-heading\">Om Kasinobonus<\/h1>\n\n\n\n<p>Historien om Kasinobonus begynder med online gambling-hypen i starten af 2000\u2019erne, selvom selve Kasinobonus f\u00f8rst blev grundlagt i 2020. Du er landet p\u00e5 en side skabt af Matti Slotte \u2013 en legende i det finske poker-milj\u00f8, som stadig er en central figur i den finske spilleverden i dag.<\/p>\n\n\n\n<h2 class=\"wp-block-heading\"><strong>Nyt i<\/strong><strong> 2025<\/strong><\/h2>\n\n\n\n<p>2025 markerer begyndelsen p\u00e5 et nyt kapitel for Kasinobonus. I \u00e5r introducerer vi nye, smartere v\u00e6rkt\u00f8jer til vurdering af bonusser \u2013 drevet af AI \u2013 vi har udvidet vores test- og anmeldelsesteam og tilf\u00f8jet nyt indhold med s\u00e6rligt fokus p\u00e5 kryptocasinoer, mobilspil og ansvarligt spil.<\/p>\n\n\n\n<p>Vi er ogs\u00e5 begyndt at udgive eksklusive indsigter baseret p\u00e5 spillerfeedback og data om udbetalingshastighed.<br>Matti st\u00e5r stadig i spidsen, men nu med flere v\u00e6rkt\u00f8jer og st\u00f8rre r\u00e6kkevidde end nogensinde f\u00f8r \u2013 s\u00e5 du kan stole p\u00e5, at hvert eneste casino, vi anbefaler, er grundigere gennemg\u00e5et, oftere kontrolleret og endnu mere tilpasset spillernes behov.<\/p>\n\n\n\n<p>Det kan godt se ud som bare en masse casinotests, nogle bannere, lidt bonusser, logoer, call-to-actions \u2013 det samme som du ser overalt.<\/p>\n\n\n\n<p>Men denne side er anderledes. Mattis enorme erfaring sikrer, at kun de n\u00f8je udvalgte casinoer kommer med p\u00e5 listen, mens de, der ikke er gode nok, helt enkelt bliver sorteret fra. Stol p\u00e5 Matti som det, der holder denne spilscene sammen \u2013 og som den person, der holder \u00f8je for dig, s\u00e5 du ikke ender p\u00e5 lyssky sider.<\/p>\n\n\n\n<p>Her er \u00e9t eksempel \u2013 Matti sikrer, at casinobonussen har en god forventet v\u00e6rdi og ikke indeholder nogen betingelser, der giver casinoet mulighed for at annullere din bonus. T\u00e6nkte du p\u00e5 det? Nej? Det g\u00f8r Matti. Hver eneste dag.<\/p>\n\n\n\n<p>Et andet eksempel. Casinoer drives af mennesker. Matti taler med dem, der st\u00e5r bag et casinobrand. Du f\u00e5r ikke chancen for det, men det g\u00f8r han \u2013 og han bruger sine forbindelser til netop det: at finde ud af, hvem der st\u00e5r bag, og om deres intentioner er gode eller d\u00e5rlige.<\/p>\n\n\n\n<h2 class=\"wp-block-heading\"><strong>Derfor skiller vi os ud<\/strong><\/h2>\n\n\n\n<p>KasinoBonus er kendt for at anbefale de bedste online casinoer med rigtige penge til spillerne \u2013 men hvad er det egentlig, der g\u00f8r os s\u00e5 unikke og langt foran konkurrenterne?<\/p>\n\n\n\n<p>Her er nogle af de ting, der adskiller KasinoBonus fra resten:<\/p>\n\n\n\n<ul class=\"wp-block-list\">\n<li><strong>Bonusgennemsigtighed:<\/strong> Matti gennemg\u00e5r selv det med sm\u00e5t i alle bonusbetingelser, vi anmelder. Hvis der er skjulte vilk\u00e5r \u2013 designet til at annullere dine gevinster eller g\u00f8re det sv\u00e6rere at h\u00e6ve dem \u2013 s\u00e5 kommer bonussen ikke med p\u00e5 listen.<\/li>\n\n\n\n<li><strong>Adgang til insiderviden:<\/strong> De fleste spillere f\u00e5r aldrig mulighed for at tale med folkene bag casinoet. Det g\u00f8r Matti. Han bruger sine forbindelser til at tjekke, hvem der egentlig st\u00e5r bag \u2013 og om deres intentioner er gode eller ej.<\/li>\n\n\n\n<li><strong>Test med rigtige penge:<\/strong> I mods\u00e6tning til n\u00e6sten alle andre casinosider laver vi indbetalinger med rigtige penge \u2013 pr\u00e6cis som du ville g\u00f8re \u2013 for at se, hvordan casinoerne rent faktisk fungerer. Vi n\u00f8jes ikke med at kigge p\u00e5 design; vi tester udbetalingsprocessen, kundeservice og alt det ind imellem!<\/li>\n<\/ul>\n\n\n\n<h2 class=\"wp-block-heading\"><strong>Hvorfor v\u00e6lge Kasinobonus?<\/strong><\/h2>\n\n\n\n<p>Du v\u00e6lger helt specifikt Kasinobonus frem for andre lignende sider, da du her kan l\u00e6se \u00e6rlige anmeldelser fra en branchelegende, der kun har dine interesser for \u00f8je. Casinovurderinger er ikke noget, man tager let p\u00e5. Det er et kr\u00e6vende arbejde, der gennem \u00e5rene er blevet udvidet til ogs\u00e5 at omfatte f\u00f8lgende:<\/p>\n\n\n\n<ul class=\"wp-block-list\">\n<li>Professionelle og brutalt \u00e6rlige anmeldelser af casinoer<\/li>\n\n\n\n<li>Indbetaling af rigtige penge for at teste casinoerne i praksis<\/li>\n\n\n\n<li>Baggrundstjek af casinoerne og selskaberne bag<\/li>\n\n\n\n<li>Samtaler med andre finske spillere, der har spillet p\u00e5 casinoet<\/li>\n\n\n\n<li>Gennemgang af vilk\u00e5r og betingelser med juridiske briller<\/li>\n\n\n\n<li>Mattis personlige vurdering af casinoet<\/li>\n<\/ul>\n\n\n\n<h2 class=\"wp-block-heading\"><a><\/a><strong>Vores<\/strong><strong> <\/strong><strong>m<\/strong><strong>ission<\/strong><\/h2>\n\n\n\n<p>Kasinobonus har en klar mission: at give finske spillere pr\u00e6cis og trov\u00e6rdig information, s\u00e5 de er bedre kl\u00e6dt p\u00e5 \u2013 og s\u00e5 de bliver forbundet med casinoer, der faktisk passer p\u00e5 dem. Det er spillernes bedste, der st\u00e5r i centrum for alt det, Matti g\u00f8r her. Uden Kasinobonus ville mange spillere ikke vide, hvilke casinoer der er gode, og hvilke man b\u00f8r undg\u00e5 \u2013 og de ville heller ikke v\u00e6re lige s\u00e5 godt informeret om gambling generelt.<\/p>\n\n\n\n<h2 class=\"wp-block-heading\"><a><\/a><strong>Annonce- og redaktionspolitik<\/strong><\/h2>\n\n\n\n<p>Vi finansierer os gennem salg af annonceplads. Men det er vigtigt at understrege, at betaling for annoncer aldrig nogensinde p\u00e5virker vores holdning til det brand, vi omtaler.<br>Matti er kendt for at tage imod betaling for en anmeldelse og s\u00e5 har anmeldelsen alligevel v\u00e6ret h\u00e5rd, da brandet simpelthen ikke fortjente bedre.<br>Virksomheden kan betale for en anmeldelse, men de kan ikke bestemme, hvad der skal st\u00e5 i den.<\/p>\n\n\n\n<p>Det er denne redaktionelle integritet, Matti har holdt fast i, lige siden Kasinobonus blev lanceret \u2013 og den er aldrig blevet brudt. Der findes ikke nok penge i verden til at f\u00e5 Matti til at g\u00e5 p\u00e5 kompromis med sine standarder.<\/p>\n\n\n\n<h2 class=\"wp-block-heading\"><a><\/a><strong>Derfor bruger vi .ai-dom\u00e6net<\/strong><\/h2>\n\n\n\n<p>Du har m\u00e5ske bem\u00e6rket, at vores website nu har .ai som dom\u00e6ne. Vi startede egentlig med .io, som er popul\u00e6rt blandt tech-startups og kryptocasinoer, men i 2025 skiftede vi til .ai for at afspejle, hvem vi er i dag.<\/p>\n\n\n\n<p>Kunstig intelligens er nu en fast del af, hvordan vi vurderer bonusser og rangerer casinoer fra uge til uge \u2013 og .ai-dom\u00e6net markerer n\u00e6ste generation af p\u00e5lidelige gambling-ressourcer, hvor Mattis menneskelige ekspertise kombineres med avanceret teknologi.<\/p>\n","protected":false},"excerpt":{"rendered":"<p>Om Kasinobonus Historien om Kasinobonus begynder med online gambling-hypen i starten af 2000\u2019erne, selvom selve Kasinobonus f\u00f8rst blev grundlagt i 2020. Du er landet p\u00e5 en side skabt af Matti Slotte \u2013 en legende i det finske poker-milj\u00f8, som stadig er en central figur i den finske spilleverden i dag. Nyt i 2025 2025 markerer [&hellip;]<\/p>\n","protected":false},"author":1,"featured_media":0,"parent":0,"menu_order":0,"comment_status":"open","ping_status":"closed","template":"","meta":{"inline_featured_image":false,"footnotes":""},"class_list":["post-8844","page","type-page","status-publish","hentry"],"yoast_head":"<!-- This site is optimized with the Yoast SEO plugin v24.5 - https:\/\/yoast.com\/wordpress\/plugins\/seo\/ -->\n<title>Kasinobonus: Hvem Er Vi og Hvad G\u00f8r Vi?<\/title>\n<meta name=\"description\" content=\"M\u00f8d teamet bag Kasinobonus. L\u00e6r os at kende og hvordan vi udv\u00e6lger de bedste casino bonusser! L\u00e6s gerne mere!\" \/>\n<meta name=\"robots\" content=\"index, follow, max-snippet:-1, max-image-preview:large, max-video-preview:-1\" \/>\n<link rel=\"canonical\" href=\"https:\/\/www.kasinobonus.ai\/dk\/om-kasinobonus\/\" \/>\n<script type=\"application\/ld+json\" class=\"yoast-schema-graph\">{\"@context\":\"https:\/\/schema.org\",\"@graph\":[{\"@type\":\"WebPage\",\"@id\":\"https:\/\/www.kasinobonus.ai\/dk\/om-kasinobonus\/\",\"url\":\"https:\/\/www.kasinobonus.ai\/dk\/om-kasinobonus\/\",\"name\":\"Kasinobonus: Hvem Er Vi og Hvad G\u00f8r Vi?\",\"isPartOf\":{\"@id\":\"https:\/\/www.kasinobonus.ai\/dk\/#website\"},\"datePublished\":\"2023-09-01T06:25:29+00:00\",\"dateModified\":\"2025-07-26T09:01:35+00:00\",\"description\":\"M\u00f8d teamet bag Kasinobonus. L\u00e6r os at kende og hvordan vi udv\u00e6lger de bedste casino bonusser! L\u00e6s gerne mere!\",\"breadcrumb\":{\"@id\":\"https:\/\/www.kasinobonus.ai\/dk\/om-kasinobonus\/#breadcrumb\"},\"inLanguage\":\"da\",\"potentialAction\":[{\"@type\":\"ReadAction\",\"target\":[\"https:\/\/www.kasinobonus.ai\/dk\/om-kasinobonus\/\"]}]},{\"@type\":\"BreadcrumbList\",\"@id\":\"https:\/\/www.kasinobonus.ai\/dk\/om-kasinobonus\/#breadcrumb\",\"itemListElement\":[{\"@type\":\"ListItem\",\"position\":1,\"name\":\"Home\",\"item\":\"https:\/\/kasinobonus.ai\/dk\/\"},{\"@type\":\"ListItem\",\"position\":2,\"name\":\"Om Kasinobonus\"}]},{\"@type\":\"WebSite\",\"@id\":\"https:\/\/www.kasinobonus.ai\/dk\/#website\",\"url\":\"https:\/\/www.kasinobonus.ai\/dk\/\",\"name\":\"www.kasinobonus.ai\",\"description\":\"\",\"publisher\":{\"@id\":\"https:\/\/www.kasinobonus.ai\/dk\/#organization\"},\"potentialAction\":[{\"@type\":\"SearchAction\",\"target\":{\"@type\":\"EntryPoint\",\"urlTemplate\":\"https:\/\/www.kasinobonus.ai\/dk\/?s={search_term_string}\"},\"query-input\":{\"@type\":\"PropertyValueSpecification\",\"valueRequired\":true,\"valueName\":\"search_term_string\"}}],\"inLanguage\":\"da\"},{\"@type\":\"Organization\",\"@id\":\"https:\/\/www.kasinobonus.ai\/dk\/#organization\",\"name\":\"KasinoBonus\",\"alternateName\":\"KasinoBonusAI\",\"url\":\"https:\/\/www.kasinobonus.ai\/dk\/\",\"logo\":{\"@type\":\"ImageObject\",\"inLanguage\":\"da\",\"@id\":\"https:\/\/www.kasinobonus.ai\/dk\/#\/schema\/logo\/image\/\",\"url\":\"https:\/\/www.kasinobonus.ai\/wp-content\/uploads\/2023\/09\/kasinobonus-logo-light.png\",\"contentUrl\":\"https:\/\/www.kasinobonus.ai\/wp-content\/uploads\/2023\/09\/kasinobonus-logo-light.png\",\"width\":3200,\"height\":596,\"caption\":\"KasinoBonus\"},\"image\":{\"@id\":\"https:\/\/www.kasinobonus.ai\/dk\/#\/schema\/logo\/image\/\"},\"sameAs\":[\"https:\/\/www.facebook.com\/kasinobonusio\/\",\"https:\/\/x.com\/Kasinobonus_io\",\"https:\/\/www.linkedin.com\/in\/matti-slotte-26612033b\",\"http:\/\/kasinobonus.wikidot.com\/system:welcome\",\"https:\/\/www.trustpilot.com\/review\/www.kasinobonus.ai\",\"https:\/\/orcid.org\/0009-0007-2889-1713\",\"https:\/\/en.everybodywiki.com\/Matti_Slotte\",\"https:\/\/www.immuniweb.com\/ssl\/kasinobonus.ai\/M4lqCqYY\/\"]}]}<\/script>\n<!-- \/ Yoast SEO plugin. -->","yoast_head_json":{"title":"Kasinobonus: Hvem Er Vi og Hvad G\u00f8r Vi?","description":"M\u00f8d teamet bag Kasinobonus. L\u00e6r os at kende og hvordan vi udv\u00e6lger de bedste casino bonusser! L\u00e6s gerne mere!","robots":{"index":"index","follow":"follow","max-snippet":"max-snippet:-1","max-image-preview":"max-image-preview:large","max-video-preview":"max-video-preview:-1"},"canonical":"https:\/\/www.kasinobonus.ai\/dk\/om-kasinobonus\/","schema":{"@context":"https:\/\/schema.org","@graph":[{"@type":"WebPage","@id":"https:\/\/www.kasinobonus.ai\/dk\/om-kasinobonus\/","url":"https:\/\/www.kasinobonus.ai\/dk\/om-kasinobonus\/","name":"Kasinobonus: Hvem Er Vi og Hvad G\u00f8r Vi?","isPartOf":{"@id":"https:\/\/www.kasinobonus.ai\/dk\/#website"},"datePublished":"2023-09-01T06:25:29+00:00","dateModified":"2025-07-26T09:01:35+00:00","description":"M\u00f8d teamet bag Kasinobonus. L\u00e6r os at kende og hvordan vi udv\u00e6lger de bedste casino bonusser! L\u00e6s gerne mere!","breadcrumb":{"@id":"https:\/\/www.kasinobonus.ai\/dk\/om-kasinobonus\/#breadcrumb"},"inLanguage":"da","potentialAction":[{"@type":"ReadAction","target":["https:\/\/www.kasinobonus.ai\/dk\/om-kasinobonus\/"]}]},{"@type":"BreadcrumbList","@id":"https:\/\/www.kasinobonus.ai\/dk\/om-kasinobonus\/#breadcrumb","itemListElement":[{"@type":"ListItem","position":1,"name":"Home","item":"https:\/\/kasinobonus.ai\/dk\/"},{"@type":"ListItem","position":2,"name":"Om Kasinobonus"}]},{"@type":"WebSite","@id":"https:\/\/www.kasinobonus.ai\/dk\/#website","url":"https:\/\/www.kasinobonus.ai\/dk\/","name":"www.kasinobonus.ai","description":"","publisher":{"@id":"https:\/\/www.kasinobonus.ai\/dk\/#organization"},"potentialAction":[{"@type":"SearchAction","target":{"@type":"EntryPoint","urlTemplate":"https:\/\/www.kasinobonus.ai\/dk\/?s={search_term_string}"},"query-input":{"@type":"PropertyValueSpecification","valueRequired":true,"valueName":"search_term_string"}}],"inLanguage":"da"},{"@type":"Organization","@id":"https:\/\/www.kasinobonus.ai\/dk\/#organization","name":"KasinoBonus","alternateName":"KasinoBonusAI","url":"https:\/\/www.kasinobonus.ai\/dk\/","logo":{"@type":"ImageObject","inLanguage":"da","@id":"https:\/\/www.kasinobonus.ai\/dk\/#\/schema\/logo\/image\/","url":"https:\/\/www.kasinobonus.ai\/wp-content\/uploads\/2023\/09\/kasinobonus-logo-light.png","contentUrl":"https:\/\/www.kasinobonus.ai\/wp-content\/uploads\/2023\/09\/kasinobonus-logo-light.png","width":3200,"height":596,"caption":"KasinoBonus"},"image":{"@id":"https:\/\/www.kasinobonus.ai\/dk\/#\/schema\/logo\/image\/"},"sameAs":["https:\/\/www.facebook.com\/kasinobonusio\/","https:\/\/x.com\/Kasinobonus_io","https:\/\/www.linkedin.com\/in\/matti-slotte-26612033b","http:\/\/kasinobonus.wikidot.com\/system:welcome","https:\/\/www.trustpilot.com\/review\/www.kasinobonus.ai","https:\/\/orcid.org\/0009-0007-2889-1713","https:\/\/en.everybodywiki.com\/Matti_Slotte","https:\/\/www.immuniweb.com\/ssl\/kasinobonus.ai\/M4lqCqYY\/"]}]}},"_links":{"self":[{"href":"https:\/\/www.kasinobonus.ai\/dk\/wp-json\/wp\/v2\/pages\/8844","targetHints":{"allow":["GET"]}}],"collection":[{"href":"https:\/\/www.kasinobonus.ai\/dk\/wp-json\/wp\/v2\/pages"}],"about":[{"href":"https:\/\/www.kasinobonus.ai\/dk\/wp-json\/wp\/v2\/types\/page"}],"author":[{"embeddable":true,"href":"https:\/\/www.kasinobonus.ai\/dk\/wp-json\/wp\/v2\/users\/1"}],"replies":[{"embeddable":true,"href":"https:\/\/www.kasinobonus.ai\/dk\/wp-json\/wp\/v2\/comments?post=8844"}],"version-history":[{"count":2,"href":"https:\/\/www.kasinobonus.ai\/dk\/wp-json\/wp\/v2\/pages\/8844\/revisions"}],"predecessor-version":[{"id":34447,"href":"https:\/\/www.kasinobonus.ai\/dk\/wp-json\/wp\/v2\/pages\/8844\/revisions\/34447"}],"wp:attachment":[{"href":"https:\/\/www.kasinobonus.ai\/dk\/wp-json\/wp\/v2\/media?parent=8844"}],"curies":[{"name":"wp","href":"https:\/\/api.w.org\/{rel}","templated":true}]}}