{"id":8839,"date":"2023-09-01T06:32:04","date_gmt":"2023-09-01T06:32:04","guid":{"rendered":"http:\/\/kasinobonus.ai.dedivirt842.your-server.de\/yhteydenotto\/"},"modified":"2025-07-26T08:16:35","modified_gmt":"2025-07-26T08:16:35","slug":"kontakt","status":"publish","type":"page","link":"https:\/\/www.kasinobonus.ai\/dk\/kontakt\/","title":{"rendered":"Kontakt os"},"content":{"rendered":"\n<h1 class=\"wp-block-heading\"><strong>Kontakt os, og vi hj\u00e6lper dig i kasinoverdenen<\/strong><\/h1>\n\n\n\n<p>Kasinospil kan nogle gange give anledning til sp\u00f8rgsm\u00e5l eller behov for en eksperts synspunkt. www.kasinobonus.ai er her for at hj\u00e6lpe lige netop dig. Uanset hvad dit sp\u00f8rgsm\u00e5l eller behov er, s\u00e5 st\u00e5r vi klar til at assistere.<\/p>\n\n\n\n<h2 class=\"wp-block-heading\">Hvordan Kan Vi Hj\u00e6lpe?<\/h2>\n\n\n\n<ul class=\"wp-block-list\">\n<li><strong>Bonusforesp\u00f8rgsler:<\/strong> Er du usikker p\u00e5 et bonustilbud? Send os dine oplysninger, og vi hj\u00e6lper gerne!<\/li>\n\n\n\n<li><strong>Gennemspilskrav:<\/strong> Har du brug for afklaring omkring gennemspilskrav? De kan v\u00e6re komplekse, men vi forklarer dem gerne for dig.<\/li>\n\n\n\n<li><strong>Problemsituationer:<\/strong> Hvis du st\u00f8der p\u00e5 problemer p\u00e5 et kasino, hvad enten det er et teknisk problem, et spilleproblem eller noget helt tredje, er vi her for at st\u00f8tte op.<\/li>\n\n\n\n<li><strong>Highroller-bonusser:<\/strong> Til storspillere har vi eksklusive tilbud. Kontakt os, s\u00e5 fort\u00e6ller vi mere.<\/li>\n\n\n\n<li><strong>Assistance ved kasinokonflikter:<\/strong> Hvis du er havnet i en konflikt med et kasino, kan vi hj\u00e6lpe med forhandling og tilbyde ekspertassistance.<\/li>\n\n\n\n<li><strong>Og meget mere:<\/strong> Uanset hvad dit behov er, er vi her for at hj\u00e6lpe dig i kasinoverdenen.<\/li>\n<\/ul>\n\n\n\n<p><strong>Kontakt os<\/strong><\/p>\n\n\n<div class=\"wpforms-container wpforms-container-full wpforms-render-modern\" id=\"wpforms-34372\"><form id=\"wpforms-form-34372\" class=\"wpforms-validate wpforms-form wpforms-ajax-form\" data-formid=\"34372\" method=\"post\" enctype=\"multipart\/form-data\" action=\"\/dk\/wp-json\/wp\/v2\/pages\/8839\" data-token=\"e2f1b3bac72f7958c1d6a31c8df0ca04\" data-token-time=\"1775412035\"><noscript class=\"wpforms-error-noscript\">Please enable JavaScript in your browser to complete this form.<\/noscript><div id=\"wpforms-error-noscript\" style=\"display: none;\">Please enable JavaScript in your browser to complete this form.<\/div><div class=\"wpforms-field-container\"><div id=\"wpforms-34372-field_1-container\" class=\"wpforms-field wpforms-field-name\" data-field-id=\"1\"><label class=\"wpforms-field-label\" for=\"wpforms-34372-field_1\">Name <span class=\"wpforms-required-label\" aria-hidden=\"true\">*<\/span><\/label><input type=\"text\" id=\"wpforms-34372-field_1\" class=\"wpforms-field-medium wpforms-field-required\" name=\"wpforms[fields][1]\" aria-errormessage=\"wpforms-34372-field_1-error\" required><\/div><div id=\"wpforms-34372-field_2-container\" class=\"wpforms-field wpforms-field-email\" data-field-id=\"2\"><label class=\"wpforms-field-label\" for=\"wpforms-34372-field_2\">Email <span class=\"wpforms-required-label\" aria-hidden=\"true\">*<\/span><\/label><input type=\"email\" id=\"wpforms-34372-field_2\" class=\"wpforms-field-medium wpforms-field-required\" name=\"wpforms[fields][2]\" spellcheck=\"false\" aria-errormessage=\"wpforms-34372-field_2-error\" required><\/div>\t\t<div id=\"wpforms-34372-field_4-container\"\n\t\t\tclass=\"wpforms-field wpforms-field-text\"\n\t\t\tdata-field-type=\"text\"\n\t\t\tdata-field-id=\"4\"\n\t\t\t>\n\t\t\t<label class=\"wpforms-field-label\" for=\"wpforms-34372-field_4\" >Email or Comment<\/label>\n\t\t\t<input type=\"text\" id=\"wpforms-34372-field_4\" class=\"wpforms-field-medium\" name=\"wpforms[fields][4]\" >\n\t\t<\/div>\n\t\t<div id=\"wpforms-34372-field_3-container\" class=\"wpforms-field wpforms-field-textarea\" data-field-id=\"3\"><label class=\"wpforms-field-label\" for=\"wpforms-34372-field_3\">Comment or Message <span class=\"wpforms-required-label\" aria-hidden=\"true\">*<\/span><\/label><textarea id=\"wpforms-34372-field_3\" class=\"wpforms-field-medium wpforms-field-required\" name=\"wpforms[fields][3]\" aria-errormessage=\"wpforms-34372-field_3-error\" required><\/textarea><\/div><script>\n\t\t\t\t( function() {\n\t\t\t\t\tconst style = document.createElement( 'style' );\n\t\t\t\t\tstyle.appendChild( document.createTextNode( '#wpforms-34372-field_4-container { position: absolute !important; overflow: hidden !important; display: inline !important; height: 1px !important; width: 1px !important; z-index: -1000 !important; padding: 0 !important; } #wpforms-34372-field_4-container input { visibility: hidden; } #wpforms-conversational-form-page #wpforms-34372-field_4-container label { counter-increment: none; }' ) );\n\t\t\t\t\tdocument.head.appendChild( style );\n\t\t\t\t\tdocument.currentScript?.remove();\n\t\t\t\t} )();\n\t\t\t<\/script><\/div><!-- .wpforms-field-container --><div class=\"wpforms-submit-container\" ><input type=\"hidden\" name=\"wpforms[id]\" value=\"34372\"><input type=\"hidden\" name=\"page_title\" value=\"\"><input type=\"hidden\" name=\"page_url\" value=\"https:\/\/www.kasinobonus.ai\/dk\/wp-json\/wp\/v2\/pages\/8839\"><input type=\"hidden\" name=\"url_referer\" value=\"\"><button type=\"submit\" name=\"wpforms[submit]\" id=\"wpforms-submit-34372\" class=\"wpforms-submit\" data-alt-text=\"Sending...\" data-submit-text=\"Submit\" aria-live=\"assertive\" value=\"wpforms-submit\">Submit<\/button><img decoding=\"async\" src=\"https:\/\/www.kasinobonus.ai\/wp-content\/plugins\/wpforms-lite\/assets\/images\/submit-spin.svg\" class=\"wpforms-submit-spinner\" style=\"display: none;\" width=\"26\" height=\"26\" alt=\"Loading\"><\/div><\/form><\/div>  <!-- .wpforms-container -->\n\n\n\n<p><strong>Facebook<\/strong>: <a href=\"https:\/\/www.facebook.com\/kasinobonusio\">https:\/\/www.facebook.com\/kasinobonusio<\/a><\/p>\n\n\n\n<p><strong>X (Twitter):<\/strong> <a href=\"https:\/\/twitter.com\/Kasinobonus_io\">https:\/\/twitter.com\/Kasinobonus_io<\/a><\/p>\n","protected":false},"excerpt":{"rendered":"<p>Kontakt os, og vi hj\u00e6lper dig i kasinoverdenen Kasinospil kan nogle gange give anledning til sp\u00f8rgsm\u00e5l eller behov for en eksperts synspunkt. www.kasinobonus.ai er her for at hj\u00e6lpe lige netop dig. Uanset hvad dit sp\u00f8rgsm\u00e5l eller behov er, s\u00e5 st\u00e5r vi klar til at assistere. Hvordan Kan Vi Hj\u00e6lpe? Kontakt os Facebook: https:\/\/www.facebook.com\/kasinobonusio X (Twitter): [&hellip;]<\/p>\n","protected":false},"author":1,"featured_media":0,"parent":0,"menu_order":0,"comment_status":"open","ping_status":"closed","template":"","meta":{"inline_featured_image":false,"footnotes":""},"class_list":["post-8839","page","type-page","status-publish","hentry"],"yoast_head":"<!-- This site is optimized with the Yoast SEO plugin v24.5 - https:\/\/yoast.com\/wordpress\/plugins\/seo\/ -->\n<title>Kontakt www.kasinobonus.ai \u2013 F\u00e5 hj\u00e6lp til kasinosp\u00f8rgsm\u00e5l<\/title>\n<meta name=\"description\" content=\"www.kasinobonus.ai hj\u00e6lper dig med dine kasinorelaterede sp\u00f8rgsm\u00e5l. Ekspertassistance fra bonusser til problem situationer.\" \/>\n<meta name=\"robots\" content=\"index, follow, max-snippet:-1, max-image-preview:large, max-video-preview:-1\" \/>\n<link rel=\"canonical\" href=\"https:\/\/www.kasinobonus.ai\/dk\/kontakt\/\" \/>\n<script type=\"application\/ld+json\" class=\"yoast-schema-graph\">{\"@context\":\"https:\/\/schema.org\",\"@graph\":[{\"@type\":\"WebPage\",\"@id\":\"https:\/\/www.kasinobonus.ai\/dk\/kontakt\/\",\"url\":\"https:\/\/www.kasinobonus.ai\/dk\/kontakt\/\",\"name\":\"Kontakt www.kasinobonus.ai \u2013 F\u00e5 hj\u00e6lp til kasinosp\u00f8rgsm\u00e5l\",\"isPartOf\":{\"@id\":\"https:\/\/www.kasinobonus.ai\/dk\/#website\"},\"datePublished\":\"2023-09-01T06:32:04+00:00\",\"dateModified\":\"2025-07-26T08:16:35+00:00\",\"description\":\"www.kasinobonus.ai hj\u00e6lper dig med dine kasinorelaterede sp\u00f8rgsm\u00e5l. Ekspertassistance fra bonusser til problem situationer.\",\"breadcrumb\":{\"@id\":\"https:\/\/www.kasinobonus.ai\/dk\/kontakt\/#breadcrumb\"},\"inLanguage\":\"da\",\"potentialAction\":[{\"@type\":\"ReadAction\",\"target\":[\"https:\/\/www.kasinobonus.ai\/dk\/kontakt\/\"]}]},{\"@type\":\"BreadcrumbList\",\"@id\":\"https:\/\/www.kasinobonus.ai\/dk\/kontakt\/#breadcrumb\",\"itemListElement\":[{\"@type\":\"ListItem\",\"position\":1,\"name\":\"Home\",\"item\":\"https:\/\/kasinobonus.ai\/dk\/\"},{\"@type\":\"ListItem\",\"position\":2,\"name\":\"Kontakt os\"}]},{\"@type\":\"WebSite\",\"@id\":\"https:\/\/www.kasinobonus.ai\/dk\/#website\",\"url\":\"https:\/\/www.kasinobonus.ai\/dk\/\",\"name\":\"www.kasinobonus.ai\",\"description\":\"\",\"publisher\":{\"@id\":\"https:\/\/www.kasinobonus.ai\/dk\/#organization\"},\"potentialAction\":[{\"@type\":\"SearchAction\",\"target\":{\"@type\":\"EntryPoint\",\"urlTemplate\":\"https:\/\/www.kasinobonus.ai\/dk\/?s={search_term_string}\"},\"query-input\":{\"@type\":\"PropertyValueSpecification\",\"valueRequired\":true,\"valueName\":\"search_term_string\"}}],\"inLanguage\":\"da\"},{\"@type\":\"Organization\",\"@id\":\"https:\/\/www.kasinobonus.ai\/dk\/#organization\",\"name\":\"KasinoBonus\",\"alternateName\":\"KasinoBonusAI\",\"url\":\"https:\/\/www.kasinobonus.ai\/dk\/\",\"logo\":{\"@type\":\"ImageObject\",\"inLanguage\":\"da\",\"@id\":\"https:\/\/www.kasinobonus.ai\/dk\/#\/schema\/logo\/image\/\",\"url\":\"https:\/\/www.kasinobonus.ai\/wp-content\/uploads\/2023\/09\/kasinobonus-logo-light.png\",\"contentUrl\":\"https:\/\/www.kasinobonus.ai\/wp-content\/uploads\/2023\/09\/kasinobonus-logo-light.png\",\"width\":3200,\"height\":596,\"caption\":\"KasinoBonus\"},\"image\":{\"@id\":\"https:\/\/www.kasinobonus.ai\/dk\/#\/schema\/logo\/image\/\"},\"sameAs\":[\"https:\/\/www.facebook.com\/kasinobonusio\/\",\"https:\/\/x.com\/Kasinobonus_io\",\"https:\/\/www.linkedin.com\/in\/matti-slotte-26612033b\",\"http:\/\/kasinobonus.wikidot.com\/system:welcome\",\"https:\/\/www.trustpilot.com\/review\/www.kasinobonus.ai\",\"https:\/\/orcid.org\/0009-0007-2889-1713\",\"https:\/\/en.everybodywiki.com\/Matti_Slotte\",\"https:\/\/www.immuniweb.com\/ssl\/kasinobonus.ai\/M4lqCqYY\/\"]}]}<\/script>\n<!-- \/ Yoast SEO plugin. -->","yoast_head_json":{"title":"Kontakt www.kasinobonus.ai \u2013 F\u00e5 hj\u00e6lp til kasinosp\u00f8rgsm\u00e5l","description":"www.kasinobonus.ai hj\u00e6lper dig med dine kasinorelaterede sp\u00f8rgsm\u00e5l. Ekspertassistance fra bonusser til problem situationer.","robots":{"index":"index","follow":"follow","max-snippet":"max-snippet:-1","max-image-preview":"max-image-preview:large","max-video-preview":"max-video-preview:-1"},"canonical":"https:\/\/www.kasinobonus.ai\/dk\/kontakt\/","schema":{"@context":"https:\/\/schema.org","@graph":[{"@type":"WebPage","@id":"https:\/\/www.kasinobonus.ai\/dk\/kontakt\/","url":"https:\/\/www.kasinobonus.ai\/dk\/kontakt\/","name":"Kontakt www.kasinobonus.ai \u2013 F\u00e5 hj\u00e6lp til kasinosp\u00f8rgsm\u00e5l","isPartOf":{"@id":"https:\/\/www.kasinobonus.ai\/dk\/#website"},"datePublished":"2023-09-01T06:32:04+00:00","dateModified":"2025-07-26T08:16:35+00:00","description":"www.kasinobonus.ai hj\u00e6lper dig med dine kasinorelaterede sp\u00f8rgsm\u00e5l. Ekspertassistance fra bonusser til problem situationer.","breadcrumb":{"@id":"https:\/\/www.kasinobonus.ai\/dk\/kontakt\/#breadcrumb"},"inLanguage":"da","potentialAction":[{"@type":"ReadAction","target":["https:\/\/www.kasinobonus.ai\/dk\/kontakt\/"]}]},{"@type":"BreadcrumbList","@id":"https:\/\/www.kasinobonus.ai\/dk\/kontakt\/#breadcrumb","itemListElement":[{"@type":"ListItem","position":1,"name":"Home","item":"https:\/\/kasinobonus.ai\/dk\/"},{"@type":"ListItem","position":2,"name":"Kontakt os"}]},{"@type":"WebSite","@id":"https:\/\/www.kasinobonus.ai\/dk\/#website","url":"https:\/\/www.kasinobonus.ai\/dk\/","name":"www.kasinobonus.ai","description":"","publisher":{"@id":"https:\/\/www.kasinobonus.ai\/dk\/#organization"},"potentialAction":[{"@type":"SearchAction","target":{"@type":"EntryPoint","urlTemplate":"https:\/\/www.kasinobonus.ai\/dk\/?s={search_term_string}"},"query-input":{"@type":"PropertyValueSpecification","valueRequired":true,"valueName":"search_term_string"}}],"inLanguage":"da"},{"@type":"Organization","@id":"https:\/\/www.kasinobonus.ai\/dk\/#organization","name":"KasinoBonus","alternateName":"KasinoBonusAI","url":"https:\/\/www.kasinobonus.ai\/dk\/","logo":{"@type":"ImageObject","inLanguage":"da","@id":"https:\/\/www.kasinobonus.ai\/dk\/#\/schema\/logo\/image\/","url":"https:\/\/www.kasinobonus.ai\/wp-content\/uploads\/2023\/09\/kasinobonus-logo-light.png","contentUrl":"https:\/\/www.kasinobonus.ai\/wp-content\/uploads\/2023\/09\/kasinobonus-logo-light.png","width":3200,"height":596,"caption":"KasinoBonus"},"image":{"@id":"https:\/\/www.kasinobonus.ai\/dk\/#\/schema\/logo\/image\/"},"sameAs":["https:\/\/www.facebook.com\/kasinobonusio\/","https:\/\/x.com\/Kasinobonus_io","https:\/\/www.linkedin.com\/in\/matti-slotte-26612033b","http:\/\/kasinobonus.wikidot.com\/system:welcome","https:\/\/www.trustpilot.com\/review\/www.kasinobonus.ai","https:\/\/orcid.org\/0009-0007-2889-1713","https:\/\/en.everybodywiki.com\/Matti_Slotte","https:\/\/www.immuniweb.com\/ssl\/kasinobonus.ai\/M4lqCqYY\/"]}]}},"_links":{"self":[{"href":"https:\/\/www.kasinobonus.ai\/dk\/wp-json\/wp\/v2\/pages\/8839","targetHints":{"allow":["GET"]}}],"collection":[{"href":"https:\/\/www.kasinobonus.ai\/dk\/wp-json\/wp\/v2\/pages"}],"about":[{"href":"https:\/\/www.kasinobonus.ai\/dk\/wp-json\/wp\/v2\/types\/page"}],"author":[{"embeddable":true,"href":"https:\/\/www.kasinobonus.ai\/dk\/wp-json\/wp\/v2\/users\/1"}],"replies":[{"embeddable":true,"href":"https:\/\/www.kasinobonus.ai\/dk\/wp-json\/wp\/v2\/comments?post=8839"}],"version-history":[{"count":2,"href":"https:\/\/www.kasinobonus.ai\/dk\/wp-json\/wp\/v2\/pages\/8839\/revisions"}],"predecessor-version":[{"id":34396,"href":"https:\/\/www.kasinobonus.ai\/dk\/wp-json\/wp\/v2\/pages\/8839\/revisions\/34396"}],"wp:attachment":[{"href":"https:\/\/www.kasinobonus.ai\/dk\/wp-json\/wp\/v2\/media?parent=8839"}],"curies":[{"name":"wp","href":"https:\/\/api.w.org\/{rel}","templated":true}]}}