{"id":8834,"date":"2023-09-01T06:34:45","date_gmt":"2023-09-01T06:34:45","guid":{"rendered":"http:\/\/kasinobonus.ai.dedivirt842.your-server.de\/vastuullinen-pelaaminen\/"},"modified":"2025-07-26T09:03:15","modified_gmt":"2025-07-26T09:03:15","slug":"ansvarligt-spil","status":"publish","type":"page","link":"https:\/\/www.kasinobonus.ai\/dk\/ansvarligt-spil\/","title":{"rendered":"Ansvarligt Pengespil"},"content":{"rendered":"\n<h1 class=\"wp-block-heading\">Guide til Ansvarligt Pengespil fra kasinobonus<\/h1>\n\n\n\n<p>Vores team er passioneret omkring verdenen af onlinekasinoer og bestr\u00e6ber sig p\u00e5 at give vores l\u00e6sere de bedste kasinoer fra et upartisk spillerperspektiv. Da vores team best\u00e5r af spillere, oplever vi de samme udfordringer og fordele i iGaming-industrien som du g\u00f8r. For nylig er problemspil blevet et stigende bekymring.<\/p>\n\n\n\n<p>Vi har bem\u00e6rket, at flere og flere spillere k\u00e6mper med dette problem. Derfor har vi udarbejdet en omfattende guide til ansvarligt spil. Vi \u00f8nsker at tilbyde dig en bedre forst\u00e5else af problemet og midlerne til at forhindre det.<\/p>\n\n\n\n<h3 class=\"wp-block-heading\">Hvad Er Problemspil?<\/h3>\n\n\n\n<p>Problemspil kigger ikke p\u00e5 tid eller sted, uanset om det er et prangende kasino i Las Vegas eller en lille spillemaskine i din hjemby. Problemet opst\u00e5r, n\u00e5r du spiller over dine \u00f8konomiske midler og det p\u00e5virker andre omr\u00e5der af dit liv.<\/p>\n\n\n\n<p>Men selvom vores <a href=\"https:\/\/www.kasinobonus.ai\/dk\/om-kasinobonus\/\">team<\/a> anbefaler spillere at finde nye kasinosider med bedre tilbud, str\u00e6ber vi efter kun at anbefale sider, der tilbyder v\u00e6rkt\u00f8jer til forebyggelse af problemspil.<\/p>\n\n\n\n<h3 class=\"wp-block-heading\">Tegn P\u00e5 Problemspil For at anerkende symptomerne p\u00e5 problemspil, har vi n\u00e6vnt de mest almindelige tegn:<\/h3>\n\n\n\n<ul class=\"wp-block-list\">\n<li>At satse over den aftalte gr\u00e6nse<\/li>\n\n\n\n<li>At jage tab<\/li>\n\n\n\n<li>At spille for st\u00f8rre bel\u00f8b end man har r\u00e5d til<\/li>\n\n\n\n<li>At undg\u00e5 sider, der bruger v\u00e6rkt\u00f8jer til at forhindre problemspil<\/li>\n\n\n\n<li>At give d\u00e5rlig held skylden for tab i stedet for at evaluere spillestrategien<\/li>\n<\/ul>\n\n\n\n<p>Almindelige \u00e5rsager til problemspil Ofte ligger en overdreven hengivenhed til kasinospil bag problemspil. Mens mange nyder at pr\u00f8ve nye spil, er det vigtigt at anerkende, n\u00e5r spillet g\u00e5r for langt. Spil b\u00f8r aldrig anses som en god ide til at tjene penge.<\/p>\n\n\n\n<p>Ressourcer til Problemspil Vi tilbyder vores l\u00e6sere oplysninger om nyttige ressourcer og organisationer, som du kan henvende dig til, hvis du genkender tegn p\u00e5 problemspil hos dig selv.<\/p>\n\n\n\n<p>Kasinobonus &amp; Ansvarligt Pengespil Til sidst vil vi understrege, hvordan Kasinobonus holdet h\u00e5ndterer truslen om problemspil:<\/p>\n\n\n\n<ul class=\"wp-block-list\">\n<li>Vi anbefaler kun sider, vi selv har testet.<\/li>\n\n\n\n<li>Vi anbefaler kun sider, der tilbyder v\u00e6rkt\u00f8jer til ansvarligt spil.<\/li>\n\n\n\n<li>Vi fremh\u00e6ver konstant betydningen af ansvarligt spil.<\/li>\n<\/ul>\n\n\n\n<h3 class=\"wp-block-heading\">Hj\u00e6lp Til Spilleproblemer<\/h3>\n\n\n\n<p>Hvis du eller en n\u00e6r person viser tegn p\u00e5 spilleproblemer, er det vigtigt at kontakte en ekspert eller en organisation, der kan tilbyde hj\u00e6lp og st\u00f8tte. I Finland er der mange organisationer og tjenester, der fokuserer p\u00e5 at hj\u00e6lpe dem med spilleproblemer:<\/p>\n\n\n\n<ol class=\"wp-block-list\">\n<li><a href=\"https:\/\/www.peluuri.fi\/\"><strong>Peluuri<\/strong> <\/a>&#8211; En gratis og fortrolig hj\u00e6lpelinje og online r\u00e5dgivning for dem, der oplever spilleproblemer eller for deres p\u00e5r\u00f8rende.<\/li>\n\n\n\n<li><a href=\"https:\/\/www.sininauhaliitto.fi\/\"><strong>Bl\u00e5 Kors<\/strong> <\/a>&#8211; En organisation, der tilbyder st\u00f8tte og tjenester til personer med afh\u00e6ngighedsproblemer, inklusive spilafh\u00e6ngighed, og deres p\u00e5r\u00f8rende.<\/li>\n\n\n\n<li><strong><a href=\"https:\/\/a-klinikkasaatio.fi\/\">A-klinikfonden<\/a><\/strong> &#8211; Tilbyder en bred vifte af tjenester til personer med stof- og spilproblemer.<\/li>\n\n\n\n<li><a href=\"https:\/\/gamban.com\/\"><strong>Gamban<\/strong> <\/a>&#8211; Gamban er software, der hj\u00e6lper med at blokere adgangen til tusindvis af onlinekasinoer og spillesider. Det er designet til at hj\u00e6lpe dem, der \u00f8nsker at s\u00e6tte gr\u00e6nser eller stoppe online spil. N\u00e5r du installerer Gamban, vil du ikke l\u00e6ngere kunne f\u00e5 adgang til spillesider p\u00e5 dine enheder, s\u00e5 du kan fokusere p\u00e5 andre ting uden fristelsen til at spille.<\/li>\n<\/ol>\n\n\n\n<p>Hvis du mist\u00e6nker, at du har et spilleproblem, er det vigtigt at kontakte nogen hurtigst muligt. Husk, at der er hj\u00e6lp at hente, og du beh\u00f8ver ikke at klare det alene.<\/p>\n","protected":false},"excerpt":{"rendered":"<p>Guide til Ansvarligt Pengespil fra kasinobonus Vores team er passioneret omkring verdenen af onlinekasinoer og bestr\u00e6ber sig p\u00e5 at give vores l\u00e6sere de bedste kasinoer fra et upartisk spillerperspektiv. Da vores team best\u00e5r af spillere, oplever vi de samme udfordringer og fordele i iGaming-industrien som du g\u00f8r. For nylig er problemspil blevet et stigende bekymring. [&hellip;]<\/p>\n","protected":false},"author":1,"featured_media":0,"parent":0,"menu_order":0,"comment_status":"open","ping_status":"closed","template":"","meta":{"inline_featured_image":false,"footnotes":""},"class_list":["post-8834","page","type-page","status-publish","hentry"],"yoast_head":"<!-- This site is optimized with the Yoast SEO plugin v24.5 - https:\/\/yoast.com\/wordpress\/plugins\/seo\/ -->\n<title>Ansvarligt Spil: En Omfattende Guide fra Kasinobonus<\/title>\n<meta name=\"description\" content=\"L\u00e6r principperne for ansvarligt spil og genkend tegnene. Vi hj\u00e6lper dig med at spille sikkert og identificere advarselsskilte for problematisk spil.\" \/>\n<meta name=\"robots\" content=\"index, follow, max-snippet:-1, max-image-preview:large, max-video-preview:-1\" \/>\n<link rel=\"canonical\" href=\"https:\/\/www.kasinobonus.ai\/dk\/ansvarligt-spil\/\" \/>\n<script type=\"application\/ld+json\" class=\"yoast-schema-graph\">{\"@context\":\"https:\/\/schema.org\",\"@graph\":[{\"@type\":\"WebPage\",\"@id\":\"https:\/\/www.kasinobonus.ai\/dk\/ansvarligt-spil\/\",\"url\":\"https:\/\/www.kasinobonus.ai\/dk\/ansvarligt-spil\/\",\"name\":\"Ansvarligt Spil: En Omfattende Guide fra Kasinobonus\",\"isPartOf\":{\"@id\":\"https:\/\/www.kasinobonus.ai\/dk\/#website\"},\"datePublished\":\"2023-09-01T06:34:45+00:00\",\"dateModified\":\"2025-07-26T09:03:15+00:00\",\"description\":\"L\u00e6r principperne for ansvarligt spil og genkend tegnene. Vi hj\u00e6lper dig med at spille sikkert og identificere advarselsskilte for problematisk spil.\",\"breadcrumb\":{\"@id\":\"https:\/\/www.kasinobonus.ai\/dk\/ansvarligt-spil\/#breadcrumb\"},\"inLanguage\":\"da\",\"potentialAction\":[{\"@type\":\"ReadAction\",\"target\":[\"https:\/\/www.kasinobonus.ai\/dk\/ansvarligt-spil\/\"]}]},{\"@type\":\"BreadcrumbList\",\"@id\":\"https:\/\/www.kasinobonus.ai\/dk\/ansvarligt-spil\/#breadcrumb\",\"itemListElement\":[{\"@type\":\"ListItem\",\"position\":1,\"name\":\"Home\",\"item\":\"https:\/\/kasinobonus.ai\/dk\/\"},{\"@type\":\"ListItem\",\"position\":2,\"name\":\"Ansvarligt Pengespil\"}]},{\"@type\":\"WebSite\",\"@id\":\"https:\/\/www.kasinobonus.ai\/dk\/#website\",\"url\":\"https:\/\/www.kasinobonus.ai\/dk\/\",\"name\":\"www.kasinobonus.ai\",\"description\":\"\",\"publisher\":{\"@id\":\"https:\/\/www.kasinobonus.ai\/dk\/#organization\"},\"potentialAction\":[{\"@type\":\"SearchAction\",\"target\":{\"@type\":\"EntryPoint\",\"urlTemplate\":\"https:\/\/www.kasinobonus.ai\/dk\/?s={search_term_string}\"},\"query-input\":{\"@type\":\"PropertyValueSpecification\",\"valueRequired\":true,\"valueName\":\"search_term_string\"}}],\"inLanguage\":\"da\"},{\"@type\":\"Organization\",\"@id\":\"https:\/\/www.kasinobonus.ai\/dk\/#organization\",\"name\":\"KasinoBonus\",\"alternateName\":\"KasinoBonusAI\",\"url\":\"https:\/\/www.kasinobonus.ai\/dk\/\",\"logo\":{\"@type\":\"ImageObject\",\"inLanguage\":\"da\",\"@id\":\"https:\/\/www.kasinobonus.ai\/dk\/#\/schema\/logo\/image\/\",\"url\":\"https:\/\/www.kasinobonus.ai\/wp-content\/uploads\/2023\/09\/kasinobonus-logo-light.png\",\"contentUrl\":\"https:\/\/www.kasinobonus.ai\/wp-content\/uploads\/2023\/09\/kasinobonus-logo-light.png\",\"width\":3200,\"height\":596,\"caption\":\"KasinoBonus\"},\"image\":{\"@id\":\"https:\/\/www.kasinobonus.ai\/dk\/#\/schema\/logo\/image\/\"},\"sameAs\":[\"https:\/\/www.facebook.com\/kasinobonusio\/\",\"https:\/\/x.com\/Kasinobonus_io\",\"https:\/\/www.linkedin.com\/in\/matti-slotte-26612033b\",\"http:\/\/kasinobonus.wikidot.com\/system:welcome\",\"https:\/\/www.trustpilot.com\/review\/www.kasinobonus.ai\",\"https:\/\/orcid.org\/0009-0007-2889-1713\",\"https:\/\/en.everybodywiki.com\/Matti_Slotte\",\"https:\/\/www.immuniweb.com\/ssl\/kasinobonus.ai\/M4lqCqYY\/\"]}]}<\/script>\n<!-- \/ Yoast SEO plugin. -->","yoast_head_json":{"title":"Ansvarligt Spil: En Omfattende Guide fra Kasinobonus","description":"L\u00e6r principperne for ansvarligt spil og genkend tegnene. Vi hj\u00e6lper dig med at spille sikkert og identificere advarselsskilte for problematisk spil.","robots":{"index":"index","follow":"follow","max-snippet":"max-snippet:-1","max-image-preview":"max-image-preview:large","max-video-preview":"max-video-preview:-1"},"canonical":"https:\/\/www.kasinobonus.ai\/dk\/ansvarligt-spil\/","schema":{"@context":"https:\/\/schema.org","@graph":[{"@type":"WebPage","@id":"https:\/\/www.kasinobonus.ai\/dk\/ansvarligt-spil\/","url":"https:\/\/www.kasinobonus.ai\/dk\/ansvarligt-spil\/","name":"Ansvarligt Spil: En Omfattende Guide fra Kasinobonus","isPartOf":{"@id":"https:\/\/www.kasinobonus.ai\/dk\/#website"},"datePublished":"2023-09-01T06:34:45+00:00","dateModified":"2025-07-26T09:03:15+00:00","description":"L\u00e6r principperne for ansvarligt spil og genkend tegnene. Vi hj\u00e6lper dig med at spille sikkert og identificere advarselsskilte for problematisk spil.","breadcrumb":{"@id":"https:\/\/www.kasinobonus.ai\/dk\/ansvarligt-spil\/#breadcrumb"},"inLanguage":"da","potentialAction":[{"@type":"ReadAction","target":["https:\/\/www.kasinobonus.ai\/dk\/ansvarligt-spil\/"]}]},{"@type":"BreadcrumbList","@id":"https:\/\/www.kasinobonus.ai\/dk\/ansvarligt-spil\/#breadcrumb","itemListElement":[{"@type":"ListItem","position":1,"name":"Home","item":"https:\/\/kasinobonus.ai\/dk\/"},{"@type":"ListItem","position":2,"name":"Ansvarligt Pengespil"}]},{"@type":"WebSite","@id":"https:\/\/www.kasinobonus.ai\/dk\/#website","url":"https:\/\/www.kasinobonus.ai\/dk\/","name":"www.kasinobonus.ai","description":"","publisher":{"@id":"https:\/\/www.kasinobonus.ai\/dk\/#organization"},"potentialAction":[{"@type":"SearchAction","target":{"@type":"EntryPoint","urlTemplate":"https:\/\/www.kasinobonus.ai\/dk\/?s={search_term_string}"},"query-input":{"@type":"PropertyValueSpecification","valueRequired":true,"valueName":"search_term_string"}}],"inLanguage":"da"},{"@type":"Organization","@id":"https:\/\/www.kasinobonus.ai\/dk\/#organization","name":"KasinoBonus","alternateName":"KasinoBonusAI","url":"https:\/\/www.kasinobonus.ai\/dk\/","logo":{"@type":"ImageObject","inLanguage":"da","@id":"https:\/\/www.kasinobonus.ai\/dk\/#\/schema\/logo\/image\/","url":"https:\/\/www.kasinobonus.ai\/wp-content\/uploads\/2023\/09\/kasinobonus-logo-light.png","contentUrl":"https:\/\/www.kasinobonus.ai\/wp-content\/uploads\/2023\/09\/kasinobonus-logo-light.png","width":3200,"height":596,"caption":"KasinoBonus"},"image":{"@id":"https:\/\/www.kasinobonus.ai\/dk\/#\/schema\/logo\/image\/"},"sameAs":["https:\/\/www.facebook.com\/kasinobonusio\/","https:\/\/x.com\/Kasinobonus_io","https:\/\/www.linkedin.com\/in\/matti-slotte-26612033b","http:\/\/kasinobonus.wikidot.com\/system:welcome","https:\/\/www.trustpilot.com\/review\/www.kasinobonus.ai","https:\/\/orcid.org\/0009-0007-2889-1713","https:\/\/en.everybodywiki.com\/Matti_Slotte","https:\/\/www.immuniweb.com\/ssl\/kasinobonus.ai\/M4lqCqYY\/"]}]}},"_links":{"self":[{"href":"https:\/\/www.kasinobonus.ai\/dk\/wp-json\/wp\/v2\/pages\/8834","targetHints":{"allow":["GET"]}}],"collection":[{"href":"https:\/\/www.kasinobonus.ai\/dk\/wp-json\/wp\/v2\/pages"}],"about":[{"href":"https:\/\/www.kasinobonus.ai\/dk\/wp-json\/wp\/v2\/types\/page"}],"author":[{"embeddable":true,"href":"https:\/\/www.kasinobonus.ai\/dk\/wp-json\/wp\/v2\/users\/1"}],"replies":[{"embeddable":true,"href":"https:\/\/www.kasinobonus.ai\/dk\/wp-json\/wp\/v2\/comments?post=8834"}],"version-history":[{"count":1,"href":"https:\/\/www.kasinobonus.ai\/dk\/wp-json\/wp\/v2\/pages\/8834\/revisions"}],"predecessor-version":[{"id":34452,"href":"https:\/\/www.kasinobonus.ai\/dk\/wp-json\/wp\/v2\/pages\/8834\/revisions\/34452"}],"wp:attachment":[{"href":"https:\/\/www.kasinobonus.ai\/dk\/wp-json\/wp\/v2\/media?parent=8834"}],"curies":[{"name":"wp","href":"https:\/\/api.w.org\/{rel}","templated":true}]}}