{"id":8829,"date":"2023-09-01T06:51:17","date_gmt":"2023-09-01T06:51:17","guid":{"rendered":"http:\/\/kasinobonus.ai.dedivirt842.your-server.de\/vastuunvapauslauseke\/"},"modified":"2025-07-26T09:02:43","modified_gmt":"2025-07-26T09:02:43","slug":"ansvarsfraskrivelse","status":"publish","type":"page","link":"https:\/\/www.kasinobonus.ai\/dk\/ansvarsfraskrivelse\/","title":{"rendered":"Ansvarsfraskrivelse"},"content":{"rendered":"\n<h1 class=\"wp-block-heading\">Ansvarsfraskrivelse<\/h1>\n\n\n\n<p>P\u00e5 vores hjemmeside finder du generelle oplysninger om casinoer, casinospil og andre relaterede emner. Kasinobonus p\u00e5tager sig intet ansvar for de beslutninger, som brugere m\u00e5tte tr\u00e6ffe p\u00e5 grundlag af informationer fundet p\u00e5 vores eller eksterne hjemmesider.<\/p>\n\n\n\n<h2 class=\"wp-block-heading\">Opdatering af oplysninger<\/h2>\n\n\n\n<p>Vi arbejder konstant p\u00e5 at sikre, at oplysningerne p\u00e5 vores hjemmeside er ajourf\u00f8rte. Det er dog brugerens eget ansvar at kontrollere oplysningernes aktualitet og relevans. Bem\u00e6rk venligst, at vi ikke fungerer som et casino, ikke tilbyder casinospil direkte, og ikke h\u00e5ndterer nogen former for finansielle transaktioner, herunder b\u00e5de traditionelle pengeoverf\u00f8rsler og transaktioner relateret til kryptovaluta. Vi fral\u00e6gger os ethvert ansvar for eventuelle tab, som brugerne m\u00e5tte lide, mens de benytter sig af casinospil fra tredjeparter.<\/p>\n\n\n\n<h2 class=\"wp-block-heading\">Love og regulering<\/h2>\n\n\n\n<p>Det er brugerens ansvar at v\u00e6re informeret om og overholde lovgivningen samt regulativerne vedr\u00f8rende online spiltjenester i deres jurisdiktion. Det anbefales kraftigt at genneml\u00e6se og forst\u00e5 tjenesteudbydernes vilk\u00e5r og betingelser omhyggeligt, f\u00f8r man registrerer sig eller benytter deres tjenester.<\/p>\n","protected":false},"excerpt":{"rendered":"<p>Ansvarsfraskrivelse P\u00e5 vores hjemmeside finder du generelle oplysninger om casinoer, casinospil og andre relaterede emner. Kasinobonus p\u00e5tager sig intet ansvar for de beslutninger, som brugere m\u00e5tte tr\u00e6ffe p\u00e5 grundlag af informationer fundet p\u00e5 vores eller eksterne hjemmesider. Opdatering af oplysninger Vi arbejder konstant p\u00e5 at sikre, at oplysningerne p\u00e5 vores hjemmeside er ajourf\u00f8rte. Det er [&hellip;]<\/p>\n","protected":false},"author":1,"featured_media":0,"parent":0,"menu_order":0,"comment_status":"open","ping_status":"closed","template":"","meta":{"inline_featured_image":false,"footnotes":""},"class_list":["post-8829","page","type-page","status-publish","hentry"],"yoast_head":"<!-- This site is optimized with the Yoast SEO plugin v24.5 - https:\/\/yoast.com\/wordpress\/plugins\/seo\/ -->\n<title>Ansvarsfraskrivelse og Brugsvilk\u00e5r - Kasinobonus<\/title>\n<meta name=\"description\" content=\"Ansvarsfraskrivelse fra Kasinobonus. L\u00e6s vigtige oplysninger og anbefalinger f\u00f8r du starter med at sammenligne og spille p\u00e5 kasinoer.\" \/>\n<meta name=\"robots\" content=\"index, follow, max-snippet:-1, max-image-preview:large, max-video-preview:-1\" \/>\n<link rel=\"canonical\" href=\"https:\/\/www.kasinobonus.ai\/dk\/ansvarsfraskrivelse\/\" \/>\n<script type=\"application\/ld+json\" class=\"yoast-schema-graph\">{\"@context\":\"https:\/\/schema.org\",\"@graph\":[{\"@type\":\"WebPage\",\"@id\":\"https:\/\/www.kasinobonus.ai\/dk\/ansvarsfraskrivelse\/\",\"url\":\"https:\/\/www.kasinobonus.ai\/dk\/ansvarsfraskrivelse\/\",\"name\":\"Ansvarsfraskrivelse og Brugsvilk\u00e5r - Kasinobonus\",\"isPartOf\":{\"@id\":\"https:\/\/www.kasinobonus.ai\/dk\/#website\"},\"datePublished\":\"2023-09-01T06:51:17+00:00\",\"dateModified\":\"2025-07-26T09:02:43+00:00\",\"description\":\"Ansvarsfraskrivelse fra Kasinobonus. L\u00e6s vigtige oplysninger og anbefalinger f\u00f8r du starter med at sammenligne og spille p\u00e5 kasinoer.\",\"breadcrumb\":{\"@id\":\"https:\/\/www.kasinobonus.ai\/dk\/ansvarsfraskrivelse\/#breadcrumb\"},\"inLanguage\":\"da\",\"potentialAction\":[{\"@type\":\"ReadAction\",\"target\":[\"https:\/\/www.kasinobonus.ai\/dk\/ansvarsfraskrivelse\/\"]}]},{\"@type\":\"BreadcrumbList\",\"@id\":\"https:\/\/www.kasinobonus.ai\/dk\/ansvarsfraskrivelse\/#breadcrumb\",\"itemListElement\":[{\"@type\":\"ListItem\",\"position\":1,\"name\":\"Home\",\"item\":\"https:\/\/kasinobonus.ai\/dk\/\"},{\"@type\":\"ListItem\",\"position\":2,\"name\":\"Ansvarsfraskrivelse\"}]},{\"@type\":\"WebSite\",\"@id\":\"https:\/\/www.kasinobonus.ai\/dk\/#website\",\"url\":\"https:\/\/www.kasinobonus.ai\/dk\/\",\"name\":\"www.kasinobonus.ai\",\"description\":\"\",\"publisher\":{\"@id\":\"https:\/\/www.kasinobonus.ai\/dk\/#organization\"},\"potentialAction\":[{\"@type\":\"SearchAction\",\"target\":{\"@type\":\"EntryPoint\",\"urlTemplate\":\"https:\/\/www.kasinobonus.ai\/dk\/?s={search_term_string}\"},\"query-input\":{\"@type\":\"PropertyValueSpecification\",\"valueRequired\":true,\"valueName\":\"search_term_string\"}}],\"inLanguage\":\"da\"},{\"@type\":\"Organization\",\"@id\":\"https:\/\/www.kasinobonus.ai\/dk\/#organization\",\"name\":\"KasinoBonus\",\"alternateName\":\"KasinoBonusAI\",\"url\":\"https:\/\/www.kasinobonus.ai\/dk\/\",\"logo\":{\"@type\":\"ImageObject\",\"inLanguage\":\"da\",\"@id\":\"https:\/\/www.kasinobonus.ai\/dk\/#\/schema\/logo\/image\/\",\"url\":\"https:\/\/www.kasinobonus.ai\/wp-content\/uploads\/2023\/09\/kasinobonus-logo-light.png\",\"contentUrl\":\"https:\/\/www.kasinobonus.ai\/wp-content\/uploads\/2023\/09\/kasinobonus-logo-light.png\",\"width\":3200,\"height\":596,\"caption\":\"KasinoBonus\"},\"image\":{\"@id\":\"https:\/\/www.kasinobonus.ai\/dk\/#\/schema\/logo\/image\/\"},\"sameAs\":[\"https:\/\/www.facebook.com\/kasinobonusio\/\",\"https:\/\/x.com\/Kasinobonus_io\",\"https:\/\/www.linkedin.com\/in\/matti-slotte-26612033b\",\"http:\/\/kasinobonus.wikidot.com\/system:welcome\",\"https:\/\/www.trustpilot.com\/review\/www.kasinobonus.ai\",\"https:\/\/orcid.org\/0009-0007-2889-1713\",\"https:\/\/en.everybodywiki.com\/Matti_Slotte\",\"https:\/\/www.immuniweb.com\/ssl\/kasinobonus.ai\/M4lqCqYY\/\"]}]}<\/script>\n<!-- \/ Yoast SEO plugin. -->","yoast_head_json":{"title":"Ansvarsfraskrivelse og Brugsvilk\u00e5r - Kasinobonus","description":"Ansvarsfraskrivelse fra Kasinobonus. L\u00e6s vigtige oplysninger og anbefalinger f\u00f8r du starter med at sammenligne og spille p\u00e5 kasinoer.","robots":{"index":"index","follow":"follow","max-snippet":"max-snippet:-1","max-image-preview":"max-image-preview:large","max-video-preview":"max-video-preview:-1"},"canonical":"https:\/\/www.kasinobonus.ai\/dk\/ansvarsfraskrivelse\/","schema":{"@context":"https:\/\/schema.org","@graph":[{"@type":"WebPage","@id":"https:\/\/www.kasinobonus.ai\/dk\/ansvarsfraskrivelse\/","url":"https:\/\/www.kasinobonus.ai\/dk\/ansvarsfraskrivelse\/","name":"Ansvarsfraskrivelse og Brugsvilk\u00e5r - Kasinobonus","isPartOf":{"@id":"https:\/\/www.kasinobonus.ai\/dk\/#website"},"datePublished":"2023-09-01T06:51:17+00:00","dateModified":"2025-07-26T09:02:43+00:00","description":"Ansvarsfraskrivelse fra Kasinobonus. L\u00e6s vigtige oplysninger og anbefalinger f\u00f8r du starter med at sammenligne og spille p\u00e5 kasinoer.","breadcrumb":{"@id":"https:\/\/www.kasinobonus.ai\/dk\/ansvarsfraskrivelse\/#breadcrumb"},"inLanguage":"da","potentialAction":[{"@type":"ReadAction","target":["https:\/\/www.kasinobonus.ai\/dk\/ansvarsfraskrivelse\/"]}]},{"@type":"BreadcrumbList","@id":"https:\/\/www.kasinobonus.ai\/dk\/ansvarsfraskrivelse\/#breadcrumb","itemListElement":[{"@type":"ListItem","position":1,"name":"Home","item":"https:\/\/kasinobonus.ai\/dk\/"},{"@type":"ListItem","position":2,"name":"Ansvarsfraskrivelse"}]},{"@type":"WebSite","@id":"https:\/\/www.kasinobonus.ai\/dk\/#website","url":"https:\/\/www.kasinobonus.ai\/dk\/","name":"www.kasinobonus.ai","description":"","publisher":{"@id":"https:\/\/www.kasinobonus.ai\/dk\/#organization"},"potentialAction":[{"@type":"SearchAction","target":{"@type":"EntryPoint","urlTemplate":"https:\/\/www.kasinobonus.ai\/dk\/?s={search_term_string}"},"query-input":{"@type":"PropertyValueSpecification","valueRequired":true,"valueName":"search_term_string"}}],"inLanguage":"da"},{"@type":"Organization","@id":"https:\/\/www.kasinobonus.ai\/dk\/#organization","name":"KasinoBonus","alternateName":"KasinoBonusAI","url":"https:\/\/www.kasinobonus.ai\/dk\/","logo":{"@type":"ImageObject","inLanguage":"da","@id":"https:\/\/www.kasinobonus.ai\/dk\/#\/schema\/logo\/image\/","url":"https:\/\/www.kasinobonus.ai\/wp-content\/uploads\/2023\/09\/kasinobonus-logo-light.png","contentUrl":"https:\/\/www.kasinobonus.ai\/wp-content\/uploads\/2023\/09\/kasinobonus-logo-light.png","width":3200,"height":596,"caption":"KasinoBonus"},"image":{"@id":"https:\/\/www.kasinobonus.ai\/dk\/#\/schema\/logo\/image\/"},"sameAs":["https:\/\/www.facebook.com\/kasinobonusio\/","https:\/\/x.com\/Kasinobonus_io","https:\/\/www.linkedin.com\/in\/matti-slotte-26612033b","http:\/\/kasinobonus.wikidot.com\/system:welcome","https:\/\/www.trustpilot.com\/review\/www.kasinobonus.ai","https:\/\/orcid.org\/0009-0007-2889-1713","https:\/\/en.everybodywiki.com\/Matti_Slotte","https:\/\/www.immuniweb.com\/ssl\/kasinobonus.ai\/M4lqCqYY\/"]}]}},"_links":{"self":[{"href":"https:\/\/www.kasinobonus.ai\/dk\/wp-json\/wp\/v2\/pages\/8829","targetHints":{"allow":["GET"]}}],"collection":[{"href":"https:\/\/www.kasinobonus.ai\/dk\/wp-json\/wp\/v2\/pages"}],"about":[{"href":"https:\/\/www.kasinobonus.ai\/dk\/wp-json\/wp\/v2\/types\/page"}],"author":[{"embeddable":true,"href":"https:\/\/www.kasinobonus.ai\/dk\/wp-json\/wp\/v2\/users\/1"}],"replies":[{"embeddable":true,"href":"https:\/\/www.kasinobonus.ai\/dk\/wp-json\/wp\/v2\/comments?post=8829"}],"version-history":[{"count":1,"href":"https:\/\/www.kasinobonus.ai\/dk\/wp-json\/wp\/v2\/pages\/8829\/revisions"}],"predecessor-version":[{"id":34450,"href":"https:\/\/www.kasinobonus.ai\/dk\/wp-json\/wp\/v2\/pages\/8829\/revisions\/34450"}],"wp:attachment":[{"href":"https:\/\/www.kasinobonus.ai\/dk\/wp-json\/wp\/v2\/media?parent=8829"}],"curies":[{"name":"wp","href":"https:\/\/api.w.org\/{rel}","templated":true}]}}