{"id":8801,"date":"2023-09-17T14:37:20","date_gmt":"2023-09-17T14:37:20","guid":{"rendered":"http:\/\/kasinobonus.ai.dedivirt842.your-server.de\/trustly-kasinot\/"},"modified":"2025-07-11T16:27:07","modified_gmt":"2025-07-11T16:27:07","slug":"trustly-kasinoer","status":"publish","type":"page","link":"https:\/\/www.kasinobonus.ai\/dk\/trustly-kasinoer\/","title":{"rendered":"Trustly Kasinoer"},"content":{"rendered":"\n<h1 class=\"wp-block-heading\">Bedste Trustly Kasinoer 2025 \u2013 Find Dit Favorit Her!<\/h1>\n\n\n\n<p>Trustly-casinoer bliver stadig mere popul\u00e6re i Danmark, da de tilbyder hurtige, sikre og problemfri betalinger til online spillere. Som betalingsudbyder giver Trustly dig mulighed for at indbetale og h\u00e6ve penge <em>direkte<\/em> fra din bank \u2013 uden at skulle bruge et kort!<\/p>\n\n\n\n<p>Det er bredt tilg\u00e6ngeligt, praktisk at bruge \u2013 og i denne guide viser jeg dig de bedste online casinoer i Danmark, der accepterer Trustly, og forklarer nogle af de vigtigste fordele og ulemper ved at bruge det.<\/p>\n\n\n\n<h2 class=\"wp-block-heading\"><strong>Bedste online casinoer, der accepterer Trustly<\/strong><\/h2>\n\n\n\n<p>Hvis du leder efter et online casino, der tilbyder indbetalinger og udbetalinger med Trustly, er du heldig. Flere danske spillesider end <em>nogensinde f\u00f8r<\/em> har integreret denne betalingsmulighed, og hvis du vil finde de bedste sider, der tilbyder den, kan du tjekke den h\u00e5ndplukkede tabel nedenfor:<\/p>\n\n\n<p>[brand_table template=&#8221;table_style_1.php&#8221; country=&#8221;DK&#8221; bonus=&#8221;&#8221;]<\/p>\n\n\n\n<p>N\u00e5r du har valgt et Trustly-casino fra listen, er det nemt at tilmelde sig og foretage en indbetaling. Du skal bare v\u00e6lge Trustly som din betalingsmulighed, forbinde din bankkonto sikkert og begynde at spille!<\/p>\n\n\n\n<figure class=\"wp-block-image size-full\"><img decoding=\"async\" width=\"1000\" height=\"666\" src=\"https:\/\/www.kasinobonus.ai\/wp-content\/uploads\/2025\/07\/Trustly-Kasinoer.jpg\" alt=\"Trustly Kasinoer\" class=\"wp-image-32272\" srcset=\"https:\/\/www.kasinobonus.ai\/wp-content\/uploads\/2025\/07\/Trustly-Kasinoer.jpg 1000w, https:\/\/www.kasinobonus.ai\/wp-content\/uploads\/2025\/07\/Trustly-Kasinoer-300x200.jpg 300w, https:\/\/www.kasinobonus.ai\/wp-content\/uploads\/2025\/07\/Trustly-Kasinoer-768x511.jpg 768w, https:\/\/www.kasinobonus.ai\/wp-content\/uploads\/2025\/07\/Trustly-Kasinoer-110x73.jpg 110w, https:\/\/www.kasinobonus.ai\/wp-content\/uploads\/2025\/07\/Trustly-Kasinoer-575x383.jpg 575w\" sizes=\"(max-width: 1000px) 100vw, 1000px\" \/><\/figure>\n\n\n\n<h2 class=\"wp-block-heading\"><strong>Hvordan vi vurderer Trustly-casinoer<\/strong><\/h2>\n\n\n\n<p>N\u00e5r vi vurderer Trustly-casinoer i Danmark her hos KasinoBonus, fokuserer vi p\u00e5 en lang r\u00e6kke faktorer for at sikre, at vi kun anbefaler de <em>bedste<\/em> i branchen.<\/p>\n\n\n\n<p>Selvf\u00f8lgelig vil vi gerne se et stort udvalg af spil \u2013 helst fra s\u00e5 mange softwareudbydere som muligt. Derefter ser vi p\u00e5 alle de juridiske aspekter: licenser, omd\u00f8mme, ejerskabsforhold osv.<\/p>\n\n\n\n<p>N\u00e5r vi er tilfredse med disse faktorer, tester vi personligt siden, hvilket inkluderer at foretage indskud og udbetalinger, tale med kundesupportteamet og rapportere <em>\u00e6rligt<\/em> om vores oplevelse.<\/p>\n\n\n\n<h3 class=\"wp-block-heading\"><strong>Fordele ved Trustly-casinoer<\/strong><\/h3>\n\n\n\n<ul class=\"wp-block-list\">\n<li><strong>\u00d8jeblikkelige transaktioner<\/strong> \u2013 Indskud behandles \u00f8jeblikkeligt, og udbetalinger tager ofte kun f\u00e5 minutter.<\/li>\n\n\n\n<li><strong>H\u00f8j sikkerhed<\/strong> \u2013 Bruger kryptering p\u00e5 bankniveau og gemmer aldrig bankoplysninger.<\/li>\n\n\n\n<li><strong>Ingen ekstra konti n\u00f8dvendige<\/strong> \u2013 Du beh\u00f8ver ikke at tilmelde dig Trustly, og alle betalinger gennemf\u00f8res i din internetbrowser.<\/li>\n\n\n\n<li><strong>Pay N Play-integration<\/strong> \u2013 Mange kasinoer underst\u00f8tter Trustlys Pay N Play, hvilket muligg\u00f8r \u00f8jeblikkelig kontoverifikation uden krav om KYC!<\/li>\n<\/ul>\n\n\n\n<h3 class=\"wp-block-heading\"><strong>Ulemper ved Trustly-kasinoer<\/strong><\/h3>\n\n\n\n<ul class=\"wp-block-list\">\n<li><strong>Begr\u00e6nset tilg\u00e6ngelighed<\/strong> \u2013 Ikke alle britiske online casinoer underst\u00f8tter Trustly.<\/li>\n\n\n\n<li><strong>Mulige forsinkelser ved udbetalinger<\/strong> \u2013 Selvom det er hurtigt, har nogle casinoer deres <em>egne<\/em> lange udbetalingsfrister.<\/li>\n\n\n\n<li><strong>Problemer med bankkompatibilitet<\/strong> \u2013 Ikke alle banker underst\u00f8tter Trustly-transaktioner, men nye banker tilf\u00f8jes ofte.<\/li>\n<\/ul>\n\n\n\n<p><strong>Potentielle gebyrer<\/strong> \u2013 Trustly selv er gebyrfri, men nogle casinoer kan opkr\u00e6ve deres egne udbetalingsgebyrer.<\/p>\n","protected":false},"excerpt":{"rendered":"<p>Bedste Trustly Kasinoer 2025 \u2013 Find Dit Favorit Her! Trustly-casinoer bliver stadig mere popul\u00e6re i Danmark, da de tilbyder hurtige, sikre og problemfri betalinger til online spillere. Som betalingsudbyder giver Trustly dig mulighed for at indbetale og h\u00e6ve penge direkte fra din bank \u2013 uden at skulle bruge et kort! Det er bredt tilg\u00e6ngeligt, praktisk [&hellip;]<\/p>\n","protected":false},"author":1,"featured_media":10961,"parent":0,"menu_order":0,"comment_status":"open","ping_status":"closed","template":"","meta":{"inline_featured_image":false,"footnotes":""},"class_list":["post-8801","page","type-page","status-publish","has-post-thumbnail","hentry"],"yoast_head":"<!-- This site is optimized with the Yoast SEO plugin v24.5 - https:\/\/yoast.com\/wordpress\/plugins\/seo\/ -->\n<title>Trustly Kasinoer i Danmark (2025) - www.kasinobonus.ai<\/title>\n<meta name=\"description\" content=\"Trustly Kasinoer 2025: v\u00e6lg, indbetal og start med at spille! Find de bedste Trustly casinoer og tilbud her!\" \/>\n<meta name=\"robots\" content=\"index, follow, max-snippet:-1, max-image-preview:large, max-video-preview:-1\" \/>\n<link rel=\"canonical\" href=\"https:\/\/www.kasinobonus.ai\/dk\/trustly-kasinoer\/\" \/>\n<script type=\"application\/ld+json\" class=\"yoast-schema-graph\">{\"@context\":\"https:\/\/schema.org\",\"@graph\":[{\"@type\":\"WebPage\",\"@id\":\"https:\/\/www.kasinobonus.ai\/dk\/trustly-kasinoer\/\",\"url\":\"https:\/\/www.kasinobonus.ai\/dk\/trustly-kasinoer\/\",\"name\":\"Trustly Kasinoer i Danmark (2025) - www.kasinobonus.ai\",\"isPartOf\":{\"@id\":\"https:\/\/www.kasinobonus.ai\/dk\/#website\"},\"primaryImageOfPage\":{\"@id\":\"https:\/\/www.kasinobonus.ai\/dk\/trustly-kasinoer\/#primaryimage\"},\"image\":{\"@id\":\"https:\/\/www.kasinobonus.ai\/dk\/trustly-kasinoer\/#primaryimage\"},\"thumbnailUrl\":\"https:\/\/www.kasinobonus.ai\/wp-content\/uploads\/2023\/12\/Trustly-Kasinoer-Danmark.jpg\",\"datePublished\":\"2023-09-17T14:37:20+00:00\",\"dateModified\":\"2025-07-11T16:27:07+00:00\",\"description\":\"Trustly Kasinoer 2025: v\u00e6lg, indbetal og start med at spille! Find de bedste Trustly casinoer og tilbud her!\",\"breadcrumb\":{\"@id\":\"https:\/\/www.kasinobonus.ai\/dk\/trustly-kasinoer\/#breadcrumb\"},\"inLanguage\":\"da\",\"potentialAction\":[{\"@type\":\"ReadAction\",\"target\":[\"https:\/\/www.kasinobonus.ai\/dk\/trustly-kasinoer\/\"]}]},{\"@type\":\"ImageObject\",\"inLanguage\":\"da\",\"@id\":\"https:\/\/www.kasinobonus.ai\/dk\/trustly-kasinoer\/#primaryimage\",\"url\":\"https:\/\/www.kasinobonus.ai\/wp-content\/uploads\/2023\/12\/Trustly-Kasinoer-Danmark.jpg\",\"contentUrl\":\"https:\/\/www.kasinobonus.ai\/wp-content\/uploads\/2023\/12\/Trustly-Kasinoer-Danmark.jpg\",\"width\":1200,\"height\":628,\"caption\":\"Trustly Kasinoer Danmark\"},{\"@type\":\"BreadcrumbList\",\"@id\":\"https:\/\/www.kasinobonus.ai\/dk\/trustly-kasinoer\/#breadcrumb\",\"itemListElement\":[{\"@type\":\"ListItem\",\"position\":1,\"name\":\"Home\",\"item\":\"https:\/\/kasinobonus.ai\/dk\/\"},{\"@type\":\"ListItem\",\"position\":2,\"name\":\"Trustly Kasinoer\"}]},{\"@type\":\"WebSite\",\"@id\":\"https:\/\/www.kasinobonus.ai\/dk\/#website\",\"url\":\"https:\/\/www.kasinobonus.ai\/dk\/\",\"name\":\"www.kasinobonus.ai\",\"description\":\"\",\"publisher\":{\"@id\":\"https:\/\/www.kasinobonus.ai\/dk\/#organization\"},\"potentialAction\":[{\"@type\":\"SearchAction\",\"target\":{\"@type\":\"EntryPoint\",\"urlTemplate\":\"https:\/\/www.kasinobonus.ai\/dk\/?s={search_term_string}\"},\"query-input\":{\"@type\":\"PropertyValueSpecification\",\"valueRequired\":true,\"valueName\":\"search_term_string\"}}],\"inLanguage\":\"da\"},{\"@type\":\"Organization\",\"@id\":\"https:\/\/www.kasinobonus.ai\/dk\/#organization\",\"name\":\"KasinoBonus\",\"alternateName\":\"KasinoBonusAI\",\"url\":\"https:\/\/www.kasinobonus.ai\/dk\/\",\"logo\":{\"@type\":\"ImageObject\",\"inLanguage\":\"da\",\"@id\":\"https:\/\/www.kasinobonus.ai\/dk\/#\/schema\/logo\/image\/\",\"url\":\"https:\/\/www.kasinobonus.ai\/wp-content\/uploads\/2023\/09\/kasinobonus-logo-light.png\",\"contentUrl\":\"https:\/\/www.kasinobonus.ai\/wp-content\/uploads\/2023\/09\/kasinobonus-logo-light.png\",\"width\":3200,\"height\":596,\"caption\":\"KasinoBonus\"},\"image\":{\"@id\":\"https:\/\/www.kasinobonus.ai\/dk\/#\/schema\/logo\/image\/\"},\"sameAs\":[\"https:\/\/www.facebook.com\/kasinobonusio\/\",\"https:\/\/x.com\/Kasinobonus_io\",\"https:\/\/www.linkedin.com\/in\/matti-slotte-26612033b\",\"http:\/\/kasinobonus.wikidot.com\/system:welcome\",\"https:\/\/www.trustpilot.com\/review\/www.kasinobonus.ai\",\"https:\/\/orcid.org\/0009-0007-2889-1713\",\"https:\/\/en.everybodywiki.com\/Matti_Slotte\",\"https:\/\/www.immuniweb.com\/ssl\/kasinobonus.ai\/M4lqCqYY\/\"]}]}<\/script>\n<!-- \/ Yoast SEO plugin. -->","yoast_head_json":{"title":"Trustly Kasinoer i Danmark (2025) - www.kasinobonus.ai","description":"Trustly Kasinoer 2025: v\u00e6lg, indbetal og start med at spille! Find de bedste Trustly casinoer og tilbud her!","robots":{"index":"index","follow":"follow","max-snippet":"max-snippet:-1","max-image-preview":"max-image-preview:large","max-video-preview":"max-video-preview:-1"},"canonical":"https:\/\/www.kasinobonus.ai\/dk\/trustly-kasinoer\/","schema":{"@context":"https:\/\/schema.org","@graph":[{"@type":"WebPage","@id":"https:\/\/www.kasinobonus.ai\/dk\/trustly-kasinoer\/","url":"https:\/\/www.kasinobonus.ai\/dk\/trustly-kasinoer\/","name":"Trustly Kasinoer i Danmark (2025) - www.kasinobonus.ai","isPartOf":{"@id":"https:\/\/www.kasinobonus.ai\/dk\/#website"},"primaryImageOfPage":{"@id":"https:\/\/www.kasinobonus.ai\/dk\/trustly-kasinoer\/#primaryimage"},"image":{"@id":"https:\/\/www.kasinobonus.ai\/dk\/trustly-kasinoer\/#primaryimage"},"thumbnailUrl":"https:\/\/www.kasinobonus.ai\/wp-content\/uploads\/2023\/12\/Trustly-Kasinoer-Danmark.jpg","datePublished":"2023-09-17T14:37:20+00:00","dateModified":"2025-07-11T16:27:07+00:00","description":"Trustly Kasinoer 2025: v\u00e6lg, indbetal og start med at spille! Find de bedste Trustly casinoer og tilbud her!","breadcrumb":{"@id":"https:\/\/www.kasinobonus.ai\/dk\/trustly-kasinoer\/#breadcrumb"},"inLanguage":"da","potentialAction":[{"@type":"ReadAction","target":["https:\/\/www.kasinobonus.ai\/dk\/trustly-kasinoer\/"]}]},{"@type":"ImageObject","inLanguage":"da","@id":"https:\/\/www.kasinobonus.ai\/dk\/trustly-kasinoer\/#primaryimage","url":"https:\/\/www.kasinobonus.ai\/wp-content\/uploads\/2023\/12\/Trustly-Kasinoer-Danmark.jpg","contentUrl":"https:\/\/www.kasinobonus.ai\/wp-content\/uploads\/2023\/12\/Trustly-Kasinoer-Danmark.jpg","width":1200,"height":628,"caption":"Trustly Kasinoer Danmark"},{"@type":"BreadcrumbList","@id":"https:\/\/www.kasinobonus.ai\/dk\/trustly-kasinoer\/#breadcrumb","itemListElement":[{"@type":"ListItem","position":1,"name":"Home","item":"https:\/\/kasinobonus.ai\/dk\/"},{"@type":"ListItem","position":2,"name":"Trustly Kasinoer"}]},{"@type":"WebSite","@id":"https:\/\/www.kasinobonus.ai\/dk\/#website","url":"https:\/\/www.kasinobonus.ai\/dk\/","name":"www.kasinobonus.ai","description":"","publisher":{"@id":"https:\/\/www.kasinobonus.ai\/dk\/#organization"},"potentialAction":[{"@type":"SearchAction","target":{"@type":"EntryPoint","urlTemplate":"https:\/\/www.kasinobonus.ai\/dk\/?s={search_term_string}"},"query-input":{"@type":"PropertyValueSpecification","valueRequired":true,"valueName":"search_term_string"}}],"inLanguage":"da"},{"@type":"Organization","@id":"https:\/\/www.kasinobonus.ai\/dk\/#organization","name":"KasinoBonus","alternateName":"KasinoBonusAI","url":"https:\/\/www.kasinobonus.ai\/dk\/","logo":{"@type":"ImageObject","inLanguage":"da","@id":"https:\/\/www.kasinobonus.ai\/dk\/#\/schema\/logo\/image\/","url":"https:\/\/www.kasinobonus.ai\/wp-content\/uploads\/2023\/09\/kasinobonus-logo-light.png","contentUrl":"https:\/\/www.kasinobonus.ai\/wp-content\/uploads\/2023\/09\/kasinobonus-logo-light.png","width":3200,"height":596,"caption":"KasinoBonus"},"image":{"@id":"https:\/\/www.kasinobonus.ai\/dk\/#\/schema\/logo\/image\/"},"sameAs":["https:\/\/www.facebook.com\/kasinobonusio\/","https:\/\/x.com\/Kasinobonus_io","https:\/\/www.linkedin.com\/in\/matti-slotte-26612033b","http:\/\/kasinobonus.wikidot.com\/system:welcome","https:\/\/www.trustpilot.com\/review\/www.kasinobonus.ai","https:\/\/orcid.org\/0009-0007-2889-1713","https:\/\/en.everybodywiki.com\/Matti_Slotte","https:\/\/www.immuniweb.com\/ssl\/kasinobonus.ai\/M4lqCqYY\/"]}]}},"_links":{"self":[{"href":"https:\/\/www.kasinobonus.ai\/dk\/wp-json\/wp\/v2\/pages\/8801","targetHints":{"allow":["GET"]}}],"collection":[{"href":"https:\/\/www.kasinobonus.ai\/dk\/wp-json\/wp\/v2\/pages"}],"about":[{"href":"https:\/\/www.kasinobonus.ai\/dk\/wp-json\/wp\/v2\/types\/page"}],"author":[{"embeddable":true,"href":"https:\/\/www.kasinobonus.ai\/dk\/wp-json\/wp\/v2\/users\/1"}],"replies":[{"embeddable":true,"href":"https:\/\/www.kasinobonus.ai\/dk\/wp-json\/wp\/v2\/comments?post=8801"}],"version-history":[{"count":2,"href":"https:\/\/www.kasinobonus.ai\/dk\/wp-json\/wp\/v2\/pages\/8801\/revisions"}],"predecessor-version":[{"id":32281,"href":"https:\/\/www.kasinobonus.ai\/dk\/wp-json\/wp\/v2\/pages\/8801\/revisions\/32281"}],"wp:featuredmedia":[{"embeddable":true,"href":"https:\/\/www.kasinobonus.ai\/dk\/wp-json\/wp\/v2\/media\/10961"}],"wp:attachment":[{"href":"https:\/\/www.kasinobonus.ai\/dk\/wp-json\/wp\/v2\/media?parent=8801"}],"curies":[{"name":"wp","href":"https:\/\/api.w.org\/{rel}","templated":true}]}}