{"id":8785,"date":"2023-09-19T12:46:45","date_gmt":"2023-09-19T12:46:45","guid":{"rendered":"http:\/\/kasinobonus.ai.dedivirt842.your-server.de\/tervetuliaisbonus\/"},"modified":"2025-07-11T15:46:46","modified_gmt":"2025-07-11T15:46:46","slug":"velkomstbonus","status":"publish","type":"page","link":"https:\/\/www.kasinobonus.ai\/dk\/velkomstbonus\/","title":{"rendered":"Velkomstbonus"},"content":{"rendered":"\n<h1 class=\"wp-block-heading\">Velkomstbonus &#8211; Samlet Oversigt over Nettokasinoernes Bedste Tilbud<\/h1>\n\n\n\n<p>En casino velkomstbonus er det f\u00f8rste tilbud, du modtager, n\u00e5r du tilmelder dig et nyt online casino, og det er ofte den mest gener\u00f8se kampagne, der findes. Disse bonusser er designet til at tiltr\u00e6kke nye spillere og kommer typisk i form af <a href=\"https:\/\/www.kasinobonus.ai\/dk\/indskudsbonusser\/\">indskudsbonusser<\/a>, gratis spins eller en kombination af begge dele, hvilket giver dig masser af ekstra kontanter til at begynde din nye casino rejse!<\/p>\n\n\n\n<p>Men med s\u00e5 mange forskellige velkomstbonusser <em>derude<\/em> er det vigtigt at vide, hvordan man finder de bedste&#8230; og det er pr\u00e6cis det, jeg vil hj\u00e6lpe dig med i dag!<\/p>\n\n\n\n<h2 class=\"wp-block-heading\"><strong>Casinoer, der tilbyder de bedste velkomstbonusser<\/strong> 2025<\/h2>\n\n\n\n<p>Hvad der g\u00f8r en velkomstbonus til den <em>bedste<\/em>, er lidt subjektivt. For nogle spillere betyder det en stor indskudsbonus, mens det for andre betyder lave oms\u00e6tningskrav \u2013 eller slet ingen. Nedenfor viser jeg dig en liste over <em>alle<\/em> de bedste danske casino velkomstbonusser, der er tilg\u00e6ngelige i \u00f8jeblikket, alle fra gennemg\u00e5ede, testede og <em>betroede<\/em> online casinoer:<\/p>\n\n\n<p>[brand_table template=&#8221;table_style_1.php&#8221; country=&#8221;DK&#8221; bonus=&#8221;&#8221;]<\/p>\n\n\n\n<p>N\u00e5r du har fundet et casino, du kan lide, skal du tilmelde dig, foretage din f\u00f8rste indbetaling og h\u00e6ve din velkomstbonus for at begynde at spille med ekstra penge, gratis spins eller begge dele!<\/p>\n\n\n\n<figure class=\"wp-block-image size-full\"><img decoding=\"async\" width=\"1000\" height=\"666\" src=\"https:\/\/www.kasinobonus.ai\/wp-content\/uploads\/2025\/07\/Velkomstbonus.jpg\" alt=\"Velkomstbonus\" class=\"wp-image-32151\" srcset=\"https:\/\/www.kasinobonus.ai\/wp-content\/uploads\/2025\/07\/Velkomstbonus.jpg 1000w, https:\/\/www.kasinobonus.ai\/wp-content\/uploads\/2025\/07\/Velkomstbonus-300x200.jpg 300w, https:\/\/www.kasinobonus.ai\/wp-content\/uploads\/2025\/07\/Velkomstbonus-768x511.jpg 768w, https:\/\/www.kasinobonus.ai\/wp-content\/uploads\/2025\/07\/Velkomstbonus-110x73.jpg 110w, https:\/\/www.kasinobonus.ai\/wp-content\/uploads\/2025\/07\/Velkomstbonus-575x383.jpg 575w\" sizes=\"(max-width: 1000px) 100vw, 1000px\" \/><\/figure>\n\n\n\n<h2 class=\"wp-block-heading\"><strong>Hvordan vi anmelder casinoer<\/strong><\/h2>\n\n\n\n<p>N\u00e5r jeg anmelder casino velkomstbonusser, fokuserer jeg p\u00e5 den samlede v\u00e6rdi af kampagnen snarere end bare st\u00f8rrelsen af bonussen. Et k\u00e6mpe velkomsttilbud kan se attraktivt ud, men hvis det kommer med h\u00f8je oms\u00e6tningskrav \u2013 som f.eks. 50x \u2013 lave udbetalingsgr\u00e6nser eller masser af spilbegr\u00e6nsninger, s\u00e5 er der ikke meget mening i at g\u00f8re krav p\u00e5 det!N\u00e5r jeg er tilfreds med, at en bonus er gener\u00f8s <em>og <\/em>fair, g\u00e5r jeg videre til at unders\u00f8ge selve casinoet. Jeg ser p\u00e5 alt fra sikkerhed og tryghed til spiludvalg, udbetalingshastigheder, betalingsmetoder og tester endda kundesupporten!<\/p>\n\n\n\n<h2 class=\"wp-block-heading\">Fordele og Ulemper<\/h2>\n\n\n\n<figure class=\"wp-block-image size-full\"><img decoding=\"async\" width=\"1000\" height=\"666\" src=\"https:\/\/www.kasinobonus.ai\/wp-content\/uploads\/2025\/06\/KB-Indskudsbonusser.jpg\" alt=\"Indskudsbonusser\" class=\"wp-image-30285\" srcset=\"https:\/\/www.kasinobonus.ai\/wp-content\/uploads\/2025\/06\/KB-Indskudsbonusser.jpg 1000w, https:\/\/www.kasinobonus.ai\/wp-content\/uploads\/2025\/06\/KB-Indskudsbonusser-300x200.jpg 300w, https:\/\/www.kasinobonus.ai\/wp-content\/uploads\/2025\/06\/KB-Indskudsbonusser-768x511.jpg 768w, https:\/\/www.kasinobonus.ai\/wp-content\/uploads\/2025\/06\/KB-Indskudsbonusser-110x73.jpg 110w, https:\/\/www.kasinobonus.ai\/wp-content\/uploads\/2025\/06\/KB-Indskudsbonusser-575x383.jpg 575w\" sizes=\"(max-width: 1000px) 100vw, 1000px\" \/><\/figure>\n\n\n\n<div class=\"wp-block-columns is-layout-flex wp-container-core-columns-is-layout-28f84493 wp-block-columns-is-layout-flex\">\n<div class=\"wp-block-column is-layout-flow wp-block-column-is-layout-flow\">\n<h3 class=\"wp-block-heading\"><strong>\u2705 Fordele<\/strong><strong><\/strong><\/h3>\n\n\n\n<ul class=\"wp-block-list\">\n<li>\u2705 H\u00f8jere bonusbel\u00f8b sammenlignet med tilbud uden indskud<\/li>\n\n\n\n<li>\u2705 L\u00e5ser op for adgang til velkomstpakker og VIP-fordele<\/li>\n\n\n\n<li>\u2705 Indeholder ofte b\u00e5de bonuspenge og gratis spins<\/li>\n\n\n\n<li>\u2705 Stor v\u00e6rdi for spillere, der allerede har planer om at indbetale<\/li>\n\n\n\n<li>\u2705 Bredt accepteret p\u00e5 de fleste online casinoer<\/li>\n<\/ul>\n<\/div>\n\n\n\n<div class=\"wp-block-column is-layout-flow wp-block-column-is-layout-flow\">\n<h3 class=\"wp-block-heading\"><strong>\u274c Ulemper<\/strong><strong><\/strong><\/h3>\n\n\n\n<ul class=\"wp-block-list\">\n<li>\u274c Kommer med oms\u00e6tningskrav (nogle gange 30x-50x)<\/li>\n\n\n\n<li>\u274c Bonusmidler kan v\u00e6re l\u00e5st, indtil betingelserne er opfyldt<\/li>\n\n\n\n<li>\u274c Nogle spil er udelukket fra bonusspil<\/li>\n\n\n\n<li>\u274c Maks. indsatsgr\u00e6nser kan g\u00e6lde, mens du bruger bonus<\/li>\n\n\n\n<li>\u274c Udbetaling er ofte begr\u00e6nset, indtil bonussen er clearet<\/li>\n<\/ul>\n<\/div>\n<\/div>\n\n\n\n<h2 class=\"wp-block-heading\">Bedste indbetalingsbonusser i Danmark<\/h2>\n\n\n\n<figure class=\"wp-block-table\"><table class=\"has-fixed-layout\"><thead><tr><th>Casino<\/th><th>Bonus<\/th><th>Betingelser<\/th><th>Kode \/ Info<\/th><th>Link<\/th><\/tr><\/thead><tbody><tr><td>LuckyVibe<\/td><td>Op til \u20ac1000 + 100 gratis spins. Bonus p\u00e5 2., 3. og 4. indbetaling<\/td><td>Genindl\u00e6sningsbonus<\/td><td>\u2013<\/td><td><a href=\"https:\/\/www.kasinobonus.ai\/go\/luckyvibefi\/\">Spil nu<\/a><\/td><\/tr><tr><td>Bet on Red<\/td><td>50 gratis spins uden indbetaling + 100\u202f% op til \u20ac100 + 150 gratis spins<\/td><td>Brug kampagnekode: <strong>BLITZ3<\/strong> ved registrering<\/td><td>BLITZ3<\/td><td><a href=\"https:\/\/www.kasinobonus.ai\/go\/betonred\">Spil nu<\/a><\/td><\/tr><tr><td>Wheelz<\/td><td>20 gratis spins uden indbetaling + 100\u202f% op til \u20ac300<\/td><td>Spins: John Hunter og Tuts bog<\/td><td>Wheelz<\/td><td><a href=\"https:\/\/www.kasinobonus.ai\/go\/wheelz\">Spil nu<\/a><\/td><\/tr><tr><td>Jettbet<\/td><td>20 gratis spins p\u00e5 Captain\u2019s Quest: Treasure Island (Betsoft)<\/td><td>Oms\u00e6tningskrav 40x, maks. udbetaling \u20ac20<\/td><td>\u2013<\/td><td><a href=\"https:\/\/www.kasinobonus.ai\/go\/Jettbet\">Spil nu<\/a><\/td><\/tr><tr><td>Depositwin<\/td><td>100\u202f% op til \u20ac400 + 100 gratis spins uden oms\u00e6tningskrav<\/td><td>G\u00e6lder p\u00e5 3 f\u00f8rste indbetalinger<\/td><td>INGEN V\u00c6DDEM\u00c5L<\/td><td><a href=\"https:\/\/www.kasinobonus.ai\/go\/depositwin\">Spil nu<\/a><\/td><\/tr><\/tbody><\/table><\/figure>\n\n\n\n<h2 class=\"wp-block-heading\">Ressourcer til ansvarligt spil<\/h2>\n\n\n\n<ul class=\"wp-block-list\">\n<li><a href=\"https:\/\/www.spillemyndigheden.dk\">https:\/\/www.spillemyndigheden.dk<\/a> <\/li>\n\n\n\n<li><a href=\"https:\/\/www.rofus.nu\">https:\/\/www.rofus.nu<\/a><\/li>\n\n\n\n<li><a href=\"https:\/\/stopspillet.dk\">https:\/\/stopspillet.dk<\/a> <\/li>\n\n\n\n<li><a href=\"https:\/\/gamblingtherapy.org\">https:\/\/gamblingtherapy.org<\/a><a href=\"https:\/\/help.revolut.com\/en-DK\/help\/more\/life-challenges-and-well-being\/what-gambling-support-is-available\/?utm_source=chatgpt.com\" target=\"_blank\" rel=\"noreferrer noopener\">m<\/a><\/li>\n<\/ul>\n","protected":false},"excerpt":{"rendered":"<p>Velkomstbonus &#8211; Samlet Oversigt over Nettokasinoernes Bedste Tilbud En casino velkomstbonus er det f\u00f8rste tilbud, du modtager, n\u00e5r du tilmelder dig et nyt online casino, og det er ofte den mest gener\u00f8se kampagne, der findes. Disse bonusser er designet til at tiltr\u00e6kke nye spillere og kommer typisk i form af indskudsbonusser, gratis spins eller en [&hellip;]<\/p>\n","protected":false},"author":3,"featured_media":10588,"parent":0,"menu_order":0,"comment_status":"open","ping_status":"closed","template":"","meta":{"inline_featured_image":false,"footnotes":""},"class_list":["post-8785","page","type-page","status-publish","has-post-thumbnail","hentry"],"yoast_head":"<!-- This site is optimized with the Yoast SEO plugin v24.5 - https:\/\/yoast.com\/wordpress\/plugins\/seo\/ -->\n<title>Velkomstbonus (2025) - www.kasinobonus.ai<\/title>\n<meta name=\"description\" content=\"Opdag den bedste velkomstbonus p\u00e5 forskellige kasinoer! Vores udf\u00f8rlige guide hj\u00e6lper dig med at benytte dig af onlinekasinoernes mest tillokkende tilbud.\" \/>\n<meta name=\"robots\" content=\"index, follow, max-snippet:-1, max-image-preview:large, max-video-preview:-1\" \/>\n<link rel=\"canonical\" href=\"https:\/\/www.kasinobonus.ai\/dk\/velkomstbonus\/\" \/>\n<script type=\"application\/ld+json\" class=\"yoast-schema-graph\">{\"@context\":\"https:\/\/schema.org\",\"@graph\":[{\"@type\":\"WebPage\",\"@id\":\"https:\/\/www.kasinobonus.ai\/dk\/velkomstbonus\/\",\"url\":\"https:\/\/www.kasinobonus.ai\/dk\/velkomstbonus\/\",\"name\":\"Velkomstbonus (2025) - www.kasinobonus.ai\",\"isPartOf\":{\"@id\":\"https:\/\/www.kasinobonus.ai\/dk\/#website\"},\"primaryImageOfPage\":{\"@id\":\"https:\/\/www.kasinobonus.ai\/dk\/velkomstbonus\/#primaryimage\"},\"image\":{\"@id\":\"https:\/\/www.kasinobonus.ai\/dk\/velkomstbonus\/#primaryimage\"},\"thumbnailUrl\":\"https:\/\/www.kasinobonus.ai\/wp-content\/uploads\/2023\/12\/Velkomstbonus-1.jpg\",\"datePublished\":\"2023-09-19T12:46:45+00:00\",\"dateModified\":\"2025-07-11T15:46:46+00:00\",\"description\":\"Opdag den bedste velkomstbonus p\u00e5 forskellige kasinoer! Vores udf\u00f8rlige guide hj\u00e6lper dig med at benytte dig af onlinekasinoernes mest tillokkende tilbud.\",\"breadcrumb\":{\"@id\":\"https:\/\/www.kasinobonus.ai\/dk\/velkomstbonus\/#breadcrumb\"},\"inLanguage\":\"da\",\"potentialAction\":[{\"@type\":\"ReadAction\",\"target\":[\"https:\/\/www.kasinobonus.ai\/dk\/velkomstbonus\/\"]}]},{\"@type\":\"ImageObject\",\"inLanguage\":\"da\",\"@id\":\"https:\/\/www.kasinobonus.ai\/dk\/velkomstbonus\/#primaryimage\",\"url\":\"https:\/\/www.kasinobonus.ai\/wp-content\/uploads\/2023\/12\/Velkomstbonus-1.jpg\",\"contentUrl\":\"https:\/\/www.kasinobonus.ai\/wp-content\/uploads\/2023\/12\/Velkomstbonus-1.jpg\",\"width\":1200,\"height\":628,\"caption\":\"Velkomstbonus 1\"},{\"@type\":\"BreadcrumbList\",\"@id\":\"https:\/\/www.kasinobonus.ai\/dk\/velkomstbonus\/#breadcrumb\",\"itemListElement\":[{\"@type\":\"ListItem\",\"position\":1,\"name\":\"Home\",\"item\":\"https:\/\/kasinobonus.ai\/dk\/\"},{\"@type\":\"ListItem\",\"position\":2,\"name\":\"Velkomstbonus\"}]},{\"@type\":\"WebSite\",\"@id\":\"https:\/\/www.kasinobonus.ai\/dk\/#website\",\"url\":\"https:\/\/www.kasinobonus.ai\/dk\/\",\"name\":\"www.kasinobonus.ai\",\"description\":\"\",\"publisher\":{\"@id\":\"https:\/\/www.kasinobonus.ai\/dk\/#organization\"},\"potentialAction\":[{\"@type\":\"SearchAction\",\"target\":{\"@type\":\"EntryPoint\",\"urlTemplate\":\"https:\/\/www.kasinobonus.ai\/dk\/?s={search_term_string}\"},\"query-input\":{\"@type\":\"PropertyValueSpecification\",\"valueRequired\":true,\"valueName\":\"search_term_string\"}}],\"inLanguage\":\"da\"},{\"@type\":\"Organization\",\"@id\":\"https:\/\/www.kasinobonus.ai\/dk\/#organization\",\"name\":\"KasinoBonus\",\"alternateName\":\"KasinoBonusAI\",\"url\":\"https:\/\/www.kasinobonus.ai\/dk\/\",\"logo\":{\"@type\":\"ImageObject\",\"inLanguage\":\"da\",\"@id\":\"https:\/\/www.kasinobonus.ai\/dk\/#\/schema\/logo\/image\/\",\"url\":\"https:\/\/www.kasinobonus.ai\/wp-content\/uploads\/2023\/09\/kasinobonus-logo-light.png\",\"contentUrl\":\"https:\/\/www.kasinobonus.ai\/wp-content\/uploads\/2023\/09\/kasinobonus-logo-light.png\",\"width\":3200,\"height\":596,\"caption\":\"KasinoBonus\"},\"image\":{\"@id\":\"https:\/\/www.kasinobonus.ai\/dk\/#\/schema\/logo\/image\/\"},\"sameAs\":[\"https:\/\/www.facebook.com\/kasinobonusio\/\",\"https:\/\/x.com\/Kasinobonus_io\",\"https:\/\/www.linkedin.com\/in\/matti-slotte-26612033b\",\"http:\/\/kasinobonus.wikidot.com\/system:welcome\",\"https:\/\/www.trustpilot.com\/review\/www.kasinobonus.ai\",\"https:\/\/orcid.org\/0009-0007-2889-1713\",\"https:\/\/en.everybodywiki.com\/Matti_Slotte\",\"https:\/\/www.immuniweb.com\/ssl\/kasinobonus.ai\/M4lqCqYY\/\"]}]}<\/script>\n<!-- \/ Yoast SEO plugin. -->","yoast_head_json":{"title":"Velkomstbonus (2025) - www.kasinobonus.ai","description":"Opdag den bedste velkomstbonus p\u00e5 forskellige kasinoer! Vores udf\u00f8rlige guide hj\u00e6lper dig med at benytte dig af onlinekasinoernes mest tillokkende tilbud.","robots":{"index":"index","follow":"follow","max-snippet":"max-snippet:-1","max-image-preview":"max-image-preview:large","max-video-preview":"max-video-preview:-1"},"canonical":"https:\/\/www.kasinobonus.ai\/dk\/velkomstbonus\/","schema":{"@context":"https:\/\/schema.org","@graph":[{"@type":"WebPage","@id":"https:\/\/www.kasinobonus.ai\/dk\/velkomstbonus\/","url":"https:\/\/www.kasinobonus.ai\/dk\/velkomstbonus\/","name":"Velkomstbonus (2025) - www.kasinobonus.ai","isPartOf":{"@id":"https:\/\/www.kasinobonus.ai\/dk\/#website"},"primaryImageOfPage":{"@id":"https:\/\/www.kasinobonus.ai\/dk\/velkomstbonus\/#primaryimage"},"image":{"@id":"https:\/\/www.kasinobonus.ai\/dk\/velkomstbonus\/#primaryimage"},"thumbnailUrl":"https:\/\/www.kasinobonus.ai\/wp-content\/uploads\/2023\/12\/Velkomstbonus-1.jpg","datePublished":"2023-09-19T12:46:45+00:00","dateModified":"2025-07-11T15:46:46+00:00","description":"Opdag den bedste velkomstbonus p\u00e5 forskellige kasinoer! Vores udf\u00f8rlige guide hj\u00e6lper dig med at benytte dig af onlinekasinoernes mest tillokkende tilbud.","breadcrumb":{"@id":"https:\/\/www.kasinobonus.ai\/dk\/velkomstbonus\/#breadcrumb"},"inLanguage":"da","potentialAction":[{"@type":"ReadAction","target":["https:\/\/www.kasinobonus.ai\/dk\/velkomstbonus\/"]}]},{"@type":"ImageObject","inLanguage":"da","@id":"https:\/\/www.kasinobonus.ai\/dk\/velkomstbonus\/#primaryimage","url":"https:\/\/www.kasinobonus.ai\/wp-content\/uploads\/2023\/12\/Velkomstbonus-1.jpg","contentUrl":"https:\/\/www.kasinobonus.ai\/wp-content\/uploads\/2023\/12\/Velkomstbonus-1.jpg","width":1200,"height":628,"caption":"Velkomstbonus 1"},{"@type":"BreadcrumbList","@id":"https:\/\/www.kasinobonus.ai\/dk\/velkomstbonus\/#breadcrumb","itemListElement":[{"@type":"ListItem","position":1,"name":"Home","item":"https:\/\/kasinobonus.ai\/dk\/"},{"@type":"ListItem","position":2,"name":"Velkomstbonus"}]},{"@type":"WebSite","@id":"https:\/\/www.kasinobonus.ai\/dk\/#website","url":"https:\/\/www.kasinobonus.ai\/dk\/","name":"www.kasinobonus.ai","description":"","publisher":{"@id":"https:\/\/www.kasinobonus.ai\/dk\/#organization"},"potentialAction":[{"@type":"SearchAction","target":{"@type":"EntryPoint","urlTemplate":"https:\/\/www.kasinobonus.ai\/dk\/?s={search_term_string}"},"query-input":{"@type":"PropertyValueSpecification","valueRequired":true,"valueName":"search_term_string"}}],"inLanguage":"da"},{"@type":"Organization","@id":"https:\/\/www.kasinobonus.ai\/dk\/#organization","name":"KasinoBonus","alternateName":"KasinoBonusAI","url":"https:\/\/www.kasinobonus.ai\/dk\/","logo":{"@type":"ImageObject","inLanguage":"da","@id":"https:\/\/www.kasinobonus.ai\/dk\/#\/schema\/logo\/image\/","url":"https:\/\/www.kasinobonus.ai\/wp-content\/uploads\/2023\/09\/kasinobonus-logo-light.png","contentUrl":"https:\/\/www.kasinobonus.ai\/wp-content\/uploads\/2023\/09\/kasinobonus-logo-light.png","width":3200,"height":596,"caption":"KasinoBonus"},"image":{"@id":"https:\/\/www.kasinobonus.ai\/dk\/#\/schema\/logo\/image\/"},"sameAs":["https:\/\/www.facebook.com\/kasinobonusio\/","https:\/\/x.com\/Kasinobonus_io","https:\/\/www.linkedin.com\/in\/matti-slotte-26612033b","http:\/\/kasinobonus.wikidot.com\/system:welcome","https:\/\/www.trustpilot.com\/review\/www.kasinobonus.ai","https:\/\/orcid.org\/0009-0007-2889-1713","https:\/\/en.everybodywiki.com\/Matti_Slotte","https:\/\/www.immuniweb.com\/ssl\/kasinobonus.ai\/M4lqCqYY\/"]}]}},"_links":{"self":[{"href":"https:\/\/www.kasinobonus.ai\/dk\/wp-json\/wp\/v2\/pages\/8785","targetHints":{"allow":["GET"]}}],"collection":[{"href":"https:\/\/www.kasinobonus.ai\/dk\/wp-json\/wp\/v2\/pages"}],"about":[{"href":"https:\/\/www.kasinobonus.ai\/dk\/wp-json\/wp\/v2\/types\/page"}],"author":[{"embeddable":true,"href":"https:\/\/www.kasinobonus.ai\/dk\/wp-json\/wp\/v2\/users\/3"}],"replies":[{"embeddable":true,"href":"https:\/\/www.kasinobonus.ai\/dk\/wp-json\/wp\/v2\/comments?post=8785"}],"version-history":[{"count":5,"href":"https:\/\/www.kasinobonus.ai\/dk\/wp-json\/wp\/v2\/pages\/8785\/revisions"}],"predecessor-version":[{"id":32159,"href":"https:\/\/www.kasinobonus.ai\/dk\/wp-json\/wp\/v2\/pages\/8785\/revisions\/32159"}],"wp:featuredmedia":[{"embeddable":true,"href":"https:\/\/www.kasinobonus.ai\/dk\/wp-json\/wp\/v2\/media\/10588"}],"wp:attachment":[{"href":"https:\/\/www.kasinobonus.ai\/dk\/wp-json\/wp\/v2\/media?parent=8785"}],"curies":[{"name":"wp","href":"https:\/\/api.w.org\/{rel}","templated":true}]}}