{"id":8758,"date":"2023-09-27T13:50:21","date_gmt":"2023-09-27T13:50:21","guid":{"rendered":"http:\/\/kasinobonus.ai.dedivirt842.your-server.de\/non-sticky-bonus\/"},"modified":"2025-07-11T15:46:22","modified_gmt":"2025-07-11T15:46:22","slug":"non-sticky-bonus","status":"publish","type":"page","link":"https:\/\/www.kasinobonus.ai\/dk\/non-sticky-bonus\/","title":{"rendered":"Non Sticky Bonus"},"content":{"rendered":"\n<h1 class=\"wp-block-heading\">Non Sticky Bonus: V\u00e6lg de Bedste Non Sticky Bonusser i 2025<\/h1>\n\n\n\n<p>En <a class=\"\" href=\"https:\/\/www.kasinobonus.ai\/dk\/indskudsbonusser\/\">indskudsbonusser<\/a> er en af de mest spillervenlige kampagner, du kan finde p\u00e5 et online casino. I mods\u00e6tning til traditionelle sticky bonusser, som l\u00e5ser din indbetaling og bonus sammen, indtil oms\u00e6tningskravene er opfyldt, giver en non-sticky bonus dig mulighed for at h\u00e6ve din indbetaling og gevinster n\u00e5r som helst \u2013 uden at skulle bekymre dig om at opfylde oms\u00e6tningskravene f\u00f8rst!<\/p>\n\n\n\n<p>Nu, takket v\u00e6re en lov, der blev vedtaget i Storbritannien for et par \u00e5r siden, skal alle bonusser, der tilbydes britiske spillere, v\u00e6re non-sticky (ogs\u00e5 kendt som faldsk\u00e6rmsbonusser). Men det betyder ikke, at du bare skal v\u00e6lge den f\u00f8rste, du ser! Find de bedste non-sticky bonustilbud, der er tilg\u00e6ngelige i dag, lige her p\u00e5 denne side!<\/p>\n\n\n\n<h2 class=\"wp-block-heading\"><strong>Casinoer, der tilbyder non-sticky bonusser<\/strong><\/h2>\n\n\n\n<p>Hvis du bor i Danmark, er det relativt nemt at finde non-sticky bonusser: De fleste online casinoer tilbyder dem i mindst <em>en eller anden<\/em> form. Men med s\u00e5 mange casinoer derude kan det v\u00e6re sv\u00e6rt at finde et <em>godt<\/em>.<\/p>\n\n\n\n<p>For at hj\u00e6lpe dig har jeg samlet en liste over de bedste britiske casinoer, der i \u00f8jeblikket tilbyder non-sticky bonusser, som du kan finde nedenfor:<\/p>\n\n\n<p>[brand_table template=&#8221;table_style_1.php&#8221; country=&#8221;DK&#8221; bonus=&#8221;&#8221;]<\/p>\n\n\n<div class=\"wp-block-poka-faq\"><div class=\"faq-wrapper\"><ul class=\"faq-list\"><\/ul><\/div><\/div>\n\n\n<p>Har du fundet et casino, der ser interessant ud? Tilmeld dig, indbetal et bel\u00f8b og f\u00e5 din bonus i dag!<\/p>\n\n\n\n<figure class=\"wp-block-image size-full\"><img decoding=\"async\" width=\"1000\" height=\"666\" src=\"https:\/\/www.kasinobonus.ai\/wp-content\/uploads\/2025\/07\/Non-Sticky-Bonus-1.jpg\" alt=\"Non Sticky Bonus\" class=\"wp-image-32142\" srcset=\"https:\/\/www.kasinobonus.ai\/wp-content\/uploads\/2025\/07\/Non-Sticky-Bonus-1.jpg 1000w, https:\/\/www.kasinobonus.ai\/wp-content\/uploads\/2025\/07\/Non-Sticky-Bonus-1-300x200.jpg 300w, https:\/\/www.kasinobonus.ai\/wp-content\/uploads\/2025\/07\/Non-Sticky-Bonus-1-768x511.jpg 768w, https:\/\/www.kasinobonus.ai\/wp-content\/uploads\/2025\/07\/Non-Sticky-Bonus-1-110x73.jpg 110w, https:\/\/www.kasinobonus.ai\/wp-content\/uploads\/2025\/07\/Non-Sticky-Bonus-1-575x383.jpg 575w\" sizes=\"(max-width: 1000px) 100vw, 1000px\" \/><\/figure>\n\n\n\n<h2 class=\"wp-block-heading\"><strong>Hvordan vi vurderer kasinoer<\/strong><\/h2>\n\n\n\n<p>Hos KasinoBonus er vi stolte af at kunne anbefale de <em>bedste<\/em> \u2013 og sikreste \u2013 kasinoer til vores l\u00e6sere. Mit team og jeg tester personligt alle de sider, vi anmelder, og ser p\u00e5 en lang r\u00e6kke faktorer s\u00e5som spiludvalg, bonusvilk\u00e5r og -betingelser, udbetalingshastigheder, kundesupport og licens\/sikkerhed.<\/p>\n\n\n\n<p>Hvis et online casino er angivet som <em>anbefalet<\/em> her p\u00e5 KasinoBonus, betyder det, at det har opfyldt vores strenge teststandarder og betragtes som sikkert, p\u00e5lideligt og trov\u00e6rdigt!<\/p>\n\n\n\n<h2 class=\"wp-block-heading\">Fordele og Ulemper<\/h2>\n\n\n\n<figure class=\"wp-block-image size-full\"><img decoding=\"async\" width=\"1000\" height=\"666\" src=\"https:\/\/www.kasinobonus.ai\/wp-content\/uploads\/2025\/06\/KB-Indskudsbonusser.jpg\" alt=\"Indskudsbonusser\" class=\"wp-image-30285\" srcset=\"https:\/\/www.kasinobonus.ai\/wp-content\/uploads\/2025\/06\/KB-Indskudsbonusser.jpg 1000w, https:\/\/www.kasinobonus.ai\/wp-content\/uploads\/2025\/06\/KB-Indskudsbonusser-300x200.jpg 300w, https:\/\/www.kasinobonus.ai\/wp-content\/uploads\/2025\/06\/KB-Indskudsbonusser-768x511.jpg 768w, https:\/\/www.kasinobonus.ai\/wp-content\/uploads\/2025\/06\/KB-Indskudsbonusser-110x73.jpg 110w, https:\/\/www.kasinobonus.ai\/wp-content\/uploads\/2025\/06\/KB-Indskudsbonusser-575x383.jpg 575w\" sizes=\"(max-width: 1000px) 100vw, 1000px\" \/><\/figure>\n\n\n\n<div class=\"wp-block-columns is-layout-flex wp-container-core-columns-is-layout-28f84493 wp-block-columns-is-layout-flex\">\n<div class=\"wp-block-column is-layout-flow wp-block-column-is-layout-flow\">\n<h3 class=\"wp-block-heading\"><strong>\u2705 Fordele<\/strong><strong><\/strong><\/h3>\n\n\n\n<ul class=\"wp-block-list\">\n<li>\u2705 H\u00f8jere bonusbel\u00f8b sammenlignet med tilbud uden indskud<\/li>\n\n\n\n<li>\u2705 L\u00e5ser op for adgang til velkomstpakker og VIP-fordele<\/li>\n\n\n\n<li>\u2705 Indeholder ofte b\u00e5de bonuspenge og gratis spins<\/li>\n\n\n\n<li>\u2705 Stor v\u00e6rdi for spillere, der allerede har planer om at indbetale<\/li>\n\n\n\n<li>\u2705 Bredt accepteret p\u00e5 de fleste online casinoer<\/li>\n<\/ul>\n<\/div>\n\n\n\n<div class=\"wp-block-column is-layout-flow wp-block-column-is-layout-flow\">\n<h3 class=\"wp-block-heading\"><strong>\u274c Ulemper<\/strong><strong><\/strong><\/h3>\n\n\n\n<ul class=\"wp-block-list\">\n<li>\u274c Kommer med oms\u00e6tningskrav (nogle gange 30x-50x)<\/li>\n\n\n\n<li>\u274c Bonusmidler kan v\u00e6re l\u00e5st, indtil betingelserne er opfyldt<\/li>\n\n\n\n<li>\u274c Nogle spil er udelukket fra bonusspil<\/li>\n\n\n\n<li>\u274c Maks. indsatsgr\u00e6nser kan g\u00e6lde, mens du bruger bonus<\/li>\n\n\n\n<li>\u274c Udbetaling er ofte begr\u00e6nset, indtil bonussen er clearet<\/li>\n<\/ul>\n<\/div>\n<\/div>\n\n\n\n<h2 class=\"wp-block-heading\">Bedste indbetalingsbonusser i Danmark<\/h2>\n\n\n\n<figure class=\"wp-block-table\"><table class=\"has-fixed-layout\"><thead><tr><th>Casino<\/th><th>Bonus<\/th><th>Betingelser<\/th><th>Kode \/ Info<\/th><th>Link<\/th><\/tr><\/thead><tbody><tr><td>LuckyVibe<\/td><td>Op til \u20ac1000 + 100 gratis spins. Bonus p\u00e5 2., 3. og 4. indbetaling<\/td><td>Genindl\u00e6sningsbonus<\/td><td>\u2013<\/td><td><a href=\"https:\/\/www.kasinobonus.ai\/go\/luckyvibefi\/\">Spil nu<\/a><\/td><\/tr><tr><td>Bet on Red<\/td><td>50 gratis spins uden indbetaling + 100\u202f% op til \u20ac100 + 150 gratis spins<\/td><td>Brug kampagnekode: <strong>BLITZ3<\/strong> ved registrering<\/td><td>BLITZ3<\/td><td><a href=\"https:\/\/www.kasinobonus.ai\/go\/betonred\">Spil nu<\/a><\/td><\/tr><tr><td>Wheelz<\/td><td>20 gratis spins uden indbetaling + 100\u202f% op til \u20ac300<\/td><td>Spins: John Hunter og Tuts bog<\/td><td>Wheelz<\/td><td><a href=\"https:\/\/www.kasinobonus.ai\/go\/wheelz\">Spil nu<\/a><\/td><\/tr><tr><td>Jettbet<\/td><td>20 gratis spins p\u00e5 Captain\u2019s Quest: Treasure Island (Betsoft)<\/td><td>Oms\u00e6tningskrav 40x, maks. udbetaling \u20ac20<\/td><td>\u2013<\/td><td><a href=\"https:\/\/www.kasinobonus.ai\/go\/Jettbet\">Spil nu<\/a><\/td><\/tr><tr><td>Depositwin<\/td><td>100\u202f% op til \u20ac400 + 100 gratis spins uden oms\u00e6tningskrav<\/td><td>G\u00e6lder p\u00e5 3 f\u00f8rste indbetalinger<\/td><td>INGEN V\u00c6DDEM\u00c5L<\/td><td><a href=\"https:\/\/www.kasinobonus.ai\/go\/depositwin\">Spil nu<\/a><\/td><\/tr><\/tbody><\/table><\/figure>\n\n\n\n<h2 class=\"wp-block-heading\">Ressourcer til ansvarligt spil<\/h2>\n\n\n\n<ul class=\"wp-block-list\">\n<li><a href=\"https:\/\/www.spillemyndigheden.dk\">https:\/\/www.spillemyndigheden.dk<\/a> <\/li>\n\n\n\n<li><a href=\"https:\/\/www.rofus.nu\">https:\/\/www.rofus.nu<\/a><\/li>\n\n\n\n<li><a href=\"https:\/\/stopspillet.dk\">https:\/\/stopspillet.dk<\/a> <\/li>\n\n\n\n<li><a href=\"https:\/\/gamblingtherapy.org\">https:\/\/gamblingtherapy.org<\/a><a href=\"https:\/\/help.revolut.com\/en-DK\/help\/more\/life-challenges-and-well-being\/what-gambling-support-is-available\/?utm_source=chatgpt.com\" target=\"_blank\" rel=\"noreferrer noopener\">m<\/a><\/li>\n<\/ul>\n","protected":false},"excerpt":{"rendered":"<p>Non Sticky Bonus: V\u00e6lg de Bedste Non Sticky Bonusser i 2025 En indskudsbonusser er en af de mest spillervenlige kampagner, du kan finde p\u00e5 et online casino. I mods\u00e6tning til traditionelle sticky bonusser, som l\u00e5ser din indbetaling og bonus sammen, indtil oms\u00e6tningskravene er opfyldt, giver en non-sticky bonus dig mulighed for at h\u00e6ve din indbetaling [&hellip;]<\/p>\n","protected":false},"author":1,"featured_media":10559,"parent":0,"menu_order":0,"comment_status":"open","ping_status":"closed","template":"","meta":{"inline_featured_image":false,"footnotes":""},"class_list":["post-8758","page","type-page","status-publish","has-post-thumbnail","hentry"],"yoast_head":"<!-- This site is optimized with the Yoast SEO plugin v24.5 - https:\/\/yoast.com\/wordpress\/plugins\/seo\/ -->\n<title>Non Sticky Bonus i Danmark (2025) - www.kasinobonus.ai<\/title>\n<meta name=\"description\" content=\"Non sticky bonus: Find de bedste tilbud p\u00e5 markedet og tips. Forbedre din spiloplevelse med det rigtige valg!\" \/>\n<meta name=\"robots\" content=\"index, follow, max-snippet:-1, max-image-preview:large, max-video-preview:-1\" \/>\n<link rel=\"canonical\" href=\"https:\/\/www.kasinobonus.ai\/dk\/non-sticky-bonus\/\" \/>\n<script type=\"application\/ld+json\" class=\"yoast-schema-graph\">{\"@context\":\"https:\/\/schema.org\",\"@graph\":[{\"@type\":\"WebPage\",\"@id\":\"https:\/\/www.kasinobonus.ai\/dk\/non-sticky-bonus\/\",\"url\":\"https:\/\/www.kasinobonus.ai\/dk\/non-sticky-bonus\/\",\"name\":\"Non Sticky Bonus i Danmark (2025) - www.kasinobonus.ai\",\"isPartOf\":{\"@id\":\"https:\/\/www.kasinobonus.ai\/dk\/#website\"},\"primaryImageOfPage\":{\"@id\":\"https:\/\/www.kasinobonus.ai\/dk\/non-sticky-bonus\/#primaryimage\"},\"image\":{\"@id\":\"https:\/\/www.kasinobonus.ai\/dk\/non-sticky-bonus\/#primaryimage\"},\"thumbnailUrl\":\"https:\/\/www.kasinobonus.ai\/wp-content\/uploads\/2023\/12\/non_sticky_bonus_danmark.jpg\",\"datePublished\":\"2023-09-27T13:50:21+00:00\",\"dateModified\":\"2025-07-11T15:46:22+00:00\",\"description\":\"Non sticky bonus: Find de bedste tilbud p\u00e5 markedet og tips. Forbedre din spiloplevelse med det rigtige valg!\",\"breadcrumb\":{\"@id\":\"https:\/\/www.kasinobonus.ai\/dk\/non-sticky-bonus\/#breadcrumb\"},\"inLanguage\":\"da\",\"potentialAction\":[{\"@type\":\"ReadAction\",\"target\":[\"https:\/\/www.kasinobonus.ai\/dk\/non-sticky-bonus\/\"]}]},{\"@type\":\"ImageObject\",\"inLanguage\":\"da\",\"@id\":\"https:\/\/www.kasinobonus.ai\/dk\/non-sticky-bonus\/#primaryimage\",\"url\":\"https:\/\/www.kasinobonus.ai\/wp-content\/uploads\/2023\/12\/non_sticky_bonus_danmark.jpg\",\"contentUrl\":\"https:\/\/www.kasinobonus.ai\/wp-content\/uploads\/2023\/12\/non_sticky_bonus_danmark.jpg\",\"width\":1200,\"height\":628,\"caption\":\"non sticky bonus danmark\"},{\"@type\":\"BreadcrumbList\",\"@id\":\"https:\/\/www.kasinobonus.ai\/dk\/non-sticky-bonus\/#breadcrumb\",\"itemListElement\":[{\"@type\":\"ListItem\",\"position\":1,\"name\":\"Home\",\"item\":\"https:\/\/kasinobonus.ai\/dk\/\"},{\"@type\":\"ListItem\",\"position\":2,\"name\":\"Non Sticky Bonus\"}]},{\"@type\":\"WebSite\",\"@id\":\"https:\/\/www.kasinobonus.ai\/dk\/#website\",\"url\":\"https:\/\/www.kasinobonus.ai\/dk\/\",\"name\":\"www.kasinobonus.ai\",\"description\":\"\",\"publisher\":{\"@id\":\"https:\/\/www.kasinobonus.ai\/dk\/#organization\"},\"potentialAction\":[{\"@type\":\"SearchAction\",\"target\":{\"@type\":\"EntryPoint\",\"urlTemplate\":\"https:\/\/www.kasinobonus.ai\/dk\/?s={search_term_string}\"},\"query-input\":{\"@type\":\"PropertyValueSpecification\",\"valueRequired\":true,\"valueName\":\"search_term_string\"}}],\"inLanguage\":\"da\"},{\"@type\":\"Organization\",\"@id\":\"https:\/\/www.kasinobonus.ai\/dk\/#organization\",\"name\":\"KasinoBonus\",\"alternateName\":\"KasinoBonusAI\",\"url\":\"https:\/\/www.kasinobonus.ai\/dk\/\",\"logo\":{\"@type\":\"ImageObject\",\"inLanguage\":\"da\",\"@id\":\"https:\/\/www.kasinobonus.ai\/dk\/#\/schema\/logo\/image\/\",\"url\":\"https:\/\/www.kasinobonus.ai\/wp-content\/uploads\/2023\/09\/kasinobonus-logo-light.png\",\"contentUrl\":\"https:\/\/www.kasinobonus.ai\/wp-content\/uploads\/2023\/09\/kasinobonus-logo-light.png\",\"width\":3200,\"height\":596,\"caption\":\"KasinoBonus\"},\"image\":{\"@id\":\"https:\/\/www.kasinobonus.ai\/dk\/#\/schema\/logo\/image\/\"},\"sameAs\":[\"https:\/\/www.facebook.com\/kasinobonusio\/\",\"https:\/\/x.com\/Kasinobonus_io\",\"https:\/\/www.linkedin.com\/in\/matti-slotte-26612033b\",\"http:\/\/kasinobonus.wikidot.com\/system:welcome\",\"https:\/\/www.trustpilot.com\/review\/www.kasinobonus.ai\",\"https:\/\/orcid.org\/0009-0007-2889-1713\",\"https:\/\/en.everybodywiki.com\/Matti_Slotte\",\"https:\/\/www.immuniweb.com\/ssl\/kasinobonus.ai\/M4lqCqYY\/\"]}]}<\/script>\n<!-- \/ Yoast SEO plugin. -->","yoast_head_json":{"title":"Non Sticky Bonus i Danmark (2025) - www.kasinobonus.ai","description":"Non sticky bonus: Find de bedste tilbud p\u00e5 markedet og tips. Forbedre din spiloplevelse med det rigtige valg!","robots":{"index":"index","follow":"follow","max-snippet":"max-snippet:-1","max-image-preview":"max-image-preview:large","max-video-preview":"max-video-preview:-1"},"canonical":"https:\/\/www.kasinobonus.ai\/dk\/non-sticky-bonus\/","schema":{"@context":"https:\/\/schema.org","@graph":[{"@type":"WebPage","@id":"https:\/\/www.kasinobonus.ai\/dk\/non-sticky-bonus\/","url":"https:\/\/www.kasinobonus.ai\/dk\/non-sticky-bonus\/","name":"Non Sticky Bonus i Danmark (2025) - www.kasinobonus.ai","isPartOf":{"@id":"https:\/\/www.kasinobonus.ai\/dk\/#website"},"primaryImageOfPage":{"@id":"https:\/\/www.kasinobonus.ai\/dk\/non-sticky-bonus\/#primaryimage"},"image":{"@id":"https:\/\/www.kasinobonus.ai\/dk\/non-sticky-bonus\/#primaryimage"},"thumbnailUrl":"https:\/\/www.kasinobonus.ai\/wp-content\/uploads\/2023\/12\/non_sticky_bonus_danmark.jpg","datePublished":"2023-09-27T13:50:21+00:00","dateModified":"2025-07-11T15:46:22+00:00","description":"Non sticky bonus: Find de bedste tilbud p\u00e5 markedet og tips. Forbedre din spiloplevelse med det rigtige valg!","breadcrumb":{"@id":"https:\/\/www.kasinobonus.ai\/dk\/non-sticky-bonus\/#breadcrumb"},"inLanguage":"da","potentialAction":[{"@type":"ReadAction","target":["https:\/\/www.kasinobonus.ai\/dk\/non-sticky-bonus\/"]}]},{"@type":"ImageObject","inLanguage":"da","@id":"https:\/\/www.kasinobonus.ai\/dk\/non-sticky-bonus\/#primaryimage","url":"https:\/\/www.kasinobonus.ai\/wp-content\/uploads\/2023\/12\/non_sticky_bonus_danmark.jpg","contentUrl":"https:\/\/www.kasinobonus.ai\/wp-content\/uploads\/2023\/12\/non_sticky_bonus_danmark.jpg","width":1200,"height":628,"caption":"non sticky bonus danmark"},{"@type":"BreadcrumbList","@id":"https:\/\/www.kasinobonus.ai\/dk\/non-sticky-bonus\/#breadcrumb","itemListElement":[{"@type":"ListItem","position":1,"name":"Home","item":"https:\/\/kasinobonus.ai\/dk\/"},{"@type":"ListItem","position":2,"name":"Non Sticky Bonus"}]},{"@type":"WebSite","@id":"https:\/\/www.kasinobonus.ai\/dk\/#website","url":"https:\/\/www.kasinobonus.ai\/dk\/","name":"www.kasinobonus.ai","description":"","publisher":{"@id":"https:\/\/www.kasinobonus.ai\/dk\/#organization"},"potentialAction":[{"@type":"SearchAction","target":{"@type":"EntryPoint","urlTemplate":"https:\/\/www.kasinobonus.ai\/dk\/?s={search_term_string}"},"query-input":{"@type":"PropertyValueSpecification","valueRequired":true,"valueName":"search_term_string"}}],"inLanguage":"da"},{"@type":"Organization","@id":"https:\/\/www.kasinobonus.ai\/dk\/#organization","name":"KasinoBonus","alternateName":"KasinoBonusAI","url":"https:\/\/www.kasinobonus.ai\/dk\/","logo":{"@type":"ImageObject","inLanguage":"da","@id":"https:\/\/www.kasinobonus.ai\/dk\/#\/schema\/logo\/image\/","url":"https:\/\/www.kasinobonus.ai\/wp-content\/uploads\/2023\/09\/kasinobonus-logo-light.png","contentUrl":"https:\/\/www.kasinobonus.ai\/wp-content\/uploads\/2023\/09\/kasinobonus-logo-light.png","width":3200,"height":596,"caption":"KasinoBonus"},"image":{"@id":"https:\/\/www.kasinobonus.ai\/dk\/#\/schema\/logo\/image\/"},"sameAs":["https:\/\/www.facebook.com\/kasinobonusio\/","https:\/\/x.com\/Kasinobonus_io","https:\/\/www.linkedin.com\/in\/matti-slotte-26612033b","http:\/\/kasinobonus.wikidot.com\/system:welcome","https:\/\/www.trustpilot.com\/review\/www.kasinobonus.ai","https:\/\/orcid.org\/0009-0007-2889-1713","https:\/\/en.everybodywiki.com\/Matti_Slotte","https:\/\/www.immuniweb.com\/ssl\/kasinobonus.ai\/M4lqCqYY\/"]}]}},"_links":{"self":[{"href":"https:\/\/www.kasinobonus.ai\/dk\/wp-json\/wp\/v2\/pages\/8758","targetHints":{"allow":["GET"]}}],"collection":[{"href":"https:\/\/www.kasinobonus.ai\/dk\/wp-json\/wp\/v2\/pages"}],"about":[{"href":"https:\/\/www.kasinobonus.ai\/dk\/wp-json\/wp\/v2\/types\/page"}],"author":[{"embeddable":true,"href":"https:\/\/www.kasinobonus.ai\/dk\/wp-json\/wp\/v2\/users\/1"}],"replies":[{"embeddable":true,"href":"https:\/\/www.kasinobonus.ai\/dk\/wp-json\/wp\/v2\/comments?post=8758"}],"version-history":[{"count":5,"href":"https:\/\/www.kasinobonus.ai\/dk\/wp-json\/wp\/v2\/pages\/8758\/revisions"}],"predecessor-version":[{"id":32150,"href":"https:\/\/www.kasinobonus.ai\/dk\/wp-json\/wp\/v2\/pages\/8758\/revisions\/32150"}],"wp:featuredmedia":[{"embeddable":true,"href":"https:\/\/www.kasinobonus.ai\/dk\/wp-json\/wp\/v2\/media\/10559"}],"wp:attachment":[{"href":"https:\/\/www.kasinobonus.ai\/dk\/wp-json\/wp\/v2\/media?parent=8758"}],"curies":[{"name":"wp","href":"https:\/\/api.w.org\/{rel}","templated":true}]}}