{"id":34489,"date":"2025-07-25T11:49:05","date_gmt":"2025-07-25T11:49:05","guid":{"rendered":"https:\/\/www.kasinobonus.ai\/tietoja-jean-pierre-lemoine-kasinon-tarkastaja\/"},"modified":"2025-07-26T12:23:33","modified_gmt":"2025-07-26T12:23:33","slug":"tietoja-jean-pierre-lemoine-kasinon-tarkastaja","status":"publish","type":"page","link":"https:\/\/www.kasinobonus.ai\/dk\/tietoja-jean-pierre-lemoine-kasinon-tarkastaja\/","title":{"rendered":"Tietoja Jean-Pierre Lemoine &#8211; Kasinon tarkastaja"},"content":{"rendered":"\n<h1 class=\"wp-block-heading\">Tietoja Jean-Pierre Lemoine &#8211; Kasinon tarkastaja<\/h1>\n\n<div class=\"wp-block-media-text is-stacked-on-mobile\"><figure class=\"wp-block-media-text__media\"><img decoding=\"async\" width=\"1024\" height=\"576\" src=\"https:\/\/www.kasinobonus.ai\/wp-content\/uploads\/2025\/07\/Jean-Pierre-Lemoine-1024x576.png\" alt=\"Jean Pierre Lemoine\" class=\"wp-image-34320 size-full\" srcset=\"https:\/\/www.kasinobonus.ai\/wp-content\/uploads\/2025\/07\/Jean-Pierre-Lemoine-1024x576.png 1024w, https:\/\/www.kasinobonus.ai\/wp-content\/uploads\/2025\/07\/Jean-Pierre-Lemoine-300x169.png 300w, https:\/\/www.kasinobonus.ai\/wp-content\/uploads\/2025\/07\/Jean-Pierre-Lemoine-768x432.png 768w, https:\/\/www.kasinobonus.ai\/wp-content\/uploads\/2025\/07\/Jean-Pierre-Lemoine-1536x864.png 1536w, https:\/\/www.kasinobonus.ai\/wp-content\/uploads\/2025\/07\/Jean-Pierre-Lemoine-110x62.png 110w, https:\/\/www.kasinobonus.ai\/wp-content\/uploads\/2025\/07\/Jean-Pierre-Lemoine-1180x664.png 1180w, https:\/\/www.kasinobonus.ai\/wp-content\/uploads\/2025\/07\/Jean-Pierre-Lemoine-575x324.png 575w, https:\/\/www.kasinobonus.ai\/wp-content\/uploads\/2025\/07\/Jean-Pierre-Lemoine.png 1820w\" sizes=\"(max-width: 1024px) 100vw, 1024px\" \/><\/figure><div class=\"wp-block-media-text__content\">\n<p>Jean-Pierre Lemoine, syntynyt 5. joulukuuta 1985 Montrealissa, on kanadalainen kasinoasiantuntija, joka on opiskellut tietotekniikkaa <a href=\"https:\/\/www.mcgill.ca\/\">McGillin yliopistossa<\/a>. H\u00e4n aloitti uransa Espacejeux&#8217;ssa vuonna 2018, jossa h\u00e4n sai k\u00e4yt\u00e4nn\u00f6n kokemusta s\u00e4\u00e4nnellyist\u00e4 rahapelialustoista ja kehitti syv\u00e4llist\u00e4 ymm\u00e4rryst\u00e4 reiluusalgoritmeista ja vastuullisista pelik\u00e4yt\u00e4nn\u00f6ist\u00e4.<br\/><br\/><\/p>\n<\/div><\/div>\n\n<p>Nyky\u00e4\u00e4n Jean-Pierre keskittyy nettikasinoiden tarkistamiseen ja faktatarkistukseen varmistaen avoimuuden ja tarkkuuden pelaajille maailmanlaajuisesti. H\u00e4n tekee usein yhteisty\u00f6t\u00e4 suomalaisen rahapelianalyytikon Matti Slotten kanssa, ja yhdist\u00e4\u00e4 teknisen asiantuntemuksen ja pelaajakeskeisen n\u00e4k\u00f6kulman tuottaakseen luotettavia arvioita bonuksista, sivuston turvallisuudesta ja RNG:n reiluudesta.<br\/><\/p>\n\n<h2 class=\"wp-block-heading\">Jean-Pierren urapolku<\/h2>\n\n<figure class=\"wp-block-table\"><table class=\"has-fixed-layout\"><thead><tr><th class=\"has-text-align-left\" data-align=\"left\">Vuosi<\/th><th class=\"has-text-align-left\" data-align=\"left\">Uraetappi<\/th><\/tr><\/thead><tbody><tr><td class=\"has-text-align-left\" data-align=\"left\">2007<\/td><td class=\"has-text-align-left\" data-align=\"left\">Valmistui McGill-yliopistosta kandidaatiksi tietojenk\u00e4sittelytieteess\u00e4<\/td><\/tr><tr><td class=\"has-text-align-left\" data-align=\"left\">2007-2009<\/td><td class=\"has-text-align-left\" data-align=\"left\">Ty\u00f6skenteli startupeissa, jotka kehittiv\u00e4t ohjelmistoja nettikasinoille<\/td><\/tr><tr><td class=\"has-text-align-left\" data-align=\"left\">2010<\/td><td class=\"has-text-align-left\" data-align=\"left\">Perusti pieni\u00e4 projekteja, joiden tavoitteena oli parantaa pelaajien p\u00e4\u00e4sy\u00e4 bonustarjouksiin<\/td><\/tr><tr><td class=\"has-text-align-left\" data-align=\"left\">2018<\/td><td class=\"has-text-align-left\" data-align=\"left\">Liittyi Espacejeuxiin &#8211; Loto-Qu\u00e9becin viralliseen nettikasinopalveluun<\/td><\/tr><tr><td class=\"has-text-align-left\" data-align=\"left\">2022<\/td><td class=\"has-text-align-left\" data-align=\"left\">Aloitti yhteisty\u00f6n suomalaisen rahapeliasiantuntijan Matti Slotten kanssa<\/td><\/tr><tr><td class=\"has-text-align-left\" data-align=\"left\">2023<\/td><td class=\"has-text-align-left\" data-align=\"left\">Osallistui bonusten tarkistusty\u00f6kalujen kehitt\u00e4miseen<\/td><\/tr><tr><td class=\"has-text-align-left\" data-align=\"left\">2024<\/td><td class=\"has-text-align-left\" data-align=\"left\">Perusti ToursGratuits-alustan, joka keskittyy kanadalaisiin talletusvapaisiin ilmaiskierroksiin<\/td><\/tr><tr><td class=\"has-text-align-left\" data-align=\"left\">2024<\/td><td class=\"has-text-align-left\" data-align=\"left\">Liittyi KasinoBonus-tiimiin kasinotarkistajana ja faktantarkistajana<\/td><\/tr><\/tbody><\/table><\/figure>\n","protected":false},"excerpt":{"rendered":"<p>Tietoja Jean-Pierre Lemoine &#8211; Kasinon tarkastaja Jean-Pierre Lemoine, syntynyt 5. joulukuuta 1985 Montrealissa, on kanadalainen kasinoasiantuntija, joka on opiskellut tietotekniikkaa McGillin yliopistossa. H\u00e4n aloitti uransa Espacejeux&#8217;ssa vuonna 2018, jossa h\u00e4n sai k\u00e4yt\u00e4nn\u00f6n kokemusta s\u00e4\u00e4nnellyist\u00e4 rahapelialustoista ja kehitti syv\u00e4llist\u00e4 ymm\u00e4rryst\u00e4 reiluusalgoritmeista ja vastuullisista pelik\u00e4yt\u00e4nn\u00f6ist\u00e4. Nyky\u00e4\u00e4n Jean-Pierre keskittyy nettikasinoiden tarkistamiseen ja faktatarkistukseen varmistaen avoimuuden ja tarkkuuden pelaajille [&hellip;]<\/p>\n","protected":false},"author":1,"featured_media":0,"parent":0,"menu_order":0,"comment_status":"closed","ping_status":"closed","template":"page-clean.php","meta":{"inline_featured_image":false,"footnotes":""},"class_list":["post-34489","page","type-page","status-publish","hentry"],"yoast_head":"<!-- This site is optimized with the Yoast SEO plugin v24.5 - https:\/\/yoast.com\/wordpress\/plugins\/seo\/ -->\n<title>Tietoja Jean-Pierre Lemoine - Kasinon tarkastaja - www.kasinobonus.ai<\/title>\n<meta name=\"robots\" content=\"index, follow, max-snippet:-1, max-image-preview:large, max-video-preview:-1\" \/>\n<link rel=\"canonical\" href=\"https:\/\/www.kasinobonus.ai\/dk\/tietoja-jean-pierre-lemoine-kasinon-tarkastaja\/\" \/>\n<script type=\"application\/ld+json\" class=\"yoast-schema-graph\">{\"@context\":\"https:\/\/schema.org\",\"@graph\":[{\"@type\":\"WebPage\",\"@id\":\"https:\/\/www.kasinobonus.ai\/dk\/tietoja-jean-pierre-lemoine-kasinon-tarkastaja\/\",\"url\":\"https:\/\/www.kasinobonus.ai\/dk\/tietoja-jean-pierre-lemoine-kasinon-tarkastaja\/\",\"name\":\"Tietoja Jean-Pierre Lemoine - Kasinon tarkastaja - www.kasinobonus.ai\",\"isPartOf\":{\"@id\":\"https:\/\/www.kasinobonus.ai\/en\/#website\"},\"primaryImageOfPage\":{\"@id\":\"https:\/\/www.kasinobonus.ai\/dk\/tietoja-jean-pierre-lemoine-kasinon-tarkastaja\/#primaryimage\"},\"image\":{\"@id\":\"https:\/\/www.kasinobonus.ai\/dk\/tietoja-jean-pierre-lemoine-kasinon-tarkastaja\/#primaryimage\"},\"thumbnailUrl\":\"https:\/\/www.kasinobonus.ai\/wp-content\/uploads\/2025\/07\/Jean-Pierre-Lemoine-1024x576.png\",\"datePublished\":\"2025-07-25T11:49:05+00:00\",\"dateModified\":\"2025-07-26T12:23:33+00:00\",\"breadcrumb\":{\"@id\":\"https:\/\/www.kasinobonus.ai\/dk\/tietoja-jean-pierre-lemoine-kasinon-tarkastaja\/#breadcrumb\"},\"inLanguage\":\"da\",\"potentialAction\":[{\"@type\":\"ReadAction\",\"target\":[\"https:\/\/www.kasinobonus.ai\/dk\/tietoja-jean-pierre-lemoine-kasinon-tarkastaja\/\"]}]},{\"@type\":\"ImageObject\",\"inLanguage\":\"da\",\"@id\":\"https:\/\/www.kasinobonus.ai\/dk\/tietoja-jean-pierre-lemoine-kasinon-tarkastaja\/#primaryimage\",\"url\":\"https:\/\/www.kasinobonus.ai\/wp-content\/uploads\/2025\/07\/Jean-Pierre-Lemoine-1024x576.png\",\"contentUrl\":\"https:\/\/www.kasinobonus.ai\/wp-content\/uploads\/2025\/07\/Jean-Pierre-Lemoine-1024x576.png\"},{\"@type\":\"BreadcrumbList\",\"@id\":\"https:\/\/www.kasinobonus.ai\/dk\/tietoja-jean-pierre-lemoine-kasinon-tarkastaja\/#breadcrumb\",\"itemListElement\":[{\"@type\":\"ListItem\",\"position\":1,\"name\":\"Home\",\"item\":\"https:\/\/kasinobonus.ai\/dk\/\"},{\"@type\":\"ListItem\",\"position\":2,\"name\":\"Tietoja Jean-Pierre Lemoine &#8211; Kasinon tarkastaja\"}]},{\"@type\":\"WebSite\",\"@id\":\"https:\/\/www.kasinobonus.ai\/en\/#website\",\"url\":\"https:\/\/www.kasinobonus.ai\/en\/\",\"name\":\"www.kasinobonus.ai\",\"description\":\"\",\"publisher\":{\"@id\":\"https:\/\/www.kasinobonus.ai\/en\/#organization\"},\"potentialAction\":[{\"@type\":\"SearchAction\",\"target\":{\"@type\":\"EntryPoint\",\"urlTemplate\":\"https:\/\/www.kasinobonus.ai\/en\/?s={search_term_string}\"},\"query-input\":{\"@type\":\"PropertyValueSpecification\",\"valueRequired\":true,\"valueName\":\"search_term_string\"}}],\"inLanguage\":\"da\"},{\"@type\":\"Organization\",\"@id\":\"https:\/\/www.kasinobonus.ai\/en\/#organization\",\"name\":\"KasinoBonus\",\"alternateName\":\"KasinoBonusAI\",\"url\":\"https:\/\/www.kasinobonus.ai\/en\/\",\"logo\":{\"@type\":\"ImageObject\",\"inLanguage\":\"da\",\"@id\":\"https:\/\/www.kasinobonus.ai\/en\/#\/schema\/logo\/image\/\",\"url\":\"https:\/\/www.kasinobonus.ai\/wp-content\/uploads\/2023\/09\/kasinobonus-logo-light.png\",\"contentUrl\":\"https:\/\/www.kasinobonus.ai\/wp-content\/uploads\/2023\/09\/kasinobonus-logo-light.png\",\"width\":3200,\"height\":596,\"caption\":\"KasinoBonus\"},\"image\":{\"@id\":\"https:\/\/www.kasinobonus.ai\/en\/#\/schema\/logo\/image\/\"},\"sameAs\":[\"https:\/\/www.facebook.com\/kasinobonusio\/\",\"https:\/\/x.com\/Kasinobonus_io\",\"https:\/\/www.linkedin.com\/in\/matti-slotte-26612033b\",\"http:\/\/kasinobonus.wikidot.com\/system:welcome\",\"https:\/\/www.trustpilot.com\/review\/www.kasinobonus.ai\",\"https:\/\/orcid.org\/0009-0007-2889-1713\",\"https:\/\/en.everybodywiki.com\/Matti_Slotte\",\"https:\/\/www.immuniweb.com\/ssl\/kasinobonus.ai\/M4lqCqYY\/\"]}]}<\/script>\n<!-- \/ Yoast SEO plugin. -->","yoast_head_json":{"title":"Tietoja Jean-Pierre Lemoine - Kasinon tarkastaja - www.kasinobonus.ai","robots":{"index":"index","follow":"follow","max-snippet":"max-snippet:-1","max-image-preview":"max-image-preview:large","max-video-preview":"max-video-preview:-1"},"canonical":"https:\/\/www.kasinobonus.ai\/dk\/tietoja-jean-pierre-lemoine-kasinon-tarkastaja\/","schema":{"@context":"https:\/\/schema.org","@graph":[{"@type":"WebPage","@id":"https:\/\/www.kasinobonus.ai\/dk\/tietoja-jean-pierre-lemoine-kasinon-tarkastaja\/","url":"https:\/\/www.kasinobonus.ai\/dk\/tietoja-jean-pierre-lemoine-kasinon-tarkastaja\/","name":"Tietoja Jean-Pierre Lemoine - Kasinon tarkastaja - www.kasinobonus.ai","isPartOf":{"@id":"https:\/\/www.kasinobonus.ai\/en\/#website"},"primaryImageOfPage":{"@id":"https:\/\/www.kasinobonus.ai\/dk\/tietoja-jean-pierre-lemoine-kasinon-tarkastaja\/#primaryimage"},"image":{"@id":"https:\/\/www.kasinobonus.ai\/dk\/tietoja-jean-pierre-lemoine-kasinon-tarkastaja\/#primaryimage"},"thumbnailUrl":"https:\/\/www.kasinobonus.ai\/wp-content\/uploads\/2025\/07\/Jean-Pierre-Lemoine-1024x576.png","datePublished":"2025-07-25T11:49:05+00:00","dateModified":"2025-07-26T12:23:33+00:00","breadcrumb":{"@id":"https:\/\/www.kasinobonus.ai\/dk\/tietoja-jean-pierre-lemoine-kasinon-tarkastaja\/#breadcrumb"},"inLanguage":"da","potentialAction":[{"@type":"ReadAction","target":["https:\/\/www.kasinobonus.ai\/dk\/tietoja-jean-pierre-lemoine-kasinon-tarkastaja\/"]}]},{"@type":"ImageObject","inLanguage":"da","@id":"https:\/\/www.kasinobonus.ai\/dk\/tietoja-jean-pierre-lemoine-kasinon-tarkastaja\/#primaryimage","url":"https:\/\/www.kasinobonus.ai\/wp-content\/uploads\/2025\/07\/Jean-Pierre-Lemoine-1024x576.png","contentUrl":"https:\/\/www.kasinobonus.ai\/wp-content\/uploads\/2025\/07\/Jean-Pierre-Lemoine-1024x576.png"},{"@type":"BreadcrumbList","@id":"https:\/\/www.kasinobonus.ai\/dk\/tietoja-jean-pierre-lemoine-kasinon-tarkastaja\/#breadcrumb","itemListElement":[{"@type":"ListItem","position":1,"name":"Home","item":"https:\/\/kasinobonus.ai\/dk\/"},{"@type":"ListItem","position":2,"name":"Tietoja Jean-Pierre Lemoine &#8211; Kasinon tarkastaja"}]},{"@type":"WebSite","@id":"https:\/\/www.kasinobonus.ai\/en\/#website","url":"https:\/\/www.kasinobonus.ai\/en\/","name":"www.kasinobonus.ai","description":"","publisher":{"@id":"https:\/\/www.kasinobonus.ai\/en\/#organization"},"potentialAction":[{"@type":"SearchAction","target":{"@type":"EntryPoint","urlTemplate":"https:\/\/www.kasinobonus.ai\/en\/?s={search_term_string}"},"query-input":{"@type":"PropertyValueSpecification","valueRequired":true,"valueName":"search_term_string"}}],"inLanguage":"da"},{"@type":"Organization","@id":"https:\/\/www.kasinobonus.ai\/en\/#organization","name":"KasinoBonus","alternateName":"KasinoBonusAI","url":"https:\/\/www.kasinobonus.ai\/en\/","logo":{"@type":"ImageObject","inLanguage":"da","@id":"https:\/\/www.kasinobonus.ai\/en\/#\/schema\/logo\/image\/","url":"https:\/\/www.kasinobonus.ai\/wp-content\/uploads\/2023\/09\/kasinobonus-logo-light.png","contentUrl":"https:\/\/www.kasinobonus.ai\/wp-content\/uploads\/2023\/09\/kasinobonus-logo-light.png","width":3200,"height":596,"caption":"KasinoBonus"},"image":{"@id":"https:\/\/www.kasinobonus.ai\/en\/#\/schema\/logo\/image\/"},"sameAs":["https:\/\/www.facebook.com\/kasinobonusio\/","https:\/\/x.com\/Kasinobonus_io","https:\/\/www.linkedin.com\/in\/matti-slotte-26612033b","http:\/\/kasinobonus.wikidot.com\/system:welcome","https:\/\/www.trustpilot.com\/review\/www.kasinobonus.ai","https:\/\/orcid.org\/0009-0007-2889-1713","https:\/\/en.everybodywiki.com\/Matti_Slotte","https:\/\/www.immuniweb.com\/ssl\/kasinobonus.ai\/M4lqCqYY\/"]}]}},"_links":{"self":[{"href":"https:\/\/www.kasinobonus.ai\/dk\/wp-json\/wp\/v2\/pages\/34489","targetHints":{"allow":["GET"]}}],"collection":[{"href":"https:\/\/www.kasinobonus.ai\/dk\/wp-json\/wp\/v2\/pages"}],"about":[{"href":"https:\/\/www.kasinobonus.ai\/dk\/wp-json\/wp\/v2\/types\/page"}],"author":[{"embeddable":true,"href":"https:\/\/www.kasinobonus.ai\/dk\/wp-json\/wp\/v2\/users\/1"}],"replies":[{"embeddable":true,"href":"https:\/\/www.kasinobonus.ai\/dk\/wp-json\/wp\/v2\/comments?post=34489"}],"version-history":[{"count":1,"href":"https:\/\/www.kasinobonus.ai\/dk\/wp-json\/wp\/v2\/pages\/34489\/revisions"}],"predecessor-version":[{"id":34490,"href":"https:\/\/www.kasinobonus.ai\/dk\/wp-json\/wp\/v2\/pages\/34489\/revisions\/34490"}],"wp:attachment":[{"href":"https:\/\/www.kasinobonus.ai\/dk\/wp-json\/wp\/v2\/media?parent=34489"}],"curies":[{"name":"wp","href":"https:\/\/api.w.org\/{rel}","templated":true}]}}