{"id":21882,"date":"2024-11-25T07:35:04","date_gmt":"2024-11-25T07:35:04","guid":{"rendered":"https:\/\/kasinobonus.ai\/?page_id=21882"},"modified":"2025-07-26T09:02:21","modified_gmt":"2025-07-26T09:02:21","slug":"matti-slotte","status":"publish","type":"page","link":"https:\/\/www.kasinobonus.ai\/dk\/matti-slotte\/","title":{"rendered":"Matti Slotte: grundl\u00e6gger Kasinobonus"},"content":{"rendered":"\n<h1 class=\"wp-block-heading\">Matti Slotte: grundl\u00e6gger Kasinobonus<\/h1>\n\n\n\n<div class=\"wp-block-media-text is-stacked-on-mobile\" style=\"grid-template-columns:28% auto\"><figure class=\"wp-block-media-text__media\"><img decoding=\"async\" width=\"512\" height=\"512\" src=\"https:\/\/www.kasinobonus.ai\/wp-content\/uploads\/2024\/11\/matti-1.webp\" alt=\"\" class=\"wp-image-21317 size-full\" srcset=\"https:\/\/www.kasinobonus.ai\/wp-content\/uploads\/2024\/11\/matti-1.webp 512w, https:\/\/www.kasinobonus.ai\/wp-content\/uploads\/2024\/11\/matti-1-300x300.webp 300w, https:\/\/www.kasinobonus.ai\/wp-content\/uploads\/2024\/11\/matti-1-150x150.webp 150w, https:\/\/www.kasinobonus.ai\/wp-content\/uploads\/2024\/11\/matti-1-110x110.webp 110w\" sizes=\"(max-width: 512px) 100vw, 512px\" \/><\/figure><div class=\"wp-block-media-text__content\">\n<p>Matti Slotte er en online gambling-ekspert fra Kuopio og grundl\u00e6gger samt chefredakt\u00f8r for Kasinobonus. Med en IT-baggrund fra \u00c5bo Universitet (B.Sc. 2007) er han blevet en af de f\u00f8rende stemmer i den finske spillebranche, og han er kendt for sine objektive casinovurderinger, eksperttips og detaljerede guider.<\/p>\n\n\n\n<p><br>P\u00e5 denne side vil vi dele Mattis rejse med dig \u2013 og se p\u00e5, hvordan han er n\u00e5et dertil, hvor han er i dag.<\/p>\n<\/div><\/div>\n\n\n\n<h2 class=\"wp-block-heading\"><strong>Tidlige \u00e5r og uddannelse<\/strong><\/h2>\n\n\n\n<p>F\u00f8dt og opvokset i den smukke s\u00f8by Kuopio i det finske landskab voksede Matti Slotte op omgivet af s\u00f8er, skove og et t\u00e6t lokalsamfund.<br>Fra en tidlig alder var Matti fascineret af teknologi og af, hvordan den kunne forandre hverdagen.<\/p>\n\n\n\n<p><br>Denne passion f\u00f8rte ham til at tage en bachelor i informationsteknologi p\u00e5 \u00c5bo Universitet, hvor han dimitterede i 2007.<br>Det var under sin tid i \u00c5bo, at han begyndte at interessere sig for softwareudvikling og onlineplatforme \u2013 noget der senere skulle danne grundlaget for hans fremtid i iGaming-branchen.<\/p>\n\n\n\n<h2 class=\"wp-block-heading\"><a><\/a><strong>Opdagelsen af online gambling<\/strong><\/h2>\n\n\n\n<p>Efter sin eksamen vendte Matti tilbage til Kuopio, men l\u00e6ngtes efter mere sp\u00e6nding, end hjembyen kunne tilbyde.<br>Omtrent p\u00e5 dette tidspunkt eksploderede online gambling i popularitet, med spil som Mega Moolah og online poker, der fangede spillernes fantasi verden over.<br>Draget af den tempofyldte verden inden for digitalt gambling besluttede Matti sig for at kaste sig over branchen \u2013 f\u00f8rst som nysgerrig spiller, senere som innovat\u00f8r.<\/p>\n\n\n\n<h2 class=\"wp-block-heading\"><strong>Tidlig karriere: Fra udvikler til brancheekspert<\/strong><\/h2>\n\n\n\n<p>I 2008 blev Matti ansat som juniorudvikler hos et stort online casino, hvor han hurtigt imponerede kollegaerne med sine tekniske evner og sin innovative tilgang.<br>Han fordybede sig i backend-systemer, betalingsl\u00f8sninger og affiliate-strategier \u2013 alle vigtige elementer i det hurtigt udviklende iGaming-\u00f8kosystem.<br>Efter blot f\u00e5 \u00e5r rykkede Matti op som seniorudvikler og blev hurtigt en af de centrale figurer i arbejdet med at modernisere det finske online gambling-landskab.<\/p>\n\n\n\n<p>Samtidig blev Matti en vigtig stemme i det finske online gambling-milj\u00f8.<br>Han deltog i fora, delte tips til bonusjagt og guidede nye spillere gennem den til tider komplekse casinoverden.<br>Det var netop dette dobbelte perspektiv \u2013 b\u00e5de som udvikler og som spiller \u2013 der gav ham en s\u00e6rlig forst\u00e5else for, hvad de finske spillere \u00f8nskede: gennemsigtighed, retf\u00e6rdighed og sp\u00e6nding!<\/p>\n\n\n\n<h2 class=\"wp-block-heading\"><strong>Grundl\u00e6ggelsen af Kasinobonus<\/strong><\/h2>\n\n\n\n<p>I 2018, efter n\u00e6sten ti \u00e5r i branchen, f\u00f8lte Matti sig klar til at realisere sin vision.<br>Han grundlagde Kasinobonus \u2013 en platform dedikeret til at give finske spillere pr\u00e6cise, objektive anmeldelser af online casinoer samt eksperttips og strategier til at spille klogere.<br>Under hans ledelse blev siden hurtigt en af de mest trov\u00e6rdige kilder for finske spillere, der s\u00f8gte p\u00e5lidelig information, eksklusive bonusser og vejledning til at f\u00e5 mest muligt ud af deres spiloplevelse.<\/p>\n\n\n\n<p>Mattis mission er klar: at give spillerne den viden, de har brug for til at spille ansvarligt og med selvtillid.<br>Han gennemg\u00e5r personligt hver eneste anmeldelse, der bliver offentliggjort p\u00e5 Kasinobonus, for at sikre, at indholdet er n\u00f8jagtigt, opdateret og objektivt.<br>Han samarbejder ogs\u00e5 t\u00e6t med et team af dygtige skribenter og brancheeksperter for at bevare sidens ry som f\u00f8rende autoritet i den finske iGaming-verden.<\/p>\n\n\n\n<h2 class=\"wp-block-heading\"><a><\/a><strong>Mattis karriereforl\u00f8b<\/strong><\/h2>\n\n\n\n<figure class=\"wp-block-table\"><table class=\"has-fixed-layout\"><tbody><tr><td>\u00c5r<\/td><td>Milep\u00e6l<\/td><\/tr><tr><td>2007<\/td><td>F\u00e6rdiggjorde B.Sc. (IT), \u00c5bo Universitet<\/td><\/tr><tr><td>2008-2017<\/td><td>Junior \u2192 Senior Developer hos et meget kendt online casino<\/td><\/tr><tr><td>2010<\/td><td>Medstifter af Finnish Poker Forum<\/td><\/tr><tr><td>2013<\/td><td>Uformel certificering i iGaming Compliance, Contauga Institute<\/td><\/tr><tr><td>2015<\/td><td>Kursus i SEO &amp; affiliate marketing, Kuopio Online Academy<\/td><\/tr><tr><td>2018<\/td><td>Grundlagde www.kasinobonus.ai<\/td><\/tr><tr><td>2020<\/td><td>G\u00e6stetaler ved Finnish Gambling Summit<\/td><\/tr><tr><td>2022<\/td><td>Fremh\u00e6vet i Pelit.fi som ekspertkilde<\/td><\/tr><tr><td>2024<\/td><td>V\u00e6rt for webinaret \u201cSmart Casino Bonuses\u201d for Nordic iGaming<\/td><\/tr><\/tbody><\/table><\/figure>\n\n\n\n<h2 class=\"wp-block-heading\"><a><\/a><strong>Kvalifikationer &amp; Certificeringer<\/strong><\/h2>\n\n\n\n<p>Matti Slotte er ekspert i online gambling, online casinoer og poker.<\/p>\n\n\n\n<ul class=\"wp-block-list\">\n<li><strong>iGaming Compliance (informal)<\/strong> \u2013Contauga Institute, 2013 (certifikat)<\/li>\n\n\n\n<li><strong>SEO &amp; Affiliate Marketing<\/strong> \u2013 Kuopio Online Academy, 2015<\/li>\n\n\n\n<li><strong>Deltager regelm\u00e6ssigt <\/strong>i uformelle seminarer om emner som sikkerhed ved betalingsl\u00f8sninger, GDPR og ansvarligt spil<\/li>\n<\/ul>\n\n\n\n<h2 class=\"wp-block-heading\"><a><\/a><strong>Kontakt &amp; Find Matti<\/strong><\/h2>\n\n\n\n<p>LinkedIn: <a href=\"https:\/\/www.linkedin.com\/in\/matti%E2%80%91slotte\">Matti Slotte<\/a><\/p>\n\n\n\n<p>Twitter: <a href=\"https:\/\/x.com\/mattislotte\">https:\/\/x.com\/mattislotte<\/a><\/p>\n\n\n\n<h2 class=\"wp-block-heading\"><a><\/a><strong>Mine interviews i popul\u00e6re medier<\/strong><\/h2>\n\n\n\n<p>Interview i <a href=\"https:\/\/theedinburghreporter.co.uk\/2025\/04\/an-exclusive-interview-with-matti-slottethe-future-of-online-gambling-through-an-experts-eyes\/\">Edinburgh Reporter<\/a>: Fremtiden for online gambling set med en eksperts \u00f8jne<\/p>\n\n\n\n<p>Interview i <a href=\"https:\/\/europeangaming.eu\/portal\/latest-news\/2024\/12\/10\/172658\/interview-with-finnish-gambling-expert-matti-slotte-talks-about-upcoming-2026-gambling-regulation\/\">European Gaming<\/a>: Finsk spilleekspert Matti Slotte om den kommende spillelov i 2026<\/p>\n\n\n\n<p>Interview i <a href=\"https:\/\/www.thehendonmob.com\/gambling-writer-matti-slotte-interview-how-a-finnish-it-expert-transformed-the-online-casino-market\/\">HendonMOB<\/a>: Hvordan en finsk IT-ekspert forvandlede online casinobranchen Interview i The Guardian<\/p>\n\n\n\n<p>Interview i <a href=\"https:\/\/guardian.ng\/news\/finnish-writer-matti-slotte-interview\/\">The Guardian<\/a><\/p>\n\n\n\n<p>Interview i <a href=\"https:\/\/www.roger.com\/articles\/bonuses\/matti-slotte-kasino-bonus-review\/\">Roger.com<\/a>: Om \u00e6rlighed og gennemsigtighed i spillebranchen<\/p>\n\n\n\n<p>Interview i <a href=\"https:\/\/www.psu.com\/news\/casino-writer-matti-slotte-exclusive-interview-the-future-of-gambling-in-finland\/\">PlayStation Universe<\/a>: Fremtiden for gambling i Finland<\/p>\n\n\n\n<script type=\"application\/ld+json\">\n{\n\n\t\"@context\": \"http:\/\/schema.org\",\n\n\t\"@type\": \"Person\",\n\n\t\"familyName\": \"Slotte\",\n\n\t\"givenName\": \"Matti\",\n\n\t\"worksFor\": \"https:\/\/www.kasinobonus.ai\/\",\n\n\t\"jobTitle\": \"Gambling expert, Owner of KasinobonusIO\",\n\n\t\"alumniOf\": \"University of Turku\",\n\n\t\"image\": \"https:\/\/www.kasinobonus.ai\/wp-content\/uploads\/2024\/11\/matti-1.webp\",\n\n\t\"gender\": \"Male\",\n\n\t\"sameAs\": [\"https:\/\/x.com\/mattislotte\",\"https:\/\/www.linkedin.com\/in\/matti-slotte-26612033b\/\",\"https:\/\/en.everybodywiki.com\/Matti_Slotte\",\"https:\/\/muckrack.com\/matti-slotte\",\"https:\/\/mattislotte.com\" ]\n\n}\n<\/script>\n","protected":false},"excerpt":{"rendered":"<p>Matti Slotte: grundl\u00e6gger Kasinobonus Matti Slotte er en online gambling-ekspert fra Kuopio og grundl\u00e6gger samt chefredakt\u00f8r for Kasinobonus. Med en IT-baggrund fra \u00c5bo Universitet (B.Sc. 2007) er han blevet en af de f\u00f8rende stemmer i den finske spillebranche, og han er kendt for sine objektive casinovurderinger, eksperttips og detaljerede guider. P\u00e5 denne side vil vi [&hellip;]<\/p>\n","protected":false},"author":1,"featured_media":0,"parent":0,"menu_order":0,"comment_status":"closed","ping_status":"closed","template":"","meta":{"inline_featured_image":false,"footnotes":""},"class_list":["post-21882","page","type-page","status-publish","hentry"],"yoast_head":"<!-- This site is optimized with the Yoast SEO plugin v24.5 - https:\/\/yoast.com\/wordpress\/plugins\/seo\/ -->\n<title>Matti Slotte: grundl\u00e6gger Kasinobonus - www.kasinobonus.ai<\/title>\n<meta name=\"description\" content=\"M\u00f8d Matti Slotte \u2013 vores casinoekspert, der deler \u00e6rlige anmeldelser, nyttige tips og personlige erfaringer med danske spillere.\" \/>\n<meta name=\"robots\" content=\"index, follow, max-snippet:-1, max-image-preview:large, max-video-preview:-1\" \/>\n<link rel=\"canonical\" href=\"https:\/\/www.kasinobonus.ai\/dk\/matti-slotte\/\" \/>\n<script type=\"application\/ld+json\" class=\"yoast-schema-graph\">{\"@context\":\"https:\/\/schema.org\",\"@graph\":[{\"@type\":\"WebPage\",\"@id\":\"https:\/\/www.kasinobonus.ai\/dk\/matti-slotte\/\",\"url\":\"https:\/\/www.kasinobonus.ai\/dk\/matti-slotte\/\",\"name\":\"Matti Slotte: grundl\u00e6gger Kasinobonus - www.kasinobonus.ai\",\"isPartOf\":{\"@id\":\"https:\/\/www.kasinobonus.ai\/dk\/#website\"},\"primaryImageOfPage\":{\"@id\":\"https:\/\/www.kasinobonus.ai\/dk\/matti-slotte\/#primaryimage\"},\"image\":{\"@id\":\"https:\/\/www.kasinobonus.ai\/dk\/matti-slotte\/#primaryimage\"},\"thumbnailUrl\":\"https:\/\/www.kasinobonus.ai\/wp-content\/uploads\/2024\/11\/matti-1.webp\",\"datePublished\":\"2024-11-25T07:35:04+00:00\",\"dateModified\":\"2025-07-26T09:02:21+00:00\",\"description\":\"M\u00f8d Matti Slotte \u2013 vores casinoekspert, der deler \u00e6rlige anmeldelser, nyttige tips og personlige erfaringer med danske spillere.\",\"breadcrumb\":{\"@id\":\"https:\/\/www.kasinobonus.ai\/dk\/matti-slotte\/#breadcrumb\"},\"inLanguage\":\"da\",\"potentialAction\":[{\"@type\":\"ReadAction\",\"target\":[\"https:\/\/www.kasinobonus.ai\/dk\/matti-slotte\/\"]}]},{\"@type\":\"ImageObject\",\"inLanguage\":\"da\",\"@id\":\"https:\/\/www.kasinobonus.ai\/dk\/matti-slotte\/#primaryimage\",\"url\":\"https:\/\/www.kasinobonus.ai\/wp-content\/uploads\/2024\/11\/matti-1.webp\",\"contentUrl\":\"https:\/\/www.kasinobonus.ai\/wp-content\/uploads\/2024\/11\/matti-1.webp\"},{\"@type\":\"BreadcrumbList\",\"@id\":\"https:\/\/www.kasinobonus.ai\/dk\/matti-slotte\/#breadcrumb\",\"itemListElement\":[{\"@type\":\"ListItem\",\"position\":1,\"name\":\"Home\",\"item\":\"https:\/\/kasinobonus.ai\/dk\/\"},{\"@type\":\"ListItem\",\"position\":2,\"name\":\"Matti Slotte: grundl\u00e6gger Kasinobonus\"}]},{\"@type\":\"WebSite\",\"@id\":\"https:\/\/www.kasinobonus.ai\/dk\/#website\",\"url\":\"https:\/\/www.kasinobonus.ai\/dk\/\",\"name\":\"www.kasinobonus.ai\",\"description\":\"\",\"publisher\":{\"@id\":\"https:\/\/www.kasinobonus.ai\/dk\/#organization\"},\"potentialAction\":[{\"@type\":\"SearchAction\",\"target\":{\"@type\":\"EntryPoint\",\"urlTemplate\":\"https:\/\/www.kasinobonus.ai\/dk\/?s={search_term_string}\"},\"query-input\":{\"@type\":\"PropertyValueSpecification\",\"valueRequired\":true,\"valueName\":\"search_term_string\"}}],\"inLanguage\":\"da\"},{\"@type\":\"Organization\",\"@id\":\"https:\/\/www.kasinobonus.ai\/dk\/#organization\",\"name\":\"KasinoBonus\",\"alternateName\":\"KasinoBonusAI\",\"url\":\"https:\/\/www.kasinobonus.ai\/dk\/\",\"logo\":{\"@type\":\"ImageObject\",\"inLanguage\":\"da\",\"@id\":\"https:\/\/www.kasinobonus.ai\/dk\/#\/schema\/logo\/image\/\",\"url\":\"https:\/\/www.kasinobonus.ai\/wp-content\/uploads\/2023\/09\/kasinobonus-logo-light.png\",\"contentUrl\":\"https:\/\/www.kasinobonus.ai\/wp-content\/uploads\/2023\/09\/kasinobonus-logo-light.png\",\"width\":3200,\"height\":596,\"caption\":\"KasinoBonus\"},\"image\":{\"@id\":\"https:\/\/www.kasinobonus.ai\/dk\/#\/schema\/logo\/image\/\"},\"sameAs\":[\"https:\/\/www.facebook.com\/kasinobonusio\/\",\"https:\/\/x.com\/Kasinobonus_io\",\"https:\/\/www.linkedin.com\/in\/matti-slotte-26612033b\",\"http:\/\/kasinobonus.wikidot.com\/system:welcome\",\"https:\/\/www.trustpilot.com\/review\/www.kasinobonus.ai\",\"https:\/\/orcid.org\/0009-0007-2889-1713\",\"https:\/\/en.everybodywiki.com\/Matti_Slotte\",\"https:\/\/www.immuniweb.com\/ssl\/kasinobonus.ai\/M4lqCqYY\/\"]}]}<\/script>\n<!-- \/ Yoast SEO plugin. -->","yoast_head_json":{"title":"Matti Slotte: grundl\u00e6gger Kasinobonus - www.kasinobonus.ai","description":"M\u00f8d Matti Slotte \u2013 vores casinoekspert, der deler \u00e6rlige anmeldelser, nyttige tips og personlige erfaringer med danske spillere.","robots":{"index":"index","follow":"follow","max-snippet":"max-snippet:-1","max-image-preview":"max-image-preview:large","max-video-preview":"max-video-preview:-1"},"canonical":"https:\/\/www.kasinobonus.ai\/dk\/matti-slotte\/","schema":{"@context":"https:\/\/schema.org","@graph":[{"@type":"WebPage","@id":"https:\/\/www.kasinobonus.ai\/dk\/matti-slotte\/","url":"https:\/\/www.kasinobonus.ai\/dk\/matti-slotte\/","name":"Matti Slotte: grundl\u00e6gger Kasinobonus - www.kasinobonus.ai","isPartOf":{"@id":"https:\/\/www.kasinobonus.ai\/dk\/#website"},"primaryImageOfPage":{"@id":"https:\/\/www.kasinobonus.ai\/dk\/matti-slotte\/#primaryimage"},"image":{"@id":"https:\/\/www.kasinobonus.ai\/dk\/matti-slotte\/#primaryimage"},"thumbnailUrl":"https:\/\/www.kasinobonus.ai\/wp-content\/uploads\/2024\/11\/matti-1.webp","datePublished":"2024-11-25T07:35:04+00:00","dateModified":"2025-07-26T09:02:21+00:00","description":"M\u00f8d Matti Slotte \u2013 vores casinoekspert, der deler \u00e6rlige anmeldelser, nyttige tips og personlige erfaringer med danske spillere.","breadcrumb":{"@id":"https:\/\/www.kasinobonus.ai\/dk\/matti-slotte\/#breadcrumb"},"inLanguage":"da","potentialAction":[{"@type":"ReadAction","target":["https:\/\/www.kasinobonus.ai\/dk\/matti-slotte\/"]}]},{"@type":"ImageObject","inLanguage":"da","@id":"https:\/\/www.kasinobonus.ai\/dk\/matti-slotte\/#primaryimage","url":"https:\/\/www.kasinobonus.ai\/wp-content\/uploads\/2024\/11\/matti-1.webp","contentUrl":"https:\/\/www.kasinobonus.ai\/wp-content\/uploads\/2024\/11\/matti-1.webp"},{"@type":"BreadcrumbList","@id":"https:\/\/www.kasinobonus.ai\/dk\/matti-slotte\/#breadcrumb","itemListElement":[{"@type":"ListItem","position":1,"name":"Home","item":"https:\/\/kasinobonus.ai\/dk\/"},{"@type":"ListItem","position":2,"name":"Matti Slotte: grundl\u00e6gger Kasinobonus"}]},{"@type":"WebSite","@id":"https:\/\/www.kasinobonus.ai\/dk\/#website","url":"https:\/\/www.kasinobonus.ai\/dk\/","name":"www.kasinobonus.ai","description":"","publisher":{"@id":"https:\/\/www.kasinobonus.ai\/dk\/#organization"},"potentialAction":[{"@type":"SearchAction","target":{"@type":"EntryPoint","urlTemplate":"https:\/\/www.kasinobonus.ai\/dk\/?s={search_term_string}"},"query-input":{"@type":"PropertyValueSpecification","valueRequired":true,"valueName":"search_term_string"}}],"inLanguage":"da"},{"@type":"Organization","@id":"https:\/\/www.kasinobonus.ai\/dk\/#organization","name":"KasinoBonus","alternateName":"KasinoBonusAI","url":"https:\/\/www.kasinobonus.ai\/dk\/","logo":{"@type":"ImageObject","inLanguage":"da","@id":"https:\/\/www.kasinobonus.ai\/dk\/#\/schema\/logo\/image\/","url":"https:\/\/www.kasinobonus.ai\/wp-content\/uploads\/2023\/09\/kasinobonus-logo-light.png","contentUrl":"https:\/\/www.kasinobonus.ai\/wp-content\/uploads\/2023\/09\/kasinobonus-logo-light.png","width":3200,"height":596,"caption":"KasinoBonus"},"image":{"@id":"https:\/\/www.kasinobonus.ai\/dk\/#\/schema\/logo\/image\/"},"sameAs":["https:\/\/www.facebook.com\/kasinobonusio\/","https:\/\/x.com\/Kasinobonus_io","https:\/\/www.linkedin.com\/in\/matti-slotte-26612033b","http:\/\/kasinobonus.wikidot.com\/system:welcome","https:\/\/www.trustpilot.com\/review\/www.kasinobonus.ai","https:\/\/orcid.org\/0009-0007-2889-1713","https:\/\/en.everybodywiki.com\/Matti_Slotte","https:\/\/www.immuniweb.com\/ssl\/kasinobonus.ai\/M4lqCqYY\/"]}]}},"_links":{"self":[{"href":"https:\/\/www.kasinobonus.ai\/dk\/wp-json\/wp\/v2\/pages\/21882","targetHints":{"allow":["GET"]}}],"collection":[{"href":"https:\/\/www.kasinobonus.ai\/dk\/wp-json\/wp\/v2\/pages"}],"about":[{"href":"https:\/\/www.kasinobonus.ai\/dk\/wp-json\/wp\/v2\/types\/page"}],"author":[{"embeddable":true,"href":"https:\/\/www.kasinobonus.ai\/dk\/wp-json\/wp\/v2\/users\/1"}],"replies":[{"embeddable":true,"href":"https:\/\/www.kasinobonus.ai\/dk\/wp-json\/wp\/v2\/comments?post=21882"}],"version-history":[{"count":4,"href":"https:\/\/www.kasinobonus.ai\/dk\/wp-json\/wp\/v2\/pages\/21882\/revisions"}],"predecessor-version":[{"id":34449,"href":"https:\/\/www.kasinobonus.ai\/dk\/wp-json\/wp\/v2\/pages\/21882\/revisions\/34449"}],"wp:attachment":[{"href":"https:\/\/www.kasinobonus.ai\/dk\/wp-json\/wp\/v2\/media?parent=21882"}],"curies":[{"name":"wp","href":"https:\/\/api.w.org\/{rel}","templated":true}]}}